{"id":9992,"date":"2025-10-17T00:02:32","date_gmt":"2025-10-16T22:02:32","guid":{"rendered":"https:\/\/wild-palms.com\/?page_id=9992"},"modified":"2026-04-28T01:45:25","modified_gmt":"2026-04-27T23:45:25","slug":"rachel-libeskind-what-is-a-flag","status":"publish","type":"page","link":"https:\/\/wild-palms.com\/es\/rachel-libeskind-what-is-a-flag\/","title":{"rendered":"Rachel Libeskind: What is a Flag?"},"content":{"rendered":"\n<div class=\"wp-block-group alignwide wp-exhibition\"><div class=\"wp-block-group__inner-container is-layout-constrained wp-block-group-is-layout-constrained\">\n\n<!-- 1. T\u00cdTULO -->\n\n<div class=\"wp-block-group wp-exhibition-title\"><div class=\"wp-block-group__inner-container is-layout-constrained wp-block-group-is-layout-constrained\">\n\n<h1 class=\"wp-block-heading\">RACHEL LIBESKIND: WHAT IS A FLAG?<\/h1>\n\n\n\n<p>Exposici\u00f3n individual de <a href=\"https:\/\/wild-palms.com\/rachel-libeskind\/\">Rachel Libeskind<\/a><br>\n23 de octubre \u2013 30 de noviembre, 2025<br>\nInauguraci\u00f3n: 23 de octubre, 2025, 18:00<\/p>\n\n<\/div><\/div>\n\n\n\n<!-- 2. IMAGEN + TEXTO -->\n\n<div class=\"wp-block-media-text is-stacked-on-mobile wp-exhibition-image-text\" style=\"grid-template-columns:38% auto\">\n<figure class=\"wp-block-media-text__media\">\n<img decoding=\"async\" src=\"https:\/\/wild-palms.com\/wp-content\/uploads\/2026\/04\/Rachel_Libeskind_What_is_A_Flag-876x1024.webp\" alt=\"Rachel Libeskind What is a Flag exposici\u00f3n wildpalms\"\/>\n<\/figure>\n\n<div class=\"wp-block-media-text__content\">\n<p>En su nueva exposici\u00f3n en wildpalms, Rachel Libeskind presenta dos obras principales que exploran c\u00f3mo las im\u00e1genes moldean nuestra percepci\u00f3n de la historia y la identidad.<\/p>\n<\/div>\n<\/div>\n\n\n\n<!-- 3. TEXTO EXPANDIBLE -->\n\n<div class=\"wp-exhibition-text\">\n  <p><em>What is a Flag?<\/em> e <em>In The Beginning and the End<\/em> contin\u00faan su investigaci\u00f3n sobre la circulaci\u00f3n de los s\u00edmbolos y la construcci\u00f3n de la memoria colectiva.<\/p>\n\n  <details class=\"wp-exhibition-see-more\">\n    <summary>Ver m\u00e1s<\/summary>\n    <div>\n\n      <p>En <em>In The Beginning and the End<\/em> (2024), Libeskind construye un collage de video r\u00edtmico a partir de im\u00e1genes comerciales de las Torres Gemelas, abarcando desde su inauguraci\u00f3n en 1973 hasta su ca\u00edda en 2001.<\/p>\n\n      <p>Los anuncios y materiales promocionales \u2014antiguos emblemas del progreso moderno\u2014 reaparecen como aliteraciones visuales, formando un ritmo hipn\u00f3tico entre la memoria y la p\u00e9rdida.<\/p>\n\n      <p>A trav\u00e9s de esta cadencia visual, Libeskind conecta su biograf\u00eda con la experiencia colectiva de una naci\u00f3n que pasa del optimismo a una era de guerra y miedo.<\/p>\n\n      <p>Su nueva serie <em>What is a Flag?<\/em> (2025) marca una evoluci\u00f3n decisiva en su pr\u00e1ctica. Inspiradas en una publicaci\u00f3n alemana de 1934, estas obras reducen la bandera a contornos esenciales que conservan su carga hist\u00f3rica mientras se vuelven abstractos.<\/p>\n\n      <p>Ambos cuerpos de obra trazan la transformaci\u00f3n del collage \u2014del montaje temporal a la construcci\u00f3n espacial\u2014 y revelan una nueva gram\u00e1tica visual.<\/p>\n\n    <\/div>\n  <\/details>\n<\/div>\n\n\n\n<!-- 4. OBRAS -->\n\n<div class=\"wp-exhibition-works\">\n  <h2>Obras<\/h2>\n\n  <div class=\"wp-exhibition-works-grid\">\n\n    <a class=\"wp-exhibition-work\" href=\"https:\/\/wildpalmsamericana.com\/rachel-libeskind\/p\/flag-65\" target=\"_blank\" rel=\"noopener\">\n      <img decoding=\"async\" src=\"https:\/\/images.squarespace-cdn.com\/content\/v1\/56f453b6ecb928e691cea5ad\/82dc2672-de6c-4224-af94-b1de1017e6a3\/Liberia_Presidential_Flag.jpg?format=750w\"\/>\n      <div>\n        <strong>Flag 65<\/strong><br>\n        Rachel Libeskind<br>\n        2025 \u00b7 Serigraf\u00eda sobre lienzo \u00b7 105 \u00d7 90 cm\n      <\/div>\n    <\/a>\n\n    <a class=\"wp-exhibition-work\" href=\"https:\/\/wildpalmsamericana.com\/rachel-libeskind\/p\/flag-58\" target=\"_blank\" rel=\"noopener\">\n      <img decoding=\"async\" src=\"https:\/\/images.squarespace-cdn.com\/content\/v1\/56f453b6ecb928e691cea5ad\/c36abc99-af50-4457-a06d-6986d2e4499b\/Afghanistan_National_Flag.jpg?format=750w\"\/>\n      <div>\n        <strong>Flag 58<\/strong><br>\n        Rachel Libeskind<br>\n        2025 \u00b7 Serigraf\u00eda sobre lienzo \u00b7 105 \u00d7 90 cm\n      <\/div>\n    <\/a>\n\n    <a class=\"wp-exhibition-work\" href=\"https:\/\/wildpalmsamericana.com\/rachel-libeskind\/p\/flag-31-french\" target=\"_blank\" rel=\"noopener\">\n      <img decoding=\"async\" src=\"https:\/\/images.squarespace-cdn.com\/content\/v1\/56f453b6ecb928e691cea5ad\/f8cbed0f-730e-44e7-b711-f8673cf8aba6\/%28Annam_French+Protectorate%29_Flag.jpg?format=750w\"\/>\n      <div>\n        <strong>Flag 31 F<\/strong><br>\n        Rachel Libeskind<br>\n        2025 \u00b7 Serigraf\u00eda sobre lienzo \u00b7 105 \u00d7 90 cm\n      <\/div>\n    <\/a>\n\n    <a class=\"wp-exhibition-work\" href=\"https:\/\/wildpalmsamericana.com\/rachel-libeskind\/p\/flag-31\" target=\"_blank\" rel=\"noopener\">\n      <img decoding=\"async\" src=\"https:\/\/images.squarespace-cdn.com\/content\/v1\/56f453b6ecb928e691cea5ad\/965fbca0-6f7b-43ea-899c-6312b15a19f2\/Flag+31_Malaysian+states_+state_Flag.jpeg?format=750w\"\/>\n      <div>\n        <strong>Flag 31<\/strong><br>\n        Rachel Libeskind<br>\n        2025 \u00b7 Serigraf\u00eda sobre lienzo \u00b7 105 \u00d7 90 cm\n      <\/div>\n    <\/a>\n\n  <\/div>\n<\/div>\n\n\n\n<!-- 5. VISTAS DE LA EXPOSICI\u00d3N -->\n\n<div class=\"wp-block-group alignwide wp-exhibition-photos\"><div class=\"wp-block-group__inner-container is-layout-flow wp-block-group-is-layout-flow\">\n\n<h2>Vistas de la exposici\u00f3n<\/h2>\n\n<figure class=\"wp-block-image alignwide\">\n<img decoding=\"async\" src=\"https:\/\/wild-palms.com\/wp-content\/uploads\/2026\/04\/Rachel_Libeskind_Flag_wildpalms_12.webp\"\/>\n<\/figure>\n\n<figure class=\"wp-block-image alignwide\">\n<img decoding=\"async\" src=\"https:\/\/wild-palms.com\/wp-content\/uploads\/2026\/04\/Rachel_Libeskind_Flag_wildpalms_1-1.webp\"\/>\n<\/figure>\n\n<figure class=\"wp-block-image alignwide\">\n<img decoding=\"async\" src=\"https:\/\/wild-palms.com\/wp-content\/uploads\/2026\/04\/Rachel_Libeskind_Flag_wildpalms_7.webp\"\/>\n<\/figure>\n\n<figure class=\"wp-block-image alignwide\">\n<img decoding=\"async\" src=\"https:\/\/wild-palms.com\/wp-content\/uploads\/2026\/04\/Rachel_Libeskind_Flag_wildpalms_3-scaled.webp\"\/>\n<\/figure>\n\n<figure class=\"wp-block-image alignwide\">\n<img decoding=\"async\" src=\"https:\/\/wild-palms.com\/wp-content\/uploads\/2026\/04\/Rachel_Libeskind_Flag_wildpalms_2-scaled.webp\"\/>\n<\/figure>\n\n<figure class=\"wp-block-image alignwide\">\n<img decoding=\"async\" src=\"https:\/\/wild-palms.com\/wp-content\/uploads\/2026\/04\/Rachel_Libeskind_Flag_wildpalms_9.webp\"\/>\n<\/figure>\n\n<\/div><\/div>\n\n\n<\/div><\/div>\n","protected":false},"excerpt":{"rendered":"<p>RACHEL LIBESKIND: WHAT IS A FLAG? Exposici\u00f3n individual de Rachel Libeskind 23 de octubre \u2013 30 de noviembre, 2025 Inauguraci\u00f3n: 23 de octubre, 2025, 18:00 En su nueva exposici\u00f3n en wildpalms, Rachel Libeskind presenta dos obras principales que exploran c\u00f3mo las im\u00e1genes moldean nuestra percepci\u00f3n de la historia y la identidad. What is a Flag? [&hellip;]<\/p>\n","protected":false},"author":1,"featured_media":0,"parent":0,"menu_order":0,"comment_status":"closed","ping_status":"closed","template":"","meta":{"_coblocks_attr":"Arial,Arial","_coblocks_dimensions":"","_coblocks_responsive_height":"","_coblocks_accordion_ie_support":"","hide_page_title":"","footnotes":""},"class_list":["post-9992","page","type-page","status-publish","hentry"],"yoast_head":"<!-- This site is optimized with the Yoast SEO plugin v27.4 - https:\/\/yoast.com\/product\/yoast-seo-wordpress\/ -->\n<title>Rachel Libeskind: What is a Flag? - wildpalms ES<\/title>\n<meta name=\"description\" content=\"Rachel Libeskind: what is a Flag? Exhibici\u00f3n monogr\u00e1fica en wildpalms. De Octubre 23 a 30 de Noviembre 2025\" \/>\n<meta name=\"robots\" content=\"index, follow, max-snippet:-1, max-image-preview:large, max-video-preview:-1\" \/>\n<link rel=\"canonical\" href=\"https:\/\/wild-palms.com\/es\/rachel-libeskind-what-is-a-flag\/\" \/>\n<meta property=\"og:locale\" content=\"es_ES\" \/>\n<meta property=\"og:type\" content=\"article\" \/>\n<meta property=\"og:title\" content=\"Rachel Libeskind: What is a Flag? - wildpalms ES\" \/>\n<meta property=\"og:description\" content=\"Rachel Libeskind: what is a Flag? Exhibici\u00f3n monogr\u00e1fica en wildpalms. De Octubre 23 a 30 de Noviembre 2025\" \/>\n<meta property=\"og:url\" content=\"https:\/\/wild-palms.com\/es\/rachel-libeskind-what-is-a-flag\/\" \/>\n<meta property=\"og:site_name\" content=\"wildpalms ES\" \/>\n<meta property=\"article:modified_time\" content=\"2026-04-27T23:45:25+00:00\" \/>\n<meta property=\"og:image\" content=\"https:\/\/wild-palms.com\/wp-content\/uploads\/2026\/04\/Rachel_Libeskind_What_is_A_Flag-876x1024.webp\" \/>\n<meta name=\"twitter:card\" content=\"summary_large_image\" \/>\n<meta name=\"twitter:label1\" content=\"Est. reading time\" \/>\n\t<meta name=\"twitter:data1\" content=\"4 minutes\" \/>\n<script type=\"application\/ld+json\" class=\"yoast-schema-graph\">{\"@context\":\"https:\\\/\\\/schema.org\",\"@graph\":[{\"@type\":\"WebPage\",\"@id\":\"https:\\\/\\\/wild-palms.com\\\/es\\\/rachel-libeskind-what-is-a-flag\\\/\",\"url\":\"https:\\\/\\\/wild-palms.com\\\/es\\\/rachel-libeskind-what-is-a-flag\\\/\",\"name\":\"Rachel Libeskind: What is a Flag? - wildpalms ES\",\"isPartOf\":{\"@id\":\"http:\\\/\\\/wild-palms.com\\\/es\\\/#website\"},\"primaryImageOfPage\":{\"@id\":\"https:\\\/\\\/wild-palms.com\\\/es\\\/rachel-libeskind-what-is-a-flag\\\/#primaryimage\"},\"image\":{\"@id\":\"https:\\\/\\\/wild-palms.com\\\/es\\\/rachel-libeskind-what-is-a-flag\\\/#primaryimage\"},\"thumbnailUrl\":\"https:\\\/\\\/wild-palms.com\\\/wp-content\\\/uploads\\\/2026\\\/04\\\/Rachel_Libeskind_What_is_A_Flag-876x1024.webp\",\"datePublished\":\"2025-10-16T22:02:32+00:00\",\"dateModified\":\"2026-04-27T23:45:25+00:00\",\"description\":\"Rachel Libeskind: what is a Flag? Exhibici\u00f3n monogr\u00e1fica en wildpalms. De Octubre 23 a 30 de Noviembre 2025\",\"breadcrumb\":{\"@id\":\"https:\\\/\\\/wild-palms.com\\\/es\\\/rachel-libeskind-what-is-a-flag\\\/#breadcrumb\"},\"inLanguage\":\"es\",\"potentialAction\":[{\"@type\":\"ReadAction\",\"target\":[\"https:\\\/\\\/wild-palms.com\\\/es\\\/rachel-libeskind-what-is-a-flag\\\/\"]}]},{\"@type\":\"ImageObject\",\"inLanguage\":\"es\",\"@id\":\"https:\\\/\\\/wild-palms.com\\\/es\\\/rachel-libeskind-what-is-a-flag\\\/#primaryimage\",\"url\":\"https:\\\/\\\/wild-palms.com\\\/wp-content\\\/uploads\\\/2026\\\/04\\\/Rachel_Libeskind_What_is_A_Flag-876x1024.webp\",\"contentUrl\":\"https:\\\/\\\/wild-palms.com\\\/wp-content\\\/uploads\\\/2026\\\/04\\\/Rachel_Libeskind_What_is_A_Flag-876x1024.webp\"},{\"@type\":\"BreadcrumbList\",\"@id\":\"https:\\\/\\\/wild-palms.com\\\/es\\\/rachel-libeskind-what-is-a-flag\\\/#breadcrumb\",\"itemListElement\":[{\"@type\":\"ListItem\",\"position\":1,\"name\":\"Home\",\"item\":\"http:\\\/\\\/wild-palms.com\\\/es\\\/\"},{\"@type\":\"ListItem\",\"position\":2,\"name\":\"Rachel Libeskind: What is a Flag?\"}]},{\"@type\":\"WebSite\",\"@id\":\"http:\\\/\\\/wild-palms.com\\\/es\\\/#website\",\"url\":\"http:\\\/\\\/wild-palms.com\\\/es\\\/\",\"name\":\"wildpalms ES\",\"description\":\"\",\"publisher\":{\"@id\":\"http:\\\/\\\/wild-palms.com\\\/es\\\/#organization\"},\"potentialAction\":[{\"@type\":\"SearchAction\",\"target\":{\"@type\":\"EntryPoint\",\"urlTemplate\":\"http:\\\/\\\/wild-palms.com\\\/es\\\/?s={search_term_string}\"},\"query-input\":{\"@type\":\"PropertyValueSpecification\",\"valueRequired\":true,\"valueName\":\"search_term_string\"}}],\"inLanguage\":\"es\"},{\"@type\":\"Organization\",\"@id\":\"http:\\\/\\\/wild-palms.com\\\/es\\\/#organization\",\"name\":\"wildpalms ES\",\"url\":\"http:\\\/\\\/wild-palms.com\\\/es\\\/\",\"logo\":{\"@type\":\"ImageObject\",\"inLanguage\":\"es\",\"@id\":\"http:\\\/\\\/wild-palms.com\\\/es\\\/#\\\/schema\\\/logo\\\/image\\\/\",\"url\":\"https:\\\/\\\/wild-palms.com\\\/es\\\/wp-content\\\/uploads\\\/sites\\\/3\\\/2026\\\/04\\\/wp-4-copy-scaled.jpg\",\"contentUrl\":\"https:\\\/\\\/wild-palms.com\\\/es\\\/wp-content\\\/uploads\\\/sites\\\/3\\\/2026\\\/04\\\/wp-4-copy-scaled.jpg\",\"width\":2560,\"height\":420,\"caption\":\"wildpalms ES\"},\"image\":{\"@id\":\"http:\\\/\\\/wild-palms.com\\\/es\\\/#\\\/schema\\\/logo\\\/image\\\/\"}}]}<\/script>\n<!-- \/ Yoast SEO plugin. -->","yoast_head_json":{"title":"Rachel Libeskind: What is a Flag? - wildpalms ES","description":"Rachel Libeskind: what is a Flag? Exhibici\u00f3n monogr\u00e1fica en wildpalms. De Octubre 23 a 30 de Noviembre 2025","robots":{"index":"index","follow":"follow","max-snippet":"max-snippet:-1","max-image-preview":"max-image-preview:large","max-video-preview":"max-video-preview:-1"},"canonical":"https:\/\/wild-palms.com\/es\/rachel-libeskind-what-is-a-flag\/","og_locale":"es_ES","og_type":"article","og_title":"Rachel Libeskind: What is a Flag? - wildpalms ES","og_description":"Rachel Libeskind: what is a Flag? Exhibici\u00f3n monogr\u00e1fica en wildpalms. De Octubre 23 a 30 de Noviembre 2025","og_url":"https:\/\/wild-palms.com\/es\/rachel-libeskind-what-is-a-flag\/","og_site_name":"wildpalms ES","article_modified_time":"2026-04-27T23:45:25+00:00","og_image":[{"url":"https:\/\/wild-palms.com\/wp-content\/uploads\/2026\/04\/Rachel_Libeskind_What_is_A_Flag-876x1024.webp","type":"","width":"","height":""}],"twitter_card":"summary_large_image","twitter_misc":{"Est. reading time":"4 minutes"},"schema":{"@context":"https:\/\/schema.org","@graph":[{"@type":"WebPage","@id":"https:\/\/wild-palms.com\/es\/rachel-libeskind-what-is-a-flag\/","url":"https:\/\/wild-palms.com\/es\/rachel-libeskind-what-is-a-flag\/","name":"Rachel Libeskind: What is a Flag? - wildpalms ES","isPartOf":{"@id":"http:\/\/wild-palms.com\/es\/#website"},"primaryImageOfPage":{"@id":"https:\/\/wild-palms.com\/es\/rachel-libeskind-what-is-a-flag\/#primaryimage"},"image":{"@id":"https:\/\/wild-palms.com\/es\/rachel-libeskind-what-is-a-flag\/#primaryimage"},"thumbnailUrl":"https:\/\/wild-palms.com\/wp-content\/uploads\/2026\/04\/Rachel_Libeskind_What_is_A_Flag-876x1024.webp","datePublished":"2025-10-16T22:02:32+00:00","dateModified":"2026-04-27T23:45:25+00:00","description":"Rachel Libeskind: what is a Flag? Exhibici\u00f3n monogr\u00e1fica en wildpalms. De Octubre 23 a 30 de Noviembre 2025","breadcrumb":{"@id":"https:\/\/wild-palms.com\/es\/rachel-libeskind-what-is-a-flag\/#breadcrumb"},"inLanguage":"es","potentialAction":[{"@type":"ReadAction","target":["https:\/\/wild-palms.com\/es\/rachel-libeskind-what-is-a-flag\/"]}]},{"@type":"ImageObject","inLanguage":"es","@id":"https:\/\/wild-palms.com\/es\/rachel-libeskind-what-is-a-flag\/#primaryimage","url":"https:\/\/wild-palms.com\/wp-content\/uploads\/2026\/04\/Rachel_Libeskind_What_is_A_Flag-876x1024.webp","contentUrl":"https:\/\/wild-palms.com\/wp-content\/uploads\/2026\/04\/Rachel_Libeskind_What_is_A_Flag-876x1024.webp"},{"@type":"BreadcrumbList","@id":"https:\/\/wild-palms.com\/es\/rachel-libeskind-what-is-a-flag\/#breadcrumb","itemListElement":[{"@type":"ListItem","position":1,"name":"Home","item":"http:\/\/wild-palms.com\/es\/"},{"@type":"ListItem","position":2,"name":"Rachel Libeskind: What is a Flag?"}]},{"@type":"WebSite","@id":"http:\/\/wild-palms.com\/es\/#website","url":"http:\/\/wild-palms.com\/es\/","name":"wildpalms ES","description":"","publisher":{"@id":"http:\/\/wild-palms.com\/es\/#organization"},"potentialAction":[{"@type":"SearchAction","target":{"@type":"EntryPoint","urlTemplate":"http:\/\/wild-palms.com\/es\/?s={search_term_string}"},"query-input":{"@type":"PropertyValueSpecification","valueRequired":true,"valueName":"search_term_string"}}],"inLanguage":"es"},{"@type":"Organization","@id":"http:\/\/wild-palms.com\/es\/#organization","name":"wildpalms ES","url":"http:\/\/wild-palms.com\/es\/","logo":{"@type":"ImageObject","inLanguage":"es","@id":"http:\/\/wild-palms.com\/es\/#\/schema\/logo\/image\/","url":"https:\/\/wild-palms.com\/es\/wp-content\/uploads\/sites\/3\/2026\/04\/wp-4-copy-scaled.jpg","contentUrl":"https:\/\/wild-palms.com\/es\/wp-content\/uploads\/sites\/3\/2026\/04\/wp-4-copy-scaled.jpg","width":2560,"height":420,"caption":"wildpalms ES"},"image":{"@id":"http:\/\/wild-palms.com\/es\/#\/schema\/logo\/image\/"}}]}},"_links":{"self":[{"href":"https:\/\/wild-palms.com\/es\/wp-json\/wp\/v2\/pages\/9992","targetHints":{"allow":["GET"]}}],"collection":[{"href":"https:\/\/wild-palms.com\/es\/wp-json\/wp\/v2\/pages"}],"about":[{"href":"https:\/\/wild-palms.com\/es\/wp-json\/wp\/v2\/types\/page"}],"author":[{"embeddable":true,"href":"https:\/\/wild-palms.com\/es\/wp-json\/wp\/v2\/users\/1"}],"replies":[{"embeddable":true,"href":"https:\/\/wild-palms.com\/es\/wp-json\/wp\/v2\/comments?post=9992"}],"version-history":[{"count":4,"href":"https:\/\/wild-palms.com\/es\/wp-json\/wp\/v2\/pages\/9992\/revisions"}],"predecessor-version":[{"id":11058,"href":"https:\/\/wild-palms.com\/es\/wp-json\/wp\/v2\/pages\/9992\/revisions\/11058"}],"wp:attachment":[{"href":"https:\/\/wild-palms.com\/es\/wp-json\/wp\/v2\/media?parent=9992"}],"curies":[{"name":"wp","href":"https:\/\/api.w.org\/{rel}","templated":true}]}}