{"id":999,"date":"2017-03-20T11:06:35","date_gmt":"2017-03-20T10:06:35","guid":{"rendered":"http:\/\/wild-palms.com\/es\/?page_id=999"},"modified":"2024-11-13T19:40:04","modified_gmt":"2024-11-13T18:40:04","slug":"jason-duval","status":"publish","type":"page","link":"https:\/\/wild-palms.com\/es\/jason-duval\/","title":{"rendered":"JASON DUVAL"},"content":{"rendered":"\n<div class=\"wp-block-group alignwide is-vertical is-layout-flex wp-container-core-group-is-layout-8cf370e7 wp-block-group-is-layout-flex\">\n<div class=\"wp-block-media-text alignwide has-media-on-the-right is-stacked-on-mobile\"><div class=\"wp-block-media-text__content\">\n<h1 class=\"wp-block-heading has-medium-font-size\">JASON DUVAL<\/h1>\n\n\n\n<p style=\"font-size:13px\">Las pinturas de Jason Duval tratan de espacios, del mismo modo que los vestigios de palabras, signos, pintura y material de un entorno urbano en constante cambio se acumulan en el ojo durante un paseo diario por la ciudad.<\/p>\n\n\n\n<p style=\"font-size:13px\">Formado en el Massachusetts College of Art and Design y en la School of Visual Arts. Expone en el New Museum. MFA, Bellas Artes Heskin Contemporary 2009 y Dennis Dawson Spring Break Art Show 2016. Su exhibici\u00f3n <a href=\"http:\/\/The inferno is the womb of heaven 2. 100x80cm. Pigment, rabbit skin glue and oil on canvas. 2020\">Interiors<\/a>, inagur\u00f3 el espacio de wildpalms en Dusseldorf.<\/p>\n\n\n\n<p><span style=\"font-family: arial, helvetica, sans-serif; font-size: 10px;\"><span class=\"collapseomatic \" id=\"id69d4a656d3f54\"  tabindex=\"0\" title=\"CV\"    >CV<\/span><div id=\"target-id69d4a656d3f54\" class=\"collapseomatic_content \"> EDUCACI\u00d3N M.F.A., School of Visual Arts, Nueva York B.F.A., Massachusetts College of Art, Boston EXPOSICIONES SELECCIONADAS 201 Un ej\u00e9rcito bastante secreto. Comisariada por George Gallery y wildpalms. 2018 Solo ambos. ArtBO Bogot\u00e1. wildpalms. Comisariada por Emiliano Valdez. 2018 Interiores. wildpalms DC OPEN. 2017 Jason Duval y Lauriston Avery Galer\u00eda George, Brooklyn, NY. 2017 Marlborough Chelsea, Nueva York Tiger Strikes Asteroid, Chicago 2016 Between You and Me, Geoffrey Young Gallery, Great Barrington, Massachusetts This Is Our House, This Is Our Rules, Spring\/Break Art Show, Nueva York 2015 The Valentine&#8217;s Day Cardiovascular, Geoffrey Young Gallery, Great Barrington, Massachusetts 2014 Edge of Continuation, Pablo&#8217;s Birthday, Nueva York, comisariada por Pip Deely y Mark Brown The Invitational, Kunsthalle Projects, Brooklyn 2009 Urban, SAKS, Ginebra (solo) Snippets, Sampling, Static, Rubenstein Gallery, Nueva York, comisariada por Cora Cohen 2008 New Bedford Art Museum, New Bedford, MA, comisariada por David Boyce Summer Mixtape Volume One, Exit Art, Nueva York, comisariada por Herb Tam 2007 String Show, Greene Naftali, Nueva York, comisariada por Josh Smith Kathleen Cullen Fine Arts, Nueva York (solo) 2006 Regeneration Room, LMAK Projects, Nueva York, comisariada por Franklin Evans 2005 Old Paintings, Marvelli Gallery, Nueva York (solo) 2004 Beginning Here, Visual Arts Gallery, Nueva York, comisariada por Jerry Saltz. A Conversation, Marvelli Gallery, Nueva York, comisariada por Michael St. John Band of Abstraction, Van Brunt Gallery, Nueva York, comisariada por Joe Fyfe 2002 Back to the Future, Cynthia Broan Gallery, Nueva York, comisariada por Michael St. John 2001 Marvelli Gallery, Nueva York (solo) 2000 Subject: Object, Visual Arts Gallery, Nueva York, comisariada por David Row 1999 Idioscapes, Mills Gallery, Boston Center for the Arts, Boston, comisariada por Edmund Barry Gaither y Shelly Bancroft 1998 Barbara Singer Fine Art, Boston (solo) 1997 15th Drawing Show, Mills Gallery, Boston Center for the Arts Andrea Marquit Fine Art, Boston (solo) RESIDENCIAS 2006 Webb School, Knoxville 1996 Experimental Etching Studio, Boston EXPERIENCIA CURATORIAL 2004 Charmed, Lower East Side Girls Club, co-organizada con Michael St. John 2003 Shangri-La, Islip Art Museum, co-organizada con Michael St. John 2002 Back to the Future, Cynthia Broan Gallery, co-organizada con Michael St. John BIBLIOGRAF\u00cdA Barbara MacAdam, &#8220;The New Abstraction&#8221;, ARTnews, abril de 2007, p. 113 David Cohen, &#8220;Band of Abstraction&#8221;, rese\u00f1a de la exposici\u00f3n, New York Sun, 22 de julio de 2004 Rese\u00f1a resumida, Art Listings, The New Yorker (16 y 23 de julio de 2001) David B. Boyce, &#8220;Understudy gains lead\u2026&#8221;, The Standard-Times (22 de julio de 2001) Ken Johnson, Art Guide (rese\u00f1a en c\u00e1psula), The New York Times (20 de julio de 2001) Christine Temin, rese\u00f1a de la exposici\u00f3n, Boston Globe (9 de septiembre de 1999), pp. F1, F7 (ill. p. F7) Cate McQuaid, cr\u00edtica de la exposici\u00f3n, Boston Globe (8 de octubre de 1998), pp. D1, D6 (ill. p. D6) Christine Temin, &#8220;Drawing with a Loose Definition at the BCA&#8221;, Boston Globe (6 de diciembre de 1997), pp. C1, C4 (ill. p. C1) Matt Murphy, cr\u00edtica de la exposici\u00f3n, ArtsMedia (enero de 1998), p.20 PUBLICACIONES Lorimer St. Blues, Edition TM, Nueva York, 2009 Sinclair Hitchings, et al, &#8220;Proof in Print: Una Comunidad de Estudios de Grabado&#8221;. Boston: Biblioteca P\u00fablica de Boston and Mixit Print Studio, 2001, ill. p. 48 COLECCIONES Biblioteca P\u00fablica de Boston, Departamento de Grabados Museo DeCordova y Parque de Esculturas, Lincoln, MA Hospital General de Massachusetts, Boston Escuela Webb, Knoxville <\/div><\/span><\/p>\n\n\n\n<h2 class=\"wp-block-heading has-medium-font-size\"><\/h2>\n<\/div><figure class=\"wp-block-media-text__media\"><img loading=\"lazy\" decoding=\"async\" width=\"1024\" height=\"768\" src=\"https:\/\/wild-palms.com\/es\/wp-content\/uploads\/sites\/3\/2017\/03\/IMG_2589-1024x768.jpg\" alt=\"Jason Duval pintura americana contemporanea. Formas y abstracci\u00f3n\" class=\"wp-image-1441 size-full\"\/><\/figure><\/div>\n\n\n\n<p class=\"has-text-align-center\"><span style=\"font-family: arial, helvetica, sans-serif;\"><\/span>Pintura<\/p>\n\n\n\n<figure class=\"wp-block-image alignfull size-full mb-0 mt-0\"><a href=\"http:\/\/wild-palms.com\/es\/wp-content\/uploads\/sites\/3\/2019\/12\/67x62_013_crop-e1702240823874.jpg\" data-rel=\"lightbox-image-0\" data-rl_title=\"\" data-rl_caption=\"\" title=\"\"><img decoding=\"async\" src=\"https:\/\/wild-palms.com\/es\/wp-content\/uploads\/sites\/3\/2019\/12\/67x62_013_crop.jpg\" alt=\"Jason Duval Painting\" class=\"wp-image-2733\"\/><\/a><figcaption class=\"wp-element-caption\">Night Dreamer. 2018. 170x170cm.<\/figcaption><\/figure>\n<\/div>\n\n\n\n<figure class=\"wp-block-image alignwide size-full mb-0 mt-0\"><img loading=\"lazy\" decoding=\"async\" width=\"2880\" height=\"3456\" src=\"https:\/\/wild-palms.com\/es\/wp-content\/uploads\/sites\/3\/2018\/09\/48x40_06_crop.jpg\" alt=\"Jason Duval pintura norteamericana contemporane\" class=\"wp-image-2085\" srcset=\"https:\/\/wild-palms.com\/es\/wp-content\/uploads\/sites\/3\/2018\/09\/48x40_06_crop.jpg 2880w, https:\/\/wild-palms.com\/es\/wp-content\/uploads\/sites\/3\/2018\/09\/48x40_06_crop-250x300.jpg 250w, https:\/\/wild-palms.com\/es\/wp-content\/uploads\/sites\/3\/2018\/09\/48x40_06_crop-768x922.jpg 768w, https:\/\/wild-palms.com\/es\/wp-content\/uploads\/sites\/3\/2018\/09\/48x40_06_crop-853x1024.jpg 853w, https:\/\/wild-palms.com\/es\/wp-content\/uploads\/sites\/3\/2018\/09\/48x40_06_crop-750x900.jpg 750w, https:\/\/wild-palms.com\/es\/wp-content\/uploads\/sites\/3\/2018\/09\/48x40_06_crop-400x480.jpg 400w, https:\/\/wild-palms.com\/es\/wp-content\/uploads\/sites\/3\/2018\/09\/48x40_06_crop-430x516.jpg 430w, https:\/\/wild-palms.com\/es\/wp-content\/uploads\/sites\/3\/2018\/09\/48x40_06_crop-150x180.jpg 150w, https:\/\/wild-palms.com\/es\/wp-content\/uploads\/sites\/3\/2018\/09\/48x40_06_crop-100x120.jpg 100w\" sizes=\"auto, (max-width: 2880px) 100vw, 2880px\" \/><figcaption class=\"wp-element-caption\">Psyche Before The Mirror (I).\n2018.\n122x102cm<\/figcaption><\/figure>\n\n\n\n<div class=\"wp-block-columns alignwide is-layout-flex wp-container-core-columns-is-layout-9d6595d7 wp-block-columns-is-layout-flex\">\n<div class=\"wp-block-column is-layout-flow wp-block-column-is-layout-flow\">\n<figure class=\"wp-block-image alignwide\"><img loading=\"lazy\" decoding=\"async\" width=\"502\" height=\"693\" src=\"http:\/\/wild-palms.com\/es\/wp-content\/uploads\/sites\/3\/2017\/04\/Screenshot-2017-04-06-14.15.46.png\" alt=\"Jason Duval pintura verde de Nueva York\" class=\"wp-image-1039\" srcset=\"https:\/\/wild-palms.com\/es\/wp-content\/uploads\/sites\/3\/2017\/04\/Screenshot-2017-04-06-14.15.46.png 502w, https:\/\/wild-palms.com\/es\/wp-content\/uploads\/sites\/3\/2017\/04\/Screenshot-2017-04-06-14.15.46-217x300.png 217w, https:\/\/wild-palms.com\/es\/wp-content\/uploads\/sites\/3\/2017\/04\/Screenshot-2017-04-06-14.15.46-400x552.png 400w, https:\/\/wild-palms.com\/es\/wp-content\/uploads\/sites\/3\/2017\/04\/Screenshot-2017-04-06-14.15.46-430x594.png 430w, https:\/\/wild-palms.com\/es\/wp-content\/uploads\/sites\/3\/2017\/04\/Screenshot-2017-04-06-14.15.46-150x207.png 150w, https:\/\/wild-palms.com\/es\/wp-content\/uploads\/sites\/3\/2017\/04\/Screenshot-2017-04-06-14.15.46-100x138.png 100w\" sizes=\"auto, (max-width: 502px) 100vw, 502px\" \/><\/figure>\n<\/div>\n<\/div>\n\n\n\n<figure class=\"wp-block-image alignwide size-full\"><img loading=\"lazy\" decoding=\"async\" width=\"1814\" height=\"2100\" src=\"https:\/\/wild-palms.com\/es\/wp-content\/uploads\/sites\/3\/2017\/03\/Duval_Its_Image.jpg\" alt=\"Jason Duval, pintura para la primavera con un color fabuloso\" class=\"wp-image-1003\" srcset=\"https:\/\/wild-palms.com\/es\/wp-content\/uploads\/sites\/3\/2017\/03\/Duval_Its_Image.jpg 1814w, https:\/\/wild-palms.com\/es\/wp-content\/uploads\/sites\/3\/2017\/03\/Duval_Its_Image-259x300.jpg 259w, https:\/\/wild-palms.com\/es\/wp-content\/uploads\/sites\/3\/2017\/03\/Duval_Its_Image-768x889.jpg 768w, https:\/\/wild-palms.com\/es\/wp-content\/uploads\/sites\/3\/2017\/03\/Duval_Its_Image-885x1024.jpg 885w, https:\/\/wild-palms.com\/es\/wp-content\/uploads\/sites\/3\/2017\/03\/Duval_Its_Image-750x868.jpg 750w, https:\/\/wild-palms.com\/es\/wp-content\/uploads\/sites\/3\/2017\/03\/Duval_Its_Image-400x463.jpg 400w, https:\/\/wild-palms.com\/es\/wp-content\/uploads\/sites\/3\/2017\/03\/Duval_Its_Image-430x498.jpg 430w, https:\/\/wild-palms.com\/es\/wp-content\/uploads\/sites\/3\/2017\/03\/Duval_Its_Image-150x174.jpg 150w, https:\/\/wild-palms.com\/es\/wp-content\/uploads\/sites\/3\/2017\/03\/Duval_Its_Image-100x116.jpg 100w\" sizes=\"auto, (max-width: 1814px) 100vw, 1814px\" \/><\/figure>\n\n\n\n<figure class=\"wp-block-image alignwide size-large\"><img loading=\"lazy\" decoding=\"async\" width=\"1024\" height=\"581\" src=\"https:\/\/wild-palms.com\/es\/wp-content\/uploads\/sites\/3\/2018\/09\/J.Duval-003-e1537621148969-1024x581.jpg\" alt=\"Exhibici\u00f3n de pintura norteamericana contemporanea con Jason Duval\" class=\"wp-image-2140\"\/><figcaption class=\"wp-element-caption\">Interiors, wildpalms, 2018<\/figcaption><\/figure>\n\n\n\n<figure class=\"wp-block-image alignwide size-full\"><img loading=\"lazy\" decoding=\"async\" width=\"2000\" height=\"1140\" src=\"https:\/\/wild-palms.com\/es\/wp-content\/uploads\/sites\/3\/2018\/09\/J.Duval-004-e1537621232384.jpg\" alt=\"Show Interiors Jason Duval wildpalms D\u00fcsseldorf\" class=\"wp-image-2141\"\/><figcaption class=\"wp-element-caption\">Interiors, wildpalms, 2018<\/figcaption><\/figure>\n","protected":false},"excerpt":{"rendered":"<p>JASON DUVAL Las pinturas de Jason Duval tratan de espacios, del mismo modo que los vestigios de palabras, signos, pintura y material de un entorno urbano en constante cambio se acumulan en el ojo durante un paseo diario por la ciudad. Formado en el Massachusetts College of Art and Design y en la School of [&hellip;]<\/p>\n","protected":false},"author":1,"featured_media":0,"parent":0,"menu_order":0,"comment_status":"closed","ping_status":"closed","template":"","meta":{"_coblocks_attr":"","_coblocks_dimensions":"","_coblocks_responsive_height":"","_coblocks_accordion_ie_support":"","hide_page_title":"","footnotes":""},"class_list":["post-999","page","type-page","status-publish","hentry"],"yoast_head":"<!-- This site is optimized with the Yoast SEO plugin v27.0 - https:\/\/yoast.com\/product\/yoast-seo-wordpress\/ -->\n<title>JASON DUVAL | wildpalms - representaci\u00f3n<\/title>\n<meta name=\"description\" content=\"Jason Duval, artista norteamericano. BA y MFA en impresi\u00f3n, fotograf\u00eda, y pintura. Es una de las voces m\u00e1s conscientes de la pintura actual.\" \/>\n<meta name=\"robots\" content=\"index, follow, max-snippet:-1, max-image-preview:large, max-video-preview:-1\" \/>\n<link rel=\"canonical\" href=\"https:\/\/wild-palms.com\/es\/jason-duval\/\" \/>\n<meta property=\"og:locale\" content=\"es_ES\" \/>\n<meta property=\"og:type\" content=\"article\" \/>\n<meta property=\"og:title\" content=\"JASON DUVAL | wildpalms - representaci\u00f3n\" \/>\n<meta property=\"og:description\" content=\"Jason Duval, artista norteamericano. BA y MFA en impresi\u00f3n, fotograf\u00eda, y pintura. Es una de las voces m\u00e1s conscientes de la pintura actual.\" \/>\n<meta property=\"og:url\" content=\"https:\/\/wild-palms.com\/es\/jason-duval\/\" \/>\n<meta property=\"og:site_name\" content=\"wildpalms ES\" \/>\n<meta property=\"article:modified_time\" content=\"2024-11-13T18:40:04+00:00\" \/>\n<meta property=\"og:image\" content=\"https:\/\/wild-palms.com\/es\/wp-content\/uploads\/sites\/3\/2017\/03\/IMG_2589-1024x768.jpg\" \/>\n<meta name=\"twitter:card\" content=\"summary_large_image\" \/>\n<meta name=\"twitter:label1\" content=\"Est. reading time\" \/>\n\t<meta name=\"twitter:data1\" content=\"5 minutes\" \/>\n<script type=\"application\/ld+json\" class=\"yoast-schema-graph\">{\"@context\":\"https:\/\/schema.org\",\"@graph\":[{\"@type\":\"WebPage\",\"@id\":\"https:\/\/wild-palms.com\/es\/jason-duval\/\",\"url\":\"https:\/\/wild-palms.com\/es\/jason-duval\/\",\"name\":\"JASON DUVAL | wildpalms - representaci\u00f3n\",\"isPartOf\":{\"@id\":\"https:\/\/wild-palms.com\/es\/#website\"},\"primaryImageOfPage\":{\"@id\":\"https:\/\/wild-palms.com\/es\/jason-duval\/#primaryimage\"},\"image\":{\"@id\":\"https:\/\/wild-palms.com\/es\/jason-duval\/#primaryimage\"},\"thumbnailUrl\":\"https:\/\/wild-palms.com\/es\/wp-content\/uploads\/sites\/3\/2017\/03\/IMG_2589-1024x768.jpg\",\"datePublished\":\"2017-03-20T10:06:35+00:00\",\"dateModified\":\"2024-11-13T18:40:04+00:00\",\"description\":\"Jason Duval, artista norteamericano. BA y MFA en impresi\u00f3n, fotograf\u00eda, y pintura. Es una de las voces m\u00e1s conscientes de la pintura actual.\",\"breadcrumb\":{\"@id\":\"https:\/\/wild-palms.com\/es\/jason-duval\/#breadcrumb\"},\"inLanguage\":\"es\",\"potentialAction\":[{\"@type\":\"ReadAction\",\"target\":[\"https:\/\/wild-palms.com\/es\/jason-duval\/\"]}]},{\"@type\":\"ImageObject\",\"inLanguage\":\"es\",\"@id\":\"https:\/\/wild-palms.com\/es\/jason-duval\/#primaryimage\",\"url\":\"https:\/\/wild-palms.com\/es\/wp-content\/uploads\/sites\/3\/2017\/03\/IMG_2589-1024x768.jpg\",\"contentUrl\":\"https:\/\/wild-palms.com\/es\/wp-content\/uploads\/sites\/3\/2017\/03\/IMG_2589-1024x768.jpg\"},{\"@type\":\"BreadcrumbList\",\"@id\":\"https:\/\/wild-palms.com\/es\/jason-duval\/#breadcrumb\",\"itemListElement\":[{\"@type\":\"ListItem\",\"position\":1,\"name\":\"Home\",\"item\":\"https:\/\/wild-palms.com\/es\/\"},{\"@type\":\"ListItem\",\"position\":2,\"name\":\"JASON DUVAL\"}]},{\"@type\":\"WebSite\",\"@id\":\"https:\/\/wild-palms.com\/es\/#website\",\"url\":\"https:\/\/wild-palms.com\/es\/\",\"name\":\"wildpalms ES\",\"description\":\"\",\"publisher\":{\"@id\":\"https:\/\/wild-palms.com\/es\/#organization\"},\"potentialAction\":[{\"@type\":\"SearchAction\",\"target\":{\"@type\":\"EntryPoint\",\"urlTemplate\":\"https:\/\/wild-palms.com\/es\/?s={search_term_string}\"},\"query-input\":{\"@type\":\"PropertyValueSpecification\",\"valueRequired\":true,\"valueName\":\"search_term_string\"}}],\"inLanguage\":\"es\"},{\"@type\":\"Organization\",\"@id\":\"https:\/\/wild-palms.com\/es\/#organization\",\"name\":\"wildpalms ES\",\"url\":\"https:\/\/wild-palms.com\/es\/\",\"logo\":{\"@type\":\"ImageObject\",\"inLanguage\":\"es\",\"@id\":\"https:\/\/wild-palms.com\/es\/#\/schema\/logo\/image\/\",\"url\":\"https:\/\/wild-palms.com\/es\/wp-content\/uploads\/sites\/3\/2023\/03\/cropped-wildpalms_logo_ths.png\",\"contentUrl\":\"https:\/\/wild-palms.com\/es\/wp-content\/uploads\/sites\/3\/2023\/03\/cropped-wildpalms_logo_ths.png\",\"width\":1200,\"height\":197,\"caption\":\"wildpalms ES\"},\"image\":{\"@id\":\"https:\/\/wild-palms.com\/es\/#\/schema\/logo\/image\/\"}}]}<\/script>\n<!-- \/ Yoast SEO plugin. -->","yoast_head_json":{"title":"JASON DUVAL | wildpalms - representaci\u00f3n","description":"Jason Duval, artista norteamericano. BA y MFA en impresi\u00f3n, fotograf\u00eda, y pintura. Es una de las voces m\u00e1s conscientes de la pintura actual.","robots":{"index":"index","follow":"follow","max-snippet":"max-snippet:-1","max-image-preview":"max-image-preview:large","max-video-preview":"max-video-preview:-1"},"canonical":"https:\/\/wild-palms.com\/es\/jason-duval\/","og_locale":"es_ES","og_type":"article","og_title":"JASON DUVAL | wildpalms - representaci\u00f3n","og_description":"Jason Duval, artista norteamericano. BA y MFA en impresi\u00f3n, fotograf\u00eda, y pintura. Es una de las voces m\u00e1s conscientes de la pintura actual.","og_url":"https:\/\/wild-palms.com\/es\/jason-duval\/","og_site_name":"wildpalms ES","article_modified_time":"2024-11-13T18:40:04+00:00","og_image":[{"url":"https:\/\/wild-palms.com\/es\/wp-content\/uploads\/sites\/3\/2017\/03\/IMG_2589-1024x768.jpg","type":"","width":"","height":""}],"twitter_card":"summary_large_image","twitter_misc":{"Est. reading time":"5 minutes"},"schema":{"@context":"https:\/\/schema.org","@graph":[{"@type":"WebPage","@id":"https:\/\/wild-palms.com\/es\/jason-duval\/","url":"https:\/\/wild-palms.com\/es\/jason-duval\/","name":"JASON DUVAL | wildpalms - representaci\u00f3n","isPartOf":{"@id":"https:\/\/wild-palms.com\/es\/#website"},"primaryImageOfPage":{"@id":"https:\/\/wild-palms.com\/es\/jason-duval\/#primaryimage"},"image":{"@id":"https:\/\/wild-palms.com\/es\/jason-duval\/#primaryimage"},"thumbnailUrl":"https:\/\/wild-palms.com\/es\/wp-content\/uploads\/sites\/3\/2017\/03\/IMG_2589-1024x768.jpg","datePublished":"2017-03-20T10:06:35+00:00","dateModified":"2024-11-13T18:40:04+00:00","description":"Jason Duval, artista norteamericano. BA y MFA en impresi\u00f3n, fotograf\u00eda, y pintura. Es una de las voces m\u00e1s conscientes de la pintura actual.","breadcrumb":{"@id":"https:\/\/wild-palms.com\/es\/jason-duval\/#breadcrumb"},"inLanguage":"es","potentialAction":[{"@type":"ReadAction","target":["https:\/\/wild-palms.com\/es\/jason-duval\/"]}]},{"@type":"ImageObject","inLanguage":"es","@id":"https:\/\/wild-palms.com\/es\/jason-duval\/#primaryimage","url":"https:\/\/wild-palms.com\/es\/wp-content\/uploads\/sites\/3\/2017\/03\/IMG_2589-1024x768.jpg","contentUrl":"https:\/\/wild-palms.com\/es\/wp-content\/uploads\/sites\/3\/2017\/03\/IMG_2589-1024x768.jpg"},{"@type":"BreadcrumbList","@id":"https:\/\/wild-palms.com\/es\/jason-duval\/#breadcrumb","itemListElement":[{"@type":"ListItem","position":1,"name":"Home","item":"https:\/\/wild-palms.com\/es\/"},{"@type":"ListItem","position":2,"name":"JASON DUVAL"}]},{"@type":"WebSite","@id":"https:\/\/wild-palms.com\/es\/#website","url":"https:\/\/wild-palms.com\/es\/","name":"wildpalms ES","description":"","publisher":{"@id":"https:\/\/wild-palms.com\/es\/#organization"},"potentialAction":[{"@type":"SearchAction","target":{"@type":"EntryPoint","urlTemplate":"https:\/\/wild-palms.com\/es\/?s={search_term_string}"},"query-input":{"@type":"PropertyValueSpecification","valueRequired":true,"valueName":"search_term_string"}}],"inLanguage":"es"},{"@type":"Organization","@id":"https:\/\/wild-palms.com\/es\/#organization","name":"wildpalms ES","url":"https:\/\/wild-palms.com\/es\/","logo":{"@type":"ImageObject","inLanguage":"es","@id":"https:\/\/wild-palms.com\/es\/#\/schema\/logo\/image\/","url":"https:\/\/wild-palms.com\/es\/wp-content\/uploads\/sites\/3\/2023\/03\/cropped-wildpalms_logo_ths.png","contentUrl":"https:\/\/wild-palms.com\/es\/wp-content\/uploads\/sites\/3\/2023\/03\/cropped-wildpalms_logo_ths.png","width":1200,"height":197,"caption":"wildpalms ES"},"image":{"@id":"https:\/\/wild-palms.com\/es\/#\/schema\/logo\/image\/"}}]}},"_links":{"self":[{"href":"https:\/\/wild-palms.com\/es\/wp-json\/wp\/v2\/pages\/999","targetHints":{"allow":["GET"]}}],"collection":[{"href":"https:\/\/wild-palms.com\/es\/wp-json\/wp\/v2\/pages"}],"about":[{"href":"https:\/\/wild-palms.com\/es\/wp-json\/wp\/v2\/types\/page"}],"author":[{"embeddable":true,"href":"https:\/\/wild-palms.com\/es\/wp-json\/wp\/v2\/users\/1"}],"replies":[{"embeddable":true,"href":"https:\/\/wild-palms.com\/es\/wp-json\/wp\/v2\/comments?post=999"}],"version-history":[{"count":11,"href":"https:\/\/wild-palms.com\/es\/wp-json\/wp\/v2\/pages\/999\/revisions"}],"predecessor-version":[{"id":8764,"href":"https:\/\/wild-palms.com\/es\/wp-json\/wp\/v2\/pages\/999\/revisions\/8764"}],"wp:attachment":[{"href":"https:\/\/wild-palms.com\/es\/wp-json\/wp\/v2\/media?parent=999"}],"curies":[{"name":"wp","href":"https:\/\/api.w.org\/{rel}","templated":true}]}}