{"id":9865,"date":"2025-09-28T03:16:01","date_gmt":"2025-09-28T01:16:01","guid":{"rendered":"https:\/\/wild-palms.com\/?page_id=9865"},"modified":"2025-10-01T08:27:25","modified_gmt":"2025-10-01T06:27:25","slug":"art-vilnius-2025","status":"publish","type":"page","link":"https:\/\/wild-palms.com\/es\/art-vilnius-2025\/","title":{"rendered":"Art Vilnius 2025"},"content":{"rendered":"\n<div class=\"wp-block-media-text is-stacked-on-mobile\" style=\"grid-template-columns:47% auto\"><figure class=\"wp-block-media-text__media\"><a href=\"https:\/\/artvilnius.com\/exhibitor\/wildpalms-25\/\"><img loading=\"lazy\" decoding=\"async\" width=\"1024\" height=\"1024\" src=\"https:\/\/wild-palms.com\/es\/wp-content\/uploads\/2025\/09\/AV25__LT-1-1024x1024.webp\" alt=\"Art Vilnius 2025 Logo\" class=\"wp-image-9866 size-full\" srcset=\"https:\/\/wild-palms.com\/es\/wp-content\/uploads\/sites\/3\/2025\/09\/AV25__LT-1-1024x1024.webp 1024w, https:\/\/wild-palms.com\/es\/wp-content\/uploads\/sites\/3\/2025\/09\/AV25__LT-1-300x300.webp 300w, https:\/\/wild-palms.com\/es\/wp-content\/uploads\/sites\/3\/2025\/09\/AV25__LT-1-150x150.webp 150w, https:\/\/wild-palms.com\/es\/wp-content\/uploads\/sites\/3\/2025\/09\/AV25__LT-1-768x768.webp 768w, https:\/\/wild-palms.com\/es\/wp-content\/uploads\/sites\/3\/2025\/09\/AV25__LT-1.webp 1080w\" sizes=\"auto, (max-width: 1024px) 100vw, 1024px\" \/><\/a><\/figure><div class=\"wp-block-media-text__content\">\n<p><a href=\"https:\/\/wild-palms.com\/es\/rachel-libeskind\/\">Rachel Libeskind<\/a><\/p>\n\n\n\n<p>Alexandra Meffert<\/p>\n\n\n\n<p><a href=\"https:\/\/wild-palms.com\/es\/mario-asef\/\">Mario Asef <\/a>&amp; Kirstin Burckhardt<\/p>\n\n\n\n<p>Booth 3.11<\/p>\n\n\n\n<p>Octubre 2 al &#8211; 5 2025<\/p>\n<\/div><\/div>\n\n\n\n<figure class=\"wp-block-image size-large\"><a href=\"http:\/\/wild-palms.com\/es\/wp-content\/uploads\/sites\/3\/2025\/09\/RDL_FlagMockups_WildPalms-scaled-1.webp\" data-rel=\"lightbox-image-0\" data-rl_title=\"\" data-rl_caption=\"\" title=\"\"><img decoding=\"async\" src=\"https:\/\/wild-palms.com\/es\/wp-content\/uploads\/2025\/09\/RDL_FlagMockups_WildPalms-893x1024.webp\" alt=\"Rachel Libeskind, Art Vilnius 2025\" class=\"wp-image-9868\"\/><\/a><figcaption class=\"wp-element-caption\">Rachel Libeskind. De la serie Black Flag\/White Flag. 2025. Pigmento serigrafiado sobre lienzo tensado.105 x 90 cm x 4.5 cm<\/figcaption><\/figure>\n\n\n\n<div class=\"wp-block-buttons is-content-justification-center is-layout-flex wp-container-core-buttons-is-layout-16018d1d wp-block-buttons-is-layout-flex\">\n<div class=\"wp-block-button\"><a class=\"wp-block-button__link has-text-align-center wp-element-button\" href=\"https:\/\/wild-palms.com\/wp-content\/uploads\/2025\/10\/Art_Vilnius_2025-compressed.pdf\">obras disponibles en artvilnius 2025<\/a><\/div>\n<\/div>\n\n\n\n<blockquote class=\"wp-block-quote has-small-font-size is-layout-flow wp-block-quote-is-layout-flow\">\n<p class=\"has-text-align-right\" style=\"padding-top:0;padding-bottom:0;font-size:15px\">Otra costumbre de la tribu son los poetas. A un hombre se le<br>ocurre ordenar seis o siete palabras, por lo general enigm\u00e1ticas.<br>No puede contenerse y las dice a gritos, de pie, en el centro de<br>un c\u00edrculo que forman, tendidos en la tierra, los hechiceros y la<br>plebe, Si el poema no excita, no pasa nada; si las palabras del<br>poeta los sobrecogen, todos se apartan de \u00e9l, en silencio, bajo el<br>mandato de Uft horror sagrado (under a holy dread). Sienten<br>que lo ha tocado el esp\u00edritu; nadie hablar\u00e1 con \u00e9l ni lo mirar\u00e1,<br>ni siquiera su madre. Ya no es un hombre sino un dios y cual-<br>quiera puede matarlo. El poeta, si puede, busca refugio en los<br>arenales del Norte.<\/p>\n\n\n\n<p style=\"font-size:17px\">Jorge Luis Borges. El informe de Brodie<\/p>\n<\/blockquote>\n\n\n\n<h2 class=\"wp-block-heading\" style=\"font-size:14px\">Art Vilnius 2025<\/h2>\n\n\n\n<p style=\"font-size:14px\">Son tiempos extra\u00f1os, Art Vilnius 2025, con drones cruzando nuestros cielos. En este contexto, nuestro stand se convierte en un lugar de refugio, donde se despliega la serie Black Flag\/White Flag de Rachel Libeskind. Inspirada en una publicaci\u00f3n alemana de 1934 sobre las llamadas banderas \u00abno europeas\u00bb, la obra consiste en pinturas serigrafiadas sobre lienzo que investigan la forma y la funci\u00f3n de la bandera como s\u00edmbolo. Libeskind ha eliminado todas las marcas identificativas, muchas de las cuales representaban geograf\u00edas que ya no existen, borradas de la memoria colectiva. Lo que queda son contornos y perfiles: l\u00edmites esquel\u00e9ticos de banderas sin naciones.<\/p>\n\n\n\n<p style=\"font-size:14px\">Se invita a los visitantes a participar en Happenings with Alexandra, sesiones de movimiento acompa\u00f1adas de m\u00fasica compuesta por Juan Gabriel Sanguino, que despiertan los sentidos y nos sintonizan con la vibraci\u00f3n de cada \u00e1tomo mientras nuestros cuerpos se mueven y nuestros pies se hacen eco de la rotaci\u00f3n de la Tierra.<\/p>\n\n\n\n<p style=\"font-size:14px\">Paralelamente, las obras de Asef y Burckhardt ampl\u00edan su investigaci\u00f3n a largo plazo sobre el complejo arquitect\u00f3nico Sea Ranch, al norte de San Francisco. Su pr\u00e1ctica se pregunta c\u00f3mo podr\u00eda responder la arquitectura hoy en d\u00eda en un mundo en el que las soluciones medioambientales son cada vez m\u00e1s escasas, al tiempo que aborda una cuesti\u00f3n atemporal: \u00bfqu\u00e9 es el amor?<\/p>\n\n\n\n<p><\/p>\n\n\n\n<figure class=\"wp-block-image size-large\"><a href=\"http:\/\/wild-palms.com\/es\/wp-content\/uploads\/sites\/3\/2025\/09\/Hand-Charcoal-Song-Large.webp\" data-rel=\"lightbox-image-1\" data-rl_title=\"\" data-rl_caption=\"\" title=\"\"><img loading=\"lazy\" decoding=\"async\" width=\"1024\" height=\"574\" src=\"https:\/\/wild-palms.com\/es\/wp-content\/uploads\/2025\/09\/Hand-Charcoal-Song-Large-1024x574.webp\" alt=\"Asef Burckhardt SHELTER-BONE. Hand with coal\n(To Anna and Lawrence Halprin\nat The Sea Ranch)\nvideo, 27\u201939\u201d, 4K, stereo, color, 2024 Art Vilnius 2025\" class=\"wp-image-9871\" srcset=\"https:\/\/wild-palms.com\/es\/wp-content\/uploads\/sites\/3\/2025\/09\/Hand-Charcoal-Song-Large-1024x574.webp 1024w, https:\/\/wild-palms.com\/es\/wp-content\/uploads\/sites\/3\/2025\/09\/Hand-Charcoal-Song-Large-300x168.webp 300w, https:\/\/wild-palms.com\/es\/wp-content\/uploads\/sites\/3\/2025\/09\/Hand-Charcoal-Song-Large-768x430.webp 768w, https:\/\/wild-palms.com\/es\/wp-content\/uploads\/sites\/3\/2025\/09\/Hand-Charcoal-Song-Large.webp 1280w\" sizes=\"auto, (max-width: 1024px) 100vw, 1024px\" \/><\/a><figcaption class=\"wp-element-caption\">Hand-Charcoal-Song&nbsp;<br>video, 9\u201948\u201d, 4K, stereo, color, 2024&nbsp;<\/figcaption><\/figure>\n","protected":false},"excerpt":{"rendered":"<p>Rachel Libeskind Alexandra Meffert Mario Asef &amp; Kirstin Burckhardt Booth 3.11 Octubre 2 al &#8211; 5 2025 Otra costumbre de la tribu son los poetas. A un hombre se leocurre ordenar seis o siete palabras, por lo general enigm\u00e1ticas.No puede contenerse y las dice a gritos, de pie, en el centro deun c\u00edrculo que forman, [&hellip;]<\/p>\n","protected":false},"author":1,"featured_media":0,"parent":0,"menu_order":0,"comment_status":"closed","ping_status":"closed","template":"","meta":{"_coblocks_attr":"","_coblocks_dimensions":"","_coblocks_responsive_height":"","_coblocks_accordion_ie_support":"","hide_page_title":"","footnotes":""},"class_list":["post-9865","page","type-page","status-publish","hentry"],"yoast_head":"<!-- This site is optimized with the Yoast SEO plugin v27.0 - https:\/\/yoast.com\/product\/yoast-seo-wordpress\/ -->\n<title>Art Vilnius 2025 - wildpalms ES<\/title>\n<meta name=\"description\" content=\"Artvllnius 2025. Stand 3.11. Exhibici\u00f3n de Rachel Libeskind, Alexandra Meffert y Mario Asef \/ Kirstin Burkhardt. Del 2 al 5 de octubre.\" \/>\n<meta name=\"robots\" content=\"index, follow, max-snippet:-1, max-image-preview:large, max-video-preview:-1\" \/>\n<link rel=\"canonical\" href=\"https:\/\/wild-palms.com\/es\/art-vilnius-2025\/\" \/>\n<meta property=\"og:locale\" content=\"es_ES\" \/>\n<meta property=\"og:type\" content=\"article\" \/>\n<meta property=\"og:title\" content=\"Art Vilnius 2025 - wildpalms ES\" \/>\n<meta property=\"og:description\" content=\"Artvllnius 2025. Stand 3.11. Exhibici\u00f3n de Rachel Libeskind, Alexandra Meffert y Mario Asef \/ Kirstin Burkhardt. Del 2 al 5 de octubre.\" \/>\n<meta property=\"og:url\" content=\"https:\/\/wild-palms.com\/es\/art-vilnius-2025\/\" \/>\n<meta property=\"og:site_name\" content=\"wildpalms ES\" \/>\n<meta property=\"article:modified_time\" content=\"2025-10-01T06:27:25+00:00\" \/>\n<meta property=\"og:image\" content=\"https:\/\/wild-palms.com\/es\/wp-content\/uploads\/2025\/09\/AV25__LT-1-1024x1024.webp\" \/>\n<meta name=\"twitter:card\" content=\"summary_large_image\" \/>\n<meta name=\"twitter:label1\" content=\"Est. reading time\" \/>\n\t<meta name=\"twitter:data1\" content=\"2 minutes\" \/>\n<script type=\"application\/ld+json\" class=\"yoast-schema-graph\">{\"@context\":\"https:\/\/schema.org\",\"@graph\":[{\"@type\":\"WebPage\",\"@id\":\"https:\/\/wild-palms.com\/es\/art-vilnius-2025\/\",\"url\":\"https:\/\/wild-palms.com\/es\/art-vilnius-2025\/\",\"name\":\"Art Vilnius 2025 - wildpalms ES\",\"isPartOf\":{\"@id\":\"https:\/\/wild-palms.com\/es\/#website\"},\"primaryImageOfPage\":{\"@id\":\"https:\/\/wild-palms.com\/es\/art-vilnius-2025\/#primaryimage\"},\"image\":{\"@id\":\"https:\/\/wild-palms.com\/es\/art-vilnius-2025\/#primaryimage\"},\"thumbnailUrl\":\"https:\/\/wild-palms.com\/es\/wp-content\/uploads\/2025\/09\/AV25__LT-1-1024x1024.webp\",\"datePublished\":\"2025-09-28T01:16:01+00:00\",\"dateModified\":\"2025-10-01T06:27:25+00:00\",\"description\":\"Artvllnius 2025. Stand 3.11. Exhibici\u00f3n de Rachel Libeskind, Alexandra Meffert y Mario Asef \/ Kirstin Burkhardt. Del 2 al 5 de octubre.\",\"breadcrumb\":{\"@id\":\"https:\/\/wild-palms.com\/es\/art-vilnius-2025\/#breadcrumb\"},\"inLanguage\":\"es\",\"potentialAction\":[{\"@type\":\"ReadAction\",\"target\":[\"https:\/\/wild-palms.com\/es\/art-vilnius-2025\/\"]}]},{\"@type\":\"ImageObject\",\"inLanguage\":\"es\",\"@id\":\"https:\/\/wild-palms.com\/es\/art-vilnius-2025\/#primaryimage\",\"url\":\"https:\/\/wild-palms.com\/es\/wp-content\/uploads\/sites\/3\/2025\/09\/AV25__LT-1.webp\",\"contentUrl\":\"https:\/\/wild-palms.com\/es\/wp-content\/uploads\/sites\/3\/2025\/09\/AV25__LT-1.webp\",\"width\":1080,\"height\":1080},{\"@type\":\"BreadcrumbList\",\"@id\":\"https:\/\/wild-palms.com\/es\/art-vilnius-2025\/#breadcrumb\",\"itemListElement\":[{\"@type\":\"ListItem\",\"position\":1,\"name\":\"Home\",\"item\":\"https:\/\/wild-palms.com\/es\/\"},{\"@type\":\"ListItem\",\"position\":2,\"name\":\"Art Vilnius 2025\"}]},{\"@type\":\"WebSite\",\"@id\":\"https:\/\/wild-palms.com\/es\/#website\",\"url\":\"https:\/\/wild-palms.com\/es\/\",\"name\":\"wildpalms ES\",\"description\":\"\",\"publisher\":{\"@id\":\"https:\/\/wild-palms.com\/es\/#organization\"},\"potentialAction\":[{\"@type\":\"SearchAction\",\"target\":{\"@type\":\"EntryPoint\",\"urlTemplate\":\"https:\/\/wild-palms.com\/es\/?s={search_term_string}\"},\"query-input\":{\"@type\":\"PropertyValueSpecification\",\"valueRequired\":true,\"valueName\":\"search_term_string\"}}],\"inLanguage\":\"es\"},{\"@type\":\"Organization\",\"@id\":\"https:\/\/wild-palms.com\/es\/#organization\",\"name\":\"wildpalms ES\",\"url\":\"https:\/\/wild-palms.com\/es\/\",\"logo\":{\"@type\":\"ImageObject\",\"inLanguage\":\"es\",\"@id\":\"https:\/\/wild-palms.com\/es\/#\/schema\/logo\/image\/\",\"url\":\"https:\/\/wild-palms.com\/es\/wp-content\/uploads\/sites\/3\/2023\/03\/cropped-wildpalms_logo_ths.png\",\"contentUrl\":\"https:\/\/wild-palms.com\/es\/wp-content\/uploads\/sites\/3\/2023\/03\/cropped-wildpalms_logo_ths.png\",\"width\":1200,\"height\":197,\"caption\":\"wildpalms ES\"},\"image\":{\"@id\":\"https:\/\/wild-palms.com\/es\/#\/schema\/logo\/image\/\"}}]}<\/script>\n<!-- \/ Yoast SEO plugin. -->","yoast_head_json":{"title":"Art Vilnius 2025 - wildpalms ES","description":"Artvllnius 2025. Stand 3.11. Exhibici\u00f3n de Rachel Libeskind, Alexandra Meffert y Mario Asef \/ Kirstin Burkhardt. Del 2 al 5 de octubre.","robots":{"index":"index","follow":"follow","max-snippet":"max-snippet:-1","max-image-preview":"max-image-preview:large","max-video-preview":"max-video-preview:-1"},"canonical":"https:\/\/wild-palms.com\/es\/art-vilnius-2025\/","og_locale":"es_ES","og_type":"article","og_title":"Art Vilnius 2025 - wildpalms ES","og_description":"Artvllnius 2025. Stand 3.11. Exhibici\u00f3n de Rachel Libeskind, Alexandra Meffert y Mario Asef \/ Kirstin Burkhardt. Del 2 al 5 de octubre.","og_url":"https:\/\/wild-palms.com\/es\/art-vilnius-2025\/","og_site_name":"wildpalms ES","article_modified_time":"2025-10-01T06:27:25+00:00","og_image":[{"url":"https:\/\/wild-palms.com\/es\/wp-content\/uploads\/2025\/09\/AV25__LT-1-1024x1024.webp","type":"","width":"","height":""}],"twitter_card":"summary_large_image","twitter_misc":{"Est. reading time":"2 minutes"},"schema":{"@context":"https:\/\/schema.org","@graph":[{"@type":"WebPage","@id":"https:\/\/wild-palms.com\/es\/art-vilnius-2025\/","url":"https:\/\/wild-palms.com\/es\/art-vilnius-2025\/","name":"Art Vilnius 2025 - wildpalms ES","isPartOf":{"@id":"https:\/\/wild-palms.com\/es\/#website"},"primaryImageOfPage":{"@id":"https:\/\/wild-palms.com\/es\/art-vilnius-2025\/#primaryimage"},"image":{"@id":"https:\/\/wild-palms.com\/es\/art-vilnius-2025\/#primaryimage"},"thumbnailUrl":"https:\/\/wild-palms.com\/es\/wp-content\/uploads\/2025\/09\/AV25__LT-1-1024x1024.webp","datePublished":"2025-09-28T01:16:01+00:00","dateModified":"2025-10-01T06:27:25+00:00","description":"Artvllnius 2025. Stand 3.11. Exhibici\u00f3n de Rachel Libeskind, Alexandra Meffert y Mario Asef \/ Kirstin Burkhardt. Del 2 al 5 de octubre.","breadcrumb":{"@id":"https:\/\/wild-palms.com\/es\/art-vilnius-2025\/#breadcrumb"},"inLanguage":"es","potentialAction":[{"@type":"ReadAction","target":["https:\/\/wild-palms.com\/es\/art-vilnius-2025\/"]}]},{"@type":"ImageObject","inLanguage":"es","@id":"https:\/\/wild-palms.com\/es\/art-vilnius-2025\/#primaryimage","url":"https:\/\/wild-palms.com\/es\/wp-content\/uploads\/sites\/3\/2025\/09\/AV25__LT-1.webp","contentUrl":"https:\/\/wild-palms.com\/es\/wp-content\/uploads\/sites\/3\/2025\/09\/AV25__LT-1.webp","width":1080,"height":1080},{"@type":"BreadcrumbList","@id":"https:\/\/wild-palms.com\/es\/art-vilnius-2025\/#breadcrumb","itemListElement":[{"@type":"ListItem","position":1,"name":"Home","item":"https:\/\/wild-palms.com\/es\/"},{"@type":"ListItem","position":2,"name":"Art Vilnius 2025"}]},{"@type":"WebSite","@id":"https:\/\/wild-palms.com\/es\/#website","url":"https:\/\/wild-palms.com\/es\/","name":"wildpalms ES","description":"","publisher":{"@id":"https:\/\/wild-palms.com\/es\/#organization"},"potentialAction":[{"@type":"SearchAction","target":{"@type":"EntryPoint","urlTemplate":"https:\/\/wild-palms.com\/es\/?s={search_term_string}"},"query-input":{"@type":"PropertyValueSpecification","valueRequired":true,"valueName":"search_term_string"}}],"inLanguage":"es"},{"@type":"Organization","@id":"https:\/\/wild-palms.com\/es\/#organization","name":"wildpalms ES","url":"https:\/\/wild-palms.com\/es\/","logo":{"@type":"ImageObject","inLanguage":"es","@id":"https:\/\/wild-palms.com\/es\/#\/schema\/logo\/image\/","url":"https:\/\/wild-palms.com\/es\/wp-content\/uploads\/sites\/3\/2023\/03\/cropped-wildpalms_logo_ths.png","contentUrl":"https:\/\/wild-palms.com\/es\/wp-content\/uploads\/sites\/3\/2023\/03\/cropped-wildpalms_logo_ths.png","width":1200,"height":197,"caption":"wildpalms ES"},"image":{"@id":"https:\/\/wild-palms.com\/es\/#\/schema\/logo\/image\/"}}]}},"_links":{"self":[{"href":"https:\/\/wild-palms.com\/es\/wp-json\/wp\/v2\/pages\/9865","targetHints":{"allow":["GET"]}}],"collection":[{"href":"https:\/\/wild-palms.com\/es\/wp-json\/wp\/v2\/pages"}],"about":[{"href":"https:\/\/wild-palms.com\/es\/wp-json\/wp\/v2\/types\/page"}],"author":[{"embeddable":true,"href":"https:\/\/wild-palms.com\/es\/wp-json\/wp\/v2\/users\/1"}],"replies":[{"embeddable":true,"href":"https:\/\/wild-palms.com\/es\/wp-json\/wp\/v2\/comments?post=9865"}],"version-history":[{"count":5,"href":"https:\/\/wild-palms.com\/es\/wp-json\/wp\/v2\/pages\/9865\/revisions"}],"predecessor-version":[{"id":9882,"href":"https:\/\/wild-palms.com\/es\/wp-json\/wp\/v2\/pages\/9865\/revisions\/9882"}],"wp:attachment":[{"href":"https:\/\/wild-palms.com\/es\/wp-json\/wp\/v2\/media?parent=9865"}],"curies":[{"name":"wp","href":"https:\/\/api.w.org\/{rel}","templated":true}]}}