{"id":9752,"date":"2025-07-05T16:22:12","date_gmt":"2025-07-05T14:22:12","guid":{"rendered":"https:\/\/wild-palms.com\/?page_id=9752"},"modified":"2025-07-10T16:17:22","modified_gmt":"2025-07-10T14:17:22","slug":"arte-santander-2025","status":"publish","type":"page","link":"https:\/\/wild-palms.com\/es\/arte-santander-2025\/","title":{"rendered":"ARTE SANTANDER 2025"},"content":{"rendered":"\n<figure class=\"wp-block-image size-large is-resized\"><a href=\"http:\/\/wild-palms.com\/es\/wp-content\/uploads\/sites\/3\/2025\/07\/logo-artesantander.webp\" data-rel=\"lightbox-image-0\" data-rl_title=\"\" data-rl_caption=\"\" title=\"\"><img loading=\"lazy\" decoding=\"async\" width=\"1024\" height=\"119\" src=\"http:\/\/wild-palms.com\/es\/wp-content\/uploads\/sites\/3\/2025\/07\/logo-artesantander-1024x119.webp\" alt=\"Arte Santander 2025\" class=\"wp-image-9753\" style=\"width:228px;height:auto\" srcset=\"https:\/\/wild-palms.com\/es\/wp-content\/uploads\/sites\/3\/2025\/07\/logo-artesantander-1024x119.webp 1024w, https:\/\/wild-palms.com\/es\/wp-content\/uploads\/sites\/3\/2025\/07\/logo-artesantander-300x35.webp 300w, https:\/\/wild-palms.com\/es\/wp-content\/uploads\/sites\/3\/2025\/07\/logo-artesantander-768x90.webp 768w, https:\/\/wild-palms.com\/es\/wp-content\/uploads\/sites\/3\/2025\/07\/logo-artesantander-1536x179.webp 1536w, https:\/\/wild-palms.com\/es\/wp-content\/uploads\/sites\/3\/2025\/07\/logo-artesantander.webp 1578w\" sizes=\"auto, (max-width: 1024px) 100vw, 1024px\" \/><\/a><\/figure>\n\n\n\n<h2 class=\"wp-block-heading\" style=\"font-size:14px\"><a href=\"https:\/\/artesantander.com\/portfolio\/wildpalms\/\">Arte Santander 2025: <\/a> Dise\u00f1o y Estrategia<\/h2>\n\n\n\n<figure class=\"wp-block-image size-large\"><a href=\"https:\/\/wild-palms.com\/es\/wp-content\/uploads\/sites\/3\/2025\/07\/wildpalms_arte_Santander.webp\" data-rel=\"lightbox-image-1\" data-rl_title=\"\" data-rl_caption=\"\" title=\"\"><img loading=\"lazy\" decoding=\"async\" width=\"1024\" height=\"886\" src=\"https:\/\/wild-palms.com\/es\/wp-content\/uploads\/sites\/3\/2025\/07\/wildpalms_arte_Santander-1024x886.webp\" alt=\"\" class=\"wp-image-9776\" srcset=\"https:\/\/wild-palms.com\/es\/wp-content\/uploads\/sites\/3\/2025\/07\/wildpalms_arte_Santander-1024x886.webp 1024w, https:\/\/wild-palms.com\/es\/wp-content\/uploads\/sites\/3\/2025\/07\/wildpalms_arte_Santander-300x260.webp 300w, https:\/\/wild-palms.com\/es\/wp-content\/uploads\/sites\/3\/2025\/07\/wildpalms_arte_Santander-768x665.webp 768w, https:\/\/wild-palms.com\/es\/wp-content\/uploads\/sites\/3\/2025\/07\/wildpalms_arte_Santander.webp 1280w\" sizes=\"auto, (max-width: 1024px) 100vw, 1024px\" \/><\/a><\/figure>\n\n\n\n<div class=\"wp-block-buttons is-content-justification-center is-layout-flex wp-container-core-buttons-is-layout-16018d1d wp-block-buttons-is-layout-flex\">\n<div class=\"wp-block-button\"><a class=\"wp-block-button__link wp-element-button\" href=\"http:\/\/wild-palms.com\/es\/wp-content\/uploads\/sites\/3\/2025\/07\/Arte_Santader_compressed.pdf\">obra de arte santander 2025<\/a><\/div>\n<\/div>\n\n\n\n<p style=\"font-size:14px\">En el Renacimiento italiano, el concepto de disegno ocupaba un lugar central en la teor\u00eda y la pr\u00e1ctica art\u00edsticas. Mucho m\u00e1s que la noci\u00f3n moderna de \u201cdibujo\u201d, el disegno se entend\u00eda como una habilidad t\u00e9cnica y, al mismo tiempo, como un principio filos\u00f3fico.<\/p>\n\n\n\n<p style=\"font-size:14px\">Nuestra propuesta para<a href=\"https:\/\/artesantander.com\/portfolio\/wildpalms\/\"> Arte Santander 2025<\/a>, con obras de Rachel Libeskind, Felipe Castelblanco y Andreas Steinbrecher, destaca el papel del disegno como estrategia art\u00edstica que antecede, sostiene y expande otras pr\u00e1cticas contempor\u00e1neas.<\/p>\n\n\n\n<figure class=\"wp-block-image size-large is-resized\"><a href=\"http:\/\/wild-palms.com\/es\/wp-content\/uploads\/sites\/3\/2025\/07\/liana_de_Vida_A0_Liana_De_Vida.webp\" data-rel=\"lightbox-image-2\" data-rl_title=\"\" data-rl_caption=\"\" title=\"\"><img loading=\"lazy\" decoding=\"async\" width=\"682\" height=\"1024\" src=\"http:\/\/wild-palms.com\/es\/wp-content\/uploads\/sites\/3\/2025\/07\/liana_de_Vida_A0_Liana_De_Vida-682x1024.webp\" alt=\"Arte Santander 2025 \nFelipe Castelblanco\" class=\"wp-image-9754\" style=\"width:581px;height:auto\" srcset=\"https:\/\/wild-palms.com\/es\/wp-content\/uploads\/sites\/3\/2025\/07\/liana_de_Vida_A0_Liana_De_Vida-682x1024.webp 682w, https:\/\/wild-palms.com\/es\/wp-content\/uploads\/sites\/3\/2025\/07\/liana_de_Vida_A0_Liana_De_Vida-200x300.webp 200w, https:\/\/wild-palms.com\/es\/wp-content\/uploads\/sites\/3\/2025\/07\/liana_de_Vida_A0_Liana_De_Vida-768x1152.webp 768w, https:\/\/wild-palms.com\/es\/wp-content\/uploads\/sites\/3\/2025\/07\/liana_de_Vida_A0_Liana_De_Vida.webp 853w\" sizes=\"auto, (max-width: 682px) 100vw, 682px\" \/><\/a><figcaption class=\"wp-element-caption\">Felipe Castelblanco. Liana of Life. 59,4 x 84,1 cm. Digitaler Pigmentdruck Baryta 315 gm. 2022-2025<\/figcaption><\/figure>\n\n\n\n<p style=\"font-size:14px\"><br>Para <a href=\"https:\/\/wild-palms.com\/es\/andreas-steinbrecher\/\">Andreas Steinbrecher,<\/a> la serie de pinturas Autos representa una forma de equilibrar la tensi\u00f3n entre la libertad gestual del trazo en los bocetos y el control de la mano en la ejecuci\u00f3n pict\u00f3rica. Trabajando directamente con grafito sobre lienzo, de manera espont\u00e1nea y libre, esta serie le permite explorar los l\u00edmites del material y del formato pict\u00f3rico desde la fuerza expresiva del dibujo, proponiendo as\u00ed un nuevo ejercicio pict\u00f3rico desde D\u00fcsseldorf.<\/p>\n\n\n\n<p style=\"font-size:14px\"><br>En el caso de<a href=\"https:\/\/wild-palms.com\/es\/felipe-castelblanco\/\"> Felipe Castelblanco,<\/a> la serie fotogr\u00e1fica Detr\u00e1s de la noche se produjo en la selva amaz\u00f3nica durante la noche, utilizando luz ultravioleta para revelar la forma en que las plantas \u201cse observan a s\u00ed mismas\u201d. Para superar la oscuridad y profundizar en la comprensi\u00f3n de las plantas, el dibujo se volvi\u00f3 una herramienta esencial de observaci\u00f3n y registro detallado.<\/p>\n\n\n\n<p style=\"font-size:14px\"><br><a href=\"https:\/\/wild-palms.com\/es\/rachel-libeskind\/\">Rachel Libeskind<\/a>, una de las voces m\u00e1s incisivas del collage contempor\u00e1neo, construye sus obras a partir de archivos visuales que reconfigura con humor y mirada cr\u00edtica sobre el rol de la mujer en la religi\u00f3n y la sociedad. En sus collages, el disegno es clave para articular la tensi\u00f3n inherente a la ekphrasis: cuando el lenguaje intenta capturar, sustituir o dar forma a lo que es esencialmente no verbal y visual. As\u00ed, su obra se convierte en un campo expandido donde imagen y texto conviven en una fricci\u00f3n constante.<\/p>\n\n\n\n<p style=\"font-size:14px\">Con esta propuesta, Arte Santander 2025 pone en valor c\u00f3mo el disegno sigue vivo como idea y pr\u00e1ctica que alimenta, desaf\u00eda y renueva el arte contempor\u00e1neo.<\/p>\n\n\n\n<figure class=\"wp-block-image size-large\"><a href=\"http:\/\/wild-palms.com\/es\/wp-content\/uploads\/sites\/3\/2025\/07\/Rachel_Liebeskind_Nature_Owns_Nothing.webp\" data-rel=\"lightbox-image-3\" data-rl_title=\"\" data-rl_caption=\"\" title=\"\"><img loading=\"lazy\" decoding=\"async\" width=\"1024\" height=\"682\" src=\"http:\/\/wild-palms.com\/es\/wp-content\/uploads\/sites\/3\/2025\/07\/Rachel_Liebeskind_Nature_Owns_Nothing-1024x682.webp\" alt=\"Rachel Libeskind Nature Owns You Nothing. ZKM \" class=\"wp-image-9772\" srcset=\"https:\/\/wild-palms.com\/es\/wp-content\/uploads\/sites\/3\/2025\/07\/Rachel_Liebeskind_Nature_Owns_Nothing-1024x682.webp 1024w, https:\/\/wild-palms.com\/es\/wp-content\/uploads\/sites\/3\/2025\/07\/Rachel_Liebeskind_Nature_Owns_Nothing-300x200.webp 300w, https:\/\/wild-palms.com\/es\/wp-content\/uploads\/sites\/3\/2025\/07\/Rachel_Liebeskind_Nature_Owns_Nothing-768x511.webp 768w, https:\/\/wild-palms.com\/es\/wp-content\/uploads\/sites\/3\/2025\/07\/Rachel_Liebeskind_Nature_Owns_Nothing.webp 1080w\" sizes=\"auto, (max-width: 1024px) 100vw, 1024px\" \/><\/a><figcaption class=\"wp-element-caption\">Rachel Libeskind. Nature owns you Nothing. Silkscreen on Textile.147 x 215 cm. 2020<\/figcaption><\/figure>\n","protected":false},"excerpt":{"rendered":"<p>Arte Santander 2025: Dise\u00f1o y Estrategia En el Renacimiento italiano, el concepto de disegno ocupaba un lugar central en la teor\u00eda y la pr\u00e1ctica art\u00edsticas. Mucho m\u00e1s que la noci\u00f3n moderna de \u201cdibujo\u201d, el disegno se entend\u00eda como una habilidad t\u00e9cnica y, al mismo tiempo, como un principio filos\u00f3fico. Nuestra propuesta para Arte Santander 2025, [&hellip;]<\/p>\n","protected":false},"author":1,"featured_media":0,"parent":0,"menu_order":0,"comment_status":"closed","ping_status":"closed","template":"","meta":{"_coblocks_attr":"","_coblocks_dimensions":"","_coblocks_responsive_height":"","_coblocks_accordion_ie_support":"","hide_page_title":"","footnotes":""},"class_list":["post-9752","page","type-page","status-publish","hentry"],"yoast_head":"<!-- This site is optimized with the Yoast SEO plugin v27.0 - https:\/\/yoast.com\/product\/yoast-seo-wordpress\/ -->\n<title>ARTE SANTANDER 2025 - wildpalms ES<\/title>\n<meta name=\"description\" content=\"Arte Santander 2025. Con Rachel Libeskind, Felipe Castelblanco, y Andreas Steinbrecher; comisarios Meffert &amp; Sanguino\" \/>\n<meta name=\"robots\" content=\"index, follow, max-snippet:-1, max-image-preview:large, max-video-preview:-1\" \/>\n<link rel=\"canonical\" href=\"http:\/\/wild-palms.com\/es\/arte-santander-2025\/\" \/>\n<meta property=\"og:locale\" content=\"es_ES\" \/>\n<meta property=\"og:type\" content=\"article\" \/>\n<meta property=\"og:title\" content=\"ARTE SANTANDER 2025 - wildpalms ES\" \/>\n<meta property=\"og:description\" content=\"Arte Santander 2025. Con Rachel Libeskind, Felipe Castelblanco, y Andreas Steinbrecher; comisarios Meffert &amp; Sanguino\" \/>\n<meta property=\"og:url\" content=\"http:\/\/wild-palms.com\/es\/arte-santander-2025\/\" \/>\n<meta property=\"og:site_name\" content=\"wildpalms ES\" \/>\n<meta property=\"article:modified_time\" content=\"2025-07-10T14:17:22+00:00\" \/>\n<meta property=\"og:image\" content=\"http:\/\/wild-palms.com\/es\/wp-content\/uploads\/sites\/3\/2025\/07\/logo-artesantander-1024x119.webp\" \/>\n<meta name=\"twitter:card\" content=\"summary_large_image\" \/>\n<meta name=\"twitter:label1\" content=\"Est. reading time\" \/>\n\t<meta name=\"twitter:data1\" content=\"3 minutes\" \/>\n<script type=\"application\/ld+json\" class=\"yoast-schema-graph\">{\"@context\":\"https:\/\/schema.org\",\"@graph\":[{\"@type\":\"WebPage\",\"@id\":\"http:\/\/wild-palms.com\/es\/arte-santander-2025\/\",\"url\":\"http:\/\/wild-palms.com\/es\/arte-santander-2025\/\",\"name\":\"ARTE SANTANDER 2025 - wildpalms ES\",\"isPartOf\":{\"@id\":\"https:\/\/wild-palms.com\/es\/#website\"},\"primaryImageOfPage\":{\"@id\":\"http:\/\/wild-palms.com\/es\/arte-santander-2025\/#primaryimage\"},\"image\":{\"@id\":\"http:\/\/wild-palms.com\/es\/arte-santander-2025\/#primaryimage\"},\"thumbnailUrl\":\"http:\/\/wild-palms.com\/es\/wp-content\/uploads\/sites\/3\/2025\/07\/logo-artesantander-1024x119.webp\",\"datePublished\":\"2025-07-05T14:22:12+00:00\",\"dateModified\":\"2025-07-10T14:17:22+00:00\",\"description\":\"Arte Santander 2025. Con Rachel Libeskind, Felipe Castelblanco, y Andreas Steinbrecher; comisarios Meffert & Sanguino\",\"breadcrumb\":{\"@id\":\"http:\/\/wild-palms.com\/es\/arte-santander-2025\/#breadcrumb\"},\"inLanguage\":\"es\",\"potentialAction\":[{\"@type\":\"ReadAction\",\"target\":[\"http:\/\/wild-palms.com\/es\/arte-santander-2025\/\"]}]},{\"@type\":\"ImageObject\",\"inLanguage\":\"es\",\"@id\":\"http:\/\/wild-palms.com\/es\/arte-santander-2025\/#primaryimage\",\"url\":\"https:\/\/wild-palms.com\/es\/wp-content\/uploads\/sites\/3\/2025\/07\/logo-artesantander.webp\",\"contentUrl\":\"https:\/\/wild-palms.com\/es\/wp-content\/uploads\/sites\/3\/2025\/07\/logo-artesantander.webp\",\"width\":1578,\"height\":184},{\"@type\":\"BreadcrumbList\",\"@id\":\"http:\/\/wild-palms.com\/es\/arte-santander-2025\/#breadcrumb\",\"itemListElement\":[{\"@type\":\"ListItem\",\"position\":1,\"name\":\"Home\",\"item\":\"https:\/\/wild-palms.com\/es\/\"},{\"@type\":\"ListItem\",\"position\":2,\"name\":\"ARTE SANTANDER 2025\"}]},{\"@type\":\"WebSite\",\"@id\":\"https:\/\/wild-palms.com\/es\/#website\",\"url\":\"https:\/\/wild-palms.com\/es\/\",\"name\":\"wildpalms ES\",\"description\":\"\",\"publisher\":{\"@id\":\"https:\/\/wild-palms.com\/es\/#organization\"},\"potentialAction\":[{\"@type\":\"SearchAction\",\"target\":{\"@type\":\"EntryPoint\",\"urlTemplate\":\"https:\/\/wild-palms.com\/es\/?s={search_term_string}\"},\"query-input\":{\"@type\":\"PropertyValueSpecification\",\"valueRequired\":true,\"valueName\":\"search_term_string\"}}],\"inLanguage\":\"es\"},{\"@type\":\"Organization\",\"@id\":\"https:\/\/wild-palms.com\/es\/#organization\",\"name\":\"wildpalms ES\",\"url\":\"https:\/\/wild-palms.com\/es\/\",\"logo\":{\"@type\":\"ImageObject\",\"inLanguage\":\"es\",\"@id\":\"https:\/\/wild-palms.com\/es\/#\/schema\/logo\/image\/\",\"url\":\"https:\/\/wild-palms.com\/es\/wp-content\/uploads\/sites\/3\/2023\/03\/cropped-wildpalms_logo_ths.png\",\"contentUrl\":\"https:\/\/wild-palms.com\/es\/wp-content\/uploads\/sites\/3\/2023\/03\/cropped-wildpalms_logo_ths.png\",\"width\":1200,\"height\":197,\"caption\":\"wildpalms ES\"},\"image\":{\"@id\":\"https:\/\/wild-palms.com\/es\/#\/schema\/logo\/image\/\"}}]}<\/script>\n<!-- \/ Yoast SEO plugin. -->","yoast_head_json":{"title":"ARTE SANTANDER 2025 - wildpalms ES","description":"Arte Santander 2025. Con Rachel Libeskind, Felipe Castelblanco, y Andreas Steinbrecher; comisarios Meffert & Sanguino","robots":{"index":"index","follow":"follow","max-snippet":"max-snippet:-1","max-image-preview":"max-image-preview:large","max-video-preview":"max-video-preview:-1"},"canonical":"http:\/\/wild-palms.com\/es\/arte-santander-2025\/","og_locale":"es_ES","og_type":"article","og_title":"ARTE SANTANDER 2025 - wildpalms ES","og_description":"Arte Santander 2025. Con Rachel Libeskind, Felipe Castelblanco, y Andreas Steinbrecher; comisarios Meffert & Sanguino","og_url":"http:\/\/wild-palms.com\/es\/arte-santander-2025\/","og_site_name":"wildpalms ES","article_modified_time":"2025-07-10T14:17:22+00:00","og_image":[{"url":"http:\/\/wild-palms.com\/es\/wp-content\/uploads\/sites\/3\/2025\/07\/logo-artesantander-1024x119.webp","type":"","width":"","height":""}],"twitter_card":"summary_large_image","twitter_misc":{"Est. reading time":"3 minutes"},"schema":{"@context":"https:\/\/schema.org","@graph":[{"@type":"WebPage","@id":"http:\/\/wild-palms.com\/es\/arte-santander-2025\/","url":"http:\/\/wild-palms.com\/es\/arte-santander-2025\/","name":"ARTE SANTANDER 2025 - wildpalms ES","isPartOf":{"@id":"https:\/\/wild-palms.com\/es\/#website"},"primaryImageOfPage":{"@id":"http:\/\/wild-palms.com\/es\/arte-santander-2025\/#primaryimage"},"image":{"@id":"http:\/\/wild-palms.com\/es\/arte-santander-2025\/#primaryimage"},"thumbnailUrl":"http:\/\/wild-palms.com\/es\/wp-content\/uploads\/sites\/3\/2025\/07\/logo-artesantander-1024x119.webp","datePublished":"2025-07-05T14:22:12+00:00","dateModified":"2025-07-10T14:17:22+00:00","description":"Arte Santander 2025. Con Rachel Libeskind, Felipe Castelblanco, y Andreas Steinbrecher; comisarios Meffert & Sanguino","breadcrumb":{"@id":"http:\/\/wild-palms.com\/es\/arte-santander-2025\/#breadcrumb"},"inLanguage":"es","potentialAction":[{"@type":"ReadAction","target":["http:\/\/wild-palms.com\/es\/arte-santander-2025\/"]}]},{"@type":"ImageObject","inLanguage":"es","@id":"http:\/\/wild-palms.com\/es\/arte-santander-2025\/#primaryimage","url":"https:\/\/wild-palms.com\/es\/wp-content\/uploads\/sites\/3\/2025\/07\/logo-artesantander.webp","contentUrl":"https:\/\/wild-palms.com\/es\/wp-content\/uploads\/sites\/3\/2025\/07\/logo-artesantander.webp","width":1578,"height":184},{"@type":"BreadcrumbList","@id":"http:\/\/wild-palms.com\/es\/arte-santander-2025\/#breadcrumb","itemListElement":[{"@type":"ListItem","position":1,"name":"Home","item":"https:\/\/wild-palms.com\/es\/"},{"@type":"ListItem","position":2,"name":"ARTE SANTANDER 2025"}]},{"@type":"WebSite","@id":"https:\/\/wild-palms.com\/es\/#website","url":"https:\/\/wild-palms.com\/es\/","name":"wildpalms ES","description":"","publisher":{"@id":"https:\/\/wild-palms.com\/es\/#organization"},"potentialAction":[{"@type":"SearchAction","target":{"@type":"EntryPoint","urlTemplate":"https:\/\/wild-palms.com\/es\/?s={search_term_string}"},"query-input":{"@type":"PropertyValueSpecification","valueRequired":true,"valueName":"search_term_string"}}],"inLanguage":"es"},{"@type":"Organization","@id":"https:\/\/wild-palms.com\/es\/#organization","name":"wildpalms ES","url":"https:\/\/wild-palms.com\/es\/","logo":{"@type":"ImageObject","inLanguage":"es","@id":"https:\/\/wild-palms.com\/es\/#\/schema\/logo\/image\/","url":"https:\/\/wild-palms.com\/es\/wp-content\/uploads\/sites\/3\/2023\/03\/cropped-wildpalms_logo_ths.png","contentUrl":"https:\/\/wild-palms.com\/es\/wp-content\/uploads\/sites\/3\/2023\/03\/cropped-wildpalms_logo_ths.png","width":1200,"height":197,"caption":"wildpalms ES"},"image":{"@id":"https:\/\/wild-palms.com\/es\/#\/schema\/logo\/image\/"}}]}},"_links":{"self":[{"href":"https:\/\/wild-palms.com\/es\/wp-json\/wp\/v2\/pages\/9752","targetHints":{"allow":["GET"]}}],"collection":[{"href":"https:\/\/wild-palms.com\/es\/wp-json\/wp\/v2\/pages"}],"about":[{"href":"https:\/\/wild-palms.com\/es\/wp-json\/wp\/v2\/types\/page"}],"author":[{"embeddable":true,"href":"https:\/\/wild-palms.com\/es\/wp-json\/wp\/v2\/users\/1"}],"replies":[{"embeddable":true,"href":"https:\/\/wild-palms.com\/es\/wp-json\/wp\/v2\/comments?post=9752"}],"version-history":[{"count":5,"href":"https:\/\/wild-palms.com\/es\/wp-json\/wp\/v2\/pages\/9752\/revisions"}],"predecessor-version":[{"id":9782,"href":"https:\/\/wild-palms.com\/es\/wp-json\/wp\/v2\/pages\/9752\/revisions\/9782"}],"wp:attachment":[{"href":"https:\/\/wild-palms.com\/es\/wp-json\/wp\/v2\/media?parent=9752"}],"curies":[{"name":"wp","href":"https:\/\/api.w.org\/{rel}","templated":true}]}}