{"id":9634,"date":"2025-03-21T12:21:58","date_gmt":"2025-03-21T11:21:58","guid":{"rendered":"https:\/\/wild-palms.com\/?page_id=9634"},"modified":"2025-07-06T01:38:32","modified_gmt":"2025-07-05T23:38:32","slug":"soft-error","status":"publish","type":"page","link":"https:\/\/wild-palms.com\/es\/soft-error\/","title":{"rendered":"Janosch Jauch: SOFT ERROR"},"content":{"rendered":"\n<h1 class=\"wp-block-heading\" style=\"font-size:32px\">Janosch Jauch: SOFT ERROR<\/h1>\n\n\n\n<div class=\"wp-block-columns alignwide is-layout-flex wp-container-core-columns-is-layout-9d6595d7 wp-block-columns-is-layout-flex\">\n<div class=\"wp-block-column is-layout-flow wp-block-column-is-layout-flow\">\n<figure class=\"wp-block-image size-large\"><img loading=\"lazy\" decoding=\"async\" width=\"1024\" height=\"1019\" src=\"https:\/\/wild-palms.com\/wp-content\/uploads\/2025\/03\/janosch-jauch-soft-error-website-image@-wildpalms-soft-error-janosch-jauch-1024x1019.webp\" alt=\"Janosch Jauch Soft Error exhibition at wildpalms\" class=\"wp-image-9641\" srcset=\"https:\/\/wild-palms.com\/es\/wp-content\/uploads\/sites\/3\/2025\/03\/janosch-jauch-soft-error-website-image@-wildpalms-soft-error-janosch-jauch-1024x1019.webp 1024w, https:\/\/wild-palms.com\/es\/wp-content\/uploads\/sites\/3\/2025\/03\/janosch-jauch-soft-error-website-image@-wildpalms-soft-error-janosch-jauch-300x300.webp 300w, https:\/\/wild-palms.com\/es\/wp-content\/uploads\/sites\/3\/2025\/03\/janosch-jauch-soft-error-website-image@-wildpalms-soft-error-janosch-jauch-150x150.webp 150w, https:\/\/wild-palms.com\/es\/wp-content\/uploads\/sites\/3\/2025\/03\/janosch-jauch-soft-error-website-image@-wildpalms-soft-error-janosch-jauch-768x764.webp 768w, https:\/\/wild-palms.com\/es\/wp-content\/uploads\/sites\/3\/2025\/03\/janosch-jauch-soft-error-website-image@-wildpalms-soft-error-janosch-jauch.webp 1306w\" sizes=\"auto, (max-width: 1024px) 100vw, 1024px\" \/><\/figure>\n<\/div>\n\n\n\n<div class=\"wp-block-column is-layout-flow wp-block-column-is-layout-flow\">\n<p>Exposici\u00f3n individual de Janosch Jauch<br>Inauguraci\u00f3n: Viernes, 21 de marzo de 2025, de 18:00 a 21:00 h<\/p>\n\n\n\n<p style=\"font-size:13px\">En Soft Error, Jauch desarrolla una instalaci\u00f3n inmersiva que explora el juego de luces y sombras. Los temas surgen de composiciones con objetos cotidianos que, en ocasiones, aparecen a orillas del Rin, donde experimenta con transiciones entre luz y materia. La fotograf\u00eda anal\u00f3gica desempe\u00f1a un papel central en este contexto. Jauch reflexiona sobre los errores, la imprevisibilidad y la cualidad org\u00e1nica de este medio, elementos que transfiere conscientemente a su instalaci\u00f3n.<\/p>\n<\/div>\n<\/div>\n\n\n\n<figure class=\"wp-block-image alignwide size-full\"><a href=\"https:\/\/wild-palms.com\/wp-content\/uploads\/2025\/03\/Soft_Error_Janosch_Jauch_7c.webp\" data-rel=\"lightbox-image-0\" data-rl_title=\"\" data-rl_caption=\"\" title=\"\"><img loading=\"lazy\" decoding=\"async\" width=\"1920\" height=\"1279\" src=\"https:\/\/wild-palms.com\/wp-content\/uploads\/2025\/03\/Soft_Error_Janosch_Jauch_7c.webp\" alt=\"Janosch Jauch\" class=\"wp-image-9649\" srcset=\"https:\/\/wild-palms.com\/es\/wp-content\/uploads\/sites\/3\/2025\/03\/Soft_Error_Janosch_Jauch_7c.webp 1920w, https:\/\/wild-palms.com\/es\/wp-content\/uploads\/sites\/3\/2025\/03\/Soft_Error_Janosch_Jauch_7c-300x200.webp 300w, https:\/\/wild-palms.com\/es\/wp-content\/uploads\/sites\/3\/2025\/03\/Soft_Error_Janosch_Jauch_7c-1024x682.webp 1024w, https:\/\/wild-palms.com\/es\/wp-content\/uploads\/sites\/3\/2025\/03\/Soft_Error_Janosch_Jauch_7c-768x512.webp 768w, https:\/\/wild-palms.com\/es\/wp-content\/uploads\/sites\/3\/2025\/03\/Soft_Error_Janosch_Jauch_7c-1536x1023.webp 1536w\" sizes=\"auto, (max-width: 1920px) 100vw, 1920px\" \/><\/a><\/figure>\n\n\n\n<p style=\"font-size:13px\">Soft Error es una instalaci\u00f3n creada por Janosch Jauch especialmente para wildpalms. A trav\u00e9s de un estrecho pasillo de tres metros de longitud, los visitantes se sumergen en un mundo de sombras y reflejos generados por una luz c\u00e1lida, explorando los procesos creativos y las posibilidades de dise\u00f1o vinculadas a la producci\u00f3n art\u00edstica.<br>Cuando las sombras se proyectan sobre los tejados de nuestras casas o sobre las cortinas y el viento mueve las ramas de los \u00e1rboles de donde surgen esas sombras, entramos en un mundo de ficci\u00f3n:<br>En segundo plano se proyecta una pel\u00edcula de 4 minutos a 100 fotogramas por segundo, en la que una escultura formada por ramas y objetos estalla en llamas: el humo y las llamas, captados en detalle gracias a la calidad de la imagen, forman una danza precisa sobre el tel\u00f3n de fondo del atardecer a orillas del Rin.<br>Un acuario remite a la fuente barroca del Jard\u00edn Bot\u00e1nico de Palermo, que dialoga con la superficie pintada de un parque mec\u00e1nico de atracciones, mientras que un proyector de diapositivas no ilumina una imagen, sino los reflejos del agua y del vidrio del acuario. Los momentos de recreaci\u00f3n que atraviesan la vida humana no han cambiado a lo largo de los siglos.<\/p>\n\n\n\n<p>En el centro de la sala se encuentra un escenario donde un mundo vegetal instalado frente a proyectores proyecta sus sombras sobre dos piezas, formando un recorrido a lo largo del cual el espectador, al pasar e iluminarse, se convierte en parte de la obra. La transforma al contemplar los bodegones, formados por im\u00e1genes que nos resultan reconocibles.<br>Una de las preguntas que nos hacemos al entrar en contacto con el arte es c\u00f3mo una obra se convierte en realidad. M\u00e1s all\u00e1 de la cuesti\u00f3n t\u00e9cnica, todos nosotros, los espectadores, admiramos los procesos de creaci\u00f3n art\u00edstica que nos invitan a reflexionar sobre distintos aspectos de nuestra existencia. \u00bfC\u00f3mo mostrar este momento de proceso y, al mismo tiempo, volverlo experimental a nivel corporal?<br>Jauch expone las im\u00e1genes y busca la multitud de referencias que \u00e9stas pueden tener. Ya sea en la inmensa biblioteca visual de la historia del arte o en los medios populares, as\u00ed como en im\u00e1genes que surgen de la nada, en casualidades como la aparici\u00f3n de un pl\u00e1tano en la fotograf\u00eda, reafirmando a la vez la voluntad de crear: como en los bodegones, donde unos zapatos viejos adquieren un papel importante.<\/p>\n\n\n\n<p style=\"font-size:13px\">Sobre Janosch Jauch:<br>Janosch Jauch (nacido en 1985 en Karlsruhe, Alemania) vive y trabaja en D\u00fcsseldorf, donde se gradu\u00f3 en escultura y pintura en la Kunstakademie (2014) bajo la ense\u00f1anza de Georg Herold, Andreas Gursky y Ludger Schwarte.<\/p>\n\n\n\n<hr class=\"wp-block-coblocks-dynamic-separator\" style=\"height:41px\"\/>\n\n\n\n<figure class=\"wp-block-image size-large\"><a href=\"https:\/\/wild-palms.com\/wp-content\/uploads\/2025\/04\/O.T.-STLJP.webp\" data-rel=\"lightbox-image-1\" data-rl_title=\"\" data-rl_caption=\"\" title=\"\"><img loading=\"lazy\" decoding=\"async\" width=\"834\" height=\"1024\" src=\"https:\/\/wild-palms.com\/wp-content\/uploads\/2025\/04\/O.T.-STLJP-834x1024.webp\" alt=\"\" class=\"wp-image-9682\" srcset=\"https:\/\/wild-palms.com\/es\/wp-content\/uploads\/sites\/3\/2025\/04\/O.T.-STLJP-834x1024.webp 834w, https:\/\/wild-palms.com\/es\/wp-content\/uploads\/sites\/3\/2025\/04\/O.T.-STLJP-244x300.webp 244w, https:\/\/wild-palms.com\/es\/wp-content\/uploads\/sites\/3\/2025\/04\/O.T.-STLJP-768x943.webp 768w, https:\/\/wild-palms.com\/es\/wp-content\/uploads\/sites\/3\/2025\/04\/O.T.-STLJP.webp 1200w\" sizes=\"auto, (max-width: 834px) 100vw, 834px\" \/><\/a><figcaption class=\"wp-element-caption\">O.T. (STLJP). Paper, photo emulsion on canvas, framed. 40 x 50 cm. 2023\n<\/figcaption><\/figure>\n\n\n\n<figure class=\"wp-block-image alignwide size-full mt-0\"><a href=\"https:\/\/wild-palms.com\/wp-content\/uploads\/2025\/05\/O5A1191-Bearbeitet_250415_JMR_1920-web.webp\" data-rel=\"lightbox-image-2\" data-rl_title=\"\" data-rl_caption=\"\" title=\"\"><img loading=\"lazy\" decoding=\"async\" width=\"1920\" height=\"1280\" src=\"https:\/\/wild-palms.com\/wp-content\/uploads\/2025\/05\/O5A1191-Bearbeitet_250415_JMR_1920-web.webp\" alt=\"Janosh Jauch\" class=\"wp-image-9720\" srcset=\"https:\/\/wild-palms.com\/es\/wp-content\/uploads\/sites\/3\/2025\/05\/O5A1191-Bearbeitet_250415_JMR_1920-web.webp 1920w, https:\/\/wild-palms.com\/es\/wp-content\/uploads\/sites\/3\/2025\/05\/O5A1191-Bearbeitet_250415_JMR_1920-web-300x200.webp 300w, https:\/\/wild-palms.com\/es\/wp-content\/uploads\/sites\/3\/2025\/05\/O5A1191-Bearbeitet_250415_JMR_1920-web-1024x683.webp 1024w, https:\/\/wild-palms.com\/es\/wp-content\/uploads\/sites\/3\/2025\/05\/O5A1191-Bearbeitet_250415_JMR_1920-web-768x512.webp 768w, https:\/\/wild-palms.com\/es\/wp-content\/uploads\/sites\/3\/2025\/05\/O5A1191-Bearbeitet_250415_JMR_1920-web-1536x1024.webp 1536w\" sizes=\"auto, (max-width: 1920px) 100vw, 1920px\" \/><\/a><figcaption class=\"wp-element-caption\">Exhibitions view &#8220;Soft Error&#8221; Photo Credits. JRM Documentation<\/figcaption><\/figure>\n\n\n\n<figure class=\"wp-block-image alignwide size-full mt-0\"><a href=\"https:\/\/wild-palms.com\/wp-content\/uploads\/2025\/05\/O5A1222-Bearbeitet_250415_JMR_1920-web.webp\" data-rel=\"lightbox-image-3\" data-rl_title=\"\" data-rl_caption=\"\" title=\"\"><img loading=\"lazy\" decoding=\"async\" width=\"1920\" height=\"1280\" src=\"https:\/\/wild-palms.com\/wp-content\/uploads\/2025\/05\/O5A1222-Bearbeitet_250415_JMR_1920-web.webp\" alt=\"\" class=\"wp-image-9722\" srcset=\"https:\/\/wild-palms.com\/es\/wp-content\/uploads\/sites\/3\/2025\/05\/O5A1222-Bearbeitet_250415_JMR_1920-web.webp 1920w, https:\/\/wild-palms.com\/es\/wp-content\/uploads\/sites\/3\/2025\/05\/O5A1222-Bearbeitet_250415_JMR_1920-web-300x200.webp 300w, https:\/\/wild-palms.com\/es\/wp-content\/uploads\/sites\/3\/2025\/05\/O5A1222-Bearbeitet_250415_JMR_1920-web-1024x683.webp 1024w, https:\/\/wild-palms.com\/es\/wp-content\/uploads\/sites\/3\/2025\/05\/O5A1222-Bearbeitet_250415_JMR_1920-web-768x512.webp 768w, https:\/\/wild-palms.com\/es\/wp-content\/uploads\/sites\/3\/2025\/05\/O5A1222-Bearbeitet_250415_JMR_1920-web-1536x1024.webp 1536w\" sizes=\"auto, (max-width: 1920px) 100vw, 1920px\" \/><\/a><figcaption class=\"wp-element-caption\">Exhibitions view &#8220;Soft Error&#8221; Photo Credits. JRM Documentation<\/figcaption><\/figure>\n\n\n\n<figure class=\"wp-block-image alignwide size-full mt-0\"><a href=\"https:\/\/wild-palms.com\/wp-content\/uploads\/2025\/05\/O5A1257_250415_JMR_1920-web.webp\" data-rel=\"lightbox-image-4\" data-rl_title=\"\" data-rl_caption=\"\" title=\"\"><img loading=\"lazy\" decoding=\"async\" width=\"1920\" height=\"1280\" src=\"https:\/\/wild-palms.com\/wp-content\/uploads\/2025\/05\/O5A1257_250415_JMR_1920-web.webp\" alt=\"\" class=\"wp-image-9723\" srcset=\"https:\/\/wild-palms.com\/es\/wp-content\/uploads\/sites\/3\/2025\/05\/O5A1257_250415_JMR_1920-web.webp 1920w, https:\/\/wild-palms.com\/es\/wp-content\/uploads\/sites\/3\/2025\/05\/O5A1257_250415_JMR_1920-web-300x200.webp 300w, https:\/\/wild-palms.com\/es\/wp-content\/uploads\/sites\/3\/2025\/05\/O5A1257_250415_JMR_1920-web-1024x683.webp 1024w, https:\/\/wild-palms.com\/es\/wp-content\/uploads\/sites\/3\/2025\/05\/O5A1257_250415_JMR_1920-web-768x512.webp 768w, https:\/\/wild-palms.com\/es\/wp-content\/uploads\/sites\/3\/2025\/05\/O5A1257_250415_JMR_1920-web-1536x1024.webp 1536w\" sizes=\"auto, (max-width: 1920px) 100vw, 1920px\" \/><\/a><figcaption class=\"wp-element-caption\">Exhibitions view &#8220;Soft Error&#8221; Photo Credits. JRM Documentation<\/figcaption><\/figure>\n\n\n\n<figure class=\"wp-block-gallery has-nested-images columns-default is-cropped wp-block-gallery-1 is-layout-flex wp-block-gallery-is-layout-flex\">\n<figure class=\"wp-block-image size-large\"><a href=\"https:\/\/wild-palms.com\/wp-content\/uploads\/2025\/04\/O.T.-HANGING-GARDEN-I.webp\" data-rel=\"lightbox-image-5\" data-rl_title=\"\" data-rl_caption=\"\" title=\"\"><img loading=\"lazy\" decoding=\"async\" width=\"768\" height=\"1024\" data-id=\"9677\" src=\"https:\/\/wild-palms.com\/wp-content\/uploads\/2025\/04\/O.T.-HANGING-GARDEN-I-768x1024.webp\" alt=\"\" class=\"wp-image-9677\" srcset=\"https:\/\/wild-palms.com\/es\/wp-content\/uploads\/sites\/3\/2025\/04\/O.T.-HANGING-GARDEN-I-768x1024.webp 768w, https:\/\/wild-palms.com\/es\/wp-content\/uploads\/sites\/3\/2025\/04\/O.T.-HANGING-GARDEN-I-225x300.webp 225w, https:\/\/wild-palms.com\/es\/wp-content\/uploads\/sites\/3\/2025\/04\/O.T.-HANGING-GARDEN-I.webp 900w\" sizes=\"auto, (max-width: 768px) 100vw, 768px\" \/><\/a><\/figure>\n\n\n\n<figure class=\"wp-block-image size-large\"><a href=\"https:\/\/wild-palms.com\/wp-content\/uploads\/2025\/04\/O.T.-HANGING-GARDEN-II.webp\" data-rel=\"lightbox-image-6\" data-rl_title=\"\" data-rl_caption=\"\" title=\"\"><img loading=\"lazy\" decoding=\"async\" width=\"768\" height=\"1024\" data-id=\"9678\" src=\"https:\/\/wild-palms.com\/wp-content\/uploads\/2025\/04\/O.T.-HANGING-GARDEN-II-768x1024.webp\" alt=\"\" class=\"wp-image-9678\" srcset=\"https:\/\/wild-palms.com\/es\/wp-content\/uploads\/sites\/3\/2025\/04\/O.T.-HANGING-GARDEN-II-768x1024.webp 768w, https:\/\/wild-palms.com\/es\/wp-content\/uploads\/sites\/3\/2025\/04\/O.T.-HANGING-GARDEN-II-225x300.webp 225w, https:\/\/wild-palms.com\/es\/wp-content\/uploads\/sites\/3\/2025\/04\/O.T.-HANGING-GARDEN-II.webp 900w\" sizes=\"auto, (max-width: 768px) 100vw, 768px\" \/><\/a><\/figure>\n\n\n\n<figure class=\"wp-block-image size-large\"><a href=\"https:\/\/wild-palms.com\/wp-content\/uploads\/2025\/04\/O.T.-HANGING-GARDEN-III.webp\" data-rel=\"lightbox-image-7\" data-rl_title=\"\" data-rl_caption=\"\" title=\"\"><img loading=\"lazy\" decoding=\"async\" width=\"767\" height=\"1024\" data-id=\"9679\" src=\"https:\/\/wild-palms.com\/wp-content\/uploads\/2025\/04\/O.T.-HANGING-GARDEN-III-767x1024.webp\" alt=\"\" class=\"wp-image-9679\" srcset=\"https:\/\/wild-palms.com\/es\/wp-content\/uploads\/sites\/3\/2025\/04\/O.T.-HANGING-GARDEN-III-767x1024.webp 767w, https:\/\/wild-palms.com\/es\/wp-content\/uploads\/sites\/3\/2025\/04\/O.T.-HANGING-GARDEN-III-225x300.webp 225w, https:\/\/wild-palms.com\/es\/wp-content\/uploads\/sites\/3\/2025\/04\/O.T.-HANGING-GARDEN-III-768x1025.webp 768w, https:\/\/wild-palms.com\/es\/wp-content\/uploads\/sites\/3\/2025\/04\/O.T.-HANGING-GARDEN-III.webp 899w\" sizes=\"auto, (max-width: 767px) 100vw, 767px\" \/><\/a><\/figure>\n<\/figure>\n\n\n\n<div class=\"wp-block-group is-vertical is-layout-flex wp-container-core-group-is-layout-8cf370e7 wp-block-group-is-layout-flex\">\n<p class=\"has-text-align-center\" style=\"font-size:14px\">O.T. (HANGING GARDEN I, II, III). 30 x40cm, frame: 61,5 x51,5cm. Silver gelatin on Baryta paper. Framed. 2023. Ed. 3 + 2 AP<\/p>\n\n\n\n<hr class=\"wp-block-coblocks-dynamic-separator\" style=\"height:50px\"\/>\n<\/div>\n\n\n\n<figure class=\"wp-block-embed is-type-video is-provider-vimeo wp-block-embed-vimeo wp-embed-aspect-16-9 wp-has-aspect-ratio\"><div class=\"wp-block-embed__wrapper\">\n<iframe loading=\"lazy\" title=\"Janosch Jauch O.T\" src=\"https:\/\/player.vimeo.com\/video\/1072544456?dnt=1&amp;app_id=122963\" width=\"640\" height=\"360\" frameborder=\"0\" allow=\"autoplay; fullscreen; picture-in-picture; clipboard-write; encrypted-media; web-share\"><\/iframe>\n<\/div><\/figure>\n\n\n\n<figure class=\"wp-block-image size-large\"><a href=\"https:\/\/wild-palms.com\/wp-content\/uploads\/2025\/04\/O.T.-BLSTCH.webp\" data-rel=\"lightbox-image-8\" data-rl_title=\"\" data-rl_caption=\"\" title=\"\"><img loading=\"lazy\" decoding=\"async\" width=\"701\" height=\"1024\" src=\"https:\/\/wild-palms.com\/wp-content\/uploads\/2025\/04\/O.T.-BLSTCH-701x1024.webp\" alt=\"\" class=\"wp-image-9673\" srcset=\"https:\/\/wild-palms.com\/es\/wp-content\/uploads\/sites\/3\/2025\/04\/O.T.-BLSTCH-701x1024.webp 701w, https:\/\/wild-palms.com\/es\/wp-content\/uploads\/sites\/3\/2025\/04\/O.T.-BLSTCH-205x300.webp 205w, https:\/\/wild-palms.com\/es\/wp-content\/uploads\/sites\/3\/2025\/04\/O.T.-BLSTCH.webp 760w\" sizes=\"auto, (max-width: 701px) 100vw, 701px\" \/><\/a><figcaption class=\"wp-element-caption\">O.T. (BLSTCH). 220 x 150cm, (50 x\n40cm photography. Paper, photo emulsion on wood, framed,\nwire, on canvas with spray paint. 2024<\/figcaption><\/figure>\n","protected":false},"excerpt":{"rendered":"<p>Janosch Jauch: SOFT ERROR Exposici\u00f3n individual de Janosch JauchInauguraci\u00f3n: Viernes, 21 de marzo de 2025, de 18:00 a 21:00 h En Soft Error, Jauch desarrolla una instalaci\u00f3n inmersiva que explora el juego de luces y sombras. Los temas surgen de composiciones con objetos cotidianos que, en ocasiones, aparecen a orillas del Rin, donde experimenta con [&hellip;]<\/p>\n","protected":false},"author":1,"featured_media":0,"parent":0,"menu_order":0,"comment_status":"closed","ping_status":"closed","template":"","meta":{"_coblocks_attr":"","_coblocks_dimensions":"","_coblocks_responsive_height":"","_coblocks_accordion_ie_support":"","hide_page_title":"","footnotes":""},"class_list":["post-9634","page","type-page","status-publish","hentry"],"yoast_head":"<!-- This site is optimized with the Yoast SEO plugin v27.0 - https:\/\/yoast.com\/product\/yoast-seo-wordpress\/ -->\n<title>Janosch Jauch: SOFT ERROR - wildpalms ES<\/title>\n<meta name=\"description\" content=\"Soft Error. Exhibici\u00f3n de Janosh Jauch en wildpalms es una instalaci\u00f3n especifica, creada para el sitio especifico.\" \/>\n<meta name=\"robots\" content=\"index, follow, max-snippet:-1, max-image-preview:large, max-video-preview:-1\" \/>\n<link rel=\"canonical\" href=\"http:\/\/wild-palms.com\/es\/soft-error\/\" \/>\n<meta property=\"og:locale\" content=\"es_ES\" \/>\n<meta property=\"og:type\" content=\"article\" \/>\n<meta property=\"og:title\" content=\"Janosch Jauch: SOFT ERROR - wildpalms ES\" \/>\n<meta property=\"og:description\" content=\"Soft Error. Exhibici\u00f3n de Janosh Jauch en wildpalms es una instalaci\u00f3n especifica, creada para el sitio especifico.\" \/>\n<meta property=\"og:url\" content=\"http:\/\/wild-palms.com\/es\/soft-error\/\" \/>\n<meta property=\"og:site_name\" content=\"wildpalms ES\" \/>\n<meta property=\"article:modified_time\" content=\"2025-07-05T23:38:32+00:00\" \/>\n<meta property=\"og:image\" content=\"https:\/\/wild-palms.com\/wp-content\/uploads\/2025\/03\/janosch-jauch-soft-error-website-image@-wildpalms-soft-error-janosch-jauch-1024x1019.webp\" \/>\n<meta name=\"twitter:card\" content=\"summary_large_image\" \/>\n<meta name=\"twitter:label1\" content=\"Est. reading time\" \/>\n\t<meta name=\"twitter:data1\" content=\"5 minutes\" \/>\n<script type=\"application\/ld+json\" class=\"yoast-schema-graph\">{\"@context\":\"https:\/\/schema.org\",\"@graph\":[{\"@type\":\"WebPage\",\"@id\":\"http:\/\/wild-palms.com\/es\/soft-error\/\",\"url\":\"http:\/\/wild-palms.com\/es\/soft-error\/\",\"name\":\"Janosch Jauch: SOFT ERROR - wildpalms ES\",\"isPartOf\":{\"@id\":\"https:\/\/wild-palms.com\/es\/#website\"},\"primaryImageOfPage\":{\"@id\":\"http:\/\/wild-palms.com\/es\/soft-error\/#primaryimage\"},\"image\":{\"@id\":\"http:\/\/wild-palms.com\/es\/soft-error\/#primaryimage\"},\"thumbnailUrl\":\"https:\/\/wild-palms.com\/wp-content\/uploads\/2025\/03\/janosch-jauch-soft-error-website-image@-wildpalms-soft-error-janosch-jauch-1024x1019.webp\",\"datePublished\":\"2025-03-21T11:21:58+00:00\",\"dateModified\":\"2025-07-05T23:38:32+00:00\",\"description\":\"Soft Error. Exhibici\u00f3n de Janosh Jauch en wildpalms es una instalaci\u00f3n especifica, creada para el sitio especifico.\",\"breadcrumb\":{\"@id\":\"http:\/\/wild-palms.com\/es\/soft-error\/#breadcrumb\"},\"inLanguage\":\"es\",\"potentialAction\":[{\"@type\":\"ReadAction\",\"target\":[\"http:\/\/wild-palms.com\/es\/soft-error\/\"]}]},{\"@type\":\"ImageObject\",\"inLanguage\":\"es\",\"@id\":\"http:\/\/wild-palms.com\/es\/soft-error\/#primaryimage\",\"url\":\"https:\/\/wild-palms.com\/wp-content\/uploads\/2025\/03\/janosch-jauch-soft-error-website-image@-wildpalms-soft-error-janosch-jauch-1024x1019.webp\",\"contentUrl\":\"https:\/\/wild-palms.com\/wp-content\/uploads\/2025\/03\/janosch-jauch-soft-error-website-image@-wildpalms-soft-error-janosch-jauch-1024x1019.webp\"},{\"@type\":\"BreadcrumbList\",\"@id\":\"http:\/\/wild-palms.com\/es\/soft-error\/#breadcrumb\",\"itemListElement\":[{\"@type\":\"ListItem\",\"position\":1,\"name\":\"Home\",\"item\":\"https:\/\/wild-palms.com\/es\/\"},{\"@type\":\"ListItem\",\"position\":2,\"name\":\"Janosch Jauch: SOFT ERROR\"}]},{\"@type\":\"WebSite\",\"@id\":\"https:\/\/wild-palms.com\/es\/#website\",\"url\":\"https:\/\/wild-palms.com\/es\/\",\"name\":\"wildpalms ES\",\"description\":\"\",\"publisher\":{\"@id\":\"https:\/\/wild-palms.com\/es\/#organization\"},\"potentialAction\":[{\"@type\":\"SearchAction\",\"target\":{\"@type\":\"EntryPoint\",\"urlTemplate\":\"https:\/\/wild-palms.com\/es\/?s={search_term_string}\"},\"query-input\":{\"@type\":\"PropertyValueSpecification\",\"valueRequired\":true,\"valueName\":\"search_term_string\"}}],\"inLanguage\":\"es\"},{\"@type\":\"Organization\",\"@id\":\"https:\/\/wild-palms.com\/es\/#organization\",\"name\":\"wildpalms ES\",\"url\":\"https:\/\/wild-palms.com\/es\/\",\"logo\":{\"@type\":\"ImageObject\",\"inLanguage\":\"es\",\"@id\":\"https:\/\/wild-palms.com\/es\/#\/schema\/logo\/image\/\",\"url\":\"https:\/\/wild-palms.com\/es\/wp-content\/uploads\/sites\/3\/2023\/03\/cropped-wildpalms_logo_ths.png\",\"contentUrl\":\"https:\/\/wild-palms.com\/es\/wp-content\/uploads\/sites\/3\/2023\/03\/cropped-wildpalms_logo_ths.png\",\"width\":1200,\"height\":197,\"caption\":\"wildpalms ES\"},\"image\":{\"@id\":\"https:\/\/wild-palms.com\/es\/#\/schema\/logo\/image\/\"}}]}<\/script>\n<!-- \/ Yoast SEO plugin. -->","yoast_head_json":{"title":"Janosch Jauch: SOFT ERROR - wildpalms ES","description":"Soft Error. Exhibici\u00f3n de Janosh Jauch en wildpalms es una instalaci\u00f3n especifica, creada para el sitio especifico.","robots":{"index":"index","follow":"follow","max-snippet":"max-snippet:-1","max-image-preview":"max-image-preview:large","max-video-preview":"max-video-preview:-1"},"canonical":"http:\/\/wild-palms.com\/es\/soft-error\/","og_locale":"es_ES","og_type":"article","og_title":"Janosch Jauch: SOFT ERROR - wildpalms ES","og_description":"Soft Error. Exhibici\u00f3n de Janosh Jauch en wildpalms es una instalaci\u00f3n especifica, creada para el sitio especifico.","og_url":"http:\/\/wild-palms.com\/es\/soft-error\/","og_site_name":"wildpalms ES","article_modified_time":"2025-07-05T23:38:32+00:00","og_image":[{"url":"https:\/\/wild-palms.com\/wp-content\/uploads\/2025\/03\/janosch-jauch-soft-error-website-image@-wildpalms-soft-error-janosch-jauch-1024x1019.webp","type":"","width":"","height":""}],"twitter_card":"summary_large_image","twitter_misc":{"Est. reading time":"5 minutes"},"schema":{"@context":"https:\/\/schema.org","@graph":[{"@type":"WebPage","@id":"http:\/\/wild-palms.com\/es\/soft-error\/","url":"http:\/\/wild-palms.com\/es\/soft-error\/","name":"Janosch Jauch: SOFT ERROR - wildpalms ES","isPartOf":{"@id":"https:\/\/wild-palms.com\/es\/#website"},"primaryImageOfPage":{"@id":"http:\/\/wild-palms.com\/es\/soft-error\/#primaryimage"},"image":{"@id":"http:\/\/wild-palms.com\/es\/soft-error\/#primaryimage"},"thumbnailUrl":"https:\/\/wild-palms.com\/wp-content\/uploads\/2025\/03\/janosch-jauch-soft-error-website-image@-wildpalms-soft-error-janosch-jauch-1024x1019.webp","datePublished":"2025-03-21T11:21:58+00:00","dateModified":"2025-07-05T23:38:32+00:00","description":"Soft Error. Exhibici\u00f3n de Janosh Jauch en wildpalms es una instalaci\u00f3n especifica, creada para el sitio especifico.","breadcrumb":{"@id":"http:\/\/wild-palms.com\/es\/soft-error\/#breadcrumb"},"inLanguage":"es","potentialAction":[{"@type":"ReadAction","target":["http:\/\/wild-palms.com\/es\/soft-error\/"]}]},{"@type":"ImageObject","inLanguage":"es","@id":"http:\/\/wild-palms.com\/es\/soft-error\/#primaryimage","url":"https:\/\/wild-palms.com\/wp-content\/uploads\/2025\/03\/janosch-jauch-soft-error-website-image@-wildpalms-soft-error-janosch-jauch-1024x1019.webp","contentUrl":"https:\/\/wild-palms.com\/wp-content\/uploads\/2025\/03\/janosch-jauch-soft-error-website-image@-wildpalms-soft-error-janosch-jauch-1024x1019.webp"},{"@type":"BreadcrumbList","@id":"http:\/\/wild-palms.com\/es\/soft-error\/#breadcrumb","itemListElement":[{"@type":"ListItem","position":1,"name":"Home","item":"https:\/\/wild-palms.com\/es\/"},{"@type":"ListItem","position":2,"name":"Janosch Jauch: SOFT ERROR"}]},{"@type":"WebSite","@id":"https:\/\/wild-palms.com\/es\/#website","url":"https:\/\/wild-palms.com\/es\/","name":"wildpalms ES","description":"","publisher":{"@id":"https:\/\/wild-palms.com\/es\/#organization"},"potentialAction":[{"@type":"SearchAction","target":{"@type":"EntryPoint","urlTemplate":"https:\/\/wild-palms.com\/es\/?s={search_term_string}"},"query-input":{"@type":"PropertyValueSpecification","valueRequired":true,"valueName":"search_term_string"}}],"inLanguage":"es"},{"@type":"Organization","@id":"https:\/\/wild-palms.com\/es\/#organization","name":"wildpalms ES","url":"https:\/\/wild-palms.com\/es\/","logo":{"@type":"ImageObject","inLanguage":"es","@id":"https:\/\/wild-palms.com\/es\/#\/schema\/logo\/image\/","url":"https:\/\/wild-palms.com\/es\/wp-content\/uploads\/sites\/3\/2023\/03\/cropped-wildpalms_logo_ths.png","contentUrl":"https:\/\/wild-palms.com\/es\/wp-content\/uploads\/sites\/3\/2023\/03\/cropped-wildpalms_logo_ths.png","width":1200,"height":197,"caption":"wildpalms ES"},"image":{"@id":"https:\/\/wild-palms.com\/es\/#\/schema\/logo\/image\/"}}]}},"_links":{"self":[{"href":"https:\/\/wild-palms.com\/es\/wp-json\/wp\/v2\/pages\/9634","targetHints":{"allow":["GET"]}}],"collection":[{"href":"https:\/\/wild-palms.com\/es\/wp-json\/wp\/v2\/pages"}],"about":[{"href":"https:\/\/wild-palms.com\/es\/wp-json\/wp\/v2\/types\/page"}],"author":[{"embeddable":true,"href":"https:\/\/wild-palms.com\/es\/wp-json\/wp\/v2\/users\/1"}],"replies":[{"embeddable":true,"href":"https:\/\/wild-palms.com\/es\/wp-json\/wp\/v2\/comments?post=9634"}],"version-history":[{"count":1,"href":"https:\/\/wild-palms.com\/es\/wp-json\/wp\/v2\/pages\/9634\/revisions"}],"predecessor-version":[{"id":9764,"href":"https:\/\/wild-palms.com\/es\/wp-json\/wp\/v2\/pages\/9634\/revisions\/9764"}],"wp:attachment":[{"href":"https:\/\/wild-palms.com\/es\/wp-json\/wp\/v2\/media?parent=9634"}],"curies":[{"name":"wp","href":"https:\/\/api.w.org\/{rel}","templated":true}]}}