{"id":8821,"date":"2025-07-05T16:51:52","date_gmt":"2025-07-05T14:51:52","guid":{"rendered":"https:\/\/wild-palms.com\/es\/?page_id=8821"},"modified":"2025-07-06T01:15:59","modified_gmt":"2025-07-05T23:15:59","slug":"andreas-steinbrecher","status":"publish","type":"page","link":"https:\/\/wild-palms.com\/es\/andreas-steinbrecher\/","title":{"rendered":"ANDREAS STEINBRECHER"},"content":{"rendered":"\n<div class=\"wp-block-columns alignwide are-vertically-aligned-center is-layout-flex wp-container-core-columns-is-layout-9d6595d7 wp-block-columns-is-layout-flex\">\n<div class=\"wp-block-column is-layout-flow wp-block-column-is-layout-flow\" style=\"flex-basis:57%\">\n<h2 class=\"wp-block-heading has-medium-font-size\">ANDREAS STEINBRECHER<\/h2>\n\n\n\n<p style=\"font-size:14px\">Nacido en Kazajist\u00e1n en 1984, Andreas se mud\u00f3 a Alemania con sus padres a la edad de cuatro a\u00f1os. Proveniente de una familia de artesanos, su talento y pasi\u00f3n por el dibujo fueron reconocidos desde temprana edad. A pesar de ello, primero curs\u00f3 estudios de dise\u00f1o gr\u00e1fico en la Universidad de Ciencias Aplicadas de D\u00fcsseldorf, donde se gradu\u00f3 con \u00e9xito. Tras trabajar como dise\u00f1ador freelance, Andreas decidi\u00f3 profundizar en su desarrollo art\u00edstico ingresando en la Academia de Arte de D\u00fcsseldorf en 2017. Bajo la tutela del profesor Thomas Scheibitz, complet\u00f3 sus estudios en la primavera de 2023.<br>Andreas vive y trabaja en D\u00fcsseldorf.<\/p>\n\n\n\n<p style=\"font-size:14px\"><a href=\"https:\/\/andreassteinbrecher.de\">https:\/\/andreassteinbrecher.de<\/a><\/p>\n\n\n\n<p><span style=\"font-size: 12px;\"><span class=\"collapseomatic \" id=\"id69e5f1d40b79a\"  tabindex=\"0\" title=\"\u201cCV\u201d\"    >\u201cCV\u201d<\/span><div id=\"target-id69e5f1d40b79a\" class=\"collapseomatic_content \"><\/span><br \/><span style=\"font-size: 12px;\">Nacido en 1984 en Chelikemir, Kazajist\u00e1n (KAZ)<\/span><br \/><span style=\"font-size: 12px;\">Vive y trabaja en D\u00fcsseldorf, Alemania (DE)<br \/><\/span><span style=\"font-size: 12px;\">EDUCACI\u00d3N:<\/span><br \/><span style=\"font-size: 12px;\">2023 Meistersch\u00fcler con el Prof. Thomas Scheibitz<\/span><br \/><span style=\"font-size: 12px;\">2017 &#8211; 2023 \u201cAkademiebrief\u201d, Bellas Artes, Kunstakademie D\u00fcsseldorf<\/span><br \/><span style=\"font-size: 12px;\">2009 &#8211; 2013 Licenciatura con honores en Dise\u00f1o de la Comunicaci\u00f3n, Peter Behrens School of Arts, Hochschule D\u00fcsseldorf<br \/><\/span><span style=\"font-size: 12px;\">BECAS:<\/span><br \/><span style=\"font-size: 12px;\">2022-2023<\/span><br \/><span style=\"font-size: 12px;\">Best Kunstf\u00f6rderpreis 2022, Best Gruppe D\u00fcsseldorf<\/span><br \/><span style=\"font-size: 12px;\">2020 &#8211; 2021 Deutschlandstipendium, Kunstakademie D\u00fcsseldorf<br \/><\/span><span style=\"font-size: 12px;\">EXPOSICIONES INDIVIDUALES:<\/span><br \/><span style=\"font-size: 12px;\">2025 Ruf der Trompeten (Llamado de las trompetas). wildpalms, D\u00fcsseldorf, DE<\/span><br \/><span style=\"font-size: 12px;\">2024 ALBA. Shazar Gallery, N\u00e1poles, IT<\/span><br \/><span style=\"font-size: 12px;\">2023 Stein und Tier. Tesis de Maestr\u00eda. Kunstakademie D\u00fcsseldorf, DE<\/span><br \/><span style=\"font-size: 12px;\">2022 ARARAT. BEST GRUPPE, D\u00fcsseldorf, DE<br \/><\/span><span style=\"font-size: 12px;\">EXPOSICIONES COLECTIVAS:<\/span><br \/><span style=\"font-size: 12px;\">2024<\/span><br \/><span style=\"font-size: 12px;\">1. Ausstellung. Storage Museum, D\u00fcsseldorf, DE<\/span><br \/><span style=\"font-size: 12px;\">My Travel Diary. Metalhouse Gallery, Yangpyeong, Gyeonggi-do, Corea del Sur<\/span><br \/><span style=\"font-size: 12px;\">Atelier Spielplatz. Teloy M\u00fchle, Meerbusch, DE<\/span><br \/><span style=\"font-size: 12px;\">Taking Shelter. Fundaci\u00f3n Johanna-Ey, D\u00fcsseldorf, DE<\/span><br \/><span style=\"font-size: 12px;\">2023<\/span><br \/><span style=\"font-size: 12px;\">Durch Den Spiegel. Thomas Scheibitz con estudiantes. Eichenm\u00fcllerhaus, Lemgo-Brake, DE<\/span><br \/><span style=\"font-size: 12px;\">Selected Positions. Positions Berlin Art Fair, DE<\/span><br \/><span style=\"font-size: 12px;\">On Animals. DC Open, wildpalms, D\u00fcsseldorf, DE<\/span><br \/><span style=\"font-size: 12px;\">J+1. Jarmuschek + Partner, Berl\u00edn, DE<\/span><br \/><span style=\"font-size: 12px;\">2022<\/span><br \/><span style=\"font-size: 12px;\">To Swim Or What Binds Us. Seewerk, Moers, DE<\/span><br \/><span style=\"font-size: 12px;\">Cats and Dogs. La Felce, Colonia, DE<\/span><br \/><span style=\"font-size: 12px;\">Accurate Glitch. Jarmuschek + Partner, Berl\u00edn, DE<\/span><br \/><span style=\"font-size: 12px;\">Der Bogen im Auge. KIT &#8211; Kunst im Tunnel, D\u00fcsseldorf, DE<\/span><br \/><span style=\"font-size: 12px;\">2021<\/span><br \/><span style=\"font-size: 12px;\">Die Grosse 2021. Exposici\u00f3n de Arte en NRW, Kunstpalast y NRW Forum, D\u00fcsseldorf, DE<\/span><br \/><span style=\"font-size: 12px;\">2020<\/span><br \/><span style=\"font-size: 12px;\">Academy Positions. Positions Berlin Art Fair, DE<\/span><br \/><span style=\"font-size: 12px;\">Hanna Ando. ASTA Ausstellungsraum, Kunstakademie D\u00fcsseldorf, DE<\/span><br \/><span style=\"font-size: 12px;\"><\/div><\/span><\/p>\n<\/div>\n\n\n\n<div class=\"wp-block-column is-layout-flow wp-block-column-is-layout-flow\" style=\"flex-basis:43%\">\n<figure class=\"wp-block-image size-full\"><a href=\"http:\/\/wild-palms.com\/es\/wp-content\/uploads\/sites\/3\/2025\/07\/Andreas_Steinbrecher_profil.webp\" data-rel=\"lightbox-image-0\" data-rl_title=\"\" data-rl_caption=\"\" title=\"\"><img loading=\"lazy\" decoding=\"async\" width=\"600\" height=\"664\" src=\"http:\/\/wild-palms.com\/es\/wp-content\/uploads\/sites\/3\/2025\/07\/Andreas_Steinbrecher_profil.webp\" alt=\"Andreas Steinbrecher\" class=\"wp-image-8822\" srcset=\"https:\/\/wild-palms.com\/es\/wp-content\/uploads\/sites\/3\/2025\/07\/Andreas_Steinbrecher_profil.webp 600w, https:\/\/wild-palms.com\/es\/wp-content\/uploads\/sites\/3\/2025\/07\/Andreas_Steinbrecher_profil-271x300.webp 271w\" sizes=\"auto, (max-width: 600px) 100vw, 600px\" \/><\/a><\/figure>\n<\/div>\n<\/div>\n\n\n\n<h3 class=\"wp-block-heading has-text-align-center has-large-font-size\">Selecci\u00f3n de obra<\/h3>\n\n\n\n<div class=\"wp-block-buttons is-content-justification-center is-layout-flex wp-container-core-buttons-is-layout-16018d1d wp-block-buttons-is-layout-flex\">\n<div class=\"wp-block-button\"><a class=\"wp-block-button__link wp-element-button\" href=\"https:\/\/wildpalmsamericana.com\/andreas-steinbrecher\/\">obra disponible online<\/a><\/div>\n\n\n\n<div class=\"wp-block-button\"><a class=\"wp-block-button__link wp-element-button\" href=\"mailto:info@wild-palms.com\">enviar correo el\u00e9ctronico<\/a><\/div>\n<\/div>\n\n\n\n<figure class=\"wp-block-image alignwide size-full\"><a href=\"https:\/\/wild-palms.com\/es\/wp-content\/uploads\/sites\/3\/2025\/07\/JMR_1920web__O5A0659_250216.jpg\" data-rel=\"lightbox-image-1\" data-rl_title=\"\" data-rl_caption=\"\" title=\"\"><img loading=\"lazy\" decoding=\"async\" width=\"1280\" height=\"1920\" src=\"https:\/\/wild-palms.com\/es\/wp-content\/uploads\/sites\/3\/2025\/07\/JMR_1920web__O5A0659_250216.jpg\" alt=\"\" class=\"wp-image-8855\" srcset=\"https:\/\/wild-palms.com\/es\/wp-content\/uploads\/sites\/3\/2025\/07\/JMR_1920web__O5A0659_250216.jpg 1280w, https:\/\/wild-palms.com\/es\/wp-content\/uploads\/sites\/3\/2025\/07\/JMR_1920web__O5A0659_250216-200x300.jpg 200w, https:\/\/wild-palms.com\/es\/wp-content\/uploads\/sites\/3\/2025\/07\/JMR_1920web__O5A0659_250216-683x1024.jpg 683w, https:\/\/wild-palms.com\/es\/wp-content\/uploads\/sites\/3\/2025\/07\/JMR_1920web__O5A0659_250216-768x1152.jpg 768w, https:\/\/wild-palms.com\/es\/wp-content\/uploads\/sites\/3\/2025\/07\/JMR_1920web__O5A0659_250216-1024x1536.jpg 1024w\" sizes=\"auto, (max-width: 1280px) 100vw, 1280px\" \/><\/a><figcaption class=\"wp-element-caption\">Ruf der Trompeten 2025 \/Solo\/ wildpalms\/ Fotos: JMR-Dokumentation<\/figcaption><\/figure>\n\n\n\n<figure class=\"wp-block-image alignwide size-large\"><a href=\"https:\/\/wild-palms.com\/es\/wp-content\/uploads\/sites\/3\/2025\/07\/On_Animals_2-scaled.webp\" data-rel=\"lightbox-image-2\" data-rl_title=\"\" data-rl_caption=\"\" title=\"\"><img loading=\"lazy\" decoding=\"async\" width=\"1024\" height=\"683\" src=\"https:\/\/wild-palms.com\/es\/wp-content\/uploads\/sites\/3\/2025\/07\/On_Animals_2-1024x683.webp\" alt=\"\" class=\"wp-image-8858\" srcset=\"https:\/\/wild-palms.com\/es\/wp-content\/uploads\/sites\/3\/2025\/07\/On_Animals_2-1024x683.webp 1024w, https:\/\/wild-palms.com\/es\/wp-content\/uploads\/sites\/3\/2025\/07\/On_Animals_2-300x200.webp 300w, https:\/\/wild-palms.com\/es\/wp-content\/uploads\/sites\/3\/2025\/07\/On_Animals_2-768x512.webp 768w, https:\/\/wild-palms.com\/es\/wp-content\/uploads\/sites\/3\/2025\/07\/On_Animals_2-1536x1024.webp 1536w, https:\/\/wild-palms.com\/es\/wp-content\/uploads\/sites\/3\/2025\/07\/On_Animals_2-2048x1365.webp 2048w\" sizes=\"auto, (max-width: 1024px) 100vw, 1024px\" \/><\/a><figcaption class=\"wp-element-caption\">On Animals (Group show) \u2013&nbsp;<em>On animals<\/em>&nbsp;\/ 1.9.23 \u2013 12.11.23 \/ wildpalms D\u00fcsseldorf \/ DC Open 2023 \/ mit&nbsp;<a href=\"https:\/\/wild-palms.com\/nika-fontaine\/\">Nika Fontaine,&nbsp;<\/a><a href=\"https:\/\/wild-palms.com\/felipe-castelblanco\/\" target=\"_blank\" rel=\"noreferrer noopener\">Felipe Castelblanco,&nbsp;<\/a>Morgan Mandalay, Zoe Miller,&nbsp;<a href=\"https:\/\/marcomontielsoto.com\/\" target=\"_blank\" rel=\"noreferrer noopener\">Marco Montiel-Soto,&nbsp;<\/a>Andreas Steinbrecher,&nbsp;<a href=\"https:\/\/robertouribecastro.de\/en\" target=\"_blank\" rel=\"noreferrer noopener\">Roberto Uribe,&nbsp;<\/a>Julia Vergazova &amp; Nikolay Ulyanov<\/figcaption><\/figure>\n\n\n\n<figure class=\"wp-block-image alignwide size-full\"><a href=\"https:\/\/wild-palms.com\/es\/wp-content\/uploads\/sites\/3\/2025\/07\/JMR_2500_JMR_fullRes__O5A8268_231211_231218-1280x854-1.webp\" data-rel=\"lightbox-image-3\" data-rl_title=\"\" data-rl_caption=\"\" title=\"\"><img loading=\"lazy\" decoding=\"async\" width=\"1280\" height=\"853\" src=\"https:\/\/wild-palms.com\/es\/wp-content\/uploads\/sites\/3\/2025\/07\/JMR_2500_JMR_fullRes__O5A8268_231211_231218-1280x854-1.webp\" alt=\"ANDREAS STEINBRECHER\" class=\"wp-image-8847\" srcset=\"https:\/\/wild-palms.com\/es\/wp-content\/uploads\/sites\/3\/2025\/07\/JMR_2500_JMR_fullRes__O5A8268_231211_231218-1280x854-1.webp 1280w, https:\/\/wild-palms.com\/es\/wp-content\/uploads\/sites\/3\/2025\/07\/JMR_2500_JMR_fullRes__O5A8268_231211_231218-1280x854-1-300x200.webp 300w, https:\/\/wild-palms.com\/es\/wp-content\/uploads\/sites\/3\/2025\/07\/JMR_2500_JMR_fullRes__O5A8268_231211_231218-1280x854-1-1024x682.webp 1024w, https:\/\/wild-palms.com\/es\/wp-content\/uploads\/sites\/3\/2025\/07\/JMR_2500_JMR_fullRes__O5A8268_231211_231218-1280x854-1-768x512.webp 768w\" sizes=\"auto, (max-width: 1280px) 100vw, 1280px\" \/><\/a><figcaption class=\"wp-element-caption\">&nbsp;<em>\/\/\/ Durch den Spiegel \u2013 Thomas Scheibitz und Studierende<\/em>&nbsp;\/ 4.11.23 \u2013 10.12.23 \/ Eichenm\u00fcllerhaus Lemgo \/ Eine Ausstellung der Lippischen Gesellschaft f\u00fcr Kunst e. V. \/ mit Thomas Scheibitz, Sophie Esslinger, Johannes Herrmann, Denise Werth, Lucie Gorzolka und Andreas Steinbrecher \/ Fotos: JMR-Dokumentation<\/figcaption><\/figure>\n\n\n\n<figure class=\"wp-block-image alignwide size-full\"><a href=\"https:\/\/wild-palms.com\/es\/wp-content\/uploads\/sites\/3\/2025\/07\/KIT_Der_Bogen_im_Auge_2022_03_03_45896_2000-1280x960-1.webp\" data-rel=\"lightbox-image-4\" data-rl_title=\"\" data-rl_caption=\"\" title=\"\"><img loading=\"lazy\" decoding=\"async\" width=\"1280\" height=\"960\" src=\"https:\/\/wild-palms.com\/es\/wp-content\/uploads\/sites\/3\/2025\/07\/KIT_Der_Bogen_im_Auge_2022_03_03_45896_2000-1280x960-1.webp\" alt=\"\" class=\"wp-image-8849\" srcset=\"https:\/\/wild-palms.com\/es\/wp-content\/uploads\/sites\/3\/2025\/07\/KIT_Der_Bogen_im_Auge_2022_03_03_45896_2000-1280x960-1.webp 1280w, https:\/\/wild-palms.com\/es\/wp-content\/uploads\/sites\/3\/2025\/07\/KIT_Der_Bogen_im_Auge_2022_03_03_45896_2000-1280x960-1-300x225.webp 300w, https:\/\/wild-palms.com\/es\/wp-content\/uploads\/sites\/3\/2025\/07\/KIT_Der_Bogen_im_Auge_2022_03_03_45896_2000-1280x960-1-1024x768.webp 1024w, https:\/\/wild-palms.com\/es\/wp-content\/uploads\/sites\/3\/2025\/07\/KIT_Der_Bogen_im_Auge_2022_03_03_45896_2000-1280x960-1-768x576.webp 768w\" sizes=\"auto, (max-width: 1280px) 100vw, 1280px\" \/><\/a><figcaption class=\"wp-element-caption\">&nbsp;<em>Der Bogen im Auge<\/em>&nbsp;\/ 5.3.22 \u2013 12.6.22 \/&nbsp;KIT \u2013 Kunst im Tunnel, D\u00fcsseldorf \/mit Luca Calaras, Sophie Esslinger, Mirjam Falkensteiner, Piet Fischer, Luca Florian, Filip Gudovi\u0107, Johannes Herrmann, Minju Kang, Bj\u00f6rn Knapp, Hidetoshi Mitsuzaki, Luc Palmer, Katharina Stadler, Andreas Steinbrecher, Denise Werth, Julian Westermann und Thomas Scheibitz<\/figcaption><\/figure>\n\n\n\n<figure class=\"wp-block-image alignwide size-full\"><a href=\"https:\/\/wild-palms.com\/es\/wp-content\/uploads\/sites\/3\/2025\/07\/Steinbrecher_Andreas_2022_02_15_60993_AS-1280x960-1.webp\" data-rel=\"lightbox-image-5\" data-rl_title=\"\" data-rl_caption=\"\" title=\"\"><img loading=\"lazy\" decoding=\"async\" width=\"1280\" height=\"960\" src=\"https:\/\/wild-palms.com\/es\/wp-content\/uploads\/sites\/3\/2025\/07\/Steinbrecher_Andreas_2022_02_15_60993_AS-1280x960-1.webp\" alt=\"\" class=\"wp-image-8851\" srcset=\"https:\/\/wild-palms.com\/es\/wp-content\/uploads\/sites\/3\/2025\/07\/Steinbrecher_Andreas_2022_02_15_60993_AS-1280x960-1.webp 1280w, https:\/\/wild-palms.com\/es\/wp-content\/uploads\/sites\/3\/2025\/07\/Steinbrecher_Andreas_2022_02_15_60993_AS-1280x960-1-300x225.webp 300w, https:\/\/wild-palms.com\/es\/wp-content\/uploads\/sites\/3\/2025\/07\/Steinbrecher_Andreas_2022_02_15_60993_AS-1280x960-1-1024x768.webp 1024w, https:\/\/wild-palms.com\/es\/wp-content\/uploads\/sites\/3\/2025\/07\/Steinbrecher_Andreas_2022_02_15_60993_AS-1280x960-1-768x576.webp 768w\" sizes=\"auto, (max-width: 1280px) 100vw, 1280px\" \/><\/a><figcaption class=\"wp-element-caption\">2023 \/ (Solo show) \/&nbsp;<em>Stein und Tier<\/em>&nbsp;\/ 8.2.23 \u2013 12.2.23 \/ Abschlusspr\u00e4sentation an der Kunstakademie D\u00fcsseldorf \/ Raum 207 \/ Fotos: Ivo Faber und JMR-Dokumentation<\/figcaption><\/figure>\n","protected":false},"excerpt":{"rendered":"<p>ANDREAS STEINBRECHER Nacido en Kazajist\u00e1n en 1984, Andreas se mud\u00f3 a Alemania con sus padres a la edad de cuatro a\u00f1os. Proveniente de una familia de artesanos, su talento y pasi\u00f3n por el dibujo fueron reconocidos desde temprana edad. A pesar de ello, primero curs\u00f3 estudios de dise\u00f1o gr\u00e1fico en la Universidad de Ciencias Aplicadas [&hellip;]<\/p>\n","protected":false},"author":1,"featured_media":0,"parent":0,"menu_order":0,"comment_status":"closed","ping_status":"closed","template":"","meta":{"_coblocks_attr":"","_coblocks_dimensions":"","_coblocks_responsive_height":"","_coblocks_accordion_ie_support":"","hide_page_title":"","footnotes":""},"class_list":["post-8821","page","type-page","status-publish","hentry"],"yoast_head":"<!-- This site is optimized with the Yoast SEO plugin v27.0 - https:\/\/yoast.com\/product\/yoast-seo-wordpress\/ -->\n<title>ANDREAS STEINBRECHER - wildpalms ES<\/title>\n<meta name=\"description\" content=\"Andreas Steinbrecher. Pintor y dise\u00f1ador gr\u00e1fico. Graduado de la Academia de Arte de D\u00fcsseldorf. Vive y trabaja en D\u00fcsseldorf.\" \/>\n<meta name=\"robots\" content=\"index, follow, max-snippet:-1, max-image-preview:large, max-video-preview:-1\" \/>\n<link rel=\"canonical\" href=\"http:\/\/wild-palms.com\/es\/andreas-steinbrecher\/\" \/>\n<meta property=\"og:locale\" content=\"es_ES\" \/>\n<meta property=\"og:type\" content=\"article\" \/>\n<meta property=\"og:title\" content=\"ANDREAS STEINBRECHER - wildpalms ES\" \/>\n<meta property=\"og:description\" content=\"Andreas Steinbrecher. Pintor y dise\u00f1ador gr\u00e1fico. Graduado de la Academia de Arte de D\u00fcsseldorf. Vive y trabaja en D\u00fcsseldorf.\" \/>\n<meta property=\"og:url\" content=\"http:\/\/wild-palms.com\/es\/andreas-steinbrecher\/\" \/>\n<meta property=\"og:site_name\" content=\"wildpalms ES\" \/>\n<meta property=\"article:modified_time\" content=\"2025-07-05T23:15:59+00:00\" \/>\n<meta property=\"og:image\" content=\"http:\/\/wild-palms.com\/es\/wp-content\/uploads\/sites\/3\/2025\/07\/Andreas_Steinbrecher_profil.webp\" \/>\n<meta name=\"twitter:card\" content=\"summary_large_image\" \/>\n<meta name=\"twitter:label1\" content=\"Est. reading time\" \/>\n\t<meta name=\"twitter:data1\" content=\"4 minutes\" \/>\n<script type=\"application\/ld+json\" class=\"yoast-schema-graph\">{\"@context\":\"https:\/\/schema.org\",\"@graph\":[{\"@type\":\"WebPage\",\"@id\":\"http:\/\/wild-palms.com\/es\/andreas-steinbrecher\/\",\"url\":\"http:\/\/wild-palms.com\/es\/andreas-steinbrecher\/\",\"name\":\"ANDREAS STEINBRECHER - wildpalms ES\",\"isPartOf\":{\"@id\":\"https:\/\/wild-palms.com\/es\/#website\"},\"primaryImageOfPage\":{\"@id\":\"http:\/\/wild-palms.com\/es\/andreas-steinbrecher\/#primaryimage\"},\"image\":{\"@id\":\"http:\/\/wild-palms.com\/es\/andreas-steinbrecher\/#primaryimage\"},\"thumbnailUrl\":\"http:\/\/wild-palms.com\/es\/wp-content\/uploads\/sites\/3\/2025\/07\/Andreas_Steinbrecher_profil.webp\",\"datePublished\":\"2025-07-05T14:51:52+00:00\",\"dateModified\":\"2025-07-05T23:15:59+00:00\",\"description\":\"Andreas Steinbrecher. Pintor y dise\u00f1ador gr\u00e1fico. Graduado de la Academia de Arte de D\u00fcsseldorf. Vive y trabaja en D\u00fcsseldorf.\",\"breadcrumb\":{\"@id\":\"http:\/\/wild-palms.com\/es\/andreas-steinbrecher\/#breadcrumb\"},\"inLanguage\":\"es\",\"potentialAction\":[{\"@type\":\"ReadAction\",\"target\":[\"http:\/\/wild-palms.com\/es\/andreas-steinbrecher\/\"]}]},{\"@type\":\"ImageObject\",\"inLanguage\":\"es\",\"@id\":\"http:\/\/wild-palms.com\/es\/andreas-steinbrecher\/#primaryimage\",\"url\":\"http:\/\/wild-palms.com\/es\/wp-content\/uploads\/sites\/3\/2025\/07\/Andreas_Steinbrecher_profil.webp\",\"contentUrl\":\"http:\/\/wild-palms.com\/es\/wp-content\/uploads\/sites\/3\/2025\/07\/Andreas_Steinbrecher_profil.webp\"},{\"@type\":\"BreadcrumbList\",\"@id\":\"http:\/\/wild-palms.com\/es\/andreas-steinbrecher\/#breadcrumb\",\"itemListElement\":[{\"@type\":\"ListItem\",\"position\":1,\"name\":\"Home\",\"item\":\"https:\/\/wild-palms.com\/es\/\"},{\"@type\":\"ListItem\",\"position\":2,\"name\":\"ANDREAS STEINBRECHER\"}]},{\"@type\":\"WebSite\",\"@id\":\"https:\/\/wild-palms.com\/es\/#website\",\"url\":\"https:\/\/wild-palms.com\/es\/\",\"name\":\"wildpalms ES\",\"description\":\"\",\"publisher\":{\"@id\":\"https:\/\/wild-palms.com\/es\/#organization\"},\"potentialAction\":[{\"@type\":\"SearchAction\",\"target\":{\"@type\":\"EntryPoint\",\"urlTemplate\":\"https:\/\/wild-palms.com\/es\/?s={search_term_string}\"},\"query-input\":{\"@type\":\"PropertyValueSpecification\",\"valueRequired\":true,\"valueName\":\"search_term_string\"}}],\"inLanguage\":\"es\"},{\"@type\":\"Organization\",\"@id\":\"https:\/\/wild-palms.com\/es\/#organization\",\"name\":\"wildpalms ES\",\"url\":\"https:\/\/wild-palms.com\/es\/\",\"logo\":{\"@type\":\"ImageObject\",\"inLanguage\":\"es\",\"@id\":\"https:\/\/wild-palms.com\/es\/#\/schema\/logo\/image\/\",\"url\":\"https:\/\/wild-palms.com\/es\/wp-content\/uploads\/sites\/3\/2023\/03\/cropped-wildpalms_logo_ths.png\",\"contentUrl\":\"https:\/\/wild-palms.com\/es\/wp-content\/uploads\/sites\/3\/2023\/03\/cropped-wildpalms_logo_ths.png\",\"width\":1200,\"height\":197,\"caption\":\"wildpalms ES\"},\"image\":{\"@id\":\"https:\/\/wild-palms.com\/es\/#\/schema\/logo\/image\/\"}}]}<\/script>\n<!-- \/ Yoast SEO plugin. -->","yoast_head_json":{"title":"ANDREAS STEINBRECHER - wildpalms ES","description":"Andreas Steinbrecher. Pintor y dise\u00f1ador gr\u00e1fico. Graduado de la Academia de Arte de D\u00fcsseldorf. Vive y trabaja en D\u00fcsseldorf.","robots":{"index":"index","follow":"follow","max-snippet":"max-snippet:-1","max-image-preview":"max-image-preview:large","max-video-preview":"max-video-preview:-1"},"canonical":"http:\/\/wild-palms.com\/es\/andreas-steinbrecher\/","og_locale":"es_ES","og_type":"article","og_title":"ANDREAS STEINBRECHER - wildpalms ES","og_description":"Andreas Steinbrecher. Pintor y dise\u00f1ador gr\u00e1fico. Graduado de la Academia de Arte de D\u00fcsseldorf. Vive y trabaja en D\u00fcsseldorf.","og_url":"http:\/\/wild-palms.com\/es\/andreas-steinbrecher\/","og_site_name":"wildpalms ES","article_modified_time":"2025-07-05T23:15:59+00:00","og_image":[{"url":"http:\/\/wild-palms.com\/es\/wp-content\/uploads\/sites\/3\/2025\/07\/Andreas_Steinbrecher_profil.webp","type":"","width":"","height":""}],"twitter_card":"summary_large_image","twitter_misc":{"Est. reading time":"4 minutes"},"schema":{"@context":"https:\/\/schema.org","@graph":[{"@type":"WebPage","@id":"http:\/\/wild-palms.com\/es\/andreas-steinbrecher\/","url":"http:\/\/wild-palms.com\/es\/andreas-steinbrecher\/","name":"ANDREAS STEINBRECHER - wildpalms ES","isPartOf":{"@id":"https:\/\/wild-palms.com\/es\/#website"},"primaryImageOfPage":{"@id":"http:\/\/wild-palms.com\/es\/andreas-steinbrecher\/#primaryimage"},"image":{"@id":"http:\/\/wild-palms.com\/es\/andreas-steinbrecher\/#primaryimage"},"thumbnailUrl":"http:\/\/wild-palms.com\/es\/wp-content\/uploads\/sites\/3\/2025\/07\/Andreas_Steinbrecher_profil.webp","datePublished":"2025-07-05T14:51:52+00:00","dateModified":"2025-07-05T23:15:59+00:00","description":"Andreas Steinbrecher. Pintor y dise\u00f1ador gr\u00e1fico. Graduado de la Academia de Arte de D\u00fcsseldorf. Vive y trabaja en D\u00fcsseldorf.","breadcrumb":{"@id":"http:\/\/wild-palms.com\/es\/andreas-steinbrecher\/#breadcrumb"},"inLanguage":"es","potentialAction":[{"@type":"ReadAction","target":["http:\/\/wild-palms.com\/es\/andreas-steinbrecher\/"]}]},{"@type":"ImageObject","inLanguage":"es","@id":"http:\/\/wild-palms.com\/es\/andreas-steinbrecher\/#primaryimage","url":"http:\/\/wild-palms.com\/es\/wp-content\/uploads\/sites\/3\/2025\/07\/Andreas_Steinbrecher_profil.webp","contentUrl":"http:\/\/wild-palms.com\/es\/wp-content\/uploads\/sites\/3\/2025\/07\/Andreas_Steinbrecher_profil.webp"},{"@type":"BreadcrumbList","@id":"http:\/\/wild-palms.com\/es\/andreas-steinbrecher\/#breadcrumb","itemListElement":[{"@type":"ListItem","position":1,"name":"Home","item":"https:\/\/wild-palms.com\/es\/"},{"@type":"ListItem","position":2,"name":"ANDREAS STEINBRECHER"}]},{"@type":"WebSite","@id":"https:\/\/wild-palms.com\/es\/#website","url":"https:\/\/wild-palms.com\/es\/","name":"wildpalms ES","description":"","publisher":{"@id":"https:\/\/wild-palms.com\/es\/#organization"},"potentialAction":[{"@type":"SearchAction","target":{"@type":"EntryPoint","urlTemplate":"https:\/\/wild-palms.com\/es\/?s={search_term_string}"},"query-input":{"@type":"PropertyValueSpecification","valueRequired":true,"valueName":"search_term_string"}}],"inLanguage":"es"},{"@type":"Organization","@id":"https:\/\/wild-palms.com\/es\/#organization","name":"wildpalms ES","url":"https:\/\/wild-palms.com\/es\/","logo":{"@type":"ImageObject","inLanguage":"es","@id":"https:\/\/wild-palms.com\/es\/#\/schema\/logo\/image\/","url":"https:\/\/wild-palms.com\/es\/wp-content\/uploads\/sites\/3\/2023\/03\/cropped-wildpalms_logo_ths.png","contentUrl":"https:\/\/wild-palms.com\/es\/wp-content\/uploads\/sites\/3\/2023\/03\/cropped-wildpalms_logo_ths.png","width":1200,"height":197,"caption":"wildpalms ES"},"image":{"@id":"https:\/\/wild-palms.com\/es\/#\/schema\/logo\/image\/"}}]}},"_links":{"self":[{"href":"https:\/\/wild-palms.com\/es\/wp-json\/wp\/v2\/pages\/8821","targetHints":{"allow":["GET"]}}],"collection":[{"href":"https:\/\/wild-palms.com\/es\/wp-json\/wp\/v2\/pages"}],"about":[{"href":"https:\/\/wild-palms.com\/es\/wp-json\/wp\/v2\/types\/page"}],"author":[{"embeddable":true,"href":"https:\/\/wild-palms.com\/es\/wp-json\/wp\/v2\/users\/1"}],"replies":[{"embeddable":true,"href":"https:\/\/wild-palms.com\/es\/wp-json\/wp\/v2\/comments?post=8821"}],"version-history":[{"count":20,"href":"https:\/\/wild-palms.com\/es\/wp-json\/wp\/v2\/pages\/8821\/revisions"}],"predecessor-version":[{"id":8865,"href":"https:\/\/wild-palms.com\/es\/wp-json\/wp\/v2\/pages\/8821\/revisions\/8865"}],"wp:attachment":[{"href":"https:\/\/wild-palms.com\/es\/wp-json\/wp\/v2\/media?parent=8821"}],"curies":[{"name":"wp","href":"https:\/\/api.w.org\/{rel}","templated":true}]}}