{"id":8777,"date":"2025-01-09T22:20:53","date_gmt":"2025-01-09T21:20:53","guid":{"rendered":"https:\/\/wild-palms.com\/es\/?page_id=8777"},"modified":"2025-02-08T21:21:35","modified_gmt":"2025-02-08T20:21:35","slug":"andreas-steinbrecher-ruf-der-trompeten","status":"publish","type":"page","link":"https:\/\/wild-palms.com\/es\/andreas-steinbrecher-ruf-der-trompeten\/","title":{"rendered":"Andreas Steinbrecher: Ruf der Trompeten"},"content":{"rendered":"\n<h2 class=\"wp-block-heading has-small-font-size\">ANDREAS STEINBRECHER: RUF DER TROMPETEN <\/h2>\n\n\n\n<h2 class=\"wp-block-heading has-text-align-right has-small-font-size\">EL LLAMADO DE LAS TROMPETAS<\/h2>\n\n\n\n<figure class=\"wp-block-image size-large\"><a href=\"https:\/\/wild-palms.com\/es\/wp-content\/uploads\/sites\/3\/2025\/01\/Andreas_Steinbrecher_Ruf_der_Trompeten_Poster_9-scaled.webp\" data-rel=\"lightbox-image-0\" data-rl_title=\"\" data-rl_caption=\"\" title=\"\"><img loading=\"lazy\" decoding=\"async\" width=\"1024\" height=\"1024\" src=\"https:\/\/wild-palms.com\/es\/wp-content\/uploads\/sites\/3\/2025\/01\/Andreas_Steinbrecher_Ruf_der_Trompeten_Poster_9-1024x1024.webp\" alt=\"Andreas Steinbrecher logo para la exhibicion con Alexandra Meffert en wildpalms \" class=\"wp-image-8779\" srcset=\"https:\/\/wild-palms.com\/es\/wp-content\/uploads\/sites\/3\/2025\/01\/Andreas_Steinbrecher_Ruf_der_Trompeten_Poster_9-1024x1024.webp 1024w, https:\/\/wild-palms.com\/es\/wp-content\/uploads\/sites\/3\/2025\/01\/Andreas_Steinbrecher_Ruf_der_Trompeten_Poster_9-300x300.webp 300w, https:\/\/wild-palms.com\/es\/wp-content\/uploads\/sites\/3\/2025\/01\/Andreas_Steinbrecher_Ruf_der_Trompeten_Poster_9-150x150.webp 150w, https:\/\/wild-palms.com\/es\/wp-content\/uploads\/sites\/3\/2025\/01\/Andreas_Steinbrecher_Ruf_der_Trompeten_Poster_9-768x768.webp 768w, https:\/\/wild-palms.com\/es\/wp-content\/uploads\/sites\/3\/2025\/01\/Andreas_Steinbrecher_Ruf_der_Trompeten_Poster_9-1536x1536.webp 1536w, https:\/\/wild-palms.com\/es\/wp-content\/uploads\/sites\/3\/2025\/01\/Andreas_Steinbrecher_Ruf_der_Trompeten_Poster_9-2048x2048.webp 2048w\" sizes=\"auto, (max-width: 1024px) 100vw, 1024px\" \/><\/a><\/figure>\n\n\n\n<p>Quo Vadis Pintura.  <\/p>\n\n\n\n<p style=\"font-size:15px\"><em>Este ensayo fue publicado en el 2023 en Esfera P\u00fablica.<\/em><\/p>\n\n\n\n<p style=\"font-size:14px\">De 10,000 d\u00f3lares precio galer\u00eda a 120,000 d\u00f3lares precio en subasta en tan solo un a\u00f1o. Con un promedio de 35 a\u00f1os, una nueva generaci\u00f3n de pintoras y algunos pintores, como Cristina Banban, Lucy Bull, Louis Fratino, Ben Sledsens y Sahara Longe, entre otros, llegan a n\u00fameros de seis cifras en el mercado secundario. Y l hacen porque la ley t\u00e1cita del mercado de arte, que supon\u00eda que un coleccionista o comprador guardaba la pintura m\u00e1s de 10 a\u00f1os antes de ofrecerla al mercado de nuevo, ya no tiene validez alguna. Las subastas se est\u00e1n llenando con piezas realizadas el mismo a\u00f1o. Es m\u00e1s, la pintura -en caso de que sea \u00f3leo- puede estar a\u00fan fresca. Pero eso no es relevante al mercado de arte actual que ha aumentado su velocidad en las transacciones especulativas y financieras al mismo tiempo que declara su obsesi\u00f3n por un solo medio<strong>: La pintura<\/strong>.<\/p>\n\n\n\n<p><\/p>\n\n\n\n<p class=\"has-text-align-left\" style=\"font-size:14px\">La pintura actual es en su mayor\u00eda figurativa, y si es abstracta, es abstracci\u00f3n empe\u00f1ada por el uso del color. A diferencia de las d\u00e9cadas anteriores, hoy el lienzo ya no es espacio para el concepto. La nueva pintura es de nuevo pura\u00a0<strong>representaci\u00f3n<\/strong>. (<a href=\"https:\/\/esferapublica.org\/quo-vadis-pintura\/\">seguir leyendo aqu\u00ed<\/a>).<\/p>\n\n\n\n<p style=\"font-size:14px\">durante los <a href=\"https:\/\/wild-palms.com\/es\/on-animals\/\">el ultimo a\u00f1o y medio<\/a> hemos estado en contacto con Andreas, siguiendo su desarrollo, y meditando sobre la pintura en la actual Alemania.<\/p>\n\n\n\n<p style=\"font-size:14px\"><\/p>\n\n\n\n<p style=\"font-size:14px\">Nacido en Kazajst\u00e1n en 1984, Andreas Steinbrecher se traslad\u00f3 a Alemania con sus padres a los cuatro a\u00f1os. Procedente de una familia de artesanos, su talento y pasi\u00f3n por el dibujo fueron reconocidos muy pronto. A pesar de ello, primero curs\u00f3 estudios de dise\u00f1o gr\u00e1fico en la Universidad de Ciencias Aplicadas de D\u00fcsseldorf, que complet\u00f3 con \u00e9xito. Tras trabajar como dise\u00f1ador aut\u00f3nomo, Andreas decidi\u00f3 ampliar su desarrollo art\u00edstico matricul\u00e1ndose en la Academia de Arte de D\u00fcsseldorf en 2017. Estudi\u00f3 con el profesor Thomas Scheibitz y termin\u00f3 la carrera en la primavera de 2023.<\/p>\n\n\n\n<hr class=\"wp-block-separator has-alpha-channel-opacity\"\/>\n\n\n\n<div class=\"wp-block-buttons is-layout-flex wp-block-buttons-is-layout-flex\">\n<div class=\"wp-block-button\"><a class=\"wp-block-button__link wp-element-button\" href=\"https:\/\/wildpalmsamericana.com\/andreas-steinbrecher\">obras online<\/a><\/div>\n<\/div>\n\n\n\n<figure class=\"wp-block-gallery has-nested-images columns-default is-cropped wp-block-gallery-1 is-layout-flex wp-block-gallery-is-layout-flex\">\n<figure class=\"wp-block-image size-full\"><a href=\"https:\/\/wild-palms.com\/es\/wp-content\/uploads\/sites\/3\/2025\/02\/Andreas_Steinbrecher_wildpalms_7-scaled.webp\" data-rel=\"lightbox-image-1\" data-rl_title=\"\" data-rl_caption=\"\" title=\"\"><img loading=\"lazy\" decoding=\"async\" width=\"2560\" height=\"1705\" data-id=\"8802\" src=\"https:\/\/wild-palms.com\/es\/wp-content\/uploads\/sites\/3\/2025\/02\/Andreas_Steinbrecher_wildpalms_7-scaled.webp\" alt=\"Andreas Steinbrecher pintura reflexi\u00f3n\" class=\"wp-image-8802\" srcset=\"https:\/\/wild-palms.com\/es\/wp-content\/uploads\/sites\/3\/2025\/02\/Andreas_Steinbrecher_wildpalms_7-scaled.webp 2560w, https:\/\/wild-palms.com\/es\/wp-content\/uploads\/sites\/3\/2025\/02\/Andreas_Steinbrecher_wildpalms_7-300x200.webp 300w, https:\/\/wild-palms.com\/es\/wp-content\/uploads\/sites\/3\/2025\/02\/Andreas_Steinbrecher_wildpalms_7-1024x682.webp 1024w, https:\/\/wild-palms.com\/es\/wp-content\/uploads\/sites\/3\/2025\/02\/Andreas_Steinbrecher_wildpalms_7-768x512.webp 768w, https:\/\/wild-palms.com\/es\/wp-content\/uploads\/sites\/3\/2025\/02\/Andreas_Steinbrecher_wildpalms_7-1536x1023.webp 1536w, https:\/\/wild-palms.com\/es\/wp-content\/uploads\/sites\/3\/2025\/02\/Andreas_Steinbrecher_wildpalms_7-2048x1364.webp 2048w\" sizes=\"auto, (max-width: 2560px) 100vw, 2560px\" \/><\/a><\/figure>\n\n\n\n<figure class=\"wp-block-image size-full\"><a href=\"https:\/\/wild-palms.com\/es\/wp-content\/uploads\/sites\/3\/2025\/02\/Andreas_Steinbrecher_wildpalms_6-scaled.webp\" data-rel=\"lightbox-image-2\" data-rl_title=\"\" data-rl_caption=\"\" title=\"\"><img loading=\"lazy\" decoding=\"async\" width=\"2560\" height=\"1706\" data-id=\"8797\" src=\"https:\/\/wild-palms.com\/es\/wp-content\/uploads\/sites\/3\/2025\/02\/Andreas_Steinbrecher_wildpalms_6-scaled.webp\" alt=\"\" class=\"wp-image-8797\" srcset=\"https:\/\/wild-palms.com\/es\/wp-content\/uploads\/sites\/3\/2025\/02\/Andreas_Steinbrecher_wildpalms_6-scaled.webp 2560w, https:\/\/wild-palms.com\/es\/wp-content\/uploads\/sites\/3\/2025\/02\/Andreas_Steinbrecher_wildpalms_6-300x200.webp 300w, https:\/\/wild-palms.com\/es\/wp-content\/uploads\/sites\/3\/2025\/02\/Andreas_Steinbrecher_wildpalms_6-1024x683.webp 1024w, https:\/\/wild-palms.com\/es\/wp-content\/uploads\/sites\/3\/2025\/02\/Andreas_Steinbrecher_wildpalms_6-768x512.webp 768w, https:\/\/wild-palms.com\/es\/wp-content\/uploads\/sites\/3\/2025\/02\/Andreas_Steinbrecher_wildpalms_6-1536x1024.webp 1536w, https:\/\/wild-palms.com\/es\/wp-content\/uploads\/sites\/3\/2025\/02\/Andreas_Steinbrecher_wildpalms_6-2048x1365.webp 2048w\" sizes=\"auto, (max-width: 2560px) 100vw, 2560px\" \/><\/a><\/figure>\n\n\n\n<figure class=\"wp-block-image size-full\"><a href=\"https:\/\/wild-palms.com\/es\/wp-content\/uploads\/sites\/3\/2025\/02\/Andreas_Steinbrecher_wildpalms_5-scaled.webp\" data-rel=\"lightbox-image-3\" data-rl_title=\"\" data-rl_caption=\"\" title=\"\"><img loading=\"lazy\" decoding=\"async\" width=\"2560\" height=\"1706\" data-id=\"8798\" src=\"https:\/\/wild-palms.com\/es\/wp-content\/uploads\/sites\/3\/2025\/02\/Andreas_Steinbrecher_wildpalms_5-scaled.webp\" alt=\"\" class=\"wp-image-8798\" srcset=\"https:\/\/wild-palms.com\/es\/wp-content\/uploads\/sites\/3\/2025\/02\/Andreas_Steinbrecher_wildpalms_5-scaled.webp 2560w, https:\/\/wild-palms.com\/es\/wp-content\/uploads\/sites\/3\/2025\/02\/Andreas_Steinbrecher_wildpalms_5-300x200.webp 300w, https:\/\/wild-palms.com\/es\/wp-content\/uploads\/sites\/3\/2025\/02\/Andreas_Steinbrecher_wildpalms_5-1024x682.webp 1024w, https:\/\/wild-palms.com\/es\/wp-content\/uploads\/sites\/3\/2025\/02\/Andreas_Steinbrecher_wildpalms_5-768x512.webp 768w, https:\/\/wild-palms.com\/es\/wp-content\/uploads\/sites\/3\/2025\/02\/Andreas_Steinbrecher_wildpalms_5-1536x1024.webp 1536w, https:\/\/wild-palms.com\/es\/wp-content\/uploads\/sites\/3\/2025\/02\/Andreas_Steinbrecher_wildpalms_5-2048x1365.webp 2048w\" sizes=\"auto, (max-width: 2560px) 100vw, 2560px\" \/><\/a><\/figure>\n\n\n\n<figure class=\"wp-block-image size-full\"><a href=\"https:\/\/wild-palms.com\/es\/wp-content\/uploads\/sites\/3\/2025\/02\/Andreas_Steinbrecher_wildpalms_4-scaled.webp\" data-rel=\"lightbox-image-4\" data-rl_title=\"\" data-rl_caption=\"\" title=\"\"><img loading=\"lazy\" decoding=\"async\" width=\"2560\" height=\"1705\" data-id=\"8801\" src=\"https:\/\/wild-palms.com\/es\/wp-content\/uploads\/sites\/3\/2025\/02\/Andreas_Steinbrecher_wildpalms_4-scaled.webp\" alt=\"\" class=\"wp-image-8801\" srcset=\"https:\/\/wild-palms.com\/es\/wp-content\/uploads\/sites\/3\/2025\/02\/Andreas_Steinbrecher_wildpalms_4-scaled.webp 2560w, https:\/\/wild-palms.com\/es\/wp-content\/uploads\/sites\/3\/2025\/02\/Andreas_Steinbrecher_wildpalms_4-300x200.webp 300w, https:\/\/wild-palms.com\/es\/wp-content\/uploads\/sites\/3\/2025\/02\/Andreas_Steinbrecher_wildpalms_4-1024x682.webp 1024w, https:\/\/wild-palms.com\/es\/wp-content\/uploads\/sites\/3\/2025\/02\/Andreas_Steinbrecher_wildpalms_4-768x512.webp 768w, https:\/\/wild-palms.com\/es\/wp-content\/uploads\/sites\/3\/2025\/02\/Andreas_Steinbrecher_wildpalms_4-1536x1023.webp 1536w, https:\/\/wild-palms.com\/es\/wp-content\/uploads\/sites\/3\/2025\/02\/Andreas_Steinbrecher_wildpalms_4-2048x1364.webp 2048w\" sizes=\"auto, (max-width: 2560px) 100vw, 2560px\" \/><\/a><\/figure>\n\n\n\n<figure class=\"wp-block-image size-full\"><a href=\"https:\/\/wild-palms.com\/es\/wp-content\/uploads\/sites\/3\/2025\/02\/Andreas_Steinbrecher_wildpalms_1-scaled.webp\" data-rel=\"lightbox-image-5\" data-rl_title=\"\" data-rl_caption=\"\" title=\"\"><img loading=\"lazy\" decoding=\"async\" width=\"2560\" height=\"1706\" data-id=\"8800\" src=\"https:\/\/wild-palms.com\/es\/wp-content\/uploads\/sites\/3\/2025\/02\/Andreas_Steinbrecher_wildpalms_1-scaled.webp\" alt=\"\" class=\"wp-image-8800\" srcset=\"https:\/\/wild-palms.com\/es\/wp-content\/uploads\/sites\/3\/2025\/02\/Andreas_Steinbrecher_wildpalms_1-scaled.webp 2560w, https:\/\/wild-palms.com\/es\/wp-content\/uploads\/sites\/3\/2025\/02\/Andreas_Steinbrecher_wildpalms_1-300x200.webp 300w, https:\/\/wild-palms.com\/es\/wp-content\/uploads\/sites\/3\/2025\/02\/Andreas_Steinbrecher_wildpalms_1-1024x682.webp 1024w, https:\/\/wild-palms.com\/es\/wp-content\/uploads\/sites\/3\/2025\/02\/Andreas_Steinbrecher_wildpalms_1-768x512.webp 768w, https:\/\/wild-palms.com\/es\/wp-content\/uploads\/sites\/3\/2025\/02\/Andreas_Steinbrecher_wildpalms_1-1536x1024.webp 1536w, https:\/\/wild-palms.com\/es\/wp-content\/uploads\/sites\/3\/2025\/02\/Andreas_Steinbrecher_wildpalms_1-2048x1365.webp 2048w\" sizes=\"auto, (max-width: 2560px) 100vw, 2560px\" \/><\/a><\/figure>\n\n\n\n<figure class=\"wp-block-image size-full\"><a href=\"https:\/\/wild-palms.com\/es\/wp-content\/uploads\/sites\/3\/2025\/02\/Andreas_Steinbrecher_wildpalms_3-scaled.webp\" data-rel=\"lightbox-image-6\" data-rl_title=\"\" data-rl_caption=\"\" title=\"\"><img loading=\"lazy\" decoding=\"async\" width=\"2560\" height=\"1705\" data-id=\"8799\" src=\"https:\/\/wild-palms.com\/es\/wp-content\/uploads\/sites\/3\/2025\/02\/Andreas_Steinbrecher_wildpalms_3-scaled.webp\" alt=\"\" class=\"wp-image-8799\" srcset=\"https:\/\/wild-palms.com\/es\/wp-content\/uploads\/sites\/3\/2025\/02\/Andreas_Steinbrecher_wildpalms_3-scaled.webp 2560w, https:\/\/wild-palms.com\/es\/wp-content\/uploads\/sites\/3\/2025\/02\/Andreas_Steinbrecher_wildpalms_3-300x200.webp 300w, https:\/\/wild-palms.com\/es\/wp-content\/uploads\/sites\/3\/2025\/02\/Andreas_Steinbrecher_wildpalms_3-1024x682.webp 1024w, https:\/\/wild-palms.com\/es\/wp-content\/uploads\/sites\/3\/2025\/02\/Andreas_Steinbrecher_wildpalms_3-768x512.webp 768w, https:\/\/wild-palms.com\/es\/wp-content\/uploads\/sites\/3\/2025\/02\/Andreas_Steinbrecher_wildpalms_3-1536x1023.webp 1536w, https:\/\/wild-palms.com\/es\/wp-content\/uploads\/sites\/3\/2025\/02\/Andreas_Steinbrecher_wildpalms_3-2048x1364.webp 2048w\" sizes=\"auto, (max-width: 2560px) 100vw, 2560px\" \/><\/a><\/figure>\n\n\n\n<figure class=\"wp-block-image size-full\"><a href=\"https:\/\/wild-palms.com\/es\/wp-content\/uploads\/sites\/3\/2025\/02\/Andreas_Steinbrecher_wildpalms_2-scaled.webp\" data-rel=\"lightbox-image-7\" data-rl_title=\"\" data-rl_caption=\"\" title=\"\"><img loading=\"lazy\" decoding=\"async\" width=\"1705\" height=\"2560\" data-id=\"8803\" src=\"https:\/\/wild-palms.com\/es\/wp-content\/uploads\/sites\/3\/2025\/02\/Andreas_Steinbrecher_wildpalms_2-scaled.webp\" alt=\"\" class=\"wp-image-8803\" srcset=\"https:\/\/wild-palms.com\/es\/wp-content\/uploads\/sites\/3\/2025\/02\/Andreas_Steinbrecher_wildpalms_2-scaled.webp 1705w, https:\/\/wild-palms.com\/es\/wp-content\/uploads\/sites\/3\/2025\/02\/Andreas_Steinbrecher_wildpalms_2-200x300.webp 200w, https:\/\/wild-palms.com\/es\/wp-content\/uploads\/sites\/3\/2025\/02\/Andreas_Steinbrecher_wildpalms_2-682x1024.webp 682w, https:\/\/wild-palms.com\/es\/wp-content\/uploads\/sites\/3\/2025\/02\/Andreas_Steinbrecher_wildpalms_2-768x1153.webp 768w, https:\/\/wild-palms.com\/es\/wp-content\/uploads\/sites\/3\/2025\/02\/Andreas_Steinbrecher_wildpalms_2-1023x1536.webp 1023w, https:\/\/wild-palms.com\/es\/wp-content\/uploads\/sites\/3\/2025\/02\/Andreas_Steinbrecher_wildpalms_2-1364x2048.webp 1364w\" sizes=\"auto, (max-width: 1705px) 100vw, 1705px\" \/><\/a><\/figure>\n<\/figure>\n","protected":false},"excerpt":{"rendered":"<p>ANDREAS STEINBRECHER: RUF DER TROMPETEN EL LLAMADO DE LAS TROMPETAS Quo Vadis Pintura. Este ensayo fue publicado en el 2023 en Esfera P\u00fablica. De 10,000 d\u00f3lares precio galer\u00eda a 120,000 d\u00f3lares precio en subasta en tan solo un a\u00f1o. Con un promedio de 35 a\u00f1os, una nueva generaci\u00f3n de pintoras y algunos pintores, como Cristina [&hellip;]<\/p>\n","protected":false},"author":1,"featured_media":0,"parent":0,"menu_order":0,"comment_status":"closed","ping_status":"closed","template":"","meta":{"_coblocks_attr":"","_coblocks_dimensions":"","_coblocks_responsive_height":"","_coblocks_accordion_ie_support":"","hide_page_title":"","footnotes":""},"class_list":["post-8777","page","type-page","status-publish","hentry"],"yoast_head":"<!-- This site is optimized with the Yoast SEO plugin v27.0 - https:\/\/yoast.com\/product\/yoast-seo-wordpress\/ -->\n<title>Andreas Steinbrecher: Ruf der Trompeten - wildpalms ES<\/title>\n<meta name=\"description\" content=\"Andreas Steinbrecher. &quot;El llamado de las trompetas&quot;. Exhibici\u00f3n monogr\u00e1fica en wildpalms. Inaguraci\u00f3n: 17 de Enero.\" \/>\n<meta name=\"robots\" content=\"index, follow, max-snippet:-1, max-image-preview:large, max-video-preview:-1\" \/>\n<link rel=\"canonical\" href=\"http:\/\/wild-palms.com\/es\/andreas-steinbrecher-ruf-der-trompeten\/\" \/>\n<meta property=\"og:locale\" content=\"es_ES\" \/>\n<meta property=\"og:type\" content=\"article\" \/>\n<meta property=\"og:title\" content=\"Andreas Steinbrecher: Ruf der Trompeten - wildpalms ES\" \/>\n<meta property=\"og:description\" content=\"Andreas Steinbrecher. &quot;El llamado de las trompetas&quot;. Exhibici\u00f3n monogr\u00e1fica en wildpalms. Inaguraci\u00f3n: 17 de Enero.\" \/>\n<meta property=\"og:url\" content=\"http:\/\/wild-palms.com\/es\/andreas-steinbrecher-ruf-der-trompeten\/\" \/>\n<meta property=\"og:site_name\" content=\"wildpalms ES\" \/>\n<meta property=\"article:modified_time\" content=\"2025-02-08T20:21:35+00:00\" \/>\n<meta property=\"og:image\" content=\"https:\/\/wild-palms.com\/es\/wp-content\/uploads\/sites\/3\/2025\/01\/Andreas_Steinbrecher_Ruf_der_Trompeten_Poster_9-1024x1024.webp\" \/>\n<meta name=\"twitter:card\" content=\"summary_large_image\" \/>\n<meta name=\"twitter:label1\" content=\"Est. reading time\" \/>\n\t<meta name=\"twitter:data1\" content=\"4 minutes\" \/>\n<script type=\"application\/ld+json\" class=\"yoast-schema-graph\">{\"@context\":\"https:\/\/schema.org\",\"@graph\":[{\"@type\":\"WebPage\",\"@id\":\"http:\/\/wild-palms.com\/es\/andreas-steinbrecher-ruf-der-trompeten\/\",\"url\":\"http:\/\/wild-palms.com\/es\/andreas-steinbrecher-ruf-der-trompeten\/\",\"name\":\"Andreas Steinbrecher: Ruf der Trompeten - wildpalms ES\",\"isPartOf\":{\"@id\":\"https:\/\/wild-palms.com\/es\/#website\"},\"primaryImageOfPage\":{\"@id\":\"http:\/\/wild-palms.com\/es\/andreas-steinbrecher-ruf-der-trompeten\/#primaryimage\"},\"image\":{\"@id\":\"http:\/\/wild-palms.com\/es\/andreas-steinbrecher-ruf-der-trompeten\/#primaryimage\"},\"thumbnailUrl\":\"https:\/\/wild-palms.com\/es\/wp-content\/uploads\/sites\/3\/2025\/01\/Andreas_Steinbrecher_Ruf_der_Trompeten_Poster_9-1024x1024.webp\",\"datePublished\":\"2025-01-09T21:20:53+00:00\",\"dateModified\":\"2025-02-08T20:21:35+00:00\",\"description\":\"Andreas Steinbrecher. \\\"El llamado de las trompetas\\\". Exhibici\u00f3n monogr\u00e1fica en wildpalms. Inaguraci\u00f3n: 17 de Enero.\",\"breadcrumb\":{\"@id\":\"http:\/\/wild-palms.com\/es\/andreas-steinbrecher-ruf-der-trompeten\/#breadcrumb\"},\"inLanguage\":\"es\",\"potentialAction\":[{\"@type\":\"ReadAction\",\"target\":[\"http:\/\/wild-palms.com\/es\/andreas-steinbrecher-ruf-der-trompeten\/\"]}]},{\"@type\":\"ImageObject\",\"inLanguage\":\"es\",\"@id\":\"http:\/\/wild-palms.com\/es\/andreas-steinbrecher-ruf-der-trompeten\/#primaryimage\",\"url\":\"https:\/\/wild-palms.com\/es\/wp-content\/uploads\/sites\/3\/2025\/01\/Andreas_Steinbrecher_Ruf_der_Trompeten_Poster_9-scaled.webp\",\"contentUrl\":\"https:\/\/wild-palms.com\/es\/wp-content\/uploads\/sites\/3\/2025\/01\/Andreas_Steinbrecher_Ruf_der_Trompeten_Poster_9-scaled.webp\",\"width\":2560,\"height\":2560},{\"@type\":\"BreadcrumbList\",\"@id\":\"http:\/\/wild-palms.com\/es\/andreas-steinbrecher-ruf-der-trompeten\/#breadcrumb\",\"itemListElement\":[{\"@type\":\"ListItem\",\"position\":1,\"name\":\"Home\",\"item\":\"https:\/\/wild-palms.com\/es\/\"},{\"@type\":\"ListItem\",\"position\":2,\"name\":\"Andreas Steinbrecher: Ruf der Trompeten\"}]},{\"@type\":\"WebSite\",\"@id\":\"https:\/\/wild-palms.com\/es\/#website\",\"url\":\"https:\/\/wild-palms.com\/es\/\",\"name\":\"wildpalms ES\",\"description\":\"\",\"publisher\":{\"@id\":\"https:\/\/wild-palms.com\/es\/#organization\"},\"potentialAction\":[{\"@type\":\"SearchAction\",\"target\":{\"@type\":\"EntryPoint\",\"urlTemplate\":\"https:\/\/wild-palms.com\/es\/?s={search_term_string}\"},\"query-input\":{\"@type\":\"PropertyValueSpecification\",\"valueRequired\":true,\"valueName\":\"search_term_string\"}}],\"inLanguage\":\"es\"},{\"@type\":\"Organization\",\"@id\":\"https:\/\/wild-palms.com\/es\/#organization\",\"name\":\"wildpalms ES\",\"url\":\"https:\/\/wild-palms.com\/es\/\",\"logo\":{\"@type\":\"ImageObject\",\"inLanguage\":\"es\",\"@id\":\"https:\/\/wild-palms.com\/es\/#\/schema\/logo\/image\/\",\"url\":\"https:\/\/wild-palms.com\/es\/wp-content\/uploads\/sites\/3\/2023\/03\/cropped-wildpalms_logo_ths.png\",\"contentUrl\":\"https:\/\/wild-palms.com\/es\/wp-content\/uploads\/sites\/3\/2023\/03\/cropped-wildpalms_logo_ths.png\",\"width\":1200,\"height\":197,\"caption\":\"wildpalms ES\"},\"image\":{\"@id\":\"https:\/\/wild-palms.com\/es\/#\/schema\/logo\/image\/\"}}]}<\/script>\n<!-- \/ Yoast SEO plugin. -->","yoast_head_json":{"title":"Andreas Steinbrecher: Ruf der Trompeten - wildpalms ES","description":"Andreas Steinbrecher. \"El llamado de las trompetas\". Exhibici\u00f3n monogr\u00e1fica en wildpalms. Inaguraci\u00f3n: 17 de Enero.","robots":{"index":"index","follow":"follow","max-snippet":"max-snippet:-1","max-image-preview":"max-image-preview:large","max-video-preview":"max-video-preview:-1"},"canonical":"http:\/\/wild-palms.com\/es\/andreas-steinbrecher-ruf-der-trompeten\/","og_locale":"es_ES","og_type":"article","og_title":"Andreas Steinbrecher: Ruf der Trompeten - wildpalms ES","og_description":"Andreas Steinbrecher. \"El llamado de las trompetas\". Exhibici\u00f3n monogr\u00e1fica en wildpalms. Inaguraci\u00f3n: 17 de Enero.","og_url":"http:\/\/wild-palms.com\/es\/andreas-steinbrecher-ruf-der-trompeten\/","og_site_name":"wildpalms ES","article_modified_time":"2025-02-08T20:21:35+00:00","og_image":[{"url":"https:\/\/wild-palms.com\/es\/wp-content\/uploads\/sites\/3\/2025\/01\/Andreas_Steinbrecher_Ruf_der_Trompeten_Poster_9-1024x1024.webp","type":"","width":"","height":""}],"twitter_card":"summary_large_image","twitter_misc":{"Est. reading time":"4 minutes"},"schema":{"@context":"https:\/\/schema.org","@graph":[{"@type":"WebPage","@id":"http:\/\/wild-palms.com\/es\/andreas-steinbrecher-ruf-der-trompeten\/","url":"http:\/\/wild-palms.com\/es\/andreas-steinbrecher-ruf-der-trompeten\/","name":"Andreas Steinbrecher: Ruf der Trompeten - wildpalms ES","isPartOf":{"@id":"https:\/\/wild-palms.com\/es\/#website"},"primaryImageOfPage":{"@id":"http:\/\/wild-palms.com\/es\/andreas-steinbrecher-ruf-der-trompeten\/#primaryimage"},"image":{"@id":"http:\/\/wild-palms.com\/es\/andreas-steinbrecher-ruf-der-trompeten\/#primaryimage"},"thumbnailUrl":"https:\/\/wild-palms.com\/es\/wp-content\/uploads\/sites\/3\/2025\/01\/Andreas_Steinbrecher_Ruf_der_Trompeten_Poster_9-1024x1024.webp","datePublished":"2025-01-09T21:20:53+00:00","dateModified":"2025-02-08T20:21:35+00:00","description":"Andreas Steinbrecher. \"El llamado de las trompetas\". Exhibici\u00f3n monogr\u00e1fica en wildpalms. Inaguraci\u00f3n: 17 de Enero.","breadcrumb":{"@id":"http:\/\/wild-palms.com\/es\/andreas-steinbrecher-ruf-der-trompeten\/#breadcrumb"},"inLanguage":"es","potentialAction":[{"@type":"ReadAction","target":["http:\/\/wild-palms.com\/es\/andreas-steinbrecher-ruf-der-trompeten\/"]}]},{"@type":"ImageObject","inLanguage":"es","@id":"http:\/\/wild-palms.com\/es\/andreas-steinbrecher-ruf-der-trompeten\/#primaryimage","url":"https:\/\/wild-palms.com\/es\/wp-content\/uploads\/sites\/3\/2025\/01\/Andreas_Steinbrecher_Ruf_der_Trompeten_Poster_9-scaled.webp","contentUrl":"https:\/\/wild-palms.com\/es\/wp-content\/uploads\/sites\/3\/2025\/01\/Andreas_Steinbrecher_Ruf_der_Trompeten_Poster_9-scaled.webp","width":2560,"height":2560},{"@type":"BreadcrumbList","@id":"http:\/\/wild-palms.com\/es\/andreas-steinbrecher-ruf-der-trompeten\/#breadcrumb","itemListElement":[{"@type":"ListItem","position":1,"name":"Home","item":"https:\/\/wild-palms.com\/es\/"},{"@type":"ListItem","position":2,"name":"Andreas Steinbrecher: Ruf der Trompeten"}]},{"@type":"WebSite","@id":"https:\/\/wild-palms.com\/es\/#website","url":"https:\/\/wild-palms.com\/es\/","name":"wildpalms ES","description":"","publisher":{"@id":"https:\/\/wild-palms.com\/es\/#organization"},"potentialAction":[{"@type":"SearchAction","target":{"@type":"EntryPoint","urlTemplate":"https:\/\/wild-palms.com\/es\/?s={search_term_string}"},"query-input":{"@type":"PropertyValueSpecification","valueRequired":true,"valueName":"search_term_string"}}],"inLanguage":"es"},{"@type":"Organization","@id":"https:\/\/wild-palms.com\/es\/#organization","name":"wildpalms ES","url":"https:\/\/wild-palms.com\/es\/","logo":{"@type":"ImageObject","inLanguage":"es","@id":"https:\/\/wild-palms.com\/es\/#\/schema\/logo\/image\/","url":"https:\/\/wild-palms.com\/es\/wp-content\/uploads\/sites\/3\/2023\/03\/cropped-wildpalms_logo_ths.png","contentUrl":"https:\/\/wild-palms.com\/es\/wp-content\/uploads\/sites\/3\/2023\/03\/cropped-wildpalms_logo_ths.png","width":1200,"height":197,"caption":"wildpalms ES"},"image":{"@id":"https:\/\/wild-palms.com\/es\/#\/schema\/logo\/image\/"}}]}},"_links":{"self":[{"href":"https:\/\/wild-palms.com\/es\/wp-json\/wp\/v2\/pages\/8777","targetHints":{"allow":["GET"]}}],"collection":[{"href":"https:\/\/wild-palms.com\/es\/wp-json\/wp\/v2\/pages"}],"about":[{"href":"https:\/\/wild-palms.com\/es\/wp-json\/wp\/v2\/types\/page"}],"author":[{"embeddable":true,"href":"https:\/\/wild-palms.com\/es\/wp-json\/wp\/v2\/users\/1"}],"replies":[{"embeddable":true,"href":"https:\/\/wild-palms.com\/es\/wp-json\/wp\/v2\/comments?post=8777"}],"version-history":[{"count":4,"href":"https:\/\/wild-palms.com\/es\/wp-json\/wp\/v2\/pages\/8777\/revisions"}],"predecessor-version":[{"id":8804,"href":"https:\/\/wild-palms.com\/es\/wp-json\/wp\/v2\/pages\/8777\/revisions\/8804"}],"wp:attachment":[{"href":"https:\/\/wild-palms.com\/es\/wp-json\/wp\/v2\/media?parent=8777"}],"curies":[{"name":"wp","href":"https:\/\/api.w.org\/{rel}","templated":true}]}}