{"id":8749,"date":"2024-09-29T22:34:37","date_gmt":"2024-09-29T20:34:37","guid":{"rendered":"https:\/\/wild-palms.com\/es\/?page_id=8749"},"modified":"2024-09-29T22:35:39","modified_gmt":"2024-09-29T20:35:39","slug":"artvilnius-2024","status":"publish","type":"page","link":"https:\/\/wild-palms.com\/es\/artvilnius-2024\/","title":{"rendered":"ArtVilnius 2024"},"content":{"rendered":"\n<h2 class=\"wp-block-heading has-small-font-size\">ArtVilnius 2024- wildpalms- booth 3.12<\/h2>\n\n\n\n<div class=\"wp-block-media-text is-stacked-on-mobile\" style=\"grid-template-columns:37% auto\"><figure class=\"wp-block-media-text__media\"><a href=\"https:\/\/artvilnius.com\/exhibitor\/wildpalms\/\"><img loading=\"lazy\" decoding=\"async\" width=\"1001\" height=\"1001\" src=\"https:\/\/wild-palms.com\/es\/wp-content\/uploads\/sites\/3\/2024\/09\/ArtVilnius24_logo-02.webp\" alt=\"ArtVilnius wildpalms\" class=\"wp-image-8750 size-full\" srcset=\"https:\/\/wild-palms.com\/es\/wp-content\/uploads\/sites\/3\/2024\/09\/ArtVilnius24_logo-02.webp 1001w, https:\/\/wild-palms.com\/es\/wp-content\/uploads\/sites\/3\/2024\/09\/ArtVilnius24_logo-02-300x300.webp 300w, https:\/\/wild-palms.com\/es\/wp-content\/uploads\/sites\/3\/2024\/09\/ArtVilnius24_logo-02-150x150.webp 150w, https:\/\/wild-palms.com\/es\/wp-content\/uploads\/sites\/3\/2024\/09\/ArtVilnius24_logo-02-768x768.webp 768w\" sizes=\"auto, (max-width: 1001px) 100vw, 1001px\" \/><\/a><\/figure><div class=\"wp-block-media-text__content\">\n<p><strong>Octubre 4, 5 &amp; 6<\/strong><\/p>\n\n\n\n<p class=\"has-small-font-size\"><strong>@Litexpo<\/strong>,<\/p>\n\n\n\n<p><strong>Vilnius<\/strong><\/p>\n<\/div><\/div>\n\n\n\n<div class=\"wp-block-group is-vertical is-layout-flex wp-container-core-group-is-layout-8cf370e7 wp-block-group-is-layout-flex\">\n<div class=\"wp-block-group\"><div class=\"wp-block-group__inner-container is-layout-constrained wp-block-group-is-layout-constrained\">\n<div class=\"wp-block-buttons alignwide is-content-justification-center is-layout-flex wp-container-core-buttons-is-layout-5590e8cb wp-block-buttons-is-layout-flex\">\n<div class=\"wp-block-button has-custom-width wp-block-button__width-50 has-custom-font-size has-medium-font-size coblocks-animate\" data-coblocks-animation=\"zoomIn\"><a class=\"wp-block-button__link has-primary-color has-tertiary-background-color has-text-color has-background has-link-color wp-element-button\" href=\"https:\/\/wild-palms.com\/wp-content\/uploads\/2024\/09\/ArtVilnius-2024_L.pdf\" style=\"border-radius:22px;padding-top:0;padding-right:0;padding-bottom:0;padding-left:0\">echa un vistazo<\/a><\/div>\n<\/div>\n\n\n\n<p style=\"font-size:13px\">ArtVilnius 2024, 15 a\u00f1os. En esta edici\u00f3n de aniversario de ArtVilnius, wildpalms se complace en presentar un stand comisariado por&nbsp;<a href=\"https:\/\/wild-palms.com\/rachel-libeskind\/\">Rachel Libeskind<\/a>,&nbsp;<a href=\"https:\/\/wild-palms.com\/nika-fontaine\/\">Nika Fontaine<\/a>&nbsp;y&nbsp;<a href=\"https:\/\/wild-palms.com\/mauricio-limon\/\">Mauricio Lim\u00f3n de Le\u00f3n.<\/a><\/p>\n\n\n\n<p style=\"font-size:13px\">Las obras expuestas se han seleccionado de los \u00faltimos cinco a\u00f1os y conectan los archivos de sus exposiciones en D\u00fcsseldorf, los Hamptons y Nueva York. \u00c9stas han definido su pr\u00e1ctica del collage y han desafiado las pr\u00e1cticas art\u00edsticas de Hanna H\u00f6ch a Robert Rauschenberg. Nos complace presentar pinturas en madera de Mauricio, que acompa\u00f1aron su reciente exposici\u00f3n en \u00c1msterdam. Tambi\u00e9n exponemos pinturas de Nika de su \u00faltima serie, \u00abDisoluci\u00f3n\u00bb, que lleva desarrollando m\u00e1s de tres a\u00f1os. Esta serie sigue explorando el lenguaje de la alquimia.<br><\/p>\n\n\n\n<p style=\"font-size:13px\">Estamos encantados de invitarte a nuestra pr\u00f3xima feria de arte, en la que tres artistas verdaderamente inspiradores expondr\u00e1n sus incre\u00edbles obras. Lo que une a estas personas de talento es su sincera exploraci\u00f3n de algunos de los aspectos m\u00e1s fundamentales de nuestra humanidad: piensa en la memoria, la religi\u00f3n, la espiritualidad y las muchas capas que nos definen dentro de nuestras sociedades.<\/p>\n\n\n\n<p><\/p>\n\n\n\n<p style=\"font-size:13px\">Cada artista profundiza en estos temas centrales, ofreciendo perspectivas \u00fanicas que te hacen pararte a pensar. Pero lo que realmente distingue sus obras es el delicioso sentido del humor que las recorre. Es asombroso c\u00f3mo equilibran temas profundos con momentos de ligereza e ingenio, creando un arte que resuena en m\u00faltiples niveles.<\/p>\n<\/div><\/div>\n<\/div>\n\n\n\n<figure class=\"wp-block-image size-full\"><a href=\"https:\/\/wild-palms.com\/es\/wp-content\/uploads\/sites\/3\/2024\/09\/RDL_nada_print_5-LOW.webp\" data-rel=\"lightbox-image-0\" data-rl_title=\"\" data-rl_caption=\"\" title=\"\"><img loading=\"lazy\" decoding=\"async\" width=\"600\" height=\"1167\" src=\"https:\/\/wild-palms.com\/es\/wp-content\/uploads\/sites\/3\/2024\/09\/RDL_nada_print_5-LOW.webp\" alt=\"Art Vilnius Rachel Libeskind\" class=\"wp-image-8751\" srcset=\"https:\/\/wild-palms.com\/es\/wp-content\/uploads\/sites\/3\/2024\/09\/RDL_nada_print_5-LOW.webp 600w, https:\/\/wild-palms.com\/es\/wp-content\/uploads\/sites\/3\/2024\/09\/RDL_nada_print_5-LOW-154x300.webp 154w, https:\/\/wild-palms.com\/es\/wp-content\/uploads\/sites\/3\/2024\/09\/RDL_nada_print_5-LOW-526x1024.webp 526w\" sizes=\"auto, (max-width: 600px) 100vw, 600px\" \/><\/a><\/figure>\n","protected":false},"excerpt":{"rendered":"<p>ArtVilnius 2024- wildpalms- booth 3.12 Octubre 4, 5 &amp; 6 @Litexpo, Vilnius ArtVilnius 2024, 15 a\u00f1os. En esta edici\u00f3n de aniversario de ArtVilnius, wildpalms se complace en presentar un stand comisariado por&nbsp;Rachel Libeskind,&nbsp;Nika Fontaine&nbsp;y&nbsp;Mauricio Lim\u00f3n de Le\u00f3n. Las obras expuestas se han seleccionado de los \u00faltimos cinco a\u00f1os y conectan los archivos de sus exposiciones [&hellip;]<\/p>\n","protected":false},"author":1,"featured_media":0,"parent":0,"menu_order":0,"comment_status":"closed","ping_status":"closed","template":"","meta":{"_coblocks_attr":"","_coblocks_dimensions":"","_coblocks_responsive_height":"","_coblocks_accordion_ie_support":"","hide_page_title":"","footnotes":""},"class_list":["post-8749","page","type-page","status-publish","hentry"],"yoast_head":"<!-- This site is optimized with the Yoast SEO plugin v27.0 - https:\/\/yoast.com\/product\/yoast-seo-wordpress\/ -->\n<title>ArtVilnius 2024 - wildpalms ES<\/title>\n<meta name=\"description\" content=\"wildpalms en ArtVilnius con Rachel Libeskind, Nika Fontaine y Mauricio Lim\u00f3n de Le\u00f3n. Stand 3.12. Del 4 al 6 de octubre\" \/>\n<meta name=\"robots\" content=\"index, follow, max-snippet:-1, max-image-preview:large, max-video-preview:-1\" \/>\n<link rel=\"canonical\" href=\"https:\/\/wild-palms.com\/es\/artvilnius-2024\/\" \/>\n<meta property=\"og:locale\" content=\"es_ES\" \/>\n<meta property=\"og:type\" content=\"article\" \/>\n<meta property=\"og:title\" content=\"ArtVilnius 2024 - wildpalms ES\" \/>\n<meta property=\"og:description\" content=\"wildpalms en ArtVilnius con Rachel Libeskind, Nika Fontaine y Mauricio Lim\u00f3n de Le\u00f3n. Stand 3.12. Del 4 al 6 de octubre\" \/>\n<meta property=\"og:url\" content=\"https:\/\/wild-palms.com\/es\/artvilnius-2024\/\" \/>\n<meta property=\"og:site_name\" content=\"wildpalms ES\" \/>\n<meta property=\"article:modified_time\" content=\"2024-09-29T20:35:39+00:00\" \/>\n<meta property=\"og:image\" content=\"https:\/\/wild-palms.com\/es\/wp-content\/uploads\/sites\/3\/2024\/09\/ArtVilnius24_logo-02.webp\" \/>\n<meta name=\"twitter:card\" content=\"summary_large_image\" \/>\n<meta name=\"twitter:label1\" content=\"Est. reading time\" \/>\n\t<meta name=\"twitter:data1\" content=\"2 minutes\" \/>\n<script type=\"application\/ld+json\" class=\"yoast-schema-graph\">{\"@context\":\"https:\/\/schema.org\",\"@graph\":[{\"@type\":\"WebPage\",\"@id\":\"https:\/\/wild-palms.com\/es\/artvilnius-2024\/\",\"url\":\"https:\/\/wild-palms.com\/es\/artvilnius-2024\/\",\"name\":\"ArtVilnius 2024 - wildpalms ES\",\"isPartOf\":{\"@id\":\"http:\/\/wild-palms.com\/es\/#website\"},\"primaryImageOfPage\":{\"@id\":\"https:\/\/wild-palms.com\/es\/artvilnius-2024\/#primaryimage\"},\"image\":{\"@id\":\"https:\/\/wild-palms.com\/es\/artvilnius-2024\/#primaryimage\"},\"thumbnailUrl\":\"https:\/\/wild-palms.com\/es\/wp-content\/uploads\/sites\/3\/2024\/09\/ArtVilnius24_logo-02.webp\",\"datePublished\":\"2024-09-29T20:34:37+00:00\",\"dateModified\":\"2024-09-29T20:35:39+00:00\",\"description\":\"wildpalms en ArtVilnius con Rachel Libeskind, Nika Fontaine y Mauricio Lim\u00f3n de Le\u00f3n. Stand 3.12. Del 4 al 6 de octubre\",\"breadcrumb\":{\"@id\":\"https:\/\/wild-palms.com\/es\/artvilnius-2024\/#breadcrumb\"},\"inLanguage\":\"es\",\"potentialAction\":[{\"@type\":\"ReadAction\",\"target\":[\"https:\/\/wild-palms.com\/es\/artvilnius-2024\/\"]}]},{\"@type\":\"ImageObject\",\"inLanguage\":\"es\",\"@id\":\"https:\/\/wild-palms.com\/es\/artvilnius-2024\/#primaryimage\",\"url\":\"https:\/\/wild-palms.com\/es\/wp-content\/uploads\/sites\/3\/2024\/09\/ArtVilnius24_logo-02.webp\",\"contentUrl\":\"https:\/\/wild-palms.com\/es\/wp-content\/uploads\/sites\/3\/2024\/09\/ArtVilnius24_logo-02.webp\",\"width\":1001,\"height\":1001},{\"@type\":\"BreadcrumbList\",\"@id\":\"https:\/\/wild-palms.com\/es\/artvilnius-2024\/#breadcrumb\",\"itemListElement\":[{\"@type\":\"ListItem\",\"position\":1,\"name\":\"Home\",\"item\":\"http:\/\/wild-palms.com\/es\/\"},{\"@type\":\"ListItem\",\"position\":2,\"name\":\"ArtVilnius 2024\"}]},{\"@type\":\"WebSite\",\"@id\":\"http:\/\/wild-palms.com\/es\/#website\",\"url\":\"http:\/\/wild-palms.com\/es\/\",\"name\":\"wildpalms ES\",\"description\":\"\",\"publisher\":{\"@id\":\"http:\/\/wild-palms.com\/es\/#organization\"},\"potentialAction\":[{\"@type\":\"SearchAction\",\"target\":{\"@type\":\"EntryPoint\",\"urlTemplate\":\"http:\/\/wild-palms.com\/es\/?s={search_term_string}\"},\"query-input\":{\"@type\":\"PropertyValueSpecification\",\"valueRequired\":true,\"valueName\":\"search_term_string\"}}],\"inLanguage\":\"es\"},{\"@type\":\"Organization\",\"@id\":\"http:\/\/wild-palms.com\/es\/#organization\",\"name\":\"wildpalms ES\",\"url\":\"http:\/\/wild-palms.com\/es\/\",\"logo\":{\"@type\":\"ImageObject\",\"inLanguage\":\"es\",\"@id\":\"http:\/\/wild-palms.com\/es\/#\/schema\/logo\/image\/\",\"url\":\"https:\/\/wild-palms.com\/es\/wp-content\/uploads\/sites\/3\/2023\/03\/cropped-wildpalms_logo_ths.png\",\"contentUrl\":\"https:\/\/wild-palms.com\/es\/wp-content\/uploads\/sites\/3\/2023\/03\/cropped-wildpalms_logo_ths.png\",\"width\":1200,\"height\":197,\"caption\":\"wildpalms ES\"},\"image\":{\"@id\":\"http:\/\/wild-palms.com\/es\/#\/schema\/logo\/image\/\"}}]}<\/script>\n<!-- \/ Yoast SEO plugin. -->","yoast_head_json":{"title":"ArtVilnius 2024 - wildpalms ES","description":"wildpalms en ArtVilnius con Rachel Libeskind, Nika Fontaine y Mauricio Lim\u00f3n de Le\u00f3n. Stand 3.12. Del 4 al 6 de octubre","robots":{"index":"index","follow":"follow","max-snippet":"max-snippet:-1","max-image-preview":"max-image-preview:large","max-video-preview":"max-video-preview:-1"},"canonical":"https:\/\/wild-palms.com\/es\/artvilnius-2024\/","og_locale":"es_ES","og_type":"article","og_title":"ArtVilnius 2024 - wildpalms ES","og_description":"wildpalms en ArtVilnius con Rachel Libeskind, Nika Fontaine y Mauricio Lim\u00f3n de Le\u00f3n. Stand 3.12. Del 4 al 6 de octubre","og_url":"https:\/\/wild-palms.com\/es\/artvilnius-2024\/","og_site_name":"wildpalms ES","article_modified_time":"2024-09-29T20:35:39+00:00","og_image":[{"url":"https:\/\/wild-palms.com\/es\/wp-content\/uploads\/sites\/3\/2024\/09\/ArtVilnius24_logo-02.webp","type":"","width":"","height":""}],"twitter_card":"summary_large_image","twitter_misc":{"Est. reading time":"2 minutes"},"schema":{"@context":"https:\/\/schema.org","@graph":[{"@type":"WebPage","@id":"https:\/\/wild-palms.com\/es\/artvilnius-2024\/","url":"https:\/\/wild-palms.com\/es\/artvilnius-2024\/","name":"ArtVilnius 2024 - wildpalms ES","isPartOf":{"@id":"http:\/\/wild-palms.com\/es\/#website"},"primaryImageOfPage":{"@id":"https:\/\/wild-palms.com\/es\/artvilnius-2024\/#primaryimage"},"image":{"@id":"https:\/\/wild-palms.com\/es\/artvilnius-2024\/#primaryimage"},"thumbnailUrl":"https:\/\/wild-palms.com\/es\/wp-content\/uploads\/sites\/3\/2024\/09\/ArtVilnius24_logo-02.webp","datePublished":"2024-09-29T20:34:37+00:00","dateModified":"2024-09-29T20:35:39+00:00","description":"wildpalms en ArtVilnius con Rachel Libeskind, Nika Fontaine y Mauricio Lim\u00f3n de Le\u00f3n. Stand 3.12. Del 4 al 6 de octubre","breadcrumb":{"@id":"https:\/\/wild-palms.com\/es\/artvilnius-2024\/#breadcrumb"},"inLanguage":"es","potentialAction":[{"@type":"ReadAction","target":["https:\/\/wild-palms.com\/es\/artvilnius-2024\/"]}]},{"@type":"ImageObject","inLanguage":"es","@id":"https:\/\/wild-palms.com\/es\/artvilnius-2024\/#primaryimage","url":"https:\/\/wild-palms.com\/es\/wp-content\/uploads\/sites\/3\/2024\/09\/ArtVilnius24_logo-02.webp","contentUrl":"https:\/\/wild-palms.com\/es\/wp-content\/uploads\/sites\/3\/2024\/09\/ArtVilnius24_logo-02.webp","width":1001,"height":1001},{"@type":"BreadcrumbList","@id":"https:\/\/wild-palms.com\/es\/artvilnius-2024\/#breadcrumb","itemListElement":[{"@type":"ListItem","position":1,"name":"Home","item":"http:\/\/wild-palms.com\/es\/"},{"@type":"ListItem","position":2,"name":"ArtVilnius 2024"}]},{"@type":"WebSite","@id":"http:\/\/wild-palms.com\/es\/#website","url":"http:\/\/wild-palms.com\/es\/","name":"wildpalms ES","description":"","publisher":{"@id":"http:\/\/wild-palms.com\/es\/#organization"},"potentialAction":[{"@type":"SearchAction","target":{"@type":"EntryPoint","urlTemplate":"http:\/\/wild-palms.com\/es\/?s={search_term_string}"},"query-input":{"@type":"PropertyValueSpecification","valueRequired":true,"valueName":"search_term_string"}}],"inLanguage":"es"},{"@type":"Organization","@id":"http:\/\/wild-palms.com\/es\/#organization","name":"wildpalms ES","url":"http:\/\/wild-palms.com\/es\/","logo":{"@type":"ImageObject","inLanguage":"es","@id":"http:\/\/wild-palms.com\/es\/#\/schema\/logo\/image\/","url":"https:\/\/wild-palms.com\/es\/wp-content\/uploads\/sites\/3\/2023\/03\/cropped-wildpalms_logo_ths.png","contentUrl":"https:\/\/wild-palms.com\/es\/wp-content\/uploads\/sites\/3\/2023\/03\/cropped-wildpalms_logo_ths.png","width":1200,"height":197,"caption":"wildpalms ES"},"image":{"@id":"http:\/\/wild-palms.com\/es\/#\/schema\/logo\/image\/"}}]}},"_links":{"self":[{"href":"https:\/\/wild-palms.com\/es\/wp-json\/wp\/v2\/pages\/8749","targetHints":{"allow":["GET"]}}],"collection":[{"href":"https:\/\/wild-palms.com\/es\/wp-json\/wp\/v2\/pages"}],"about":[{"href":"https:\/\/wild-palms.com\/es\/wp-json\/wp\/v2\/types\/page"}],"author":[{"embeddable":true,"href":"https:\/\/wild-palms.com\/es\/wp-json\/wp\/v2\/users\/1"}],"replies":[{"embeddable":true,"href":"https:\/\/wild-palms.com\/es\/wp-json\/wp\/v2\/comments?post=8749"}],"version-history":[{"count":2,"href":"https:\/\/wild-palms.com\/es\/wp-json\/wp\/v2\/pages\/8749\/revisions"}],"predecessor-version":[{"id":8753,"href":"https:\/\/wild-palms.com\/es\/wp-json\/wp\/v2\/pages\/8749\/revisions\/8753"}],"wp:attachment":[{"href":"https:\/\/wild-palms.com\/es\/wp-json\/wp\/v2\/media?parent=8749"}],"curies":[{"name":"wp","href":"https:\/\/api.w.org\/{rel}","templated":true}]}}