{"id":7904,"date":"2023-08-20T09:43:30","date_gmt":"2023-08-20T07:43:30","guid":{"rendered":"https:\/\/wild-palms.com\/es\/?page_id=7904"},"modified":"2023-12-08T21:27:58","modified_gmt":"2023-12-08T20:27:58","slug":"listening-to-the-cicadas-under-the-palm-tree","status":"publish","type":"page","link":"https:\/\/wild-palms.com\/es\/listening-to-the-cicadas-under-the-palm-tree\/","title":{"rendered":"Listening to the cicadas under the palm tree"},"content":{"rendered":"\n<h1 class=\"wp-block-heading alignwide has-text-align-center has-huge-font-size\">4 Happenings:<br>Listening to the Cicadas under the Palm Tree<\/h1>\n\n\n\n<p class=\"has-text-align-center\" style=\"font-size:15px\">Happening d<a href=\"https:\/\/www.alexandrameffert.com\">e Alexandra Meffert<\/a> y Angelika Kammann (<a href=\"https:\/\/societeangelique.eu\/shop\/?v=3a52f3c22ed6\">Soci\u00e9t\u00e9 Angelique<\/a>)<\/p>\n\n\n\n<p class=\"has-text-align-center\" style=\"font-size:15px\">Ciertas formas de activismo clim\u00e1tico han provocado una fractura en la sociedad. En los \u00faltimos meses se ha observado resistencia cuando se debaten cuestiones medioambientales. Un fen\u00f3meno social que afecta a una nueva generaci\u00f3n y que est\u00e1 siendo estudiado por varios cient\u00edficos ha surgido:<\/p>\n\n\n\n<p class=\"has-text-align-center\" style=\"font-size:15px\"><strong>La depresi\u00f3n clim\u00e1tica.<\/strong><\/p>\n\n\n\n<p><\/p>\n\n\n\n<div class=\"wp-block-media-text is-stacked-on-mobile\"><figure class=\"wp-block-media-text__media\"><img loading=\"lazy\" decoding=\"async\" width=\"576\" height=\"1024\" src=\"https:\/\/wild-palms.com\/es\/wp-content\/uploads\/sites\/3\/2023\/08\/Happening1-576x1024.gif\" alt=\"\" class=\"wp-image-7900 size-full\" srcset=\"https:\/\/wild-palms.com\/es\/wp-content\/uploads\/sites\/3\/2023\/08\/Happening1-576x1024.gif 576w, https:\/\/wild-palms.com\/es\/wp-content\/uploads\/sites\/3\/2023\/08\/Happening1-169x300.gif 169w\" sizes=\"auto, (max-width: 576px) 100vw, 576px\" \/><\/figure><div class=\"wp-block-media-text__content\">\n<p style=\"font-size:15px\">Como parte del proyecto &#8220;Escuchar a las cigarras bajo la palmera&#8221;, Alexandra Meffert y Angelika Kammann utilizan 4 acontecimientos para transmitir una interacci\u00f3n con t\u00e9rminos que implican una relaci\u00f3n positiva con el medio ambiente: <strong>Mitigaci\u00f3n, Resiliencia, Creatividad y Valent\u00eda.<\/strong><\/p>\n\n\n\n<p style=\"font-size:15px\">El proyecto pretende contribuir a reforzar la sociedad y dotarla de las herramientas necesarias para emprender acciones positivas.<\/p>\n<\/div><\/div>\n\n\n\n<div class=\"wp-block-columns alignwide is-layout-flex wp-container-core-columns-is-layout-9d6595d7 wp-block-columns-is-layout-flex\">\n<div class=\"wp-block-column is-layout-flow wp-block-column-is-layout-flow\">\n<figure class=\"wp-block-image size-full\"><a href=\"https:\/\/wild-palms.com\/es\/wp-content\/uploads\/sites\/3\/2023\/09\/Wild-Palms-Creativity-2-von-143c-scaled.jpg\" data-rel=\"lightbox-image-0\" data-rl_title=\"\" data-rl_caption=\"\" title=\"\"><img loading=\"lazy\" decoding=\"async\" width=\"2560\" height=\"1703\" src=\"https:\/\/wild-palms.com\/es\/wp-content\/uploads\/sites\/3\/2023\/09\/Wild-Palms-Creativity-2-von-143c-scaled.jpg\" alt=\"\" class=\"wp-image-7952\" srcset=\"https:\/\/wild-palms.com\/es\/wp-content\/uploads\/sites\/3\/2023\/09\/Wild-Palms-Creativity-2-von-143c-scaled.jpg 2560w, https:\/\/wild-palms.com\/es\/wp-content\/uploads\/sites\/3\/2023\/09\/Wild-Palms-Creativity-2-von-143c-300x200.jpg 300w, https:\/\/wild-palms.com\/es\/wp-content\/uploads\/sites\/3\/2023\/09\/Wild-Palms-Creativity-2-von-143c-1024x681.jpg 1024w, https:\/\/wild-palms.com\/es\/wp-content\/uploads\/sites\/3\/2023\/09\/Wild-Palms-Creativity-2-von-143c-768x511.jpg 768w, https:\/\/wild-palms.com\/es\/wp-content\/uploads\/sites\/3\/2023\/09\/Wild-Palms-Creativity-2-von-143c-1536x1022.jpg 1536w, https:\/\/wild-palms.com\/es\/wp-content\/uploads\/sites\/3\/2023\/09\/Wild-Palms-Creativity-2-von-143c-2048x1362.jpg 2048w\" sizes=\"auto, (max-width: 2560px) 100vw, 2560px\" \/><\/a><\/figure>\n<\/div>\n\n\n\n<div class=\"wp-block-column is-layout-flow wp-block-column-is-layout-flow\">\n<figure class=\"wp-block-image size-full\"><a href=\"https:\/\/wild-palms.com\/es\/wp-content\/uploads\/sites\/3\/2023\/09\/Wild-Palms-Happening-7-von-141-scaled.jpg\" data-rel=\"lightbox-image-1\" data-rl_title=\"\" data-rl_caption=\"\" title=\"\"><img loading=\"lazy\" decoding=\"async\" width=\"2560\" height=\"1703\" src=\"https:\/\/wild-palms.com\/es\/wp-content\/uploads\/sites\/3\/2023\/09\/Wild-Palms-Happening-7-von-141-scaled.jpg\" alt=\"\" class=\"wp-image-7954\" srcset=\"https:\/\/wild-palms.com\/es\/wp-content\/uploads\/sites\/3\/2023\/09\/Wild-Palms-Happening-7-von-141-scaled.jpg 2560w, https:\/\/wild-palms.com\/es\/wp-content\/uploads\/sites\/3\/2023\/09\/Wild-Palms-Happening-7-von-141-300x200.jpg 300w, https:\/\/wild-palms.com\/es\/wp-content\/uploads\/sites\/3\/2023\/09\/Wild-Palms-Happening-7-von-141-1024x681.jpg 1024w, https:\/\/wild-palms.com\/es\/wp-content\/uploads\/sites\/3\/2023\/09\/Wild-Palms-Happening-7-von-141-768x511.jpg 768w, https:\/\/wild-palms.com\/es\/wp-content\/uploads\/sites\/3\/2023\/09\/Wild-Palms-Happening-7-von-141-1536x1022.jpg 1536w, https:\/\/wild-palms.com\/es\/wp-content\/uploads\/sites\/3\/2023\/09\/Wild-Palms-Happening-7-von-141-2048x1362.jpg 2048w\" sizes=\"auto, (max-width: 2560px) 100vw, 2560px\" \/><\/a><\/figure>\n<\/div>\n<\/div>\n\n\n\n<div class=\"wp-block-columns alignwide is-layout-flex wp-container-core-columns-is-layout-9d6595d7 wp-block-columns-is-layout-flex\">\n<div class=\"wp-block-column is-layout-flow wp-block-column-is-layout-flow\">\n<figure class=\"wp-block-image size-large\"><a href=\"https:\/\/wild-palms.com\/es\/wp-content\/uploads\/sites\/3\/2023\/09\/Wild-Palms-Happening-122-von-141burnt-scaled.jpg\" data-rel=\"lightbox-image-2\" data-rl_title=\"\" data-rl_caption=\"\" title=\"\"><img loading=\"lazy\" decoding=\"async\" width=\"681\" height=\"1024\" src=\"https:\/\/wild-palms.com\/es\/wp-content\/uploads\/sites\/3\/2023\/09\/Wild-Palms-Happening-122-von-141burnt-681x1024.jpg\" alt=\"\" class=\"wp-image-7955\" srcset=\"https:\/\/wild-palms.com\/es\/wp-content\/uploads\/sites\/3\/2023\/09\/Wild-Palms-Happening-122-von-141burnt-681x1024.jpg 681w, https:\/\/wild-palms.com\/es\/wp-content\/uploads\/sites\/3\/2023\/09\/Wild-Palms-Happening-122-von-141burnt-200x300.jpg 200w, https:\/\/wild-palms.com\/es\/wp-content\/uploads\/sites\/3\/2023\/09\/Wild-Palms-Happening-122-von-141burnt-768x1154.jpg 768w, https:\/\/wild-palms.com\/es\/wp-content\/uploads\/sites\/3\/2023\/09\/Wild-Palms-Happening-122-von-141burnt-1022x1536.jpg 1022w, https:\/\/wild-palms.com\/es\/wp-content\/uploads\/sites\/3\/2023\/09\/Wild-Palms-Happening-122-von-141burnt-1363x2048.jpg 1363w, https:\/\/wild-palms.com\/es\/wp-content\/uploads\/sites\/3\/2023\/09\/Wild-Palms-Happening-122-von-141burnt-scaled.jpg 1703w\" sizes=\"auto, (max-width: 681px) 100vw, 681px\" \/><\/a><\/figure>\n<\/div>\n\n\n\n<div class=\"wp-block-column is-layout-flow wp-block-column-is-layout-flow\">\n<figure class=\"wp-block-image size-large\"><a href=\"https:\/\/wild-palms.com\/es\/wp-content\/uploads\/sites\/3\/2023\/09\/Wild-Palms-Happening-5-von-141-scaled.jpg\" data-rel=\"lightbox-image-3\" data-rl_title=\"\" data-rl_caption=\"\" title=\"\"><img loading=\"lazy\" decoding=\"async\" width=\"681\" height=\"1024\" src=\"https:\/\/wild-palms.com\/es\/wp-content\/uploads\/sites\/3\/2023\/09\/Wild-Palms-Happening-5-von-141-681x1024.jpg\" alt=\"\" class=\"wp-image-7953\" srcset=\"https:\/\/wild-palms.com\/es\/wp-content\/uploads\/sites\/3\/2023\/09\/Wild-Palms-Happening-5-von-141-681x1024.jpg 681w, https:\/\/wild-palms.com\/es\/wp-content\/uploads\/sites\/3\/2023\/09\/Wild-Palms-Happening-5-von-141-200x300.jpg 200w, https:\/\/wild-palms.com\/es\/wp-content\/uploads\/sites\/3\/2023\/09\/Wild-Palms-Happening-5-von-141-768x1154.jpg 768w, https:\/\/wild-palms.com\/es\/wp-content\/uploads\/sites\/3\/2023\/09\/Wild-Palms-Happening-5-von-141-1022x1536.jpg 1022w, https:\/\/wild-palms.com\/es\/wp-content\/uploads\/sites\/3\/2023\/09\/Wild-Palms-Happening-5-von-141-1363x2048.jpg 1363w, https:\/\/wild-palms.com\/es\/wp-content\/uploads\/sites\/3\/2023\/09\/Wild-Palms-Happening-5-von-141-scaled.jpg 1703w\" sizes=\"auto, (max-width: 681px) 100vw, 681px\" \/><\/a><\/figure>\n<\/div>\n<\/div>\n\n\n\n<div class=\"wp-block-columns alignwide is-layout-flex wp-container-core-columns-is-layout-9d6595d7 wp-block-columns-is-layout-flex\">\n<div class=\"wp-block-column is-layout-flow wp-block-column-is-layout-flow\">\n<figure class=\"wp-block-image size-large\"><a href=\"https:\/\/wild-palms.com\/es\/wp-content\/uploads\/sites\/3\/2023\/09\/Wild-Palms-Creativity-22-von-143c-scaled.jpg\" data-rel=\"lightbox-image-4\" data-rl_title=\"\" data-rl_caption=\"\" title=\"\"><img loading=\"lazy\" decoding=\"async\" width=\"1024\" height=\"670\" src=\"https:\/\/wild-palms.com\/es\/wp-content\/uploads\/sites\/3\/2023\/09\/Wild-Palms-Creativity-22-von-143c-1024x670.jpg\" alt=\"\" class=\"wp-image-7956\" srcset=\"https:\/\/wild-palms.com\/es\/wp-content\/uploads\/sites\/3\/2023\/09\/Wild-Palms-Creativity-22-von-143c-1024x670.jpg 1024w, https:\/\/wild-palms.com\/es\/wp-content\/uploads\/sites\/3\/2023\/09\/Wild-Palms-Creativity-22-von-143c-300x196.jpg 300w, https:\/\/wild-palms.com\/es\/wp-content\/uploads\/sites\/3\/2023\/09\/Wild-Palms-Creativity-22-von-143c-768x502.jpg 768w, https:\/\/wild-palms.com\/es\/wp-content\/uploads\/sites\/3\/2023\/09\/Wild-Palms-Creativity-22-von-143c-1536x1005.jpg 1536w, https:\/\/wild-palms.com\/es\/wp-content\/uploads\/sites\/3\/2023\/09\/Wild-Palms-Creativity-22-von-143c-2048x1339.jpg 2048w\" sizes=\"auto, (max-width: 1024px) 100vw, 1024px\" \/><\/a><\/figure>\n<\/div>\n\n\n\n<div class=\"wp-block-column is-layout-flow wp-block-column-is-layout-flow\">\n<figure class=\"wp-block-image size-large\"><a href=\"https:\/\/wild-palms.com\/es\/wp-content\/uploads\/sites\/3\/2023\/09\/Wild-Palms-Creativity-8-von-58c-scaled.jpg\" data-rel=\"lightbox-image-5\" data-rl_title=\"\" data-rl_caption=\"\" title=\"\"><img loading=\"lazy\" decoding=\"async\" width=\"1024\" height=\"670\" src=\"https:\/\/wild-palms.com\/es\/wp-content\/uploads\/sites\/3\/2023\/09\/Wild-Palms-Creativity-8-von-58c-1024x670.jpg\" alt=\"\" class=\"wp-image-7957\" srcset=\"https:\/\/wild-palms.com\/es\/wp-content\/uploads\/sites\/3\/2023\/09\/Wild-Palms-Creativity-8-von-58c-1024x670.jpg 1024w, https:\/\/wild-palms.com\/es\/wp-content\/uploads\/sites\/3\/2023\/09\/Wild-Palms-Creativity-8-von-58c-300x196.jpg 300w, https:\/\/wild-palms.com\/es\/wp-content\/uploads\/sites\/3\/2023\/09\/Wild-Palms-Creativity-8-von-58c-768x503.jpg 768w, https:\/\/wild-palms.com\/es\/wp-content\/uploads\/sites\/3\/2023\/09\/Wild-Palms-Creativity-8-von-58c-1536x1005.jpg 1536w, https:\/\/wild-palms.com\/es\/wp-content\/uploads\/sites\/3\/2023\/09\/Wild-Palms-Creativity-8-von-58c-2048x1340.jpg 2048w\" sizes=\"auto, (max-width: 1024px) 100vw, 1024px\" \/><\/a><\/figure>\n<\/div>\n<\/div>\n\n\n\n<div class=\"wp-block-columns alignwide is-layout-flex wp-container-core-columns-is-layout-9d6595d7 wp-block-columns-is-layout-flex\">\n<div class=\"wp-block-column is-layout-flow wp-block-column-is-layout-flow\">\n<figure class=\"wp-block-image size-large\"><a href=\"https:\/\/wild-palms.com\/es\/wp-content\/uploads\/sites\/3\/2023\/09\/Wild-Palms-Creativity-36-von-58c-scaled.jpg\" data-rel=\"lightbox-image-6\" data-rl_title=\"\" data-rl_caption=\"\" title=\"\"><img loading=\"lazy\" decoding=\"async\" width=\"1024\" height=\"662\" src=\"https:\/\/wild-palms.com\/es\/wp-content\/uploads\/sites\/3\/2023\/09\/Wild-Palms-Creativity-36-von-58c-1024x662.jpg\" alt=\"\" class=\"wp-image-7958\" srcset=\"https:\/\/wild-palms.com\/es\/wp-content\/uploads\/sites\/3\/2023\/09\/Wild-Palms-Creativity-36-von-58c-1024x662.jpg 1024w, https:\/\/wild-palms.com\/es\/wp-content\/uploads\/sites\/3\/2023\/09\/Wild-Palms-Creativity-36-von-58c-300x194.jpg 300w, https:\/\/wild-palms.com\/es\/wp-content\/uploads\/sites\/3\/2023\/09\/Wild-Palms-Creativity-36-von-58c-768x497.jpg 768w, https:\/\/wild-palms.com\/es\/wp-content\/uploads\/sites\/3\/2023\/09\/Wild-Palms-Creativity-36-von-58c-1536x993.jpg 1536w, https:\/\/wild-palms.com\/es\/wp-content\/uploads\/sites\/3\/2023\/09\/Wild-Palms-Creativity-36-von-58c-2048x1324.jpg 2048w\" sizes=\"auto, (max-width: 1024px) 100vw, 1024px\" \/><\/a><\/figure>\n<\/div>\n\n\n\n<div class=\"wp-block-column is-layout-flow wp-block-column-is-layout-flow\">\n<figure class=\"wp-block-image size-large\"><a href=\"https:\/\/wild-palms.com\/es\/wp-content\/uploads\/sites\/3\/2023\/09\/Wild-Palms-Creativity-50-von-58c-scaled.jpg\" data-rel=\"lightbox-image-7\" data-rl_title=\"\" data-rl_caption=\"\" title=\"\"><img loading=\"lazy\" decoding=\"async\" width=\"1024\" height=\"681\" src=\"https:\/\/wild-palms.com\/es\/wp-content\/uploads\/sites\/3\/2023\/09\/Wild-Palms-Creativity-50-von-58c-1024x681.jpg\" alt=\"\" class=\"wp-image-7959\" srcset=\"https:\/\/wild-palms.com\/es\/wp-content\/uploads\/sites\/3\/2023\/09\/Wild-Palms-Creativity-50-von-58c-1024x681.jpg 1024w, https:\/\/wild-palms.com\/es\/wp-content\/uploads\/sites\/3\/2023\/09\/Wild-Palms-Creativity-50-von-58c-300x200.jpg 300w, https:\/\/wild-palms.com\/es\/wp-content\/uploads\/sites\/3\/2023\/09\/Wild-Palms-Creativity-50-von-58c-768x511.jpg 768w, https:\/\/wild-palms.com\/es\/wp-content\/uploads\/sites\/3\/2023\/09\/Wild-Palms-Creativity-50-von-58c-1536x1022.jpg 1536w, https:\/\/wild-palms.com\/es\/wp-content\/uploads\/sites\/3\/2023\/09\/Wild-Palms-Creativity-50-von-58c-2048x1362.jpg 2048w\" sizes=\"auto, (max-width: 1024px) 100vw, 1024px\" \/><\/a><\/figure>\n<\/div>\n<\/div>\n\n\n\n<div class=\"wp-block-media-text is-stacked-on-mobile\"><figure class=\"wp-block-media-text__media\"><img loading=\"lazy\" decoding=\"async\" width=\"896\" height=\"346\" src=\"https:\/\/wild-palms.com\/es\/wp-content\/uploads\/sites\/3\/2023\/12\/Stadtsparkasse_Dusseldorf.webp\" alt=\"\" class=\"wp-image-8185 size-full\" srcset=\"https:\/\/wild-palms.com\/es\/wp-content\/uploads\/sites\/3\/2023\/12\/Stadtsparkasse_Dusseldorf.webp 896w, https:\/\/wild-palms.com\/es\/wp-content\/uploads\/sites\/3\/2023\/12\/Stadtsparkasse_Dusseldorf-300x116.webp 300w, https:\/\/wild-palms.com\/es\/wp-content\/uploads\/sites\/3\/2023\/12\/Stadtsparkasse_Dusseldorf-768x297.webp 768w\" sizes=\"auto, (max-width: 896px) 100vw, 896px\" \/><\/figure><div class=\"wp-block-media-text__content\">\n<p><em>with the support of the Kunst und Kulturstiftung Stadtsparkasse D\u00fcsseldorf<\/em><\/p>\n<\/div><\/div>\n","protected":false},"excerpt":{"rendered":"<p>4 Happenings:Listening to the Cicadas under the Palm Tree Happening de Alexandra Meffert y Angelika Kammann (Soci\u00e9t\u00e9 Angelique) Ciertas formas de activismo clim\u00e1tico han provocado una fractura en la sociedad. En los \u00faltimos meses se ha observado resistencia cuando se debaten cuestiones medioambientales. Un fen\u00f3meno social que afecta a una nueva generaci\u00f3n y que est\u00e1 [&hellip;]<\/p>\n","protected":false},"author":1,"featured_media":0,"parent":0,"menu_order":0,"comment_status":"closed","ping_status":"closed","template":"","meta":{"_coblocks_attr":"","_coblocks_dimensions":"","_coblocks_responsive_height":"","_coblocks_accordion_ie_support":"","hide_page_title":"","footnotes":""},"class_list":["post-7904","page","type-page","status-publish","hentry"],"yoast_head":"<!-- This site is optimized with the Yoast SEO plugin v27.0 - https:\/\/yoast.com\/product\/yoast-seo-wordpress\/ -->\n<title>Listening to the cicadas under the palm tree - wildpalms ES<\/title>\n<meta name=\"description\" content=\"4 Happening Sept. 2nd \/ Sept 3rd. 11 am and 4 pm with Alexandra Meffert and Angelika Kammann (Societ\u00e9 Angelique). Join us.\" \/>\n<meta name=\"robots\" content=\"index, follow, max-snippet:-1, max-image-preview:large, max-video-preview:-1\" \/>\n<link rel=\"canonical\" href=\"https:\/\/wild-palms.com\/es\/listening-to-the-cicadas-under-the-palm-tree\/\" \/>\n<meta property=\"og:locale\" content=\"es_ES\" \/>\n<meta property=\"og:type\" content=\"article\" \/>\n<meta property=\"og:title\" content=\"Listening to the cicadas under the palm tree - wildpalms ES\" \/>\n<meta property=\"og:description\" content=\"4 Happening Sept. 2nd \/ Sept 3rd. 11 am and 4 pm with Alexandra Meffert and Angelika Kammann (Societ\u00e9 Angelique). Join us.\" \/>\n<meta property=\"og:url\" content=\"https:\/\/wild-palms.com\/es\/listening-to-the-cicadas-under-the-palm-tree\/\" \/>\n<meta property=\"og:site_name\" content=\"wildpalms ES\" \/>\n<meta property=\"article:modified_time\" content=\"2023-12-08T20:27:58+00:00\" \/>\n<meta property=\"og:image\" content=\"https:\/\/wild-palms.com\/es\/wp-content\/uploads\/sites\/3\/2023\/08\/Happening1-576x1024.gif\" \/>\n<meta name=\"twitter:card\" content=\"summary_large_image\" \/>\n<meta name=\"twitter:label1\" content=\"Est. reading time\" \/>\n\t<meta name=\"twitter:data1\" content=\"3 minutes\" \/>\n<script type=\"application\/ld+json\" class=\"yoast-schema-graph\">{\"@context\":\"https:\/\/schema.org\",\"@graph\":[{\"@type\":\"WebPage\",\"@id\":\"https:\/\/wild-palms.com\/es\/listening-to-the-cicadas-under-the-palm-tree\/\",\"url\":\"https:\/\/wild-palms.com\/es\/listening-to-the-cicadas-under-the-palm-tree\/\",\"name\":\"Listening to the cicadas under the palm tree - wildpalms ES\",\"isPartOf\":{\"@id\":\"https:\/\/wild-palms.com\/es\/#website\"},\"primaryImageOfPage\":{\"@id\":\"https:\/\/wild-palms.com\/es\/listening-to-the-cicadas-under-the-palm-tree\/#primaryimage\"},\"image\":{\"@id\":\"https:\/\/wild-palms.com\/es\/listening-to-the-cicadas-under-the-palm-tree\/#primaryimage\"},\"thumbnailUrl\":\"https:\/\/wild-palms.com\/es\/wp-content\/uploads\/sites\/3\/2023\/08\/Happening1-576x1024.gif\",\"datePublished\":\"2023-08-20T07:43:30+00:00\",\"dateModified\":\"2023-12-08T20:27:58+00:00\",\"description\":\"4 Happening Sept. 2nd \/ Sept 3rd. 11 am and 4 pm with Alexandra Meffert and Angelika Kammann (Societ\u00e9 Angelique). Join us.\",\"breadcrumb\":{\"@id\":\"https:\/\/wild-palms.com\/es\/listening-to-the-cicadas-under-the-palm-tree\/#breadcrumb\"},\"inLanguage\":\"es\",\"potentialAction\":[{\"@type\":\"ReadAction\",\"target\":[\"https:\/\/wild-palms.com\/es\/listening-to-the-cicadas-under-the-palm-tree\/\"]}]},{\"@type\":\"ImageObject\",\"inLanguage\":\"es\",\"@id\":\"https:\/\/wild-palms.com\/es\/listening-to-the-cicadas-under-the-palm-tree\/#primaryimage\",\"url\":\"https:\/\/wild-palms.com\/es\/wp-content\/uploads\/sites\/3\/2023\/08\/Happening1.gif\",\"contentUrl\":\"https:\/\/wild-palms.com\/es\/wp-content\/uploads\/sites\/3\/2023\/08\/Happening1.gif\",\"width\":600,\"height\":1066},{\"@type\":\"BreadcrumbList\",\"@id\":\"https:\/\/wild-palms.com\/es\/listening-to-the-cicadas-under-the-palm-tree\/#breadcrumb\",\"itemListElement\":[{\"@type\":\"ListItem\",\"position\":1,\"name\":\"Home\",\"item\":\"https:\/\/wild-palms.com\/es\/\"},{\"@type\":\"ListItem\",\"position\":2,\"name\":\"Listening to the cicadas under the palm tree\"}]},{\"@type\":\"WebSite\",\"@id\":\"https:\/\/wild-palms.com\/es\/#website\",\"url\":\"https:\/\/wild-palms.com\/es\/\",\"name\":\"wildpalms ES\",\"description\":\"\",\"publisher\":{\"@id\":\"https:\/\/wild-palms.com\/es\/#organization\"},\"potentialAction\":[{\"@type\":\"SearchAction\",\"target\":{\"@type\":\"EntryPoint\",\"urlTemplate\":\"https:\/\/wild-palms.com\/es\/?s={search_term_string}\"},\"query-input\":{\"@type\":\"PropertyValueSpecification\",\"valueRequired\":true,\"valueName\":\"search_term_string\"}}],\"inLanguage\":\"es\"},{\"@type\":\"Organization\",\"@id\":\"https:\/\/wild-palms.com\/es\/#organization\",\"name\":\"wildpalms ES\",\"url\":\"https:\/\/wild-palms.com\/es\/\",\"logo\":{\"@type\":\"ImageObject\",\"inLanguage\":\"es\",\"@id\":\"https:\/\/wild-palms.com\/es\/#\/schema\/logo\/image\/\",\"url\":\"https:\/\/wild-palms.com\/es\/wp-content\/uploads\/sites\/3\/2023\/03\/cropped-wildpalms_logo_ths.png\",\"contentUrl\":\"https:\/\/wild-palms.com\/es\/wp-content\/uploads\/sites\/3\/2023\/03\/cropped-wildpalms_logo_ths.png\",\"width\":1200,\"height\":197,\"caption\":\"wildpalms ES\"},\"image\":{\"@id\":\"https:\/\/wild-palms.com\/es\/#\/schema\/logo\/image\/\"}}]}<\/script>\n<!-- \/ Yoast SEO plugin. -->","yoast_head_json":{"title":"Listening to the cicadas under the palm tree - wildpalms ES","description":"4 Happening Sept. 2nd \/ Sept 3rd. 11 am and 4 pm with Alexandra Meffert and Angelika Kammann (Societ\u00e9 Angelique). Join us.","robots":{"index":"index","follow":"follow","max-snippet":"max-snippet:-1","max-image-preview":"max-image-preview:large","max-video-preview":"max-video-preview:-1"},"canonical":"https:\/\/wild-palms.com\/es\/listening-to-the-cicadas-under-the-palm-tree\/","og_locale":"es_ES","og_type":"article","og_title":"Listening to the cicadas under the palm tree - wildpalms ES","og_description":"4 Happening Sept. 2nd \/ Sept 3rd. 11 am and 4 pm with Alexandra Meffert and Angelika Kammann (Societ\u00e9 Angelique). Join us.","og_url":"https:\/\/wild-palms.com\/es\/listening-to-the-cicadas-under-the-palm-tree\/","og_site_name":"wildpalms ES","article_modified_time":"2023-12-08T20:27:58+00:00","og_image":[{"url":"https:\/\/wild-palms.com\/es\/wp-content\/uploads\/sites\/3\/2023\/08\/Happening1-576x1024.gif","type":"","width":"","height":""}],"twitter_card":"summary_large_image","twitter_misc":{"Est. reading time":"3 minutes"},"schema":{"@context":"https:\/\/schema.org","@graph":[{"@type":"WebPage","@id":"https:\/\/wild-palms.com\/es\/listening-to-the-cicadas-under-the-palm-tree\/","url":"https:\/\/wild-palms.com\/es\/listening-to-the-cicadas-under-the-palm-tree\/","name":"Listening to the cicadas under the palm tree - wildpalms ES","isPartOf":{"@id":"https:\/\/wild-palms.com\/es\/#website"},"primaryImageOfPage":{"@id":"https:\/\/wild-palms.com\/es\/listening-to-the-cicadas-under-the-palm-tree\/#primaryimage"},"image":{"@id":"https:\/\/wild-palms.com\/es\/listening-to-the-cicadas-under-the-palm-tree\/#primaryimage"},"thumbnailUrl":"https:\/\/wild-palms.com\/es\/wp-content\/uploads\/sites\/3\/2023\/08\/Happening1-576x1024.gif","datePublished":"2023-08-20T07:43:30+00:00","dateModified":"2023-12-08T20:27:58+00:00","description":"4 Happening Sept. 2nd \/ Sept 3rd. 11 am and 4 pm with Alexandra Meffert and Angelika Kammann (Societ\u00e9 Angelique). Join us.","breadcrumb":{"@id":"https:\/\/wild-palms.com\/es\/listening-to-the-cicadas-under-the-palm-tree\/#breadcrumb"},"inLanguage":"es","potentialAction":[{"@type":"ReadAction","target":["https:\/\/wild-palms.com\/es\/listening-to-the-cicadas-under-the-palm-tree\/"]}]},{"@type":"ImageObject","inLanguage":"es","@id":"https:\/\/wild-palms.com\/es\/listening-to-the-cicadas-under-the-palm-tree\/#primaryimage","url":"https:\/\/wild-palms.com\/es\/wp-content\/uploads\/sites\/3\/2023\/08\/Happening1.gif","contentUrl":"https:\/\/wild-palms.com\/es\/wp-content\/uploads\/sites\/3\/2023\/08\/Happening1.gif","width":600,"height":1066},{"@type":"BreadcrumbList","@id":"https:\/\/wild-palms.com\/es\/listening-to-the-cicadas-under-the-palm-tree\/#breadcrumb","itemListElement":[{"@type":"ListItem","position":1,"name":"Home","item":"https:\/\/wild-palms.com\/es\/"},{"@type":"ListItem","position":2,"name":"Listening to the cicadas under the palm tree"}]},{"@type":"WebSite","@id":"https:\/\/wild-palms.com\/es\/#website","url":"https:\/\/wild-palms.com\/es\/","name":"wildpalms ES","description":"","publisher":{"@id":"https:\/\/wild-palms.com\/es\/#organization"},"potentialAction":[{"@type":"SearchAction","target":{"@type":"EntryPoint","urlTemplate":"https:\/\/wild-palms.com\/es\/?s={search_term_string}"},"query-input":{"@type":"PropertyValueSpecification","valueRequired":true,"valueName":"search_term_string"}}],"inLanguage":"es"},{"@type":"Organization","@id":"https:\/\/wild-palms.com\/es\/#organization","name":"wildpalms ES","url":"https:\/\/wild-palms.com\/es\/","logo":{"@type":"ImageObject","inLanguage":"es","@id":"https:\/\/wild-palms.com\/es\/#\/schema\/logo\/image\/","url":"https:\/\/wild-palms.com\/es\/wp-content\/uploads\/sites\/3\/2023\/03\/cropped-wildpalms_logo_ths.png","contentUrl":"https:\/\/wild-palms.com\/es\/wp-content\/uploads\/sites\/3\/2023\/03\/cropped-wildpalms_logo_ths.png","width":1200,"height":197,"caption":"wildpalms ES"},"image":{"@id":"https:\/\/wild-palms.com\/es\/#\/schema\/logo\/image\/"}}]}},"_links":{"self":[{"href":"https:\/\/wild-palms.com\/es\/wp-json\/wp\/v2\/pages\/7904","targetHints":{"allow":["GET"]}}],"collection":[{"href":"https:\/\/wild-palms.com\/es\/wp-json\/wp\/v2\/pages"}],"about":[{"href":"https:\/\/wild-palms.com\/es\/wp-json\/wp\/v2\/types\/page"}],"author":[{"embeddable":true,"href":"https:\/\/wild-palms.com\/es\/wp-json\/wp\/v2\/users\/1"}],"replies":[{"embeddable":true,"href":"https:\/\/wild-palms.com\/es\/wp-json\/wp\/v2\/comments?post=7904"}],"version-history":[{"count":8,"href":"https:\/\/wild-palms.com\/es\/wp-json\/wp\/v2\/pages\/7904\/revisions"}],"predecessor-version":[{"id":8186,"href":"https:\/\/wild-palms.com\/es\/wp-json\/wp\/v2\/pages\/7904\/revisions\/8186"}],"wp:attachment":[{"href":"https:\/\/wild-palms.com\/es\/wp-json\/wp\/v2\/media?parent=7904"}],"curies":[{"name":"wp","href":"https:\/\/api.w.org\/{rel}","templated":true}]}}