{"id":729,"date":"2016-11-15T12:49:22","date_gmt":"2016-11-15T11:49:22","guid":{"rendered":"http:\/\/wild-palms.com\/es\/?page_id=729"},"modified":"2026-03-30T11:00:43","modified_gmt":"2026-03-30T09:00:43","slug":"intro","status":"publish","type":"page","link":"https:\/\/wild-palms.com\/es\/","title":{"rendered":"Casa"},"content":{"rendered":"\n<hr class=\"wp-block-separator has-alpha-channel-opacity\"\/>\n\n\n\n<h2 class=\"wp-block-heading has-text-align-center has-medium-font-size\">Recibe Nuestro Correo<\/h2>\n\n\n\n<div style=\"display:flex;justify-content:center;align-items:center;padding:2rem 1rem;\">\n  <iframe \n    src=\"https:\/\/news.wild-palms.com\/hp\/pH7I8TDe1nlaWZzaYMWY-w\/signup\"\n    style=\"width:100%;max-width:600px;height:280px;border:0;background-color:#ffffff;border-radius:8px;box-shadow:0 2px 10px rgba(0,0,0,0.05);\"\n    loading=\"lazy\"\n    title=\"wildpalms Newsletter Anmeldung\">\n  <\/iframe>\n<\/div>\n\n\n\n<hr class=\"wp-block-separator has-alpha-channel-opacity\"\/>\n\n\n<div class=\"wp-block-image\">\n<figure class=\"aligncenter size-large is-resized has-lightbox\"><a href=\"https:\/\/aaav.vda.lt\/journal\/issue\/view\/23\"><img loading=\"lazy\" decoding=\"async\" width=\"1024\" height=\"682\" src=\"https:\/\/wild-palms.com\/wp-content\/uploads\/2023\/05\/Mauricio_Limon_Exp-1024x682.webp\" alt=\"Mauricio Lim\u00f3n para su exposici\u00f3n \u00abEl primero que ria\u00bb, dos rostros abraz\u00e1ndose como si fueran m\u00e1scaras.\" class=\"wp-image-7434\" style=\"width:400px\" srcset=\"https:\/\/wild-palms.com\/es\/wp-content\/uploads\/sites\/3\/2023\/05\/Mauricio_Limon_Exp-1024x682.webp 1024w, https:\/\/wild-palms.com\/es\/wp-content\/uploads\/sites\/3\/2023\/05\/Mauricio_Limon_Exp-300x200.webp 300w, https:\/\/wild-palms.com\/es\/wp-content\/uploads\/sites\/3\/2023\/05\/Mauricio_Limon_Exp-768x512.webp 768w, https:\/\/wild-palms.com\/es\/wp-content\/uploads\/sites\/3\/2023\/05\/Mauricio_Limon_Exp-1536x1023.webp 1536w, https:\/\/wild-palms.com\/es\/wp-content\/uploads\/sites\/3\/2023\/05\/Mauricio_Limon_Exp.webp 1600w\" sizes=\"auto, (max-width: 1024px) 100vw, 1024px\" \/><\/a><\/figure>\n<\/div>\n\n\n<p class=\"has-text-align-center\">Nueva Publicaci\u00f3n:&nbsp;<em>\u201c<a href=\"https:\/\/aaav.vda.lt\/journal\/issue\/view\/23\">Se compran colchones\u2026\u201d Informal Labor and Contemporary Mexican Art<\/a><\/em>\u2014Un ensayo acad\u00e9mico sobre trabajo informal y arte contempor\u00e1neo Mexicano <strong>AAAV No. 118 (2025)<\/strong>.<\/p>\n\n\n\n<div style=\"height:42px\" aria-hidden=\"true\" class=\"wp-block-spacer\"><\/div>\n\n\n\n<hr class=\"wp-block-separator has-alpha-channel-opacity\"\/>\n\n\n\n<h2 class=\"wp-block-heading has-text-align-center has-medium-font-size\">PASADO:<\/h2>\n\n\n\n<p class=\"has-text-align-center\"><strong>Art Rotterdam: Andreas Steinbrecher<\/strong><\/p>\n\n\n<div class=\"wp-block-image\">\n<figure class=\"aligncenter size-full is-resized has-lightbox\"><a href=\"https:\/\/wild-palms.com\/es\/art-rotterdam-2026\/\"><img decoding=\"async\" src=\"https:\/\/wild-palms.com\/wp-content\/uploads\/2026\/02\/Art-R-2026-logo-03-grijs.webp\" alt=\"Andreas Steinbrecher Art Rotterdam\" class=\"wp-image-10164\" style=\"width:400px;height:auto\"\/><\/a><\/figure>\n<\/div>\n\n\n<p class=\"has-text-align-center\"><br><a href=\"https:\/\/wild-palms.com\/asef-burckahrdt-mother-burn\/\">MOTHER-BURN<\/a><\/p>\n\n\n\n<p class=\"has-text-align-center\">Asef\/Burckhardt.<\/p>\n\n\n<div class=\"wp-block-image\">\n<figure class=\"aligncenter size-large is-resized has-lightbox\"><a href=\"https:\/\/wild-palms.com\/es\/asef-burckahrdt-mother-burn\/\"><img decoding=\"async\" src=\"https:\/\/wild-palms.com\/wp-content\/uploads\/2025\/12\/mother_burn_plakatt-819x1024.webp\" alt=\"Asef\/Burckhardt exhibition wildpalms\" class=\"wp-image-10102\" style=\"aspect-ratio:0.7998191198536515;object-fit:cover;width:400px\"\/><\/a><\/figure>\n<\/div>\n\n\n<hr class=\"wp-block-separator has-alpha-channel-opacity\"\/>\n\n\n\n<p class=\"has-text-align-center\"><a href=\"https:\/\/wild-palms.com\/practices-of-moving\/\">&#8220;Practices Of Moving&#8221;<\/a><br>Show Grupal<br>en <a href=\"https:\/\/www.klub-solitaer.de\/en\/event\/urbane-wirtlichkeit-practices-of-moving\/\">Klub Solitaer<\/a>, Chemnitz<\/p>\n\n\n\n<figure class=\"wp-block-image size-large has-lightbox\"><a href=\"https:\/\/wild-palms.com\/practices-of-moving\/\"><img loading=\"lazy\" decoding=\"async\" width=\"1024\" height=\"322\" src=\"https:\/\/wild-palms.com\/wp-content\/uploads\/2025\/12\/Kittens_Puppies_upres_USM_19in-1024x322.webp\" alt=\"\" class=\"wp-image-10090\" srcset=\"https:\/\/wild-palms.com\/es\/wp-content\/uploads\/sites\/3\/2025\/12\/Kittens_Puppies_upres_USM_19in-1024x322.webp 1024w, https:\/\/wild-palms.com\/es\/wp-content\/uploads\/sites\/3\/2025\/12\/Kittens_Puppies_upres_USM_19in-300x94.webp 300w, https:\/\/wild-palms.com\/es\/wp-content\/uploads\/sites\/3\/2025\/12\/Kittens_Puppies_upres_USM_19in-768x241.webp 768w, https:\/\/wild-palms.com\/es\/wp-content\/uploads\/sites\/3\/2025\/12\/Kittens_Puppies_upres_USM_19in-1536x483.webp 1536w, https:\/\/wild-palms.com\/es\/wp-content\/uploads\/sites\/3\/2025\/12\/Kittens_Puppies_upres_USM_19in.webp 1600w\" sizes=\"auto, (max-width: 1024px) 100vw, 1024px\" \/><\/a><\/figure>\n\n\n\n<hr class=\"wp-block-separator has-alpha-channel-opacity\"\/>\n\n\n\n<div style=\"height:42px\" aria-hidden=\"true\" class=\"wp-block-spacer\"><\/div>\n\n\n\n<div style=\"height:42px\" aria-hidden=\"true\" class=\"wp-block-spacer\"><\/div>\n","protected":false},"excerpt":{"rendered":"<p>Recibe Nuestro Correo Nueva Publicaci\u00f3n:&nbsp;\u201cSe compran colchones\u2026\u201d Informal Labor and Contemporary Mexican Art\u2014Un ensayo acad\u00e9mico sobre trabajo informal y arte contempor\u00e1neo Mexicano AAAV No. 118 (2025). PASADO: Art Rotterdam: Andreas Steinbrecher MOTHER-BURN Asef\/Burckhardt. &#8220;Practices Of Moving&#8221;Show Grupalen Klub Solitaer, Chemnitz<\/p>\n","protected":false},"author":1,"featured_media":0,"parent":0,"menu_order":0,"comment_status":"closed","ping_status":"closed","template":"","meta":{"_coblocks_attr":"","_coblocks_dimensions":"","_coblocks_responsive_height":"","_coblocks_accordion_ie_support":"","hide_page_title":"","footnotes":""},"class_list":["post-729","page","type-page","status-publish","hentry"],"yoast_head":"<!-- This site is optimized with the Yoast SEO plugin v27.0 - https:\/\/yoast.com\/product\/yoast-seo-wordpress\/ -->\n<title>wildpalms<\/title>\n<meta name=\"description\" content=\"Arte de Latinoam\u00e9rica y Norteam\u00e9rica en Alemania. Con sede en Dusseldorf, wildpalms produce y comisar\u00eda exposiciones de arte.\" \/>\n<meta name=\"robots\" content=\"index, follow, max-snippet:-1, max-image-preview:large, max-video-preview:-1\" \/>\n<link rel=\"canonical\" href=\"https:\/\/wild-palms.com\/es\/\" \/>\n<meta property=\"og:locale\" content=\"es_ES\" \/>\n<meta property=\"og:type\" content=\"article\" \/>\n<meta property=\"og:title\" content=\"wildpalms\" \/>\n<meta property=\"og:description\" content=\"Arte de Latinoam\u00e9rica y Norteam\u00e9rica en Alemania. Con sede en Dusseldorf, wildpalms produce y comisar\u00eda exposiciones de arte.\" \/>\n<meta property=\"og:url\" content=\"https:\/\/wild-palms.com\/es\/\" \/>\n<meta property=\"og:site_name\" content=\"wildpalms ES\" \/>\n<meta property=\"article:modified_time\" content=\"2026-03-30T09:00:43+00:00\" \/>\n<meta property=\"og:image\" content=\"https:\/\/wild-palms.com\/wp-content\/uploads\/2023\/05\/Mauricio_Limon_Exp-1024x682.webp\" \/>\n<meta name=\"twitter:card\" content=\"summary_large_image\" \/>\n<meta name=\"twitter:label1\" content=\"Est. reading time\" \/>\n\t<meta name=\"twitter:data1\" content=\"1 minute\" \/>\n<script type=\"application\/ld+json\" class=\"yoast-schema-graph\">{\"@context\":\"https:\/\/schema.org\",\"@graph\":[{\"@type\":\"WebPage\",\"@id\":\"https:\/\/wild-palms.com\/es\/\",\"url\":\"https:\/\/wild-palms.com\/es\/\",\"name\":\"wildpalms\",\"isPartOf\":{\"@id\":\"https:\/\/wild-palms.com\/es\/#website\"},\"primaryImageOfPage\":{\"@id\":\"https:\/\/wild-palms.com\/es\/#primaryimage\"},\"image\":{\"@id\":\"https:\/\/wild-palms.com\/es\/#primaryimage\"},\"thumbnailUrl\":\"https:\/\/wild-palms.com\/wp-content\/uploads\/2023\/05\/Mauricio_Limon_Exp-1024x682.webp\",\"datePublished\":\"2016-11-15T11:49:22+00:00\",\"dateModified\":\"2026-03-30T09:00:43+00:00\",\"description\":\"Arte de Latinoam\u00e9rica y Norteam\u00e9rica en Alemania. Con sede en Dusseldorf, wildpalms produce y comisar\u00eda exposiciones de arte.\",\"breadcrumb\":{\"@id\":\"https:\/\/wild-palms.com\/es\/#breadcrumb\"},\"inLanguage\":\"es\",\"potentialAction\":[{\"@type\":\"ReadAction\",\"target\":[\"https:\/\/wild-palms.com\/es\/\"]}]},{\"@type\":\"ImageObject\",\"inLanguage\":\"es\",\"@id\":\"https:\/\/wild-palms.com\/es\/#primaryimage\",\"url\":\"https:\/\/wild-palms.com\/wp-content\/uploads\/2023\/05\/Mauricio_Limon_Exp-1024x682.webp\",\"contentUrl\":\"https:\/\/wild-palms.com\/wp-content\/uploads\/2023\/05\/Mauricio_Limon_Exp-1024x682.webp\"},{\"@type\":\"BreadcrumbList\",\"@id\":\"https:\/\/wild-palms.com\/es\/#breadcrumb\",\"itemListElement\":[{\"@type\":\"ListItem\",\"position\":1,\"name\":\"Home\",\"item\":\"https:\/\/wild-palms.com\/es\/\"},{\"@type\":\"ListItem\",\"position\":2,\"name\":\"Casa\"}]},{\"@type\":\"WebSite\",\"@id\":\"https:\/\/wild-palms.com\/es\/#website\",\"url\":\"https:\/\/wild-palms.com\/es\/\",\"name\":\"wildpalms ES\",\"description\":\"\",\"publisher\":{\"@id\":\"https:\/\/wild-palms.com\/es\/#organization\"},\"potentialAction\":[{\"@type\":\"SearchAction\",\"target\":{\"@type\":\"EntryPoint\",\"urlTemplate\":\"https:\/\/wild-palms.com\/es\/?s={search_term_string}\"},\"query-input\":{\"@type\":\"PropertyValueSpecification\",\"valueRequired\":true,\"valueName\":\"search_term_string\"}}],\"inLanguage\":\"es\"},{\"@type\":\"Organization\",\"@id\":\"https:\/\/wild-palms.com\/es\/#organization\",\"name\":\"wildpalms ES\",\"url\":\"https:\/\/wild-palms.com\/es\/\",\"logo\":{\"@type\":\"ImageObject\",\"inLanguage\":\"es\",\"@id\":\"https:\/\/wild-palms.com\/es\/#\/schema\/logo\/image\/\",\"url\":\"https:\/\/wild-palms.com\/es\/wp-content\/uploads\/sites\/3\/2023\/03\/cropped-wildpalms_logo_ths.png\",\"contentUrl\":\"https:\/\/wild-palms.com\/es\/wp-content\/uploads\/sites\/3\/2023\/03\/cropped-wildpalms_logo_ths.png\",\"width\":1200,\"height\":197,\"caption\":\"wildpalms ES\"},\"image\":{\"@id\":\"https:\/\/wild-palms.com\/es\/#\/schema\/logo\/image\/\"}}]}<\/script>\n<!-- \/ Yoast SEO plugin. -->","yoast_head_json":{"title":"wildpalms","description":"Arte de Latinoam\u00e9rica y Norteam\u00e9rica en Alemania. Con sede en Dusseldorf, wildpalms produce y comisar\u00eda exposiciones de arte.","robots":{"index":"index","follow":"follow","max-snippet":"max-snippet:-1","max-image-preview":"max-image-preview:large","max-video-preview":"max-video-preview:-1"},"canonical":"https:\/\/wild-palms.com\/es\/","og_locale":"es_ES","og_type":"article","og_title":"wildpalms","og_description":"Arte de Latinoam\u00e9rica y Norteam\u00e9rica en Alemania. Con sede en Dusseldorf, wildpalms produce y comisar\u00eda exposiciones de arte.","og_url":"https:\/\/wild-palms.com\/es\/","og_site_name":"wildpalms ES","article_modified_time":"2026-03-30T09:00:43+00:00","og_image":[{"url":"https:\/\/wild-palms.com\/wp-content\/uploads\/2023\/05\/Mauricio_Limon_Exp-1024x682.webp","type":"","width":"","height":""}],"twitter_card":"summary_large_image","twitter_misc":{"Est. reading time":"1 minute"},"schema":{"@context":"https:\/\/schema.org","@graph":[{"@type":"WebPage","@id":"https:\/\/wild-palms.com\/es\/","url":"https:\/\/wild-palms.com\/es\/","name":"wildpalms","isPartOf":{"@id":"https:\/\/wild-palms.com\/es\/#website"},"primaryImageOfPage":{"@id":"https:\/\/wild-palms.com\/es\/#primaryimage"},"image":{"@id":"https:\/\/wild-palms.com\/es\/#primaryimage"},"thumbnailUrl":"https:\/\/wild-palms.com\/wp-content\/uploads\/2023\/05\/Mauricio_Limon_Exp-1024x682.webp","datePublished":"2016-11-15T11:49:22+00:00","dateModified":"2026-03-30T09:00:43+00:00","description":"Arte de Latinoam\u00e9rica y Norteam\u00e9rica en Alemania. Con sede en Dusseldorf, wildpalms produce y comisar\u00eda exposiciones de arte.","breadcrumb":{"@id":"https:\/\/wild-palms.com\/es\/#breadcrumb"},"inLanguage":"es","potentialAction":[{"@type":"ReadAction","target":["https:\/\/wild-palms.com\/es\/"]}]},{"@type":"ImageObject","inLanguage":"es","@id":"https:\/\/wild-palms.com\/es\/#primaryimage","url":"https:\/\/wild-palms.com\/wp-content\/uploads\/2023\/05\/Mauricio_Limon_Exp-1024x682.webp","contentUrl":"https:\/\/wild-palms.com\/wp-content\/uploads\/2023\/05\/Mauricio_Limon_Exp-1024x682.webp"},{"@type":"BreadcrumbList","@id":"https:\/\/wild-palms.com\/es\/#breadcrumb","itemListElement":[{"@type":"ListItem","position":1,"name":"Home","item":"https:\/\/wild-palms.com\/es\/"},{"@type":"ListItem","position":2,"name":"Casa"}]},{"@type":"WebSite","@id":"https:\/\/wild-palms.com\/es\/#website","url":"https:\/\/wild-palms.com\/es\/","name":"wildpalms ES","description":"","publisher":{"@id":"https:\/\/wild-palms.com\/es\/#organization"},"potentialAction":[{"@type":"SearchAction","target":{"@type":"EntryPoint","urlTemplate":"https:\/\/wild-palms.com\/es\/?s={search_term_string}"},"query-input":{"@type":"PropertyValueSpecification","valueRequired":true,"valueName":"search_term_string"}}],"inLanguage":"es"},{"@type":"Organization","@id":"https:\/\/wild-palms.com\/es\/#organization","name":"wildpalms ES","url":"https:\/\/wild-palms.com\/es\/","logo":{"@type":"ImageObject","inLanguage":"es","@id":"https:\/\/wild-palms.com\/es\/#\/schema\/logo\/image\/","url":"https:\/\/wild-palms.com\/es\/wp-content\/uploads\/sites\/3\/2023\/03\/cropped-wildpalms_logo_ths.png","contentUrl":"https:\/\/wild-palms.com\/es\/wp-content\/uploads\/sites\/3\/2023\/03\/cropped-wildpalms_logo_ths.png","width":1200,"height":197,"caption":"wildpalms ES"},"image":{"@id":"https:\/\/wild-palms.com\/es\/#\/schema\/logo\/image\/"}}]}},"_links":{"self":[{"href":"https:\/\/wild-palms.com\/es\/wp-json\/wp\/v2\/pages\/729","targetHints":{"allow":["GET"]}}],"collection":[{"href":"https:\/\/wild-palms.com\/es\/wp-json\/wp\/v2\/pages"}],"about":[{"href":"https:\/\/wild-palms.com\/es\/wp-json\/wp\/v2\/types\/page"}],"author":[{"embeddable":true,"href":"https:\/\/wild-palms.com\/es\/wp-json\/wp\/v2\/users\/1"}],"replies":[{"embeddable":true,"href":"https:\/\/wild-palms.com\/es\/wp-json\/wp\/v2\/comments?post=729"}],"version-history":[{"count":62,"href":"https:\/\/wild-palms.com\/es\/wp-json\/wp\/v2\/pages\/729\/revisions"}],"predecessor-version":[{"id":10201,"href":"https:\/\/wild-palms.com\/es\/wp-json\/wp\/v2\/pages\/729\/revisions\/10201"}],"wp:attachment":[{"href":"https:\/\/wild-palms.com\/es\/wp-json\/wp\/v2\/media?parent=729"}],"curies":[{"name":"wp","href":"https:\/\/api.w.org\/{rel}","templated":true}]}}