{"id":6240,"date":"2022-06-08T14:50:20","date_gmt":"2022-06-08T12:50:20","guid":{"rendered":"https:\/\/wild-palms.com\/es\/?page_id=6240"},"modified":"2023-12-09T18:06:01","modified_gmt":"2023-12-09T17:06:01","slug":"strike-a-pose-2-0","status":"publish","type":"page","link":"https:\/\/wild-palms.com\/es\/strike-a-pose-2-0\/","title":{"rendered":"Strike A Pose 2.0"},"content":{"rendered":"\n<h3 class=\"wp-block-heading has-text-align-center\">STRIKE A POSE 2.0<\/h3>\n\n\n\n<p style=\"font-size:13px\">Bienvenido a nuestra instalaci\u00f3n ganadora del premio del <a href=\"https:\/\/www.strikeaposefestival.de\/\" target=\"_blank\" rel=\"noreferrer noopener\">Strike a Pose Festival<\/a>. Una iniciativa para el dise\u00f1o y el arte de moda en Renania del Norte-Westfalia y la ciudad de D\u00fcsseldorf. Nuestro compromiso con el medio ambiente y la igualdad de g\u00e9nero tiene eco en los dise\u00f1os de Angelika Kammanns y lo tiene en la pr\u00e1ctica art\u00edstica de Karen. La transparencia y la feminidad, la vida de las plantas son los elementos con los que creamos este mundo en el que queremos reflejarnos, y le invitamos a unirse a nosotros. No dude en ponerse en contacto con nosotros si desea adquirir una de estas incre\u00edbles obras escult\u00f3ricas, como las obras de Karen o las camisetas.<\/p>\n\n\n\n<p style=\"font-size:13px\">Presentamos la serie &#8220;Ellas&#8221; en una instalaci\u00f3n comisariada y desarrollada por Alexandra Meffert y Jorge Sanguino, que cautiv\u00f3 a jueces y expertos de la regi\u00f3n. Alexandra Meffert ha desarrollado un intenso acercamiento al tema de la moda, lo que le ha permitido encontrar las v\u00edas m\u00e1s convenientes para la traducci\u00f3n entre artes visuales y moda. Junto con Angelika Kammann han conseguido destacar el trabajo de la fot\u00f3grafa colombiana Karen Paulina Biswell, desconocida para el p\u00fablico centroeuropeo.<\/p>\n\n\n\n<p style=\"font-size:13px\">.<\/p>\n\n\n\n<p class=\"has-text-align-center\"><a href=\"https:\/\/wild-palms.com\/es\/karen-paulina-biswell\/\">KAREN PAULINA BISWELL<\/a><br>X<br><a href=\"https:\/\/societeangelique.eu\/\">SOCI\u00c9T\u00c9 ANGELIQUE<\/a><\/p>\n\n\n\n<p class=\"has-text-align-center\">PRENSA<\/p>\n\n\n\n<p class=\"has-text-align-center\" style=\"font-size:13px\"><a href=\"https:\/\/wild-palms.com\/es\/wp-content\/uploads\/sites\/3\/2022\/10\/ArtNexus_Strike_A_Pose.jpg\" target=\"_blank\" rel=\"noreferrer noopener\" data-rel=\"lightbox-image-0\" data-rl_title=\"\" data-rl_caption=\"\" title=\"\">wildpalms granted Strike a Pose Award. Art Nexu<\/a>s<br><a href=\"https:\/\/wild-palms.com\/es\/wp-content\/uploads\/sites\/3\/2022\/10\/Strike_A_Pose_Monopol-scaled.jpg\" target=\"_blank\" rel=\"noreferrer noopener\" data-rel=\"lightbox-image-1\" data-rl_title=\"\" data-rl_caption=\"\" title=\"\">Festival Strike A Pose in D\u00fcsseldorf: Monopol Magazin f\u00fcr Kunst &amp; Leben<\/a><br><a href=\"https:\/\/wild-palms.com\/es\/wp-content\/uploads\/sites\/3\/2022\/10\/Strike_A_Pose_Ilona-scaled.jpg\" target=\"_blank\" rel=\"noreferrer noopener\" data-rel=\"lightbox-image-2\" data-rl_title=\"\" data-rl_caption=\"\" title=\"\">wilkommen in Utopia. Urbanana<\/a><br><a href=\"https:\/\/wild-palms.com\/es\/wp-content\/uploads\/sites\/3\/2022\/10\/Festival-Strike-A-Pose-in-Du\u0308sseldorf_-Kooperativ-abheben-auf-der-Piaz_-www.monopol-magazin.de_-scaled.jpg\" target=\"_blank\" rel=\"noreferrer noopener\" data-rel=\"lightbox-image-3\" data-rl_title=\"\" data-rl_caption=\"\" title=\"\">Kooperativ abheben auf der Piazza<\/a><br><a href=\"https:\/\/wild-palms.com\/es\/wp-content\/uploads\/sites\/3\/2022\/10\/Fashion_Net_Wildpalms-scaled.jpg\" target=\"_blank\" rel=\"noreferrer noopener\" data-rel=\"lightbox-image-4\" data-rl_title=\"\" data-rl_caption=\"\" title=\"\">wildpalms gewinnt den Strike A Pose Award Fash<\/a><\/p>\n\n\n\n<div class=\"wp-block-columns alignwide is-layout-flex wp-container-core-columns-is-layout-9d6595d7 wp-block-columns-is-layout-flex\">\n<div class=\"wp-block-column is-layout-flow wp-block-column-is-layout-flow\">\n<figure class=\"wp-block-image alignwide size-large\"><a href=\"https:\/\/wild-palms.com\/es\/wp-content\/uploads\/sites\/3\/2022\/06\/ANGIE-scaled.jpg\" data-rel=\"lightbox-image-5\" data-rl_title=\"\" data-rl_caption=\"\" title=\"\"><img loading=\"lazy\" decoding=\"async\" width=\"796\" height=\"1024\" src=\"https:\/\/wild-palms.com\/es\/wp-content\/uploads\/sites\/3\/2022\/06\/ANGIE-796x1024.jpg\" alt=\"Karen Paulina Biswell. Angie from the series Ellas. women with flowers in her intimate parts. Female photographers\" class=\"wp-image-6275\" srcset=\"https:\/\/wild-palms.com\/es\/wp-content\/uploads\/sites\/3\/2022\/06\/ANGIE-796x1024.jpg 796w, https:\/\/wild-palms.com\/es\/wp-content\/uploads\/sites\/3\/2022\/06\/ANGIE-233x300.jpg 233w, https:\/\/wild-palms.com\/es\/wp-content\/uploads\/sites\/3\/2022\/06\/ANGIE-768x987.jpg 768w, https:\/\/wild-palms.com\/es\/wp-content\/uploads\/sites\/3\/2022\/06\/ANGIE-1195x1536.jpg 1195w, https:\/\/wild-palms.com\/es\/wp-content\/uploads\/sites\/3\/2022\/06\/ANGIE-1593x2048.jpg 1593w, https:\/\/wild-palms.com\/es\/wp-content\/uploads\/sites\/3\/2022\/06\/ANGIE-scaled.jpg 1991w\" sizes=\"auto, (max-width: 796px) 100vw, 796px\" \/><\/a><figcaption class=\"wp-element-caption\">Karen Paulina Biswell. Angie. De la serie Ellas. C-Print Analog 2018. Cortes\u00eda de la artista &amp; wildpalms<\/figcaption><\/figure>\n<\/div>\n\n\n\n<div class=\"wp-block-column is-layout-flow wp-block-column-is-layout-flow\">\n<figure class=\"wp-block-image size-large\"><a href=\"https:\/\/wild-palms.com\/es\/wp-content\/uploads\/sites\/3\/2022\/06\/220616_Insta-Feed-Karen-Paulina-Biswell-Collab23.png\" data-rel=\"lightbox-image-6\" data-rl_title=\"\" data-rl_caption=\"\" title=\"\"><img loading=\"lazy\" decoding=\"async\" width=\"1024\" height=\"1024\" src=\"https:\/\/wild-palms.com\/es\/wp-content\/uploads\/sites\/3\/2022\/06\/220616_Insta-Feed-Karen-Paulina-Biswell-Collab23-1024x1024.png\" alt=\"Societe Angelique collaboration with Karen Paulina Biswell\" class=\"wp-image-6282\" srcset=\"https:\/\/wild-palms.com\/es\/wp-content\/uploads\/sites\/3\/2022\/06\/220616_Insta-Feed-Karen-Paulina-Biswell-Collab23-1024x1024.png 1024w, https:\/\/wild-palms.com\/es\/wp-content\/uploads\/sites\/3\/2022\/06\/220616_Insta-Feed-Karen-Paulina-Biswell-Collab23-300x300.png 300w, https:\/\/wild-palms.com\/es\/wp-content\/uploads\/sites\/3\/2022\/06\/220616_Insta-Feed-Karen-Paulina-Biswell-Collab23-150x150.png 150w, https:\/\/wild-palms.com\/es\/wp-content\/uploads\/sites\/3\/2022\/06\/220616_Insta-Feed-Karen-Paulina-Biswell-Collab23-768x768.png 768w, https:\/\/wild-palms.com\/es\/wp-content\/uploads\/sites\/3\/2022\/06\/220616_Insta-Feed-Karen-Paulina-Biswell-Collab23.png 1440w\" sizes=\"auto, (max-width: 1024px) 100vw, 1024px\" \/><\/a><\/figure>\n<\/div>\n<\/div>\n\n\n\n<div class=\"wp-block-columns is-layout-flex wp-container-core-columns-is-layout-9d6595d7 wp-block-columns-is-layout-flex\">\n<div class=\"wp-block-column is-layout-flow wp-block-column-is-layout-flow\">\n<figure class=\"wp-block-video\"><video height=\"1920\" style=\"aspect-ratio: 1080 \/ 1920;\" width=\"1080\" controls loop src=\"https:\/\/wild-palms.com\/es\/wp-content\/uploads\/sites\/3\/2022\/06\/promo_fertig_strikeapose_22.mp4\"><\/video><\/figure>\n<\/div>\n<\/div>\n\n\n\n<p class=\"has-text-align-center\">Del 24 de junio al 1 de julio.<\/p>\n\n\n<div class=\"wp-block-image\">\n<figure class=\"aligncenter size-full is-resized\"><a href=\"https:\/\/wild-palms.com\/es\/wp-content\/uploads\/sites\/3\/2021\/07\/Mail-Attachment.jpeg\" data-rel=\"lightbox-image-7\" data-rl_title=\"\" data-rl_caption=\"\" title=\"\"><img loading=\"lazy\" decoding=\"async\" width=\"354\" height=\"65\" src=\"https:\/\/wild-palms.com\/es\/wp-content\/uploads\/sites\/3\/2021\/07\/Mail-Attachment.jpeg\" alt=\"strike a pose festival award winner \" class=\"wp-image-5307\" style=\"width:221px;height:41px\" srcset=\"https:\/\/wild-palms.com\/es\/wp-content\/uploads\/sites\/3\/2021\/07\/Mail-Attachment.jpeg 354w, https:\/\/wild-palms.com\/es\/wp-content\/uploads\/sites\/3\/2021\/07\/Mail-Attachment-300x55.jpeg 300w\" sizes=\"auto, (max-width: 354px) 100vw, 354px\" \/><\/a><\/figure>\n<\/div>\n\n\n<figure class=\"wp-block-image alignwide size-full\"><a href=\"https:\/\/wild-palms.com\/es\/wp-content\/uploads\/sites\/3\/2022\/06\/Web03-scaled.webp\" data-rel=\"lightbox-image-8\" data-rl_title=\"\" data-rl_caption=\"\" title=\"\"><img loading=\"lazy\" decoding=\"async\" width=\"2560\" height=\"1707\" src=\"https:\/\/wild-palms.com\/es\/wp-content\/uploads\/sites\/3\/2022\/06\/Web03-scaled.webp\" alt=\"Strike a Pose award installation, view with Karen Paulina Biswell and Societe Angelique sustainable fashion\" class=\"wp-image-6346\" srcset=\"https:\/\/wild-palms.com\/es\/wp-content\/uploads\/sites\/3\/2022\/06\/Web03-scaled.webp 2560w, https:\/\/wild-palms.com\/es\/wp-content\/uploads\/sites\/3\/2022\/06\/Web03-300x200.webp 300w, https:\/\/wild-palms.com\/es\/wp-content\/uploads\/sites\/3\/2022\/06\/Web03-1024x683.webp 1024w, https:\/\/wild-palms.com\/es\/wp-content\/uploads\/sites\/3\/2022\/06\/Web03-768x512.webp 768w, https:\/\/wild-palms.com\/es\/wp-content\/uploads\/sites\/3\/2022\/06\/Web03-1536x1024.webp 1536w, https:\/\/wild-palms.com\/es\/wp-content\/uploads\/sites\/3\/2022\/06\/Web03-2048x1365.webp 2048w, https:\/\/wild-palms.com\/es\/wp-content\/uploads\/sites\/3\/2022\/06\/Web03-272x182.webp 272w\" sizes=\"auto, (max-width: 2560px) 100vw, 2560px\" \/><\/a><figcaption class=\"wp-element-caption\">Vista de la exposici\u00f3n Strike a Pose. Soci\u00e9t\u00e9 Angelique y Karen Paulina Biswell &#8220;Mar\u00eda Jos\u00e9&#8221; de la serie &#8220;Ellas&#8221;<\/figcaption><\/figure>\n\n\n\n<figure class=\"wp-block-image alignwide size-full\"><a href=\"https:\/\/wild-palms.com\/es\/wp-content\/uploads\/sites\/3\/2022\/06\/Web05-scaled.webp\" data-rel=\"lightbox-image-9\" data-rl_title=\"\" data-rl_caption=\"\" title=\"\"><img loading=\"lazy\" decoding=\"async\" width=\"2560\" height=\"1707\" src=\"https:\/\/wild-palms.com\/es\/wp-content\/uploads\/sites\/3\/2022\/06\/Web05-scaled.webp\" alt=\"Karen Paulina Biswell Societe Angelique Strike a pose exhibition \" class=\"wp-image-6349\" srcset=\"https:\/\/wild-palms.com\/es\/wp-content\/uploads\/sites\/3\/2022\/06\/Web05-scaled.webp 2560w, https:\/\/wild-palms.com\/es\/wp-content\/uploads\/sites\/3\/2022\/06\/Web05-300x200.webp 300w, https:\/\/wild-palms.com\/es\/wp-content\/uploads\/sites\/3\/2022\/06\/Web05-1024x683.webp 1024w, https:\/\/wild-palms.com\/es\/wp-content\/uploads\/sites\/3\/2022\/06\/Web05-768x512.webp 768w, https:\/\/wild-palms.com\/es\/wp-content\/uploads\/sites\/3\/2022\/06\/Web05-1536x1024.webp 1536w, https:\/\/wild-palms.com\/es\/wp-content\/uploads\/sites\/3\/2022\/06\/Web05-2048x1365.webp 2048w, https:\/\/wild-palms.com\/es\/wp-content\/uploads\/sites\/3\/2022\/06\/Web05-272x182.webp 272w\" sizes=\"auto, (max-width: 2560px) 100vw, 2560px\" \/><\/a><figcaption class=\"wp-element-caption\">Vista de la exposici\u00f3n Strike a Pose. Soci\u00e9t\u00e9 Angelique y Karen Paulina Biswell &#8220;Mar\u00eda Jos\u00e9&#8221; de la serie &#8220;Ellas&#8221;<\/figcaption><\/figure>\n\n\n\n<figure class=\"wp-block-image alignwide size-full\"><a href=\"https:\/\/wild-palms.com\/es\/wp-content\/uploads\/sites\/3\/2022\/06\/Web02-scaled.webp\" data-rel=\"lightbox-image-10\" data-rl_title=\"\" data-rl_caption=\"\" title=\"\"><img loading=\"lazy\" decoding=\"async\" width=\"2560\" height=\"1707\" src=\"https:\/\/wild-palms.com\/es\/wp-content\/uploads\/sites\/3\/2022\/06\/Web02-scaled.webp\" alt=\"Societe Angelique Karen Paulina Biswell installation strike a pose. Skirt transparent\" class=\"wp-image-6352\" srcset=\"https:\/\/wild-palms.com\/es\/wp-content\/uploads\/sites\/3\/2022\/06\/Web02-scaled.webp 2560w, https:\/\/wild-palms.com\/es\/wp-content\/uploads\/sites\/3\/2022\/06\/Web02-300x200.webp 300w, https:\/\/wild-palms.com\/es\/wp-content\/uploads\/sites\/3\/2022\/06\/Web02-1024x683.webp 1024w, https:\/\/wild-palms.com\/es\/wp-content\/uploads\/sites\/3\/2022\/06\/Web02-768x512.webp 768w, https:\/\/wild-palms.com\/es\/wp-content\/uploads\/sites\/3\/2022\/06\/Web02-1536x1024.webp 1536w, https:\/\/wild-palms.com\/es\/wp-content\/uploads\/sites\/3\/2022\/06\/Web02-2048x1365.webp 2048w, https:\/\/wild-palms.com\/es\/wp-content\/uploads\/sites\/3\/2022\/06\/Web02-272x182.webp 272w\" sizes=\"auto, (max-width: 2560px) 100vw, 2560px\" \/><\/a><\/figure>\n\n\n\n<figure class=\"wp-block-image alignwide size-full\"><a href=\"https:\/\/wild-palms.com\/es\/wp-content\/uploads\/sites\/3\/2022\/06\/web04-scaled.webp\" data-rel=\"lightbox-image-11\" data-rl_title=\"\" data-rl_caption=\"\" title=\"\"><img loading=\"lazy\" decoding=\"async\" width=\"2560\" height=\"1707\" src=\"https:\/\/wild-palms.com\/es\/wp-content\/uploads\/sites\/3\/2022\/06\/web04-scaled.webp\" alt=\"Alex Meffert Karen Paulina Biswell Societe Angelique \" class=\"wp-image-6344\" srcset=\"https:\/\/wild-palms.com\/es\/wp-content\/uploads\/sites\/3\/2022\/06\/web04-scaled.webp 2560w, https:\/\/wild-palms.com\/es\/wp-content\/uploads\/sites\/3\/2022\/06\/web04-300x200.webp 300w, https:\/\/wild-palms.com\/es\/wp-content\/uploads\/sites\/3\/2022\/06\/web04-1024x683.webp 1024w, https:\/\/wild-palms.com\/es\/wp-content\/uploads\/sites\/3\/2022\/06\/web04-768x512.webp 768w, https:\/\/wild-palms.com\/es\/wp-content\/uploads\/sites\/3\/2022\/06\/web04-1536x1024.webp 1536w, https:\/\/wild-palms.com\/es\/wp-content\/uploads\/sites\/3\/2022\/06\/web04-2048x1365.webp 2048w, https:\/\/wild-palms.com\/es\/wp-content\/uploads\/sites\/3\/2022\/06\/web04-272x182.webp 272w\" sizes=\"auto, (max-width: 2560px) 100vw, 2560px\" \/><\/a><figcaption class=\"wp-element-caption\">Alex Meffert con Soci\u00e9t\u00e9 Angelique TShirt.<\/figcaption><\/figure>\n\n\n\n<figure class=\"wp-block-gallery alignwide has-nested-images columns-default is-cropped wp-block-gallery-1 is-layout-flex wp-block-gallery-is-layout-flex\">\n<figure class=\"wp-block-image size-full\"><a href=\"https:\/\/wild-palms.com\/es\/wp-content\/uploads\/sites\/3\/2022\/06\/web01-scaled.webp\" data-rel=\"lightbox-image-12\" data-rl_title=\"\" data-rl_caption=\"\" title=\"\"><img loading=\"lazy\" decoding=\"async\" width=\"2560\" height=\"1707\" data-id=\"6356\" src=\"https:\/\/wild-palms.com\/es\/wp-content\/uploads\/sites\/3\/2022\/06\/web01-scaled.webp\" alt=\"Karen Paulina Biswell Ellas in wildpalms. Installation Strike a Pose with Societe Angelique\" class=\"wp-image-6356\" srcset=\"https:\/\/wild-palms.com\/es\/wp-content\/uploads\/sites\/3\/2022\/06\/web01-scaled.webp 2560w, https:\/\/wild-palms.com\/es\/wp-content\/uploads\/sites\/3\/2022\/06\/web01-300x200.webp 300w, https:\/\/wild-palms.com\/es\/wp-content\/uploads\/sites\/3\/2022\/06\/web01-1024x683.webp 1024w, https:\/\/wild-palms.com\/es\/wp-content\/uploads\/sites\/3\/2022\/06\/web01-768x512.webp 768w, https:\/\/wild-palms.com\/es\/wp-content\/uploads\/sites\/3\/2022\/06\/web01-1536x1024.webp 1536w, https:\/\/wild-palms.com\/es\/wp-content\/uploads\/sites\/3\/2022\/06\/web01-2048x1365.webp 2048w, https:\/\/wild-palms.com\/es\/wp-content\/uploads\/sites\/3\/2022\/06\/web01-272x182.webp 272w\" sizes=\"auto, (max-width: 2560px) 100vw, 2560px\" \/><\/a><figcaption class=\"wp-element-caption\">Karen Paulina Biswell. De la serie Ellas. C-Print Analog 2018. Cortes\u00eda de la artista &amp; wildpalms<\/figcaption><\/figure>\n<\/figure>\n\n\n\n<figure class=\"wp-block-image alignwide size-large\"><a href=\"https:\/\/wild-palms.com\/es\/wp-content\/uploads\/sites\/3\/2022\/06\/web06-scaled.webp\" data-rel=\"lightbox-image-13\" data-rl_title=\"\" data-rl_caption=\"\" title=\"\"><img loading=\"lazy\" decoding=\"async\" width=\"1024\" height=\"682\" src=\"https:\/\/wild-palms.com\/es\/wp-content\/uploads\/sites\/3\/2022\/06\/web06-1024x682.webp\" alt=\"Ellas Karen Paulina Biswell wildpalms\" class=\"wp-image-6343\" srcset=\"https:\/\/wild-palms.com\/es\/wp-content\/uploads\/sites\/3\/2022\/06\/web06-1024x682.webp 1024w, https:\/\/wild-palms.com\/es\/wp-content\/uploads\/sites\/3\/2022\/06\/web06-300x200.webp 300w, https:\/\/wild-palms.com\/es\/wp-content\/uploads\/sites\/3\/2022\/06\/web06-768x511.webp 768w, https:\/\/wild-palms.com\/es\/wp-content\/uploads\/sites\/3\/2022\/06\/web06-1536x1022.webp 1536w, https:\/\/wild-palms.com\/es\/wp-content\/uploads\/sites\/3\/2022\/06\/web06-2048x1363.webp 2048w, https:\/\/wild-palms.com\/es\/wp-content\/uploads\/sites\/3\/2022\/06\/web06-272x182.webp 272w\" sizes=\"auto, (max-width: 1024px) 100vw, 1024px\" \/><\/a><figcaption class=\"wp-element-caption\">Karen Paulina Biswell. De la serie Ellas. C-Print Analog 2018. Cortes\u00eda de la artista &amp; wildpalms<\/figcaption><\/figure>\n","protected":false},"excerpt":{"rendered":"<p>STRIKE A POSE 2.0 Bienvenido a nuestra instalaci\u00f3n ganadora del premio del Strike a Pose Festival. Una iniciativa para el dise\u00f1o y el arte de moda en Renania del Norte-Westfalia y la ciudad de D\u00fcsseldorf. Nuestro compromiso con el medio ambiente y la igualdad de g\u00e9nero tiene eco en los dise\u00f1os de Angelika Kammanns y [&hellip;]<\/p>\n","protected":false},"author":1,"featured_media":0,"parent":0,"menu_order":0,"comment_status":"closed","ping_status":"closed","template":"","meta":{"_coblocks_attr":"","_coblocks_dimensions":"","_coblocks_responsive_height":"","_coblocks_accordion_ie_support":"","hide_page_title":"","footnotes":""},"class_list":["post-6240","page","type-page","status-publish","hentry"],"yoast_head":"<!-- This site is optimized with the Yoast SEO plugin v27.0 - https:\/\/yoast.com\/product\/yoast-seo-wordpress\/ -->\n<title>Strike A Pose 2.0 - wildpalms ES<\/title>\n<meta name=\"description\" content=\"Ganadora del premio Strike a Pose. wildpalms en colaboraci\u00f3n con Societe Angelique dando a conocer el trabajo de Karen Paulina Biswell.\" \/>\n<meta name=\"robots\" content=\"index, follow, max-snippet:-1, max-image-preview:large, max-video-preview:-1\" \/>\n<link rel=\"canonical\" href=\"https:\/\/wild-palms.com\/es\/strike-a-pose-2-0\/\" \/>\n<meta property=\"og:locale\" content=\"es_ES\" \/>\n<meta property=\"og:type\" content=\"article\" \/>\n<meta property=\"og:title\" content=\"Strike A Pose 2.0 - wildpalms ES\" \/>\n<meta property=\"og:description\" content=\"Ganadora del premio Strike a Pose. wildpalms en colaboraci\u00f3n con Societe Angelique dando a conocer el trabajo de Karen Paulina Biswell.\" \/>\n<meta property=\"og:url\" content=\"https:\/\/wild-palms.com\/es\/strike-a-pose-2-0\/\" \/>\n<meta property=\"og:site_name\" content=\"wildpalms ES\" \/>\n<meta property=\"article:modified_time\" content=\"2023-12-09T17:06:01+00:00\" \/>\n<meta property=\"og:image\" content=\"https:\/\/wild-palms.com\/es\/wp-content\/uploads\/sites\/3\/2022\/06\/ANGIE-796x1024.jpg\" \/>\n<meta name=\"twitter:card\" content=\"summary_large_image\" \/>\n<meta name=\"twitter:label1\" content=\"Est. reading time\" \/>\n\t<meta name=\"twitter:data1\" content=\"4 minutes\" \/>\n<script type=\"application\/ld+json\" class=\"yoast-schema-graph\">{\"@context\":\"https:\/\/schema.org\",\"@graph\":[{\"@type\":\"WebPage\",\"@id\":\"https:\/\/wild-palms.com\/es\/strike-a-pose-2-0\/\",\"url\":\"https:\/\/wild-palms.com\/es\/strike-a-pose-2-0\/\",\"name\":\"Strike A Pose 2.0 - wildpalms ES\",\"isPartOf\":{\"@id\":\"https:\/\/wild-palms.com\/es\/#website\"},\"primaryImageOfPage\":{\"@id\":\"https:\/\/wild-palms.com\/es\/strike-a-pose-2-0\/#primaryimage\"},\"image\":{\"@id\":\"https:\/\/wild-palms.com\/es\/strike-a-pose-2-0\/#primaryimage\"},\"thumbnailUrl\":\"https:\/\/wild-palms.com\/es\/wp-content\/uploads\/sites\/3\/2022\/06\/ANGIE-796x1024.jpg\",\"datePublished\":\"2022-06-08T12:50:20+00:00\",\"dateModified\":\"2023-12-09T17:06:01+00:00\",\"description\":\"Ganadora del premio Strike a Pose. wildpalms en colaboraci\u00f3n con Societe Angelique dando a conocer el trabajo de Karen Paulina Biswell.\",\"breadcrumb\":{\"@id\":\"https:\/\/wild-palms.com\/es\/strike-a-pose-2-0\/#breadcrumb\"},\"inLanguage\":\"es\",\"potentialAction\":[{\"@type\":\"ReadAction\",\"target\":[\"https:\/\/wild-palms.com\/es\/strike-a-pose-2-0\/\"]}]},{\"@type\":\"ImageObject\",\"inLanguage\":\"es\",\"@id\":\"https:\/\/wild-palms.com\/es\/strike-a-pose-2-0\/#primaryimage\",\"url\":\"https:\/\/wild-palms.com\/es\/wp-content\/uploads\/sites\/3\/2022\/06\/ANGIE-scaled.jpg\",\"contentUrl\":\"https:\/\/wild-palms.com\/es\/wp-content\/uploads\/sites\/3\/2022\/06\/ANGIE-scaled.jpg\",\"width\":1991,\"height\":2560,\"caption\":\"Angie Karen Paulina Biswell Society works available wildpalms\"},{\"@type\":\"BreadcrumbList\",\"@id\":\"https:\/\/wild-palms.com\/es\/strike-a-pose-2-0\/#breadcrumb\",\"itemListElement\":[{\"@type\":\"ListItem\",\"position\":1,\"name\":\"Home\",\"item\":\"https:\/\/wild-palms.com\/es\/\"},{\"@type\":\"ListItem\",\"position\":2,\"name\":\"Strike A Pose 2.0\"}]},{\"@type\":\"WebSite\",\"@id\":\"https:\/\/wild-palms.com\/es\/#website\",\"url\":\"https:\/\/wild-palms.com\/es\/\",\"name\":\"wildpalms ES\",\"description\":\"\",\"publisher\":{\"@id\":\"https:\/\/wild-palms.com\/es\/#organization\"},\"potentialAction\":[{\"@type\":\"SearchAction\",\"target\":{\"@type\":\"EntryPoint\",\"urlTemplate\":\"https:\/\/wild-palms.com\/es\/?s={search_term_string}\"},\"query-input\":{\"@type\":\"PropertyValueSpecification\",\"valueRequired\":true,\"valueName\":\"search_term_string\"}}],\"inLanguage\":\"es\"},{\"@type\":\"Organization\",\"@id\":\"https:\/\/wild-palms.com\/es\/#organization\",\"name\":\"wildpalms ES\",\"url\":\"https:\/\/wild-palms.com\/es\/\",\"logo\":{\"@type\":\"ImageObject\",\"inLanguage\":\"es\",\"@id\":\"https:\/\/wild-palms.com\/es\/#\/schema\/logo\/image\/\",\"url\":\"https:\/\/wild-palms.com\/es\/wp-content\/uploads\/sites\/3\/2023\/03\/cropped-wildpalms_logo_ths.png\",\"contentUrl\":\"https:\/\/wild-palms.com\/es\/wp-content\/uploads\/sites\/3\/2023\/03\/cropped-wildpalms_logo_ths.png\",\"width\":1200,\"height\":197,\"caption\":\"wildpalms ES\"},\"image\":{\"@id\":\"https:\/\/wild-palms.com\/es\/#\/schema\/logo\/image\/\"}}]}<\/script>\n<!-- \/ Yoast SEO plugin. -->","yoast_head_json":{"title":"Strike A Pose 2.0 - wildpalms ES","description":"Ganadora del premio Strike a Pose. wildpalms en colaboraci\u00f3n con Societe Angelique dando a conocer el trabajo de Karen Paulina Biswell.","robots":{"index":"index","follow":"follow","max-snippet":"max-snippet:-1","max-image-preview":"max-image-preview:large","max-video-preview":"max-video-preview:-1"},"canonical":"https:\/\/wild-palms.com\/es\/strike-a-pose-2-0\/","og_locale":"es_ES","og_type":"article","og_title":"Strike A Pose 2.0 - wildpalms ES","og_description":"Ganadora del premio Strike a Pose. wildpalms en colaboraci\u00f3n con Societe Angelique dando a conocer el trabajo de Karen Paulina Biswell.","og_url":"https:\/\/wild-palms.com\/es\/strike-a-pose-2-0\/","og_site_name":"wildpalms ES","article_modified_time":"2023-12-09T17:06:01+00:00","og_image":[{"url":"https:\/\/wild-palms.com\/es\/wp-content\/uploads\/sites\/3\/2022\/06\/ANGIE-796x1024.jpg","type":"","width":"","height":""}],"twitter_card":"summary_large_image","twitter_misc":{"Est. reading time":"4 minutes"},"schema":{"@context":"https:\/\/schema.org","@graph":[{"@type":"WebPage","@id":"https:\/\/wild-palms.com\/es\/strike-a-pose-2-0\/","url":"https:\/\/wild-palms.com\/es\/strike-a-pose-2-0\/","name":"Strike A Pose 2.0 - wildpalms ES","isPartOf":{"@id":"https:\/\/wild-palms.com\/es\/#website"},"primaryImageOfPage":{"@id":"https:\/\/wild-palms.com\/es\/strike-a-pose-2-0\/#primaryimage"},"image":{"@id":"https:\/\/wild-palms.com\/es\/strike-a-pose-2-0\/#primaryimage"},"thumbnailUrl":"https:\/\/wild-palms.com\/es\/wp-content\/uploads\/sites\/3\/2022\/06\/ANGIE-796x1024.jpg","datePublished":"2022-06-08T12:50:20+00:00","dateModified":"2023-12-09T17:06:01+00:00","description":"Ganadora del premio Strike a Pose. wildpalms en colaboraci\u00f3n con Societe Angelique dando a conocer el trabajo de Karen Paulina Biswell.","breadcrumb":{"@id":"https:\/\/wild-palms.com\/es\/strike-a-pose-2-0\/#breadcrumb"},"inLanguage":"es","potentialAction":[{"@type":"ReadAction","target":["https:\/\/wild-palms.com\/es\/strike-a-pose-2-0\/"]}]},{"@type":"ImageObject","inLanguage":"es","@id":"https:\/\/wild-palms.com\/es\/strike-a-pose-2-0\/#primaryimage","url":"https:\/\/wild-palms.com\/es\/wp-content\/uploads\/sites\/3\/2022\/06\/ANGIE-scaled.jpg","contentUrl":"https:\/\/wild-palms.com\/es\/wp-content\/uploads\/sites\/3\/2022\/06\/ANGIE-scaled.jpg","width":1991,"height":2560,"caption":"Angie Karen Paulina Biswell Society works available wildpalms"},{"@type":"BreadcrumbList","@id":"https:\/\/wild-palms.com\/es\/strike-a-pose-2-0\/#breadcrumb","itemListElement":[{"@type":"ListItem","position":1,"name":"Home","item":"https:\/\/wild-palms.com\/es\/"},{"@type":"ListItem","position":2,"name":"Strike A Pose 2.0"}]},{"@type":"WebSite","@id":"https:\/\/wild-palms.com\/es\/#website","url":"https:\/\/wild-palms.com\/es\/","name":"wildpalms ES","description":"","publisher":{"@id":"https:\/\/wild-palms.com\/es\/#organization"},"potentialAction":[{"@type":"SearchAction","target":{"@type":"EntryPoint","urlTemplate":"https:\/\/wild-palms.com\/es\/?s={search_term_string}"},"query-input":{"@type":"PropertyValueSpecification","valueRequired":true,"valueName":"search_term_string"}}],"inLanguage":"es"},{"@type":"Organization","@id":"https:\/\/wild-palms.com\/es\/#organization","name":"wildpalms ES","url":"https:\/\/wild-palms.com\/es\/","logo":{"@type":"ImageObject","inLanguage":"es","@id":"https:\/\/wild-palms.com\/es\/#\/schema\/logo\/image\/","url":"https:\/\/wild-palms.com\/es\/wp-content\/uploads\/sites\/3\/2023\/03\/cropped-wildpalms_logo_ths.png","contentUrl":"https:\/\/wild-palms.com\/es\/wp-content\/uploads\/sites\/3\/2023\/03\/cropped-wildpalms_logo_ths.png","width":1200,"height":197,"caption":"wildpalms ES"},"image":{"@id":"https:\/\/wild-palms.com\/es\/#\/schema\/logo\/image\/"}}]}},"_links":{"self":[{"href":"https:\/\/wild-palms.com\/es\/wp-json\/wp\/v2\/pages\/6240","targetHints":{"allow":["GET"]}}],"collection":[{"href":"https:\/\/wild-palms.com\/es\/wp-json\/wp\/v2\/pages"}],"about":[{"href":"https:\/\/wild-palms.com\/es\/wp-json\/wp\/v2\/types\/page"}],"author":[{"embeddable":true,"href":"https:\/\/wild-palms.com\/es\/wp-json\/wp\/v2\/users\/1"}],"replies":[{"embeddable":true,"href":"https:\/\/wild-palms.com\/es\/wp-json\/wp\/v2\/comments?post=6240"}],"version-history":[{"count":1,"href":"https:\/\/wild-palms.com\/es\/wp-json\/wp\/v2\/pages\/6240\/revisions"}],"predecessor-version":[{"id":8246,"href":"https:\/\/wild-palms.com\/es\/wp-json\/wp\/v2\/pages\/6240\/revisions\/8246"}],"wp:attachment":[{"href":"https:\/\/wild-palms.com\/es\/wp-json\/wp\/v2\/media?parent=6240"}],"curies":[{"name":"wp","href":"https:\/\/api.w.org\/{rel}","templated":true}]}}