{"id":598,"date":"2016-11-08T17:30:27","date_gmt":"2016-11-08T16:30:27","guid":{"rendered":"http:\/\/wild-palms.com\/es\/?page_id=598"},"modified":"2023-12-11T01:24:35","modified_gmt":"2023-12-11T00:24:35","slug":"la-villa","status":"publish","type":"page","link":"https:\/\/wild-palms.com\/es\/la-villa\/","title":{"rendered":"La Villa"},"content":{"rendered":"\n<h1 class=\"wp-block-heading has-text-align-center\" style=\"font-size:25px\"><a href=\"https:\/\/untitledartfairs.com\/\">Untitled Art Fair<\/a>: LA VILLA<\/h1>\n\n\n\n<p style=\"font-size:13px\">Untitled Art Fair: Participar en la Feria de Arte Untitled de Miami, es nuestro primer paso importante para seguir creciendo. Queremos llegar a un p\u00fablico m\u00e1s amplio con las palmeras salvajes, hablar con comisarios, directores de museos y colocar algunas obras en colecciones -privadas e institucionales-. Nuestra propuesta es nueva para un formato de feria.<br>Vamos a exponer La Villa. Una casa del siglo XIX en la Condesa de la Ciudad de M\u00e9xico, propiedad de <a href=\"https:\/\/wild-palms.com\/es\/alejandro-almanza-pereda\/\" target=\"_blank\" rel=\"noreferrer noopener\">Alejandro Almanza Pereda<\/a>, un artista que comparte esta casa con otros tres artistas de gran talento, <a href=\"https:\/\/wild-palms.com\/es\/anibal-catalan\/\" target=\"_blank\" rel=\"noreferrer noopener\">An\u00edbal Catal\u00e1n<\/a>,<a href=\"https:\/\/wild-palms.com\/es\/jose-luis-cortes-santander\/\" target=\"_blank\" rel=\"noreferrer noopener\"> Jos\u00e9 Luis Cort\u00e9s-Santander<\/a> y <a href=\"https:\/\/wild-palms.com\/es\/jose-elguezabal\/\">Jos\u00e9 Eguezabal<\/a> para vivir y trabajar all\u00ed, independientemente, pero uno al lado del otro.<\/p>\n\n\n\n<p style=\"font-size:13px\">La Villa est\u00e1 llena de creatividad, al mismo tiempo es un lugar donde se han mezclado los l\u00edmites &#8211; es un lugar donde estos artistas viven, trabajan, exponen y dan conciertos con su banda de artistas, la rubia te besa &#8211; un producto de La Villa. Y hacen aportaciones a la ciudad. Una exposici\u00f3n en La Villa durante el MACO, es una experiencia \u00fanica.<\/p>\n\n\n\n<p><\/p>\n\n\n\n<figure class=\"wp-block-gallery has-nested-images columns-2 is-cropped wp-block-gallery-1 is-layout-flex wp-block-gallery-is-layout-flex\">\n<figure class=\"wp-block-image size-large\"><a href=\"https:\/\/wild-palms.com\/es\/wp-content\/uploads\/sites\/3\/2016\/11\/lavilla.jpg\" data-rel=\"lightbox-image-0\" data-rl_title=\"\" data-rl_caption=\"\" title=\"\"><img loading=\"lazy\" decoding=\"async\" width=\"768\" height=\"1024\" data-id=\"599\" src=\"https:\/\/wild-palms.com\/es\/wp-content\/uploads\/sites\/3\/2016\/11\/lavilla-768x1024.jpg\" alt=\"Untitled Art Fair\" class=\"wp-image-599\" srcset=\"https:\/\/wild-palms.com\/es\/wp-content\/uploads\/sites\/3\/2016\/11\/lavilla-768x1024.jpg 768w, https:\/\/wild-palms.com\/es\/wp-content\/uploads\/sites\/3\/2016\/11\/lavilla-225x300.jpg 225w, https:\/\/wild-palms.com\/es\/wp-content\/uploads\/sites\/3\/2016\/11\/lavilla-750x1000.jpg 750w, https:\/\/wild-palms.com\/es\/wp-content\/uploads\/sites\/3\/2016\/11\/lavilla-400x533.jpg 400w, https:\/\/wild-palms.com\/es\/wp-content\/uploads\/sites\/3\/2016\/11\/lavilla-430x573.jpg 430w, https:\/\/wild-palms.com\/es\/wp-content\/uploads\/sites\/3\/2016\/11\/lavilla-150x200.jpg 150w, https:\/\/wild-palms.com\/es\/wp-content\/uploads\/sites\/3\/2016\/11\/lavilla-100x133.jpg 100w, https:\/\/wild-palms.com\/es\/wp-content\/uploads\/sites\/3\/2016\/11\/lavilla.jpg 960w\" sizes=\"auto, (max-width: 768px) 100vw, 768px\" \/><\/a><\/figure>\n\n\n\n<figure class=\"wp-block-image size-large\"><a href=\"https:\/\/wild-palms.com\/es\/wp-content\/uploads\/sites\/3\/2016\/11\/IMG_9447.jpeg\" data-rel=\"lightbox-image-1\" data-rl_title=\"\" data-rl_caption=\"\" title=\"\"><img loading=\"lazy\" decoding=\"async\" width=\"768\" height=\"1024\" data-id=\"600\" src=\"https:\/\/wild-palms.com\/es\/wp-content\/uploads\/sites\/3\/2016\/11\/IMG_9447-768x1024.jpeg\" alt=\"Untitled Art Fair\" class=\"wp-image-600\" srcset=\"https:\/\/wild-palms.com\/es\/wp-content\/uploads\/sites\/3\/2016\/11\/IMG_9447-768x1024.jpeg 768w, https:\/\/wild-palms.com\/es\/wp-content\/uploads\/sites\/3\/2016\/11\/IMG_9447-225x300.jpeg 225w, https:\/\/wild-palms.com\/es\/wp-content\/uploads\/sites\/3\/2016\/11\/IMG_9447-750x1000.jpeg 750w, https:\/\/wild-palms.com\/es\/wp-content\/uploads\/sites\/3\/2016\/11\/IMG_9447-400x533.jpeg 400w, https:\/\/wild-palms.com\/es\/wp-content\/uploads\/sites\/3\/2016\/11\/IMG_9447-430x573.jpeg 430w, https:\/\/wild-palms.com\/es\/wp-content\/uploads\/sites\/3\/2016\/11\/IMG_9447-150x200.jpeg 150w, https:\/\/wild-palms.com\/es\/wp-content\/uploads\/sites\/3\/2016\/11\/IMG_9447-100x133.jpeg 100w, https:\/\/wild-palms.com\/es\/wp-content\/uploads\/sites\/3\/2016\/11\/IMG_9447.jpeg 960w\" sizes=\"auto, (max-width: 768px) 100vw, 768px\" \/><\/a><\/figure>\n<\/figure>\n\n\n\n<p style=\"font-size:13px\">La Villa est\u00e1 llena de creatividad, al mismo tiempo es un lugar donde se han mezclado los l\u00edmites &#8211; es un lugar donde estos artistas viven, trabajan, exponen y dan conciertos con su banda de artistas, la rubia te besa &#8211; un producto de La Villa. Y hacen aportaciones a la ciudad. Una exposici\u00f3n en La Villa durante el MACO, es una experiencia \u00fanica.<\/p>\n","protected":false},"excerpt":{"rendered":"<p>Untitled Art Fair: LA VILLA Untitled Art Fair: Participar en la Feria de Arte Untitled de Miami, es nuestro primer paso importante para seguir creciendo. Queremos llegar a un p\u00fablico m\u00e1s amplio con las palmeras salvajes, hablar con comisarios, directores de museos y colocar algunas obras en colecciones -privadas e institucionales-. Nuestra propuesta es nueva [&hellip;]<\/p>\n","protected":false},"author":1,"featured_media":0,"parent":0,"menu_order":0,"comment_status":"closed","ping_status":"closed","template":"","meta":{"_coblocks_attr":"","_coblocks_dimensions":"","_coblocks_responsive_height":"","_coblocks_accordion_ie_support":"","hide_page_title":"","footnotes":""},"class_list":["post-598","page","type-page","status-publish","hentry"],"yoast_head":"<!-- This site is optimized with the Yoast SEO plugin v27.0 - https:\/\/yoast.com\/product\/yoast-seo-wordpress\/ -->\n<title>La Villa - wildpalms at Untitled Art Fair 2016 in Miami<\/title>\n<meta name=\"description\" content=\"Untitled Art Fair Alejandro Almanza, Anibal Catal\u00e1n, Jos\u00e9 Elguezabal &amp; Jos\u00e9 Luis Cort\u00e9s-Santander. Untitled Miami 2016\" \/>\n<meta name=\"robots\" content=\"index, follow, max-snippet:-1, max-image-preview:large, max-video-preview:-1\" \/>\n<link rel=\"canonical\" href=\"http:\/\/wild-palms.com\/es\/la-villa\/\" \/>\n<meta property=\"og:locale\" content=\"es_ES\" \/>\n<meta property=\"og:type\" content=\"article\" \/>\n<meta property=\"og:title\" content=\"La Villa - wildpalms at Untitled Art Fair 2016 in Miami\" \/>\n<meta property=\"og:description\" content=\"Untitled Art Fair Alejandro Almanza, Anibal Catal\u00e1n, Jos\u00e9 Elguezabal &amp; Jos\u00e9 Luis Cort\u00e9s-Santander. Untitled Miami 2016\" \/>\n<meta property=\"og:url\" content=\"http:\/\/wild-palms.com\/es\/la-villa\/\" \/>\n<meta property=\"og:site_name\" content=\"wildpalms ES\" \/>\n<meta property=\"article:modified_time\" content=\"2023-12-11T00:24:35+00:00\" \/>\n<meta property=\"og:image\" content=\"https:\/\/wild-palms.com\/es\/wp-content\/uploads\/sites\/3\/2016\/11\/lavilla-768x1024.jpg\" \/>\n<meta name=\"twitter:card\" content=\"summary_large_image\" \/>\n<meta name=\"twitter:label1\" content=\"Est. reading time\" \/>\n\t<meta name=\"twitter:data1\" content=\"2 minutes\" \/>\n<script type=\"application\/ld+json\" class=\"yoast-schema-graph\">{\"@context\":\"https:\/\/schema.org\",\"@graph\":[{\"@type\":\"WebPage\",\"@id\":\"http:\/\/wild-palms.com\/es\/la-villa\/\",\"url\":\"http:\/\/wild-palms.com\/es\/la-villa\/\",\"name\":\"La Villa - wildpalms at Untitled Art Fair 2016 in Miami\",\"isPartOf\":{\"@id\":\"https:\/\/wild-palms.com\/es\/#website\"},\"primaryImageOfPage\":{\"@id\":\"http:\/\/wild-palms.com\/es\/la-villa\/#primaryimage\"},\"image\":{\"@id\":\"http:\/\/wild-palms.com\/es\/la-villa\/#primaryimage\"},\"thumbnailUrl\":\"https:\/\/wild-palms.com\/es\/wp-content\/uploads\/sites\/3\/2016\/11\/lavilla-768x1024.jpg\",\"datePublished\":\"2016-11-08T16:30:27+00:00\",\"dateModified\":\"2023-12-11T00:24:35+00:00\",\"description\":\"Untitled Art Fair Alejandro Almanza, Anibal Catal\u00e1n, Jos\u00e9 Elguezabal & Jos\u00e9 Luis Cort\u00e9s-Santander. Untitled Miami 2016\",\"breadcrumb\":{\"@id\":\"http:\/\/wild-palms.com\/es\/la-villa\/#breadcrumb\"},\"inLanguage\":\"es\",\"potentialAction\":[{\"@type\":\"ReadAction\",\"target\":[\"http:\/\/wild-palms.com\/es\/la-villa\/\"]}]},{\"@type\":\"ImageObject\",\"inLanguage\":\"es\",\"@id\":\"http:\/\/wild-palms.com\/es\/la-villa\/#primaryimage\",\"url\":\"https:\/\/wild-palms.com\/es\/wp-content\/uploads\/sites\/3\/2016\/11\/lavilla.jpg\",\"contentUrl\":\"https:\/\/wild-palms.com\/es\/wp-content\/uploads\/sites\/3\/2016\/11\/lavilla.jpg\",\"width\":960,\"height\":1280},{\"@type\":\"BreadcrumbList\",\"@id\":\"http:\/\/wild-palms.com\/es\/la-villa\/#breadcrumb\",\"itemListElement\":[{\"@type\":\"ListItem\",\"position\":1,\"name\":\"Home\",\"item\":\"https:\/\/wild-palms.com\/es\/\"},{\"@type\":\"ListItem\",\"position\":2,\"name\":\"La Villa\"}]},{\"@type\":\"WebSite\",\"@id\":\"https:\/\/wild-palms.com\/es\/#website\",\"url\":\"https:\/\/wild-palms.com\/es\/\",\"name\":\"wildpalms ES\",\"description\":\"\",\"publisher\":{\"@id\":\"https:\/\/wild-palms.com\/es\/#organization\"},\"potentialAction\":[{\"@type\":\"SearchAction\",\"target\":{\"@type\":\"EntryPoint\",\"urlTemplate\":\"https:\/\/wild-palms.com\/es\/?s={search_term_string}\"},\"query-input\":{\"@type\":\"PropertyValueSpecification\",\"valueRequired\":true,\"valueName\":\"search_term_string\"}}],\"inLanguage\":\"es\"},{\"@type\":\"Organization\",\"@id\":\"https:\/\/wild-palms.com\/es\/#organization\",\"name\":\"wildpalms ES\",\"url\":\"https:\/\/wild-palms.com\/es\/\",\"logo\":{\"@type\":\"ImageObject\",\"inLanguage\":\"es\",\"@id\":\"https:\/\/wild-palms.com\/es\/#\/schema\/logo\/image\/\",\"url\":\"https:\/\/wild-palms.com\/es\/wp-content\/uploads\/sites\/3\/2023\/03\/cropped-wildpalms_logo_ths.png\",\"contentUrl\":\"https:\/\/wild-palms.com\/es\/wp-content\/uploads\/sites\/3\/2023\/03\/cropped-wildpalms_logo_ths.png\",\"width\":1200,\"height\":197,\"caption\":\"wildpalms ES\"},\"image\":{\"@id\":\"https:\/\/wild-palms.com\/es\/#\/schema\/logo\/image\/\"}}]}<\/script>\n<!-- \/ Yoast SEO plugin. -->","yoast_head_json":{"title":"La Villa - wildpalms at Untitled Art Fair 2016 in Miami","description":"Untitled Art Fair Alejandro Almanza, Anibal Catal\u00e1n, Jos\u00e9 Elguezabal & Jos\u00e9 Luis Cort\u00e9s-Santander. Untitled Miami 2016","robots":{"index":"index","follow":"follow","max-snippet":"max-snippet:-1","max-image-preview":"max-image-preview:large","max-video-preview":"max-video-preview:-1"},"canonical":"http:\/\/wild-palms.com\/es\/la-villa\/","og_locale":"es_ES","og_type":"article","og_title":"La Villa - wildpalms at Untitled Art Fair 2016 in Miami","og_description":"Untitled Art Fair Alejandro Almanza, Anibal Catal\u00e1n, Jos\u00e9 Elguezabal & Jos\u00e9 Luis Cort\u00e9s-Santander. Untitled Miami 2016","og_url":"http:\/\/wild-palms.com\/es\/la-villa\/","og_site_name":"wildpalms ES","article_modified_time":"2023-12-11T00:24:35+00:00","og_image":[{"url":"https:\/\/wild-palms.com\/es\/wp-content\/uploads\/sites\/3\/2016\/11\/lavilla-768x1024.jpg","type":"","width":"","height":""}],"twitter_card":"summary_large_image","twitter_misc":{"Est. reading time":"2 minutes"},"schema":{"@context":"https:\/\/schema.org","@graph":[{"@type":"WebPage","@id":"http:\/\/wild-palms.com\/es\/la-villa\/","url":"http:\/\/wild-palms.com\/es\/la-villa\/","name":"La Villa - wildpalms at Untitled Art Fair 2016 in Miami","isPartOf":{"@id":"https:\/\/wild-palms.com\/es\/#website"},"primaryImageOfPage":{"@id":"http:\/\/wild-palms.com\/es\/la-villa\/#primaryimage"},"image":{"@id":"http:\/\/wild-palms.com\/es\/la-villa\/#primaryimage"},"thumbnailUrl":"https:\/\/wild-palms.com\/es\/wp-content\/uploads\/sites\/3\/2016\/11\/lavilla-768x1024.jpg","datePublished":"2016-11-08T16:30:27+00:00","dateModified":"2023-12-11T00:24:35+00:00","description":"Untitled Art Fair Alejandro Almanza, Anibal Catal\u00e1n, Jos\u00e9 Elguezabal & Jos\u00e9 Luis Cort\u00e9s-Santander. Untitled Miami 2016","breadcrumb":{"@id":"http:\/\/wild-palms.com\/es\/la-villa\/#breadcrumb"},"inLanguage":"es","potentialAction":[{"@type":"ReadAction","target":["http:\/\/wild-palms.com\/es\/la-villa\/"]}]},{"@type":"ImageObject","inLanguage":"es","@id":"http:\/\/wild-palms.com\/es\/la-villa\/#primaryimage","url":"https:\/\/wild-palms.com\/es\/wp-content\/uploads\/sites\/3\/2016\/11\/lavilla.jpg","contentUrl":"https:\/\/wild-palms.com\/es\/wp-content\/uploads\/sites\/3\/2016\/11\/lavilla.jpg","width":960,"height":1280},{"@type":"BreadcrumbList","@id":"http:\/\/wild-palms.com\/es\/la-villa\/#breadcrumb","itemListElement":[{"@type":"ListItem","position":1,"name":"Home","item":"https:\/\/wild-palms.com\/es\/"},{"@type":"ListItem","position":2,"name":"La Villa"}]},{"@type":"WebSite","@id":"https:\/\/wild-palms.com\/es\/#website","url":"https:\/\/wild-palms.com\/es\/","name":"wildpalms ES","description":"","publisher":{"@id":"https:\/\/wild-palms.com\/es\/#organization"},"potentialAction":[{"@type":"SearchAction","target":{"@type":"EntryPoint","urlTemplate":"https:\/\/wild-palms.com\/es\/?s={search_term_string}"},"query-input":{"@type":"PropertyValueSpecification","valueRequired":true,"valueName":"search_term_string"}}],"inLanguage":"es"},{"@type":"Organization","@id":"https:\/\/wild-palms.com\/es\/#organization","name":"wildpalms ES","url":"https:\/\/wild-palms.com\/es\/","logo":{"@type":"ImageObject","inLanguage":"es","@id":"https:\/\/wild-palms.com\/es\/#\/schema\/logo\/image\/","url":"https:\/\/wild-palms.com\/es\/wp-content\/uploads\/sites\/3\/2023\/03\/cropped-wildpalms_logo_ths.png","contentUrl":"https:\/\/wild-palms.com\/es\/wp-content\/uploads\/sites\/3\/2023\/03\/cropped-wildpalms_logo_ths.png","width":1200,"height":197,"caption":"wildpalms ES"},"image":{"@id":"https:\/\/wild-palms.com\/es\/#\/schema\/logo\/image\/"}}]}},"_links":{"self":[{"href":"https:\/\/wild-palms.com\/es\/wp-json\/wp\/v2\/pages\/598","targetHints":{"allow":["GET"]}}],"collection":[{"href":"https:\/\/wild-palms.com\/es\/wp-json\/wp\/v2\/pages"}],"about":[{"href":"https:\/\/wild-palms.com\/es\/wp-json\/wp\/v2\/types\/page"}],"author":[{"embeddable":true,"href":"https:\/\/wild-palms.com\/es\/wp-json\/wp\/v2\/users\/1"}],"replies":[{"embeddable":true,"href":"https:\/\/wild-palms.com\/es\/wp-json\/wp\/v2\/comments?post=598"}],"version-history":[{"count":3,"href":"https:\/\/wild-palms.com\/es\/wp-json\/wp\/v2\/pages\/598\/revisions"}],"predecessor-version":[{"id":8642,"href":"https:\/\/wild-palms.com\/es\/wp-json\/wp\/v2\/pages\/598\/revisions\/8642"}],"wp:attachment":[{"href":"https:\/\/wild-palms.com\/es\/wp-json\/wp\/v2\/media?parent=598"}],"curies":[{"name":"wp","href":"https:\/\/api.w.org\/{rel}","templated":true}]}}