{"id":5746,"date":"2023-05-20T16:40:19","date_gmt":"2023-05-20T14:40:19","guid":{"rendered":"https:\/\/wild-palms.com\/es\/?page_id=5746"},"modified":"2023-12-11T02:48:26","modified_gmt":"2023-12-11T01:48:26","slug":"mauricio_limon_de_leon_el_primero","status":"publish","type":"page","link":"https:\/\/wild-palms.com\/es\/mauricio_limon_de_leon_el_primero\/","title":{"rendered":"Mauricio Lim\u00f3n de Le\u00f3n: El primero que ria."},"content":{"rendered":"\n<h1 class=\"wp-block-heading has-medium-font-size\" style=\"font-size:25px\"><a href=\"https:\/\/wild-palms.com\/es\/mauricio-limon\/\" target=\"_blank\" rel=\"noreferrer noopener\">Mauricio Lim\u00f3n<\/a> de Le\u00f3n: El primero que ria. Der Erste der lacht.<\/h1>\n\n\n\n<figure class=\"wp-block-image size-full is-resized\"><a href=\"https:\/\/wild-palms.com\/es\/wp-content\/uploads\/sites\/3\/2023\/05\/Mauricio_Limon_Exp.webp\" data-rel=\"lightbox-image-0\" data-rl_title=\"\" data-rl_caption=\"\" title=\"\"><img loading=\"lazy\" decoding=\"async\" width=\"1600\" height=\"1066\" src=\"https:\/\/wild-palms.com\/es\/wp-content\/uploads\/sites\/3\/2023\/05\/Mauricio_Limon_Exp.webp\" alt=\"Mauricio LImon flyer for his exhibition el primero que ria, 2 faces holding each other as they were masks\" class=\"wp-image-7434\" srcset=\"https:\/\/wild-palms.com\/es\/wp-content\/uploads\/sites\/3\/2023\/05\/Mauricio_Limon_Exp.webp 1600w, https:\/\/wild-palms.com\/es\/wp-content\/uploads\/sites\/3\/2023\/05\/Mauricio_Limon_Exp-300x200.webp 300w, https:\/\/wild-palms.com\/es\/wp-content\/uploads\/sites\/3\/2023\/05\/Mauricio_Limon_Exp-1024x682.webp 1024w, https:\/\/wild-palms.com\/es\/wp-content\/uploads\/sites\/3\/2023\/05\/Mauricio_Limon_Exp-768x512.webp 768w, https:\/\/wild-palms.com\/es\/wp-content\/uploads\/sites\/3\/2023\/05\/Mauricio_Limon_Exp-1536x1023.webp 1536w\" sizes=\"auto, (max-width: 1600px) 100vw, 1600px\" \/><\/a><\/figure>\n\n\n\n<p style=\"font-size:13px\"><\/p>\n\n\n\n<div class=\"wp-block-group\"><div class=\"wp-block-group__inner-container is-layout-constrained wp-block-group-is-layout-constrained\">\n<p style=\"font-size:15px\">&#8220;El primero que r\u00eda, der Erste der Lacht&#8221; de Mauricio Lim\u00f3n de Le\u00f3n es una exposici\u00f3n que re\u00fane 12 a\u00f1os de trabajo originado en las interacciones humanas que el artista mexicano ha construido de manera intensa y perdurable con sus antagonistas &#8220;El Flama&#8221;, su familia y amigos, haciendo \u00e9nfasis en la topolog\u00eda de Iztapalapa, un barrio complejo de la Ciudad de M\u00e9xico.<\/p>\n\n\n\n<p style=\"font-size:15px\">El propio &#8220;El Flama&#8221; y su c\u00edrculo pertenecen a un grupo social caracterizado por la marginalidad, la inseguridad y el trabajo informal. El cuerpo de &#8220;El Flama&#8221; es testigo cicatrizado de la dura vida en las calles de una metr\u00f3poli.<\/p>\n\n\n\n<p style=\"font-size:15px\">Sin embargo, a trav\u00e9s del humor, de la capacidad de re\u00edrse de uno mismo, y con unas relaciones establecidas en igualdad de condiciones y todo tipo de riesgos compartidos, &#8220;el primero en re\u00edr, der Erste der Lacht&#8221; consigue majestuosamente integrar a &#8220;El Flama&#8221; y a su familia en la agencia est\u00e9tica de una obra de arte liberada de ideolog\u00edas o politizaci\u00f3n. Por tanto, el conjunto de la obra no opera a trav\u00e9s de pedagog\u00edas o moralismos, sino que hace hincapi\u00e9 en el color, la materialidad y la factura como veh\u00edculo formal para acentuar aspectos de la condici\u00f3n humana.<\/p>\n\n\n\n<p style=\"font-size:15px\">A trav\u00e9s del video, la fotograf\u00eda, la pintura y la impresi\u00f3n de revistas, las obras de Mauricio Lim\u00f3n de Le\u00f3n exploran la amistad, la estructura familiar, el papel del cuerpo y la sexualidad, en constante comunicaci\u00f3n dentro del paisaje urbano y rural de Iztapalapa.<\/p>\n\n\n\n<p style=\"font-size:15px\">&#8220;El primero en re\u00edr, der Erste der Lacht&#8221; es la tercera estaci\u00f3n de la exposici\u00f3n despu\u00e9s de Par\u00eds y Madrid. Marco Calder\u00f3n desarroll\u00f3 su curadur\u00eda original.<\/p>\n<\/div><\/div>\n\n\n\n<p class=\"has-text-align-center\"><a href=\"https:\/\/wild-palms.com\/es\/wp-content\/uploads\/sites\/3\/2023\/06\/Mauricio_Limon.pdf\" target=\"_blank\" rel=\"noreferrer noopener\">WORKLIST<\/a><\/p>\n\n\n\n<figure class=\"wp-block-image alignwide size-full\"><a href=\"https:\/\/wild-palms.com\/es\/wp-content\/uploads\/sites\/3\/2023\/05\/Mauricio_Limon_El_Primero_que_ria_5-scaled.webp\" data-rel=\"lightbox-image-1\" data-rl_title=\"\" data-rl_caption=\"\" title=\"\"><img loading=\"lazy\" decoding=\"async\" width=\"2560\" height=\"1697\" src=\"https:\/\/wild-palms.com\/es\/wp-content\/uploads\/sites\/3\/2023\/05\/Mauricio_Limon_El_Primero_que_ria_5-scaled.webp\" alt=\"Mauricio Limon exhibition view in wildpalms\" class=\"wp-image-7457\" srcset=\"https:\/\/wild-palms.com\/es\/wp-content\/uploads\/sites\/3\/2023\/05\/Mauricio_Limon_El_Primero_que_ria_5-scaled.webp 2560w, https:\/\/wild-palms.com\/es\/wp-content\/uploads\/sites\/3\/2023\/05\/Mauricio_Limon_El_Primero_que_ria_5-300x199.webp 300w, https:\/\/wild-palms.com\/es\/wp-content\/uploads\/sites\/3\/2023\/05\/Mauricio_Limon_El_Primero_que_ria_5-1024x679.webp 1024w, https:\/\/wild-palms.com\/es\/wp-content\/uploads\/sites\/3\/2023\/05\/Mauricio_Limon_El_Primero_que_ria_5-768x509.webp 768w, https:\/\/wild-palms.com\/es\/wp-content\/uploads\/sites\/3\/2023\/05\/Mauricio_Limon_El_Primero_que_ria_5-1536x1018.webp 1536w, https:\/\/wild-palms.com\/es\/wp-content\/uploads\/sites\/3\/2023\/05\/Mauricio_Limon_El_Primero_que_ria_5-2048x1357.webp 2048w\" sizes=\"auto, (max-width: 2560px) 100vw, 2560px\" \/><\/a><\/figure>\n\n\n\n<figure class=\"wp-block-image alignwide size-full\"><a href=\"https:\/\/wild-palms.com\/es\/wp-content\/uploads\/sites\/3\/2023\/05\/Mauricio_Limon_El_Primero_que_ria_3-scaled.webp\" data-rel=\"lightbox-image-2\" data-rl_title=\"\" data-rl_caption=\"\" title=\"\"><img loading=\"lazy\" decoding=\"async\" width=\"2560\" height=\"1707\" src=\"https:\/\/wild-palms.com\/es\/wp-content\/uploads\/sites\/3\/2023\/05\/Mauricio_Limon_El_Primero_que_ria_3-scaled.webp\" alt=\"Exhibition view el primero que ria, mexican contemporary painting\" class=\"wp-image-7455\" srcset=\"https:\/\/wild-palms.com\/es\/wp-content\/uploads\/sites\/3\/2023\/05\/Mauricio_Limon_El_Primero_que_ria_3-scaled.webp 2560w, https:\/\/wild-palms.com\/es\/wp-content\/uploads\/sites\/3\/2023\/05\/Mauricio_Limon_El_Primero_que_ria_3-300x200.webp 300w, https:\/\/wild-palms.com\/es\/wp-content\/uploads\/sites\/3\/2023\/05\/Mauricio_Limon_El_Primero_que_ria_3-1024x683.webp 1024w, https:\/\/wild-palms.com\/es\/wp-content\/uploads\/sites\/3\/2023\/05\/Mauricio_Limon_El_Primero_que_ria_3-768x512.webp 768w, https:\/\/wild-palms.com\/es\/wp-content\/uploads\/sites\/3\/2023\/05\/Mauricio_Limon_El_Primero_que_ria_3-1536x1024.webp 1536w, https:\/\/wild-palms.com\/es\/wp-content\/uploads\/sites\/3\/2023\/05\/Mauricio_Limon_El_Primero_que_ria_3-2048x1365.webp 2048w\" sizes=\"auto, (max-width: 2560px) 100vw, 2560px\" \/><\/a><\/figure>\n\n\n\n<figure class=\"wp-block-image alignwide size-full\"><a href=\"https:\/\/wild-palms.com\/es\/wp-content\/uploads\/sites\/3\/2023\/05\/Mauricio_Limon_El_Primero_que_ria_2-scaled.webp\" data-rel=\"lightbox-image-3\" data-rl_title=\"\" data-rl_caption=\"\" title=\"\"><img loading=\"lazy\" decoding=\"async\" width=\"2560\" height=\"1665\" src=\"https:\/\/wild-palms.com\/es\/wp-content\/uploads\/sites\/3\/2023\/05\/Mauricio_Limon_El_Primero_que_ria_2-scaled.webp\" alt=\"El primero que ria exhibitions view mexican video art \" class=\"wp-image-7454\" srcset=\"https:\/\/wild-palms.com\/es\/wp-content\/uploads\/sites\/3\/2023\/05\/Mauricio_Limon_El_Primero_que_ria_2-scaled.webp 2560w, https:\/\/wild-palms.com\/es\/wp-content\/uploads\/sites\/3\/2023\/05\/Mauricio_Limon_El_Primero_que_ria_2-300x195.webp 300w, https:\/\/wild-palms.com\/es\/wp-content\/uploads\/sites\/3\/2023\/05\/Mauricio_Limon_El_Primero_que_ria_2-1024x666.webp 1024w, https:\/\/wild-palms.com\/es\/wp-content\/uploads\/sites\/3\/2023\/05\/Mauricio_Limon_El_Primero_que_ria_2-768x500.webp 768w, https:\/\/wild-palms.com\/es\/wp-content\/uploads\/sites\/3\/2023\/05\/Mauricio_Limon_El_Primero_que_ria_2-1536x999.webp 1536w, https:\/\/wild-palms.com\/es\/wp-content\/uploads\/sites\/3\/2023\/05\/Mauricio_Limon_El_Primero_que_ria_2-2048x1332.webp 2048w\" sizes=\"auto, (max-width: 2560px) 100vw, 2560px\" \/><\/a><\/figure>\n\n\n\n<figure class=\"wp-block-image alignwide size-full\"><a href=\"https:\/\/wild-palms.com\/es\/wp-content\/uploads\/sites\/3\/2023\/05\/Mauricio_Limon_Politica_Deportiva.webp\" data-rel=\"lightbox-image-4\" data-rl_title=\"\" data-rl_caption=\"\" title=\"\"><img loading=\"lazy\" decoding=\"async\" width=\"1907\" height=\"1064\" src=\"https:\/\/wild-palms.com\/es\/wp-content\/uploads\/sites\/3\/2023\/05\/Mauricio_Limon_Politica_Deportiva.webp\" alt=\"Politica deportiva. video art about politics and football by mexican artist\" class=\"wp-image-7462\" srcset=\"https:\/\/wild-palms.com\/es\/wp-content\/uploads\/sites\/3\/2023\/05\/Mauricio_Limon_Politica_Deportiva.webp 1907w, https:\/\/wild-palms.com\/es\/wp-content\/uploads\/sites\/3\/2023\/05\/Mauricio_Limon_Politica_Deportiva-300x167.webp 300w, https:\/\/wild-palms.com\/es\/wp-content\/uploads\/sites\/3\/2023\/05\/Mauricio_Limon_Politica_Deportiva-1024x571.webp 1024w, https:\/\/wild-palms.com\/es\/wp-content\/uploads\/sites\/3\/2023\/05\/Mauricio_Limon_Politica_Deportiva-768x429.webp 768w, https:\/\/wild-palms.com\/es\/wp-content\/uploads\/sites\/3\/2023\/05\/Mauricio_Limon_Politica_Deportiva-1536x857.webp 1536w\" sizes=\"auto, (max-width: 1907px) 100vw, 1907px\" \/><\/a><figcaption class=\"wp-element-caption\">Politica Deportiva. Video HD 5:03 min. 2014<\/figcaption><\/figure>\n\n\n\n<figure class=\"wp-block-image alignwide size-full\"><a href=\"https:\/\/wild-palms.com\/es\/wp-content\/uploads\/sites\/3\/2023\/05\/Mauricio_Limon_El_Primero_que_ria_8-scaled.webp\" data-rel=\"lightbox-image-5\" data-rl_title=\"\" data-rl_caption=\"\" title=\"\"><img loading=\"lazy\" decoding=\"async\" width=\"2560\" height=\"1707\" src=\"https:\/\/wild-palms.com\/es\/wp-content\/uploads\/sites\/3\/2023\/05\/Mauricio_Limon_El_Primero_que_ria_8-scaled.webp\" alt=\"Exhibition view el primero que ria, photographies, video and paintings \" class=\"wp-image-7460\" srcset=\"https:\/\/wild-palms.com\/es\/wp-content\/uploads\/sites\/3\/2023\/05\/Mauricio_Limon_El_Primero_que_ria_8-scaled.webp 2560w, https:\/\/wild-palms.com\/es\/wp-content\/uploads\/sites\/3\/2023\/05\/Mauricio_Limon_El_Primero_que_ria_8-300x200.webp 300w, https:\/\/wild-palms.com\/es\/wp-content\/uploads\/sites\/3\/2023\/05\/Mauricio_Limon_El_Primero_que_ria_8-1024x683.webp 1024w, https:\/\/wild-palms.com\/es\/wp-content\/uploads\/sites\/3\/2023\/05\/Mauricio_Limon_El_Primero_que_ria_8-768x512.webp 768w, https:\/\/wild-palms.com\/es\/wp-content\/uploads\/sites\/3\/2023\/05\/Mauricio_Limon_El_Primero_que_ria_8-1536x1024.webp 1536w, https:\/\/wild-palms.com\/es\/wp-content\/uploads\/sites\/3\/2023\/05\/Mauricio_Limon_El_Primero_que_ria_8-2048x1365.webp 2048w\" sizes=\"auto, (max-width: 2560px) 100vw, 2560px\" \/><\/a><\/figure>\n\n\n\n<figure class=\"wp-block-image alignwide size-large\"><a href=\"https:\/\/wild-palms.com\/es\/wp-content\/uploads\/sites\/3\/2023\/05\/Mauricio_Limon_El_Primero_que_Ria.webp\" data-rel=\"lightbox-image-6\" data-rl_title=\"\" data-rl_caption=\"\" title=\"\"><img loading=\"lazy\" decoding=\"async\" width=\"1024\" height=\"574\" src=\"https:\/\/wild-palms.com\/es\/wp-content\/uploads\/sites\/3\/2023\/05\/Mauricio_Limon_El_Primero_que_Ria-1024x574.webp\" alt=\"El primero que ria, video by Mauricio Limon Videonale Bonn\" class=\"wp-image-7461\" srcset=\"https:\/\/wild-palms.com\/es\/wp-content\/uploads\/sites\/3\/2023\/05\/Mauricio_Limon_El_Primero_que_Ria-1024x574.webp 1024w, https:\/\/wild-palms.com\/es\/wp-content\/uploads\/sites\/3\/2023\/05\/Mauricio_Limon_El_Primero_que_Ria-300x168.webp 300w, https:\/\/wild-palms.com\/es\/wp-content\/uploads\/sites\/3\/2023\/05\/Mauricio_Limon_El_Primero_que_Ria-768x430.webp 768w, https:\/\/wild-palms.com\/es\/wp-content\/uploads\/sites\/3\/2023\/05\/Mauricio_Limon_El_Primero_que_Ria-1536x861.webp 1536w, https:\/\/wild-palms.com\/es\/wp-content\/uploads\/sites\/3\/2023\/05\/Mauricio_Limon_El_Primero_que_Ria.webp 1906w\" sizes=\"auto, (max-width: 1024px) 100vw, 1024px\" \/><\/a><figcaption class=\"wp-element-caption\">Le premier qui rira, (the first one to laugh) Video HD, 9:02 min. 2013<\/figcaption><\/figure>\n\n\n\n<figure class=\"wp-block-image size-full\"><a href=\"https:\/\/wild-palms.com\/es\/wp-content\/uploads\/sites\/3\/2023\/05\/SHUSTER.webp\" data-rel=\"lightbox-image-7\" data-rl_title=\"\" data-rl_caption=\"\" title=\"\"><img loading=\"lazy\" decoding=\"async\" width=\"1512\" height=\"2276\" src=\"https:\/\/wild-palms.com\/es\/wp-content\/uploads\/sites\/3\/2023\/05\/SHUSTER.webp\" alt=\"Contemporary social mexican photography. Shuster inhabitant from Iztapalapa in Mexico City. Boy on profil, beautiful light\" class=\"wp-image-7463\" srcset=\"https:\/\/wild-palms.com\/es\/wp-content\/uploads\/sites\/3\/2023\/05\/SHUSTER.webp 1512w, https:\/\/wild-palms.com\/es\/wp-content\/uploads\/sites\/3\/2023\/05\/SHUSTER-199x300.webp 199w, https:\/\/wild-palms.com\/es\/wp-content\/uploads\/sites\/3\/2023\/05\/SHUSTER-680x1024.webp 680w, https:\/\/wild-palms.com\/es\/wp-content\/uploads\/sites\/3\/2023\/05\/SHUSTER-768x1156.webp 768w, https:\/\/wild-palms.com\/es\/wp-content\/uploads\/sites\/3\/2023\/05\/SHUSTER-1020x1536.webp 1020w, https:\/\/wild-palms.com\/es\/wp-content\/uploads\/sites\/3\/2023\/05\/SHUSTER-1361x2048.webp 1361w\" sizes=\"auto, (max-width: 1512px) 100vw, 1512px\" \/><\/a><figcaption class=\"wp-element-caption\">Shuster. Digital Print on Aludibond. 140 x 93 cm 2020<\/figcaption><\/figure>\n\n\n\n<figure class=\"wp-block-image alignwide size-full\"><a href=\"https:\/\/wild-palms.com\/es\/wp-content\/uploads\/sites\/3\/2023\/05\/Mauricio_Limon_Promesa_Prohibida.webp\" data-rel=\"lightbox-image-8\" data-rl_title=\"\" data-rl_caption=\"\" title=\"\"><img loading=\"lazy\" decoding=\"async\" width=\"1900\" height=\"1069\" src=\"https:\/\/wild-palms.com\/es\/wp-content\/uploads\/sites\/3\/2023\/05\/Mauricio_Limon_Promesa_Prohibida.webp\" alt=\"Contemporary mexican video art. Promesa prohibida, inhabitants of Iztapalapa Mexico, daughter and father together in a field\" class=\"wp-image-7474\" srcset=\"https:\/\/wild-palms.com\/es\/wp-content\/uploads\/sites\/3\/2023\/05\/Mauricio_Limon_Promesa_Prohibida.webp 1900w, https:\/\/wild-palms.com\/es\/wp-content\/uploads\/sites\/3\/2023\/05\/Mauricio_Limon_Promesa_Prohibida-300x169.webp 300w, https:\/\/wild-palms.com\/es\/wp-content\/uploads\/sites\/3\/2023\/05\/Mauricio_Limon_Promesa_Prohibida-1024x576.webp 1024w, https:\/\/wild-palms.com\/es\/wp-content\/uploads\/sites\/3\/2023\/05\/Mauricio_Limon_Promesa_Prohibida-768x432.webp 768w, https:\/\/wild-palms.com\/es\/wp-content\/uploads\/sites\/3\/2023\/05\/Mauricio_Limon_Promesa_Prohibida-1536x864.webp 1536w\" sizes=\"auto, (max-width: 1900px) 100vw, 1900px\" \/><\/a><figcaption class=\"wp-element-caption\">Promesa Prohibida. Video HD, 19:50 2013<\/figcaption><\/figure>\n\n\n\n<figure class=\"wp-block-image alignwide size-large\"><a href=\"https:\/\/wild-palms.com\/es\/wp-content\/uploads\/sites\/3\/2023\/05\/Mauricio_Limon_Listen_To_Me.webp\" data-rel=\"lightbox-image-9\" data-rl_title=\"\" data-rl_caption=\"\" title=\"\"><img loading=\"lazy\" decoding=\"async\" width=\"1024\" height=\"576\" src=\"https:\/\/wild-palms.com\/es\/wp-content\/uploads\/sites\/3\/2023\/05\/Mauricio_Limon_Listen_To_Me-1024x576.webp\" alt=\"Contemporary mexican video art. Social engagement, holding a bottle of mexcal\" class=\"wp-image-7481\" srcset=\"https:\/\/wild-palms.com\/es\/wp-content\/uploads\/sites\/3\/2023\/05\/Mauricio_Limon_Listen_To_Me-1024x576.webp 1024w, https:\/\/wild-palms.com\/es\/wp-content\/uploads\/sites\/3\/2023\/05\/Mauricio_Limon_Listen_To_Me-300x169.webp 300w, https:\/\/wild-palms.com\/es\/wp-content\/uploads\/sites\/3\/2023\/05\/Mauricio_Limon_Listen_To_Me-768x432.webp 768w, https:\/\/wild-palms.com\/es\/wp-content\/uploads\/sites\/3\/2023\/05\/Mauricio_Limon_Listen_To_Me-1536x864.webp 1536w, https:\/\/wild-palms.com\/es\/wp-content\/uploads\/sites\/3\/2023\/05\/Mauricio_Limon_Listen_To_Me.webp 1910w\" sizes=\"auto, (max-width: 1024px) 100vw, 1024px\" \/><\/a><figcaption class=\"wp-element-caption\">Hey you, Listen To Me. Video HD,  7:58. 2011<\/figcaption><\/figure>\n","protected":false},"excerpt":{"rendered":"<p>Mauricio Lim\u00f3n de Le\u00f3n: El primero que ria. Der Erste der lacht. &#8220;El primero que r\u00eda, der Erste der Lacht&#8221; de Mauricio Lim\u00f3n de Le\u00f3n es una exposici\u00f3n que re\u00fane 12 a\u00f1os de trabajo originado en las interacciones humanas que el artista mexicano ha construido de manera intensa y perdurable con sus antagonistas &#8220;El Flama&#8221;, [&hellip;]<\/p>\n","protected":false},"author":1,"featured_media":0,"parent":0,"menu_order":0,"comment_status":"closed","ping_status":"closed","template":"","meta":{"_coblocks_attr":"","_coblocks_dimensions":"","_coblocks_responsive_height":"","_coblocks_accordion_ie_support":"","hide_page_title":"","footnotes":""},"class_list":["post-5746","page","type-page","status-publish","hentry"],"yoast_head":"<!-- This site is optimized with the Yoast SEO plugin v27.0 - https:\/\/yoast.com\/product\/yoast-seo-wordpress\/ -->\n<title>Mauricio Lim\u00f3n de Le\u00f3n: El primero que ria. - wildpalms ES<\/title>\n<meta name=\"description\" content=\"Mauricio Lim\u00f3n &quot;El primero que r\u00eda&quot; es la segunda exposici\u00f3n individual del artista mexicano Mauricio Lim\u00f3n de Le\u00f3n en wildpalms.\" \/>\n<meta name=\"robots\" content=\"index, follow, max-snippet:-1, max-image-preview:large, max-video-preview:-1\" \/>\n<link rel=\"canonical\" href=\"https:\/\/wild-palms.com\/es\/mauricio_limon_de_leon_el_primero\/\" \/>\n<meta property=\"og:locale\" content=\"es_ES\" \/>\n<meta property=\"og:type\" content=\"article\" \/>\n<meta property=\"og:title\" content=\"Mauricio Lim\u00f3n de Le\u00f3n: El primero que ria. - wildpalms ES\" \/>\n<meta property=\"og:description\" content=\"Mauricio Lim\u00f3n &quot;El primero que r\u00eda&quot; es la segunda exposici\u00f3n individual del artista mexicano Mauricio Lim\u00f3n de Le\u00f3n en wildpalms.\" \/>\n<meta property=\"og:url\" content=\"https:\/\/wild-palms.com\/es\/mauricio_limon_de_leon_el_primero\/\" \/>\n<meta property=\"og:site_name\" content=\"wildpalms ES\" \/>\n<meta property=\"article:modified_time\" content=\"2023-12-11T01:48:26+00:00\" \/>\n<meta property=\"og:image\" content=\"https:\/\/wild-palms.com\/es\/wp-content\/uploads\/sites\/3\/2023\/05\/Mauricio_Limon_Exp.webp\" \/>\n<meta name=\"twitter:card\" content=\"summary_large_image\" \/>\n<meta name=\"twitter:label1\" content=\"Est. reading time\" \/>\n\t<meta name=\"twitter:data1\" content=\"4 minutes\" \/>\n<script type=\"application\/ld+json\" class=\"yoast-schema-graph\">{\"@context\":\"https:\/\/schema.org\",\"@graph\":[{\"@type\":\"WebPage\",\"@id\":\"https:\/\/wild-palms.com\/es\/mauricio_limon_de_leon_el_primero\/\",\"url\":\"https:\/\/wild-palms.com\/es\/mauricio_limon_de_leon_el_primero\/\",\"name\":\"Mauricio Lim\u00f3n de Le\u00f3n: El primero que ria. - wildpalms ES\",\"isPartOf\":{\"@id\":\"https:\/\/wild-palms.com\/es\/#website\"},\"primaryImageOfPage\":{\"@id\":\"https:\/\/wild-palms.com\/es\/mauricio_limon_de_leon_el_primero\/#primaryimage\"},\"image\":{\"@id\":\"https:\/\/wild-palms.com\/es\/mauricio_limon_de_leon_el_primero\/#primaryimage\"},\"thumbnailUrl\":\"https:\/\/wild-palms.com\/es\/wp-content\/uploads\/sites\/3\/2023\/05\/Mauricio_Limon_Exp.webp\",\"datePublished\":\"2023-05-20T14:40:19+00:00\",\"dateModified\":\"2023-12-11T01:48:26+00:00\",\"description\":\"Mauricio Lim\u00f3n \\\"El primero que r\u00eda\\\" es la segunda exposici\u00f3n individual del artista mexicano Mauricio Lim\u00f3n de Le\u00f3n en wildpalms.\",\"breadcrumb\":{\"@id\":\"https:\/\/wild-palms.com\/es\/mauricio_limon_de_leon_el_primero\/#breadcrumb\"},\"inLanguage\":\"es\",\"potentialAction\":[{\"@type\":\"ReadAction\",\"target\":[\"https:\/\/wild-palms.com\/es\/mauricio_limon_de_leon_el_primero\/\"]}]},{\"@type\":\"ImageObject\",\"inLanguage\":\"es\",\"@id\":\"https:\/\/wild-palms.com\/es\/mauricio_limon_de_leon_el_primero\/#primaryimage\",\"url\":\"https:\/\/wild-palms.com\/es\/wp-content\/uploads\/sites\/3\/2023\/05\/Mauricio_Limon_Exp.webp\",\"contentUrl\":\"https:\/\/wild-palms.com\/es\/wp-content\/uploads\/sites\/3\/2023\/05\/Mauricio_Limon_Exp.webp\"},{\"@type\":\"BreadcrumbList\",\"@id\":\"https:\/\/wild-palms.com\/es\/mauricio_limon_de_leon_el_primero\/#breadcrumb\",\"itemListElement\":[{\"@type\":\"ListItem\",\"position\":1,\"name\":\"Home\",\"item\":\"https:\/\/wild-palms.com\/es\/\"},{\"@type\":\"ListItem\",\"position\":2,\"name\":\"Mauricio Lim\u00f3n de Le\u00f3n: El primero que ria.\"}]},{\"@type\":\"WebSite\",\"@id\":\"https:\/\/wild-palms.com\/es\/#website\",\"url\":\"https:\/\/wild-palms.com\/es\/\",\"name\":\"wildpalms ES\",\"description\":\"\",\"publisher\":{\"@id\":\"https:\/\/wild-palms.com\/es\/#organization\"},\"potentialAction\":[{\"@type\":\"SearchAction\",\"target\":{\"@type\":\"EntryPoint\",\"urlTemplate\":\"https:\/\/wild-palms.com\/es\/?s={search_term_string}\"},\"query-input\":{\"@type\":\"PropertyValueSpecification\",\"valueRequired\":true,\"valueName\":\"search_term_string\"}}],\"inLanguage\":\"es\"},{\"@type\":\"Organization\",\"@id\":\"https:\/\/wild-palms.com\/es\/#organization\",\"name\":\"wildpalms ES\",\"url\":\"https:\/\/wild-palms.com\/es\/\",\"logo\":{\"@type\":\"ImageObject\",\"inLanguage\":\"es\",\"@id\":\"https:\/\/wild-palms.com\/es\/#\/schema\/logo\/image\/\",\"url\":\"https:\/\/wild-palms.com\/es\/wp-content\/uploads\/sites\/3\/2023\/03\/cropped-wildpalms_logo_ths.png\",\"contentUrl\":\"https:\/\/wild-palms.com\/es\/wp-content\/uploads\/sites\/3\/2023\/03\/cropped-wildpalms_logo_ths.png\",\"width\":1200,\"height\":197,\"caption\":\"wildpalms ES\"},\"image\":{\"@id\":\"https:\/\/wild-palms.com\/es\/#\/schema\/logo\/image\/\"}}]}<\/script>\n<!-- \/ Yoast SEO plugin. -->","yoast_head_json":{"title":"Mauricio Lim\u00f3n de Le\u00f3n: El primero que ria. - wildpalms ES","description":"Mauricio Lim\u00f3n \"El primero que r\u00eda\" es la segunda exposici\u00f3n individual del artista mexicano Mauricio Lim\u00f3n de Le\u00f3n en wildpalms.","robots":{"index":"index","follow":"follow","max-snippet":"max-snippet:-1","max-image-preview":"max-image-preview:large","max-video-preview":"max-video-preview:-1"},"canonical":"https:\/\/wild-palms.com\/es\/mauricio_limon_de_leon_el_primero\/","og_locale":"es_ES","og_type":"article","og_title":"Mauricio Lim\u00f3n de Le\u00f3n: El primero que ria. - wildpalms ES","og_description":"Mauricio Lim\u00f3n \"El primero que r\u00eda\" es la segunda exposici\u00f3n individual del artista mexicano Mauricio Lim\u00f3n de Le\u00f3n en wildpalms.","og_url":"https:\/\/wild-palms.com\/es\/mauricio_limon_de_leon_el_primero\/","og_site_name":"wildpalms ES","article_modified_time":"2023-12-11T01:48:26+00:00","og_image":[{"url":"https:\/\/wild-palms.com\/es\/wp-content\/uploads\/sites\/3\/2023\/05\/Mauricio_Limon_Exp.webp","type":"","width":"","height":""}],"twitter_card":"summary_large_image","twitter_misc":{"Est. reading time":"4 minutes"},"schema":{"@context":"https:\/\/schema.org","@graph":[{"@type":"WebPage","@id":"https:\/\/wild-palms.com\/es\/mauricio_limon_de_leon_el_primero\/","url":"https:\/\/wild-palms.com\/es\/mauricio_limon_de_leon_el_primero\/","name":"Mauricio Lim\u00f3n de Le\u00f3n: El primero que ria. - wildpalms ES","isPartOf":{"@id":"https:\/\/wild-palms.com\/es\/#website"},"primaryImageOfPage":{"@id":"https:\/\/wild-palms.com\/es\/mauricio_limon_de_leon_el_primero\/#primaryimage"},"image":{"@id":"https:\/\/wild-palms.com\/es\/mauricio_limon_de_leon_el_primero\/#primaryimage"},"thumbnailUrl":"https:\/\/wild-palms.com\/es\/wp-content\/uploads\/sites\/3\/2023\/05\/Mauricio_Limon_Exp.webp","datePublished":"2023-05-20T14:40:19+00:00","dateModified":"2023-12-11T01:48:26+00:00","description":"Mauricio Lim\u00f3n \"El primero que r\u00eda\" es la segunda exposici\u00f3n individual del artista mexicano Mauricio Lim\u00f3n de Le\u00f3n en wildpalms.","breadcrumb":{"@id":"https:\/\/wild-palms.com\/es\/mauricio_limon_de_leon_el_primero\/#breadcrumb"},"inLanguage":"es","potentialAction":[{"@type":"ReadAction","target":["https:\/\/wild-palms.com\/es\/mauricio_limon_de_leon_el_primero\/"]}]},{"@type":"ImageObject","inLanguage":"es","@id":"https:\/\/wild-palms.com\/es\/mauricio_limon_de_leon_el_primero\/#primaryimage","url":"https:\/\/wild-palms.com\/es\/wp-content\/uploads\/sites\/3\/2023\/05\/Mauricio_Limon_Exp.webp","contentUrl":"https:\/\/wild-palms.com\/es\/wp-content\/uploads\/sites\/3\/2023\/05\/Mauricio_Limon_Exp.webp"},{"@type":"BreadcrumbList","@id":"https:\/\/wild-palms.com\/es\/mauricio_limon_de_leon_el_primero\/#breadcrumb","itemListElement":[{"@type":"ListItem","position":1,"name":"Home","item":"https:\/\/wild-palms.com\/es\/"},{"@type":"ListItem","position":2,"name":"Mauricio Lim\u00f3n de Le\u00f3n: El primero que ria."}]},{"@type":"WebSite","@id":"https:\/\/wild-palms.com\/es\/#website","url":"https:\/\/wild-palms.com\/es\/","name":"wildpalms ES","description":"","publisher":{"@id":"https:\/\/wild-palms.com\/es\/#organization"},"potentialAction":[{"@type":"SearchAction","target":{"@type":"EntryPoint","urlTemplate":"https:\/\/wild-palms.com\/es\/?s={search_term_string}"},"query-input":{"@type":"PropertyValueSpecification","valueRequired":true,"valueName":"search_term_string"}}],"inLanguage":"es"},{"@type":"Organization","@id":"https:\/\/wild-palms.com\/es\/#organization","name":"wildpalms ES","url":"https:\/\/wild-palms.com\/es\/","logo":{"@type":"ImageObject","inLanguage":"es","@id":"https:\/\/wild-palms.com\/es\/#\/schema\/logo\/image\/","url":"https:\/\/wild-palms.com\/es\/wp-content\/uploads\/sites\/3\/2023\/03\/cropped-wildpalms_logo_ths.png","contentUrl":"https:\/\/wild-palms.com\/es\/wp-content\/uploads\/sites\/3\/2023\/03\/cropped-wildpalms_logo_ths.png","width":1200,"height":197,"caption":"wildpalms ES"},"image":{"@id":"https:\/\/wild-palms.com\/es\/#\/schema\/logo\/image\/"}}]}},"_links":{"self":[{"href":"https:\/\/wild-palms.com\/es\/wp-json\/wp\/v2\/pages\/5746","targetHints":{"allow":["GET"]}}],"collection":[{"href":"https:\/\/wild-palms.com\/es\/wp-json\/wp\/v2\/pages"}],"about":[{"href":"https:\/\/wild-palms.com\/es\/wp-json\/wp\/v2\/types\/page"}],"author":[{"embeddable":true,"href":"https:\/\/wild-palms.com\/es\/wp-json\/wp\/v2\/users\/1"}],"replies":[{"embeddable":true,"href":"https:\/\/wild-palms.com\/es\/wp-json\/wp\/v2\/comments?post=5746"}],"version-history":[{"count":19,"href":"https:\/\/wild-palms.com\/es\/wp-json\/wp\/v2\/pages\/5746\/revisions"}],"predecessor-version":[{"id":8682,"href":"https:\/\/wild-palms.com\/es\/wp-json\/wp\/v2\/pages\/5746\/revisions\/8682"}],"wp:attachment":[{"href":"https:\/\/wild-palms.com\/es\/wp-json\/wp\/v2\/media?parent=5746"}],"curies":[{"name":"wp","href":"https:\/\/api.w.org\/{rel}","templated":true}]}}