{"id":542,"date":"2016-09-25T18:29:40","date_gmt":"2016-09-25T16:29:40","guid":{"rendered":"http:\/\/wild-palms.com\/es\/?page_id=542"},"modified":"2023-12-11T02:03:48","modified_gmt":"2023-12-11T01:03:48","slug":"alejandro-almanza-pereda","status":"publish","type":"page","link":"https:\/\/wild-palms.com\/es\/alejandro-almanza-pereda\/","title":{"rendered":"Alejandro Almanza Pereda"},"content":{"rendered":"\n<h1 class=\"wp-block-heading has-text-align-center has-small-font-size\">ALEJANDRO ALMANZA PEREDA<\/h1>\n\n\n\n<p><span style=\"font-size: 12px; font-family: arial, helvetica, sans-serif;\"><span class=\"collapseomatic \" id=\"id69e88fddc90f9\"  tabindex=\"0\" title=\"Curriculum Vitae\"    >Curriculum Vitae<\/span><div id=\"target-id69e88fddc90f9\" class=\"collapseomatic_content \"><\/span><\/p>\n<p><span style=\"font-size: 12px; font-family: arial, helvetica, sans-serif;\">Naci\u00f3 en la Ciudad de M\u00e9xico, M\u00e9xico. Vive y trabaja entre Guadalajara y Ciudad de M\u00e9xico.<\/span><\/p>\n<p><span style=\"font-size: 12px; font-family: arial, helvetica, sans-serif;\">Educaci\u00f3n<\/span><\/p>\n<p><span style=\"font-size: 12px; font-family: arial, helvetica, sans-serif;\">2014 Maestr\u00eda en Bellas Artes Hunter College NY<\/span><\/p>\n<p><span style=\"font-size: 12px; font-family: arial, helvetica, sans-serif;\">2005 Licenciatura en Bellas Artes Universidad de Texas en El Paso<\/span><\/p>\n<p><span style=\"font-size: 12px; font-family: arial, helvetica, sans-serif;\">Exposiciones individuales<\/span><\/p>\n<p><span style=\"font-size: 12px; font-family: arial, helvetica, sans-serif;\">2016 Exposici\u00f3n individual en Chert, Berl\u00edn<\/span><\/p>\n<p><span style=\"font-size: 12px; font-family: arial, helvetica, sans-serif;\">2015 Todo menos la cocina se hundi\u00f3, Galer\u00edas Walter y McBean, San Francisco<\/span><br \/><span style=\"font-size: 12px; font-family: arial, helvetica, sans-serif;\">2015 Presentaci\u00f3n individual Zona Maco, Ciudad de M\u00e9xico, comisariada por Jo\u00e3o Mour\u00e3o e Luis Silva, con Churro &amp; Poncho, Jalisco, M\u00e9xico<\/span><\/p>\n<p><span style=\"font-size: 12px; font-family: arial, helvetica, sans-serif;\">2014 La ausencia hace que el coraz\u00f3n se encari\u00f1e, Stanley Rubin Center, El Paso TX<\/span><\/p>\n<p><span style=\"font-size: 12px; font-family: arial, helvetica, sans-serif;\">2013 Las Quince Letras, Museo Experimental El Eco, Ciudad de M\u00e9xico<\/span><br \/><span style=\"font-size: 12px; font-family: arial, helvetica, sans-serif;\">2013 El Diente Dorado del Caballo Regalado, Revolver Lima, Per\u00fa<\/span><br \/><span style=\"font-size: 12px; font-family: arial, helvetica, sans-serif;\">2013 Fruto de una infinidad de circunstancias imposibles de determinar, Gonz\u00e1lez y Gonz\u00e1lez, Santiago de Chile<\/span><\/p>\n<p><span style=\"font-size: 12px; font-family: arial, helvetica, sans-serif;\">2011 Dentro del reino de la posibilidad, Museo de Arte del Colegio de Wooster Wooster Ohio<\/span><br \/><span style=\"font-size: 12px; font-family: arial, helvetica, sans-serif;\">2011 Algo a cambio de nada, Chert, Berl\u00edn<\/span><br \/><span style=\"font-size: 12px; font-family: arial, helvetica, sans-serif;\">2011 Lo hice a mi manera y tom\u00e9 la autopista, Fundaci\u00f3n Magnolia \/ Rove Gallery, Londres<\/span><\/p>\n<p><span style=\"font-size: 12px; font-family: arial, helvetica, sans-serif;\">2010 El equipaje m\u00e1s pesado para el viajero es el vac\u00edo, Galer\u00eda Magnan Metz, Nueva York<\/span><br \/><span style=\"font-size: 12px; font-family: arial, helvetica, sans-serif;\">2010 Arquitecturas Ideacionales, Galer\u00eda Municipal de Los \u00c1ngeles, Los \u00c1ngeles<\/span><\/p>\n<p><span style=\"font-size: 12px; font-family: arial, helvetica, sans-serif;\">2009 Los que viven por la espada, mueren por la espada o por el humo de tercera mano, Chert, Berl\u00edn<\/span><\/p>\n<p><span style=\"font-size: 12px; font-family: arial, helvetica, sans-serif;\">2008 El abanico y la mierda, Magnan Projects, Nueva York NY<\/span><\/p>\n<p><span style=\"font-size: 12px; font-family: arial, helvetica, sans-serif;\">2007 Andamio (marcos temporales), Art in General, Nueva York<\/span><\/p>\n<p><span style=\"font-size: 12px; font-family: arial, helvetica, sans-serif;\">2006 Stand Clear, Magnan Emrich, Nueva York<\/span><\/p>\n<p><span style=\"font-size: 12px; font-family: arial, helvetica, sans-serif;\">2005 Mix Series, Centro de Arte Contempor\u00e1neo de Dallas, Dallas TX<\/span><br \/><span style=\"font-size: 12px; font-family: arial, helvetica, sans-serif;\">2005 Verdevete, Galer\u00eda de Vidrio UTEP, El Paso<\/span><\/p>\n<p><span style=\"font-size: 12px; font-family: arial, helvetica, sans-serif;\">2003 Impermeable, Galer\u00eda Uni\u00f3n, El Paso TX<\/span><\/p>\n<p><span style=\"font-size: 12px; font-family: arial, helvetica, sans-serif;\">Premios y residencias<\/span><\/p>\n<p><br \/><span style=\"font-size: 12px; font-family: arial, helvetica, sans-serif;\">Centro Bemis de Arte Contempor\u00e1neo, Omaha NE, 2011<\/span><br \/><span style=\"font-size: 12px; font-family: arial, helvetica, sans-serif;\">Beca de la Fundaci\u00f3n Harpo, Los \u00c1ngeles<\/span><br \/><span style=\"font-size: 12px; font-family: arial, helvetica, sans-serif;\">Programa de Becas de la Fundaci\u00f3n de Arte Cisneros Fontanals, Miami<\/span><br \/><span style=\"font-size: 12px; font-family: arial, helvetica, sans-serif;\">Fondo Nacional para la Cultura y las Artes (FONCA), Programa J\u00f3venes Creadores, Ciudad de M\u00e9xico 2005 y 2007<\/span><br \/><span style=\"font-size: 12px; font-family: arial, helvetica, sans-serif;\">Premio al Mejor de la Exposici\u00f3n Arlene Mc Kinon, Exposici\u00f3n de Arte Estudiantil con Jurado de la Universidad de Texas en El Paso, 2005, 2003 y 2002<\/span><br \/><span style=\"font-size: 12px; font-family: arial, helvetica, sans-serif;\">Mejor Fotograf\u00eda\/Imagen Digital, Universidad de Texas en El Paso, 2005 Exposici\u00f3n de Arte Estudiantil con Jurado<\/span><br \/><span style=\"font-size: 12px; font-family: arial, helvetica, sans-serif;\">The Skowhegan School of Painting and Sculpture, 2004 Programa de Residencia de Verano Serie Print Project XI, Coronado Studios Residency, Austin 2004<\/span><br \/><span style=\"font-size: 12px; font-family: arial, helvetica, sans-serif;\">Premio al Mejor Logro Estudiantil en Escultura Contempor\u00e1nea 2003, Centro Internacional de Escultura<\/span><br \/><span style=\"font-size: 12px; font-family: arial, helvetica, sans-serif;\">Premio a la Mejor Escultura Universidad de Texas en El Paso, 2003 Exposici\u00f3n de Arte Estudiantil con Jurado<\/span><\/p>\n<p><span style=\"font-size: 12px; font-family: arial, helvetica, sans-serif;\">Colecciones<\/span><\/p>\n<p><span style=\"font-size: 12px; font-family: arial, helvetica, sans-serif;\">Colecci\u00f3n Goetz<\/span><\/p>\n<p><span style=\"font-size: 12px; font-family: arial, helvetica, sans-serif;\">Colecci\u00f3n Kadist<\/span><\/p>\n<p><span style=\"font-size: 12px; font-family: arial, helvetica, sans-serif;\">Museo ASU<\/span><\/p>\n<p><span style=\"font-size: 12px; font-family: arial, helvetica, sans-serif;\">Museo Del Barrio<\/span><\/p>\n<p><span style=\"font-size: 12px; font-family: arial, helvetica, sans-serif;\">Colecci\u00f3n Jumex<\/span><\/p>\n<p><span style=\"font-size: 12px; font-family: arial, helvetica, sans-serif;\">Museo de Arte de Lima<\/span><\/p>\n<p><span style=\"font-size: 12px; font-family: arial, helvetica, sans-serif;\"><\/div><\/span><\/p>\n\n\n\n<h2 class=\"wp-block-heading\" style=\"font-size:20px\">Alejandro Almanza Pereda:selecci\u00f3n de obras <\/h2>\n\n\n\n<figure class=\"wp-block-image\"><img loading=\"lazy\" decoding=\"async\" width=\"3792\" height=\"5056\" src=\"https:\/\/wild-palms.com\/es\/wp-content\/uploads\/sites\/3\/2017\/04\/pimientos_final_final.jpg\" alt=\"Alejandro Almanza Pereda Photography\" class=\"wp-image-1059\" srcset=\"https:\/\/wild-palms.com\/es\/wp-content\/uploads\/sites\/3\/2017\/04\/pimientos_final_final.jpg 3792w, https:\/\/wild-palms.com\/es\/wp-content\/uploads\/sites\/3\/2017\/04\/pimientos_final_final-225x300.jpg 225w, https:\/\/wild-palms.com\/es\/wp-content\/uploads\/sites\/3\/2017\/04\/pimientos_final_final-768x1024.jpg 768w, https:\/\/wild-palms.com\/es\/wp-content\/uploads\/sites\/3\/2017\/04\/pimientos_final_final-750x1000.jpg 750w, https:\/\/wild-palms.com\/es\/wp-content\/uploads\/sites\/3\/2017\/04\/pimientos_final_final-400x533.jpg 400w, https:\/\/wild-palms.com\/es\/wp-content\/uploads\/sites\/3\/2017\/04\/pimientos_final_final-430x573.jpg 430w, https:\/\/wild-palms.com\/es\/wp-content\/uploads\/sites\/3\/2017\/04\/pimientos_final_final-150x200.jpg 150w, https:\/\/wild-palms.com\/es\/wp-content\/uploads\/sites\/3\/2017\/04\/pimientos_final_final-100x133.jpg 100w\" sizes=\"auto, (max-width: 3792px) 100vw, 3792px\" \/><\/figure>\n\n\n<div class=\"wp-block-image\">\n<figure class=\"aligncenter\"><img loading=\"lazy\" decoding=\"async\" width=\"800\" height=\"1120\" src=\"http:\/\/wild-palms.com\/es\/wp-content\/uploads\/sites\/3\/2017\/04\/tazas_manzanas_hr_chert-1.jpg\" alt=\"Alejandro Almanza Pereda\" class=\"wp-image-1058\" srcset=\"https:\/\/wild-palms.com\/es\/wp-content\/uploads\/sites\/3\/2017\/04\/tazas_manzanas_hr_chert-1.jpg 800w, https:\/\/wild-palms.com\/es\/wp-content\/uploads\/sites\/3\/2017\/04\/tazas_manzanas_hr_chert-1-214x300.jpg 214w, https:\/\/wild-palms.com\/es\/wp-content\/uploads\/sites\/3\/2017\/04\/tazas_manzanas_hr_chert-1-768x1075.jpg 768w, https:\/\/wild-palms.com\/es\/wp-content\/uploads\/sites\/3\/2017\/04\/tazas_manzanas_hr_chert-1-731x1024.jpg 731w, https:\/\/wild-palms.com\/es\/wp-content\/uploads\/sites\/3\/2017\/04\/tazas_manzanas_hr_chert-1-750x1050.jpg 750w, https:\/\/wild-palms.com\/es\/wp-content\/uploads\/sites\/3\/2017\/04\/tazas_manzanas_hr_chert-1-400x560.jpg 400w, https:\/\/wild-palms.com\/es\/wp-content\/uploads\/sites\/3\/2017\/04\/tazas_manzanas_hr_chert-1-430x602.jpg 430w, https:\/\/wild-palms.com\/es\/wp-content\/uploads\/sites\/3\/2017\/04\/tazas_manzanas_hr_chert-1-150x210.jpg 150w, https:\/\/wild-palms.com\/es\/wp-content\/uploads\/sites\/3\/2017\/04\/tazas_manzanas_hr_chert-1-100x140.jpg 100w\" sizes=\"auto, (max-width: 800px) 100vw, 800px\" \/><\/figure>\n<\/div>\n\n<div class=\"wp-block-image wp-image-814 size-full\">\n<figure class=\"aligncenter is-resized\"><img loading=\"lazy\" decoding=\"async\" width=\"373\" height=\"560\" src=\"https:\/\/wild-palms.com\/es\/wp-content\/uploads\/sites\/3\/2016\/09\/Screenshot-2016-11-19-16.16.19.png\" alt=\"Ajandro Almanza Pereda\" class=\"wp-image-814\" style=\"width:373px;height:auto\" srcset=\"https:\/\/wild-palms.com\/es\/wp-content\/uploads\/sites\/3\/2016\/09\/Screenshot-2016-11-19-16.16.19.png 373w, https:\/\/wild-palms.com\/es\/wp-content\/uploads\/sites\/3\/2016\/09\/Screenshot-2016-11-19-16.16.19-200x300.png 200w, https:\/\/wild-palms.com\/es\/wp-content\/uploads\/sites\/3\/2016\/09\/Screenshot-2016-11-19-16.16.19-150x225.png 150w, https:\/\/wild-palms.com\/es\/wp-content\/uploads\/sites\/3\/2016\/09\/Screenshot-2016-11-19-16.16.19-100x150.png 100w\" sizes=\"auto, (max-width: 373px) 100vw, 373px\" \/><figcaption class=\"wp-element-caption\">Peso aparente, 2015, 73,5 x 49 cm (29 x 19 pulg.)<\/figcaption><\/figure>\n<\/div>\n\n<div class=\"wp-block-image wp-image-813 size-full\">\n<figure class=\"aligncenter\"><img loading=\"lazy\" decoding=\"async\" width=\"391\" height=\"546\" src=\"https:\/\/wild-palms.com\/es\/wp-content\/uploads\/sites\/3\/2016\/09\/Screenshot-2016-11-19-16.15.22.png\" alt=\"Alejandro Almanza Pereda Fotografie\" class=\"wp-image-813\" srcset=\"https:\/\/wild-palms.com\/es\/wp-content\/uploads\/sites\/3\/2016\/09\/Screenshot-2016-11-19-16.15.22.png 391w, https:\/\/wild-palms.com\/es\/wp-content\/uploads\/sites\/3\/2016\/09\/Screenshot-2016-11-19-16.15.22-215x300.png 215w, https:\/\/wild-palms.com\/es\/wp-content\/uploads\/sites\/3\/2016\/09\/Screenshot-2016-11-19-16.15.22-150x209.png 150w, https:\/\/wild-palms.com\/es\/wp-content\/uploads\/sites\/3\/2016\/09\/Screenshot-2016-11-19-16.15.22-100x140.png 100w\" sizes=\"auto, (max-width: 391px) 100vw, 391px\" \/><figcaption class=\"wp-element-caption\">Guantes, 2015, 31.4 x 22.4 in (80 x 57 cm)<\/figcaption><\/figure>\n<\/div>\n\n<div class=\"wp-block-image size-full wp-image-811\">\n<figure class=\"aligncenter\"><img loading=\"lazy\" decoding=\"async\" width=\"730\" height=\"622\" src=\"http:\/\/wild-palms.com\/es\/wp-content\/uploads\/sites\/3\/2016\/09\/Screenshot-2016-11-19-15.57.18.png\" alt=\"Primary Force Diagram #O-04, 2013, 11.8 x 15.7 in (30 x 40 cm)\" class=\"wp-image-811\" srcset=\"https:\/\/wild-palms.com\/es\/wp-content\/uploads\/sites\/3\/2016\/09\/Screenshot-2016-11-19-15.57.18.png 730w, https:\/\/wild-palms.com\/es\/wp-content\/uploads\/sites\/3\/2016\/09\/Screenshot-2016-11-19-15.57.18-300x256.png 300w, https:\/\/wild-palms.com\/es\/wp-content\/uploads\/sites\/3\/2016\/09\/Screenshot-2016-11-19-15.57.18-400x341.png 400w, https:\/\/wild-palms.com\/es\/wp-content\/uploads\/sites\/3\/2016\/09\/Screenshot-2016-11-19-15.57.18-430x366.png 430w, https:\/\/wild-palms.com\/es\/wp-content\/uploads\/sites\/3\/2016\/09\/Screenshot-2016-11-19-15.57.18-150x128.png 150w, https:\/\/wild-palms.com\/es\/wp-content\/uploads\/sites\/3\/2016\/09\/Screenshot-2016-11-19-15.57.18-100x85.png 100w\" sizes=\"auto, (max-width: 730px) 100vw, 730px\" \/><figcaption class=\"wp-element-caption\">Primary Force Diagram #O-04, 2013, 11.8 x 15.7 in (30 x 40 cm)<\/figcaption><\/figure>\n<\/div>\n\n<div class=\"wp-block-image size-full wp-image-812\">\n<figure class=\"aligncenter\"><img loading=\"lazy\" decoding=\"async\" width=\"729\" height=\"532\" src=\"http:\/\/wild-palms.com\/es\/wp-content\/uploads\/sites\/3\/2016\/09\/Screenshot-2016-11-19-15.58.31.png\" alt=\"Primary Force Diagram #O-11, 2014\" class=\"wp-image-812\" srcset=\"https:\/\/wild-palms.com\/es\/wp-content\/uploads\/sites\/3\/2016\/09\/Screenshot-2016-11-19-15.58.31.png 729w, https:\/\/wild-palms.com\/es\/wp-content\/uploads\/sites\/3\/2016\/09\/Screenshot-2016-11-19-15.58.31-300x219.png 300w, https:\/\/wild-palms.com\/es\/wp-content\/uploads\/sites\/3\/2016\/09\/Screenshot-2016-11-19-15.58.31-400x292.png 400w, https:\/\/wild-palms.com\/es\/wp-content\/uploads\/sites\/3\/2016\/09\/Screenshot-2016-11-19-15.58.31-430x314.png 430w, https:\/\/wild-palms.com\/es\/wp-content\/uploads\/sites\/3\/2016\/09\/Screenshot-2016-11-19-15.58.31-150x109.png 150w, https:\/\/wild-palms.com\/es\/wp-content\/uploads\/sites\/3\/2016\/09\/Screenshot-2016-11-19-15.58.31-100x73.png 100w\" sizes=\"auto, (max-width: 729px) 100vw, 729px\" \/><figcaption class=\"wp-element-caption\">Primary Force Diagram #O-11, 2014<\/figcaption><\/figure>\n<\/div>\n\n<div class=\"wp-block-image\">\n<figure class=\"aligncenter\"><img loading=\"lazy\" decoding=\"async\" width=\"800\" height=\"533\" src=\"http:\/\/wild-palms.com\/es\/wp-content\/uploads\/sites\/3\/2017\/04\/photo2.jpg\" alt=\"photo2\" class=\"wp-image-1057\" srcset=\"https:\/\/wild-palms.com\/es\/wp-content\/uploads\/sites\/3\/2017\/04\/photo2.jpg 800w, https:\/\/wild-palms.com\/es\/wp-content\/uploads\/sites\/3\/2017\/04\/photo2-300x200.jpg 300w, https:\/\/wild-palms.com\/es\/wp-content\/uploads\/sites\/3\/2017\/04\/photo2-768x512.jpg 768w, https:\/\/wild-palms.com\/es\/wp-content\/uploads\/sites\/3\/2017\/04\/photo2-750x500.jpg 750w, https:\/\/wild-palms.com\/es\/wp-content\/uploads\/sites\/3\/2017\/04\/photo2-400x267.jpg 400w, https:\/\/wild-palms.com\/es\/wp-content\/uploads\/sites\/3\/2017\/04\/photo2-430x286.jpg 430w, https:\/\/wild-palms.com\/es\/wp-content\/uploads\/sites\/3\/2017\/04\/photo2-150x100.jpg 150w, https:\/\/wild-palms.com\/es\/wp-content\/uploads\/sites\/3\/2017\/04\/photo2-100x67.jpg 100w\" sizes=\"auto, (max-width: 800px) 100vw, 800px\" \/><\/figure>\n<\/div>","protected":false},"excerpt":{"rendered":"<p>ALEJANDRO ALMANZA PEREDA Alejandro Almanza Pereda:selecci\u00f3n de obras<\/p>\n","protected":false},"author":1,"featured_media":0,"parent":0,"menu_order":0,"comment_status":"closed","ping_status":"closed","template":"","meta":{"_coblocks_attr":"","_coblocks_dimensions":"","_coblocks_responsive_height":"","_coblocks_accordion_ie_support":"","hide_page_title":"","footnotes":""},"class_list":["post-542","page","type-page","status-publish","hentry"],"yoast_head":"<!-- This site is optimized with the Yoast SEO plugin v27.0 - https:\/\/yoast.com\/product\/yoast-seo-wordpress\/ -->\n<title>ALEJANDRO ALMANZA PEREDA | wildpalms<\/title>\n<meta name=\"description\" content=\"Alejandro Almanza Pereda. Artista mexicano, trabaja en M\u00e9xico y Guadalajara. Parte de la Villa &amp; La Rubia te Besa\" \/>\n<meta name=\"robots\" content=\"index, follow, max-snippet:-1, max-image-preview:large, max-video-preview:-1\" \/>\n<link rel=\"canonical\" href=\"https:\/\/wild-palms.com\/es\/alejandro-almanza-pereda\/\" \/>\n<meta property=\"og:locale\" content=\"es_ES\" \/>\n<meta property=\"og:type\" content=\"article\" \/>\n<meta property=\"og:title\" content=\"ALEJANDRO ALMANZA PEREDA | wildpalms\" \/>\n<meta property=\"og:description\" content=\"Alejandro Almanza Pereda. Artista mexicano, trabaja en M\u00e9xico y Guadalajara. Parte de la Villa &amp; La Rubia te Besa\" \/>\n<meta property=\"og:url\" content=\"https:\/\/wild-palms.com\/es\/alejandro-almanza-pereda\/\" \/>\n<meta property=\"og:site_name\" content=\"wildpalms ES\" \/>\n<meta property=\"article:modified_time\" content=\"2023-12-11T01:03:48+00:00\" \/>\n<meta property=\"og:image\" content=\"https:\/\/wild-palms.com\/es\/wp-content\/uploads\/sites\/3\/2017\/04\/pimientos_final_final.jpg\" \/>\n<meta name=\"twitter:card\" content=\"summary_large_image\" \/>\n<meta name=\"twitter:label1\" content=\"Est. reading time\" \/>\n\t<meta name=\"twitter:data1\" content=\"4 minutes\" \/>\n<script type=\"application\/ld+json\" class=\"yoast-schema-graph\">{\"@context\":\"https:\/\/schema.org\",\"@graph\":[{\"@type\":\"WebPage\",\"@id\":\"https:\/\/wild-palms.com\/es\/alejandro-almanza-pereda\/\",\"url\":\"https:\/\/wild-palms.com\/es\/alejandro-almanza-pereda\/\",\"name\":\"ALEJANDRO ALMANZA PEREDA | wildpalms\",\"isPartOf\":{\"@id\":\"https:\/\/wild-palms.com\/es\/#website\"},\"primaryImageOfPage\":{\"@id\":\"https:\/\/wild-palms.com\/es\/alejandro-almanza-pereda\/#primaryimage\"},\"image\":{\"@id\":\"https:\/\/wild-palms.com\/es\/alejandro-almanza-pereda\/#primaryimage\"},\"thumbnailUrl\":\"https:\/\/wild-palms.com\/es\/wp-content\/uploads\/sites\/3\/2017\/04\/pimientos_final_final.jpg\",\"datePublished\":\"2016-09-25T16:29:40+00:00\",\"dateModified\":\"2023-12-11T01:03:48+00:00\",\"description\":\"Alejandro Almanza Pereda. Artista mexicano, trabaja en M\u00e9xico y Guadalajara. Parte de la Villa & La Rubia te Besa\",\"breadcrumb\":{\"@id\":\"https:\/\/wild-palms.com\/es\/alejandro-almanza-pereda\/#breadcrumb\"},\"inLanguage\":\"es\",\"potentialAction\":[{\"@type\":\"ReadAction\",\"target\":[\"https:\/\/wild-palms.com\/es\/alejandro-almanza-pereda\/\"]}]},{\"@type\":\"ImageObject\",\"inLanguage\":\"es\",\"@id\":\"https:\/\/wild-palms.com\/es\/alejandro-almanza-pereda\/#primaryimage\",\"url\":\"https:\/\/wild-palms.com\/es\/wp-content\/uploads\/sites\/3\/2017\/04\/pimientos_final_final.jpg\",\"contentUrl\":\"https:\/\/wild-palms.com\/es\/wp-content\/uploads\/sites\/3\/2017\/04\/pimientos_final_final.jpg\",\"width\":3792,\"height\":5056},{\"@type\":\"BreadcrumbList\",\"@id\":\"https:\/\/wild-palms.com\/es\/alejandro-almanza-pereda\/#breadcrumb\",\"itemListElement\":[{\"@type\":\"ListItem\",\"position\":1,\"name\":\"Home\",\"item\":\"https:\/\/wild-palms.com\/es\/\"},{\"@type\":\"ListItem\",\"position\":2,\"name\":\"Alejandro Almanza Pereda\"}]},{\"@type\":\"WebSite\",\"@id\":\"https:\/\/wild-palms.com\/es\/#website\",\"url\":\"https:\/\/wild-palms.com\/es\/\",\"name\":\"wildpalms ES\",\"description\":\"\",\"publisher\":{\"@id\":\"https:\/\/wild-palms.com\/es\/#organization\"},\"potentialAction\":[{\"@type\":\"SearchAction\",\"target\":{\"@type\":\"EntryPoint\",\"urlTemplate\":\"https:\/\/wild-palms.com\/es\/?s={search_term_string}\"},\"query-input\":{\"@type\":\"PropertyValueSpecification\",\"valueRequired\":true,\"valueName\":\"search_term_string\"}}],\"inLanguage\":\"es\"},{\"@type\":\"Organization\",\"@id\":\"https:\/\/wild-palms.com\/es\/#organization\",\"name\":\"wildpalms ES\",\"url\":\"https:\/\/wild-palms.com\/es\/\",\"logo\":{\"@type\":\"ImageObject\",\"inLanguage\":\"es\",\"@id\":\"https:\/\/wild-palms.com\/es\/#\/schema\/logo\/image\/\",\"url\":\"https:\/\/wild-palms.com\/es\/wp-content\/uploads\/sites\/3\/2023\/03\/cropped-wildpalms_logo_ths.png\",\"contentUrl\":\"https:\/\/wild-palms.com\/es\/wp-content\/uploads\/sites\/3\/2023\/03\/cropped-wildpalms_logo_ths.png\",\"width\":1200,\"height\":197,\"caption\":\"wildpalms ES\"},\"image\":{\"@id\":\"https:\/\/wild-palms.com\/es\/#\/schema\/logo\/image\/\"}}]}<\/script>\n<!-- \/ Yoast SEO plugin. -->","yoast_head_json":{"title":"ALEJANDRO ALMANZA PEREDA | wildpalms","description":"Alejandro Almanza Pereda. Artista mexicano, trabaja en M\u00e9xico y Guadalajara. Parte de la Villa & La Rubia te Besa","robots":{"index":"index","follow":"follow","max-snippet":"max-snippet:-1","max-image-preview":"max-image-preview:large","max-video-preview":"max-video-preview:-1"},"canonical":"https:\/\/wild-palms.com\/es\/alejandro-almanza-pereda\/","og_locale":"es_ES","og_type":"article","og_title":"ALEJANDRO ALMANZA PEREDA | wildpalms","og_description":"Alejandro Almanza Pereda. Artista mexicano, trabaja en M\u00e9xico y Guadalajara. Parte de la Villa & La Rubia te Besa","og_url":"https:\/\/wild-palms.com\/es\/alejandro-almanza-pereda\/","og_site_name":"wildpalms ES","article_modified_time":"2023-12-11T01:03:48+00:00","og_image":[{"url":"https:\/\/wild-palms.com\/es\/wp-content\/uploads\/sites\/3\/2017\/04\/pimientos_final_final.jpg","type":"","width":"","height":""}],"twitter_card":"summary_large_image","twitter_misc":{"Est. reading time":"4 minutes"},"schema":{"@context":"https:\/\/schema.org","@graph":[{"@type":"WebPage","@id":"https:\/\/wild-palms.com\/es\/alejandro-almanza-pereda\/","url":"https:\/\/wild-palms.com\/es\/alejandro-almanza-pereda\/","name":"ALEJANDRO ALMANZA PEREDA | wildpalms","isPartOf":{"@id":"https:\/\/wild-palms.com\/es\/#website"},"primaryImageOfPage":{"@id":"https:\/\/wild-palms.com\/es\/alejandro-almanza-pereda\/#primaryimage"},"image":{"@id":"https:\/\/wild-palms.com\/es\/alejandro-almanza-pereda\/#primaryimage"},"thumbnailUrl":"https:\/\/wild-palms.com\/es\/wp-content\/uploads\/sites\/3\/2017\/04\/pimientos_final_final.jpg","datePublished":"2016-09-25T16:29:40+00:00","dateModified":"2023-12-11T01:03:48+00:00","description":"Alejandro Almanza Pereda. Artista mexicano, trabaja en M\u00e9xico y Guadalajara. Parte de la Villa & La Rubia te Besa","breadcrumb":{"@id":"https:\/\/wild-palms.com\/es\/alejandro-almanza-pereda\/#breadcrumb"},"inLanguage":"es","potentialAction":[{"@type":"ReadAction","target":["https:\/\/wild-palms.com\/es\/alejandro-almanza-pereda\/"]}]},{"@type":"ImageObject","inLanguage":"es","@id":"https:\/\/wild-palms.com\/es\/alejandro-almanza-pereda\/#primaryimage","url":"https:\/\/wild-palms.com\/es\/wp-content\/uploads\/sites\/3\/2017\/04\/pimientos_final_final.jpg","contentUrl":"https:\/\/wild-palms.com\/es\/wp-content\/uploads\/sites\/3\/2017\/04\/pimientos_final_final.jpg","width":3792,"height":5056},{"@type":"BreadcrumbList","@id":"https:\/\/wild-palms.com\/es\/alejandro-almanza-pereda\/#breadcrumb","itemListElement":[{"@type":"ListItem","position":1,"name":"Home","item":"https:\/\/wild-palms.com\/es\/"},{"@type":"ListItem","position":2,"name":"Alejandro Almanza Pereda"}]},{"@type":"WebSite","@id":"https:\/\/wild-palms.com\/es\/#website","url":"https:\/\/wild-palms.com\/es\/","name":"wildpalms ES","description":"","publisher":{"@id":"https:\/\/wild-palms.com\/es\/#organization"},"potentialAction":[{"@type":"SearchAction","target":{"@type":"EntryPoint","urlTemplate":"https:\/\/wild-palms.com\/es\/?s={search_term_string}"},"query-input":{"@type":"PropertyValueSpecification","valueRequired":true,"valueName":"search_term_string"}}],"inLanguage":"es"},{"@type":"Organization","@id":"https:\/\/wild-palms.com\/es\/#organization","name":"wildpalms ES","url":"https:\/\/wild-palms.com\/es\/","logo":{"@type":"ImageObject","inLanguage":"es","@id":"https:\/\/wild-palms.com\/es\/#\/schema\/logo\/image\/","url":"https:\/\/wild-palms.com\/es\/wp-content\/uploads\/sites\/3\/2023\/03\/cropped-wildpalms_logo_ths.png","contentUrl":"https:\/\/wild-palms.com\/es\/wp-content\/uploads\/sites\/3\/2023\/03\/cropped-wildpalms_logo_ths.png","width":1200,"height":197,"caption":"wildpalms ES"},"image":{"@id":"https:\/\/wild-palms.com\/es\/#\/schema\/logo\/image\/"}}]}},"_links":{"self":[{"href":"https:\/\/wild-palms.com\/es\/wp-json\/wp\/v2\/pages\/542","targetHints":{"allow":["GET"]}}],"collection":[{"href":"https:\/\/wild-palms.com\/es\/wp-json\/wp\/v2\/pages"}],"about":[{"href":"https:\/\/wild-palms.com\/es\/wp-json\/wp\/v2\/types\/page"}],"author":[{"embeddable":true,"href":"https:\/\/wild-palms.com\/es\/wp-json\/wp\/v2\/users\/1"}],"replies":[{"embeddable":true,"href":"https:\/\/wild-palms.com\/es\/wp-json\/wp\/v2\/comments?post=542"}],"version-history":[{"count":3,"href":"https:\/\/wild-palms.com\/es\/wp-json\/wp\/v2\/pages\/542\/revisions"}],"predecessor-version":[{"id":8659,"href":"https:\/\/wild-palms.com\/es\/wp-json\/wp\/v2\/pages\/542\/revisions\/8659"}],"wp:attachment":[{"href":"https:\/\/wild-palms.com\/es\/wp-json\/wp\/v2\/media?parent=542"}],"curies":[{"name":"wp","href":"https:\/\/api.w.org\/{rel}","templated":true}]}}