{"id":536,"date":"2016-09-25T16:56:55","date_gmt":"2016-09-25T14:56:55","guid":{"rendered":"http:\/\/wild-palms.com\/es\/?page_id=536"},"modified":"2023-12-11T01:43:29","modified_gmt":"2023-12-11T00:43:29","slug":"jose-elguezabal","status":"publish","type":"page","link":"https:\/\/wild-palms.com\/es\/jose-elguezabal\/","title":{"rendered":"Jos\u00e9 Elguezabal"},"content":{"rendered":"\n<h1 class=\"wp-block-heading has-text-align-center\" style=\"font-size:25px\">Jos\u00e9 Elguezabal<\/h1>\n\n\n\n<p style=\"font-size:13px\">Su m\u00e1s reciente participaci\u00f3n. Sunshine Talk, en<a href=\"https:\/\/www.nrw-kultur.de\/programme\/archiv\/2022\/interkultur-und-diversitaet\/projekte\/hortus-americanus\"> Hortus Americanus.<\/a> Conversaciones sobre arte latinoamericano en Alemania, creadas y dirigidas por <a href=\"https:\/\/wild-palms.com\/es\/art-of-the-americas\/\">Jorge Sanguino<\/a>.<\/p>\n\n\n\n<p><span style=\"font-family: arial, helvetica, sans-serif; font-size: 12px;\"><span class=\"collapseomatic \" id=\"id69d76610a4db5\"  tabindex=\"0\" title=\"Curriculum Vitae\"    >Curriculum Vitae<\/span><div id=\"target-id69d76610a4db5\" class=\"collapseomatic_content \"><\/span><\/p>\n<p><span style=\"font-family: arial, helvetica, sans-serif; font-size: 12px;\">1977, Ciudad de M\u00e9xico, M\u00e9xico<\/span><\/p>\n<p><span style=\"font-family: arial, helvetica, sans-serif; font-size: 12px;\">Educaci\u00f3n<\/span><\/p>\n<p><span style=\"font-family: arial, helvetica, sans-serif; font-size: 12px;\">2004-2005 Maestr\u00eda en Composici\u00f3n &#8220;Conservatori Liceu Barcelona&#8221; Barcelona, Espa\u00f1a<\/span><br \/><span style=\"font-family: arial, helvetica, sans-serif; font-size: 12px;\">1999-2004 Licenciatura &#8220;Longy School of Music of Bard College&#8221; Boston, MA US<\/span><br \/><span style=\"font-family: arial, helvetica, sans-serif; font-size: 12px;\">1998-1999 &#8220;Berklee College of Music&#8221; Boston, MA EE.UU.<\/span><br \/><span style=\"font-family: arial, helvetica, sans-serif; font-size: 12px;\">1995-1998 &#8220;Conservatorio Nacional&#8221; Ciudad de M\u00e9xico, M\u00e9xico<\/span><\/p>\n<p><span style=\"font-family: arial, helvetica, sans-serif; font-size: 12px;\">Pianista (Selecci\u00f3n)<\/span><\/p>\n<p><span style=\"font-family: arial, helvetica, sans-serif; font-size: 12px;\">Orquesta Juvenil R.I.A.S. (Radio en el Sector Americano) Berl\u00edn, Alemania<\/span><br \/><span style=\"font-family: arial, helvetica, sans-serif; font-size: 12px;\">Ensamble Zwischent\u00f6ne Berl\u00edn<\/span><br \/><span style=\"font-family: arial, helvetica, sans-serif; font-size: 12px;\">No tengo nada que decir y lo digo, Demostraciones Sabatinas de Nueva M\u00fasica<\/span><br \/><span style=\"font-family: arial, helvetica, sans-serif; font-size: 12px;\">Musikprotokoll, Oto\u00f1o de Estiria, Graz, Austria<\/span><br \/><span style=\"font-family: arial, helvetica, sans-serif; font-size: 12px;\">Klangwerkstatt, Bethanien Kunsthalle, Berl\u00edn<\/span><br \/><span style=\"font-family: arial, helvetica, sans-serif; font-size: 12px;\">Guerra de Lenguas Musikfest Berlin, Berl\u00edn<\/span><br \/><span style=\"font-family: arial, helvetica, sans-serif; font-size: 12px;\">20 a\u00f1os del conjunto Zwischentoene, Ballhaus Naunynstr., Berl\u00edn<\/span><br \/><span style=\"font-family: arial, helvetica, sans-serif; font-size: 12px;\">Una audiencia con el p\u00fablico, Berliner Konzerthaus, Colecci\u00f3n Hoffmann, Berl\u00edn<\/span><br \/><span style=\"font-family: arial, helvetica, sans-serif; font-size: 12px;\">Chris Newman &#8211; Parcela de concierto, Chris Newman &amp; Ensemble Zwischent\u00f6ne Kunsthalle Bethanien (Berl\u00edn),<\/span><\/p>\n<p><span style=\"font-family: arial, helvetica, sans-serif; font-size: 12px;\">Composici\u00f3n, arreglos y orquestaci\u00f3n<\/span><\/p>\n<p><span style=\"font-family: arial, helvetica, sans-serif; font-size: 12px;\">En colaboraci\u00f3n (selecci\u00f3n)<\/span><\/p>\n<p><span style=\"font-family: arial, helvetica, sans-serif; font-size: 12px;\">Donaueschinger Musiktage SWR, Donaueschingen, Alemania<\/span><br \/><span style=\"font-family: arial, helvetica, sans-serif; font-size: 12px;\">Interpretaci\u00f3n orquestal &#8220;WUT&#8221; (Elfriede Jelinek) con Jes\u00fas de Nazaret de Richard<\/span><br \/><span style=\"font-family: arial, helvetica, sans-serif; font-size: 12px;\">Wagner, Teatro de Dresde, Frauenkirche, Dresde, Alemania<\/span><br \/><span style=\"font-family: arial, helvetica, sans-serif; font-size: 12px;\">Dise\u00f1o global (t\u00edtulo provisional), Kampnagel Containerschiffs, Hamburgo, Alemania<\/span><br \/><span style=\"font-family: arial, helvetica, sans-serif; font-size: 12px;\">Joven Orquesta Sinf\u00f3nica de Hamburgo<\/span><br \/><span style=\"font-family: arial, helvetica, sans-serif; font-size: 12px;\">Expansi\u00f3n Horizontal, Tempor\u00e4re Kunsthalle, Sophiens\u00e4ale, Berl\u00edn Alemania<\/span><br \/><span style=\"font-family: arial, helvetica, sans-serif; font-size: 12px;\">Lulu oder Wozu braucht die Bourgeoisie die Verzweiflung, Volksbuehne am Rosa Luxemburg-Platz Berl\u00edn<\/span><br \/><span style=\"font-family: arial, helvetica, sans-serif; font-size: 12px;\">Orquesta Sinf\u00f3nica de Berl\u00edn, Berl\u00edn Alemania<\/span><br \/><span style=\"font-family: arial, helvetica, sans-serif; font-size: 12px;\">Todo a la vez y al mismo tiempo. Un estudio de viabilidad, Escenas musicales sobre la negaci\u00f3n del trabajo (performance), Alice Creischer, Christian von Borries y Andreas Siekmann, Documenta 12 Kassel. Alemania<\/span><br \/><span style=\"font-family: arial, helvetica, sans-serif; font-size: 12px;\">Joven Orquesta Sinf\u00f3nica Estatal de Hesse<\/span><br \/><span style=\"font-family: arial, helvetica, sans-serif; font-size: 12px;\">Tannh\u00e4user en la Corte Alemana \/ Kabul<\/span><br \/><span style=\"font-family: arial, helvetica, sans-serif; font-size: 12px;\">El Wartburg, Turingia Alemania<\/span><br \/><span style=\"font-family: arial, helvetica, sans-serif; font-size: 12px;\">Orquesta Estatal de Weimar<\/span><br \/><span style=\"font-family: arial, helvetica, sans-serif; font-size: 12px;\">el plan: soundalikes INTERCULTURA<\/span><br \/><span style=\"font-family: arial, helvetica, sans-serif; font-size: 12px;\">Festival Maerzmusik de Berl\u00edn<\/span><br \/><span style=\"font-family: arial, helvetica, sans-serif; font-size: 12px;\">Orquesta Estatal de Brandemburgo Frankfurt (Oder) Alemania<\/span><br \/><span style=\"font-family: arial, helvetica, sans-serif; font-size: 12px;\">Tankstellen bilden im Saitengewirr para piano y percusi\u00f3n<\/span><br \/><span style=\"font-family: arial, helvetica, sans-serif; font-size: 12px;\">In memoriam Tom Cora para Violonchelo solo con Sven Ake Johansson<\/span><\/p>\n<p><span style=\"font-family: arial, helvetica, sans-serif; font-size: 12px;\">Composici\u00f3n (selecciones)<\/span><\/p>\n<p><span style=\"font-family: arial, helvetica, sans-serif; font-size: 12px;\">Videoinstalaci\u00f3n Devotionalia, Casa del Lago UNAM Ciudad de M\u00e9xico, M\u00e9xico<\/span><br \/><span style=\"font-family: arial, helvetica, sans-serif; font-size: 12px;\">Islas de Pushkin, Galer\u00eda de comercio, Ciudad de M\u00e9xico, M\u00e9xico<\/span><br \/><span style=\"font-family: arial, helvetica, sans-serif; font-size: 12px;\">Das Dort im Hier, Einsam in Tr\u00fcben Tagen, con el apoyo de I.N.M. (Initiative Neue Musik Berlin) la embajada de M\u00e9xico en Berl\u00edn, Ensemble Zwischent\u00f6ne<\/span><br \/><span style=\"font-family: arial, helvetica, sans-serif; font-size: 12px;\">Sala de M\u00fasica de C\u00e1mara Komitas, Erev\u00e1n, Armenia, (Festival de M\u00fasica de Erev\u00e1n) con Tigran Mansurjan<\/span><br \/><span style=\"font-family: arial, helvetica, sans-serif; font-size: 12px;\">Semanas Musicales de Sof\u00eda, Sof\u00eda, Bulgaria<\/span><br \/><span style=\"font-family: arial, helvetica, sans-serif; font-size: 12px;\">Konzerthaus de Berl\u00edn, Berl\u00edn, Alemania<\/span><br \/><span style=\"font-family: arial, helvetica, sans-serif; font-size: 12px;\">Aula del Liceo de Barcelona, Barcelona, Espa\u00f1a<\/span><br \/><span style=\"font-family: arial, helvetica, sans-serif; font-size: 12px;\">BKA Unheard Music, Berl\u00edn, Alemania<\/span><br \/><span style=\"font-family: arial, helvetica, sans-serif; font-size: 12px;\">Aqu\u00ed no pasa nada, Centro de Cultura Digital, Ciudad de M\u00e9xico<\/span><br \/><span style=\"font-family: arial, helvetica, sans-serif; font-size: 12px;\">Oh Charlotte, Fundaci\u00f3n Palacios Prusianos (videoinstalaci\u00f3n), Potsdam, Alemania<\/span><br \/><span style=\"font-family: arial, helvetica, sans-serif; font-size: 12px;\">Such Confrontations, Universidad de District Columbia EE.UU. (marzo de 2016)<\/span><\/p>\n<\/div>\n<p>\u00a0<\/p>\n\n\n\n<p class=\"has-text-align-center\">selecci\u00f3n de obras<\/p>\n\n\n\n<p class=\"has-text-align-center\">para m\u00e1s informaci\u00f3n, contacta con<\/p>\n\n\n\n<p class=\"has-text-align-center\"><a href=\"mailto:info@wild-palms.com\" target=\"_blank\" rel=\"noreferrer noopener\">info@wild-palms.com<\/a><\/p>\n\n\n<div class=\"wp-block-image\">\n<figure class=\"aligncenter\"><img loading=\"lazy\" decoding=\"async\" width=\"2448\" height=\"3264\" src=\"http:\/\/wild-palms.com\/es\/wp-content\/uploads\/sites\/3\/2016\/09\/IMG_4364-e1493836435653.jpg\" alt=\"Jos\u00e9 Elguezabal comisario Jorge Sanguino\" class=\"wp-image-1166\" srcset=\"https:\/\/wild-palms.com\/es\/wp-content\/uploads\/sites\/3\/2016\/09\/IMG_4364-e1493836435653.jpg 2448w, https:\/\/wild-palms.com\/es\/wp-content\/uploads\/sites\/3\/2016\/09\/IMG_4364-e1493836435653-225x300.jpg 225w, https:\/\/wild-palms.com\/es\/wp-content\/uploads\/sites\/3\/2016\/09\/IMG_4364-e1493836435653-768x1024.jpg 768w, https:\/\/wild-palms.com\/es\/wp-content\/uploads\/sites\/3\/2016\/09\/IMG_4364-e1493836435653-750x1000.jpg 750w, https:\/\/wild-palms.com\/es\/wp-content\/uploads\/sites\/3\/2016\/09\/IMG_4364-e1493836435653-400x533.jpg 400w, https:\/\/wild-palms.com\/es\/wp-content\/uploads\/sites\/3\/2016\/09\/IMG_4364-e1493836435653-430x573.jpg 430w, https:\/\/wild-palms.com\/es\/wp-content\/uploads\/sites\/3\/2016\/09\/IMG_4364-e1493836435653-150x200.jpg 150w, https:\/\/wild-palms.com\/es\/wp-content\/uploads\/sites\/3\/2016\/09\/IMG_4364-e1493836435653-100x133.jpg 100w\" sizes=\"auto, (max-width: 2448px) 100vw, 2448px\" \/><\/figure>\n<\/div>\n\n<div class=\"wp-block-image\">\n<figure class=\"aligncenter\"><img loading=\"lazy\" decoding=\"async\" width=\"960\" height=\"640\" src=\"http:\/\/wild-palms.com\/es\/wp-content\/uploads\/sites\/3\/2016\/09\/946143_1158197320904149_5279758758311538848_n.jpg\" alt=\"Jose Elguezabal y la Rubia te Besa\" class=\"wp-image-1167\" srcset=\"https:\/\/wild-palms.com\/es\/wp-content\/uploads\/sites\/3\/2016\/09\/946143_1158197320904149_5279758758311538848_n.jpg 960w, https:\/\/wild-palms.com\/es\/wp-content\/uploads\/sites\/3\/2016\/09\/946143_1158197320904149_5279758758311538848_n-300x200.jpg 300w, https:\/\/wild-palms.com\/es\/wp-content\/uploads\/sites\/3\/2016\/09\/946143_1158197320904149_5279758758311538848_n-768x512.jpg 768w, https:\/\/wild-palms.com\/es\/wp-content\/uploads\/sites\/3\/2016\/09\/946143_1158197320904149_5279758758311538848_n-750x500.jpg 750w, https:\/\/wild-palms.com\/es\/wp-content\/uploads\/sites\/3\/2016\/09\/946143_1158197320904149_5279758758311538848_n-400x267.jpg 400w, https:\/\/wild-palms.com\/es\/wp-content\/uploads\/sites\/3\/2016\/09\/946143_1158197320904149_5279758758311538848_n-430x287.jpg 430w, https:\/\/wild-palms.com\/es\/wp-content\/uploads\/sites\/3\/2016\/09\/946143_1158197320904149_5279758758311538848_n-150x100.jpg 150w, https:\/\/wild-palms.com\/es\/wp-content\/uploads\/sites\/3\/2016\/09\/946143_1158197320904149_5279758758311538848_n-100x67.jpg 100w\" sizes=\"auto, (max-width: 960px) 100vw, 960px\" \/><\/figure>\n<\/div>\n\n<div class=\"wp-block-image\">\n<figure class=\"aligncenter\"><img loading=\"lazy\" decoding=\"async\" width=\"850\" height=\"638\" src=\"http:\/\/wild-palms.com\/es\/wp-content\/uploads\/sites\/3\/2016\/09\/13092007_10154085498958255_5529645251999016492_n.jpg\" alt=\"Jos\u00e9 Elguezabal composici\u00f3n en la Embajada M\u00e9xicana\" class=\"wp-image-1169\" srcset=\"https:\/\/wild-palms.com\/es\/wp-content\/uploads\/sites\/3\/2016\/09\/13092007_10154085498958255_5529645251999016492_n.jpg 850w, https:\/\/wild-palms.com\/es\/wp-content\/uploads\/sites\/3\/2016\/09\/13092007_10154085498958255_5529645251999016492_n-300x225.jpg 300w, https:\/\/wild-palms.com\/es\/wp-content\/uploads\/sites\/3\/2016\/09\/13092007_10154085498958255_5529645251999016492_n-768x576.jpg 768w, https:\/\/wild-palms.com\/es\/wp-content\/uploads\/sites\/3\/2016\/09\/13092007_10154085498958255_5529645251999016492_n-750x563.jpg 750w, https:\/\/wild-palms.com\/es\/wp-content\/uploads\/sites\/3\/2016\/09\/13092007_10154085498958255_5529645251999016492_n-400x300.jpg 400w, https:\/\/wild-palms.com\/es\/wp-content\/uploads\/sites\/3\/2016\/09\/13092007_10154085498958255_5529645251999016492_n-430x323.jpg 430w, https:\/\/wild-palms.com\/es\/wp-content\/uploads\/sites\/3\/2016\/09\/13092007_10154085498958255_5529645251999016492_n-150x113.jpg 150w, https:\/\/wild-palms.com\/es\/wp-content\/uploads\/sites\/3\/2016\/09\/13092007_10154085498958255_5529645251999016492_n-100x75.jpg 100w\" sizes=\"auto, (max-width: 850px) 100vw, 850px\" \/><\/figure>\n<\/div>\n\n<div class=\"wp-block-image\">\n<figure class=\"aligncenter\"><img loading=\"lazy\" decoding=\"async\" width=\"480\" height=\"640\" src=\"http:\/\/wild-palms.com\/es\/wp-content\/uploads\/sites\/3\/2016\/09\/FullSizeRender-1.jpg\" alt=\"Jos\u00e9 Elguezabal composici\u00f3n\" class=\"wp-image-1168\" srcset=\"https:\/\/wild-palms.com\/es\/wp-content\/uploads\/sites\/3\/2016\/09\/FullSizeRender-1.jpg 480w, https:\/\/wild-palms.com\/es\/wp-content\/uploads\/sites\/3\/2016\/09\/FullSizeRender-1-225x300.jpg 225w, https:\/\/wild-palms.com\/es\/wp-content\/uploads\/sites\/3\/2016\/09\/FullSizeRender-1-400x533.jpg 400w, https:\/\/wild-palms.com\/es\/wp-content\/uploads\/sites\/3\/2016\/09\/FullSizeRender-1-430x573.jpg 430w, https:\/\/wild-palms.com\/es\/wp-content\/uploads\/sites\/3\/2016\/09\/FullSizeRender-1-150x200.jpg 150w, https:\/\/wild-palms.com\/es\/wp-content\/uploads\/sites\/3\/2016\/09\/FullSizeRender-1-100x133.jpg 100w\" sizes=\"auto, (max-width: 480px) 100vw, 480px\" \/><\/figure>\n<\/div>","protected":false},"excerpt":{"rendered":"<p>Jos\u00e9 Elguezabal Su m\u00e1s reciente participaci\u00f3n. Sunshine Talk, en Hortus Americanus. Conversaciones sobre arte latinoamericano en Alemania, creadas y dirigidas por Jorge Sanguino. \u00a0 selecci\u00f3n de obras para m\u00e1s informaci\u00f3n, contacta con info@wild-palms.com<\/p>\n","protected":false},"author":1,"featured_media":0,"parent":0,"menu_order":0,"comment_status":"closed","ping_status":"closed","template":"","meta":{"_coblocks_attr":"","_coblocks_dimensions":"","_coblocks_responsive_height":"","_coblocks_accordion_ie_support":"","hide_page_title":"","footnotes":""},"class_list":["post-536","page","type-page","status-publish","hentry"],"yoast_head":"<!-- This site is optimized with the Yoast SEO plugin v27.0 - https:\/\/yoast.com\/product\/yoast-seo-wordpress\/ -->\n<title>Jos\u00e9 Elguezabal - wildpalms ES<\/title>\n<meta name=\"description\" content=\"Jos\u00e9 Elguezabal. Trabaja y vive en Berl\u00edn. Compositor de m\u00fasica atonal, fundador de la &quot;Rubia te besa&quot;_ Trabaja con wildpalms.\" \/>\n<meta name=\"robots\" content=\"index, follow, max-snippet:-1, max-image-preview:large, max-video-preview:-1\" \/>\n<link rel=\"canonical\" href=\"https:\/\/wild-palms.com\/es\/jose-elguezabal\/\" \/>\n<meta property=\"og:locale\" content=\"es_ES\" \/>\n<meta property=\"og:type\" content=\"article\" \/>\n<meta property=\"og:title\" content=\"Jos\u00e9 Elguezabal - wildpalms ES\" \/>\n<meta property=\"og:description\" content=\"Jos\u00e9 Elguezabal. Trabaja y vive en Berl\u00edn. Compositor de m\u00fasica atonal, fundador de la &quot;Rubia te besa&quot;_ Trabaja con wildpalms.\" \/>\n<meta property=\"og:url\" content=\"https:\/\/wild-palms.com\/es\/jose-elguezabal\/\" \/>\n<meta property=\"og:site_name\" content=\"wildpalms ES\" \/>\n<meta property=\"article:modified_time\" content=\"2023-12-11T00:43:29+00:00\" \/>\n<meta property=\"og:image\" content=\"http:\/\/wild-palms.com\/es\/wp-content\/uploads\/sites\/3\/2016\/09\/IMG_4364-e1493836435653.jpg\" \/>\n<meta name=\"twitter:card\" content=\"summary_large_image\" \/>\n<meta name=\"twitter:label1\" content=\"Est. reading time\" \/>\n\t<meta name=\"twitter:data1\" content=\"3 minutes\" \/>\n<script type=\"application\/ld+json\" class=\"yoast-schema-graph\">{\"@context\":\"https:\/\/schema.org\",\"@graph\":[{\"@type\":\"WebPage\",\"@id\":\"https:\/\/wild-palms.com\/es\/jose-elguezabal\/\",\"url\":\"https:\/\/wild-palms.com\/es\/jose-elguezabal\/\",\"name\":\"Jos\u00e9 Elguezabal - wildpalms ES\",\"isPartOf\":{\"@id\":\"http:\/\/wild-palms.com\/es\/#website\"},\"primaryImageOfPage\":{\"@id\":\"https:\/\/wild-palms.com\/es\/jose-elguezabal\/#primaryimage\"},\"image\":{\"@id\":\"https:\/\/wild-palms.com\/es\/jose-elguezabal\/#primaryimage\"},\"thumbnailUrl\":\"http:\/\/wild-palms.com\/es\/wp-content\/uploads\/sites\/3\/2016\/09\/IMG_4364-e1493836435653.jpg\",\"datePublished\":\"2016-09-25T14:56:55+00:00\",\"dateModified\":\"2023-12-11T00:43:29+00:00\",\"description\":\"Jos\u00e9 Elguezabal. Trabaja y vive en Berl\u00edn. Compositor de m\u00fasica atonal, fundador de la \\\"Rubia te besa\\\"_ Trabaja con wildpalms.\",\"breadcrumb\":{\"@id\":\"https:\/\/wild-palms.com\/es\/jose-elguezabal\/#breadcrumb\"},\"inLanguage\":\"es\",\"potentialAction\":[{\"@type\":\"ReadAction\",\"target\":[\"https:\/\/wild-palms.com\/es\/jose-elguezabal\/\"]}]},{\"@type\":\"ImageObject\",\"inLanguage\":\"es\",\"@id\":\"https:\/\/wild-palms.com\/es\/jose-elguezabal\/#primaryimage\",\"url\":\"https:\/\/wild-palms.com\/es\/wp-content\/uploads\/sites\/3\/2016\/09\/IMG_4364-e1493836435653.jpg\",\"contentUrl\":\"https:\/\/wild-palms.com\/es\/wp-content\/uploads\/sites\/3\/2016\/09\/IMG_4364-e1493836435653.jpg\",\"width\":2448,\"height\":3264},{\"@type\":\"BreadcrumbList\",\"@id\":\"https:\/\/wild-palms.com\/es\/jose-elguezabal\/#breadcrumb\",\"itemListElement\":[{\"@type\":\"ListItem\",\"position\":1,\"name\":\"Home\",\"item\":\"http:\/\/wild-palms.com\/es\/\"},{\"@type\":\"ListItem\",\"position\":2,\"name\":\"Jos\u00e9 Elguezabal\"}]},{\"@type\":\"WebSite\",\"@id\":\"http:\/\/wild-palms.com\/es\/#website\",\"url\":\"http:\/\/wild-palms.com\/es\/\",\"name\":\"wildpalms ES\",\"description\":\"\",\"publisher\":{\"@id\":\"http:\/\/wild-palms.com\/es\/#organization\"},\"potentialAction\":[{\"@type\":\"SearchAction\",\"target\":{\"@type\":\"EntryPoint\",\"urlTemplate\":\"http:\/\/wild-palms.com\/es\/?s={search_term_string}\"},\"query-input\":{\"@type\":\"PropertyValueSpecification\",\"valueRequired\":true,\"valueName\":\"search_term_string\"}}],\"inLanguage\":\"es\"},{\"@type\":\"Organization\",\"@id\":\"http:\/\/wild-palms.com\/es\/#organization\",\"name\":\"wildpalms ES\",\"url\":\"http:\/\/wild-palms.com\/es\/\",\"logo\":{\"@type\":\"ImageObject\",\"inLanguage\":\"es\",\"@id\":\"http:\/\/wild-palms.com\/es\/#\/schema\/logo\/image\/\",\"url\":\"https:\/\/wild-palms.com\/es\/wp-content\/uploads\/sites\/3\/2023\/03\/cropped-wildpalms_logo_ths.png\",\"contentUrl\":\"https:\/\/wild-palms.com\/es\/wp-content\/uploads\/sites\/3\/2023\/03\/cropped-wildpalms_logo_ths.png\",\"width\":1200,\"height\":197,\"caption\":\"wildpalms ES\"},\"image\":{\"@id\":\"http:\/\/wild-palms.com\/es\/#\/schema\/logo\/image\/\"}}]}<\/script>\n<!-- \/ Yoast SEO plugin. -->","yoast_head_json":{"title":"Jos\u00e9 Elguezabal - wildpalms ES","description":"Jos\u00e9 Elguezabal. Trabaja y vive en Berl\u00edn. Compositor de m\u00fasica atonal, fundador de la \"Rubia te besa\"_ Trabaja con wildpalms.","robots":{"index":"index","follow":"follow","max-snippet":"max-snippet:-1","max-image-preview":"max-image-preview:large","max-video-preview":"max-video-preview:-1"},"canonical":"https:\/\/wild-palms.com\/es\/jose-elguezabal\/","og_locale":"es_ES","og_type":"article","og_title":"Jos\u00e9 Elguezabal - wildpalms ES","og_description":"Jos\u00e9 Elguezabal. Trabaja y vive en Berl\u00edn. Compositor de m\u00fasica atonal, fundador de la \"Rubia te besa\"_ Trabaja con wildpalms.","og_url":"https:\/\/wild-palms.com\/es\/jose-elguezabal\/","og_site_name":"wildpalms ES","article_modified_time":"2023-12-11T00:43:29+00:00","og_image":[{"url":"http:\/\/wild-palms.com\/es\/wp-content\/uploads\/sites\/3\/2016\/09\/IMG_4364-e1493836435653.jpg","type":"","width":"","height":""}],"twitter_card":"summary_large_image","twitter_misc":{"Est. reading time":"3 minutes"},"schema":{"@context":"https:\/\/schema.org","@graph":[{"@type":"WebPage","@id":"https:\/\/wild-palms.com\/es\/jose-elguezabal\/","url":"https:\/\/wild-palms.com\/es\/jose-elguezabal\/","name":"Jos\u00e9 Elguezabal - wildpalms ES","isPartOf":{"@id":"http:\/\/wild-palms.com\/es\/#website"},"primaryImageOfPage":{"@id":"https:\/\/wild-palms.com\/es\/jose-elguezabal\/#primaryimage"},"image":{"@id":"https:\/\/wild-palms.com\/es\/jose-elguezabal\/#primaryimage"},"thumbnailUrl":"http:\/\/wild-palms.com\/es\/wp-content\/uploads\/sites\/3\/2016\/09\/IMG_4364-e1493836435653.jpg","datePublished":"2016-09-25T14:56:55+00:00","dateModified":"2023-12-11T00:43:29+00:00","description":"Jos\u00e9 Elguezabal. Trabaja y vive en Berl\u00edn. Compositor de m\u00fasica atonal, fundador de la \"Rubia te besa\"_ Trabaja con wildpalms.","breadcrumb":{"@id":"https:\/\/wild-palms.com\/es\/jose-elguezabal\/#breadcrumb"},"inLanguage":"es","potentialAction":[{"@type":"ReadAction","target":["https:\/\/wild-palms.com\/es\/jose-elguezabal\/"]}]},{"@type":"ImageObject","inLanguage":"es","@id":"https:\/\/wild-palms.com\/es\/jose-elguezabal\/#primaryimage","url":"https:\/\/wild-palms.com\/es\/wp-content\/uploads\/sites\/3\/2016\/09\/IMG_4364-e1493836435653.jpg","contentUrl":"https:\/\/wild-palms.com\/es\/wp-content\/uploads\/sites\/3\/2016\/09\/IMG_4364-e1493836435653.jpg","width":2448,"height":3264},{"@type":"BreadcrumbList","@id":"https:\/\/wild-palms.com\/es\/jose-elguezabal\/#breadcrumb","itemListElement":[{"@type":"ListItem","position":1,"name":"Home","item":"http:\/\/wild-palms.com\/es\/"},{"@type":"ListItem","position":2,"name":"Jos\u00e9 Elguezabal"}]},{"@type":"WebSite","@id":"http:\/\/wild-palms.com\/es\/#website","url":"http:\/\/wild-palms.com\/es\/","name":"wildpalms ES","description":"","publisher":{"@id":"http:\/\/wild-palms.com\/es\/#organization"},"potentialAction":[{"@type":"SearchAction","target":{"@type":"EntryPoint","urlTemplate":"http:\/\/wild-palms.com\/es\/?s={search_term_string}"},"query-input":{"@type":"PropertyValueSpecification","valueRequired":true,"valueName":"search_term_string"}}],"inLanguage":"es"},{"@type":"Organization","@id":"http:\/\/wild-palms.com\/es\/#organization","name":"wildpalms ES","url":"http:\/\/wild-palms.com\/es\/","logo":{"@type":"ImageObject","inLanguage":"es","@id":"http:\/\/wild-palms.com\/es\/#\/schema\/logo\/image\/","url":"https:\/\/wild-palms.com\/es\/wp-content\/uploads\/sites\/3\/2023\/03\/cropped-wildpalms_logo_ths.png","contentUrl":"https:\/\/wild-palms.com\/es\/wp-content\/uploads\/sites\/3\/2023\/03\/cropped-wildpalms_logo_ths.png","width":1200,"height":197,"caption":"wildpalms ES"},"image":{"@id":"http:\/\/wild-palms.com\/es\/#\/schema\/logo\/image\/"}}]}},"_links":{"self":[{"href":"https:\/\/wild-palms.com\/es\/wp-json\/wp\/v2\/pages\/536","targetHints":{"allow":["GET"]}}],"collection":[{"href":"https:\/\/wild-palms.com\/es\/wp-json\/wp\/v2\/pages"}],"about":[{"href":"https:\/\/wild-palms.com\/es\/wp-json\/wp\/v2\/types\/page"}],"author":[{"embeddable":true,"href":"https:\/\/wild-palms.com\/es\/wp-json\/wp\/v2\/users\/1"}],"replies":[{"embeddable":true,"href":"https:\/\/wild-palms.com\/es\/wp-json\/wp\/v2\/comments?post=536"}],"version-history":[{"count":6,"href":"https:\/\/wild-palms.com\/es\/wp-json\/wp\/v2\/pages\/536\/revisions"}],"predecessor-version":[{"id":8654,"href":"https:\/\/wild-palms.com\/es\/wp-json\/wp\/v2\/pages\/536\/revisions\/8654"}],"wp:attachment":[{"href":"https:\/\/wild-palms.com\/es\/wp-json\/wp\/v2\/media?parent=536"}],"curies":[{"name":"wp","href":"https:\/\/api.w.org\/{rel}","templated":true}]}}