{"id":528,"date":"2016-09-25T15:53:49","date_gmt":"2016-09-25T13:53:49","guid":{"rendered":"http:\/\/wild-palms.com\/es\/?page_id=528"},"modified":"2026-04-27T23:13:52","modified_gmt":"2026-04-27T21:13:52","slug":"mario-asef","status":"publish","type":"page","link":"https:\/\/wild-palms.com\/es\/mario-asef\/","title":{"rendered":"MARIO ASEF"},"content":{"rendered":"\n<div class=\"wp-block-group alignwide\"><div class=\"wp-block-group__inner-container is-layout-constrained wp-block-group-is-layout-constrained\">\n<div class=\"wp-block-group alignwide artist-page\"><div class=\"wp-block-group__inner-container is-layout-constrained wp-block-group-is-layout-constrained\">\n<div class=\"wp-block-group alignwide artist-page\"><div class=\"wp-block-group__inner-container is-layout-constrained wp-block-group-is-layout-constrained\">\n<div class=\"wp-block-media-text alignwide is-stacked-on-mobile\" style=\"grid-template-columns:58% auto\"><figure class=\"wp-block-media-text__media\"><img decoding=\"async\" src=\"https:\/\/wild-palms.com\/wp-content\/uploads\/2026\/04\/Mario_Asef_Portrait_web.webp\" alt=\"Mario Asef wildpalms\" class=\"wp-image-10682 size-full\"\/><\/figure><div class=\"wp-block-media-text__content\">\n<h2 class=\"wp-block-heading has-medium-font-size\">Mario Asef<\/h2>\n\n\n\n<p style=\"font-size:14px\">wildpalms representa con orgullo al artista conceptual Mario Asef, cuyas obras se desarrollan a partir de la construcci\u00f3n ilusoria de la realidad social.<\/p>\n\n\n\n<p><\/p>\n\n\n\n<p style=\"font-size:14px\">Nacido en 1971 en C\u00f3rdoba, Argentina, Mario vive y trabaja en Berl\u00edn. Estudi\u00f3 Arquitectura y Desarrollo Urbano en C\u00f3rdoba, Bellas Artes en Karlsruhe y Londres, y realiz\u00f3 su Meistersch\u00fcler en la UdK de Berl\u00edn. Es cofundador de Errant Sound, espacio berlin\u00e9s dedicado al arte sonoro.<\/p>\n\n\n\n<p><\/p>\n\n\n\n<p style=\"font-size:14px\"><a href=\"https:\/\/marioasef.net\/\" target=\"_blank\" rel=\"noreferrer noopener\">www.marioasef.net<\/a><\/p>\n\n\n\n<p style=\"font-size:14px\"><a href=\"https:\/\/errantsound.net\/\">https:\/\/errantsound.net<\/a><\/p>\n\n\n\n<div class=\"wp-block-coblocks-accordion\">\n<div class=\"wp-block-coblocks-accordion-item artist-cv\"><details><summary class=\"wp-block-coblocks-accordion-item__title\">cv<\/summary><div class=\"wp-block-coblocks-accordion-item__content\">\n<p><a href=\"https:\/\/marioasef.net\" target=\"_blank\" rel=\"noreferrer noopener\">www.marioasef.net<\/a><\/p>\n\n\n\n<h4 class=\"wp-block-heading\">Formaci\u00f3n<\/h4>\n\n\n\n<ul class=\"wp-block-list\">\n<li>1990\u20131995 \u2014 Universidad de Arquitectura y Desarrollo Urbano, C\u00f3rdoba, Argentina<\/li>\n\n\n\n<li>1998\u20132000 \u2014 Academia de Artes Visuales, Karlsruhe, Alemania<\/li>\n\n\n\n<li>2000\u20132004 \u2014 Universidad de las Artes, UdK, Berl\u00edn, M\u00e1ster en Artes<\/li>\n\n\n\n<li>2003 \u2014 Chelsea College of Art and Design, Londres<\/li>\n<\/ul>\n\n\n\n<h4 class=\"wp-block-heading\">Exposiciones individuales<\/h4>\n\n\n\n<ul class=\"wp-block-list\">\n<li>2025 \u2014 <em>MOTHER-BURN<\/em>, exposici\u00f3n d\u00fao con Kirstin Burckhardt, MOS, Gorz\u00f3w, Polonia<\/li>\n\n\n\n<li>2025 \u2014 <em>SHELTER-BONE<\/em>, exposici\u00f3n d\u00fao con Kirstin Burckhardt, Kunstverein G\u00f6ttingen, G\u00f6ttingen, Alemania<\/li>\n\n\n\n<li>2018\u20132019 \u2014 <em>Cenit<\/em>, The Drawing Hub, Berl\u00edn \/ wildpalms, D\u00fcsseldorf \/ Griffin Art Projects, Vancouver, Canad\u00e1<\/li>\n\n\n\n<li>2018 \u2014 <em>Kemmuna Nation<\/em>, Fragmenta, Malta<\/li>\n\n\n\n<li>2017 \u2014 <em>Acousmatic Lectures Series<\/em>, <a href=\"https:\/\/errantsound.net\" target=\"_blank\" rel=\"noreferrer noopener\">Errant Sound<\/a>, Berl\u00edn<\/li>\n\n\n\n<li>2015 \u2014 <em>Objekte sind operationale Relationen im Prozess des Sprachhandelns<\/em>, Mani\u00e8re Noire, Berl\u00edn<\/li>\n\n\n\n<li>2015 \u2014 <em>Loter\u00eda Nacional<\/em>, La Miscel\u00e1nea \/ UNARTE, Puebla, M\u00e9xico<\/li>\n\n\n\n<li>2014 \u2014 <em>Drei Anachronismen<\/em>, wildpalms en K\u00fchlhaus Berlin, Berl\u00edn<\/li>\n\n\n\n<li>2013 \u2014 <em>Crossfade<\/em>, Art Claims Impulse, Berl\u00edn<\/li>\n\n\n\n<li>2012 \u2014 <em>Prosthesis 9t<\/em>, Die Raum, Berl\u00edn<\/li>\n\n\n\n<li>2012 \u2014 <em>Crossfade<\/em>, Junge Kunst Wolfsburg e.V., Wolfsburg<\/li>\n\n\n\n<li>2009 \u2014 <em>Raumprothesen<\/em>, Arttransponder, Berl\u00edn<\/li>\n\n\n\n<li>2007 \u2014 <em>Die Repr\u00e4sentation als Wirklichkeit<\/em>, Galerie Metro, Berl\u00edn<\/li>\n\n\n\n<li>2007 \u2014 <em>Signal Wave<\/em>, Les Vo\u00fbtes, Par\u00eds<\/li>\n\n\n\n<li>2006 \u2014 <em>EMPIRIEN<\/em>, Brotfabrik Galerie, Berl\u00edn<\/li>\n<\/ul>\n\n\n\n<h4 class=\"wp-block-heading\">Exposiciones colectivas seleccionadas<\/h4>\n\n\n\n<ul class=\"wp-block-list\">\n<li>2025 \u2014 <em>Shelter Bone Haunt<\/em>, Berl\u00edn<\/li>\n\n\n\n<li>2023 \u2014 <em>Anima Mundi #3<\/em>, MOSS, Polonia<\/li>\n\n\n\n<li>2023 \u2014 <em>Electric Eden 2.0: Next Chapter of Relationship<\/em>, Changing Room, Berl\u00edn<\/li>\n\n\n\n<li>2023 \u2014 <em>The Change in the Patterns<\/em>, wildpalms, D\u00fcsseldorf<\/li>\n\n\n\n<li>2022 \u2014 <em>Topiate<\/em>, <a href=\"https:\/\/frontviews.berlin\" target=\"_blank\" rel=\"noreferrer noopener\">Frontviews<\/a>, Berl\u00edn<\/li>\n\n\n\n<li>2021 \u2014 <em>Acousmatic Appearances<\/em>, The Listening Biennial, <a href=\"https:\/\/errantsound.net\" target=\"_blank\" rel=\"noreferrer noopener\">Errant Sound<\/a>, Berl\u00edn<\/li>\n\n\n\n<li>2020 \u2014 <em>FESE: El lenguaje de las cosas<\/em>, Puerto Contempor\u00e1neo Espacio, Bogot\u00e1, Colombia<\/li>\n\n\n\n<li>2020 \u2014 <em>Sound Nodes<\/em>, B\u00e4renzwinger, Berl\u00edn<\/li>\n\n\n\n<li>2020 \u2014 Poesie Festival Berlin, Akademie der K\u00fcnste, Berl\u00edn \u2014 cancelado por COVID-19<\/li>\n\n\n\n<li>2019 \u2014 <em>Dystopia Festival<\/em>, KASA Gallery, Estambul<\/li>\n\n\n\n<li>2019 \u2014 <em>Future Soundscapes<\/em>, Silent Green, Berl\u00edn<\/li>\n\n\n\n<li>2019 \u2014 <em>sonomemo \u2013 Sound and Memory<\/em>, <a href=\"https:\/\/errantsound.net\" target=\"_blank\" rel=\"noreferrer noopener\">Errant Sound<\/a>, Berl\u00edn<\/li>\n\n\n\n<li>2018 \u2014 <em>Crossfades<\/em>, Daegu Photo Biennale, Daegu, Corea del Sur<\/li>\n\n\n\n<li>2017 \u2014 <em>Rebellion<\/em>, Scotty, Berl\u00edn<\/li>\n\n\n\n<li>2017 \u2014 <em>In the Sound Field<\/em>, <a href=\"https:\/\/errantsound.net\" target=\"_blank\" rel=\"noreferrer noopener\">Errant Sound<\/a>, Berl\u00edn<\/li>\n\n\n\n<li>2016 \u2014 <em>Books<\/em>, wildpalms, D\u00fcsseldorf<\/li>\n\n\n\n<li>2016 \u2014 wildpalms, Untitled, Miami Beach, EE. UU.<\/li>\n<\/ul>\n\n\n\n<h4 class=\"wp-block-heading\">Festivales y proyecciones<\/h4>\n\n\n\n<ul class=\"wp-block-list\">\n<li>2020 \u2014 Dystopie Sound Art Festival, Berl\u00edn Brasil<\/li>\n\n\n\n<li>2019 \u2014 <em>Acousmatics as a Laboratory<\/em>, simposio en Kunstraum Leuphana Universit\u00e4t, L\u00fcneburg<\/li>\n\n\n\n<li>2018 \u2014 <em>How to Build an Art Biennale \u2013 Imagined Biennales<\/em>, Tate Modern, Londres<\/li>\n\n\n\n<li>2018 \u2014 <em>On Limits, Borders, Edges and Boundaries<\/em>, Else Foundation, M\u00e9xico<\/li>\n\n\n\n<li>2018 \u2014 <em>Tier-Bild-Ton<\/em>, Errant Sound Project Space, Berl\u00edn<\/li>\n\n\n\n<li>2017 \u2014 <em>Fieldrecording as a Personal Practice<\/em>, Errant Sound Project Space, Berl\u00edn<\/li>\n\n\n\n<li>2016 \u2014 Conferencia, <em>Art Histories and Aesthetic Practices<\/em>, Forum Transregionale Studien, Berl\u00edn<\/li>\n\n\n\n<li>2016 \u2014 Conferencia, <em>El Quijote: Dise\u00f1ador de su propia experiencia<\/em>, IED, Madrid<\/li>\n\n\n\n<li>2016 \u2014 Conferencia, <em>Conversas II<\/em>, Berl\u00edn<\/li>\n<\/ul>\n\n\n\n<h4 class=\"wp-block-heading\">Premios y becas<\/h4>\n\n\n\n<ul class=\"wp-block-list\">\n<li>2015 \u2014 Financiaci\u00f3n de proyecto, Bezirksamt Pankow, Berl\u00edn<\/li>\n\n\n\n<li>2015 \u2014 Financiaci\u00f3n de proyecto, Initiative Neue Musik, Berl\u00edn<\/li>\n\n\n\n<li>2014 \u2014 Quartier21, programa de residencia art\u00edstica, Viena<\/li>\n\n\n\n<li>2014 \u2014 Casa Imelda Artist in Residence, Ciudad de M\u00e9xico, financiado por IFA \u2013 Institut f\u00fcr Auslandsbeziehungen, Alemania<\/li>\n\n\n\n<li>2012 \u2014 <em>Crossfade<\/em>, financiaci\u00f3n de proyecto, Volkswagen, Wolfsburg, Alemania<\/li>\n\n\n\n<li>2009 \u2014 Frankfurter Kunstverein, Deutsche B\u00f6rse Residency Program, Frankfurt am Main, Alemania<\/li>\n\n\n\n<li>2007 \u2014 Stiftung K\u00fcnstlerdorf, programa de residencia art\u00edstica, Sch\u00f6ppingen, Alemania<\/li>\n\n\n\n<li>2004 \u2014 Beca de la Rosa Luxemburg Stiftung, Berl\u00edn<\/li>\n<\/ul>\n\n\n\n<h4 class=\"wp-block-heading\">Otras actividades<\/h4>\n\n\n\n<p>2010\u20132012 \u2014 Tallerista en arte contempor\u00e1neo, Visions of Art, ense\u00f1anza en l\u00ednea<\/p>\n\n\n\n<p>2015 \u2014 Director de taller, semestre de verano, Staatliche Hochschule f\u00fcr Gestaltung, Karlsruhe<\/p>\n\n\n\n<p>Desde 2014 \u2014 Miembro de <a href=\"https:\/\/errantsound.net\" target=\"_blank\" rel=\"noreferrer noopener\">Errant Sound<\/a>, espacio berlin\u00e9s dedicado al arte sonoro, donde organiza conferencias interdisciplinarias para artistas y cient\u00edficos<\/p>\n<\/div><\/details><\/div>\n\n\n\n<div class=\"wp-block-coblocks-accordion-item\"><details><summary class=\"wp-block-coblocks-accordion-item__title\">PRENSA &amp; PUBLICACIONES<\/summary><div class=\"wp-block-coblocks-accordion-item__content\">\n<ul class=\"wp-block-list\">\n<li>2023 \u2014 <em>Akusmatik als Labor. Kultur \u2013 Kunst \u2013 Medien<\/em>, con Sven K\u00f6nigshausen &amp; Neumann<\/li>\n\n\n\n<li>2020 \u2014 Mario Asef: <em>Kunst und \u00d6kologie<\/em>, <a href=\"https:\/\/www.wk-online.de\" target=\"_blank\" rel=\"noreferrer noopener\"><em>w\/k zwischen Wissenschaft und Kunst<\/em><\/a>, conversaci\u00f3n con Peter Tepe y Till B\u00f6deker<\/li>\n\n\n\n<li>2019 \u2014 Mario Asef: <em>Acousmatic Lectures<\/em>, <a href=\"https:\/\/www.wk-online.de\" target=\"_blank\" rel=\"noreferrer noopener\"><em>w\/k zwischen Wissenschaft und Kunst<\/em><\/a><\/li>\n\n\n\n<li>2018 \u2014 <em>Daegu Photo Biennale 2018 \u2013 Next Image<\/em>, <a href=\"https:\/\/daeguphoto.com\" target=\"_blank\" rel=\"noreferrer noopener\">Daegu Photo Biennale<\/a>, Corea del Sur<\/li>\n\n\n\n<li>2016 \u2014 \u201cDiagram is a Trivial Machine,\u201d <a href=\"https:\/\/www.mitpressjournals.org\/loi\/artm\" target=\"_blank\" rel=\"noreferrer noopener\"><em>ArtMargins<\/em><\/a>, MIT Press<\/li>\n<\/ul>\n<\/div><\/details><\/div>\n<\/div>\n<\/div><\/div>\n\n\n\n<div style=\"height:0px\" aria-hidden=\"true\" class=\"wp-block-spacer\"><\/div>\n\n\n\n<div class=\"wp-block-group alignwide artist-page\"><div class=\"wp-block-group__inner-container is-layout-constrained wp-block-group-is-layout-constrained\">\n<div class=\"wp-block-group alignwide\"><div class=\"wp-block-group__inner-container is-layout-constrained wp-block-group-is-layout-constrained\">\n<h5 class=\"wp-block-heading has-text-align-center\">Obra seleccionada<\/h5>\n\n\n\n<div class=\"wp-featured-work\">\n  <a class=\"wp-featured-work__image\" href=\"https:\/\/wildpalmsamericana.com\/mario-asef\/p\/sombras-2017\" target=\"_blank\" rel=\"noopener\">\n    <img decoding=\"async\" src=\"http:\/\/static1.squarespace.com\/static\/56f453b6ecb928e691cea5ad\/6035444e597e846d408d99cc\/60366b90b3ca7d2c4a12b94f\/1614179223470\/cenit10-schatten-k.jpg?format=1500w\" alt=\"Mario Asef, Sombras, 2017\" \/>\n  <\/a>\n\n  <div class=\"wp-featured-work__content\">\n    <h3 class=\"wp-featured-work__title\">\n      <a href=\"https:\/\/wildpalmsamericana.com\/mario-asef\/p\/sombras-2017\" target=\"_blank\" rel=\"noopener\">\n        Sombras\n      <\/a>\n    <\/h3>\n\n    <p class=\"wp-featured-work__meta\">\n      Sombras. 2017. \u00danica. Tinta, l\u00e1piz y marcador sobre papel, 31,3 \u00d7 20,9 cm. Enmarcada: 34 \u00d7 44,2 cm. De la serie <em>Cenit<\/em>. Exhibida en Berl\u00edn y D\u00fcsseldorf.\n    <\/p>\n\n    <p class=\"wp-featured-work__text\">Disponible<\/p>\n\n    <p class=\"wp-featured-work__link\">\n      <a href=\"https:\/\/wildpalmsamericana.com\/mario-asef\/p\/sombras-2017\" target=\"_blank\" rel=\"noopener\">\n        Ver en la tienda\n      <\/a>\n    <\/p>\n  <\/div>\n<\/div>\n\n\n\n<h5 class=\"wp-block-heading has-text-align-center\">Actualidad<\/h5>\n\n\n<div class=\"artist-current-post\"><div class=\"listing-item\"><a class=\"title\" href=\"https:\/\/wild-palms.com\/es\/blog\/2026\/04\/27\/asef-burckhardt-articulo-en-tzk\/\">Asef\/Burckhardt Articulo en TZK<\/a> <span class=\"excerpt-dash\">-<\/span> <span class=\"excerpt\">Asef\/Burckhardt exhibition at MOS, reviewed at TZK Sabeth Buchmann\u2019s insightful review\u00a0\u201cMatter and Message\u201d, published by\u00a0Texte zur Kunst, examines how artists\u00a0Mario Asef\u00a0and\u00a0Kirstin Burckhardt\u00a0critically and poetically revisit the legacy of Anna and Lawrence Halprin. Through archival research, performance, and sculptural installations, both artists reimagine the Halprins\u2019 utopian ideals of collective creativity, ecology, and diversity\u2014while exposing their transformation [&hellip;]<\/span><\/div><\/div>\n<\/div><\/div>\n<\/div><\/div>\n\n\n\n<h5 class=\"wp-block-heading has-text-align-center\">Exposiciones con wildpalms<\/h5>\n\n\n\n<div class=\"artist-exhibitions-grid\">\n\n  <div class=\"artist-exhibition-item\">\n    <p class=\"artist-exhibition-title\">\n      <a href=\"https:\/\/wild-palms.com\/asef-burckahrdt-mother-burn\/\">Mother Burn<\/a>\n    <\/p>\n    <p class=\"artist-exhibition-date\">11 de diciembre de 2025 \u2013 21 de febrero de 2026<\/p>\n  <\/div>\n\n  <div class=\"artist-exhibition-item\">\n    <p class=\"artist-exhibition-title\">\n      <a href=\"https:\/\/wild-palms.com\/cenit-ii\/\">Cenit II<\/a>\n    <\/p>\n    <p class=\"artist-exhibition-date\">17 de noviembre de 2018 \u2013 12 de enero de 2019<\/p>\n  <\/div>\n\n<\/div>\n\n\n\n<h5 class=\"wp-block-heading has-text-align-center\">Exposiciones seleccionadas<\/h5>\n\n\n\n\n\n<p><\/p>\n<\/div><\/div>\n<\/div><\/div>\n<\/div><\/div>\n","protected":false},"excerpt":{"rendered":"<p>Mario Asef wildpalms representa con orgullo al artista conceptual Mario Asef, cuyas obras se desarrollan a partir de la construcci\u00f3n ilusoria de la realidad social. Nacido en 1971 en C\u00f3rdoba, Argentina, Mario vive y trabaja en Berl\u00edn. Estudi\u00f3 Arquitectura y Desarrollo Urbano en C\u00f3rdoba, Bellas Artes en Karlsruhe y Londres, y realiz\u00f3 su Meistersch\u00fcler en [&hellip;]<\/p>\n","protected":false},"author":1,"featured_media":0,"parent":0,"menu_order":0,"comment_status":"closed","ping_status":"closed","template":"","meta":{"_coblocks_attr":"Times New RomanHelvetica,Arial,","_coblocks_dimensions":"","_coblocks_responsive_height":"","_coblocks_accordion_ie_support":"","hide_page_title":"","footnotes":""},"class_list":["post-528","page","type-page","status-publish","hentry"],"yoast_head":"<!-- This site is optimized with the Yoast SEO plugin v27.4 - https:\/\/yoast.com\/product\/yoast-seo-wordpress\/ -->\n<title>MARIO ASEF | wildpalms - representaci\u00f3n por wildpalms+<\/title>\n<meta name=\"description\" content=\"Mario Asef (Ger\/Arg) artista y te\u00f3rico de las construcciones sociales. Explora con texto, sonido y v\u00eddeo las paradojas que sostienen...\" \/>\n<meta name=\"robots\" content=\"index, follow, max-snippet:-1, max-image-preview:large, max-video-preview:-1\" \/>\n<link rel=\"canonical\" href=\"https:\/\/wild-palms.com\/es\/mario-asef\/\" \/>\n<meta property=\"og:locale\" content=\"es_ES\" \/>\n<meta property=\"og:type\" content=\"article\" \/>\n<meta property=\"og:title\" content=\"MARIO ASEF | wildpalms - representaci\u00f3n por wildpalms+\" \/>\n<meta property=\"og:description\" content=\"Mario Asef (Ger\/Arg) artista y te\u00f3rico de las construcciones sociales. Explora con texto, sonido y v\u00eddeo las paradojas que sostienen...\" \/>\n<meta property=\"og:url\" content=\"https:\/\/wild-palms.com\/es\/mario-asef\/\" \/>\n<meta property=\"og:site_name\" content=\"wildpalms ES\" \/>\n<meta property=\"article:modified_time\" content=\"2026-04-27T21:13:52+00:00\" \/>\n<meta property=\"og:image\" content=\"https:\/\/wild-palms.com\/wp-content\/uploads\/2026\/04\/Mario_Asef_Portrait_web.webp\" \/>\n<meta name=\"twitter:card\" content=\"summary_large_image\" \/>\n<meta name=\"twitter:label1\" content=\"Est. reading time\" \/>\n\t<meta name=\"twitter:data1\" content=\"4 minutes\" \/>\n<script type=\"application\/ld+json\" class=\"yoast-schema-graph\">{\"@context\":\"https:\\\/\\\/schema.org\",\"@graph\":[{\"@type\":\"WebPage\",\"@id\":\"https:\\\/\\\/wild-palms.com\\\/es\\\/mario-asef\\\/\",\"url\":\"https:\\\/\\\/wild-palms.com\\\/es\\\/mario-asef\\\/\",\"name\":\"MARIO ASEF | wildpalms - representaci\u00f3n por wildpalms+\",\"isPartOf\":{\"@id\":\"http:\\\/\\\/wild-palms.com\\\/es\\\/#website\"},\"primaryImageOfPage\":{\"@id\":\"https:\\\/\\\/wild-palms.com\\\/es\\\/mario-asef\\\/#primaryimage\"},\"image\":{\"@id\":\"https:\\\/\\\/wild-palms.com\\\/es\\\/mario-asef\\\/#primaryimage\"},\"thumbnailUrl\":\"https:\\\/\\\/wild-palms.com\\\/wp-content\\\/uploads\\\/2026\\\/04\\\/Mario_Asef_Portrait_web.webp\",\"datePublished\":\"2016-09-25T13:53:49+00:00\",\"dateModified\":\"2026-04-27T21:13:52+00:00\",\"description\":\"Mario Asef (Ger\\\/Arg) artista y te\u00f3rico de las construcciones sociales. Explora con texto, sonido y v\u00eddeo las paradojas que sostienen...\",\"breadcrumb\":{\"@id\":\"https:\\\/\\\/wild-palms.com\\\/es\\\/mario-asef\\\/#breadcrumb\"},\"inLanguage\":\"es\",\"potentialAction\":[{\"@type\":\"ReadAction\",\"target\":[\"https:\\\/\\\/wild-palms.com\\\/es\\\/mario-asef\\\/\"]}]},{\"@type\":\"ImageObject\",\"inLanguage\":\"es\",\"@id\":\"https:\\\/\\\/wild-palms.com\\\/es\\\/mario-asef\\\/#primaryimage\",\"url\":\"https:\\\/\\\/wild-palms.com\\\/wp-content\\\/uploads\\\/2026\\\/04\\\/Mario_Asef_Portrait_web.webp\",\"contentUrl\":\"https:\\\/\\\/wild-palms.com\\\/wp-content\\\/uploads\\\/2026\\\/04\\\/Mario_Asef_Portrait_web.webp\"},{\"@type\":\"BreadcrumbList\",\"@id\":\"https:\\\/\\\/wild-palms.com\\\/es\\\/mario-asef\\\/#breadcrumb\",\"itemListElement\":[{\"@type\":\"ListItem\",\"position\":1,\"name\":\"Home\",\"item\":\"http:\\\/\\\/wild-palms.com\\\/es\\\/\"},{\"@type\":\"ListItem\",\"position\":2,\"name\":\"MARIO ASEF\"}]},{\"@type\":\"WebSite\",\"@id\":\"http:\\\/\\\/wild-palms.com\\\/es\\\/#website\",\"url\":\"http:\\\/\\\/wild-palms.com\\\/es\\\/\",\"name\":\"wildpalms ES\",\"description\":\"\",\"publisher\":{\"@id\":\"http:\\\/\\\/wild-palms.com\\\/es\\\/#organization\"},\"potentialAction\":[{\"@type\":\"SearchAction\",\"target\":{\"@type\":\"EntryPoint\",\"urlTemplate\":\"http:\\\/\\\/wild-palms.com\\\/es\\\/?s={search_term_string}\"},\"query-input\":{\"@type\":\"PropertyValueSpecification\",\"valueRequired\":true,\"valueName\":\"search_term_string\"}}],\"inLanguage\":\"es\"},{\"@type\":\"Organization\",\"@id\":\"http:\\\/\\\/wild-palms.com\\\/es\\\/#organization\",\"name\":\"wildpalms ES\",\"url\":\"http:\\\/\\\/wild-palms.com\\\/es\\\/\",\"logo\":{\"@type\":\"ImageObject\",\"inLanguage\":\"es\",\"@id\":\"http:\\\/\\\/wild-palms.com\\\/es\\\/#\\\/schema\\\/logo\\\/image\\\/\",\"url\":\"https:\\\/\\\/wild-palms.com\\\/es\\\/wp-content\\\/uploads\\\/sites\\\/3\\\/2026\\\/04\\\/wp-4-copy-scaled.jpg\",\"contentUrl\":\"https:\\\/\\\/wild-palms.com\\\/es\\\/wp-content\\\/uploads\\\/sites\\\/3\\\/2026\\\/04\\\/wp-4-copy-scaled.jpg\",\"width\":2560,\"height\":420,\"caption\":\"wildpalms ES\"},\"image\":{\"@id\":\"http:\\\/\\\/wild-palms.com\\\/es\\\/#\\\/schema\\\/logo\\\/image\\\/\"}}]}<\/script>\n<!-- \/ Yoast SEO plugin. -->","yoast_head_json":{"title":"MARIO ASEF | wildpalms - representaci\u00f3n por wildpalms+","description":"Mario Asef (Ger\/Arg) artista y te\u00f3rico de las construcciones sociales. Explora con texto, sonido y v\u00eddeo las paradojas que sostienen...","robots":{"index":"index","follow":"follow","max-snippet":"max-snippet:-1","max-image-preview":"max-image-preview:large","max-video-preview":"max-video-preview:-1"},"canonical":"https:\/\/wild-palms.com\/es\/mario-asef\/","og_locale":"es_ES","og_type":"article","og_title":"MARIO ASEF | wildpalms - representaci\u00f3n por wildpalms+","og_description":"Mario Asef (Ger\/Arg) artista y te\u00f3rico de las construcciones sociales. Explora con texto, sonido y v\u00eddeo las paradojas que sostienen...","og_url":"https:\/\/wild-palms.com\/es\/mario-asef\/","og_site_name":"wildpalms ES","article_modified_time":"2026-04-27T21:13:52+00:00","og_image":[{"url":"https:\/\/wild-palms.com\/wp-content\/uploads\/2026\/04\/Mario_Asef_Portrait_web.webp","type":"","width":"","height":""}],"twitter_card":"summary_large_image","twitter_misc":{"Est. reading time":"4 minutes"},"schema":{"@context":"https:\/\/schema.org","@graph":[{"@type":"WebPage","@id":"https:\/\/wild-palms.com\/es\/mario-asef\/","url":"https:\/\/wild-palms.com\/es\/mario-asef\/","name":"MARIO ASEF | wildpalms - representaci\u00f3n por wildpalms+","isPartOf":{"@id":"http:\/\/wild-palms.com\/es\/#website"},"primaryImageOfPage":{"@id":"https:\/\/wild-palms.com\/es\/mario-asef\/#primaryimage"},"image":{"@id":"https:\/\/wild-palms.com\/es\/mario-asef\/#primaryimage"},"thumbnailUrl":"https:\/\/wild-palms.com\/wp-content\/uploads\/2026\/04\/Mario_Asef_Portrait_web.webp","datePublished":"2016-09-25T13:53:49+00:00","dateModified":"2026-04-27T21:13:52+00:00","description":"Mario Asef (Ger\/Arg) artista y te\u00f3rico de las construcciones sociales. Explora con texto, sonido y v\u00eddeo las paradojas que sostienen...","breadcrumb":{"@id":"https:\/\/wild-palms.com\/es\/mario-asef\/#breadcrumb"},"inLanguage":"es","potentialAction":[{"@type":"ReadAction","target":["https:\/\/wild-palms.com\/es\/mario-asef\/"]}]},{"@type":"ImageObject","inLanguage":"es","@id":"https:\/\/wild-palms.com\/es\/mario-asef\/#primaryimage","url":"https:\/\/wild-palms.com\/wp-content\/uploads\/2026\/04\/Mario_Asef_Portrait_web.webp","contentUrl":"https:\/\/wild-palms.com\/wp-content\/uploads\/2026\/04\/Mario_Asef_Portrait_web.webp"},{"@type":"BreadcrumbList","@id":"https:\/\/wild-palms.com\/es\/mario-asef\/#breadcrumb","itemListElement":[{"@type":"ListItem","position":1,"name":"Home","item":"http:\/\/wild-palms.com\/es\/"},{"@type":"ListItem","position":2,"name":"MARIO ASEF"}]},{"@type":"WebSite","@id":"http:\/\/wild-palms.com\/es\/#website","url":"http:\/\/wild-palms.com\/es\/","name":"wildpalms ES","description":"","publisher":{"@id":"http:\/\/wild-palms.com\/es\/#organization"},"potentialAction":[{"@type":"SearchAction","target":{"@type":"EntryPoint","urlTemplate":"http:\/\/wild-palms.com\/es\/?s={search_term_string}"},"query-input":{"@type":"PropertyValueSpecification","valueRequired":true,"valueName":"search_term_string"}}],"inLanguage":"es"},{"@type":"Organization","@id":"http:\/\/wild-palms.com\/es\/#organization","name":"wildpalms ES","url":"http:\/\/wild-palms.com\/es\/","logo":{"@type":"ImageObject","inLanguage":"es","@id":"http:\/\/wild-palms.com\/es\/#\/schema\/logo\/image\/","url":"https:\/\/wild-palms.com\/es\/wp-content\/uploads\/sites\/3\/2026\/04\/wp-4-copy-scaled.jpg","contentUrl":"https:\/\/wild-palms.com\/es\/wp-content\/uploads\/sites\/3\/2026\/04\/wp-4-copy-scaled.jpg","width":2560,"height":420,"caption":"wildpalms ES"},"image":{"@id":"http:\/\/wild-palms.com\/es\/#\/schema\/logo\/image\/"}}]}},"_links":{"self":[{"href":"https:\/\/wild-palms.com\/es\/wp-json\/wp\/v2\/pages\/528","targetHints":{"allow":["GET"]}}],"collection":[{"href":"https:\/\/wild-palms.com\/es\/wp-json\/wp\/v2\/pages"}],"about":[{"href":"https:\/\/wild-palms.com\/es\/wp-json\/wp\/v2\/types\/page"}],"author":[{"embeddable":true,"href":"https:\/\/wild-palms.com\/es\/wp-json\/wp\/v2\/users\/1"}],"replies":[{"embeddable":true,"href":"https:\/\/wild-palms.com\/es\/wp-json\/wp\/v2\/comments?post=528"}],"version-history":[{"count":29,"href":"https:\/\/wild-palms.com\/es\/wp-json\/wp\/v2\/pages\/528\/revisions"}],"predecessor-version":[{"id":10389,"href":"https:\/\/wild-palms.com\/es\/wp-json\/wp\/v2\/pages\/528\/revisions\/10389"}],"wp:attachment":[{"href":"https:\/\/wild-palms.com\/es\/wp-json\/wp\/v2\/media?parent=528"}],"curies":[{"name":"wp","href":"https:\/\/api.w.org\/{rel}","templated":true}]}}