{"id":5017,"date":"2021-06-02T12:14:04","date_gmt":"2021-06-02T10:14:04","guid":{"rendered":"https:\/\/wild-palms.com\/es\/?page_id=5017"},"modified":"2023-12-10T17:39:35","modified_gmt":"2023-12-10T16:39:35","slug":"strike-a-pose","status":"publish","type":"page","link":"https:\/\/wild-palms.com\/es\/strike-a-pose\/","title":{"rendered":"Strike A Pose"},"content":{"rendered":"\n<div class=\"wp-block-columns alignwide is-layout-flex wp-container-core-columns-is-layout-9d6595d7 wp-block-columns-is-layout-flex\">\n<div class=\"wp-block-column is-layout-flow wp-block-column-is-layout-flow\">\n<figure class=\"wp-block-image size-large\"><a href=\"https:\/\/wild-palms.com\/es\/wp-content\/uploads\/sites\/3\/2021\/07\/Screen-Shot-2021-06-02-at-12.04.25-corrected.png\" data-rel=\"lightbox-image-0\" data-rl_title=\"\" data-rl_caption=\"\" title=\"\"><img loading=\"lazy\" decoding=\"async\" width=\"496\" height=\"702\" src=\"https:\/\/wild-palms.com\/es\/wp-content\/uploads\/sites\/3\/2021\/07\/Screen-Shot-2021-06-02-at-12.04.25-corrected.png\" alt=\"strike a pose societe angelique angelika kammann beatriz eugenia diaz wildpalms exhibition d\u00fcsseldorf\" class=\"wp-image-5360\" srcset=\"https:\/\/wild-palms.com\/es\/wp-content\/uploads\/sites\/3\/2021\/07\/Screen-Shot-2021-06-02-at-12.04.25-corrected.png 496w, https:\/\/wild-palms.com\/es\/wp-content\/uploads\/sites\/3\/2021\/07\/Screen-Shot-2021-06-02-at-12.04.25-corrected-212x300.png 212w\" sizes=\"auto, (max-width: 496px) 100vw, 496px\" \/><\/a><\/figure>\n<\/div>\n\n\n\n<div class=\"wp-block-column is-layout-flow wp-block-column-is-layout-flow\">\n<h2 class=\"wp-block-heading alignwide\" style=\"font-size:25px\">Soci\u00e9t\u00e9 Angelique:A Utopian Dream<\/h2>\n\n\n\n<p>Exhibici\u00f3n e instalaci\u00f3nconcebida por <a href=\"https:\/\/www.alexandrameffert.com\/\">Alexandra Meffert <\/a>y Jorge Sanguino, con<\/p>\n\n\n\n<p class=\"has-small-font-size\"><a href=\"https:\/\/wild-palms.com\/es\/beatriz-eugenia-diaz\/\">Beatriz Eugenia Diaz<\/a><\/p>\n\n\n\n<p class=\"has-small-font-size\"><a href=\"http:\/\/societeangelique.eu\/\" target=\"_blank\" rel=\"noreferrer noopener\">Soci\u00e9t\u00e9 Angelique <\/a><\/p>\n\n\n\n<p style=\"font-size:16px\"> Julio 23 2021<\/p>\n\n\n\n<p style=\"font-size:14px\"><\/p>\n\n\n\n<figure class=\"wp-block-image size-large\"><a href=\"https:\/\/www.strikeaposefestival.de\/\" target=\"_blank\" rel=\"noopener\"><img loading=\"lazy\" decoding=\"async\" width=\"354\" height=\"65\" src=\"https:\/\/wild-palms.com\/es\/wp-content\/uploads\/sites\/3\/2021\/07\/Mail-Attachment.jpeg\" alt=\"strike a pose logo\" class=\"wp-image-5307\" srcset=\"https:\/\/wild-palms.com\/es\/wp-content\/uploads\/sites\/3\/2021\/07\/Mail-Attachment.jpeg 354w, https:\/\/wild-palms.com\/es\/wp-content\/uploads\/sites\/3\/2021\/07\/Mail-Attachment-300x55.jpeg 300w\" sizes=\"auto, (max-width: 354px) 100vw, 354px\" \/><\/a><\/figure>\n<\/div>\n<\/div>\n\n\n\n<h5 class=\"wp-block-heading\">A Utopian Dream @ wildpalms<\/h5>\n\n\n\n<p style=\"font-size:14px\">Entra en un mundo ut\u00f3pico que est\u00e1 aqu\u00ed y ahora. Es una utop\u00eda que existe y es real, viva y posible a trav\u00e9s de las acciones reflexivas que podemos emprender y las decisiones que tomamos. Est\u00e1 llena de vida, expresada a trav\u00e9s de las flores y la naturaleza. Esta instalaci\u00f3n es una colaboraci\u00f3n entre Soci\u00e9t\u00e9 Angelique \/ Dise\u00f1adora Angelika Kammann y la artista sonora colombiana Beatriz Eugenia Diaz, que propone que la utop\u00eda puede ser nuestro presente si elegimos ser conscientes de nuestro planeta, ver su belleza y el poder que tenemos<\/p>\n\n\n\n<div class=\"wp-block-media-text alignwide is-stacked-on-mobile\"><figure class=\"wp-block-media-text__media\"><img loading=\"lazy\" decoding=\"async\" width=\"593\" height=\"582\" src=\"https:\/\/wild-palms.com\/es\/wp-content\/uploads\/sites\/3\/2021\/07\/Screen-Shot-2021-07-19-at-18.30.29.png\" alt=\"societe angelique wildpalms strike a pose exhibition d\u00fcsseldorf\" class=\"wp-image-5351 size-full\" srcset=\"https:\/\/wild-palms.com\/es\/wp-content\/uploads\/sites\/3\/2021\/07\/Screen-Shot-2021-07-19-at-18.30.29.png 593w, https:\/\/wild-palms.com\/es\/wp-content\/uploads\/sites\/3\/2021\/07\/Screen-Shot-2021-07-19-at-18.30.29-300x294.png 300w\" sizes=\"auto, (max-width: 593px) 100vw, 593px\" \/><\/figure><div class=\"wp-block-media-text__content\">\n<p style=\"font-size:14px\"><em>Soci\u00e9t\u00e9 Angelique:<\/em><\/p>\n\n\n\n<p style=\"font-size:13px\">La Tierra nos dice muchas cosas, si nos tomamos el tiempo de escucharlas.<\/p>\n\n\n\n<p style=\"font-size:13px\">Me encanta cuando las cosas se juntan de forma natural, cuando las energ\u00edas se encuentran de esta forma inexplicable y hermosa. Eso es lo que ocurri\u00f3 al conocer a Alexandra y Sanguino de wildpalms y, a trav\u00e9s de ellos, a Beatriz Eugenia. O\u00edrla hablar de su arte, del sonido de las plantas cuando crecen, me hizo pensar en una frase que le\u00ed una vez: La tierra nos dice muchas cosas, si nos tomamos el tiempo de escucharlas. Nuestros o\u00eddos son \u00f3rganos extraordinarios que captan sonidos y los traducen a una forma que nuestro cerebro puede entender, y en ese proceso reside la alegr\u00eda pura. Sent\u00ed esa alegr\u00eda oy\u00e9ndola hablar de la cigarra, acelerando el sonido al m\u00e1ximo y deteni\u00e9ndose bruscamente, para que uno pueda o\u00edr el silencio. Sent\u00ed ligereza. Una ligereza que encontr\u00e9 en el hermoso espacio de la galer\u00eda creativa de Wildpalms, una ligereza que llena la sala cuando las personas se comunican a trav\u00e9s del amor. Una ligereza que me gustar\u00eda expresar en mis colecciones, ya sean de verano o de invierno, y que sent\u00ed que se correspond\u00eda muy bien con el arte de Beatriz. Creo que estos sentimientos pueden formar parte de un sue\u00f1o ut\u00f3pico.<\/p>\n\n\n\n<p style=\"font-size:13px\">La tierra nos dice muchas cosas, si nos tomamos el tiempo de escucharlas.<\/p>\n<\/div><\/div>\n\n\n\n<div class=\"wp-block-media-text alignwide is-stacked-on-mobile\"><figure class=\"wp-block-media-text__media\"><img loading=\"lazy\" decoding=\"async\" width=\"720\" height=\"733\" src=\"https:\/\/wild-palms.com\/es\/wp-content\/uploads\/sites\/3\/2021\/07\/PHOTO-2021-05-17-21-40-03.jpg\" alt=\"Beatriz eugenia diaz wildpalms soundscape sound waves exhibition strike a pose d\u00fcsseldorf\" class=\"wp-image-5349 size-full\" srcset=\"https:\/\/wild-palms.com\/es\/wp-content\/uploads\/sites\/3\/2021\/07\/PHOTO-2021-05-17-21-40-03.jpg 720w, https:\/\/wild-palms.com\/es\/wp-content\/uploads\/sites\/3\/2021\/07\/PHOTO-2021-05-17-21-40-03-295x300.jpg 295w\" sizes=\"auto, (max-width: 720px) 100vw, 720px\" \/><\/figure><div class=\"wp-block-media-text__content\">\n<p style=\"font-size:14px\"><em>Beatriz Eugenia Diaz:<\/em><\/p>\n\n\n\n<p style=\"font-size:13px\">Naturaleza en flores &#8211; flores en nuestras almas. El mundo florece y se abre a la vida. Parecido a un sue\u00f1o. Una llamada viene de arriba. Podemos ver c\u00f3mo brotan los colores de la tierra y o\u00edr c\u00f3mo brotamos nosotros de los colores. Lentamente. El crecimiento se acelera lentamente. M\u00e1s tarde, a trav\u00e9s de un ritmo sostenido, nuestros cuerpos flotan, se convierten en un mismo esp\u00edritu. Igual que las flores en la naturaleza.<\/p>\n\n\n\n<p style=\"font-size:13px\">Imagina la colecci\u00f3n de Soci\u00e9t\u00e9 Angelique &#8220;TORREROS EN UTOP\u00cdA&#8221; en el espacio luminoso de las palmeras silvestres. C\u00f3mo te fundes con las flores. Eres esa flor abierta que recibe la alegr\u00eda de vivir igual que la luna recibe y refleja la luz del sol. Estas son las im\u00e1genes que habitaron mi cabeza despu\u00e9s de haber visto el proyecto de Soci\u00e9t\u00e9 Angelique y haber so\u00f1ado con su colecci\u00f3n en wildpalms.<br>&#8220;Otro mundo es posible&#8221;. Hubo un tiempo en que olvidamos que formamos parte de la naturaleza. Ahora, cerramos los ojos. Entonces, cerremos los ojos y abramos los o\u00eddos. La utop\u00eda es el tiempo presente, este mundo es posible. La vida es una llamada continua. Lo que hacemos tambi\u00e9n es una llamada. Una imagen vibra en simpat\u00eda con otra y a trav\u00e9s de esta vibraci\u00f3n compartida crean una nueva. Esta es mi sensaci\u00f3n: los tonos que propongo se mezclar\u00e1n con los tonos que propone Angelika, se est\u00e1n creando nuevas tonalidades. Somos part\u00edculas de una misma biosfera, respirando esa nueva atm\u00f3sfera de colores vibrantes: la naturaleza en flor.<\/p>\n<\/div><\/div>\n\n\n\n<figure class=\"wp-block-image alignwide size-large\"><a href=\"https:\/\/wild-palms.com\/es\/wp-content\/uploads\/sites\/3\/2021\/06\/PHOTO-2021-05-16-19-39-29.jpg\" data-rel=\"lightbox-image-1\" data-rl_title=\"\" data-rl_caption=\"\" title=\"\"><img loading=\"lazy\" decoding=\"async\" width=\"1024\" height=\"404\" src=\"https:\/\/wild-palms.com\/es\/wp-content\/uploads\/sites\/3\/2021\/06\/PHOTO-2021-05-16-19-39-29-1024x404.jpg\" alt=\"Beatriz Eugenia Diaz wildpalms strike a pose art Sound installation\" class=\"wp-image-5146\" srcset=\"https:\/\/wild-palms.com\/es\/wp-content\/uploads\/sites\/3\/2021\/06\/PHOTO-2021-05-16-19-39-29-1024x404.jpg 1024w, https:\/\/wild-palms.com\/es\/wp-content\/uploads\/sites\/3\/2021\/06\/PHOTO-2021-05-16-19-39-29-300x118.jpg 300w, https:\/\/wild-palms.com\/es\/wp-content\/uploads\/sites\/3\/2021\/06\/PHOTO-2021-05-16-19-39-29-768x303.jpg 768w, https:\/\/wild-palms.com\/es\/wp-content\/uploads\/sites\/3\/2021\/06\/PHOTO-2021-05-16-19-39-29-750x296.jpg 750w, https:\/\/wild-palms.com\/es\/wp-content\/uploads\/sites\/3\/2021\/06\/PHOTO-2021-05-16-19-39-29-400x158.jpg 400w, https:\/\/wild-palms.com\/es\/wp-content\/uploads\/sites\/3\/2021\/06\/PHOTO-2021-05-16-19-39-29-430x170.jpg 430w, https:\/\/wild-palms.com\/es\/wp-content\/uploads\/sites\/3\/2021\/06\/PHOTO-2021-05-16-19-39-29-150x59.jpg 150w, https:\/\/wild-palms.com\/es\/wp-content\/uploads\/sites\/3\/2021\/06\/PHOTO-2021-05-16-19-39-29-100x39.jpg 100w, https:\/\/wild-palms.com\/es\/wp-content\/uploads\/sites\/3\/2021\/06\/PHOTO-2021-05-16-19-39-29.jpg 1120w\" sizes=\"auto, (max-width: 1024px) 100vw, 1024px\" \/><\/a><\/figure>\n","protected":false},"excerpt":{"rendered":"<p>Soci\u00e9t\u00e9 Angelique:A Utopian Dream Exhibici\u00f3n e instalaci\u00f3nconcebida por Alexandra Meffert y Jorge Sanguino, con Beatriz Eugenia Diaz Soci\u00e9t\u00e9 Angelique Julio 23 2021 A Utopian Dream @ wildpalms Entra en un mundo ut\u00f3pico que est\u00e1 aqu\u00ed y ahora. Es una utop\u00eda que existe y es real, viva y posible a trav\u00e9s de las acciones reflexivas que [&hellip;]<\/p>\n","protected":false},"author":1,"featured_media":0,"parent":0,"menu_order":0,"comment_status":"closed","ping_status":"closed","template":"","meta":{"_coblocks_attr":"","_coblocks_dimensions":"","_coblocks_responsive_height":"","_coblocks_accordion_ie_support":"","hide_page_title":"","footnotes":""},"class_list":["post-5017","page","type-page","status-publish","hentry"],"yoast_head":"<!-- This site is optimized with the Yoast SEO plugin v27.0 - https:\/\/yoast.com\/product\/yoast-seo-wordpress\/ -->\n<title>Strike A Pose - wildpalms ES<\/title>\n<meta name=\"description\" content=\"Soci\u00e9t\u00e9 Angelique en colaboraci\u00f3n con wildpalms para este evento que une por vez primera sound art y fashion.\" \/>\n<meta name=\"robots\" content=\"index, follow, max-snippet:-1, max-image-preview:large, max-video-preview:-1\" \/>\n<link rel=\"canonical\" href=\"https:\/\/wild-palms.com\/es\/strike-a-pose\/\" \/>\n<meta property=\"og:locale\" content=\"es_ES\" \/>\n<meta property=\"og:type\" content=\"article\" \/>\n<meta property=\"og:title\" content=\"Strike A Pose - wildpalms ES\" \/>\n<meta property=\"og:description\" content=\"Soci\u00e9t\u00e9 Angelique en colaboraci\u00f3n con wildpalms para este evento que une por vez primera sound art y fashion.\" \/>\n<meta property=\"og:url\" content=\"https:\/\/wild-palms.com\/es\/strike-a-pose\/\" \/>\n<meta property=\"og:site_name\" content=\"wildpalms ES\" \/>\n<meta property=\"article:modified_time\" content=\"2023-12-10T16:39:35+00:00\" \/>\n<meta property=\"og:image\" content=\"https:\/\/wild-palms.com\/es\/wp-content\/uploads\/sites\/3\/2021\/07\/Screen-Shot-2021-06-02-at-12.04.25-corrected.png\" \/>\n<meta name=\"twitter:card\" content=\"summary_large_image\" \/>\n<meta name=\"twitter:label1\" content=\"Est. reading time\" \/>\n\t<meta name=\"twitter:data1\" content=\"4 minutes\" \/>\n<script type=\"application\/ld+json\" class=\"yoast-schema-graph\">{\"@context\":\"https:\/\/schema.org\",\"@graph\":[{\"@type\":\"WebPage\",\"@id\":\"https:\/\/wild-palms.com\/es\/strike-a-pose\/\",\"url\":\"https:\/\/wild-palms.com\/es\/strike-a-pose\/\",\"name\":\"Strike A Pose - wildpalms ES\",\"isPartOf\":{\"@id\":\"https:\/\/wild-palms.com\/es\/#website\"},\"primaryImageOfPage\":{\"@id\":\"https:\/\/wild-palms.com\/es\/strike-a-pose\/#primaryimage\"},\"image\":{\"@id\":\"https:\/\/wild-palms.com\/es\/strike-a-pose\/#primaryimage\"},\"thumbnailUrl\":\"https:\/\/wild-palms.com\/es\/wp-content\/uploads\/sites\/3\/2021\/07\/Screen-Shot-2021-06-02-at-12.04.25-corrected.png\",\"datePublished\":\"2021-06-02T10:14:04+00:00\",\"dateModified\":\"2023-12-10T16:39:35+00:00\",\"description\":\"Soci\u00e9t\u00e9 Angelique en colaboraci\u00f3n con wildpalms para este evento que une por vez primera sound art y fashion.\",\"breadcrumb\":{\"@id\":\"https:\/\/wild-palms.com\/es\/strike-a-pose\/#breadcrumb\"},\"inLanguage\":\"es\",\"potentialAction\":[{\"@type\":\"ReadAction\",\"target\":[\"https:\/\/wild-palms.com\/es\/strike-a-pose\/\"]}]},{\"@type\":\"ImageObject\",\"inLanguage\":\"es\",\"@id\":\"https:\/\/wild-palms.com\/es\/strike-a-pose\/#primaryimage\",\"url\":\"https:\/\/wild-palms.com\/es\/wp-content\/uploads\/sites\/3\/2021\/07\/Screen-Shot-2021-06-02-at-12.04.25-corrected.png\",\"contentUrl\":\"https:\/\/wild-palms.com\/es\/wp-content\/uploads\/sites\/3\/2021\/07\/Screen-Shot-2021-06-02-at-12.04.25-corrected.png\",\"width\":496,\"height\":702,\"caption\":\"strike a pose societe angelique angelika kammann beatriz eugenia diaz wildpalms exhibition d\u00fcsseldorf\"},{\"@type\":\"BreadcrumbList\",\"@id\":\"https:\/\/wild-palms.com\/es\/strike-a-pose\/#breadcrumb\",\"itemListElement\":[{\"@type\":\"ListItem\",\"position\":1,\"name\":\"Home\",\"item\":\"https:\/\/wild-palms.com\/es\/\"},{\"@type\":\"ListItem\",\"position\":2,\"name\":\"Strike A Pose\"}]},{\"@type\":\"WebSite\",\"@id\":\"https:\/\/wild-palms.com\/es\/#website\",\"url\":\"https:\/\/wild-palms.com\/es\/\",\"name\":\"wildpalms ES\",\"description\":\"\",\"publisher\":{\"@id\":\"https:\/\/wild-palms.com\/es\/#organization\"},\"potentialAction\":[{\"@type\":\"SearchAction\",\"target\":{\"@type\":\"EntryPoint\",\"urlTemplate\":\"https:\/\/wild-palms.com\/es\/?s={search_term_string}\"},\"query-input\":{\"@type\":\"PropertyValueSpecification\",\"valueRequired\":true,\"valueName\":\"search_term_string\"}}],\"inLanguage\":\"es\"},{\"@type\":\"Organization\",\"@id\":\"https:\/\/wild-palms.com\/es\/#organization\",\"name\":\"wildpalms ES\",\"url\":\"https:\/\/wild-palms.com\/es\/\",\"logo\":{\"@type\":\"ImageObject\",\"inLanguage\":\"es\",\"@id\":\"https:\/\/wild-palms.com\/es\/#\/schema\/logo\/image\/\",\"url\":\"https:\/\/wild-palms.com\/es\/wp-content\/uploads\/sites\/3\/2023\/03\/cropped-wildpalms_logo_ths.png\",\"contentUrl\":\"https:\/\/wild-palms.com\/es\/wp-content\/uploads\/sites\/3\/2023\/03\/cropped-wildpalms_logo_ths.png\",\"width\":1200,\"height\":197,\"caption\":\"wildpalms ES\"},\"image\":{\"@id\":\"https:\/\/wild-palms.com\/es\/#\/schema\/logo\/image\/\"}}]}<\/script>\n<!-- \/ Yoast SEO plugin. -->","yoast_head_json":{"title":"Strike A Pose - wildpalms ES","description":"Soci\u00e9t\u00e9 Angelique en colaboraci\u00f3n con wildpalms para este evento que une por vez primera sound art y fashion.","robots":{"index":"index","follow":"follow","max-snippet":"max-snippet:-1","max-image-preview":"max-image-preview:large","max-video-preview":"max-video-preview:-1"},"canonical":"https:\/\/wild-palms.com\/es\/strike-a-pose\/","og_locale":"es_ES","og_type":"article","og_title":"Strike A Pose - wildpalms ES","og_description":"Soci\u00e9t\u00e9 Angelique en colaboraci\u00f3n con wildpalms para este evento que une por vez primera sound art y fashion.","og_url":"https:\/\/wild-palms.com\/es\/strike-a-pose\/","og_site_name":"wildpalms ES","article_modified_time":"2023-12-10T16:39:35+00:00","og_image":[{"url":"https:\/\/wild-palms.com\/es\/wp-content\/uploads\/sites\/3\/2021\/07\/Screen-Shot-2021-06-02-at-12.04.25-corrected.png","type":"","width":"","height":""}],"twitter_card":"summary_large_image","twitter_misc":{"Est. reading time":"4 minutes"},"schema":{"@context":"https:\/\/schema.org","@graph":[{"@type":"WebPage","@id":"https:\/\/wild-palms.com\/es\/strike-a-pose\/","url":"https:\/\/wild-palms.com\/es\/strike-a-pose\/","name":"Strike A Pose - wildpalms ES","isPartOf":{"@id":"https:\/\/wild-palms.com\/es\/#website"},"primaryImageOfPage":{"@id":"https:\/\/wild-palms.com\/es\/strike-a-pose\/#primaryimage"},"image":{"@id":"https:\/\/wild-palms.com\/es\/strike-a-pose\/#primaryimage"},"thumbnailUrl":"https:\/\/wild-palms.com\/es\/wp-content\/uploads\/sites\/3\/2021\/07\/Screen-Shot-2021-06-02-at-12.04.25-corrected.png","datePublished":"2021-06-02T10:14:04+00:00","dateModified":"2023-12-10T16:39:35+00:00","description":"Soci\u00e9t\u00e9 Angelique en colaboraci\u00f3n con wildpalms para este evento que une por vez primera sound art y fashion.","breadcrumb":{"@id":"https:\/\/wild-palms.com\/es\/strike-a-pose\/#breadcrumb"},"inLanguage":"es","potentialAction":[{"@type":"ReadAction","target":["https:\/\/wild-palms.com\/es\/strike-a-pose\/"]}]},{"@type":"ImageObject","inLanguage":"es","@id":"https:\/\/wild-palms.com\/es\/strike-a-pose\/#primaryimage","url":"https:\/\/wild-palms.com\/es\/wp-content\/uploads\/sites\/3\/2021\/07\/Screen-Shot-2021-06-02-at-12.04.25-corrected.png","contentUrl":"https:\/\/wild-palms.com\/es\/wp-content\/uploads\/sites\/3\/2021\/07\/Screen-Shot-2021-06-02-at-12.04.25-corrected.png","width":496,"height":702,"caption":"strike a pose societe angelique angelika kammann beatriz eugenia diaz wildpalms exhibition d\u00fcsseldorf"},{"@type":"BreadcrumbList","@id":"https:\/\/wild-palms.com\/es\/strike-a-pose\/#breadcrumb","itemListElement":[{"@type":"ListItem","position":1,"name":"Home","item":"https:\/\/wild-palms.com\/es\/"},{"@type":"ListItem","position":2,"name":"Strike A Pose"}]},{"@type":"WebSite","@id":"https:\/\/wild-palms.com\/es\/#website","url":"https:\/\/wild-palms.com\/es\/","name":"wildpalms ES","description":"","publisher":{"@id":"https:\/\/wild-palms.com\/es\/#organization"},"potentialAction":[{"@type":"SearchAction","target":{"@type":"EntryPoint","urlTemplate":"https:\/\/wild-palms.com\/es\/?s={search_term_string}"},"query-input":{"@type":"PropertyValueSpecification","valueRequired":true,"valueName":"search_term_string"}}],"inLanguage":"es"},{"@type":"Organization","@id":"https:\/\/wild-palms.com\/es\/#organization","name":"wildpalms ES","url":"https:\/\/wild-palms.com\/es\/","logo":{"@type":"ImageObject","inLanguage":"es","@id":"https:\/\/wild-palms.com\/es\/#\/schema\/logo\/image\/","url":"https:\/\/wild-palms.com\/es\/wp-content\/uploads\/sites\/3\/2023\/03\/cropped-wildpalms_logo_ths.png","contentUrl":"https:\/\/wild-palms.com\/es\/wp-content\/uploads\/sites\/3\/2023\/03\/cropped-wildpalms_logo_ths.png","width":1200,"height":197,"caption":"wildpalms ES"},"image":{"@id":"https:\/\/wild-palms.com\/es\/#\/schema\/logo\/image\/"}}]}},"_links":{"self":[{"href":"https:\/\/wild-palms.com\/es\/wp-json\/wp\/v2\/pages\/5017","targetHints":{"allow":["GET"]}}],"collection":[{"href":"https:\/\/wild-palms.com\/es\/wp-json\/wp\/v2\/pages"}],"about":[{"href":"https:\/\/wild-palms.com\/es\/wp-json\/wp\/v2\/types\/page"}],"author":[{"embeddable":true,"href":"https:\/\/wild-palms.com\/es\/wp-json\/wp\/v2\/users\/1"}],"replies":[{"embeddable":true,"href":"https:\/\/wild-palms.com\/es\/wp-json\/wp\/v2\/comments?post=5017"}],"version-history":[{"count":4,"href":"https:\/\/wild-palms.com\/es\/wp-json\/wp\/v2\/pages\/5017\/revisions"}],"predecessor-version":[{"id":8289,"href":"https:\/\/wild-palms.com\/es\/wp-json\/wp\/v2\/pages\/5017\/revisions\/8289"}],"wp:attachment":[{"href":"https:\/\/wild-palms.com\/es\/wp-json\/wp\/v2\/media?parent=5017"}],"curies":[{"name":"wp","href":"https:\/\/api.w.org\/{rel}","templated":true}]}}