{"id":488,"date":"2016-09-24T17:59:22","date_gmt":"2016-09-24T15:59:22","guid":{"rendered":"http:\/\/wild-palms.com\/es\/?page_id=488"},"modified":"2024-12-26T16:28:55","modified_gmt":"2024-12-26T15:28:55","slug":"artistas","status":"publish","type":"page","link":"https:\/\/wild-palms.com\/es\/artistas\/","title":{"rendered":"Artistas"},"content":{"rendered":"\n<h3 class=\"wp-block-heading has-text-align-center\">ARTISTAS Y ARTISTAS EXHIBIDOS<\/h3>\n\n\n\n<p class=\"has-text-align-center\">m\u00e1s informaci\u00f3n<\/p>\n\n\n\n<div class=\"wp-block-button is-style-outline aligncenter is-style-outline--1\"><a class=\"wp-block-button__link has-very-dark-gray-color has-text-color wp-element-button\" href=\"mailto:info@wild-palms.com\/es\">escribanos un correo<\/a><\/div>\n\n\n\n<div style=\"height:36px\" aria-hidden=\"true\" class=\"wp-block-spacer\"><\/div>\n\n\n\n<div class=\"wp-block-columns is-layout-flex wp-container-core-columns-is-layout-9d6595d7 wp-block-columns-is-layout-flex\">\n<div class=\"wp-block-column is-layout-flow wp-block-column-is-layout-flow\">\n<div style=\"height:26px\" aria-hidden=\"true\" class=\"wp-block-spacer\"><\/div>\n\n\n\n<p class=\"has-text-align-center\"><a href=\"http:\/\/wild-palms.com\/es\/mario-asef\/\">Mario Asef<\/a><\/p>\n\n\n\n<p class=\"has-text-align-center\"><a href=\"http:\/\/wild-palms.com\/es\/lauriston-avery\/\">Lauriston Avery<\/a><\/p>\n\n\n\n<p class=\"has-text-align-center\"><a href=\"https:\/\/wild-palms.com\/es\/felipe-castelblanco\/\">Felipe Castelblanco<\/a><\/p>\n\n\n\n<p class=\"has-text-align-center\"><a href=\"http:\/\/wild-palms.com\/es\/jason-duval\/\">Jason Duval<\/a><\/p>\n\n\n\n<p class=\"has-text-align-center\"><a href=\"http:\/\/wild-palms.com\/es\/nika-fontaine\/\">Nika Fontaine<\/a><\/p>\n\n\n\n<p class=\"has-text-align-center\"><a href=\"http:\/\/wild-palms.com\/es\/paul-hance\/\">Paul Hance<\/a><\/p>\n\n\n\n<p class=\"has-text-align-center\"><a href=\"http:\/\/wild-palms.com\/es\/rachel-libeskind\/\">Rachel Libeskind<\/a><\/p>\n\n\n\n<p class=\"has-text-align-center\"><a href=\"http:\/\/wild-palms.com\/es\/mauricio-limon\/\">Mauricio Limon<\/a><\/p>\n\n\n\n<p class=\"has-text-align-center\"><a href=\"http:\/\/wild-palms.com\/es\/la-rubia-te-besa\/\">La Rubia Te Besa<\/a><\/p>\n\n\n\n<p class=\"has-text-align-center\"><a href=\"https:\/\/wild-palms.com\/es\/karen-paulina-biswell\/\">Karen Paulina Biswell<\/a><\/p>\n\n\n\n<p class=\"has-text-align-center\"><a href=\"https:\/\/www.leeesh.com\/\">Alicia Adamerovich<\/a><\/p>\n\n\n\n<p class=\"has-text-align-center\"><a href=\"http:\/\/www.astalipeirce.com\/\">Astali\/Peirce<\/a><\/p>\n\n\n\n<p class=\"has-text-align-center\">Hans Baumann<\/p>\n\n\n\n<p class=\"has-text-align-center\">Fernando Barrera<\/p>\n\n\n\n<p class=\"has-text-align-center\"><a href=\"https:\/\/heatherbenjamin.bigcartel.com\/\">Heather Benjamin<\/a><\/p>\n\n\n\n<p class=\"has-text-align-center\"><a href=\"https:\/\/www.maltebruns.com\/\" target=\"_blank\" rel=\"noreferrer noopener\">Malte Bruns<\/a><\/p>\n\n\n\n<p class=\"has-text-align-center\"><a href=\"https:\/\/www.lindsaymburke.com\/#1\">Lindsay Burke<\/a><\/p>\n\n\n\n<p class=\"has-text-align-center\"><a href=\"http:\/\/wild-palms.com\/es\/santiago-castano\/\">Santiago Casta\u00f1o<\/a><\/p>\n\n\n\n<p class=\"has-text-align-center\"><a href=\"http:\/\/wild-palms.com\/es\/anibal-catalan\/\">Anibal Catalan<\/a><\/p>\n\n\n\n<p class=\"has-text-align-center\"><a href=\"https:\/\/promulgator.com\/\">Charles Cohen<\/a><\/p>\n\n\n\n<p class=\"has-text-align-center\"><a href=\"http:\/\/wild-palms.com\/es\/jose-luis-cortes-santander\/\">Jos\u00e9 Luis Cort\u00e9s-Santander<\/a><\/p>\n\n\n\n<p class=\"has-text-align-center\"><a href=\"https:\/\/www.dalvia.com\/\">Carl D\u2019Alvia<\/a><\/p>\n\n\n\n<p class=\"has-text-align-center\"><a href=\"http:\/\/www.derekeller.com\/artists\/steve-dibenedetto\">Steve Dibenedetto<\/a><\/p>\n\n\n\n<p class=\"has-text-align-center\">Patricia Dominguez<\/p>\n\n\n\n<p class=\"has-text-align-center\"><a href=\"https:\/\/jdupont.tv\/\" target=\"_blank\" rel=\"noreferrer noopener\">Julian Dupont<\/a><\/p>\n\n\n\n<p class=\"has-text-align-center\">Luis Carlos Echeverri<\/p>\n\n\n\n<p class=\"has-text-align-center\"><a href=\"http:\/\/jonathanehrenberg.com\/\">Jonathan Ehrenberg<\/a><\/p>\n\n\n\n<p class=\"has-text-align-center\"><a href=\"http:\/\/wild-palms.com\/es\/jose-elguezabal\/\">Jos\u00e9 Elguezabal<\/a><\/p>\n\n\n\n<p class=\"has-text-align-center\"><a href=\"http:\/\/shaunellison.com\/\">Shaun Ellison<\/a><\/p>\n\n\n\n<p class=\"has-text-align-center\"><a href=\"https:\/\/georgiaelrod.com\/\">Georgia Elrod<\/a><\/p>\n\n\n\n<p class=\"has-text-align-center\"><a href=\"http:\/\/www.lapopular.tv\/\">Simon Hernandez<\/a><\/p>\n\n\n\n<p class=\"has-text-align-center\"><a href=\"http:\/\/sikkemajenkinsco.com\/index.php?v=artist&amp;artist=4eeccc3649fd4\">Arturo Herrera<\/a><\/p>\n\n\n\n<p class=\"has-text-align-center\"><a href=\"http:\/\/www.hervehumbert.com\/\">Herve Humbert<\/a><\/p>\n\n\n\n<p class=\"has-text-align-center\"><a href=\"https:\/\/elektrakb.com\/\" target=\"_blank\" rel=\"noreferrer noopener\">Elektra KB<\/a><\/p>\n\n\n\n<p class=\"has-text-align-center\">Erwin y Lorena Kraus<\/p>\n\n\n\n<p class=\"has-text-align-center\"><a href=\"https:\/\/wild-palms.com\/es\/beatriz-eugenia-diaz\/\">Beatriz Eugenia Diaz Bejarano<\/a> <\/p>\n\n\n\n<p class=\"has-text-align-center\"><a href=\"http:\/\/www.jasonfoxart.com\/Jason_Fox_Art_Home.html\">Jason Fox<\/a><\/p>\n\n\n\n<p class=\"has-text-align-center\"><a href=\"http:\/\/danafrankfort.com\/\">Dana Frankfort<\/a><\/p>\n\n\n\n<p class=\"has-text-align-center\"><a href=\"https:\/\/sophiafrydman.tumblr.com\/\">Sophia Frydman<\/a><\/p>\n\n\n\n<p class=\"has-text-align-center\"><a href=\"https:\/\/aliciagibson.net\/home.html\">Alicia Gibson<\/a><\/p>\n\n\n\n<p class=\"has-text-align-center\"><a href=\"http:\/\/teverinafineart.com\/artists\/scott-grodesky.html\">Scott Grodesky<\/a><\/p>\n\n\n\n<p class=\"has-text-align-center\"><a href=\"https:\/\/andrewguenther.com\/home.html\">Andrew Guenther<\/a><\/p>\n\n\n\n<p class=\"has-text-align-center\"><a href=\"http:\/\/chrishammerlein.de\/\">Chris Hammerlein<\/a><\/p>\n\n\n\n<p class=\"has-text-align-center\"><a href=\"http:\/\/www.angelaheisch.com\/\">Angela Heisch<\/a><\/p>\n\n\n\n<p class=\"has-text-align-center\">Elektra KB<\/p>\n\n\n\n<p class=\"has-text-align-center\">Morgan Mandalay<\/p>\n\n\n\n<p class=\"has-text-align-center\"><a href=\"http:\/\/timeline.manetas.com\/\" target=\"_blank\" rel=\"noreferrer noopener\">Miltos Manetas<\/a><\/p>\n\n\n\n<p class=\"has-text-align-center\"><a href=\"http:\/\/jjmanford.com\/\">JJ Manford<\/a><\/p>\n\n\n\n<p class=\"has-text-align-center\">Barbara Marcela<\/p>\n\n\n\n<p class=\"has-text-align-center\"><a href=\"http:\/\/cherishmarquez.com\/\" target=\"_blank\" rel=\"noreferrer noopener\">Cherish Marquez<\/a><\/p>\n\n\n\n<p class=\"has-text-align-center\">Juan Mayr<\/p>\n\n\n\n<p class=\"has-text-align-center\"><a href=\"https:\/\/www.instagram.com\/saira_mclaren\/\">Saira McLaren<\/a><\/p>\n\n\n\n<p class=\"has-text-align-center\"><a href=\"https:\/\/www.emilymariemiller.com\/\">Emily Miller<\/a><\/p>\n\n\n\n<p class=\"has-text-align-center\"><a href=\"https:\/\/marcomontielsoto.com\/\" target=\"_blank\" rel=\"noreferrer noopener\">Marco Montiel Soto<\/a><\/p>\n\n\n\n<p class=\"has-text-align-center\"><a href=\"http:\/\/www.johnlmoore.net\/recent.html\">John L. Moore<\/a><\/p>\n\n\n\n<p class=\"has-text-align-center\"><a href=\"https:\/\/www.bridgetmullen.com\/\">Bridget Mullen<\/a><\/p>\n\n\n\n<p class=\"has-text-align-center\"><a href=\"http:\/\/wild-palms.com\/es\/alejandro-almanza-pereda\/\">Alejandro Almanza Pereda<\/a><\/p>\n\n\n\n<p class=\"has-text-align-center\"><a href=\"http:\/\/calixtoramirezstudio.com\/\">Calixto Ramirez<\/a><\/p>\n\n\n\n<p class=\"has-text-align-center\"><a href=\"https:\/\/www.erikaranee.com\/\">Erika Ranee<\/a><\/p>\n\n\n\n<p class=\"has-text-align-center\"><a href=\"http:\/\/alexanderross.work\/\">Alexander Ross<\/a><\/p>\n\n\n\n<p class=\"has-text-align-center\"><a href=\"http:\/\/www.adriannerubenstein.ca\/\">Adrianne Rubenstein<\/a><\/p>\n\n\n\n<p class=\"has-text-align-center\"><a href=\"https:\/\/www.jackiesaccoccio.com\/\">Jackie Saccoccio<\/a><\/p>\n\n\n\n<p class=\"has-text-align-center\"><a href=\"http:\/\/www.klausschmittart.de\/\">Klaus Schmitt<\/a><\/p>\n\n\n\n<p class=\"has-text-align-center\"><a href=\"http:\/\/michellesegre.com\/\">Michelle Segre<\/a><\/p>\n\n\n\n<p class=\"has-text-align-center\"><a href=\"https:\/\/www.jennifersullivan.org\/\">Jennifer Sullivan<\/a><\/p>\n\n\n\n<p class=\"has-text-align-center\"><a href=\"http:\/\/www.shinpeitakeda.com\/\" target=\"_blank\" rel=\"noreferrer noopener\">Shinpei Takeda<\/a><\/p>\n\n\n\n<p class=\"has-text-align-center\"><a href=\"http:\/\/www.galeriahilariogalguera.com\/nueva\/index.php?id=61\">Benjamin Torres<\/a><\/p>\n\n\n\n<p class=\"has-text-align-center\">Roberto Uribe<\/p>\n\n\n\n<p class=\"has-text-align-center\"><a href=\"http:\/\/www.benkvoss.com\/\">Ben K. Voss<\/a><\/p>\n\n\n\n<p class=\"has-text-align-center\"><a href=\"https:\/\/www.george-gallery.com\/\">Paul Whiting<\/a><\/p>\n\n\n\n<p class=\"has-text-align-center\"><a href=\"http:\/\/www.alexiworth.com\/\">Alexi Worth<\/a><\/p>\n\n\n\n<p class=\"has-text-align-center\"><a href=\"http:\/\/wild-palms.com\/es\/la-villa\/\"> La Villa<\/a><\/p>\n<\/div>\n<\/div>\n\n\n","protected":false},"excerpt":{"rendered":"<p>ARTISTAS Y ARTISTAS EXHIBIDOS m\u00e1s informaci\u00f3n Mario Asef Lauriston Avery Felipe Castelblanco Jason Duval Nika Fontaine Paul Hance Rachel Libeskind Mauricio Limon La Rubia Te Besa Karen Paulina Biswell Alicia Adamerovich Astali\/Peirce Hans Baumann Fernando Barrera Heather Benjamin Malte Bruns Lindsay Burke Santiago Casta\u00f1o Anibal Catalan Charles Cohen Jos\u00e9 Luis Cort\u00e9s-Santander Carl D\u2019Alvia Steve Dibenedetto [&hellip;]<\/p>\n","protected":false},"author":1,"featured_media":0,"parent":0,"menu_order":0,"comment_status":"closed","ping_status":"closed","template":"","meta":{"_coblocks_attr":"","_coblocks_dimensions":"","_coblocks_responsive_height":"","_coblocks_accordion_ie_support":"","hide_page_title":"","footnotes":""},"class_list":["post-488","page","type-page","status-publish","hentry"],"yoast_head":"<!-- This site is optimized with the Yoast SEO plugin v27.0 - https:\/\/yoast.com\/product\/yoast-seo-wordpress\/ -->\n<title>ARTISTAS | wildpalms<\/title>\n<meta name=\"description\" content=\"wildpalms representa Karen P Biswell, Nika Fontaine, Mario Asef, Mauricio Limon, Jason Duval, Paul Hance, Felipe Castelblanco\" \/>\n<meta name=\"robots\" content=\"index, follow, max-snippet:-1, max-image-preview:large, max-video-preview:-1\" \/>\n<link rel=\"canonical\" href=\"https:\/\/wild-palms.com\/es\/artistas\/\" \/>\n<meta property=\"og:locale\" content=\"es_ES\" \/>\n<meta property=\"og:type\" content=\"article\" \/>\n<meta property=\"og:title\" content=\"ARTISTAS | wildpalms\" \/>\n<meta property=\"og:description\" content=\"wildpalms representa Karen P Biswell, Nika Fontaine, Mario Asef, Mauricio Limon, Jason Duval, Paul Hance, Felipe Castelblanco\" \/>\n<meta property=\"og:url\" content=\"https:\/\/wild-palms.com\/es\/artistas\/\" \/>\n<meta property=\"og:site_name\" content=\"wildpalms ES\" \/>\n<meta property=\"article:modified_time\" content=\"2024-12-26T15:28:55+00:00\" \/>\n<meta name=\"twitter:card\" content=\"summary_large_image\" \/>\n<meta name=\"twitter:label1\" content=\"Est. reading time\" \/>\n\t<meta name=\"twitter:data1\" content=\"1 minute\" \/>\n<script type=\"application\/ld+json\" class=\"yoast-schema-graph\">{\"@context\":\"https:\/\/schema.org\",\"@graph\":[{\"@type\":\"WebPage\",\"@id\":\"https:\/\/wild-palms.com\/es\/artistas\/\",\"url\":\"https:\/\/wild-palms.com\/es\/artistas\/\",\"name\":\"ARTISTAS | wildpalms\",\"isPartOf\":{\"@id\":\"https:\/\/wild-palms.com\/es\/#website\"},\"datePublished\":\"2016-09-24T15:59:22+00:00\",\"dateModified\":\"2024-12-26T15:28:55+00:00\",\"description\":\"wildpalms representa Karen P Biswell, Nika Fontaine, Mario Asef, Mauricio Limon, Jason Duval, Paul Hance, Felipe Castelblanco\",\"breadcrumb\":{\"@id\":\"https:\/\/wild-palms.com\/es\/artistas\/#breadcrumb\"},\"inLanguage\":\"es\",\"potentialAction\":[{\"@type\":\"ReadAction\",\"target\":[\"https:\/\/wild-palms.com\/es\/artistas\/\"]}]},{\"@type\":\"BreadcrumbList\",\"@id\":\"https:\/\/wild-palms.com\/es\/artistas\/#breadcrumb\",\"itemListElement\":[{\"@type\":\"ListItem\",\"position\":1,\"name\":\"Home\",\"item\":\"https:\/\/wild-palms.com\/es\/\"},{\"@type\":\"ListItem\",\"position\":2,\"name\":\"Artistas\"}]},{\"@type\":\"WebSite\",\"@id\":\"https:\/\/wild-palms.com\/es\/#website\",\"url\":\"https:\/\/wild-palms.com\/es\/\",\"name\":\"wildpalms ES\",\"description\":\"\",\"publisher\":{\"@id\":\"https:\/\/wild-palms.com\/es\/#organization\"},\"potentialAction\":[{\"@type\":\"SearchAction\",\"target\":{\"@type\":\"EntryPoint\",\"urlTemplate\":\"https:\/\/wild-palms.com\/es\/?s={search_term_string}\"},\"query-input\":{\"@type\":\"PropertyValueSpecification\",\"valueRequired\":true,\"valueName\":\"search_term_string\"}}],\"inLanguage\":\"es\"},{\"@type\":\"Organization\",\"@id\":\"https:\/\/wild-palms.com\/es\/#organization\",\"name\":\"wildpalms ES\",\"url\":\"https:\/\/wild-palms.com\/es\/\",\"logo\":{\"@type\":\"ImageObject\",\"inLanguage\":\"es\",\"@id\":\"https:\/\/wild-palms.com\/es\/#\/schema\/logo\/image\/\",\"url\":\"https:\/\/wild-palms.com\/es\/wp-content\/uploads\/sites\/3\/2023\/03\/cropped-wildpalms_logo_ths.png\",\"contentUrl\":\"https:\/\/wild-palms.com\/es\/wp-content\/uploads\/sites\/3\/2023\/03\/cropped-wildpalms_logo_ths.png\",\"width\":1200,\"height\":197,\"caption\":\"wildpalms ES\"},\"image\":{\"@id\":\"https:\/\/wild-palms.com\/es\/#\/schema\/logo\/image\/\"}}]}<\/script>\n<!-- \/ Yoast SEO plugin. -->","yoast_head_json":{"title":"ARTISTAS | wildpalms","description":"wildpalms representa Karen P Biswell, Nika Fontaine, Mario Asef, Mauricio Limon, Jason Duval, Paul Hance, Felipe Castelblanco","robots":{"index":"index","follow":"follow","max-snippet":"max-snippet:-1","max-image-preview":"max-image-preview:large","max-video-preview":"max-video-preview:-1"},"canonical":"https:\/\/wild-palms.com\/es\/artistas\/","og_locale":"es_ES","og_type":"article","og_title":"ARTISTAS | wildpalms","og_description":"wildpalms representa Karen P Biswell, Nika Fontaine, Mario Asef, Mauricio Limon, Jason Duval, Paul Hance, Felipe Castelblanco","og_url":"https:\/\/wild-palms.com\/es\/artistas\/","og_site_name":"wildpalms ES","article_modified_time":"2024-12-26T15:28:55+00:00","twitter_card":"summary_large_image","twitter_misc":{"Est. reading time":"1 minute"},"schema":{"@context":"https:\/\/schema.org","@graph":[{"@type":"WebPage","@id":"https:\/\/wild-palms.com\/es\/artistas\/","url":"https:\/\/wild-palms.com\/es\/artistas\/","name":"ARTISTAS | wildpalms","isPartOf":{"@id":"https:\/\/wild-palms.com\/es\/#website"},"datePublished":"2016-09-24T15:59:22+00:00","dateModified":"2024-12-26T15:28:55+00:00","description":"wildpalms representa Karen P Biswell, Nika Fontaine, Mario Asef, Mauricio Limon, Jason Duval, Paul Hance, Felipe Castelblanco","breadcrumb":{"@id":"https:\/\/wild-palms.com\/es\/artistas\/#breadcrumb"},"inLanguage":"es","potentialAction":[{"@type":"ReadAction","target":["https:\/\/wild-palms.com\/es\/artistas\/"]}]},{"@type":"BreadcrumbList","@id":"https:\/\/wild-palms.com\/es\/artistas\/#breadcrumb","itemListElement":[{"@type":"ListItem","position":1,"name":"Home","item":"https:\/\/wild-palms.com\/es\/"},{"@type":"ListItem","position":2,"name":"Artistas"}]},{"@type":"WebSite","@id":"https:\/\/wild-palms.com\/es\/#website","url":"https:\/\/wild-palms.com\/es\/","name":"wildpalms ES","description":"","publisher":{"@id":"https:\/\/wild-palms.com\/es\/#organization"},"potentialAction":[{"@type":"SearchAction","target":{"@type":"EntryPoint","urlTemplate":"https:\/\/wild-palms.com\/es\/?s={search_term_string}"},"query-input":{"@type":"PropertyValueSpecification","valueRequired":true,"valueName":"search_term_string"}}],"inLanguage":"es"},{"@type":"Organization","@id":"https:\/\/wild-palms.com\/es\/#organization","name":"wildpalms ES","url":"https:\/\/wild-palms.com\/es\/","logo":{"@type":"ImageObject","inLanguage":"es","@id":"https:\/\/wild-palms.com\/es\/#\/schema\/logo\/image\/","url":"https:\/\/wild-palms.com\/es\/wp-content\/uploads\/sites\/3\/2023\/03\/cropped-wildpalms_logo_ths.png","contentUrl":"https:\/\/wild-palms.com\/es\/wp-content\/uploads\/sites\/3\/2023\/03\/cropped-wildpalms_logo_ths.png","width":1200,"height":197,"caption":"wildpalms ES"},"image":{"@id":"https:\/\/wild-palms.com\/es\/#\/schema\/logo\/image\/"}}]}},"_links":{"self":[{"href":"https:\/\/wild-palms.com\/es\/wp-json\/wp\/v2\/pages\/488","targetHints":{"allow":["GET"]}}],"collection":[{"href":"https:\/\/wild-palms.com\/es\/wp-json\/wp\/v2\/pages"}],"about":[{"href":"https:\/\/wild-palms.com\/es\/wp-json\/wp\/v2\/types\/page"}],"author":[{"embeddable":true,"href":"https:\/\/wild-palms.com\/es\/wp-json\/wp\/v2\/users\/1"}],"replies":[{"embeddable":true,"href":"https:\/\/wild-palms.com\/es\/wp-json\/wp\/v2\/comments?post=488"}],"version-history":[{"count":7,"href":"https:\/\/wild-palms.com\/es\/wp-json\/wp\/v2\/pages\/488\/revisions"}],"predecessor-version":[{"id":8773,"href":"https:\/\/wild-palms.com\/es\/wp-json\/wp\/v2\/pages\/488\/revisions\/8773"}],"wp:attachment":[{"href":"https:\/\/wild-palms.com\/es\/wp-json\/wp\/v2\/media?parent=488"}],"curies":[{"name":"wp","href":"https:\/\/api.w.org\/{rel}","templated":true}]}}