{"id":4773,"date":"2021-05-10T14:55:29","date_gmt":"2021-05-10T12:55:29","guid":{"rendered":"https:\/\/wild-palms.com\/es\/?page_id=4773"},"modified":"2023-12-11T00:30:57","modified_gmt":"2023-12-10T23:30:57","slug":"puerto-resistencia","status":"publish","type":"page","link":"https:\/\/wild-palms.com\/es\/puerto-resistencia\/","title":{"rendered":"PUERTO RESISTENCIA"},"content":{"rendered":"\n<h1 class=\"wp-block-heading\" style=\"font-size:25px\">PUERTO RESISTENCIA: respuestas a crisis sociales<\/h1>\n\n\n\n<p style=\"font-size:13px\">wildpalms es una galer\u00eda muy centrada en Latinoam\u00e9rica, hemos estado siguiendo no s\u00f3lo a los artistas y sus pr\u00e1cticas, sino tambi\u00e9n de cerca lo que est\u00e1 ocurriendo en estos pa\u00edses. Queremos llamar la atenci\u00f3n sobre la devastadora situaci\u00f3n actual en Colombia, especialmente en Cali.<\/p>\n\n\n\n<p style=\"font-size:13px\">Estamos orgullosos de que muchos de nuestros artistas y sus colegas hayan estado poniendo mucho trabajo, esfuerzo y sus recursos como artistas para crear obras que traten este tema y tengan un impacto.<\/p>\n\n\n\n<p style=\"font-size:13px\">Esta exposici\u00f3n tiene lugar en l\u00ednea, en nuestro sitio web y en las redes sociales.<\/p>\n\n\n\n<p style=\"font-size:13px\">Colaboradores (se a\u00f1adir\u00e1n m\u00e1s):<\/p>\n\n\n\n<div style=\"height:20px\" aria-hidden=\"true\" class=\"wp-block-spacer\"><\/div>\n\n\n\n<div class=\"wp-block-columns is-layout-flex wp-container-core-columns-is-layout-9d6595d7 wp-block-columns-is-layout-flex\">\n<div class=\"wp-block-column is-layout-flow wp-block-column-is-layout-flow\">\n<p><a href=\"https:\/\/wild-palms.com\/es\/karen-paulina-biswell\/\">Karen Paulina Biswell<\/a> <\/p>\n\n\n\n<p>Luis Carlos Echeverri<\/p>\n\n\n\n<p><a href=\"http:\/\/www.artoftheamericas.net\" target=\"_blank\" rel=\"noreferrer noopener\">Jorge Sanguino<\/a><\/p>\n<\/div>\n\n\n\n<div class=\"wp-block-column is-layout-flow wp-block-column-is-layout-flow\">\n<p><a href=\"https:\/\/wild-palms.com\/es\/beatriz-eugenia-diaz\/\">Beatriz Eugenia Diaz Bajerano<\/a><\/p>\n\n\n\n<p><a href=\"https:\/\/elektrakb.com\/\" target=\"_blank\" rel=\"noreferrer noopener\">Elektra KB<\/a><\/p>\n<\/div>\n\n\n\n<div class=\"wp-block-column is-layout-flow wp-block-column-is-layout-flow\">\n<p><a href=\"https:\/\/wild-palms.com\/es\/felipe-castelblanco\/\">Felipe Castelblanco<\/a><\/p>\n\n\n\n<p><a href=\"http:\/\/timeline.manetas.com\/\" target=\"_blank\" rel=\"noreferrer noopener\">Miltos Manetas<\/a><\/p>\n<\/div>\n<\/div>\n\n\n\n<div style=\"height:20px\" aria-hidden=\"true\" class=\"wp-block-spacer\"><\/div>\n\n\n\n<h5 class=\"wp-block-heading\">Miltos Manetas<\/h5>\n\n\n\n<p style=\"font-size:13px\">Miltos cre\u00f3 la NFT &#8220;Minga Ind\u00edgena #1&#8221;, una edici\u00f3n de 500, en la que todos los beneficios de Tezos ir\u00e1n directamente a la comunidad ind\u00edgena Minga.<\/p>\n\n\n\n<p style=\"font-size:13px\">Para ello, Miltos utiliza Hic Et Nunc, una alternativa respetuosa con el medio ambiente a las ahora tan extendidas plataformas de criptomonedas, utilizando Tezos como moneda.<\/p>\n\n\n\n<p><\/p>\n\n\n\n<div class=\"wp-block-columns is-layout-flex wp-container-core-columns-is-layout-9d6595d7 wp-block-columns-is-layout-flex\">\n<div class=\"wp-block-column is-layout-flow wp-block-column-is-layout-flow\">\n<figure class=\"wp-block-video alignwide\"><video height=\"640\" style=\"aspect-ratio: 640 \/ 640;\" width=\"640\" controls src=\"https:\/\/wild-palms.com\/es\/wp-content\/uploads\/sites\/3\/2021\/05\/VIDEO-2021-05-11-18-02-08.mp4\"><\/video><\/figure>\n<\/div>\n<\/div>\n\n\n\n<p style=\"font-size:13px\">Esta obra es un #NFT para apoyar la lucha de los pueblos ind\u00edgenas en Colombia. La imagen es la Wiphala, un emblema cuadrado que representa a algunos pueblos nativos de los Andes que incluyen el actual Per\u00fa, Bolivia, Ecuador y partes de Argentina, Chile y Colombia. La m\u00fasica es el Himno de la Guardia Ind\u00edgena de la Orquesta Filarm\u00f3nica de Bogot\u00e1. Todos los Tezos se destinar\u00e1n a la Minga Ind\u00edgena a trav\u00e9s de \u00daKUBE, un DAO creado para dirigir un r\u00edo inagotable de recursos hacia las comunidades ind\u00edgenas.<\/p>\n\n\n\n<div style=\"height:37px\" aria-hidden=\"true\" class=\"wp-block-spacer\"><\/div>\n\n\n\n<h5 class=\"wp-block-heading\">La Guardia Fuerza ft. Andrea Echeverry<\/h5>\n\n\n\n<figure class=\"wp-block-embed is-type-video is-provider-youtube wp-block-embed-youtube wp-embed-aspect-16-9 wp-has-aspect-ratio\"><div class=\"wp-block-embed__wrapper\">\n<iframe loading=\"lazy\" title=\"Himno de la Guardia Ind\u00edgena - Guardia Fuerza ft. Andrea Echeverry, Ali Aka Mind, Chane Meza ...\" width=\"660\" height=\"371\" src=\"https:\/\/www.youtube.com\/embed\/uwR6VgQ1mOE?feature=oembed\" frameborder=\"0\" allow=\"accelerometer; autoplay; clipboard-write; encrypted-media; gyroscope; picture-in-picture; web-share\" referrerpolicy=\"strict-origin-when-cross-origin\" allowfullscreen><\/iframe>\n<\/div><\/figure>\n\n\n\n<h5 class=\"wp-block-heading\">Luis Carlos Echeverri<\/h5>\n\n\n\n<p style=\"font-size:13px\">La &#8220;primera l\u00ednea&#8221; son personas, en su mayor\u00eda j\u00f3venes y extremadamente pobres, que protegen a los manifestantes contra la violencia policial. Son los m\u00e1s pobres entre los pobres, siempre a la sombra de una sociedad elitaria. Ahora est\u00e1n en las calles formando la resistencia en el centro de la ciudad protestando contra el gobierno y apoyando a los dem\u00e1s manifestantes.<\/p>\n\n\n\n<p style=\"font-size:13px\">No van armados, utilizan lo que la gente les da para protegerse. Las madres vienen y les cocinan la comida. Luis Carlos Echeverri informo, que un chico de la primera linea dio su almuerzo que les trajo la comunidad, a alguien de la segunda linea. dijo: &#8220;Estoy muy contento de que la gente piense en nosotros. Estos d\u00edas, mientras protesto, he comido mejor que en casa&#8221;.<\/p>\n\n\n\n<div class=\"wp-block-media-text alignwide has-media-on-the-right is-stacked-on-mobile is-vertically-aligned-center\"><div class=\"wp-block-media-text__content\">\n<h5 class=\"wp-block-heading\">Art\u00edculo de Jorge Sanguino<\/h5>\n\n\n\n<p class=\"has-normal-font-size\" style=\"font-size:13px\">Published in Esfera Publica (5\/7\/2021): <br><strong>Vicente, Vicente, Vicente\u2026 ai canot ier, plis\u2026 (Vicente, Vicente, Vicente I cannot hear, please)<\/strong><\/p>\n\n\n\n<p id=\"33ff\" style=\"font-size:13px\"><strong>Dedicado a Cali<\/strong><\/p>\n\n\n\n<p style=\"font-size:13px\">La arrogancia es atrevida. El atrevimiento tiene costos. El se\u00f1or Uribe estaba invitado ayer, cinco de Mayo por parte del Brademas Center, afiliado a la Universidad de New York, (NYU) a explicar su pol\u00edtica de seguridad democr\u00e1tica en relaci\u00f3n con el medio ambiente. El texto de invitaci\u00f3n al webinar, ten\u00eda como t\u00edtulo C<em>olombia sostenible: pol\u00edticas, planeta y seguridad democr\u00e1tica.<\/em><\/p>\n\n\n\n<p style=\"font-size:13px\"><a href=\"https:\/\/esferapublica.medium.com\/vicente-vicente-vicente-ai-canot-ier-plis-8c18e19a420c\" target=\"_blank\" rel=\"noreferrer noopener\">read more<\/a><\/p>\n<\/div><figure class=\"wp-block-media-text__media\"><img loading=\"lazy\" decoding=\"async\" width=\"675\" height=\"673\" src=\"https:\/\/wild-palms.com\/es\/wp-content\/uploads\/sites\/3\/2021\/05\/157rhP7TvqwUe2y6uZMXfmg.png\" alt=\"Puerto Resistencia. Exhibici\u00f3n sobre la resistencia en el arte \" class=\"wp-image-4821 size-full\" srcset=\"https:\/\/wild-palms.com\/es\/wp-content\/uploads\/sites\/3\/2021\/05\/157rhP7TvqwUe2y6uZMXfmg.png 675w, https:\/\/wild-palms.com\/es\/wp-content\/uploads\/sites\/3\/2021\/05\/157rhP7TvqwUe2y6uZMXfmg-300x300.png 300w, https:\/\/wild-palms.com\/es\/wp-content\/uploads\/sites\/3\/2021\/05\/157rhP7TvqwUe2y6uZMXfmg-150x150.png 150w, https:\/\/wild-palms.com\/es\/wp-content\/uploads\/sites\/3\/2021\/05\/157rhP7TvqwUe2y6uZMXfmg-400x399.png 400w, https:\/\/wild-palms.com\/es\/wp-content\/uploads\/sites\/3\/2021\/05\/157rhP7TvqwUe2y6uZMXfmg-430x429.png 430w, https:\/\/wild-palms.com\/es\/wp-content\/uploads\/sites\/3\/2021\/05\/157rhP7TvqwUe2y6uZMXfmg-100x100.png 100w\" sizes=\"auto, (max-width: 675px) 100vw, 675px\" \/><\/figure><\/div>\n","protected":false},"excerpt":{"rendered":"<p>PUERTO RESISTENCIA: respuestas a crisis sociales wildpalms es una galer\u00eda muy centrada en Latinoam\u00e9rica, hemos estado siguiendo no s\u00f3lo a los artistas y sus pr\u00e1cticas, sino tambi\u00e9n de cerca lo que est\u00e1 ocurriendo en estos pa\u00edses. Queremos llamar la atenci\u00f3n sobre la devastadora situaci\u00f3n actual en Colombia, especialmente en Cali. Estamos orgullosos de que muchos [&hellip;]<\/p>\n","protected":false},"author":1,"featured_media":0,"parent":0,"menu_order":0,"comment_status":"closed","ping_status":"closed","template":"","meta":{"_coblocks_attr":"","_coblocks_dimensions":"","_coblocks_responsive_height":"","_coblocks_accordion_ie_support":"","hide_page_title":"","footnotes":""},"class_list":["post-4773","page","type-page","status-publish","hentry"],"yoast_head":"<!-- This site is optimized with the Yoast SEO plugin v27.0 - https:\/\/yoast.com\/product\/yoast-seo-wordpress\/ -->\n<title>PUERTO RESISTENCIA - wildpalms ES<\/title>\n<meta name=\"description\" content=\"Puerto Resistencia es un proyecto de Jorge Sanguino y Alexandra Meffert con el fin de poner el focus a los problemas sociales en Colombia\" \/>\n<meta name=\"robots\" content=\"index, follow, max-snippet:-1, max-image-preview:large, max-video-preview:-1\" \/>\n<link rel=\"canonical\" href=\"https:\/\/wild-palms.com\/es\/puerto-resistencia\/\" \/>\n<meta property=\"og:locale\" content=\"es_ES\" \/>\n<meta property=\"og:type\" content=\"article\" \/>\n<meta property=\"og:title\" content=\"PUERTO RESISTENCIA - wildpalms ES\" \/>\n<meta property=\"og:description\" content=\"Puerto Resistencia es un proyecto de Jorge Sanguino y Alexandra Meffert con el fin de poner el focus a los problemas sociales en Colombia\" \/>\n<meta property=\"og:url\" content=\"https:\/\/wild-palms.com\/es\/puerto-resistencia\/\" \/>\n<meta property=\"og:site_name\" content=\"wildpalms ES\" \/>\n<meta property=\"article:modified_time\" content=\"2023-12-10T23:30:57+00:00\" \/>\n<meta property=\"og:image\" content=\"https:\/\/wild-palms.com\/es\/wp-content\/uploads\/sites\/3\/2021\/05\/157rhP7TvqwUe2y6uZMXfmg.png\" \/>\n<meta name=\"twitter:card\" content=\"summary_large_image\" \/>\n<meta name=\"twitter:label1\" content=\"Est. reading time\" \/>\n\t<meta name=\"twitter:data1\" content=\"3 minutes\" \/>\n<script type=\"application\/ld+json\" class=\"yoast-schema-graph\">{\"@context\":\"https:\/\/schema.org\",\"@graph\":[{\"@type\":\"WebPage\",\"@id\":\"https:\/\/wild-palms.com\/es\/puerto-resistencia\/\",\"url\":\"https:\/\/wild-palms.com\/es\/puerto-resistencia\/\",\"name\":\"PUERTO RESISTENCIA - wildpalms ES\",\"isPartOf\":{\"@id\":\"https:\/\/wild-palms.com\/es\/#website\"},\"primaryImageOfPage\":{\"@id\":\"https:\/\/wild-palms.com\/es\/puerto-resistencia\/#primaryimage\"},\"image\":{\"@id\":\"https:\/\/wild-palms.com\/es\/puerto-resistencia\/#primaryimage\"},\"thumbnailUrl\":\"https:\/\/wild-palms.com\/es\/wp-content\/uploads\/sites\/3\/2021\/05\/157rhP7TvqwUe2y6uZMXfmg.png\",\"datePublished\":\"2021-05-10T12:55:29+00:00\",\"dateModified\":\"2023-12-10T23:30:57+00:00\",\"description\":\"Puerto Resistencia es un proyecto de Jorge Sanguino y Alexandra Meffert con el fin de poner el focus a los problemas sociales en Colombia\",\"breadcrumb\":{\"@id\":\"https:\/\/wild-palms.com\/es\/puerto-resistencia\/#breadcrumb\"},\"inLanguage\":\"es\",\"potentialAction\":[{\"@type\":\"ReadAction\",\"target\":[\"https:\/\/wild-palms.com\/es\/puerto-resistencia\/\"]}]},{\"@type\":\"ImageObject\",\"inLanguage\":\"es\",\"@id\":\"https:\/\/wild-palms.com\/es\/puerto-resistencia\/#primaryimage\",\"url\":\"https:\/\/wild-palms.com\/es\/wp-content\/uploads\/sites\/3\/2021\/05\/157rhP7TvqwUe2y6uZMXfmg.png\",\"contentUrl\":\"https:\/\/wild-palms.com\/es\/wp-content\/uploads\/sites\/3\/2021\/05\/157rhP7TvqwUe2y6uZMXfmg.png\",\"width\":675,\"height\":673},{\"@type\":\"BreadcrumbList\",\"@id\":\"https:\/\/wild-palms.com\/es\/puerto-resistencia\/#breadcrumb\",\"itemListElement\":[{\"@type\":\"ListItem\",\"position\":1,\"name\":\"Home\",\"item\":\"https:\/\/wild-palms.com\/es\/\"},{\"@type\":\"ListItem\",\"position\":2,\"name\":\"PUERTO RESISTENCIA\"}]},{\"@type\":\"WebSite\",\"@id\":\"https:\/\/wild-palms.com\/es\/#website\",\"url\":\"https:\/\/wild-palms.com\/es\/\",\"name\":\"wildpalms ES\",\"description\":\"\",\"publisher\":{\"@id\":\"https:\/\/wild-palms.com\/es\/#organization\"},\"potentialAction\":[{\"@type\":\"SearchAction\",\"target\":{\"@type\":\"EntryPoint\",\"urlTemplate\":\"https:\/\/wild-palms.com\/es\/?s={search_term_string}\"},\"query-input\":{\"@type\":\"PropertyValueSpecification\",\"valueRequired\":true,\"valueName\":\"search_term_string\"}}],\"inLanguage\":\"es\"},{\"@type\":\"Organization\",\"@id\":\"https:\/\/wild-palms.com\/es\/#organization\",\"name\":\"wildpalms ES\",\"url\":\"https:\/\/wild-palms.com\/es\/\",\"logo\":{\"@type\":\"ImageObject\",\"inLanguage\":\"es\",\"@id\":\"https:\/\/wild-palms.com\/es\/#\/schema\/logo\/image\/\",\"url\":\"https:\/\/wild-palms.com\/es\/wp-content\/uploads\/sites\/3\/2023\/03\/cropped-wildpalms_logo_ths.png\",\"contentUrl\":\"https:\/\/wild-palms.com\/es\/wp-content\/uploads\/sites\/3\/2023\/03\/cropped-wildpalms_logo_ths.png\",\"width\":1200,\"height\":197,\"caption\":\"wildpalms ES\"},\"image\":{\"@id\":\"https:\/\/wild-palms.com\/es\/#\/schema\/logo\/image\/\"}}]}<\/script>\n<!-- \/ Yoast SEO plugin. -->","yoast_head_json":{"title":"PUERTO RESISTENCIA - wildpalms ES","description":"Puerto Resistencia es un proyecto de Jorge Sanguino y Alexandra Meffert con el fin de poner el focus a los problemas sociales en Colombia","robots":{"index":"index","follow":"follow","max-snippet":"max-snippet:-1","max-image-preview":"max-image-preview:large","max-video-preview":"max-video-preview:-1"},"canonical":"https:\/\/wild-palms.com\/es\/puerto-resistencia\/","og_locale":"es_ES","og_type":"article","og_title":"PUERTO RESISTENCIA - wildpalms ES","og_description":"Puerto Resistencia es un proyecto de Jorge Sanguino y Alexandra Meffert con el fin de poner el focus a los problemas sociales en Colombia","og_url":"https:\/\/wild-palms.com\/es\/puerto-resistencia\/","og_site_name":"wildpalms ES","article_modified_time":"2023-12-10T23:30:57+00:00","og_image":[{"url":"https:\/\/wild-palms.com\/es\/wp-content\/uploads\/sites\/3\/2021\/05\/157rhP7TvqwUe2y6uZMXfmg.png","type":"","width":"","height":""}],"twitter_card":"summary_large_image","twitter_misc":{"Est. reading time":"3 minutes"},"schema":{"@context":"https:\/\/schema.org","@graph":[{"@type":"WebPage","@id":"https:\/\/wild-palms.com\/es\/puerto-resistencia\/","url":"https:\/\/wild-palms.com\/es\/puerto-resistencia\/","name":"PUERTO RESISTENCIA - wildpalms ES","isPartOf":{"@id":"https:\/\/wild-palms.com\/es\/#website"},"primaryImageOfPage":{"@id":"https:\/\/wild-palms.com\/es\/puerto-resistencia\/#primaryimage"},"image":{"@id":"https:\/\/wild-palms.com\/es\/puerto-resistencia\/#primaryimage"},"thumbnailUrl":"https:\/\/wild-palms.com\/es\/wp-content\/uploads\/sites\/3\/2021\/05\/157rhP7TvqwUe2y6uZMXfmg.png","datePublished":"2021-05-10T12:55:29+00:00","dateModified":"2023-12-10T23:30:57+00:00","description":"Puerto Resistencia es un proyecto de Jorge Sanguino y Alexandra Meffert con el fin de poner el focus a los problemas sociales en Colombia","breadcrumb":{"@id":"https:\/\/wild-palms.com\/es\/puerto-resistencia\/#breadcrumb"},"inLanguage":"es","potentialAction":[{"@type":"ReadAction","target":["https:\/\/wild-palms.com\/es\/puerto-resistencia\/"]}]},{"@type":"ImageObject","inLanguage":"es","@id":"https:\/\/wild-palms.com\/es\/puerto-resistencia\/#primaryimage","url":"https:\/\/wild-palms.com\/es\/wp-content\/uploads\/sites\/3\/2021\/05\/157rhP7TvqwUe2y6uZMXfmg.png","contentUrl":"https:\/\/wild-palms.com\/es\/wp-content\/uploads\/sites\/3\/2021\/05\/157rhP7TvqwUe2y6uZMXfmg.png","width":675,"height":673},{"@type":"BreadcrumbList","@id":"https:\/\/wild-palms.com\/es\/puerto-resistencia\/#breadcrumb","itemListElement":[{"@type":"ListItem","position":1,"name":"Home","item":"https:\/\/wild-palms.com\/es\/"},{"@type":"ListItem","position":2,"name":"PUERTO RESISTENCIA"}]},{"@type":"WebSite","@id":"https:\/\/wild-palms.com\/es\/#website","url":"https:\/\/wild-palms.com\/es\/","name":"wildpalms ES","description":"","publisher":{"@id":"https:\/\/wild-palms.com\/es\/#organization"},"potentialAction":[{"@type":"SearchAction","target":{"@type":"EntryPoint","urlTemplate":"https:\/\/wild-palms.com\/es\/?s={search_term_string}"},"query-input":{"@type":"PropertyValueSpecification","valueRequired":true,"valueName":"search_term_string"}}],"inLanguage":"es"},{"@type":"Organization","@id":"https:\/\/wild-palms.com\/es\/#organization","name":"wildpalms ES","url":"https:\/\/wild-palms.com\/es\/","logo":{"@type":"ImageObject","inLanguage":"es","@id":"https:\/\/wild-palms.com\/es\/#\/schema\/logo\/image\/","url":"https:\/\/wild-palms.com\/es\/wp-content\/uploads\/sites\/3\/2023\/03\/cropped-wildpalms_logo_ths.png","contentUrl":"https:\/\/wild-palms.com\/es\/wp-content\/uploads\/sites\/3\/2023\/03\/cropped-wildpalms_logo_ths.png","width":1200,"height":197,"caption":"wildpalms ES"},"image":{"@id":"https:\/\/wild-palms.com\/es\/#\/schema\/logo\/image\/"}}]}},"_links":{"self":[{"href":"https:\/\/wild-palms.com\/es\/wp-json\/wp\/v2\/pages\/4773","targetHints":{"allow":["GET"]}}],"collection":[{"href":"https:\/\/wild-palms.com\/es\/wp-json\/wp\/v2\/pages"}],"about":[{"href":"https:\/\/wild-palms.com\/es\/wp-json\/wp\/v2\/types\/page"}],"author":[{"embeddable":true,"href":"https:\/\/wild-palms.com\/es\/wp-json\/wp\/v2\/users\/1"}],"replies":[{"embeddable":true,"href":"https:\/\/wild-palms.com\/es\/wp-json\/wp\/v2\/comments?post=4773"}],"version-history":[{"count":5,"href":"https:\/\/wild-palms.com\/es\/wp-json\/wp\/v2\/pages\/4773\/revisions"}],"predecessor-version":[{"id":8624,"href":"https:\/\/wild-palms.com\/es\/wp-json\/wp\/v2\/pages\/4773\/revisions\/8624"}],"wp:attachment":[{"href":"https:\/\/wild-palms.com\/es\/wp-json\/wp\/v2\/media?parent=4773"}],"curies":[{"name":"wp","href":"https:\/\/api.w.org\/{rel}","templated":true}]}}