{"id":459,"date":"2016-09-14T20:01:08","date_gmt":"2016-09-14T18:01:08","guid":{"rendered":"http:\/\/wild-palms.com\/es\/?page_id=459"},"modified":"2021-05-22T15:02:42","modified_gmt":"2021-05-22T13:02:42","slug":"wildpalms-goes-miami","status":"publish","type":"page","link":"https:\/\/wild-palms.com\/es\/wildpalms-goes-miami\/","title":{"rendered":"WILDPALMS GOES MIAMI"},"content":{"rendered":"\n<h3 class=\"wp-block-heading\">wildpalms goes Miami<\/h3>\n\n\n\n<div style=\"height:20px\" aria-hidden=\"true\" class=\"wp-block-spacer\"><\/div>\n\n\n\n<div class=\"wp-block-columns is-layout-flex wp-container-core-columns-is-layout-9d6595d7 wp-block-columns-is-layout-flex\">\n<div class=\"wp-block-column is-layout-flow wp-block-column-is-layout-flow\">\n<figure class=\"wp-block-image size-large\"><a href=\"https:\/\/wild-palms.com\/es\/wp-content\/uploads\/sites\/3\/2015\/03\/Einladung69miamiblid.jpg\" data-rel=\"lightbox-image-0\" data-rl_title=\"\" data-rl_caption=\"\" title=\"\"><img loading=\"lazy\" decoding=\"async\" width=\"400\" height=\"341\" src=\"https:\/\/wild-palms.com\/es\/wp-content\/uploads\/sites\/3\/2015\/03\/Einladung69miamiblid.jpg\" alt=\"wildpalms exhibition \" class=\"wp-image-445\" srcset=\"https:\/\/wild-palms.com\/es\/wp-content\/uploads\/sites\/3\/2015\/03\/Einladung69miamiblid.jpg 400w, https:\/\/wild-palms.com\/es\/wp-content\/uploads\/sites\/3\/2015\/03\/Einladung69miamiblid-300x256.jpg 300w, https:\/\/wild-palms.com\/es\/wp-content\/uploads\/sites\/3\/2015\/03\/Einladung69miamiblid-150x128.jpg 150w, https:\/\/wild-palms.com\/es\/wp-content\/uploads\/sites\/3\/2015\/03\/Einladung69miamiblid-100x85.jpg 100w\" sizes=\"auto, (max-width: 400px) 100vw, 400px\" \/><\/a><\/figure>\n<\/div>\n\n\n\n<div class=\"wp-block-column is-layout-flow wp-block-column-is-layout-flow\">\n<p>September 6th 2016, 7pm<\/p>\n\n\n\n<p>K\u00f6nigsallee 92, 40212 D\u00fcsseldorf<\/p>\n<\/div>\n<\/div>\n\n\n\n<div style=\"height:20px\" aria-hidden=\"true\" class=\"wp-block-spacer\"><\/div>\n\n\n\n<p>Group show w\/<\/p>\n\n\n\n<div class=\"wp-block-columns is-layout-flex wp-container-core-columns-is-layout-9d6595d7 wp-block-columns-is-layout-flex\">\n<div class=\"wp-block-column is-layout-flow wp-block-column-is-layout-flow\">\n<p><a href=\"http:\/\/www.marioasef.net\">MARIO ASEF<\/a><\/p>\n\n\n\n<p><a href=\"http:\/\/www.nikafontaine.com\">NIKA FONTAINE<\/a><\/p>\n\n\n\n<p><a href=\"http:\/\/www.galeriahilariogalguera.com\/nueva\/index.php?id=58\">MAURICIO LIMON<\/a><\/p>\n<\/div>\n\n\n\n<div class=\"wp-block-column is-layout-flow wp-block-column-is-layout-flow\">\n<p><a href=\"http:\/\/www.rachellibeskind.com\">RACHEL LIBESKIND<\/a><\/p>\n\n\n\n<p><a href=\"http:\/\/www.passenger.co.nz\/olly_2009\/index.html\">OLIVER MARSDEN<\/a><\/p>\n<\/div>\n<\/div>\n\n\n\n<p>&amp; la villa:<\/p>\n\n\n\n<div class=\"wp-block-columns is-layout-flex wp-container-core-columns-is-layout-9d6595d7 wp-block-columns-is-layout-flex\">\n<div class=\"wp-block-column is-layout-flow wp-block-column-is-layout-flow\">\n<p><a href=\"http:\/\/alejandroalmanzapereda.com\/\">ALEJANDRO ALMANZA PEREDA<\/a><\/p>\n\n\n\n<p><a href=\"http:\/\/recmusica.com\/?team=jose-antonio-elguezabal\">JOS\u00c9 ELGUEZABAL<\/a><\/p>\n<\/div>\n\n\n\n<div class=\"wp-block-column is-layout-flow wp-block-column-is-layout-flow\">\n<p><a href=\"http:\/\/yau.com.mx\/artists\/anibal-catalan\">ANIBAL CATALAN<\/a><\/p>\n\n\n\n<p><a href=\"http:\/\/www.joseluiscortes.net\/\">JOS\u00c9 LUIS CORT\u00c9S-SANTANDER<\/a><\/p>\n<\/div>\n<\/div>\n\n\n\n<div style=\"height:20px\" aria-hidden=\"true\" class=\"wp-block-spacer\"><\/div>\n\n\n<p><img loading=\"lazy\" decoding=\"async\" class=\"aligncenter size-full wp-image-1125\" src=\"http:\/\/wild-palms.com\/es\/wp-content\/uploads\/sites\/3\/2016\/09\/GraceInstall.jpg\" alt=\"GraceInstall\" width=\"4544\" height=\"3424\" srcset=\"https:\/\/wild-palms.com\/es\/wp-content\/uploads\/sites\/3\/2016\/09\/GraceInstall.jpg 4544w, https:\/\/wild-palms.com\/es\/wp-content\/uploads\/sites\/3\/2016\/09\/GraceInstall-300x226.jpg 300w, https:\/\/wild-palms.com\/es\/wp-content\/uploads\/sites\/3\/2016\/09\/GraceInstall-768x579.jpg 768w, https:\/\/wild-palms.com\/es\/wp-content\/uploads\/sites\/3\/2016\/09\/GraceInstall-1024x772.jpg 1024w, https:\/\/wild-palms.com\/es\/wp-content\/uploads\/sites\/3\/2016\/09\/GraceInstall-750x565.jpg 750w, https:\/\/wild-palms.com\/es\/wp-content\/uploads\/sites\/3\/2016\/09\/GraceInstall-400x301.jpg 400w, https:\/\/wild-palms.com\/es\/wp-content\/uploads\/sites\/3\/2016\/09\/GraceInstall-430x324.jpg 430w, https:\/\/wild-palms.com\/es\/wp-content\/uploads\/sites\/3\/2016\/09\/GraceInstall-150x113.jpg 150w, https:\/\/wild-palms.com\/es\/wp-content\/uploads\/sites\/3\/2016\/09\/GraceInstall-100x75.jpg 100w\" sizes=\"auto, (max-width: 4544px) 100vw, 4544px\" \/><img loading=\"lazy\" decoding=\"async\" class=\"size-full wp-image-466\" src=\"http:\/\/wild-palms.com\/es\/wp-content\/uploads\/sites\/3\/2016\/09\/DSC_4029klein.jpg\" alt=\"Anibal Catalan\" width=\"6016\" height=\"4000\" srcset=\"https:\/\/wild-palms.com\/es\/wp-content\/uploads\/sites\/3\/2016\/09\/DSC_4029klein.jpg 6016w, https:\/\/wild-palms.com\/es\/wp-content\/uploads\/sites\/3\/2016\/09\/DSC_4029klein-300x199.jpg 300w, https:\/\/wild-palms.com\/es\/wp-content\/uploads\/sites\/3\/2016\/09\/DSC_4029klein-768x511.jpg 768w, https:\/\/wild-palms.com\/es\/wp-content\/uploads\/sites\/3\/2016\/09\/DSC_4029klein-1024x681.jpg 1024w, https:\/\/wild-palms.com\/es\/wp-content\/uploads\/sites\/3\/2016\/09\/DSC_4029klein-750x499.jpg 750w, https:\/\/wild-palms.com\/es\/wp-content\/uploads\/sites\/3\/2016\/09\/DSC_4029klein-400x266.jpg 400w, https:\/\/wild-palms.com\/es\/wp-content\/uploads\/sites\/3\/2016\/09\/DSC_4029klein-430x286.jpg 430w, https:\/\/wild-palms.com\/es\/wp-content\/uploads\/sites\/3\/2016\/09\/DSC_4029klein-150x100.jpg 150w, https:\/\/wild-palms.com\/es\/wp-content\/uploads\/sites\/3\/2016\/09\/DSC_4029klein-100x66.jpg 100w\" sizes=\"auto, (max-width: 6016px) 100vw, 6016px\" \/><img loading=\"lazy\" decoding=\"async\" class=\"size-full wp-image-465\" src=\"http:\/\/wild-palms.com\/es\/wp-content\/uploads\/sites\/3\/2016\/09\/DSC_4020bklein.jpg\" alt=\"Rachel Libeskind &amp; Anibal Catalan\" width=\"6016\" height=\"4000\" srcset=\"https:\/\/wild-palms.com\/es\/wp-content\/uploads\/sites\/3\/2016\/09\/DSC_4020bklein.jpg 6016w, https:\/\/wild-palms.com\/es\/wp-content\/uploads\/sites\/3\/2016\/09\/DSC_4020bklein-300x199.jpg 300w, https:\/\/wild-palms.com\/es\/wp-content\/uploads\/sites\/3\/2016\/09\/DSC_4020bklein-768x511.jpg 768w, https:\/\/wild-palms.com\/es\/wp-content\/uploads\/sites\/3\/2016\/09\/DSC_4020bklein-1024x681.jpg 1024w, https:\/\/wild-palms.com\/es\/wp-content\/uploads\/sites\/3\/2016\/09\/DSC_4020bklein-750x499.jpg 750w, https:\/\/wild-palms.com\/es\/wp-content\/uploads\/sites\/3\/2016\/09\/DSC_4020bklein-400x266.jpg 400w, https:\/\/wild-palms.com\/es\/wp-content\/uploads\/sites\/3\/2016\/09\/DSC_4020bklein-430x286.jpg 430w, https:\/\/wild-palms.com\/es\/wp-content\/uploads\/sites\/3\/2016\/09\/DSC_4020bklein-150x100.jpg 150w, https:\/\/wild-palms.com\/es\/wp-content\/uploads\/sites\/3\/2016\/09\/DSC_4020bklein-100x66.jpg 100w\" sizes=\"auto, (max-width: 6016px) 100vw, 6016px\" \/><img loading=\"lazy\" decoding=\"async\" class=\"size-full wp-image-481\" src=\"http:\/\/wild-palms.com\/es\/wp-content\/uploads\/sites\/3\/2016\/09\/DSC_4101bklein.jpg\" alt=\"Mario Asef\" width=\"6016\" height=\"4000\" srcset=\"https:\/\/wild-palms.com\/es\/wp-content\/uploads\/sites\/3\/2016\/09\/DSC_4101bklein.jpg 6016w, https:\/\/wild-palms.com\/es\/wp-content\/uploads\/sites\/3\/2016\/09\/DSC_4101bklein-300x199.jpg 300w, https:\/\/wild-palms.com\/es\/wp-content\/uploads\/sites\/3\/2016\/09\/DSC_4101bklein-768x511.jpg 768w, https:\/\/wild-palms.com\/es\/wp-content\/uploads\/sites\/3\/2016\/09\/DSC_4101bklein-1024x681.jpg 1024w, https:\/\/wild-palms.com\/es\/wp-content\/uploads\/sites\/3\/2016\/09\/DSC_4101bklein-750x499.jpg 750w, https:\/\/wild-palms.com\/es\/wp-content\/uploads\/sites\/3\/2016\/09\/DSC_4101bklein-400x266.jpg 400w, https:\/\/wild-palms.com\/es\/wp-content\/uploads\/sites\/3\/2016\/09\/DSC_4101bklein-430x286.jpg 430w, https:\/\/wild-palms.com\/es\/wp-content\/uploads\/sites\/3\/2016\/09\/DSC_4101bklein-150x100.jpg 150w, https:\/\/wild-palms.com\/es\/wp-content\/uploads\/sites\/3\/2016\/09\/DSC_4101bklein-100x66.jpg 100w\" sizes=\"auto, (max-width: 6016px) 100vw, 6016px\" \/><img loading=\"lazy\" decoding=\"async\" class=\"size-full wp-image-480\" src=\"http:\/\/wild-palms.com\/es\/wp-content\/uploads\/sites\/3\/2016\/09\/DSC_4098bklein.jpg\" alt=\"Mario Asef\" width=\"5928\" height=\"3848\" srcset=\"https:\/\/wild-palms.com\/es\/wp-content\/uploads\/sites\/3\/2016\/09\/DSC_4098bklein.jpg 5928w, https:\/\/wild-palms.com\/es\/wp-content\/uploads\/sites\/3\/2016\/09\/DSC_4098bklein-300x195.jpg 300w, https:\/\/wild-palms.com\/es\/wp-content\/uploads\/sites\/3\/2016\/09\/DSC_4098bklein-768x499.jpg 768w, https:\/\/wild-palms.com\/es\/wp-content\/uploads\/sites\/3\/2016\/09\/DSC_4098bklein-1024x665.jpg 1024w, https:\/\/wild-palms.com\/es\/wp-content\/uploads\/sites\/3\/2016\/09\/DSC_4098bklein-750x487.jpg 750w, https:\/\/wild-palms.com\/es\/wp-content\/uploads\/sites\/3\/2016\/09\/DSC_4098bklein-400x260.jpg 400w, https:\/\/wild-palms.com\/es\/wp-content\/uploads\/sites\/3\/2016\/09\/DSC_4098bklein-430x279.jpg 430w, https:\/\/wild-palms.com\/es\/wp-content\/uploads\/sites\/3\/2016\/09\/DSC_4098bklein-150x97.jpg 150w, https:\/\/wild-palms.com\/es\/wp-content\/uploads\/sites\/3\/2016\/09\/DSC_4098bklein-100x65.jpg 100w\" sizes=\"auto, (max-width: 5928px) 100vw, 5928px\" \/><img loading=\"lazy\" decoding=\"async\" class=\"size-full wp-image-479\" src=\"http:\/\/wild-palms.com\/es\/wp-content\/uploads\/sites\/3\/2016\/09\/DSC_4150bklein.jpg\" alt=\"Mario Asef\" width=\"3894\" height=\"5929\" srcset=\"https:\/\/wild-palms.com\/es\/wp-content\/uploads\/sites\/3\/2016\/09\/DSC_4150bklein.jpg 3894w, https:\/\/wild-palms.com\/es\/wp-content\/uploads\/sites\/3\/2016\/09\/DSC_4150bklein-197x300.jpg 197w, https:\/\/wild-palms.com\/es\/wp-content\/uploads\/sites\/3\/2016\/09\/DSC_4150bklein-768x1169.jpg 768w, https:\/\/wild-palms.com\/es\/wp-content\/uploads\/sites\/3\/2016\/09\/DSC_4150bklein-673x1024.jpg 673w, https:\/\/wild-palms.com\/es\/wp-content\/uploads\/sites\/3\/2016\/09\/DSC_4150bklein-750x1142.jpg 750w, https:\/\/wild-palms.com\/es\/wp-content\/uploads\/sites\/3\/2016\/09\/DSC_4150bklein-400x609.jpg 400w, https:\/\/wild-palms.com\/es\/wp-content\/uploads\/sites\/3\/2016\/09\/DSC_4150bklein-430x655.jpg 430w, https:\/\/wild-palms.com\/es\/wp-content\/uploads\/sites\/3\/2016\/09\/DSC_4150bklein-150x228.jpg 150w, https:\/\/wild-palms.com\/es\/wp-content\/uploads\/sites\/3\/2016\/09\/DSC_4150bklein-100x152.jpg 100w\" sizes=\"auto, (max-width: 3894px) 100vw, 3894px\" \/><\/p>","protected":false},"excerpt":{"rendered":"<p>wildpalms goes Miami September 6th 2016, 7pm K\u00f6nigsallee 92, 40212 D\u00fcsseldorf Group show w\/ MARIO ASEF NIKA FONTAINE MAURICIO LIMON RACHEL LIBESKIND OLIVER MARSDEN &amp; la villa: ALEJANDRO ALMANZA PEREDA JOS\u00c9 ELGUEZABAL ANIBAL CATALAN JOS\u00c9 LUIS CORT\u00c9S-SANTANDER<\/p>\n","protected":false},"author":1,"featured_media":0,"parent":0,"menu_order":0,"comment_status":"closed","ping_status":"closed","template":"page_fullwidth.php","meta":{"_coblocks_attr":"","_coblocks_dimensions":"","_coblocks_responsive_height":"","_coblocks_accordion_ie_support":"","hide_page_title":"","footnotes":""},"class_list":["post-459","page","type-page","status-publish","hentry"],"yoast_head":"<!-- This site is optimized with the Yoast SEO plugin v27.0 - https:\/\/yoast.com\/product\/yoast-seo-wordpress\/ -->\n<title>WILDPALMS GOES MIAMI - wildpalms ES<\/title>\n<meta name=\"robots\" content=\"index, follow, max-snippet:-1, max-image-preview:large, max-video-preview:-1\" \/>\n<link rel=\"canonical\" href=\"https:\/\/wild-palms.com\/es\/wildpalms-goes-miami\/\" \/>\n<meta property=\"og:locale\" content=\"es_ES\" \/>\n<meta property=\"og:type\" content=\"article\" \/>\n<meta property=\"og:title\" content=\"WILDPALMS GOES MIAMI - wildpalms ES\" \/>\n<meta property=\"og:description\" content=\"wildpalms goes Miami September 6th 2016, 7pm K\u00f6nigsallee 92, 40212 D\u00fcsseldorf Group show w\/ MARIO ASEF NIKA FONTAINE MAURICIO LIMON RACHEL LIBESKIND OLIVER MARSDEN &amp; la villa: ALEJANDRO ALMANZA PEREDA JOS\u00c9 ELGUEZABAL ANIBAL CATALAN JOS\u00c9 LUIS CORT\u00c9S-SANTANDER\" \/>\n<meta property=\"og:url\" content=\"https:\/\/wild-palms.com\/es\/wildpalms-goes-miami\/\" \/>\n<meta property=\"og:site_name\" content=\"wildpalms ES\" \/>\n<meta property=\"article:modified_time\" content=\"2021-05-22T13:02:42+00:00\" \/>\n<meta property=\"og:image\" content=\"https:\/\/wild-palms.com\/es\/wp-content\/uploads\/sites\/3\/2015\/03\/Einladung69miamiblid.jpg\" \/>\n<meta name=\"twitter:card\" content=\"summary_large_image\" \/>\n<meta name=\"twitter:label1\" content=\"Est. reading time\" \/>\n\t<meta name=\"twitter:data1\" content=\"2 minutes\" \/>\n<script type=\"application\/ld+json\" class=\"yoast-schema-graph\">{\"@context\":\"https:\/\/schema.org\",\"@graph\":[{\"@type\":\"WebPage\",\"@id\":\"https:\/\/wild-palms.com\/es\/wildpalms-goes-miami\/\",\"url\":\"https:\/\/wild-palms.com\/es\/wildpalms-goes-miami\/\",\"name\":\"WILDPALMS GOES MIAMI - wildpalms ES\",\"isPartOf\":{\"@id\":\"http:\/\/wild-palms.com\/es\/#website\"},\"primaryImageOfPage\":{\"@id\":\"https:\/\/wild-palms.com\/es\/wildpalms-goes-miami\/#primaryimage\"},\"image\":{\"@id\":\"https:\/\/wild-palms.com\/es\/wildpalms-goes-miami\/#primaryimage\"},\"thumbnailUrl\":\"https:\/\/wild-palms.com\/es\/wp-content\/uploads\/sites\/3\/2015\/03\/Einladung69miamiblid.jpg\",\"datePublished\":\"2016-09-14T18:01:08+00:00\",\"dateModified\":\"2021-05-22T13:02:42+00:00\",\"breadcrumb\":{\"@id\":\"https:\/\/wild-palms.com\/es\/wildpalms-goes-miami\/#breadcrumb\"},\"inLanguage\":\"es\",\"potentialAction\":[{\"@type\":\"ReadAction\",\"target\":[\"https:\/\/wild-palms.com\/es\/wildpalms-goes-miami\/\"]}]},{\"@type\":\"ImageObject\",\"inLanguage\":\"es\",\"@id\":\"https:\/\/wild-palms.com\/es\/wildpalms-goes-miami\/#primaryimage\",\"url\":\"https:\/\/wild-palms.com\/es\/wp-content\/uploads\/sites\/3\/2015\/03\/Einladung69miamiblid.jpg\",\"contentUrl\":\"https:\/\/wild-palms.com\/es\/wp-content\/uploads\/sites\/3\/2015\/03\/Einladung69miamiblid.jpg\"},{\"@type\":\"BreadcrumbList\",\"@id\":\"https:\/\/wild-palms.com\/es\/wildpalms-goes-miami\/#breadcrumb\",\"itemListElement\":[{\"@type\":\"ListItem\",\"position\":1,\"name\":\"Home\",\"item\":\"http:\/\/wild-palms.com\/es\/\"},{\"@type\":\"ListItem\",\"position\":2,\"name\":\"WILDPALMS GOES MIAMI\"}]},{\"@type\":\"WebSite\",\"@id\":\"http:\/\/wild-palms.com\/es\/#website\",\"url\":\"http:\/\/wild-palms.com\/es\/\",\"name\":\"wildpalms ES\",\"description\":\"\",\"publisher\":{\"@id\":\"http:\/\/wild-palms.com\/es\/#organization\"},\"potentialAction\":[{\"@type\":\"SearchAction\",\"target\":{\"@type\":\"EntryPoint\",\"urlTemplate\":\"http:\/\/wild-palms.com\/es\/?s={search_term_string}\"},\"query-input\":{\"@type\":\"PropertyValueSpecification\",\"valueRequired\":true,\"valueName\":\"search_term_string\"}}],\"inLanguage\":\"es\"},{\"@type\":\"Organization\",\"@id\":\"http:\/\/wild-palms.com\/es\/#organization\",\"name\":\"wildpalms ES\",\"url\":\"http:\/\/wild-palms.com\/es\/\",\"logo\":{\"@type\":\"ImageObject\",\"inLanguage\":\"es\",\"@id\":\"http:\/\/wild-palms.com\/es\/#\/schema\/logo\/image\/\",\"url\":\"https:\/\/wild-palms.com\/es\/wp-content\/uploads\/sites\/3\/2023\/03\/cropped-wildpalms_logo_ths.png\",\"contentUrl\":\"https:\/\/wild-palms.com\/es\/wp-content\/uploads\/sites\/3\/2023\/03\/cropped-wildpalms_logo_ths.png\",\"width\":1200,\"height\":197,\"caption\":\"wildpalms ES\"},\"image\":{\"@id\":\"http:\/\/wild-palms.com\/es\/#\/schema\/logo\/image\/\"}}]}<\/script>\n<!-- \/ Yoast SEO plugin. -->","yoast_head_json":{"title":"WILDPALMS GOES MIAMI - wildpalms ES","robots":{"index":"index","follow":"follow","max-snippet":"max-snippet:-1","max-image-preview":"max-image-preview:large","max-video-preview":"max-video-preview:-1"},"canonical":"https:\/\/wild-palms.com\/es\/wildpalms-goes-miami\/","og_locale":"es_ES","og_type":"article","og_title":"WILDPALMS GOES MIAMI - wildpalms ES","og_description":"wildpalms goes Miami September 6th 2016, 7pm K\u00f6nigsallee 92, 40212 D\u00fcsseldorf Group show w\/ MARIO ASEF NIKA FONTAINE MAURICIO LIMON RACHEL LIBESKIND OLIVER MARSDEN &amp; la villa: ALEJANDRO ALMANZA PEREDA JOS\u00c9 ELGUEZABAL ANIBAL CATALAN JOS\u00c9 LUIS CORT\u00c9S-SANTANDER","og_url":"https:\/\/wild-palms.com\/es\/wildpalms-goes-miami\/","og_site_name":"wildpalms ES","article_modified_time":"2021-05-22T13:02:42+00:00","og_image":[{"url":"https:\/\/wild-palms.com\/es\/wp-content\/uploads\/sites\/3\/2015\/03\/Einladung69miamiblid.jpg","type":"","width":"","height":""}],"twitter_card":"summary_large_image","twitter_misc":{"Est. reading time":"2 minutes"},"schema":{"@context":"https:\/\/schema.org","@graph":[{"@type":"WebPage","@id":"https:\/\/wild-palms.com\/es\/wildpalms-goes-miami\/","url":"https:\/\/wild-palms.com\/es\/wildpalms-goes-miami\/","name":"WILDPALMS GOES MIAMI - wildpalms ES","isPartOf":{"@id":"http:\/\/wild-palms.com\/es\/#website"},"primaryImageOfPage":{"@id":"https:\/\/wild-palms.com\/es\/wildpalms-goes-miami\/#primaryimage"},"image":{"@id":"https:\/\/wild-palms.com\/es\/wildpalms-goes-miami\/#primaryimage"},"thumbnailUrl":"https:\/\/wild-palms.com\/es\/wp-content\/uploads\/sites\/3\/2015\/03\/Einladung69miamiblid.jpg","datePublished":"2016-09-14T18:01:08+00:00","dateModified":"2021-05-22T13:02:42+00:00","breadcrumb":{"@id":"https:\/\/wild-palms.com\/es\/wildpalms-goes-miami\/#breadcrumb"},"inLanguage":"es","potentialAction":[{"@type":"ReadAction","target":["https:\/\/wild-palms.com\/es\/wildpalms-goes-miami\/"]}]},{"@type":"ImageObject","inLanguage":"es","@id":"https:\/\/wild-palms.com\/es\/wildpalms-goes-miami\/#primaryimage","url":"https:\/\/wild-palms.com\/es\/wp-content\/uploads\/sites\/3\/2015\/03\/Einladung69miamiblid.jpg","contentUrl":"https:\/\/wild-palms.com\/es\/wp-content\/uploads\/sites\/3\/2015\/03\/Einladung69miamiblid.jpg"},{"@type":"BreadcrumbList","@id":"https:\/\/wild-palms.com\/es\/wildpalms-goes-miami\/#breadcrumb","itemListElement":[{"@type":"ListItem","position":1,"name":"Home","item":"http:\/\/wild-palms.com\/es\/"},{"@type":"ListItem","position":2,"name":"WILDPALMS GOES MIAMI"}]},{"@type":"WebSite","@id":"http:\/\/wild-palms.com\/es\/#website","url":"http:\/\/wild-palms.com\/es\/","name":"wildpalms ES","description":"","publisher":{"@id":"http:\/\/wild-palms.com\/es\/#organization"},"potentialAction":[{"@type":"SearchAction","target":{"@type":"EntryPoint","urlTemplate":"http:\/\/wild-palms.com\/es\/?s={search_term_string}"},"query-input":{"@type":"PropertyValueSpecification","valueRequired":true,"valueName":"search_term_string"}}],"inLanguage":"es"},{"@type":"Organization","@id":"http:\/\/wild-palms.com\/es\/#organization","name":"wildpalms ES","url":"http:\/\/wild-palms.com\/es\/","logo":{"@type":"ImageObject","inLanguage":"es","@id":"http:\/\/wild-palms.com\/es\/#\/schema\/logo\/image\/","url":"https:\/\/wild-palms.com\/es\/wp-content\/uploads\/sites\/3\/2023\/03\/cropped-wildpalms_logo_ths.png","contentUrl":"https:\/\/wild-palms.com\/es\/wp-content\/uploads\/sites\/3\/2023\/03\/cropped-wildpalms_logo_ths.png","width":1200,"height":197,"caption":"wildpalms ES"},"image":{"@id":"http:\/\/wild-palms.com\/es\/#\/schema\/logo\/image\/"}}]}},"_links":{"self":[{"href":"https:\/\/wild-palms.com\/es\/wp-json\/wp\/v2\/pages\/459","targetHints":{"allow":["GET"]}}],"collection":[{"href":"https:\/\/wild-palms.com\/es\/wp-json\/wp\/v2\/pages"}],"about":[{"href":"https:\/\/wild-palms.com\/es\/wp-json\/wp\/v2\/types\/page"}],"author":[{"embeddable":true,"href":"https:\/\/wild-palms.com\/es\/wp-json\/wp\/v2\/users\/1"}],"replies":[{"embeddable":true,"href":"https:\/\/wild-palms.com\/es\/wp-json\/wp\/v2\/comments?post=459"}],"version-history":[{"count":0,"href":"https:\/\/wild-palms.com\/es\/wp-json\/wp\/v2\/pages\/459\/revisions"}],"wp:attachment":[{"href":"https:\/\/wild-palms.com\/es\/wp-json\/wp\/v2\/media?parent=459"}],"curies":[{"name":"wp","href":"https:\/\/api.w.org\/{rel}","templated":true}]}}