{"id":3797,"date":"2020-11-02T14:27:30","date_gmt":"2020-11-02T13:27:30","guid":{"rendered":"https:\/\/wild-palms.com\/es\/?page_id=3797"},"modified":"2023-12-11T01:00:24","modified_gmt":"2023-12-11T00:00:24","slug":"wildpalms-store","status":"publish","type":"page","link":"https:\/\/wild-palms.com\/es\/wildpalms-store\/","title":{"rendered":"wildpalms STORE"},"content":{"rendered":"<div class=\"wp-block-image\">\n<figure class=\"aligncenter size-large\"><a href=\"https:\/\/wildpalmsamericana.com\/store-1\"><img loading=\"lazy\" decoding=\"async\" width=\"1024\" height=\"313\" src=\"https:\/\/wild-palms.com\/es\/wp-content\/uploads\/sites\/3\/2020\/11\/Screen-Shot-2020-11-04-at-15.04.33-1-1024x313.png\" alt=\"\" class=\"wp-image-3818\" srcset=\"https:\/\/wild-palms.com\/es\/wp-content\/uploads\/sites\/3\/2020\/11\/Screen-Shot-2020-11-04-at-15.04.33-1-1024x313.png 1024w, https:\/\/wild-palms.com\/es\/wp-content\/uploads\/sites\/3\/2020\/11\/Screen-Shot-2020-11-04-at-15.04.33-1-300x92.png 300w, https:\/\/wild-palms.com\/es\/wp-content\/uploads\/sites\/3\/2020\/11\/Screen-Shot-2020-11-04-at-15.04.33-1-768x235.png 768w, https:\/\/wild-palms.com\/es\/wp-content\/uploads\/sites\/3\/2020\/11\/Screen-Shot-2020-11-04-at-15.04.33-1-750x229.png 750w, https:\/\/wild-palms.com\/es\/wp-content\/uploads\/sites\/3\/2020\/11\/Screen-Shot-2020-11-04-at-15.04.33-1-400x122.png 400w, https:\/\/wild-palms.com\/es\/wp-content\/uploads\/sites\/3\/2020\/11\/Screen-Shot-2020-11-04-at-15.04.33-1-430x132.png 430w, https:\/\/wild-palms.com\/es\/wp-content\/uploads\/sites\/3\/2020\/11\/Screen-Shot-2020-11-04-at-15.04.33-1-150x46.png 150w, https:\/\/wild-palms.com\/es\/wp-content\/uploads\/sites\/3\/2020\/11\/Screen-Shot-2020-11-04-at-15.04.33-1-100x31.png 100w, https:\/\/wild-palms.com\/es\/wp-content\/uploads\/sites\/3\/2020\/11\/Screen-Shot-2020-11-04-at-15.04.33-1.png 1239w\" sizes=\"auto, (max-width: 1024px) 100vw, 1024px\" \/><\/a><\/figure>\n<\/div>\n\n\n<p class=\"has-text-align-center\">Una selecci\u00f3n de obras en l\u00ednea a un precio especial. Encuentra aqu\u00ed obras de peque\u00f1o formato, ediciones y proyectos especiales:<\/p>\n\n\n\n<div style=\"height:35px\" aria-hidden=\"true\" class=\"wp-block-spacer\"><\/div>\n\n\n\n<p><\/p>\n\n\n\n<div class=\"wp-block-buttons is-horizontal is-content-justification-center is-layout-flex wp-container-core-buttons-is-layout-499968f5 wp-block-buttons-is-layout-flex\">\n<div class=\"wp-block-button is-style-outline is-style-outline--1\"><a class=\"wp-block-button__link wp-element-button\" href=\"https:\/\/wildpalmsamericana.com\/art-works-store\" target=\"_blank\" rel=\"noreferrer noopener\">visitar nuestra STORE<\/a><\/div>\n<\/div>\n\n\n\n<p><\/p>\n","protected":false},"excerpt":{"rendered":"<p>Una selecci\u00f3n de obras en l\u00ednea a un precio especial. Encuentra aqu\u00ed obras de peque\u00f1o formato, ediciones y proyectos especiales:<\/p>\n","protected":false},"author":1,"featured_media":0,"parent":0,"menu_order":0,"comment_status":"closed","ping_status":"closed","template":"","meta":{"_coblocks_attr":"","_coblocks_dimensions":"","_coblocks_responsive_height":"","_coblocks_accordion_ie_support":"","hide_page_title":"","footnotes":""},"class_list":["post-3797","page","type-page","status-publish","hentry"],"yoast_head":"<!-- This site is optimized with the Yoast SEO plugin v27.0 - https:\/\/yoast.com\/product\/yoast-seo-wordpress\/ -->\n<title>wildpalms STORE | buy works + editions online<\/title>\n<meta name=\"description\" content=\"Special Editions Nika Fontaine, Karen Paulina Biswell, Morgan Mandalay, Lauriston Avery, Rachel Libeskind, Mauricio Limon, Morgan Mandalay,\" \/>\n<meta name=\"robots\" content=\"index, follow, max-snippet:-1, max-image-preview:large, max-video-preview:-1\" \/>\n<link rel=\"canonical\" href=\"https:\/\/wild-palms.com\/es\/wildpalms-store\/\" \/>\n<meta property=\"og:locale\" content=\"es_ES\" \/>\n<meta property=\"og:type\" content=\"article\" \/>\n<meta property=\"og:title\" content=\"wildpalms STORE | buy works + editions online\" \/>\n<meta property=\"og:description\" content=\"Special Editions Nika Fontaine, Karen Paulina Biswell, Morgan Mandalay, Lauriston Avery, Rachel Libeskind, Mauricio Limon, Morgan Mandalay,\" \/>\n<meta property=\"og:url\" content=\"https:\/\/wild-palms.com\/es\/wildpalms-store\/\" \/>\n<meta property=\"og:site_name\" content=\"wildpalms ES\" \/>\n<meta property=\"article:modified_time\" content=\"2023-12-11T00:00:24+00:00\" \/>\n<meta property=\"og:image\" content=\"https:\/\/wild-palms.com\/es\/wp-content\/uploads\/sites\/3\/2020\/11\/Screen-Shot-2020-11-04-at-15.04.33-1-1024x313.png\" \/>\n<meta name=\"twitter:card\" content=\"summary_large_image\" \/>\n<meta name=\"twitter:label1\" content=\"Est. reading time\" \/>\n\t<meta name=\"twitter:data1\" content=\"1 minute\" \/>\n<script type=\"application\/ld+json\" class=\"yoast-schema-graph\">{\"@context\":\"https:\/\/schema.org\",\"@graph\":[{\"@type\":\"WebPage\",\"@id\":\"https:\/\/wild-palms.com\/es\/wildpalms-store\/\",\"url\":\"https:\/\/wild-palms.com\/es\/wildpalms-store\/\",\"name\":\"wildpalms STORE | buy works + editions online\",\"isPartOf\":{\"@id\":\"https:\/\/wild-palms.com\/es\/#website\"},\"primaryImageOfPage\":{\"@id\":\"https:\/\/wild-palms.com\/es\/wildpalms-store\/#primaryimage\"},\"image\":{\"@id\":\"https:\/\/wild-palms.com\/es\/wildpalms-store\/#primaryimage\"},\"thumbnailUrl\":\"https:\/\/wild-palms.com\/es\/wp-content\/uploads\/sites\/3\/2020\/11\/Screen-Shot-2020-11-04-at-15.04.33-1-1024x313.png\",\"datePublished\":\"2020-11-02T13:27:30+00:00\",\"dateModified\":\"2023-12-11T00:00:24+00:00\",\"description\":\"Special Editions Nika Fontaine, Karen Paulina Biswell, Morgan Mandalay, Lauriston Avery, Rachel Libeskind, Mauricio Limon, Morgan Mandalay,\",\"breadcrumb\":{\"@id\":\"https:\/\/wild-palms.com\/es\/wildpalms-store\/#breadcrumb\"},\"inLanguage\":\"es\",\"potentialAction\":[{\"@type\":\"ReadAction\",\"target\":[\"https:\/\/wild-palms.com\/es\/wildpalms-store\/\"]}]},{\"@type\":\"ImageObject\",\"inLanguage\":\"es\",\"@id\":\"https:\/\/wild-palms.com\/es\/wildpalms-store\/#primaryimage\",\"url\":\"https:\/\/wild-palms.com\/es\/wp-content\/uploads\/sites\/3\/2020\/11\/Screen-Shot-2020-11-04-at-15.04.33-1.png\",\"contentUrl\":\"https:\/\/wild-palms.com\/es\/wp-content\/uploads\/sites\/3\/2020\/11\/Screen-Shot-2020-11-04-at-15.04.33-1.png\",\"width\":1239,\"height\":379},{\"@type\":\"BreadcrumbList\",\"@id\":\"https:\/\/wild-palms.com\/es\/wildpalms-store\/#breadcrumb\",\"itemListElement\":[{\"@type\":\"ListItem\",\"position\":1,\"name\":\"Home\",\"item\":\"https:\/\/wild-palms.com\/es\/\"},{\"@type\":\"ListItem\",\"position\":2,\"name\":\"wildpalms STORE\"}]},{\"@type\":\"WebSite\",\"@id\":\"https:\/\/wild-palms.com\/es\/#website\",\"url\":\"https:\/\/wild-palms.com\/es\/\",\"name\":\"wildpalms ES\",\"description\":\"\",\"publisher\":{\"@id\":\"https:\/\/wild-palms.com\/es\/#organization\"},\"potentialAction\":[{\"@type\":\"SearchAction\",\"target\":{\"@type\":\"EntryPoint\",\"urlTemplate\":\"https:\/\/wild-palms.com\/es\/?s={search_term_string}\"},\"query-input\":{\"@type\":\"PropertyValueSpecification\",\"valueRequired\":true,\"valueName\":\"search_term_string\"}}],\"inLanguage\":\"es\"},{\"@type\":\"Organization\",\"@id\":\"https:\/\/wild-palms.com\/es\/#organization\",\"name\":\"wildpalms ES\",\"url\":\"https:\/\/wild-palms.com\/es\/\",\"logo\":{\"@type\":\"ImageObject\",\"inLanguage\":\"es\",\"@id\":\"https:\/\/wild-palms.com\/es\/#\/schema\/logo\/image\/\",\"url\":\"https:\/\/wild-palms.com\/es\/wp-content\/uploads\/sites\/3\/2023\/03\/cropped-wildpalms_logo_ths.png\",\"contentUrl\":\"https:\/\/wild-palms.com\/es\/wp-content\/uploads\/sites\/3\/2023\/03\/cropped-wildpalms_logo_ths.png\",\"width\":1200,\"height\":197,\"caption\":\"wildpalms ES\"},\"image\":{\"@id\":\"https:\/\/wild-palms.com\/es\/#\/schema\/logo\/image\/\"}}]}<\/script>\n<!-- \/ Yoast SEO plugin. -->","yoast_head_json":{"title":"wildpalms STORE | buy works + editions online","description":"Special Editions Nika Fontaine, Karen Paulina Biswell, Morgan Mandalay, Lauriston Avery, Rachel Libeskind, Mauricio Limon, Morgan Mandalay,","robots":{"index":"index","follow":"follow","max-snippet":"max-snippet:-1","max-image-preview":"max-image-preview:large","max-video-preview":"max-video-preview:-1"},"canonical":"https:\/\/wild-palms.com\/es\/wildpalms-store\/","og_locale":"es_ES","og_type":"article","og_title":"wildpalms STORE | buy works + editions online","og_description":"Special Editions Nika Fontaine, Karen Paulina Biswell, Morgan Mandalay, Lauriston Avery, Rachel Libeskind, Mauricio Limon, Morgan Mandalay,","og_url":"https:\/\/wild-palms.com\/es\/wildpalms-store\/","og_site_name":"wildpalms ES","article_modified_time":"2023-12-11T00:00:24+00:00","og_image":[{"url":"https:\/\/wild-palms.com\/es\/wp-content\/uploads\/sites\/3\/2020\/11\/Screen-Shot-2020-11-04-at-15.04.33-1-1024x313.png","type":"","width":"","height":""}],"twitter_card":"summary_large_image","twitter_misc":{"Est. reading time":"1 minute"},"schema":{"@context":"https:\/\/schema.org","@graph":[{"@type":"WebPage","@id":"https:\/\/wild-palms.com\/es\/wildpalms-store\/","url":"https:\/\/wild-palms.com\/es\/wildpalms-store\/","name":"wildpalms STORE | buy works + editions online","isPartOf":{"@id":"https:\/\/wild-palms.com\/es\/#website"},"primaryImageOfPage":{"@id":"https:\/\/wild-palms.com\/es\/wildpalms-store\/#primaryimage"},"image":{"@id":"https:\/\/wild-palms.com\/es\/wildpalms-store\/#primaryimage"},"thumbnailUrl":"https:\/\/wild-palms.com\/es\/wp-content\/uploads\/sites\/3\/2020\/11\/Screen-Shot-2020-11-04-at-15.04.33-1-1024x313.png","datePublished":"2020-11-02T13:27:30+00:00","dateModified":"2023-12-11T00:00:24+00:00","description":"Special Editions Nika Fontaine, Karen Paulina Biswell, Morgan Mandalay, Lauriston Avery, Rachel Libeskind, Mauricio Limon, Morgan Mandalay,","breadcrumb":{"@id":"https:\/\/wild-palms.com\/es\/wildpalms-store\/#breadcrumb"},"inLanguage":"es","potentialAction":[{"@type":"ReadAction","target":["https:\/\/wild-palms.com\/es\/wildpalms-store\/"]}]},{"@type":"ImageObject","inLanguage":"es","@id":"https:\/\/wild-palms.com\/es\/wildpalms-store\/#primaryimage","url":"https:\/\/wild-palms.com\/es\/wp-content\/uploads\/sites\/3\/2020\/11\/Screen-Shot-2020-11-04-at-15.04.33-1.png","contentUrl":"https:\/\/wild-palms.com\/es\/wp-content\/uploads\/sites\/3\/2020\/11\/Screen-Shot-2020-11-04-at-15.04.33-1.png","width":1239,"height":379},{"@type":"BreadcrumbList","@id":"https:\/\/wild-palms.com\/es\/wildpalms-store\/#breadcrumb","itemListElement":[{"@type":"ListItem","position":1,"name":"Home","item":"https:\/\/wild-palms.com\/es\/"},{"@type":"ListItem","position":2,"name":"wildpalms STORE"}]},{"@type":"WebSite","@id":"https:\/\/wild-palms.com\/es\/#website","url":"https:\/\/wild-palms.com\/es\/","name":"wildpalms ES","description":"","publisher":{"@id":"https:\/\/wild-palms.com\/es\/#organization"},"potentialAction":[{"@type":"SearchAction","target":{"@type":"EntryPoint","urlTemplate":"https:\/\/wild-palms.com\/es\/?s={search_term_string}"},"query-input":{"@type":"PropertyValueSpecification","valueRequired":true,"valueName":"search_term_string"}}],"inLanguage":"es"},{"@type":"Organization","@id":"https:\/\/wild-palms.com\/es\/#organization","name":"wildpalms ES","url":"https:\/\/wild-palms.com\/es\/","logo":{"@type":"ImageObject","inLanguage":"es","@id":"https:\/\/wild-palms.com\/es\/#\/schema\/logo\/image\/","url":"https:\/\/wild-palms.com\/es\/wp-content\/uploads\/sites\/3\/2023\/03\/cropped-wildpalms_logo_ths.png","contentUrl":"https:\/\/wild-palms.com\/es\/wp-content\/uploads\/sites\/3\/2023\/03\/cropped-wildpalms_logo_ths.png","width":1200,"height":197,"caption":"wildpalms ES"},"image":{"@id":"https:\/\/wild-palms.com\/es\/#\/schema\/logo\/image\/"}}]}},"_links":{"self":[{"href":"https:\/\/wild-palms.com\/es\/wp-json\/wp\/v2\/pages\/3797","targetHints":{"allow":["GET"]}}],"collection":[{"href":"https:\/\/wild-palms.com\/es\/wp-json\/wp\/v2\/pages"}],"about":[{"href":"https:\/\/wild-palms.com\/es\/wp-json\/wp\/v2\/types\/page"}],"author":[{"embeddable":true,"href":"https:\/\/wild-palms.com\/es\/wp-json\/wp\/v2\/users\/1"}],"replies":[{"embeddable":true,"href":"https:\/\/wild-palms.com\/es\/wp-json\/wp\/v2\/comments?post=3797"}],"version-history":[{"count":1,"href":"https:\/\/wild-palms.com\/es\/wp-json\/wp\/v2\/pages\/3797\/revisions"}],"predecessor-version":[{"id":8629,"href":"https:\/\/wild-palms.com\/es\/wp-json\/wp\/v2\/pages\/3797\/revisions\/8629"}],"wp:attachment":[{"href":"https:\/\/wild-palms.com\/es\/wp-json\/wp\/v2\/media?parent=3797"}],"curies":[{"name":"wp","href":"https:\/\/api.w.org\/{rel}","templated":true}]}}