{"id":2861,"date":"2020-03-05T11:51:14","date_gmt":"2020-03-05T10:51:14","guid":{"rendered":"http:\/\/wild-palms.com\/es\/?page_id=2861"},"modified":"2023-12-11T01:14:32","modified_gmt":"2023-12-11T00:14:32","slug":"la-rubia-te-besa","status":"publish","type":"page","link":"https:\/\/wild-palms.com\/es\/la-rubia-te-besa\/","title":{"rendered":"La Rubia Te Besa"},"content":{"rendered":"\n<div class=\"wp-block-columns alignwide are-vertically-aligned-center is-layout-flex wp-container-core-columns-is-layout-9d6595d7 wp-block-columns-is-layout-flex\">\n<div class=\"wp-block-column is-vertically-aligned-center is-layout-flow wp-block-column-is-layout-flow\" style=\"flex-basis:33.33%\">\n<figure class=\"wp-block-image size-full\"><img loading=\"lazy\" decoding=\"async\" width=\"960\" height=\"960\" src=\"https:\/\/wild-palms.com\/es\/wp-content\/uploads\/sites\/3\/2020\/03\/65854387_2647096065347593_8163350571781193728_o.jpg\" alt=\"La Rubia te besa\" class=\"wp-image-2880\" srcset=\"https:\/\/wild-palms.com\/es\/wp-content\/uploads\/sites\/3\/2020\/03\/65854387_2647096065347593_8163350571781193728_o.jpg 960w, https:\/\/wild-palms.com\/es\/wp-content\/uploads\/sites\/3\/2020\/03\/65854387_2647096065347593_8163350571781193728_o-300x300.jpg 300w, https:\/\/wild-palms.com\/es\/wp-content\/uploads\/sites\/3\/2020\/03\/65854387_2647096065347593_8163350571781193728_o-150x150.jpg 150w, https:\/\/wild-palms.com\/es\/wp-content\/uploads\/sites\/3\/2020\/03\/65854387_2647096065347593_8163350571781193728_o-768x768.jpg 768w, https:\/\/wild-palms.com\/es\/wp-content\/uploads\/sites\/3\/2020\/03\/65854387_2647096065347593_8163350571781193728_o-750x750.jpg 750w, https:\/\/wild-palms.com\/es\/wp-content\/uploads\/sites\/3\/2020\/03\/65854387_2647096065347593_8163350571781193728_o-400x400.jpg 400w, https:\/\/wild-palms.com\/es\/wp-content\/uploads\/sites\/3\/2020\/03\/65854387_2647096065347593_8163350571781193728_o-430x430.jpg 430w, https:\/\/wild-palms.com\/es\/wp-content\/uploads\/sites\/3\/2020\/03\/65854387_2647096065347593_8163350571781193728_o-100x100.jpg 100w\" sizes=\"auto, (max-width: 960px) 100vw, 960px\" \/><\/figure>\n<\/div>\n\n\n\n<div class=\"wp-block-column is-vertically-aligned-center is-layout-flow wp-block-column-is-layout-flow\" style=\"flex-basis:66.66%\">\n<h3 class=\"wp-block-heading\">La Rubia Te Besa<\/h3>\n\n\n\n<p style=\"font-size:14px\"><a href=\"https:\/\/larubiatebesa.bandcamp.com\/\">La Rubia Te Besa<\/a>, fundada en 2013 en la Ciudad de M\u00e9xico, es una banda de electro drama. Jos\u00e9 Elguezabal, Pepe y Alejandro Almanza son los miembros fundadores. Su marca comercial son las luces rosas y las pelucas rubias, una clara referencia al peinado de la m\u00fasica Glam, y a la pr\u00e1ctica com\u00fan de la decoloraci\u00f3n del cabello en Latinoam\u00e9rica asociada a una mayor estima.<\/p>\n<\/div>\n<\/div>\n\n\n\n<div class=\"wp-block-columns alignwide is-layout-flex wp-container-core-columns-is-layout-9d6595d7 wp-block-columns-is-layout-flex\">\n<div class=\"wp-block-column is-layout-flow wp-block-column-is-layout-flow\">\n<p style=\"font-size:13px\">Jos\u00e9 Elguezabal miembro con formaci\u00f3n musical fundamental (Conservatorio Nacional (MX), Berklee College (US), Bard College (US), Conservatori Liceu Barcelona (SP)), es el compositor de la rubia. Utiliza los teclados para producir un gran n\u00famero de referencias dentro de la m\u00fasica cl\u00e1sica y de compositores contempor\u00e1neos. El electrodrama, como g\u00e9nero, describe situaciones sociales relacionadas con la vida cotidiana, como el amor y el desamor. En los a\u00f1os 80, alcanz\u00f3 gran popularidad al componer m\u00fasica pop con letras que describ\u00edan, de forma dialogada, a una pareja abocada a una crisis. La rubia revitaliza la idea del drama como elemento popular en la vida cotidiana latinoamericana, sin embargo, en lugar de recrearlo como un g\u00e9nero aislado, mediante el uso consciente de elementos musicales del arte elevado, como la teor\u00eda de la armon\u00eda, la rubia extendi\u00f3 el drama a la historia de la m\u00fasica y a la teor\u00eda est\u00e9tica.<br>Un elemento que apoya la cr\u00edtica socavadora de la rubia a los productos culturales del arte elevado es el uso de la l\u00edrica, basada en las referencias a la poes\u00eda francesa del siglo XIX, as\u00ed como a la literatura y el cine.<\/p>\n\n\n\n<p style=\"font-size:13px\">La Rubia Te Besa ha actuado en instituciones, clubes y festivales internacionales de renombre, como el Whitney Museum (NY), Guadalajara (MX), Knockdown Center (NY), The Cobra Club (NY).<\/p>\n\n\n\n<p style=\"font-size:13px\">En 2022, wildpalms publicar\u00e1 su primer LP oficial, una edici\u00f3n art\u00edstica limitada.<\/p>\n<\/div>\n\n\n\n<div class=\"wp-block-column is-layout-flow wp-block-column-is-layout-flow\">\n<figure class=\"wp-block-image size-full\"><img loading=\"lazy\" decoding=\"async\" width=\"320\" height=\"240\" src=\"https:\/\/wild-palms.com\/es\/wp-content\/uploads\/sites\/3\/2020\/03\/IMG_0224.jpeg\" alt=\"La Rubia te Besa. Jos\u00e9 Elguezabal\" class=\"wp-image-2883\" srcset=\"https:\/\/wild-palms.com\/es\/wp-content\/uploads\/sites\/3\/2020\/03\/IMG_0224.jpeg 320w, https:\/\/wild-palms.com\/es\/wp-content\/uploads\/sites\/3\/2020\/03\/IMG_0224-300x225.jpeg 300w, https:\/\/wild-palms.com\/es\/wp-content\/uploads\/sites\/3\/2020\/03\/IMG_0224-150x113.jpeg 150w, https:\/\/wild-palms.com\/es\/wp-content\/uploads\/sites\/3\/2020\/03\/IMG_0224-100x75.jpeg 100w\" sizes=\"auto, (max-width: 320px) 100vw, 320px\" \/><\/figure>\n\n\n\n<p style=\"font-size:14px\"><a href=\"https:\/\/soundcloud.com\/la-rubia-te-besa\">SOUNDCLOUD<\/a><\/p>\n<\/div>\n<\/div>\n\n\n\n<figure class=\"wp-block-embed alignwide is-type-video is-provider-youtube wp-block-embed-youtube wp-embed-aspect-16-9 wp-has-aspect-ratio\"><div class=\"wp-block-embed__wrapper\">\n<iframe loading=\"lazy\" title=\"&quot;Roadie Song&quot; La Rubia te Besa en directo desde la Villa Bachelor (Oficial)\" width=\"660\" height=\"371\" src=\"https:\/\/www.youtube.com\/embed\/1tWsg07iboI?feature=oembed\" frameborder=\"0\" allow=\"accelerometer; autoplay; clipboard-write; encrypted-media; gyroscope; picture-in-picture; web-share\" referrerpolicy=\"strict-origin-when-cross-origin\" allowfullscreen><\/iframe>\n<\/div><\/figure>\n\n\n\n<figure class=\"wp-block-embed alignwide is-type-video is-provider-youtube wp-block-embed-youtube wp-embed-aspect-16-9 wp-has-aspect-ratio\"><div class=\"wp-block-embed__wrapper\">\n<iframe loading=\"lazy\" title=\"&quot;Caballero G\u00f3tico&quot; La Rubia te Besa en directo desde la Villa Bachelor (Oficial)\" width=\"660\" height=\"371\" src=\"https:\/\/www.youtube.com\/embed\/q2vz8EThdVM?feature=oembed\" frameborder=\"0\" allow=\"accelerometer; autoplay; clipboard-write; encrypted-media; gyroscope; picture-in-picture; web-share\" referrerpolicy=\"strict-origin-when-cross-origin\" allowfullscreen><\/iframe>\n<\/div><\/figure>\n","protected":false},"excerpt":{"rendered":"<p>La Rubia Te Besa La Rubia Te Besa, fundada en 2013 en la Ciudad de M\u00e9xico, es una banda de electro drama. Jos\u00e9 Elguezabal, Pepe y Alejandro Almanza son los miembros fundadores. Su marca comercial son las luces rosas y las pelucas rubias, una clara referencia al peinado de la m\u00fasica Glam, y a la [&hellip;]<\/p>\n","protected":false},"author":1,"featured_media":0,"parent":0,"menu_order":0,"comment_status":"closed","ping_status":"closed","template":"","meta":{"_coblocks_attr":"","_coblocks_dimensions":"","_coblocks_responsive_height":"","_coblocks_accordion_ie_support":"","hide_page_title":"","footnotes":""},"class_list":["post-2861","page","type-page","status-publish","hentry"],"yoast_head":"<!-- This site is optimized with the Yoast SEO plugin v27.0 - https:\/\/yoast.com\/product\/yoast-seo-wordpress\/ -->\n<title>La Rubia Te Besa - wildpalms ES<\/title>\n<meta name=\"description\" content=\"La Rubia te Besa una banda de electro drama. Jos\u00e9 Elguezabal, Pepe y Alejandro Almanza son los miembros fundadores\" \/>\n<meta name=\"robots\" content=\"index, follow, max-snippet:-1, max-image-preview:large, max-video-preview:-1\" \/>\n<link rel=\"canonical\" href=\"https:\/\/wild-palms.com\/es\/la-rubia-te-besa\/\" \/>\n<meta property=\"og:locale\" content=\"es_ES\" \/>\n<meta property=\"og:type\" content=\"article\" \/>\n<meta property=\"og:title\" content=\"La Rubia Te Besa - wildpalms ES\" \/>\n<meta property=\"og:description\" content=\"La Rubia te Besa una banda de electro drama. Jos\u00e9 Elguezabal, Pepe y Alejandro Almanza son los miembros fundadores\" \/>\n<meta property=\"og:url\" content=\"https:\/\/wild-palms.com\/es\/la-rubia-te-besa\/\" \/>\n<meta property=\"og:site_name\" content=\"wildpalms ES\" \/>\n<meta property=\"article:modified_time\" content=\"2023-12-11T00:14:32+00:00\" \/>\n<meta property=\"og:image\" content=\"https:\/\/wild-palms.com\/es\/wp-content\/uploads\/sites\/3\/2020\/03\/65854387_2647096065347593_8163350571781193728_o.jpg\" \/>\n<meta name=\"twitter:card\" content=\"summary_large_image\" \/>\n<meta name=\"twitter:label1\" content=\"Est. reading time\" \/>\n\t<meta name=\"twitter:data1\" content=\"2 minutes\" \/>\n<script type=\"application\/ld+json\" class=\"yoast-schema-graph\">{\"@context\":\"https:\/\/schema.org\",\"@graph\":[{\"@type\":\"WebPage\",\"@id\":\"https:\/\/wild-palms.com\/es\/la-rubia-te-besa\/\",\"url\":\"https:\/\/wild-palms.com\/es\/la-rubia-te-besa\/\",\"name\":\"La Rubia Te Besa - wildpalms ES\",\"isPartOf\":{\"@id\":\"http:\/\/wild-palms.com\/es\/#website\"},\"primaryImageOfPage\":{\"@id\":\"https:\/\/wild-palms.com\/es\/la-rubia-te-besa\/#primaryimage\"},\"image\":{\"@id\":\"https:\/\/wild-palms.com\/es\/la-rubia-te-besa\/#primaryimage\"},\"thumbnailUrl\":\"https:\/\/wild-palms.com\/es\/wp-content\/uploads\/sites\/3\/2020\/03\/65854387_2647096065347593_8163350571781193728_o.jpg\",\"datePublished\":\"2020-03-05T10:51:14+00:00\",\"dateModified\":\"2023-12-11T00:14:32+00:00\",\"description\":\"La Rubia te Besa una banda de electro drama. Jos\u00e9 Elguezabal, Pepe y Alejandro Almanza son los miembros fundadores\",\"breadcrumb\":{\"@id\":\"https:\/\/wild-palms.com\/es\/la-rubia-te-besa\/#breadcrumb\"},\"inLanguage\":\"es\",\"potentialAction\":[{\"@type\":\"ReadAction\",\"target\":[\"https:\/\/wild-palms.com\/es\/la-rubia-te-besa\/\"]}]},{\"@type\":\"ImageObject\",\"inLanguage\":\"es\",\"@id\":\"https:\/\/wild-palms.com\/es\/la-rubia-te-besa\/#primaryimage\",\"url\":\"https:\/\/wild-palms.com\/es\/wp-content\/uploads\/sites\/3\/2020\/03\/65854387_2647096065347593_8163350571781193728_o.jpg\",\"contentUrl\":\"https:\/\/wild-palms.com\/es\/wp-content\/uploads\/sites\/3\/2020\/03\/65854387_2647096065347593_8163350571781193728_o.jpg\",\"width\":960,\"height\":960},{\"@type\":\"BreadcrumbList\",\"@id\":\"https:\/\/wild-palms.com\/es\/la-rubia-te-besa\/#breadcrumb\",\"itemListElement\":[{\"@type\":\"ListItem\",\"position\":1,\"name\":\"Home\",\"item\":\"http:\/\/wild-palms.com\/es\/\"},{\"@type\":\"ListItem\",\"position\":2,\"name\":\"La Rubia Te Besa\"}]},{\"@type\":\"WebSite\",\"@id\":\"http:\/\/wild-palms.com\/es\/#website\",\"url\":\"http:\/\/wild-palms.com\/es\/\",\"name\":\"wildpalms ES\",\"description\":\"\",\"publisher\":{\"@id\":\"http:\/\/wild-palms.com\/es\/#organization\"},\"potentialAction\":[{\"@type\":\"SearchAction\",\"target\":{\"@type\":\"EntryPoint\",\"urlTemplate\":\"http:\/\/wild-palms.com\/es\/?s={search_term_string}\"},\"query-input\":{\"@type\":\"PropertyValueSpecification\",\"valueRequired\":true,\"valueName\":\"search_term_string\"}}],\"inLanguage\":\"es\"},{\"@type\":\"Organization\",\"@id\":\"http:\/\/wild-palms.com\/es\/#organization\",\"name\":\"wildpalms ES\",\"url\":\"http:\/\/wild-palms.com\/es\/\",\"logo\":{\"@type\":\"ImageObject\",\"inLanguage\":\"es\",\"@id\":\"http:\/\/wild-palms.com\/es\/#\/schema\/logo\/image\/\",\"url\":\"https:\/\/wild-palms.com\/es\/wp-content\/uploads\/sites\/3\/2023\/03\/cropped-wildpalms_logo_ths.png\",\"contentUrl\":\"https:\/\/wild-palms.com\/es\/wp-content\/uploads\/sites\/3\/2023\/03\/cropped-wildpalms_logo_ths.png\",\"width\":1200,\"height\":197,\"caption\":\"wildpalms ES\"},\"image\":{\"@id\":\"http:\/\/wild-palms.com\/es\/#\/schema\/logo\/image\/\"}}]}<\/script>\n<!-- \/ Yoast SEO plugin. -->","yoast_head_json":{"title":"La Rubia Te Besa - wildpalms ES","description":"La Rubia te Besa una banda de electro drama. Jos\u00e9 Elguezabal, Pepe y Alejandro Almanza son los miembros fundadores","robots":{"index":"index","follow":"follow","max-snippet":"max-snippet:-1","max-image-preview":"max-image-preview:large","max-video-preview":"max-video-preview:-1"},"canonical":"https:\/\/wild-palms.com\/es\/la-rubia-te-besa\/","og_locale":"es_ES","og_type":"article","og_title":"La Rubia Te Besa - wildpalms ES","og_description":"La Rubia te Besa una banda de electro drama. Jos\u00e9 Elguezabal, Pepe y Alejandro Almanza son los miembros fundadores","og_url":"https:\/\/wild-palms.com\/es\/la-rubia-te-besa\/","og_site_name":"wildpalms ES","article_modified_time":"2023-12-11T00:14:32+00:00","og_image":[{"url":"https:\/\/wild-palms.com\/es\/wp-content\/uploads\/sites\/3\/2020\/03\/65854387_2647096065347593_8163350571781193728_o.jpg","type":"","width":"","height":""}],"twitter_card":"summary_large_image","twitter_misc":{"Est. reading time":"2 minutes"},"schema":{"@context":"https:\/\/schema.org","@graph":[{"@type":"WebPage","@id":"https:\/\/wild-palms.com\/es\/la-rubia-te-besa\/","url":"https:\/\/wild-palms.com\/es\/la-rubia-te-besa\/","name":"La Rubia Te Besa - wildpalms ES","isPartOf":{"@id":"http:\/\/wild-palms.com\/es\/#website"},"primaryImageOfPage":{"@id":"https:\/\/wild-palms.com\/es\/la-rubia-te-besa\/#primaryimage"},"image":{"@id":"https:\/\/wild-palms.com\/es\/la-rubia-te-besa\/#primaryimage"},"thumbnailUrl":"https:\/\/wild-palms.com\/es\/wp-content\/uploads\/sites\/3\/2020\/03\/65854387_2647096065347593_8163350571781193728_o.jpg","datePublished":"2020-03-05T10:51:14+00:00","dateModified":"2023-12-11T00:14:32+00:00","description":"La Rubia te Besa una banda de electro drama. Jos\u00e9 Elguezabal, Pepe y Alejandro Almanza son los miembros fundadores","breadcrumb":{"@id":"https:\/\/wild-palms.com\/es\/la-rubia-te-besa\/#breadcrumb"},"inLanguage":"es","potentialAction":[{"@type":"ReadAction","target":["https:\/\/wild-palms.com\/es\/la-rubia-te-besa\/"]}]},{"@type":"ImageObject","inLanguage":"es","@id":"https:\/\/wild-palms.com\/es\/la-rubia-te-besa\/#primaryimage","url":"https:\/\/wild-palms.com\/es\/wp-content\/uploads\/sites\/3\/2020\/03\/65854387_2647096065347593_8163350571781193728_o.jpg","contentUrl":"https:\/\/wild-palms.com\/es\/wp-content\/uploads\/sites\/3\/2020\/03\/65854387_2647096065347593_8163350571781193728_o.jpg","width":960,"height":960},{"@type":"BreadcrumbList","@id":"https:\/\/wild-palms.com\/es\/la-rubia-te-besa\/#breadcrumb","itemListElement":[{"@type":"ListItem","position":1,"name":"Home","item":"http:\/\/wild-palms.com\/es\/"},{"@type":"ListItem","position":2,"name":"La Rubia Te Besa"}]},{"@type":"WebSite","@id":"http:\/\/wild-palms.com\/es\/#website","url":"http:\/\/wild-palms.com\/es\/","name":"wildpalms ES","description":"","publisher":{"@id":"http:\/\/wild-palms.com\/es\/#organization"},"potentialAction":[{"@type":"SearchAction","target":{"@type":"EntryPoint","urlTemplate":"http:\/\/wild-palms.com\/es\/?s={search_term_string}"},"query-input":{"@type":"PropertyValueSpecification","valueRequired":true,"valueName":"search_term_string"}}],"inLanguage":"es"},{"@type":"Organization","@id":"http:\/\/wild-palms.com\/es\/#organization","name":"wildpalms ES","url":"http:\/\/wild-palms.com\/es\/","logo":{"@type":"ImageObject","inLanguage":"es","@id":"http:\/\/wild-palms.com\/es\/#\/schema\/logo\/image\/","url":"https:\/\/wild-palms.com\/es\/wp-content\/uploads\/sites\/3\/2023\/03\/cropped-wildpalms_logo_ths.png","contentUrl":"https:\/\/wild-palms.com\/es\/wp-content\/uploads\/sites\/3\/2023\/03\/cropped-wildpalms_logo_ths.png","width":1200,"height":197,"caption":"wildpalms ES"},"image":{"@id":"http:\/\/wild-palms.com\/es\/#\/schema\/logo\/image\/"}}]}},"_links":{"self":[{"href":"https:\/\/wild-palms.com\/es\/wp-json\/wp\/v2\/pages\/2861","targetHints":{"allow":["GET"]}}],"collection":[{"href":"https:\/\/wild-palms.com\/es\/wp-json\/wp\/v2\/pages"}],"about":[{"href":"https:\/\/wild-palms.com\/es\/wp-json\/wp\/v2\/types\/page"}],"author":[{"embeddable":true,"href":"https:\/\/wild-palms.com\/es\/wp-json\/wp\/v2\/users\/1"}],"replies":[{"embeddable":true,"href":"https:\/\/wild-palms.com\/es\/wp-json\/wp\/v2\/comments?post=2861"}],"version-history":[{"count":3,"href":"https:\/\/wild-palms.com\/es\/wp-json\/wp\/v2\/pages\/2861\/revisions"}],"predecessor-version":[{"id":8637,"href":"https:\/\/wild-palms.com\/es\/wp-json\/wp\/v2\/pages\/2861\/revisions\/8637"}],"wp:attachment":[{"href":"https:\/\/wild-palms.com\/es\/wp-json\/wp\/v2\/media?parent=2861"}],"curies":[{"name":"wp","href":"https:\/\/api.w.org\/{rel}","templated":true}]}}