{"id":2392,"date":"2019-04-09T17:51:18","date_gmt":"2019-04-09T15:51:18","guid":{"rendered":"http:\/\/wild-palms.com\/es\/?page_id=2392"},"modified":"2025-07-28T22:32:01","modified_gmt":"2025-07-28T20:32:01","slug":"a-fairly-secret-army","status":"publish","type":"page","link":"https:\/\/wild-palms.com\/es\/a-fairly-secret-army\/","title":{"rendered":"A FAIRLY SECRET ARMY"},"content":{"rendered":"\n<h3 class=\"wp-block-heading\"><span style=\"font-family: avenir-next-regular; color: #0000ff; font-size: 18pt;\">A FAIRLY SECRET ARMY &#8211; Notes from NY<\/span><\/h3>\n\n\n\n<div style=\"height:20px\" aria-hidden=\"true\" class=\"wp-block-spacer\"><\/div>\n\n\n\n<div class=\"wp-block-columns is-layout-flex wp-container-core-columns-is-layout-9d6595d7 wp-block-columns-is-layout-flex\">\n<div class=\"wp-block-column is-layout-flow wp-block-column-is-layout-flow\">\n<p class=\"has-small-font-size\"><span style=\"font-family: avenir-next-regular; color: #000000; font-size: 14pt;\">Comisario <span style=\"color: #0000ff;\">PAUL WHITING \/ <a style=\"color: #0000ff;\" href=\"https:\/\/www.george-gallery.com\/\">GEORGE Gallery<\/a><\/span><\/span><\/p>\n\n\n\n<p class=\"has-small-font-size\"><span style=\"font-family: avenir-next-regular; color: #000000;\"> Junio 7 2019, 6pm<\/span><\/p>\n<\/div>\n<\/div>\n\n\n\n<p><span style=\"font-family: avenir-next-regular; color: #ff00ff;\"><\/span><\/p>\n\n\n\n<div class=\"wp-block-columns is-layout-flex wp-container-core-columns-is-layout-9d6595d7 wp-block-columns-is-layout-flex\">\n<div class=\"wp-block-column is-layout-flow wp-block-column-is-layout-flow\">\n<p style=\"font-size:15px\"><a href=\"http:\/\/wild-palms.com\/es\/lauriston-avery\/\">Lauriston Avery<\/a><\/p>\n\n\n\n<p style=\"font-size:15px\"><a href=\"https:\/\/promulgator.com\/\">Charles Cohen<\/a><\/p>\n\n\n\n<p style=\"font-size:15px\"><a href=\"http:\/\/wild-palms.com\/es\/jason-duval\/\">Jason Duval<\/a><\/p>\n\n\n\n<p style=\"font-size:15px\"><a href=\"https:\/\/georgiaelrod.com\/\">Georgia Elrod<\/a><\/p>\n\n\n\n<p style=\"font-size:15px\"><a href=\"https:\/\/sophiafrydman.tumblr.com\/\">Sophia Frydman<\/a><\/p>\n\n\n\n<p style=\"font-size:15px\"><a href=\"https:\/\/andrewguenther.com\/home.html\">Andrew Guenther<\/a><\/p>\n\n\n\n<p style=\"font-size:15px\"><a href=\"https:\/\/rachellibeskind.com\/\">Rachel Libeskind<\/a><\/p>\n\n\n\n<p style=\"font-size:15px\"><a href=\"https:\/\/www.emilymariemiller.com\/\">Emily Miller<\/a><\/p>\n\n\n\n<p style=\"font-size:15px\"><a href=\"https:\/\/www.erikaranee.com\/\">Erika Ranee<\/a><\/p>\n\n\n\n<p style=\"font-size:15px\"><a href=\"https:\/\/www.jackiesaccoccio.com\/\">Jackie Saccoccio<\/a><\/p>\n\n\n\n<p style=\"font-size:15px\"><a href=\"https:\/\/www.jennifersullivan.org\/\">Jennifer Sullivan<\/a><\/p>\n\n\n\n<p style=\"font-size:15px\"><a href=\"http:\/\/www.alexiworth.com\/\">Alexi Worth<\/a><\/p>\n<\/div>\n\n\n\n<div class=\"wp-block-column is-layout-flow wp-block-column-is-layout-flow\">\n<p style=\"font-size:15px\">Alicia Adamerovich<br>Lindsay Burke<br>Steve Dibenedetto<br>Shaun Ellison<br>Dana Frankfort<br>Scott Grodesky<br>Angela Heisch<br>Saira McLaren<br>Bridget Mullen<br>Adrianne Rubenstein<br>Michelle Segre<br>Paul Whiting<\/p>\n<\/div>\n\n\n\n<div class=\"wp-block-column is-layout-flow wp-block-column-is-layout-flow\">\n<p style=\"font-size:15px\"><a href=\"https:\/\/heatherbenjamin.bigcartel.com\/\">Heather Benjamin<\/a><\/p>\n\n\n\n<p style=\"font-size:15px\"><a href=\"https:\/\/www.dalvia.com\/\">Carl D&#8217;Alvia<\/a><\/p>\n\n\n\n<p style=\"font-size:15px\"><a href=\"http:\/\/jonathanehrenberg.com\/\">Jonathan Ehrenberg<\/a><\/p>\n\n\n\n<p style=\"font-size:15px\"><a href=\"http:\/\/www.jasonfoxart.com\/Jason_Fox_Art_Home.html\">Jason Fox<\/a><\/p>\n\n\n\n<p style=\"font-size:15px\"><a href=\"https:\/\/aliciagibson.net\/home.html\">Alicia Gibson<\/a><\/p>\n\n\n\n<p style=\"font-size:15px\"><a href=\"http:\/\/chrishammerlein.de\/\">Chris Hammerlein<\/a><\/p>\n\n\n\n<p style=\"font-size:15px\"><a href=\"http:\/\/jjmanford.com\/\">JJ Manford<\/a><\/p>\n\n\n\n<p style=\"font-size:15px\"><a href=\"http:\/\/www.johnlmoore.net\/recent.html\">John L. Moore<\/a><\/p>\n\n\n\n<p style=\"font-size:15px\"><a href=\"http:\/\/alexanderross.work\/\">Alexander Ross<\/a><\/p>\n\n\n\n<p style=\"font-size:15px\"><a href=\"http:\/\/www.klausschmittart.de\/\">Klaus Schmitt<\/a><\/p>\n\n\n\n<p style=\"font-size:15px\"><a href=\"http:\/\/www.benkvoss.com\/\">Ben K. Voss<\/a><\/p>\n<\/div>\n<\/div>\n\n\n\n<figure class=\"wp-block-image\"><img loading=\"lazy\" decoding=\"async\" width=\"1000\" height=\"604\" src=\"http:\/\/wild-palms.com\/es\/wp-content\/uploads\/sites\/3\/2019\/06\/2_Outskirts_still-e1559762586795.jpg\" alt=\"\" class=\"wp-image-2520\"\/><\/figure>\n\n\n\n<p><span style=\"font-size: 10pt; font-family: avenir-next-regular;\">Still of video work &#8220;Outskirts&#8221; by Jonathan Ehrenberg.<\/span><\/p>\n\n\n\n<p style=\"font-size:15px\">A Fairly Secret Army (notas desde Nueva York) nace del deseo de saber qu\u00e9 tipo de trabajo se est\u00e1 realizando actualmente en Nueva York y de entablar un di\u00e1logo con D\u00fcsseldorf. Esta exposici\u00f3n ofrece una respuesta, aunque parcial, al reunir obras de algunos de los artistas que viven y trabajan en Nueva York. El resultado refleja la diversidad est\u00e9tica y el ingenio que caracterizan a los espacios gestionados por artistas.<br>Como centro del mercado mundial del arte y de las industrias creativas, Nueva York es un lugar de deseo y disrupci\u00f3n en su esencia. El arte, como escribi\u00f3 Faulkner, \u00abes la piedra menor m\u00e1s dura de [su] cimiento. Forma parte del brillo o la sordidez de las calles. Los edificios se elevan como flechas desde ella y gracias a ella, para ser derribados y volver a elevarse como flechas\u00bb.(1)<br>Una ciudad que crece y cambia bajo la influencia del arte construye un sistema en constante evoluci\u00f3n, con la complejidad que ello conlleva. En Nueva York, el arte es a la vez perif\u00e9rico y central; une a las personas y fomenta un di\u00e1logo que estimula a\u00fan m\u00e1s. Este di\u00e1logo implica conexiones, transferencia de conocimientos y juicio est\u00e9tico.<br>D\u00fcsseldorf es una importante influencia hist\u00f3rica y una referencia contempor\u00e1nea. Sin la ciudad, sus instituciones y su academia, el arte del siglo pasado no existir\u00eda tal y como se practica y se entiende actualmente. Se podr\u00eda perdonar a un centro cultural tan importante por elegir centrarse en s\u00ed mismo, pero la curiosidad art\u00edstica que ha definido a la ciudad sigue prevaleciendo hoy en d\u00eda.<br>A Fairly Secret Army (notas desde Nueva York) trae el exterior al interior, presentando una muestra representativa de artistas que viven y trabajan en Nueva York. A trav\u00e9s de diversos medios, con diferentes preocupaciones conceptuales y formales, y en diferentes etapas de sus carreras, cada uno navega por el idiosincr\u00e1sico sistema de la ciudad a su manera, pero encuentra en \u00e9l una comunidad vital con intereses comunes en la creaci\u00f3n y la confrontaci\u00f3n del arte.<br>A Fairly Secret Army (notas desde Nueva York) es una colaboraci\u00f3n con George, un espacio gestionado por artistas en Bushwick, Brooklyn, fundado por Paul Whiting en 2017. Paul, artista y comisario, organiza exposiciones con obras de artistas consagrados y emergentes, entre los que se encuentran Huma Bhabha, Chris Hammerlein y Carl D&#8217;Alvia. George se cre\u00f3 a partir de conexiones personales y se expandi\u00f3 a trav\u00e9s de las redes sociales. Esta es la primera colaboraci\u00f3n de George con wildpalms, una conexi\u00f3n que se estableci\u00f3 a trav\u00e9s de Jason Duval, un artista afincado en Nueva York que ha expuesto en ambas galer\u00edas.<\/p>\n\n\n\n<p><span style=\"font-family: avenir-next-regular; color: #000000; font-size: 10pt;\">(1) William Faulkner, \u201cAn Introduction to \u2018The Sound and the Fury.\u2019\u201d Mississippi Quarterly 26 (Summer 1973), 410.<\/span><\/p>\n\n\n\n<figure class=\"wp-block-image\"><img loading=\"lazy\" decoding=\"async\" width=\"1000\" height=\"706\" src=\"http:\/\/wild-palms.com\/es\/wp-content\/uploads\/sites\/3\/2019\/06\/IMG_2345-copy-e1560007848852.jpg\" alt=\"\" class=\"wp-image-2523\"\/><\/figure>\n\n\n\n<figure class=\"wp-block-image\"><img loading=\"lazy\" decoding=\"async\" width=\"1000\" height=\"750\" src=\"http:\/\/wild-palms.com\/es\/wp-content\/uploads\/sites\/3\/2019\/06\/IMG_2329-e1560008011586.jpeg\" alt=\"\" class=\"wp-image-2525\"\/><\/figure>\n\n\n\n<figure class=\"wp-block-image\"><img loading=\"lazy\" decoding=\"async\" width=\"1000\" height=\"750\" src=\"http:\/\/wild-palms.com\/es\/wp-content\/uploads\/sites\/3\/2019\/06\/IMG_2350-e1560008052918.jpeg\" alt=\"\" class=\"wp-image-2526\"\/><\/figure>\n\n\n\n<figure class=\"wp-block-image\"><img loading=\"lazy\" decoding=\"async\" width=\"1000\" height=\"750\" src=\"http:\/\/wild-palms.com\/es\/wp-content\/uploads\/sites\/3\/2019\/06\/IMG_2367-e1560008118122.jpeg\" alt=\"\" class=\"wp-image-2527\"\/><\/figure>\n\n\n\n<figure class=\"wp-block-image\"><img loading=\"lazy\" decoding=\"async\" width=\"1000\" height=\"750\" src=\"http:\/\/wild-palms.com\/es\/wp-content\/uploads\/sites\/3\/2019\/06\/IMG_2342-e1560008221276.jpeg\" alt=\"\" class=\"wp-image-2529\"\/><\/figure>\n\n\n\n<figure class=\"wp-block-image\"><img loading=\"lazy\" decoding=\"async\" width=\"1000\" height=\"750\" src=\"http:\/\/wild-palms.com\/es\/wp-content\/uploads\/sites\/3\/2019\/06\/IMG_2330-e1560008264491.jpeg\" alt=\"\" class=\"wp-image-2530\"\/><\/figure>\n\n\n\n<figure class=\"wp-block-image\"><img loading=\"lazy\" decoding=\"async\" width=\"1000\" height=\"750\" src=\"http:\/\/wild-palms.com\/es\/wp-content\/uploads\/sites\/3\/2019\/06\/IMG_2331-e1560008301802.jpeg\" alt=\"Emily Miller\" class=\"wp-image-2531\"\/><\/figure>\n\n\n\n<figure class=\"wp-block-image\"><img loading=\"lazy\" decoding=\"async\" width=\"1000\" height=\"482\" src=\"http:\/\/wild-palms.com\/es\/wp-content\/uploads\/sites\/3\/2019\/06\/IMG_2370-e1560008369237.jpeg\" alt=\"Heather Benjamin\" class=\"wp-image-2532\"\/><\/figure>\n\n\n\n<figure class=\"wp-block-image\"><img loading=\"lazy\" decoding=\"async\" width=\"1000\" height=\"673\" src=\"http:\/\/wild-palms.com\/es\/wp-content\/uploads\/sites\/3\/2019\/06\/IMG_2374-e1560008435716.jpeg\" alt=\"Alexis Worth\" class=\"wp-image-2533\"\/><\/figure>\n\n\n\n<figure class=\"wp-block-image\"><img loading=\"lazy\" decoding=\"async\" width=\"1000\" height=\"750\" src=\"http:\/\/wild-palms.com\/es\/wp-content\/uploads\/sites\/3\/2019\/06\/IMG_2357-e1560008494515.jpeg\" alt=\"Jason Duval\" class=\"wp-image-2534\"\/><\/figure>\n\n\n\n<figure class=\"wp-block-image\"><img loading=\"lazy\" decoding=\"async\" width=\"1000\" height=\"750\" src=\"http:\/\/wild-palms.com\/es\/wp-content\/uploads\/sites\/3\/2019\/06\/IMG_2354-e1560008532183.jpeg\" alt=\"\" class=\"wp-image-2535\"\/><\/figure>\n\n\n\n<figure class=\"wp-block-image\"><img loading=\"lazy\" decoding=\"async\" width=\"1000\" height=\"750\" src=\"http:\/\/wild-palms.com\/es\/wp-content\/uploads\/sites\/3\/2019\/06\/IMG_2361-e1560008660436.jpeg\" alt=\"Lauriston Avery Chris Hammerlin\" class=\"wp-image-2538\"\/><\/figure>\n\n\n\n<figure class=\"wp-block-image\"><img loading=\"lazy\" decoding=\"async\" width=\"1000\" height=\"533\" src=\"http:\/\/wild-palms.com\/es\/wp-content\/uploads\/sites\/3\/2019\/06\/IMG_2375-e1560008611840.jpeg\" alt=\"\" class=\"wp-image-2537\"\/><\/figure>\n\n\n\n<figure class=\"wp-block-image\"><img loading=\"lazy\" decoding=\"async\" width=\"1000\" height=\"750\" src=\"http:\/\/wild-palms.com\/es\/wp-content\/uploads\/sites\/3\/2019\/06\/IMG_2376-e1560008704121.jpeg\" alt=\"Rachel Libeskind at wildpalms\" class=\"wp-image-2539\"\/><\/figure>\n","protected":false},"excerpt":{"rendered":"<p>A FAIRLY SECRET ARMY &#8211; Notes from NY Comisario PAUL WHITING \/ GEORGE Gallery Junio 7 2019, 6pm Lauriston Avery Charles Cohen Jason Duval Georgia Elrod Sophia Frydman Andrew Guenther Rachel Libeskind Emily Miller Erika Ranee Jackie Saccoccio Jennifer Sullivan Alexi Worth Alicia AdamerovichLindsay BurkeSteve DibenedettoShaun EllisonDana FrankfortScott GrodeskyAngela HeischSaira McLarenBridget MullenAdrianne RubensteinMichelle SegrePaul Whiting [&hellip;]<\/p>\n","protected":false},"author":1,"featured_media":0,"parent":0,"menu_order":0,"comment_status":"closed","ping_status":"closed","template":"","meta":{"_coblocks_attr":"","_coblocks_dimensions":"","_coblocks_responsive_height":"","_coblocks_accordion_ie_support":"","hide_page_title":"","footnotes":""},"class_list":["post-2392","page","type-page","status-publish","hentry"],"yoast_head":"<!-- This site is optimized with the Yoast SEO plugin v27.0 - https:\/\/yoast.com\/product\/yoast-seo-wordpress\/ -->\n<title>A FAIRLY SECRET ARMY - GEORGE @ wildpalms<\/title>\n<meta name=\"description\" content=\"&quot;A FAIRLY SECRET ARMY&quot; is a summer group show curated by George Gallery, Brooklyn with Alexis Worth, Angela Heisch, Carl D&#039;alvia among others\" \/>\n<meta name=\"robots\" content=\"index, follow, max-snippet:-1, max-image-preview:large, max-video-preview:-1\" \/>\n<link rel=\"canonical\" href=\"https:\/\/wild-palms.com\/es\/a-fairly-secret-army\/\" \/>\n<meta property=\"og:locale\" content=\"es_ES\" \/>\n<meta property=\"og:type\" content=\"article\" \/>\n<meta property=\"og:title\" content=\"A FAIRLY SECRET ARMY - GEORGE @ wildpalms\" \/>\n<meta property=\"og:description\" content=\"&quot;A FAIRLY SECRET ARMY&quot; is a summer group show curated by George Gallery, Brooklyn with Alexis Worth, Angela Heisch, Carl D&#039;alvia among others\" \/>\n<meta property=\"og:url\" content=\"https:\/\/wild-palms.com\/es\/a-fairly-secret-army\/\" \/>\n<meta property=\"og:site_name\" content=\"wildpalms ES\" \/>\n<meta property=\"article:modified_time\" content=\"2025-07-28T20:32:01+00:00\" \/>\n<meta property=\"og:image\" content=\"http:\/\/wild-palms.com\/es\/wp-content\/uploads\/sites\/3\/2019\/06\/2_Outskirts_still-e1559762586795.jpg\" \/>\n<meta name=\"twitter:card\" content=\"summary_large_image\" \/>\n<meta name=\"twitter:label1\" content=\"Est. reading time\" \/>\n\t<meta name=\"twitter:data1\" content=\"6 minutes\" \/>\n<script type=\"application\/ld+json\" class=\"yoast-schema-graph\">{\"@context\":\"https:\/\/schema.org\",\"@graph\":[{\"@type\":\"WebPage\",\"@id\":\"https:\/\/wild-palms.com\/es\/a-fairly-secret-army\/\",\"url\":\"https:\/\/wild-palms.com\/es\/a-fairly-secret-army\/\",\"name\":\"A FAIRLY SECRET ARMY - GEORGE @ wildpalms\",\"isPartOf\":{\"@id\":\"http:\/\/wild-palms.com\/es\/#website\"},\"primaryImageOfPage\":{\"@id\":\"https:\/\/wild-palms.com\/es\/a-fairly-secret-army\/#primaryimage\"},\"image\":{\"@id\":\"https:\/\/wild-palms.com\/es\/a-fairly-secret-army\/#primaryimage\"},\"thumbnailUrl\":\"http:\/\/wild-palms.com\/es\/wp-content\/uploads\/sites\/3\/2019\/06\/2_Outskirts_still-e1559762586795.jpg\",\"datePublished\":\"2019-04-09T15:51:18+00:00\",\"dateModified\":\"2025-07-28T20:32:01+00:00\",\"description\":\"\\\"A FAIRLY SECRET ARMY\\\" is a summer group show curated by George Gallery, Brooklyn with Alexis Worth, Angela Heisch, Carl D'alvia among others\",\"breadcrumb\":{\"@id\":\"https:\/\/wild-palms.com\/es\/a-fairly-secret-army\/#breadcrumb\"},\"inLanguage\":\"es\",\"potentialAction\":[{\"@type\":\"ReadAction\",\"target\":[\"https:\/\/wild-palms.com\/es\/a-fairly-secret-army\/\"]}]},{\"@type\":\"ImageObject\",\"inLanguage\":\"es\",\"@id\":\"https:\/\/wild-palms.com\/es\/a-fairly-secret-army\/#primaryimage\",\"url\":\"https:\/\/wild-palms.com\/es\/wp-content\/uploads\/sites\/3\/2019\/06\/2_Outskirts_still-e1559762586795.jpg\",\"contentUrl\":\"https:\/\/wild-palms.com\/es\/wp-content\/uploads\/sites\/3\/2019\/06\/2_Outskirts_still-e1559762586795.jpg\",\"width\":1000,\"height\":604},{\"@type\":\"BreadcrumbList\",\"@id\":\"https:\/\/wild-palms.com\/es\/a-fairly-secret-army\/#breadcrumb\",\"itemListElement\":[{\"@type\":\"ListItem\",\"position\":1,\"name\":\"Home\",\"item\":\"http:\/\/wild-palms.com\/es\/\"},{\"@type\":\"ListItem\",\"position\":2,\"name\":\"A FAIRLY SECRET ARMY\"}]},{\"@type\":\"WebSite\",\"@id\":\"http:\/\/wild-palms.com\/es\/#website\",\"url\":\"http:\/\/wild-palms.com\/es\/\",\"name\":\"wildpalms ES\",\"description\":\"\",\"publisher\":{\"@id\":\"http:\/\/wild-palms.com\/es\/#organization\"},\"potentialAction\":[{\"@type\":\"SearchAction\",\"target\":{\"@type\":\"EntryPoint\",\"urlTemplate\":\"http:\/\/wild-palms.com\/es\/?s={search_term_string}\"},\"query-input\":{\"@type\":\"PropertyValueSpecification\",\"valueRequired\":true,\"valueName\":\"search_term_string\"}}],\"inLanguage\":\"es\"},{\"@type\":\"Organization\",\"@id\":\"http:\/\/wild-palms.com\/es\/#organization\",\"name\":\"wildpalms ES\",\"url\":\"http:\/\/wild-palms.com\/es\/\",\"logo\":{\"@type\":\"ImageObject\",\"inLanguage\":\"es\",\"@id\":\"http:\/\/wild-palms.com\/es\/#\/schema\/logo\/image\/\",\"url\":\"https:\/\/wild-palms.com\/es\/wp-content\/uploads\/sites\/3\/2023\/03\/cropped-wildpalms_logo_ths.png\",\"contentUrl\":\"https:\/\/wild-palms.com\/es\/wp-content\/uploads\/sites\/3\/2023\/03\/cropped-wildpalms_logo_ths.png\",\"width\":1200,\"height\":197,\"caption\":\"wildpalms ES\"},\"image\":{\"@id\":\"http:\/\/wild-palms.com\/es\/#\/schema\/logo\/image\/\"}}]}<\/script>\n<!-- \/ Yoast SEO plugin. -->","yoast_head_json":{"title":"A FAIRLY SECRET ARMY - GEORGE @ wildpalms","description":"\"A FAIRLY SECRET ARMY\" is a summer group show curated by George Gallery, Brooklyn with Alexis Worth, Angela Heisch, Carl D'alvia among others","robots":{"index":"index","follow":"follow","max-snippet":"max-snippet:-1","max-image-preview":"max-image-preview:large","max-video-preview":"max-video-preview:-1"},"canonical":"https:\/\/wild-palms.com\/es\/a-fairly-secret-army\/","og_locale":"es_ES","og_type":"article","og_title":"A FAIRLY SECRET ARMY - GEORGE @ wildpalms","og_description":"\"A FAIRLY SECRET ARMY\" is a summer group show curated by George Gallery, Brooklyn with Alexis Worth, Angela Heisch, Carl D'alvia among others","og_url":"https:\/\/wild-palms.com\/es\/a-fairly-secret-army\/","og_site_name":"wildpalms ES","article_modified_time":"2025-07-28T20:32:01+00:00","og_image":[{"url":"http:\/\/wild-palms.com\/es\/wp-content\/uploads\/sites\/3\/2019\/06\/2_Outskirts_still-e1559762586795.jpg","type":"","width":"","height":""}],"twitter_card":"summary_large_image","twitter_misc":{"Est. reading time":"6 minutes"},"schema":{"@context":"https:\/\/schema.org","@graph":[{"@type":"WebPage","@id":"https:\/\/wild-palms.com\/es\/a-fairly-secret-army\/","url":"https:\/\/wild-palms.com\/es\/a-fairly-secret-army\/","name":"A FAIRLY SECRET ARMY - GEORGE @ wildpalms","isPartOf":{"@id":"http:\/\/wild-palms.com\/es\/#website"},"primaryImageOfPage":{"@id":"https:\/\/wild-palms.com\/es\/a-fairly-secret-army\/#primaryimage"},"image":{"@id":"https:\/\/wild-palms.com\/es\/a-fairly-secret-army\/#primaryimage"},"thumbnailUrl":"http:\/\/wild-palms.com\/es\/wp-content\/uploads\/sites\/3\/2019\/06\/2_Outskirts_still-e1559762586795.jpg","datePublished":"2019-04-09T15:51:18+00:00","dateModified":"2025-07-28T20:32:01+00:00","description":"\"A FAIRLY SECRET ARMY\" is a summer group show curated by George Gallery, Brooklyn with Alexis Worth, Angela Heisch, Carl D'alvia among others","breadcrumb":{"@id":"https:\/\/wild-palms.com\/es\/a-fairly-secret-army\/#breadcrumb"},"inLanguage":"es","potentialAction":[{"@type":"ReadAction","target":["https:\/\/wild-palms.com\/es\/a-fairly-secret-army\/"]}]},{"@type":"ImageObject","inLanguage":"es","@id":"https:\/\/wild-palms.com\/es\/a-fairly-secret-army\/#primaryimage","url":"https:\/\/wild-palms.com\/es\/wp-content\/uploads\/sites\/3\/2019\/06\/2_Outskirts_still-e1559762586795.jpg","contentUrl":"https:\/\/wild-palms.com\/es\/wp-content\/uploads\/sites\/3\/2019\/06\/2_Outskirts_still-e1559762586795.jpg","width":1000,"height":604},{"@type":"BreadcrumbList","@id":"https:\/\/wild-palms.com\/es\/a-fairly-secret-army\/#breadcrumb","itemListElement":[{"@type":"ListItem","position":1,"name":"Home","item":"http:\/\/wild-palms.com\/es\/"},{"@type":"ListItem","position":2,"name":"A FAIRLY SECRET ARMY"}]},{"@type":"WebSite","@id":"http:\/\/wild-palms.com\/es\/#website","url":"http:\/\/wild-palms.com\/es\/","name":"wildpalms ES","description":"","publisher":{"@id":"http:\/\/wild-palms.com\/es\/#organization"},"potentialAction":[{"@type":"SearchAction","target":{"@type":"EntryPoint","urlTemplate":"http:\/\/wild-palms.com\/es\/?s={search_term_string}"},"query-input":{"@type":"PropertyValueSpecification","valueRequired":true,"valueName":"search_term_string"}}],"inLanguage":"es"},{"@type":"Organization","@id":"http:\/\/wild-palms.com\/es\/#organization","name":"wildpalms ES","url":"http:\/\/wild-palms.com\/es\/","logo":{"@type":"ImageObject","inLanguage":"es","@id":"http:\/\/wild-palms.com\/es\/#\/schema\/logo\/image\/","url":"https:\/\/wild-palms.com\/es\/wp-content\/uploads\/sites\/3\/2023\/03\/cropped-wildpalms_logo_ths.png","contentUrl":"https:\/\/wild-palms.com\/es\/wp-content\/uploads\/sites\/3\/2023\/03\/cropped-wildpalms_logo_ths.png","width":1200,"height":197,"caption":"wildpalms ES"},"image":{"@id":"http:\/\/wild-palms.com\/es\/#\/schema\/logo\/image\/"}}]}},"_links":{"self":[{"href":"https:\/\/wild-palms.com\/es\/wp-json\/wp\/v2\/pages\/2392","targetHints":{"allow":["GET"]}}],"collection":[{"href":"https:\/\/wild-palms.com\/es\/wp-json\/wp\/v2\/pages"}],"about":[{"href":"https:\/\/wild-palms.com\/es\/wp-json\/wp\/v2\/types\/page"}],"author":[{"embeddable":true,"href":"https:\/\/wild-palms.com\/es\/wp-json\/wp\/v2\/users\/1"}],"replies":[{"embeddable":true,"href":"https:\/\/wild-palms.com\/es\/wp-json\/wp\/v2\/comments?post=2392"}],"version-history":[{"count":2,"href":"https:\/\/wild-palms.com\/es\/wp-json\/wp\/v2\/pages\/2392\/revisions"}],"predecessor-version":[{"id":9794,"href":"https:\/\/wild-palms.com\/es\/wp-json\/wp\/v2\/pages\/2392\/revisions\/9794"}],"wp:attachment":[{"href":"https:\/\/wild-palms.com\/es\/wp-json\/wp\/v2\/media?parent=2392"}],"curies":[{"name":"wp","href":"https:\/\/api.w.org\/{rel}","templated":true}]}}