{"id":2337,"date":"2019-03-15T15:56:23","date_gmt":"2019-03-15T14:56:23","guid":{"rendered":"http:\/\/wild-palms.com\/es\/?page_id=2337"},"modified":"2023-12-10T22:56:19","modified_gmt":"2023-12-10T21:56:19","slug":"lauriston-avery-deaf-bats","status":"publish","type":"page","link":"https:\/\/wild-palms.com\/es\/lauriston-avery-deaf-bats\/","title":{"rendered":"Lauriston Avery: DEAF BATS BLIND SHEPHERDS"},"content":{"rendered":"\n<h1 class=\"wp-block-heading\" style=\"font-size:25px\"><a href=\"https:\/\/wild-palms.com\/es\/lauriston-avery\/\">Lauriston Avery<\/a>: DEAF BATS BLIND SHEPHERDS<\/h1>\n\n\n\n<p>Del 5 de abril al 1 de junio de 2019<\/p>\n\n\n\n<div style=\"height:20px\" aria-hidden=\"true\" class=\"wp-block-spacer\"><\/div>\n\n\n<div class=\"wp-block-image\">\n<figure class=\"aligncenter\"><img loading=\"lazy\" decoding=\"async\" width=\"863\" height=\"1024\" src=\"http:\/\/wild-palms.com\/es\/wp-content\/uploads\/sites\/3\/2019\/03\/LA63-copy-863x1024.jpg\" alt=\"Lauriston Avery Deaf Bats Blind Shepherds\" class=\"wp-image-2338\" srcset=\"https:\/\/wild-palms.com\/es\/wp-content\/uploads\/sites\/3\/2019\/03\/LA63-copy-863x1024.jpg 863w, https:\/\/wild-palms.com\/es\/wp-content\/uploads\/sites\/3\/2019\/03\/LA63-copy-253x300.jpg 253w, https:\/\/wild-palms.com\/es\/wp-content\/uploads\/sites\/3\/2019\/03\/LA63-copy-768x911.jpg 768w, https:\/\/wild-palms.com\/es\/wp-content\/uploads\/sites\/3\/2019\/03\/LA63-copy-750x890.jpg 750w, https:\/\/wild-palms.com\/es\/wp-content\/uploads\/sites\/3\/2019\/03\/LA63-copy-400x475.jpg 400w, https:\/\/wild-palms.com\/es\/wp-content\/uploads\/sites\/3\/2019\/03\/LA63-copy-430x510.jpg 430w, https:\/\/wild-palms.com\/es\/wp-content\/uploads\/sites\/3\/2019\/03\/LA63-copy-150x178.jpg 150w, https:\/\/wild-palms.com\/es\/wp-content\/uploads\/sites\/3\/2019\/03\/LA63-copy-100x119.jpg 100w\" sizes=\"auto, (max-width: 863px) 100vw, 863px\" \/><\/figure>\n<\/div>\n\n\n<p style=\"font-size:13px\">Lauriston Avery. Durante muchos a\u00f1os, Avery, que vive y trabaja en NY, se ha centrado en producir un incre\u00edble corpus de obras que ahora est\u00e1 saliendo a la luz.<\/p>\n\n\n\n<p style=\"font-size:13px\">Su amplia investigaci\u00f3n con materiales seculares, como la tierra, el espejo, los palos, la piel, y sus aplicaciones han evolucionado hacia una profundidad de forma pict\u00f3rica que habla con una claridad r\u00edtmica y sensual \u00fanica.<\/p>\n\n\n\n<p style=\"font-size:13px\">Las obras implican un proceso de cartograf\u00eda, el cuerpo celular, vistas a\u00e9reas de ciudades olvidadas o constelaciones misteriosas sometidas a una ordenaci\u00f3n man\u00edaca de sumas y restas.<\/p>\n\n\n\n<p style=\"font-size:13px\">Aunque refleja algunas de las complejas motivaciones que subyacen a la obra de Avery, es la primac\u00eda de la forma expresiva, el misterio de la experiencia est\u00e9tica, lo que impulsa las investigaciones y la pr\u00e1ctica de Avery.<\/p>\n\n\n\n<p style=\"font-size:13px\">Prensa:<\/p>\n\n\n\n<p><a href=\"https:\/\/thedorf.de\/kultur\/kunst\/lauriston-avery\/\">The Dorf<\/a><\/p>\n\n\n\n<p><a href=\"https:\/\/rp-online.de\/nrw\/staedte\/duesseldorf\/kultur\/galerie-wildpalms-zeigt-lauriston-avery_aid-37901087\">Rheinische Post<\/a><\/p>\n\n\n\n<p class=\"has-arial-font-family has-custom-font\" style=\"font-family:Arial\"><a href=\"https:\/\/www.coolibri.de\/magazin\/kunst-highlights\/\"><span style=\"font-family: avenir-next-regular; color: #0000ff;\">Best art show in spring 2019 by Co<\/span><\/a><span style=\"font-family: avenir-next-regular; color: #0000ff;\"><a href=\"https:\/\/www.coolibri.de\/magazin\/kunst-highlights\/\" target=\"_blank\" rel=\"noreferrer noopener\">olibri<\/a><\/span><\/p>\n\n\n\n<figure class=\"wp-block-image alignwide size-full\"><img loading=\"lazy\" decoding=\"async\" width=\"1000\" height=\"594\" src=\"https:\/\/wild-palms.com\/es\/wp-content\/uploads\/sites\/3\/2019\/04\/Bild-002-e1554725171435.jpg\" alt=\"Lauriston Avery exhibici\u00f3n en wildpalms. Pintura norteamericana\" class=\"wp-image-2381\"\/><\/figure>\n\n\n\n<figure class=\"wp-block-image alignwide size-full\"><img loading=\"lazy\" decoding=\"async\" width=\"1000\" height=\"721\" src=\"https:\/\/wild-palms.com\/es\/wp-content\/uploads\/sites\/3\/2019\/04\/Bild-003-e1554725252188.jpg\" alt=\"Lauriston Avery Deaf Bats Blind Shepherds exhibition in Duesseldorf\" class=\"wp-image-2382\"\/><\/figure>\n\n\n\n<figure class=\"wp-block-image alignwide size-full\"><img loading=\"lazy\" decoding=\"async\" width=\"1000\" height=\"706\" src=\"https:\/\/wild-palms.com\/es\/wp-content\/uploads\/sites\/3\/2019\/04\/Bild-004-e1554725266699.jpg\" alt=\"Lauriston Avery Deaf Bats \" class=\"wp-image-2383\"\/><\/figure>\n\n\n\n<figure class=\"wp-block-image alignwide size-full\"><img loading=\"lazy\" decoding=\"async\" width=\"1000\" height=\"750\" src=\"https:\/\/wild-palms.com\/es\/wp-content\/uploads\/sites\/3\/2019\/04\/Bild-005-e1554725275425.jpg\" alt=\"Lauriston Avery exhibition view\" class=\"wp-image-2384\"\/><\/figure>\n\n\n\n<figure class=\"wp-block-image alignwide size-full\"><img loading=\"lazy\" decoding=\"async\" width=\"1000\" height=\"705\" src=\"https:\/\/wild-palms.com\/es\/wp-content\/uploads\/sites\/3\/2019\/04\/Bild-006-e1554725285886.jpg\" alt=\"Lauriston Avery Deaf Bats Blind Shepherds exhibition view\" class=\"wp-image-2385\"\/><\/figure>\n\n\n<div class=\"wp-block-image\">\n<figure class=\"aligncenter size-full\"><img loading=\"lazy\" decoding=\"async\" width=\"1000\" height=\"1249\" src=\"https:\/\/wild-palms.com\/es\/wp-content\/uploads\/sites\/3\/2019\/04\/Bild-004-copy-e1554999739968.jpg\" alt=\"Lauriston Avery white Painting\" class=\"wp-image-2403\"\/><\/figure>\n<\/div>\n\n\n<figure class=\"wp-block-image alignwide size-full\"><img loading=\"lazy\" decoding=\"async\" width=\"1000\" height=\"1276\" src=\"https:\/\/wild-palms.com\/es\/wp-content\/uploads\/sites\/3\/2019\/04\/Bild-004-copy-2-e1554999766558.jpg\" alt=\"Lauriston Avery Painting\" class=\"wp-image-2404\"\/><\/figure>\n\n\n\n<figure class=\"wp-block-image alignwide size-full\"><img loading=\"lazy\" decoding=\"async\" width=\"1000\" height=\"1197\" src=\"https:\/\/wild-palms.com\/es\/wp-content\/uploads\/sites\/3\/2019\/04\/Bild-003-copy-e1554999776617.jpg\" alt=\"\" class=\"wp-image-2405\"\/><\/figure>\n\n\n\n<figure class=\"wp-block-image alignwide size-full\"><img loading=\"lazy\" decoding=\"async\" width=\"1000\" height=\"1168\" src=\"https:\/\/wild-palms.com\/es\/wp-content\/uploads\/sites\/3\/2019\/04\/Bild-005-copy-e1554999785100.jpg\" alt=\"\" class=\"wp-image-2406\"\/><\/figure>\n\n\n\n<figure class=\"wp-block-image alignwide\"><img loading=\"lazy\" decoding=\"async\" width=\"1073\" height=\"1262\" src=\"http:\/\/wild-palms.com\/es\/wp-content\/uploads\/sites\/3\/2019\/04\/Bild-003-copy-2.jpg\" alt=\"\" class=\"wp-image-2408\" srcset=\"https:\/\/wild-palms.com\/es\/wp-content\/uploads\/sites\/3\/2019\/04\/Bild-003-copy-2.jpg 1073w, https:\/\/wild-palms.com\/es\/wp-content\/uploads\/sites\/3\/2019\/04\/Bild-003-copy-2-255x300.jpg 255w, https:\/\/wild-palms.com\/es\/wp-content\/uploads\/sites\/3\/2019\/04\/Bild-003-copy-2-768x903.jpg 768w, https:\/\/wild-palms.com\/es\/wp-content\/uploads\/sites\/3\/2019\/04\/Bild-003-copy-2-871x1024.jpg 871w, https:\/\/wild-palms.com\/es\/wp-content\/uploads\/sites\/3\/2019\/04\/Bild-003-copy-2-750x882.jpg 750w, https:\/\/wild-palms.com\/es\/wp-content\/uploads\/sites\/3\/2019\/04\/Bild-003-copy-2-400x470.jpg 400w, https:\/\/wild-palms.com\/es\/wp-content\/uploads\/sites\/3\/2019\/04\/Bild-003-copy-2-430x506.jpg 430w, https:\/\/wild-palms.com\/es\/wp-content\/uploads\/sites\/3\/2019\/04\/Bild-003-copy-2-150x176.jpg 150w, https:\/\/wild-palms.com\/es\/wp-content\/uploads\/sites\/3\/2019\/04\/Bild-003-copy-2-100x118.jpg 100w\" sizes=\"auto, (max-width: 1073px) 100vw, 1073px\" \/><\/figure>\n\n\n\n<figure class=\"wp-block-image alignwide\"><img loading=\"lazy\" decoding=\"async\" width=\"695\" height=\"843\" src=\"http:\/\/wild-palms.com\/es\/wp-content\/uploads\/sites\/3\/2019\/04\/Bild-005-copy-2.jpg\" alt=\"\" class=\"wp-image-2407\" srcset=\"https:\/\/wild-palms.com\/es\/wp-content\/uploads\/sites\/3\/2019\/04\/Bild-005-copy-2.jpg 695w, https:\/\/wild-palms.com\/es\/wp-content\/uploads\/sites\/3\/2019\/04\/Bild-005-copy-2-247x300.jpg 247w, https:\/\/wild-palms.com\/es\/wp-content\/uploads\/sites\/3\/2019\/04\/Bild-005-copy-2-400x485.jpg 400w, https:\/\/wild-palms.com\/es\/wp-content\/uploads\/sites\/3\/2019\/04\/Bild-005-copy-2-430x522.jpg 430w, https:\/\/wild-palms.com\/es\/wp-content\/uploads\/sites\/3\/2019\/04\/Bild-005-copy-2-150x182.jpg 150w, https:\/\/wild-palms.com\/es\/wp-content\/uploads\/sites\/3\/2019\/04\/Bild-005-copy-2-100x121.jpg 100w\" sizes=\"auto, (max-width: 695px) 100vw, 695px\" \/><\/figure>\n\n\n\n<p><span style=\"font-family: avenir-next-regular; font-size: 10pt;\">Images by Achim Kukulies<\/span><\/p>\n","protected":false},"excerpt":{"rendered":"<p>Lauriston Avery: DEAF BATS BLIND SHEPHERDS Del 5 de abril al 1 de junio de 2019 Lauriston Avery. Durante muchos a\u00f1os, Avery, que vive y trabaja en NY, se ha centrado en producir un incre\u00edble corpus de obras que ahora est\u00e1 saliendo a la luz. Su amplia investigaci\u00f3n con materiales seculares, como la tierra, el [&hellip;]<\/p>\n","protected":false},"author":1,"featured_media":0,"parent":0,"menu_order":0,"comment_status":"closed","ping_status":"closed","template":"","meta":{"_coblocks_attr":"Arial","_coblocks_dimensions":"","_coblocks_responsive_height":"","_coblocks_accordion_ie_support":"","hide_page_title":"","footnotes":""},"class_list":["post-2337","page","type-page","status-publish","hentry"],"yoast_head":"<!-- This site is optimized with the Yoast SEO plugin v27.0 - https:\/\/yoast.com\/product\/yoast-seo-wordpress\/ -->\n<title>Lauriston Avery Deaf Bats<\/title>\n<meta name=\"description\" content=\"Lauriston Avery. Deaf Bats Blind Shepherd. Primera exposici\u00f3n individual en Alemania. Vive y trabaja en Nueva York.\" \/>\n<meta name=\"robots\" content=\"index, follow, max-snippet:-1, max-image-preview:large, max-video-preview:-1\" \/>\n<link rel=\"canonical\" href=\"https:\/\/wild-palms.com\/es\/lauriston-avery-deaf-bats\/\" \/>\n<meta property=\"og:locale\" content=\"es_ES\" \/>\n<meta property=\"og:type\" content=\"article\" \/>\n<meta property=\"og:title\" content=\"Lauriston Avery Deaf Bats\" \/>\n<meta property=\"og:description\" content=\"Lauriston Avery. Deaf Bats Blind Shepherd. Primera exposici\u00f3n individual en Alemania. Vive y trabaja en Nueva York.\" \/>\n<meta property=\"og:url\" content=\"https:\/\/wild-palms.com\/es\/lauriston-avery-deaf-bats\/\" \/>\n<meta property=\"og:site_name\" content=\"wildpalms ES\" \/>\n<meta property=\"article:modified_time\" content=\"2023-12-10T21:56:19+00:00\" \/>\n<meta property=\"og:image\" content=\"http:\/\/wild-palms.com\/es\/wp-content\/uploads\/sites\/3\/2019\/03\/LA63-copy-863x1024.jpg\" \/>\n<meta name=\"twitter:card\" content=\"summary_large_image\" \/>\n<meta name=\"twitter:label1\" content=\"Est. reading time\" \/>\n\t<meta name=\"twitter:data1\" content=\"4 minutes\" \/>\n<script type=\"application\/ld+json\" class=\"yoast-schema-graph\">{\"@context\":\"https:\/\/schema.org\",\"@graph\":[{\"@type\":\"WebPage\",\"@id\":\"https:\/\/wild-palms.com\/es\/lauriston-avery-deaf-bats\/\",\"url\":\"https:\/\/wild-palms.com\/es\/lauriston-avery-deaf-bats\/\",\"name\":\"Lauriston Avery Deaf Bats\",\"isPartOf\":{\"@id\":\"https:\/\/wild-palms.com\/es\/#website\"},\"primaryImageOfPage\":{\"@id\":\"https:\/\/wild-palms.com\/es\/lauriston-avery-deaf-bats\/#primaryimage\"},\"image\":{\"@id\":\"https:\/\/wild-palms.com\/es\/lauriston-avery-deaf-bats\/#primaryimage\"},\"thumbnailUrl\":\"http:\/\/wild-palms.com\/es\/wp-content\/uploads\/sites\/3\/2019\/03\/LA63-copy-863x1024.jpg\",\"datePublished\":\"2019-03-15T14:56:23+00:00\",\"dateModified\":\"2023-12-10T21:56:19+00:00\",\"description\":\"Lauriston Avery. Deaf Bats Blind Shepherd. Primera exposici\u00f3n individual en Alemania. Vive y trabaja en Nueva York.\",\"breadcrumb\":{\"@id\":\"https:\/\/wild-palms.com\/es\/lauriston-avery-deaf-bats\/#breadcrumb\"},\"inLanguage\":\"es\",\"potentialAction\":[{\"@type\":\"ReadAction\",\"target\":[\"https:\/\/wild-palms.com\/es\/lauriston-avery-deaf-bats\/\"]}]},{\"@type\":\"ImageObject\",\"inLanguage\":\"es\",\"@id\":\"https:\/\/wild-palms.com\/es\/lauriston-avery-deaf-bats\/#primaryimage\",\"url\":\"https:\/\/wild-palms.com\/es\/wp-content\/uploads\/sites\/3\/2019\/03\/LA63-copy.jpg\",\"contentUrl\":\"https:\/\/wild-palms.com\/es\/wp-content\/uploads\/sites\/3\/2019\/03\/LA63-copy.jpg\",\"width\":2540,\"height\":3014},{\"@type\":\"BreadcrumbList\",\"@id\":\"https:\/\/wild-palms.com\/es\/lauriston-avery-deaf-bats\/#breadcrumb\",\"itemListElement\":[{\"@type\":\"ListItem\",\"position\":1,\"name\":\"Home\",\"item\":\"https:\/\/wild-palms.com\/es\/\"},{\"@type\":\"ListItem\",\"position\":2,\"name\":\"Lauriston Avery: DEAF BATS BLIND SHEPHERDS\"}]},{\"@type\":\"WebSite\",\"@id\":\"https:\/\/wild-palms.com\/es\/#website\",\"url\":\"https:\/\/wild-palms.com\/es\/\",\"name\":\"wildpalms ES\",\"description\":\"\",\"publisher\":{\"@id\":\"https:\/\/wild-palms.com\/es\/#organization\"},\"potentialAction\":[{\"@type\":\"SearchAction\",\"target\":{\"@type\":\"EntryPoint\",\"urlTemplate\":\"https:\/\/wild-palms.com\/es\/?s={search_term_string}\"},\"query-input\":{\"@type\":\"PropertyValueSpecification\",\"valueRequired\":true,\"valueName\":\"search_term_string\"}}],\"inLanguage\":\"es\"},{\"@type\":\"Organization\",\"@id\":\"https:\/\/wild-palms.com\/es\/#organization\",\"name\":\"wildpalms ES\",\"url\":\"https:\/\/wild-palms.com\/es\/\",\"logo\":{\"@type\":\"ImageObject\",\"inLanguage\":\"es\",\"@id\":\"https:\/\/wild-palms.com\/es\/#\/schema\/logo\/image\/\",\"url\":\"https:\/\/wild-palms.com\/es\/wp-content\/uploads\/sites\/3\/2023\/03\/cropped-wildpalms_logo_ths.png\",\"contentUrl\":\"https:\/\/wild-palms.com\/es\/wp-content\/uploads\/sites\/3\/2023\/03\/cropped-wildpalms_logo_ths.png\",\"width\":1200,\"height\":197,\"caption\":\"wildpalms ES\"},\"image\":{\"@id\":\"https:\/\/wild-palms.com\/es\/#\/schema\/logo\/image\/\"}}]}<\/script>\n<!-- \/ Yoast SEO plugin. -->","yoast_head_json":{"title":"Lauriston Avery Deaf Bats","description":"Lauriston Avery. Deaf Bats Blind Shepherd. Primera exposici\u00f3n individual en Alemania. Vive y trabaja en Nueva York.","robots":{"index":"index","follow":"follow","max-snippet":"max-snippet:-1","max-image-preview":"max-image-preview:large","max-video-preview":"max-video-preview:-1"},"canonical":"https:\/\/wild-palms.com\/es\/lauriston-avery-deaf-bats\/","og_locale":"es_ES","og_type":"article","og_title":"Lauriston Avery Deaf Bats","og_description":"Lauriston Avery. Deaf Bats Blind Shepherd. Primera exposici\u00f3n individual en Alemania. Vive y trabaja en Nueva York.","og_url":"https:\/\/wild-palms.com\/es\/lauriston-avery-deaf-bats\/","og_site_name":"wildpalms ES","article_modified_time":"2023-12-10T21:56:19+00:00","og_image":[{"url":"http:\/\/wild-palms.com\/es\/wp-content\/uploads\/sites\/3\/2019\/03\/LA63-copy-863x1024.jpg","type":"","width":"","height":""}],"twitter_card":"summary_large_image","twitter_misc":{"Est. reading time":"4 minutes"},"schema":{"@context":"https:\/\/schema.org","@graph":[{"@type":"WebPage","@id":"https:\/\/wild-palms.com\/es\/lauriston-avery-deaf-bats\/","url":"https:\/\/wild-palms.com\/es\/lauriston-avery-deaf-bats\/","name":"Lauriston Avery Deaf Bats","isPartOf":{"@id":"https:\/\/wild-palms.com\/es\/#website"},"primaryImageOfPage":{"@id":"https:\/\/wild-palms.com\/es\/lauriston-avery-deaf-bats\/#primaryimage"},"image":{"@id":"https:\/\/wild-palms.com\/es\/lauriston-avery-deaf-bats\/#primaryimage"},"thumbnailUrl":"http:\/\/wild-palms.com\/es\/wp-content\/uploads\/sites\/3\/2019\/03\/LA63-copy-863x1024.jpg","datePublished":"2019-03-15T14:56:23+00:00","dateModified":"2023-12-10T21:56:19+00:00","description":"Lauriston Avery. Deaf Bats Blind Shepherd. Primera exposici\u00f3n individual en Alemania. Vive y trabaja en Nueva York.","breadcrumb":{"@id":"https:\/\/wild-palms.com\/es\/lauriston-avery-deaf-bats\/#breadcrumb"},"inLanguage":"es","potentialAction":[{"@type":"ReadAction","target":["https:\/\/wild-palms.com\/es\/lauriston-avery-deaf-bats\/"]}]},{"@type":"ImageObject","inLanguage":"es","@id":"https:\/\/wild-palms.com\/es\/lauriston-avery-deaf-bats\/#primaryimage","url":"https:\/\/wild-palms.com\/es\/wp-content\/uploads\/sites\/3\/2019\/03\/LA63-copy.jpg","contentUrl":"https:\/\/wild-palms.com\/es\/wp-content\/uploads\/sites\/3\/2019\/03\/LA63-copy.jpg","width":2540,"height":3014},{"@type":"BreadcrumbList","@id":"https:\/\/wild-palms.com\/es\/lauriston-avery-deaf-bats\/#breadcrumb","itemListElement":[{"@type":"ListItem","position":1,"name":"Home","item":"https:\/\/wild-palms.com\/es\/"},{"@type":"ListItem","position":2,"name":"Lauriston Avery: DEAF BATS BLIND SHEPHERDS"}]},{"@type":"WebSite","@id":"https:\/\/wild-palms.com\/es\/#website","url":"https:\/\/wild-palms.com\/es\/","name":"wildpalms ES","description":"","publisher":{"@id":"https:\/\/wild-palms.com\/es\/#organization"},"potentialAction":[{"@type":"SearchAction","target":{"@type":"EntryPoint","urlTemplate":"https:\/\/wild-palms.com\/es\/?s={search_term_string}"},"query-input":{"@type":"PropertyValueSpecification","valueRequired":true,"valueName":"search_term_string"}}],"inLanguage":"es"},{"@type":"Organization","@id":"https:\/\/wild-palms.com\/es\/#organization","name":"wildpalms ES","url":"https:\/\/wild-palms.com\/es\/","logo":{"@type":"ImageObject","inLanguage":"es","@id":"https:\/\/wild-palms.com\/es\/#\/schema\/logo\/image\/","url":"https:\/\/wild-palms.com\/es\/wp-content\/uploads\/sites\/3\/2023\/03\/cropped-wildpalms_logo_ths.png","contentUrl":"https:\/\/wild-palms.com\/es\/wp-content\/uploads\/sites\/3\/2023\/03\/cropped-wildpalms_logo_ths.png","width":1200,"height":197,"caption":"wildpalms ES"},"image":{"@id":"https:\/\/wild-palms.com\/es\/#\/schema\/logo\/image\/"}}]}},"_links":{"self":[{"href":"https:\/\/wild-palms.com\/es\/wp-json\/wp\/v2\/pages\/2337","targetHints":{"allow":["GET"]}}],"collection":[{"href":"https:\/\/wild-palms.com\/es\/wp-json\/wp\/v2\/pages"}],"about":[{"href":"https:\/\/wild-palms.com\/es\/wp-json\/wp\/v2\/types\/page"}],"author":[{"embeddable":true,"href":"https:\/\/wild-palms.com\/es\/wp-json\/wp\/v2\/users\/1"}],"replies":[{"embeddable":true,"href":"https:\/\/wild-palms.com\/es\/wp-json\/wp\/v2\/comments?post=2337"}],"version-history":[{"count":1,"href":"https:\/\/wild-palms.com\/es\/wp-json\/wp\/v2\/pages\/2337\/revisions"}],"predecessor-version":[{"id":8583,"href":"https:\/\/wild-palms.com\/es\/wp-json\/wp\/v2\/pages\/2337\/revisions\/8583"}],"wp:attachment":[{"href":"https:\/\/wild-palms.com\/es\/wp-json\/wp\/v2\/media?parent=2337"}],"curies":[{"name":"wp","href":"https:\/\/api.w.org\/{rel}","templated":true}]}}