{"id":2321,"date":"2019-02-16T18:31:10","date_gmt":"2019-02-16T17:31:10","guid":{"rendered":"http:\/\/wild-palms.com\/es\/?page_id=2321"},"modified":"2025-07-28T22:46:21","modified_gmt":"2025-07-28T20:46:21","slug":"quantum-garden-of-the-supernal-unity","status":"publish","type":"page","link":"https:\/\/wild-palms.com\/es\/quantum-garden-of-the-supernal-unity\/","title":{"rendered":"QUANTUM GARDEN OF THE SUPERNAL UNITY"},"content":{"rendered":"\n<h1 class=\"wp-block-heading\" style=\"font-size:25px\">Nika Fontaine: Quantum Garden of the Supernatural Unity.<\/h1>\n\n\n\n<p><\/p>\n\n\n\n<p><a href=\"https:\/\/wild-palms.com\/nika-fontaine\/\">NIKA FONTAINE<\/a><\/p>\n\n\n\n<p>OPENING: Feb. 23rd 2019, 4pm<\/p>\n\n\n\n<div style=\"height:20px\" aria-hidden=\"true\" class=\"wp-block-spacer\"><\/div>\n\n\n\n<p style=\"font-size:13px\">&#8220;Al intentar medir nuestro entorno y demostrar su tangibilidad, nos dimos cuenta de que la materia est\u00e1 influida por el observador. As\u00ed pues, si el universo es mental, como implica el primer principio de la filosof\u00eda herm\u00e9tica, compartimos una ilusi\u00f3n com\u00fan unificada por nuestra conciencia excelsa. Este jard\u00edn cu\u00e1ntico de la unidad excelsa puede, por tanto, convertirse en aquello en lo que estamos un\u00e1nimemente de acuerdo, por lo que nuestros pensamientos son nuestros rendimientos. Como compa\u00f1era jardinera, a trav\u00e9s de mi arte, elijo plantar semillas de amor y belleza en la materia. Quiero motivar un efecto ondulante en la mente del espectador para que siga manifestando frutos de ecuanimidad.&#8221; &#8211; Nika Fontaine<\/p>\n\n\n\n<p><span style=\"font-family: avenir-next-regular; color: #000000;\">Press reviews:<\/span><\/p>\n\n\n\n<p><span style=\"font-family: avenir-next-regular; color: #000000;\"><a style=\"color: #000000;\" href=\"https:\/\/www.wz.de\/nrw\/duesseldorf\/kultur\/nika-fontaine_aid-37117535\"><span style=\"color: #33cccc;\">WZ &#8211; Der Garten der W\u00fcnsche aus Glitzer by Helga Meister<\/span><\/a><\/span><\/p>\n\n\n\n<p><span style=\"font-family: avenir-next-regular; color: #000000;\"><a style=\"color: #000000;\" href=\"https:\/\/www.dkg-online.de\/interview-mit-der-kuenstlerin-nika-fontaine\/\"><span style=\"color: #33cccc;\">DKG &#8211; Interview with artist Nika Fontaine<\/span><\/a> <\/span><\/p>\n\n\n\n<figure class=\"wp-block-image alignwide size-full\"><img loading=\"lazy\" decoding=\"async\" width=\"1000\" height=\"1333\" src=\"https:\/\/wild-palms.com\/es\/wp-content\/uploads\/sites\/3\/2019\/03\/Bild-001-e1552662259817.jpg\" alt=\"Nika Fontaine. Tori. Escultura\" class=\"wp-image-2343\"\/><\/figure>\n\n\n\n<figure class=\"wp-block-image alignwide size-full\"><img loading=\"lazy\" decoding=\"async\" width=\"1000\" height=\"750\" src=\"https:\/\/wild-palms.com\/es\/wp-content\/uploads\/sites\/3\/2019\/03\/Bild-002-e1552662372975.jpg\" alt=\"NIka Fontaine. Gran retablo con unicornio\" class=\"wp-image-2345\"\/><\/figure>\n\n\n\n<figure class=\"wp-block-image alignwide size-full\"><img loading=\"lazy\" decoding=\"async\" width=\"1000\" height=\"750\" src=\"https:\/\/wild-palms.com\/es\/wp-content\/uploads\/sites\/3\/2019\/03\/Bild-003-e1552662723657.jpg\" alt=\"\" class=\"wp-image-2347\"\/><\/figure>\n\n\n\n<figure class=\"wp-block-image alignwide size-full\"><img loading=\"lazy\" decoding=\"async\" width=\"1000\" height=\"750\" src=\"https:\/\/wild-palms.com\/es\/wp-content\/uploads\/sites\/3\/2019\/03\/Bild-003a-e1552662503462.jpg\" alt=\"\" class=\"wp-image-2348\"\/><\/figure>\n\n\n\n<figure class=\"wp-block-image alignwide\"><img loading=\"lazy\" decoding=\"async\" width=\"1000\" height=\"750\" src=\"http:\/\/wild-palms.com\/es\/wp-content\/uploads\/sites\/3\/2019\/03\/Bild-003e-e1552662598966.jpg\" alt=\"Nika Fontaine wildpalms exhibition glitter pink\" class=\"wp-image-2349\"\/><\/figure>\n\n\n\n<figure class=\"wp-block-image alignwide\"><img loading=\"lazy\" decoding=\"async\" width=\"1000\" height=\"750\" src=\"http:\/\/wild-palms.com\/es\/wp-content\/uploads\/sites\/3\/2019\/03\/Bild-003b-e1552662630846.jpg\" alt=\"Nika Fontaine exhibition wildpalms glitter green\" class=\"wp-image-2350\"\/><\/figure>\n\n\n\n<figure class=\"wp-block-image alignwide size-full\"><img loading=\"lazy\" decoding=\"async\" width=\"1000\" height=\"750\" src=\"https:\/\/wild-palms.com\/es\/wp-content\/uploads\/sites\/3\/2019\/03\/Bild-004-e1552662784211.jpg\" alt=\"Nika Fotaine wildpalms exhibition entrance\" class=\"wp-image-2353\"\/><\/figure>\n\n\n<div class=\"wp-block-image\">\n<figure class=\"aligncenter size-full\"><img loading=\"lazy\" decoding=\"async\" width=\"1000\" height=\"933\" src=\"https:\/\/wild-palms.com\/es\/wp-content\/uploads\/sites\/3\/2019\/03\/ceramic14-e1553174940495.jpg\" alt=\"\" class=\"wp-image-2360\"\/><\/figure>\n<\/div>\n\n<div class=\"wp-block-image\">\n<figure class=\"aligncenter size-full\"><img loading=\"lazy\" decoding=\"async\" width=\"1000\" height=\"1343\" src=\"https:\/\/wild-palms.com\/es\/wp-content\/uploads\/sites\/3\/2019\/03\/ceramic17-e1553175023137.jpg\" alt=\"\" class=\"wp-image-2362\"\/><\/figure>\n<\/div>\n\n<div class=\"wp-block-image\">\n<figure class=\"aligncenter size-full\"><img loading=\"lazy\" decoding=\"async\" width=\"1000\" height=\"1396\" src=\"https:\/\/wild-palms.com\/es\/wp-content\/uploads\/sites\/3\/2019\/03\/ceramic4-e1553174956365.jpg\" alt=\"\" class=\"wp-image-2361\"\/><\/figure>\n<\/div>","protected":false},"excerpt":{"rendered":"<p>Nika Fontaine: Quantum Garden of the Supernatural Unity. NIKA FONTAINE OPENING: Feb. 23rd 2019, 4pm &#8220;Al intentar medir nuestro entorno y demostrar su tangibilidad, nos dimos cuenta de que la materia est\u00e1 influida por el observador. As\u00ed pues, si el universo es mental, como implica el primer principio de la filosof\u00eda herm\u00e9tica, compartimos una ilusi\u00f3n [&hellip;]<\/p>\n","protected":false},"author":1,"featured_media":0,"parent":0,"menu_order":0,"comment_status":"closed","ping_status":"closed","template":"","meta":{"_coblocks_attr":"","_coblocks_dimensions":"","_coblocks_responsive_height":"","_coblocks_accordion_ie_support":"","hide_page_title":"","footnotes":""},"class_list":["post-2321","page","type-page","status-publish","hentry"],"yoast_head":"<!-- This site is optimized with the Yoast SEO plugin v27.0 - https:\/\/yoast.com\/product\/yoast-seo-wordpress\/ -->\n<title>QUANTUM GARDEN OF THE SUPERNAL UNITY - wildpalms ES<\/title>\n<meta name=\"description\" content=\"Segunda exposici\u00f3n individual de la artista canadiense Nika Fontaine. Sus series seminales de las pinturas de brillantina\" \/>\n<meta name=\"robots\" content=\"index, follow, max-snippet:-1, max-image-preview:large, max-video-preview:-1\" \/>\n<link rel=\"canonical\" href=\"https:\/\/wild-palms.com\/es\/quantum-garden-of-the-supernal-unity\/\" \/>\n<meta property=\"og:locale\" content=\"es_ES\" \/>\n<meta property=\"og:type\" content=\"article\" \/>\n<meta property=\"og:title\" content=\"QUANTUM GARDEN OF THE SUPERNAL UNITY - wildpalms ES\" \/>\n<meta property=\"og:description\" content=\"Segunda exposici\u00f3n individual de la artista canadiense Nika Fontaine. Sus series seminales de las pinturas de brillantina\" \/>\n<meta property=\"og:url\" content=\"https:\/\/wild-palms.com\/es\/quantum-garden-of-the-supernal-unity\/\" \/>\n<meta property=\"og:site_name\" content=\"wildpalms ES\" \/>\n<meta property=\"article:modified_time\" content=\"2025-07-28T20:46:21+00:00\" \/>\n<meta property=\"og:image\" content=\"https:\/\/wild-palms.com\/es\/wp-content\/uploads\/sites\/3\/2019\/03\/Bild-001-e1552662259817.jpg\" \/>\n<meta name=\"twitter:card\" content=\"summary_large_image\" \/>\n<meta name=\"twitter:label1\" content=\"Est. reading time\" \/>\n\t<meta name=\"twitter:data1\" content=\"3 minutes\" \/>\n<script type=\"application\/ld+json\" class=\"yoast-schema-graph\">{\"@context\":\"https:\/\/schema.org\",\"@graph\":[{\"@type\":\"WebPage\",\"@id\":\"https:\/\/wild-palms.com\/es\/quantum-garden-of-the-supernal-unity\/\",\"url\":\"https:\/\/wild-palms.com\/es\/quantum-garden-of-the-supernal-unity\/\",\"name\":\"QUANTUM GARDEN OF THE SUPERNAL UNITY - wildpalms ES\",\"isPartOf\":{\"@id\":\"https:\/\/wild-palms.com\/es\/#website\"},\"primaryImageOfPage\":{\"@id\":\"https:\/\/wild-palms.com\/es\/quantum-garden-of-the-supernal-unity\/#primaryimage\"},\"image\":{\"@id\":\"https:\/\/wild-palms.com\/es\/quantum-garden-of-the-supernal-unity\/#primaryimage\"},\"thumbnailUrl\":\"https:\/\/wild-palms.com\/es\/wp-content\/uploads\/sites\/3\/2019\/03\/Bild-001-e1552662259817.jpg\",\"datePublished\":\"2019-02-16T17:31:10+00:00\",\"dateModified\":\"2025-07-28T20:46:21+00:00\",\"description\":\"Segunda exposici\u00f3n individual de la artista canadiense Nika Fontaine. Sus series seminales de las pinturas de brillantina\",\"breadcrumb\":{\"@id\":\"https:\/\/wild-palms.com\/es\/quantum-garden-of-the-supernal-unity\/#breadcrumb\"},\"inLanguage\":\"es\",\"potentialAction\":[{\"@type\":\"ReadAction\",\"target\":[\"https:\/\/wild-palms.com\/es\/quantum-garden-of-the-supernal-unity\/\"]}]},{\"@type\":\"ImageObject\",\"inLanguage\":\"es\",\"@id\":\"https:\/\/wild-palms.com\/es\/quantum-garden-of-the-supernal-unity\/#primaryimage\",\"url\":\"https:\/\/wild-palms.com\/es\/wp-content\/uploads\/sites\/3\/2019\/03\/Bild-001-e1552662259817.jpg\",\"contentUrl\":\"https:\/\/wild-palms.com\/es\/wp-content\/uploads\/sites\/3\/2019\/03\/Bild-001-e1552662259817.jpg\",\"width\":1000,\"height\":1333},{\"@type\":\"BreadcrumbList\",\"@id\":\"https:\/\/wild-palms.com\/es\/quantum-garden-of-the-supernal-unity\/#breadcrumb\",\"itemListElement\":[{\"@type\":\"ListItem\",\"position\":1,\"name\":\"Home\",\"item\":\"https:\/\/wild-palms.com\/es\/\"},{\"@type\":\"ListItem\",\"position\":2,\"name\":\"QUANTUM GARDEN OF THE SUPERNAL UNITY\"}]},{\"@type\":\"WebSite\",\"@id\":\"https:\/\/wild-palms.com\/es\/#website\",\"url\":\"https:\/\/wild-palms.com\/es\/\",\"name\":\"wildpalms ES\",\"description\":\"\",\"publisher\":{\"@id\":\"https:\/\/wild-palms.com\/es\/#organization\"},\"potentialAction\":[{\"@type\":\"SearchAction\",\"target\":{\"@type\":\"EntryPoint\",\"urlTemplate\":\"https:\/\/wild-palms.com\/es\/?s={search_term_string}\"},\"query-input\":{\"@type\":\"PropertyValueSpecification\",\"valueRequired\":true,\"valueName\":\"search_term_string\"}}],\"inLanguage\":\"es\"},{\"@type\":\"Organization\",\"@id\":\"https:\/\/wild-palms.com\/es\/#organization\",\"name\":\"wildpalms ES\",\"url\":\"https:\/\/wild-palms.com\/es\/\",\"logo\":{\"@type\":\"ImageObject\",\"inLanguage\":\"es\",\"@id\":\"https:\/\/wild-palms.com\/es\/#\/schema\/logo\/image\/\",\"url\":\"https:\/\/wild-palms.com\/es\/wp-content\/uploads\/sites\/3\/2023\/03\/cropped-wildpalms_logo_ths.png\",\"contentUrl\":\"https:\/\/wild-palms.com\/es\/wp-content\/uploads\/sites\/3\/2023\/03\/cropped-wildpalms_logo_ths.png\",\"width\":1200,\"height\":197,\"caption\":\"wildpalms ES\"},\"image\":{\"@id\":\"https:\/\/wild-palms.com\/es\/#\/schema\/logo\/image\/\"}}]}<\/script>\n<!-- \/ Yoast SEO plugin. -->","yoast_head_json":{"title":"QUANTUM GARDEN OF THE SUPERNAL UNITY - wildpalms ES","description":"Segunda exposici\u00f3n individual de la artista canadiense Nika Fontaine. Sus series seminales de las pinturas de brillantina","robots":{"index":"index","follow":"follow","max-snippet":"max-snippet:-1","max-image-preview":"max-image-preview:large","max-video-preview":"max-video-preview:-1"},"canonical":"https:\/\/wild-palms.com\/es\/quantum-garden-of-the-supernal-unity\/","og_locale":"es_ES","og_type":"article","og_title":"QUANTUM GARDEN OF THE SUPERNAL UNITY - wildpalms ES","og_description":"Segunda exposici\u00f3n individual de la artista canadiense Nika Fontaine. Sus series seminales de las pinturas de brillantina","og_url":"https:\/\/wild-palms.com\/es\/quantum-garden-of-the-supernal-unity\/","og_site_name":"wildpalms ES","article_modified_time":"2025-07-28T20:46:21+00:00","og_image":[{"url":"https:\/\/wild-palms.com\/es\/wp-content\/uploads\/sites\/3\/2019\/03\/Bild-001-e1552662259817.jpg","type":"","width":"","height":""}],"twitter_card":"summary_large_image","twitter_misc":{"Est. reading time":"3 minutes"},"schema":{"@context":"https:\/\/schema.org","@graph":[{"@type":"WebPage","@id":"https:\/\/wild-palms.com\/es\/quantum-garden-of-the-supernal-unity\/","url":"https:\/\/wild-palms.com\/es\/quantum-garden-of-the-supernal-unity\/","name":"QUANTUM GARDEN OF THE SUPERNAL UNITY - wildpalms ES","isPartOf":{"@id":"https:\/\/wild-palms.com\/es\/#website"},"primaryImageOfPage":{"@id":"https:\/\/wild-palms.com\/es\/quantum-garden-of-the-supernal-unity\/#primaryimage"},"image":{"@id":"https:\/\/wild-palms.com\/es\/quantum-garden-of-the-supernal-unity\/#primaryimage"},"thumbnailUrl":"https:\/\/wild-palms.com\/es\/wp-content\/uploads\/sites\/3\/2019\/03\/Bild-001-e1552662259817.jpg","datePublished":"2019-02-16T17:31:10+00:00","dateModified":"2025-07-28T20:46:21+00:00","description":"Segunda exposici\u00f3n individual de la artista canadiense Nika Fontaine. Sus series seminales de las pinturas de brillantina","breadcrumb":{"@id":"https:\/\/wild-palms.com\/es\/quantum-garden-of-the-supernal-unity\/#breadcrumb"},"inLanguage":"es","potentialAction":[{"@type":"ReadAction","target":["https:\/\/wild-palms.com\/es\/quantum-garden-of-the-supernal-unity\/"]}]},{"@type":"ImageObject","inLanguage":"es","@id":"https:\/\/wild-palms.com\/es\/quantum-garden-of-the-supernal-unity\/#primaryimage","url":"https:\/\/wild-palms.com\/es\/wp-content\/uploads\/sites\/3\/2019\/03\/Bild-001-e1552662259817.jpg","contentUrl":"https:\/\/wild-palms.com\/es\/wp-content\/uploads\/sites\/3\/2019\/03\/Bild-001-e1552662259817.jpg","width":1000,"height":1333},{"@type":"BreadcrumbList","@id":"https:\/\/wild-palms.com\/es\/quantum-garden-of-the-supernal-unity\/#breadcrumb","itemListElement":[{"@type":"ListItem","position":1,"name":"Home","item":"https:\/\/wild-palms.com\/es\/"},{"@type":"ListItem","position":2,"name":"QUANTUM GARDEN OF THE SUPERNAL UNITY"}]},{"@type":"WebSite","@id":"https:\/\/wild-palms.com\/es\/#website","url":"https:\/\/wild-palms.com\/es\/","name":"wildpalms ES","description":"","publisher":{"@id":"https:\/\/wild-palms.com\/es\/#organization"},"potentialAction":[{"@type":"SearchAction","target":{"@type":"EntryPoint","urlTemplate":"https:\/\/wild-palms.com\/es\/?s={search_term_string}"},"query-input":{"@type":"PropertyValueSpecification","valueRequired":true,"valueName":"search_term_string"}}],"inLanguage":"es"},{"@type":"Organization","@id":"https:\/\/wild-palms.com\/es\/#organization","name":"wildpalms ES","url":"https:\/\/wild-palms.com\/es\/","logo":{"@type":"ImageObject","inLanguage":"es","@id":"https:\/\/wild-palms.com\/es\/#\/schema\/logo\/image\/","url":"https:\/\/wild-palms.com\/es\/wp-content\/uploads\/sites\/3\/2023\/03\/cropped-wildpalms_logo_ths.png","contentUrl":"https:\/\/wild-palms.com\/es\/wp-content\/uploads\/sites\/3\/2023\/03\/cropped-wildpalms_logo_ths.png","width":1200,"height":197,"caption":"wildpalms ES"},"image":{"@id":"https:\/\/wild-palms.com\/es\/#\/schema\/logo\/image\/"}}]}},"_links":{"self":[{"href":"https:\/\/wild-palms.com\/es\/wp-json\/wp\/v2\/pages\/2321","targetHints":{"allow":["GET"]}}],"collection":[{"href":"https:\/\/wild-palms.com\/es\/wp-json\/wp\/v2\/pages"}],"about":[{"href":"https:\/\/wild-palms.com\/es\/wp-json\/wp\/v2\/types\/page"}],"author":[{"embeddable":true,"href":"https:\/\/wild-palms.com\/es\/wp-json\/wp\/v2\/users\/1"}],"replies":[{"embeddable":true,"href":"https:\/\/wild-palms.com\/es\/wp-json\/wp\/v2\/comments?post=2321"}],"version-history":[{"count":4,"href":"https:\/\/wild-palms.com\/es\/wp-json\/wp\/v2\/pages\/2321\/revisions"}],"predecessor-version":[{"id":8595,"href":"https:\/\/wild-palms.com\/es\/wp-json\/wp\/v2\/pages\/2321\/revisions\/8595"}],"wp:attachment":[{"href":"https:\/\/wild-palms.com\/es\/wp-json\/wp\/v2\/media?parent=2321"}],"curies":[{"name":"wp","href":"https:\/\/api.w.org\/{rel}","templated":true}]}}