{"id":2175,"date":"2018-11-20T11:58:59","date_gmt":"2018-11-20T10:58:59","guid":{"rendered":"http:\/\/wild-palms.com\/es\/?page_id=2175"},"modified":"2025-05-05T20:13:59","modified_gmt":"2025-05-05T18:13:59","slug":"cenit-ii","status":"publish","type":"page","link":"https:\/\/wild-palms.com\/es\/cenit-ii\/","title":{"rendered":"CENIT II"},"content":{"rendered":"\n<h1 class=\"wp-block-heading has-primary-color has-text-color has-large-font-size\">CENIT<\/h1>\n\n\n\n<p>a love story<\/p>\n\n\n\n<div class=\"wp-block-columns is-layout-flex wp-container-core-columns-is-layout-9d6595d7 wp-block-columns-is-layout-flex\">\n<div class=\"wp-block-column is-layout-flow wp-block-column-is-layout-flow\">\n<p><a href=\"http:\/\/marioasef.net\">MARIO ASEF<\/a><\/p>\n<\/div>\n<\/div>\n\n\n<p><span style=\"font-size: 12px; font-family: arial, helvetica, sans-serif;\"><img loading=\"lazy\" decoding=\"async\" class=\"size-large wp-image-2176 alignnone\" src=\"http:\/\/wild-palms.com\/es\/wp-content\/uploads\/sites\/3\/2018\/11\/Postcard-Cenit1_Page_2-1024x726.jpg\" alt=\"\" width=\"1024\" height=\"726\" srcset=\"https:\/\/wild-palms.com\/es\/wp-content\/uploads\/sites\/3\/2018\/11\/Postcard-Cenit1_Page_2-1024x726.jpg 1024w, https:\/\/wild-palms.com\/es\/wp-content\/uploads\/sites\/3\/2018\/11\/Postcard-Cenit1_Page_2-300x213.jpg 300w, https:\/\/wild-palms.com\/es\/wp-content\/uploads\/sites\/3\/2018\/11\/Postcard-Cenit1_Page_2-768x545.jpg 768w, https:\/\/wild-palms.com\/es\/wp-content\/uploads\/sites\/3\/2018\/11\/Postcard-Cenit1_Page_2-750x532.jpg 750w, https:\/\/wild-palms.com\/es\/wp-content\/uploads\/sites\/3\/2018\/11\/Postcard-Cenit1_Page_2-400x284.jpg 400w, https:\/\/wild-palms.com\/es\/wp-content\/uploads\/sites\/3\/2018\/11\/Postcard-Cenit1_Page_2-430x305.jpg 430w, https:\/\/wild-palms.com\/es\/wp-content\/uploads\/sites\/3\/2018\/11\/Postcard-Cenit1_Page_2-150x106.jpg 150w, https:\/\/wild-palms.com\/es\/wp-content\/uploads\/sites\/3\/2018\/11\/Postcard-Cenit1_Page_2-100x71.jpg 100w, https:\/\/wild-palms.com\/es\/wp-content\/uploads\/sites\/3\/2018\/11\/Postcard-Cenit1_Page_2.jpg 1218w\" sizes=\"auto, (max-width: 1024px) 100vw, 1024px\" \/><\/span><\/p>\n<p><span style=\"font-size: 12px; font-family: arial, helvetica, sans-serif;\">La obra de v\u00eddeo Cenit cuenta una historia de amor, convirtiendo \u00e9sta en una met\u00e1fora en torno al momento en el que, el sol no proyecta ninguna sombra. La obra de Mario Asef retoma la percepci\u00f3n vitalista de la vida. La vida es una lucha por mantener cada part\u00edcula concentrada en un cuerpo. Su obra se relaciona con el hecho simple pero m\u00e1s fuerte de que la existencia es una condici\u00f3n dentro del universo, y que cada tarea humana, desde las matem\u00e1ticas, la arqueolog\u00eda, la econom\u00eda son ejercicios para compilar con esta tarea.<\/span><\/p>\n<p><span style=\"font-size: 12px; font-family: arial, helvetica, sans-serif;\">La obra de Cenit y Asef se caracteriza en general por una posici\u00f3n vitalista. Su obra parte de la observaci\u00f3n de que la vida es un acto constante. Asef ve la vida como la tarea incesante de mantener la heterogeneidad de cada una de las innumerables part\u00edculas que componen nuestro organismo, concentradas en un cuerpo \u00fanico, pero permeable y en constante interacci\u00f3n con el entorno. Todas las actividades humanas, desde las matem\u00e1ticas, la arqueolog\u00eda, el arte, la econom\u00eda, etc. son expresiones de esta tarea esencial, la lucha entre la uni\u00f3n y la disoluci\u00f3n de las partes.<\/span><\/p>\n<p><span style=\"font-size: 12px; font-family: arial, helvetica, sans-serif;\">Las obras art\u00edsticas de Mario Asef se desarrollan -como \u00e9l mismo afirma- a partir de &#8220;la construcci\u00f3n ilusoria de la realidad social&#8221;. Las obras de Mario Asef se dividen en tres categor\u00edas tem\u00e1ticas: el \u00e1mbito del espacio p\u00fablico, cuya construcci\u00f3n se basa en el lenguaje, el \u00e1mbito de la historia y la escritura sobre la historia como construcci\u00f3n de la realidad mediada, y el \u00e1mbito de los m\u00e9todos cient\u00edficos. Sus fotograf\u00edas, diagramas, v\u00eddeos, textos e intervenciones en el espacio p\u00fablico tratan todos ellos de la legibilidad de \u00f3rdenes normativos que van m\u00e1s all\u00e1 de los c\u00f3digos microurbanos puramente gramaticales y que integran simult\u00e1neamente gestos ut\u00f3picos y cr\u00edticos con la ideolog\u00eda. Mario Asef utiliza estos \u00f3rdenes normativos para desarrollar una metodolog\u00eda que combina la causalidad con la casualidad, llevando las cosas al absurdo.<\/span><\/p>\n<p><span style=\"font-family: arial, helvetica, sans-serif; color: #000000; font-size: 12px;\">&#8211; a touring exhibition &#8211; was shown this year @ <a style=\"color: #000000;\" href=\"http:\/\/wild-palms.com\/es\/cenit\/\">THE DRAWING HUB<\/a>, BERLIN, FEB. 2018 &amp; @ <a style=\"color: #000000;\" href=\"http:\/\/griffinartprojects.ca\/residencies\/2018\/mario-asef\/\">GRIFFIN ART PROJECTS<\/a>, VANCOUVER, CANADA, MAY 2018<\/span><\/p>\n<p><span style=\"font-size: 12px; font-family: arial, helvetica, sans-serif;\"><img loading=\"lazy\" decoding=\"async\" class=\"alignnone wp-image-2182 size-full\" src=\"http:\/\/wild-palms.com\/es\/wp-content\/uploads\/sites\/3\/2018\/11\/PastedGraphic-1-e1552662969805.jpg\" alt=\"\" width=\"1000\" height=\"559\" \/><\/span><\/p>\n<p><span style=\"font-family: arial, helvetica, sans-serif; color: #000000; font-size: 12px;\"><img loading=\"lazy\" decoding=\"async\" class=\"alignnone wp-image-2197 size-full\" src=\"http:\/\/wild-palms.com\/es\/wp-content\/uploads\/sites\/3\/2018\/11\/Bild-006-e1552662956765.jpg\" alt=\"video cenit installation view at wildpalms duesseldorf\" width=\"1000\" height=\"750\" \/><\/span><\/p>\n<p><span style=\"font-size: 12px; font-family: arial, helvetica, sans-serif;\"><img loading=\"lazy\" decoding=\"async\" class=\"alignnone wp-image-2194 size-full\" src=\"http:\/\/wild-palms.com\/es\/wp-content\/uploads\/sites\/3\/2018\/11\/Bild-003a-e1552662942735.jpg\" alt=\"Cenit Mario Asef exhibition at wildpalms d\u00fcsseldorf\" width=\"1000\" height=\"1134\" \/><\/span><\/p>\n<p><span style=\"font-size: 12px; font-family: arial, helvetica, sans-serif;\"><img loading=\"lazy\" decoding=\"async\" class=\"alignnone wp-image-2195 size-full\" src=\"http:\/\/wild-palms.com\/es\/wp-content\/uploads\/sites\/3\/2018\/11\/Bild-002-e1552662925904.jpg\" alt=\"ceint exhibitition at wildpalms d\u00fcsseldorf\" width=\"1000\" height=\"1333\" \/><\/span><\/p>\n<p><span style=\"font-family: arial, helvetica, sans-serif; font-size: 12px;\">exhibition images by Achim Kukulies<\/span><\/p>","protected":false},"excerpt":{"rendered":"<p>CENIT a love story MARIO ASEF La obra de v\u00eddeo Cenit cuenta una historia de amor, convirtiendo \u00e9sta en una met\u00e1fora en torno al momento en el que, el sol no proyecta ninguna sombra. La obra de Mario Asef retoma la percepci\u00f3n vitalista de la vida. La vida es una lucha por mantener cada part\u00edcula [&hellip;]<\/p>\n","protected":false},"author":1,"featured_media":0,"parent":0,"menu_order":0,"comment_status":"closed","ping_status":"closed","template":"","meta":{"_coblocks_attr":"","_coblocks_dimensions":"","_coblocks_responsive_height":"","_coblocks_accordion_ie_support":"","hide_page_title":"","footnotes":""},"class_list":["post-2175","page","type-page","status-publish","hentry"],"yoast_head":"<!-- This site is optimized with the Yoast SEO plugin v27.0 - https:\/\/yoast.com\/product\/yoast-seo-wordpress\/ -->\n<title>CENIT II | MARIO ASEF | conceptual art Argentina | wildpalms<\/title>\n<meta name=\"description\" content=\"Mario Asef &#039;s project about time and love now in DUS. Video, photography and sculpture as installation by the argentinian artist.\" \/>\n<meta name=\"robots\" content=\"index, follow, max-snippet:-1, max-image-preview:large, max-video-preview:-1\" \/>\n<link rel=\"canonical\" href=\"https:\/\/wild-palms.com\/es\/cenit-ii\/\" \/>\n<meta property=\"og:locale\" content=\"es_ES\" \/>\n<meta property=\"og:type\" content=\"article\" \/>\n<meta property=\"og:title\" content=\"CENIT II | MARIO ASEF | conceptual art Argentina | wildpalms\" \/>\n<meta property=\"og:description\" content=\"Mario Asef &#039;s project about time and love now in DUS. Video, photography and sculpture as installation by the argentinian artist.\" \/>\n<meta property=\"og:url\" content=\"https:\/\/wild-palms.com\/es\/cenit-ii\/\" \/>\n<meta property=\"og:site_name\" content=\"wildpalms ES\" \/>\n<meta property=\"article:modified_time\" content=\"2025-05-05T18:13:59+00:00\" \/>\n<meta property=\"og:image\" content=\"http:\/\/wild-palms.com\/es\/wp-content\/uploads\/sites\/3\/2018\/11\/Postcard-Cenit1_Page_2-1024x726.jpg\" \/>\n<meta name=\"twitter:card\" content=\"summary_large_image\" \/>\n<meta name=\"twitter:label1\" content=\"Est. reading time\" \/>\n\t<meta name=\"twitter:data1\" content=\"3 minutes\" \/>\n<script type=\"application\/ld+json\" class=\"yoast-schema-graph\">{\"@context\":\"https:\/\/schema.org\",\"@graph\":[{\"@type\":\"WebPage\",\"@id\":\"https:\/\/wild-palms.com\/es\/cenit-ii\/\",\"url\":\"https:\/\/wild-palms.com\/es\/cenit-ii\/\",\"name\":\"CENIT II | MARIO ASEF | conceptual art Argentina | wildpalms\",\"isPartOf\":{\"@id\":\"http:\/\/wild-palms.com\/es\/#website\"},\"primaryImageOfPage\":{\"@id\":\"https:\/\/wild-palms.com\/es\/cenit-ii\/#primaryimage\"},\"image\":{\"@id\":\"https:\/\/wild-palms.com\/es\/cenit-ii\/#primaryimage\"},\"thumbnailUrl\":\"http:\/\/wild-palms.com\/es\/wp-content\/uploads\/sites\/3\/2018\/11\/Postcard-Cenit1_Page_2-1024x726.jpg\",\"datePublished\":\"2018-11-20T10:58:59+00:00\",\"dateModified\":\"2025-05-05T18:13:59+00:00\",\"description\":\"Mario Asef 's project about time and love now in DUS. Video, photography and sculpture as installation by the argentinian artist.\",\"breadcrumb\":{\"@id\":\"https:\/\/wild-palms.com\/es\/cenit-ii\/#breadcrumb\"},\"inLanguage\":\"es\",\"potentialAction\":[{\"@type\":\"ReadAction\",\"target\":[\"https:\/\/wild-palms.com\/es\/cenit-ii\/\"]}]},{\"@type\":\"ImageObject\",\"inLanguage\":\"es\",\"@id\":\"https:\/\/wild-palms.com\/es\/cenit-ii\/#primaryimage\",\"url\":\"https:\/\/wild-palms.com\/es\/wp-content\/uploads\/sites\/3\/2018\/11\/Postcard-Cenit1_Page_2.jpg\",\"contentUrl\":\"https:\/\/wild-palms.com\/es\/wp-content\/uploads\/sites\/3\/2018\/11\/Postcard-Cenit1_Page_2.jpg\",\"width\":1218,\"height\":864},{\"@type\":\"BreadcrumbList\",\"@id\":\"https:\/\/wild-palms.com\/es\/cenit-ii\/#breadcrumb\",\"itemListElement\":[{\"@type\":\"ListItem\",\"position\":1,\"name\":\"Home\",\"item\":\"http:\/\/wild-palms.com\/es\/\"},{\"@type\":\"ListItem\",\"position\":2,\"name\":\"CENIT II\"}]},{\"@type\":\"WebSite\",\"@id\":\"http:\/\/wild-palms.com\/es\/#website\",\"url\":\"http:\/\/wild-palms.com\/es\/\",\"name\":\"wildpalms ES\",\"description\":\"\",\"publisher\":{\"@id\":\"http:\/\/wild-palms.com\/es\/#organization\"},\"potentialAction\":[{\"@type\":\"SearchAction\",\"target\":{\"@type\":\"EntryPoint\",\"urlTemplate\":\"http:\/\/wild-palms.com\/es\/?s={search_term_string}\"},\"query-input\":{\"@type\":\"PropertyValueSpecification\",\"valueRequired\":true,\"valueName\":\"search_term_string\"}}],\"inLanguage\":\"es\"},{\"@type\":\"Organization\",\"@id\":\"http:\/\/wild-palms.com\/es\/#organization\",\"name\":\"wildpalms ES\",\"url\":\"http:\/\/wild-palms.com\/es\/\",\"logo\":{\"@type\":\"ImageObject\",\"inLanguage\":\"es\",\"@id\":\"http:\/\/wild-palms.com\/es\/#\/schema\/logo\/image\/\",\"url\":\"https:\/\/wild-palms.com\/es\/wp-content\/uploads\/sites\/3\/2023\/03\/cropped-wildpalms_logo_ths.png\",\"contentUrl\":\"https:\/\/wild-palms.com\/es\/wp-content\/uploads\/sites\/3\/2023\/03\/cropped-wildpalms_logo_ths.png\",\"width\":1200,\"height\":197,\"caption\":\"wildpalms ES\"},\"image\":{\"@id\":\"http:\/\/wild-palms.com\/es\/#\/schema\/logo\/image\/\"}}]}<\/script>\n<!-- \/ Yoast SEO plugin. -->","yoast_head_json":{"title":"CENIT II | MARIO ASEF | conceptual art Argentina | wildpalms","description":"Mario Asef 's project about time and love now in DUS. Video, photography and sculpture as installation by the argentinian artist.","robots":{"index":"index","follow":"follow","max-snippet":"max-snippet:-1","max-image-preview":"max-image-preview:large","max-video-preview":"max-video-preview:-1"},"canonical":"https:\/\/wild-palms.com\/es\/cenit-ii\/","og_locale":"es_ES","og_type":"article","og_title":"CENIT II | MARIO ASEF | conceptual art Argentina | wildpalms","og_description":"Mario Asef 's project about time and love now in DUS. Video, photography and sculpture as installation by the argentinian artist.","og_url":"https:\/\/wild-palms.com\/es\/cenit-ii\/","og_site_name":"wildpalms ES","article_modified_time":"2025-05-05T18:13:59+00:00","og_image":[{"url":"http:\/\/wild-palms.com\/es\/wp-content\/uploads\/sites\/3\/2018\/11\/Postcard-Cenit1_Page_2-1024x726.jpg","type":"","width":"","height":""}],"twitter_card":"summary_large_image","twitter_misc":{"Est. reading time":"3 minutes"},"schema":{"@context":"https:\/\/schema.org","@graph":[{"@type":"WebPage","@id":"https:\/\/wild-palms.com\/es\/cenit-ii\/","url":"https:\/\/wild-palms.com\/es\/cenit-ii\/","name":"CENIT II | MARIO ASEF | conceptual art Argentina | wildpalms","isPartOf":{"@id":"http:\/\/wild-palms.com\/es\/#website"},"primaryImageOfPage":{"@id":"https:\/\/wild-palms.com\/es\/cenit-ii\/#primaryimage"},"image":{"@id":"https:\/\/wild-palms.com\/es\/cenit-ii\/#primaryimage"},"thumbnailUrl":"http:\/\/wild-palms.com\/es\/wp-content\/uploads\/sites\/3\/2018\/11\/Postcard-Cenit1_Page_2-1024x726.jpg","datePublished":"2018-11-20T10:58:59+00:00","dateModified":"2025-05-05T18:13:59+00:00","description":"Mario Asef 's project about time and love now in DUS. Video, photography and sculpture as installation by the argentinian artist.","breadcrumb":{"@id":"https:\/\/wild-palms.com\/es\/cenit-ii\/#breadcrumb"},"inLanguage":"es","potentialAction":[{"@type":"ReadAction","target":["https:\/\/wild-palms.com\/es\/cenit-ii\/"]}]},{"@type":"ImageObject","inLanguage":"es","@id":"https:\/\/wild-palms.com\/es\/cenit-ii\/#primaryimage","url":"https:\/\/wild-palms.com\/es\/wp-content\/uploads\/sites\/3\/2018\/11\/Postcard-Cenit1_Page_2.jpg","contentUrl":"https:\/\/wild-palms.com\/es\/wp-content\/uploads\/sites\/3\/2018\/11\/Postcard-Cenit1_Page_2.jpg","width":1218,"height":864},{"@type":"BreadcrumbList","@id":"https:\/\/wild-palms.com\/es\/cenit-ii\/#breadcrumb","itemListElement":[{"@type":"ListItem","position":1,"name":"Home","item":"http:\/\/wild-palms.com\/es\/"},{"@type":"ListItem","position":2,"name":"CENIT II"}]},{"@type":"WebSite","@id":"http:\/\/wild-palms.com\/es\/#website","url":"http:\/\/wild-palms.com\/es\/","name":"wildpalms ES","description":"","publisher":{"@id":"http:\/\/wild-palms.com\/es\/#organization"},"potentialAction":[{"@type":"SearchAction","target":{"@type":"EntryPoint","urlTemplate":"http:\/\/wild-palms.com\/es\/?s={search_term_string}"},"query-input":{"@type":"PropertyValueSpecification","valueRequired":true,"valueName":"search_term_string"}}],"inLanguage":"es"},{"@type":"Organization","@id":"http:\/\/wild-palms.com\/es\/#organization","name":"wildpalms ES","url":"http:\/\/wild-palms.com\/es\/","logo":{"@type":"ImageObject","inLanguage":"es","@id":"http:\/\/wild-palms.com\/es\/#\/schema\/logo\/image\/","url":"https:\/\/wild-palms.com\/es\/wp-content\/uploads\/sites\/3\/2023\/03\/cropped-wildpalms_logo_ths.png","contentUrl":"https:\/\/wild-palms.com\/es\/wp-content\/uploads\/sites\/3\/2023\/03\/cropped-wildpalms_logo_ths.png","width":1200,"height":197,"caption":"wildpalms ES"},"image":{"@id":"http:\/\/wild-palms.com\/es\/#\/schema\/logo\/image\/"}}]}},"_links":{"self":[{"href":"https:\/\/wild-palms.com\/es\/wp-json\/wp\/v2\/pages\/2175","targetHints":{"allow":["GET"]}}],"collection":[{"href":"https:\/\/wild-palms.com\/es\/wp-json\/wp\/v2\/pages"}],"about":[{"href":"https:\/\/wild-palms.com\/es\/wp-json\/wp\/v2\/types\/page"}],"author":[{"embeddable":true,"href":"https:\/\/wild-palms.com\/es\/wp-json\/wp\/v2\/users\/1"}],"replies":[{"embeddable":true,"href":"https:\/\/wild-palms.com\/es\/wp-json\/wp\/v2\/comments?post=2175"}],"version-history":[{"count":5,"href":"https:\/\/wild-palms.com\/es\/wp-json\/wp\/v2\/pages\/2175\/revisions"}],"predecessor-version":[{"id":8817,"href":"https:\/\/wild-palms.com\/es\/wp-json\/wp\/v2\/pages\/2175\/revisions\/8817"}],"wp:attachment":[{"href":"https:\/\/wild-palms.com\/es\/wp-json\/wp\/v2\/media?parent=2175"}],"curies":[{"name":"wp","href":"https:\/\/api.w.org\/{rel}","templated":true}]}}