{"id":2,"date":"2015-03-20T11:19:20","date_gmt":"2015-03-20T10:19:20","guid":{"rendered":"http:\/\/wild-palms.com\/es\/?page_id=2"},"modified":"2023-12-11T02:53:15","modified_gmt":"2023-12-11T01:53:15","slug":"about","status":"publish","type":"page","link":"https:\/\/wild-palms.com\/es\/about\/","title":{"rendered":"Acerca Arte Latinoamericano"},"content":{"rendered":"\n<h1 class=\"wp-block-heading has-small-font-size\" style=\"font-style:normal;font-weight:200\">Arte Latinoamericano en Alemania<\/h1>\n\n\n\n<div class=\"wp-block-group has-small-font-size\"><div class=\"wp-block-group__inner-container is-layout-constrained wp-block-group-is-layout-constrained\">\n<div class=\"wp-block-group is-vertical is-layout-flex wp-container-core-group-is-layout-8cf370e7 wp-block-group-is-layout-flex\">\n<div class=\"wp-block-group is-vertical is-layout-flex wp-container-core-group-is-layout-8cf370e7 wp-block-group-is-layout-flex\">\n<p style=\"font-size:15px\">Arte Latinoamericano en Alemania: wildpalms expone artistas de Latinoamerica, as\u00ed como de artistas canadienses y estadounidenses en Alemania.<\/p>\n\n\n\n<p style=\"font-size:15px\">Creada por <a href=\"https:\/\/artoftheamericas.net\">Jorge Sanguino <\/a>y <a href=\"https:\/\/lightspacemovement.de\">Alexandra Meffert<\/a>, wildpalms se centra en la investigaci\u00f3n art\u00edstica, las pr\u00e1cticas sociales, el medio ambiente y la sostenibilidad.<\/p>\n\n\n\n<p style=\"font-size:15px\">Nuestras exposiciones se basan en un s\u00f3lido proceso curatorial, compilado por la producci\u00f3n de textos y el compromiso con discursos cr\u00edticos, amplificando las voces de profesionales del arte que trabajan en regiones espec\u00edficas de Norte, Centro y Sudam\u00e9rica.<\/p>\n\n\n\n<figure class=\"wp-block-image size-large\"><a href=\"http:\/\/wild-palms.com\/es\/wp-content\/uploads\/sites\/3\/2023\/05\/Mauricio_Limon_El_Primero_que_ria_2-scaled.webp\" data-rel=\"lightbox-image-0\" data-rl_title=\"\" data-rl_caption=\"\" title=\"\"><img loading=\"lazy\" decoding=\"async\" width=\"1024\" height=\"666\" src=\"http:\/\/wild-palms.com\/es\/wp-content\/uploads\/sites\/3\/2023\/05\/Mauricio_Limon_El_Primero_que_ria_2-1024x666.webp\" alt=\"El primero que ria exhibitions view mexican video art\" class=\"wp-image-7454\" srcset=\"https:\/\/wild-palms.com\/es\/wp-content\/uploads\/sites\/3\/2023\/05\/Mauricio_Limon_El_Primero_que_ria_2-1024x666.webp 1024w, https:\/\/wild-palms.com\/es\/wp-content\/uploads\/sites\/3\/2023\/05\/Mauricio_Limon_El_Primero_que_ria_2-300x195.webp 300w, https:\/\/wild-palms.com\/es\/wp-content\/uploads\/sites\/3\/2023\/05\/Mauricio_Limon_El_Primero_que_ria_2-768x500.webp 768w, https:\/\/wild-palms.com\/es\/wp-content\/uploads\/sites\/3\/2023\/05\/Mauricio_Limon_El_Primero_que_ria_2-1536x999.webp 1536w, https:\/\/wild-palms.com\/es\/wp-content\/uploads\/sites\/3\/2023\/05\/Mauricio_Limon_El_Primero_que_ria_2-2048x1332.webp 2048w\" sizes=\"auto, (max-width: 1024px) 100vw, 1024px\" \/><\/a><\/figure>\n\n\n\n<p style=\"font-size:15px\">Nuestro objetivo es transformar las pr\u00e1cticas culturales, las narrativas actuales y los patrones de pensamiento.<\/p>\n\n\n\n<p style=\"font-size:15px\">El trabajo de wildpalms ha sido definitivo en la introducci\u00f3n de artistas contempor\u00e1neos latinoamericanos en Alemania: ha introducido con \u00e9xito posiciones como Karen Paulina Biswell, Felipe Castelblanco, Mauricio Lim\u00f3n a c\u00edrculos institucionales y coleccionistas del pa\u00eds.<\/p>\n\n\n\n<p style=\"font-size:15px\"><em>El nombre de wildpalms procede del libro The Wild Palms (1939) por William Faulkner.<\/em><\/p>\n<\/div>\n<\/div>\n<\/div><\/div>\n\n\n\n<p><span style=\"font-family: avenir-next-regular; font-size: 12pt;\"><span style=\"color: #000000;\">&nbsp;<\/span><\/span><\/p>\n\n\n\n<hr class=\"wp-block-separator has-css-opacity\"\/>\n\n\n\n<h2 class=\"wp-block-heading has-text-align-center has-large-font-size\">Un lugar para aprender sobre arte Latinoamericano.<span style=\"color: #000000; font-size: 12pt; font-family: avenir-next-regular;\"><span style=\"font-family: avenir-next-regular; font-size: 12pt; color: #33cccc;\"><\/span><\/span><\/h2>\n\n\n<div class=\"wp-block-image\">\n<figure class=\"aligncenter size-large\"><a href=\"https:\/\/wild-palms.com\/es\/wp-content\/uploads\/sites\/3\/2023\/12\/arte_de_america_latina-scaled.webp\" data-rel=\"lightbox-image-1\" data-rl_title=\"\" data-rl_caption=\"\" title=\"\"><img loading=\"lazy\" decoding=\"async\" width=\"768\" height=\"1024\" src=\"https:\/\/wild-palms.com\/es\/wp-content\/uploads\/sites\/3\/2023\/12\/arte_de_america_latina-768x1024.webp\" alt=\"Arte Latinoamericano en Alemania. wildpalms Arte de Am\u00e9rica Latina. Entrada a la galer\u00eda con Alexandra Meffert en Duesseldorf, Alemania\" class=\"wp-image-8034\" srcset=\"https:\/\/wild-palms.com\/es\/wp-content\/uploads\/sites\/3\/2023\/12\/arte_de_america_latina-768x1024.webp 768w, https:\/\/wild-palms.com\/es\/wp-content\/uploads\/sites\/3\/2023\/12\/arte_de_america_latina-225x300.webp 225w, https:\/\/wild-palms.com\/es\/wp-content\/uploads\/sites\/3\/2023\/12\/arte_de_america_latina-1152x1536.webp 1152w, https:\/\/wild-palms.com\/es\/wp-content\/uploads\/sites\/3\/2023\/12\/arte_de_america_latina-1536x2048.webp 1536w, https:\/\/wild-palms.com\/es\/wp-content\/uploads\/sites\/3\/2023\/12\/arte_de_america_latina-scaled.webp 1920w\" sizes=\"auto, (max-width: 768px) 100vw, 768px\" \/><\/a><figcaption class=\"wp-element-caption\">Para visitarla fuera del horario de apertura, p\u00f3ngase en contacto con <a href=\"mailto:info@wild-palms.com\">info@wild-palms.com<\/a>.<br>Adem\u00e1s, nuestros proyectos curatoriales est\u00e1n dise\u00f1ados para suceder en diferentes espacios, ciudades, pa\u00edses o continentes. Mientras tanto, las participaciones en ferias nos dan la oportunidad no s\u00f3lo de internacionalizarnos, sino tambi\u00e9n de jugar con diferentes formatos de exposici\u00f3n.<\/figcaption><\/figure>\n<\/div>\n\n\n<hr class=\"wp-block-separator has-css-opacity\"\/>\n\n\n\n<p class=\"has-text-align-left\" style=\"font-size:15px\">Gerresheimer strasse 33 \/ 40211\/ D\u00fcsseldorf <\/p>\n\n\n\n<p style=\"font-size:15px\">info(at)wild-palms.com\/es<\/p>\n\n\n\n<p style=\"font-size:15px\">Horas: jueves. 1-6pm, viernes. 1-6pm, Sab &amp; Dom. 1-5pm y con cita previa.<\/p>\n\n\n\n<p><\/p>\n\n\n\n<figure class=\"wp-block-image\"><img loading=\"lazy\" decoding=\"async\" width=\"675\" height=\"393\" src=\"http:\/\/wild-palms.com\/es\/wp-content\/uploads\/sites\/3\/2018\/09\/Screenshot-2018-07-24-18.58.31.png\" alt=\"Wildpalms Latinamerican Art in Germany\nExperte f\u00fcr Latinamerikanische Kunst in Deutschland\" class=\"wp-image-2115\" srcset=\"https:\/\/wild-palms.com\/es\/wp-content\/uploads\/sites\/3\/2018\/09\/Screenshot-2018-07-24-18.58.31.png 675w, https:\/\/wild-palms.com\/es\/wp-content\/uploads\/sites\/3\/2018\/09\/Screenshot-2018-07-24-18.58.31-300x175.png 300w, https:\/\/wild-palms.com\/es\/wp-content\/uploads\/sites\/3\/2018\/09\/Screenshot-2018-07-24-18.58.31-400x233.png 400w, https:\/\/wild-palms.com\/es\/wp-content\/uploads\/sites\/3\/2018\/09\/Screenshot-2018-07-24-18.58.31-430x250.png 430w, https:\/\/wild-palms.com\/es\/wp-content\/uploads\/sites\/3\/2018\/09\/Screenshot-2018-07-24-18.58.31-150x87.png 150w, https:\/\/wild-palms.com\/es\/wp-content\/uploads\/sites\/3\/2018\/09\/Screenshot-2018-07-24-18.58.31-100x58.png 100w\" sizes=\"auto, (max-width: 675px) 100vw, 675px\" \/><\/figure>\n\n\n\n<hr class=\"wp-block-separator has-css-opacity\"\/>\n\n\n\n<p><span style=\"font-family: avenir-next-regular; color: #000000;\"><\/span><\/p>\n","protected":false},"excerpt":{"rendered":"<p>Arte Latinoamericano en Alemania Arte Latinoamericano en Alemania: wildpalms expone artistas de Latinoamerica, as\u00ed como de artistas canadienses y estadounidenses en Alemania. Creada por Jorge Sanguino y Alexandra Meffert, wildpalms se centra en la investigaci\u00f3n art\u00edstica, las pr\u00e1cticas sociales, el medio ambiente y la sostenibilidad. Nuestras exposiciones se basan en un s\u00f3lido proceso curatorial, compilado [&hellip;]<\/p>\n","protected":false},"author":1,"featured_media":0,"parent":0,"menu_order":0,"comment_status":"closed","ping_status":"closed","template":"","meta":{"_coblocks_attr":"","_coblocks_dimensions":"","_coblocks_responsive_height":"","_coblocks_accordion_ie_support":"","hide_page_title":"","footnotes":""},"class_list":["post-2","page","type-page","status-publish","hentry"],"yoast_head":"<!-- This site is optimized with the Yoast SEO plugin v27.0 - https:\/\/yoast.com\/product\/yoast-seo-wordpress\/ -->\n<title>Acerca wildpalms<\/title>\n<meta name=\"description\" content=\"Arte Latinoamericano en Alemania. wildpalms creada por Alexandra Meffert &amp; Jorge Sanguino expone arte de Am\u00e9rica Latina, USA &amp; CAN\" \/>\n<meta name=\"robots\" content=\"index, follow, max-snippet:-1, max-image-preview:large, max-video-preview:-1\" \/>\n<link rel=\"canonical\" href=\"https:\/\/wild-palms.com\/es\/about\/\" \/>\n<meta property=\"og:locale\" content=\"es_ES\" \/>\n<meta property=\"og:type\" content=\"article\" \/>\n<meta property=\"og:title\" content=\"Acerca wildpalms\" \/>\n<meta property=\"og:description\" content=\"Arte Latinoamericano en Alemania. wildpalms creada por Alexandra Meffert &amp; Jorge Sanguino expone arte de Am\u00e9rica Latina, USA &amp; CAN\" \/>\n<meta property=\"og:url\" content=\"https:\/\/wild-palms.com\/es\/about\/\" \/>\n<meta property=\"og:site_name\" content=\"wildpalms ES\" \/>\n<meta property=\"article:modified_time\" content=\"2023-12-11T01:53:15+00:00\" \/>\n<meta property=\"og:image\" content=\"http:\/\/wild-palms.com\/es\/wp-content\/uploads\/sites\/3\/2023\/05\/Mauricio_Limon_El_Primero_que_ria_2-1024x666.webp\" \/>\n<meta name=\"twitter:card\" content=\"summary_large_image\" \/>\n<meta name=\"twitter:label1\" content=\"Est. reading time\" \/>\n\t<meta name=\"twitter:data1\" content=\"2 minutes\" \/>\n<script type=\"application\/ld+json\" class=\"yoast-schema-graph\">{\"@context\":\"https:\/\/schema.org\",\"@graph\":[{\"@type\":\"WebPage\",\"@id\":\"https:\/\/wild-palms.com\/es\/about\/\",\"url\":\"https:\/\/wild-palms.com\/es\/about\/\",\"name\":\"Acerca wildpalms\",\"isPartOf\":{\"@id\":\"http:\/\/wild-palms.com\/es\/#website\"},\"primaryImageOfPage\":{\"@id\":\"https:\/\/wild-palms.com\/es\/about\/#primaryimage\"},\"image\":{\"@id\":\"https:\/\/wild-palms.com\/es\/about\/#primaryimage\"},\"thumbnailUrl\":\"http:\/\/wild-palms.com\/es\/wp-content\/uploads\/sites\/3\/2023\/05\/Mauricio_Limon_El_Primero_que_ria_2-1024x666.webp\",\"datePublished\":\"2015-03-20T10:19:20+00:00\",\"dateModified\":\"2023-12-11T01:53:15+00:00\",\"description\":\"Arte Latinoamericano en Alemania. wildpalms creada por Alexandra Meffert & Jorge Sanguino expone arte de Am\u00e9rica Latina, USA & CAN\",\"breadcrumb\":{\"@id\":\"https:\/\/wild-palms.com\/es\/about\/#breadcrumb\"},\"inLanguage\":\"es\",\"potentialAction\":[{\"@type\":\"ReadAction\",\"target\":[\"https:\/\/wild-palms.com\/es\/about\/\"]}]},{\"@type\":\"ImageObject\",\"inLanguage\":\"es\",\"@id\":\"https:\/\/wild-palms.com\/es\/about\/#primaryimage\",\"url\":\"https:\/\/wild-palms.com\/es\/wp-content\/uploads\/sites\/3\/2023\/05\/Mauricio_Limon_El_Primero_que_ria_2-scaled.webp\",\"contentUrl\":\"https:\/\/wild-palms.com\/es\/wp-content\/uploads\/sites\/3\/2023\/05\/Mauricio_Limon_El_Primero_que_ria_2-scaled.webp\",\"width\":2560,\"height\":1665,\"caption\":\"El primero que ria exhibitions view mexican video art\"},{\"@type\":\"BreadcrumbList\",\"@id\":\"https:\/\/wild-palms.com\/es\/about\/#breadcrumb\",\"itemListElement\":[{\"@type\":\"ListItem\",\"position\":1,\"name\":\"Home\",\"item\":\"http:\/\/wild-palms.com\/es\/\"},{\"@type\":\"ListItem\",\"position\":2,\"name\":\"Acerca Arte Latinoamericano\"}]},{\"@type\":\"WebSite\",\"@id\":\"http:\/\/wild-palms.com\/es\/#website\",\"url\":\"http:\/\/wild-palms.com\/es\/\",\"name\":\"wildpalms ES\",\"description\":\"\",\"publisher\":{\"@id\":\"http:\/\/wild-palms.com\/es\/#organization\"},\"potentialAction\":[{\"@type\":\"SearchAction\",\"target\":{\"@type\":\"EntryPoint\",\"urlTemplate\":\"http:\/\/wild-palms.com\/es\/?s={search_term_string}\"},\"query-input\":{\"@type\":\"PropertyValueSpecification\",\"valueRequired\":true,\"valueName\":\"search_term_string\"}}],\"inLanguage\":\"es\"},{\"@type\":\"Organization\",\"@id\":\"http:\/\/wild-palms.com\/es\/#organization\",\"name\":\"wildpalms ES\",\"url\":\"http:\/\/wild-palms.com\/es\/\",\"logo\":{\"@type\":\"ImageObject\",\"inLanguage\":\"es\",\"@id\":\"http:\/\/wild-palms.com\/es\/#\/schema\/logo\/image\/\",\"url\":\"https:\/\/wild-palms.com\/es\/wp-content\/uploads\/sites\/3\/2023\/03\/cropped-wildpalms_logo_ths.png\",\"contentUrl\":\"https:\/\/wild-palms.com\/es\/wp-content\/uploads\/sites\/3\/2023\/03\/cropped-wildpalms_logo_ths.png\",\"width\":1200,\"height\":197,\"caption\":\"wildpalms ES\"},\"image\":{\"@id\":\"http:\/\/wild-palms.com\/es\/#\/schema\/logo\/image\/\"}}]}<\/script>\n<!-- \/ Yoast SEO plugin. -->","yoast_head_json":{"title":"Acerca wildpalms","description":"Arte Latinoamericano en Alemania. wildpalms creada por Alexandra Meffert & Jorge Sanguino expone arte de Am\u00e9rica Latina, USA & CAN","robots":{"index":"index","follow":"follow","max-snippet":"max-snippet:-1","max-image-preview":"max-image-preview:large","max-video-preview":"max-video-preview:-1"},"canonical":"https:\/\/wild-palms.com\/es\/about\/","og_locale":"es_ES","og_type":"article","og_title":"Acerca wildpalms","og_description":"Arte Latinoamericano en Alemania. wildpalms creada por Alexandra Meffert & Jorge Sanguino expone arte de Am\u00e9rica Latina, USA & CAN","og_url":"https:\/\/wild-palms.com\/es\/about\/","og_site_name":"wildpalms ES","article_modified_time":"2023-12-11T01:53:15+00:00","og_image":[{"url":"http:\/\/wild-palms.com\/es\/wp-content\/uploads\/sites\/3\/2023\/05\/Mauricio_Limon_El_Primero_que_ria_2-1024x666.webp","type":"","width":"","height":""}],"twitter_card":"summary_large_image","twitter_misc":{"Est. reading time":"2 minutes"},"schema":{"@context":"https:\/\/schema.org","@graph":[{"@type":"WebPage","@id":"https:\/\/wild-palms.com\/es\/about\/","url":"https:\/\/wild-palms.com\/es\/about\/","name":"Acerca wildpalms","isPartOf":{"@id":"http:\/\/wild-palms.com\/es\/#website"},"primaryImageOfPage":{"@id":"https:\/\/wild-palms.com\/es\/about\/#primaryimage"},"image":{"@id":"https:\/\/wild-palms.com\/es\/about\/#primaryimage"},"thumbnailUrl":"http:\/\/wild-palms.com\/es\/wp-content\/uploads\/sites\/3\/2023\/05\/Mauricio_Limon_El_Primero_que_ria_2-1024x666.webp","datePublished":"2015-03-20T10:19:20+00:00","dateModified":"2023-12-11T01:53:15+00:00","description":"Arte Latinoamericano en Alemania. wildpalms creada por Alexandra Meffert & Jorge Sanguino expone arte de Am\u00e9rica Latina, USA & CAN","breadcrumb":{"@id":"https:\/\/wild-palms.com\/es\/about\/#breadcrumb"},"inLanguage":"es","potentialAction":[{"@type":"ReadAction","target":["https:\/\/wild-palms.com\/es\/about\/"]}]},{"@type":"ImageObject","inLanguage":"es","@id":"https:\/\/wild-palms.com\/es\/about\/#primaryimage","url":"https:\/\/wild-palms.com\/es\/wp-content\/uploads\/sites\/3\/2023\/05\/Mauricio_Limon_El_Primero_que_ria_2-scaled.webp","contentUrl":"https:\/\/wild-palms.com\/es\/wp-content\/uploads\/sites\/3\/2023\/05\/Mauricio_Limon_El_Primero_que_ria_2-scaled.webp","width":2560,"height":1665,"caption":"El primero que ria exhibitions view mexican video art"},{"@type":"BreadcrumbList","@id":"https:\/\/wild-palms.com\/es\/about\/#breadcrumb","itemListElement":[{"@type":"ListItem","position":1,"name":"Home","item":"http:\/\/wild-palms.com\/es\/"},{"@type":"ListItem","position":2,"name":"Acerca Arte Latinoamericano"}]},{"@type":"WebSite","@id":"http:\/\/wild-palms.com\/es\/#website","url":"http:\/\/wild-palms.com\/es\/","name":"wildpalms ES","description":"","publisher":{"@id":"http:\/\/wild-palms.com\/es\/#organization"},"potentialAction":[{"@type":"SearchAction","target":{"@type":"EntryPoint","urlTemplate":"http:\/\/wild-palms.com\/es\/?s={search_term_string}"},"query-input":{"@type":"PropertyValueSpecification","valueRequired":true,"valueName":"search_term_string"}}],"inLanguage":"es"},{"@type":"Organization","@id":"http:\/\/wild-palms.com\/es\/#organization","name":"wildpalms ES","url":"http:\/\/wild-palms.com\/es\/","logo":{"@type":"ImageObject","inLanguage":"es","@id":"http:\/\/wild-palms.com\/es\/#\/schema\/logo\/image\/","url":"https:\/\/wild-palms.com\/es\/wp-content\/uploads\/sites\/3\/2023\/03\/cropped-wildpalms_logo_ths.png","contentUrl":"https:\/\/wild-palms.com\/es\/wp-content\/uploads\/sites\/3\/2023\/03\/cropped-wildpalms_logo_ths.png","width":1200,"height":197,"caption":"wildpalms ES"},"image":{"@id":"http:\/\/wild-palms.com\/es\/#\/schema\/logo\/image\/"}}]}},"_links":{"self":[{"href":"https:\/\/wild-palms.com\/es\/wp-json\/wp\/v2\/pages\/2","targetHints":{"allow":["GET"]}}],"collection":[{"href":"https:\/\/wild-palms.com\/es\/wp-json\/wp\/v2\/pages"}],"about":[{"href":"https:\/\/wild-palms.com\/es\/wp-json\/wp\/v2\/types\/page"}],"author":[{"embeddable":true,"href":"https:\/\/wild-palms.com\/es\/wp-json\/wp\/v2\/users\/1"}],"replies":[{"embeddable":true,"href":"https:\/\/wild-palms.com\/es\/wp-json\/wp\/v2\/comments?post=2"}],"version-history":[{"count":17,"href":"https:\/\/wild-palms.com\/es\/wp-json\/wp\/v2\/pages\/2\/revisions"}],"predecessor-version":[{"id":8679,"href":"https:\/\/wild-palms.com\/es\/wp-json\/wp\/v2\/pages\/2\/revisions\/8679"}],"wp:attachment":[{"href":"https:\/\/wild-palms.com\/es\/wp-json\/wp\/v2\/media?parent=2"}],"curies":[{"name":"wp","href":"https:\/\/api.w.org\/{rel}","templated":true}]}}