{"id":1608,"date":"2018-04-10T16:00:00","date_gmt":"2018-04-10T14:00:00","guid":{"rendered":"http:\/\/wild-palms.com\/es\/?page_id=1608"},"modified":"2023-12-10T18:51:19","modified_gmt":"2023-12-10T17:51:19","slug":"santiago-castano","status":"publish","type":"page","link":"https:\/\/wild-palms.com\/es\/santiago-castano\/","title":{"rendered":"SANTIAGO CASTANO"},"content":{"rendered":"\n<div class=\"wp-block-media-text alignwide has-media-on-the-right\"><div class=\"wp-block-media-text__content\">\n<p class=\"has-small-font-size\"><a href=\"http:\/\/www.santiagocastano.com\">www.santiagocastano.com<\/a><\/p>\n\n\n\n<p class=\"has-small-font-size\" style=\"font-size:13px\">para m\u00e1s informaci\u00f3n contacte a:<\/p>\n\n\n\n<p class=\"has-arial-font-family has-small-font-size has-custom-font\" style=\"font-family:Arial\">info@wild-palms.com<\/p>\n<\/div><figure class=\"wp-block-media-text__media\"><img loading=\"lazy\" decoding=\"async\" width=\"962\" height=\"534\" src=\"http:\/\/wild-palms.com\/es\/wp-content\/uploads\/sites\/3\/2018\/02\/IMG_5006.png\" alt=\"\" class=\"wp-image-1509 size-full\" srcset=\"https:\/\/wild-palms.com\/es\/wp-content\/uploads\/sites\/3\/2018\/02\/IMG_5006.png 962w, https:\/\/wild-palms.com\/es\/wp-content\/uploads\/sites\/3\/2018\/02\/IMG_5006-300x167.png 300w, https:\/\/wild-palms.com\/es\/wp-content\/uploads\/sites\/3\/2018\/02\/IMG_5006-768x426.png 768w, https:\/\/wild-palms.com\/es\/wp-content\/uploads\/sites\/3\/2018\/02\/IMG_5006-750x416.png 750w, https:\/\/wild-palms.com\/es\/wp-content\/uploads\/sites\/3\/2018\/02\/IMG_5006-400x222.png 400w, https:\/\/wild-palms.com\/es\/wp-content\/uploads\/sites\/3\/2018\/02\/IMG_5006-430x239.png 430w, https:\/\/wild-palms.com\/es\/wp-content\/uploads\/sites\/3\/2018\/02\/IMG_5006-150x83.png 150w, https:\/\/wild-palms.com\/es\/wp-content\/uploads\/sites\/3\/2018\/02\/IMG_5006-100x56.png 100w\" sizes=\"auto, (max-width: 962px) 100vw, 962px\" \/><\/figure><\/div>\n\n\n<p><span style=\"font-family: arial, helvetica, sans-serif; color: #000000; font-size: 12px;\"><span class=\"collapseomatic \" id=\"id69db85ef7bc66\"  tabindex=\"0\" title=\"Curriculum Vitae\"    >Curriculum Vitae<\/span><div id=\"target-id69db85ef7bc66\" class=\"collapseomatic_content \"><\/span><\/p>\n<p><span style=\"font-family: arial, helvetica, sans-serif; color: #000000; font-size: 12px;\">*Bogot\u00e1, Colombia<\/span><\/p>\n<p><span style=\"font-family: arial, helvetica, sans-serif; color: #000000; font-size: 12px;\"><strong>Educaci\u00f3n<\/strong><\/span><\/p>\n<p><span style=\"font-family: arial, helvetica, sans-serif; color: #000000; font-size: 12px;\">M.A. School of Visula Arts, New York, NY<\/span><br \/><span style=\"font-family: arial, helvetica, sans-serif; color: #000000; font-size: 12px;\">B.A. National University of Bogot\u00e1, Colombia<\/span><\/p>\n<p><span style=\"font-family: arial, helvetica, sans-serif; font-size: 12px;\"><strong><span style=\"color: #000000;\">Premios &amp; Becas\u00a0<\/span><\/strong><\/span><\/p>\n<p><span style=\"font-family: arial, helvetica, sans-serif; color: #000000; font-size: 12px;\">2018 Film Festival Cannes, Nominee for Short Film with MORPHOSIS (Director, Editor, Scriptwriter)<\/span><br \/><span style=\"font-family: arial, helvetica, sans-serif; color: #000000; font-size: 12px;\">2018 London Independent Film Awards, Best Animated Short, with MORPHRUSIS <\/span><br \/><span style=\"font-family: arial, helvetica, sans-serif; color: #000000; font-size: 12px;\">2014 Emmy Nominee, Lead Designer for MLB Network&#8217;s &#8220;Monuments&#8221;<\/span><br \/><span style=\"color: #000000; font-family: arial, helvetica, sans-serif; font-size: 12px;\">2013 Emmy Awards, Graphic Designer for the show package MLB Tonight<\/span><br \/><span style=\"font-family: arial, helvetica, sans-serif; color: #000000; font-size: 12px;\">2003 SVA Master&#8217;s Degree Scholarship, School of Visual Arts, New York<\/span><\/p>\n<p><span style=\"font-family: arial, helvetica, sans-serif; color: #000000; font-size: 12px;\"><strong>Bio<\/strong><\/span><\/p>\n<p><span style=\"font-family: arial, helvetica, sans-serif; font-size: 12px;\">En 2003, obtuvo una beca para cursar un m\u00e1ster en la Escuela de Artes Visuales de Nueva York. La finalizaci\u00f3n de su licenciatura le ha proporcionado oportunidades de trabajo que incluyen la direcci\u00f3n creativa para el paquete de programas de Versus (antes de fusionarse con CBS Sports); Tour de Francia 2011. Tambi\u00e9n, animaci\u00f3n 3d y dise\u00f1o de tableros para clientes como Cannon, Sundance Channel, ESPN, Nicktoons, Lifetime, CBS, TV Land, Mercury Ford, Sprint, AT&amp;T, MLB Networks, el videojuego God of War entre otros.<\/span><\/p>\n<p><span style=\"font-family: arial, helvetica, sans-serif; font-size: 12px;\">Actualmente vive y trabaja en Nueva York y Bogot\u00e1 como freelance para estudios como Imaginary Forces, Charlex, Delirium, Nailgun*, Oruga, Be-TV, Hunter Gatherer, NBC Sports y MLB Networks .<\/span><\/p>\n<p><span style=\"font-family: arial, helvetica, sans-serif; color: #000000; font-size: 12px;\"><\/div><\/span><\/p>\n<p style=\"text-align: center;\"><span style=\"color: #808080; font-family: arial, helvetica, sans-serif; font-size: 12px;\">\u00a0<\/span><\/p>\n<p style=\"text-align: center;\">\u00a0<\/p>","protected":false},"excerpt":{"rendered":"<p>www.santiagocastano.com para m\u00e1s informaci\u00f3n contacte a: info@wild-palms.com \u00a0 \u00a0<\/p>\n","protected":false},"author":1,"featured_media":0,"parent":0,"menu_order":0,"comment_status":"closed","ping_status":"closed","template":"","meta":{"_coblocks_attr":"ArialArial,","_coblocks_dimensions":"","_coblocks_responsive_height":"","_coblocks_accordion_ie_support":"","hide_page_title":"","footnotes":""},"class_list":["post-1608","page","type-page","status-publish","hentry"],"yoast_head":"<!-- This site is optimized with the Yoast SEO plugin v27.0 - https:\/\/yoast.com\/product\/yoast-seo-wordpress\/ -->\n<title>SANTIAGO CASTANO - wildpalms ES<\/title>\n<meta name=\"robots\" content=\"index, follow, max-snippet:-1, max-image-preview:large, max-video-preview:-1\" \/>\n<link rel=\"canonical\" href=\"https:\/\/wild-palms.com\/es\/santiago-castano\/\" \/>\n<meta property=\"og:locale\" content=\"es_ES\" \/>\n<meta property=\"og:type\" content=\"article\" \/>\n<meta property=\"og:title\" content=\"SANTIAGO CASTANO - wildpalms ES\" \/>\n<meta property=\"og:description\" content=\"www.santiagocastano.com para m\u00e1s informaci\u00f3n contacte a: info@wild-palms.com \u00a0 \u00a0\" \/>\n<meta property=\"og:url\" content=\"https:\/\/wild-palms.com\/es\/santiago-castano\/\" \/>\n<meta property=\"og:site_name\" content=\"wildpalms ES\" \/>\n<meta property=\"article:modified_time\" content=\"2023-12-10T17:51:19+00:00\" \/>\n<meta property=\"og:image\" content=\"http:\/\/wild-palms.com\/es\/wp-content\/uploads\/sites\/3\/2018\/02\/IMG_5006.png\" \/>\n<meta name=\"twitter:card\" content=\"summary_large_image\" \/>\n<meta name=\"twitter:label1\" content=\"Est. reading time\" \/>\n\t<meta name=\"twitter:data1\" content=\"2 minutes\" \/>\n<script type=\"application\/ld+json\" class=\"yoast-schema-graph\">{\"@context\":\"https:\/\/schema.org\",\"@graph\":[{\"@type\":\"WebPage\",\"@id\":\"https:\/\/wild-palms.com\/es\/santiago-castano\/\",\"url\":\"https:\/\/wild-palms.com\/es\/santiago-castano\/\",\"name\":\"SANTIAGO CASTANO - wildpalms ES\",\"isPartOf\":{\"@id\":\"http:\/\/wild-palms.com\/es\/#website\"},\"primaryImageOfPage\":{\"@id\":\"https:\/\/wild-palms.com\/es\/santiago-castano\/#primaryimage\"},\"image\":{\"@id\":\"https:\/\/wild-palms.com\/es\/santiago-castano\/#primaryimage\"},\"thumbnailUrl\":\"http:\/\/wild-palms.com\/es\/wp-content\/uploads\/sites\/3\/2018\/02\/IMG_5006.png\",\"datePublished\":\"2018-04-10T14:00:00+00:00\",\"dateModified\":\"2023-12-10T17:51:19+00:00\",\"breadcrumb\":{\"@id\":\"https:\/\/wild-palms.com\/es\/santiago-castano\/#breadcrumb\"},\"inLanguage\":\"es\",\"potentialAction\":[{\"@type\":\"ReadAction\",\"target\":[\"https:\/\/wild-palms.com\/es\/santiago-castano\/\"]}]},{\"@type\":\"ImageObject\",\"inLanguage\":\"es\",\"@id\":\"https:\/\/wild-palms.com\/es\/santiago-castano\/#primaryimage\",\"url\":\"https:\/\/wild-palms.com\/es\/wp-content\/uploads\/sites\/3\/2018\/02\/IMG_5006.png\",\"contentUrl\":\"https:\/\/wild-palms.com\/es\/wp-content\/uploads\/sites\/3\/2018\/02\/IMG_5006.png\",\"width\":962,\"height\":534},{\"@type\":\"BreadcrumbList\",\"@id\":\"https:\/\/wild-palms.com\/es\/santiago-castano\/#breadcrumb\",\"itemListElement\":[{\"@type\":\"ListItem\",\"position\":1,\"name\":\"Home\",\"item\":\"http:\/\/wild-palms.com\/es\/\"},{\"@type\":\"ListItem\",\"position\":2,\"name\":\"SANTIAGO CASTANO\"}]},{\"@type\":\"WebSite\",\"@id\":\"http:\/\/wild-palms.com\/es\/#website\",\"url\":\"http:\/\/wild-palms.com\/es\/\",\"name\":\"wildpalms ES\",\"description\":\"\",\"publisher\":{\"@id\":\"http:\/\/wild-palms.com\/es\/#organization\"},\"potentialAction\":[{\"@type\":\"SearchAction\",\"target\":{\"@type\":\"EntryPoint\",\"urlTemplate\":\"http:\/\/wild-palms.com\/es\/?s={search_term_string}\"},\"query-input\":{\"@type\":\"PropertyValueSpecification\",\"valueRequired\":true,\"valueName\":\"search_term_string\"}}],\"inLanguage\":\"es\"},{\"@type\":\"Organization\",\"@id\":\"http:\/\/wild-palms.com\/es\/#organization\",\"name\":\"wildpalms ES\",\"url\":\"http:\/\/wild-palms.com\/es\/\",\"logo\":{\"@type\":\"ImageObject\",\"inLanguage\":\"es\",\"@id\":\"http:\/\/wild-palms.com\/es\/#\/schema\/logo\/image\/\",\"url\":\"https:\/\/wild-palms.com\/es\/wp-content\/uploads\/sites\/3\/2023\/03\/cropped-wildpalms_logo_ths.png\",\"contentUrl\":\"https:\/\/wild-palms.com\/es\/wp-content\/uploads\/sites\/3\/2023\/03\/cropped-wildpalms_logo_ths.png\",\"width\":1200,\"height\":197,\"caption\":\"wildpalms ES\"},\"image\":{\"@id\":\"http:\/\/wild-palms.com\/es\/#\/schema\/logo\/image\/\"}}]}<\/script>\n<!-- \/ Yoast SEO plugin. -->","yoast_head_json":{"title":"SANTIAGO CASTANO - wildpalms ES","robots":{"index":"index","follow":"follow","max-snippet":"max-snippet:-1","max-image-preview":"max-image-preview:large","max-video-preview":"max-video-preview:-1"},"canonical":"https:\/\/wild-palms.com\/es\/santiago-castano\/","og_locale":"es_ES","og_type":"article","og_title":"SANTIAGO CASTANO - wildpalms ES","og_description":"www.santiagocastano.com para m\u00e1s informaci\u00f3n contacte a: info@wild-palms.com \u00a0 \u00a0","og_url":"https:\/\/wild-palms.com\/es\/santiago-castano\/","og_site_name":"wildpalms ES","article_modified_time":"2023-12-10T17:51:19+00:00","og_image":[{"url":"http:\/\/wild-palms.com\/es\/wp-content\/uploads\/sites\/3\/2018\/02\/IMG_5006.png","type":"","width":"","height":""}],"twitter_card":"summary_large_image","twitter_misc":{"Est. reading time":"2 minutes"},"schema":{"@context":"https:\/\/schema.org","@graph":[{"@type":"WebPage","@id":"https:\/\/wild-palms.com\/es\/santiago-castano\/","url":"https:\/\/wild-palms.com\/es\/santiago-castano\/","name":"SANTIAGO CASTANO - wildpalms ES","isPartOf":{"@id":"http:\/\/wild-palms.com\/es\/#website"},"primaryImageOfPage":{"@id":"https:\/\/wild-palms.com\/es\/santiago-castano\/#primaryimage"},"image":{"@id":"https:\/\/wild-palms.com\/es\/santiago-castano\/#primaryimage"},"thumbnailUrl":"http:\/\/wild-palms.com\/es\/wp-content\/uploads\/sites\/3\/2018\/02\/IMG_5006.png","datePublished":"2018-04-10T14:00:00+00:00","dateModified":"2023-12-10T17:51:19+00:00","breadcrumb":{"@id":"https:\/\/wild-palms.com\/es\/santiago-castano\/#breadcrumb"},"inLanguage":"es","potentialAction":[{"@type":"ReadAction","target":["https:\/\/wild-palms.com\/es\/santiago-castano\/"]}]},{"@type":"ImageObject","inLanguage":"es","@id":"https:\/\/wild-palms.com\/es\/santiago-castano\/#primaryimage","url":"https:\/\/wild-palms.com\/es\/wp-content\/uploads\/sites\/3\/2018\/02\/IMG_5006.png","contentUrl":"https:\/\/wild-palms.com\/es\/wp-content\/uploads\/sites\/3\/2018\/02\/IMG_5006.png","width":962,"height":534},{"@type":"BreadcrumbList","@id":"https:\/\/wild-palms.com\/es\/santiago-castano\/#breadcrumb","itemListElement":[{"@type":"ListItem","position":1,"name":"Home","item":"http:\/\/wild-palms.com\/es\/"},{"@type":"ListItem","position":2,"name":"SANTIAGO CASTANO"}]},{"@type":"WebSite","@id":"http:\/\/wild-palms.com\/es\/#website","url":"http:\/\/wild-palms.com\/es\/","name":"wildpalms ES","description":"","publisher":{"@id":"http:\/\/wild-palms.com\/es\/#organization"},"potentialAction":[{"@type":"SearchAction","target":{"@type":"EntryPoint","urlTemplate":"http:\/\/wild-palms.com\/es\/?s={search_term_string}"},"query-input":{"@type":"PropertyValueSpecification","valueRequired":true,"valueName":"search_term_string"}}],"inLanguage":"es"},{"@type":"Organization","@id":"http:\/\/wild-palms.com\/es\/#organization","name":"wildpalms ES","url":"http:\/\/wild-palms.com\/es\/","logo":{"@type":"ImageObject","inLanguage":"es","@id":"http:\/\/wild-palms.com\/es\/#\/schema\/logo\/image\/","url":"https:\/\/wild-palms.com\/es\/wp-content\/uploads\/sites\/3\/2023\/03\/cropped-wildpalms_logo_ths.png","contentUrl":"https:\/\/wild-palms.com\/es\/wp-content\/uploads\/sites\/3\/2023\/03\/cropped-wildpalms_logo_ths.png","width":1200,"height":197,"caption":"wildpalms ES"},"image":{"@id":"http:\/\/wild-palms.com\/es\/#\/schema\/logo\/image\/"}}]}},"_links":{"self":[{"href":"https:\/\/wild-palms.com\/es\/wp-json\/wp\/v2\/pages\/1608","targetHints":{"allow":["GET"]}}],"collection":[{"href":"https:\/\/wild-palms.com\/es\/wp-json\/wp\/v2\/pages"}],"about":[{"href":"https:\/\/wild-palms.com\/es\/wp-json\/wp\/v2\/types\/page"}],"author":[{"embeddable":true,"href":"https:\/\/wild-palms.com\/es\/wp-json\/wp\/v2\/users\/1"}],"replies":[{"embeddable":true,"href":"https:\/\/wild-palms.com\/es\/wp-json\/wp\/v2\/comments?post=1608"}],"version-history":[{"count":9,"href":"https:\/\/wild-palms.com\/es\/wp-json\/wp\/v2\/pages\/1608\/revisions"}],"predecessor-version":[{"id":8369,"href":"https:\/\/wild-palms.com\/es\/wp-json\/wp\/v2\/pages\/1608\/revisions\/8369"}],"wp:attachment":[{"href":"https:\/\/wild-palms.com\/es\/wp-json\/wp\/v2\/media?parent=1608"}],"curies":[{"name":"wp","href":"https:\/\/api.w.org\/{rel}","templated":true}]}}