{"id":10163,"date":"2026-02-28T22:15:05","date_gmt":"2026-02-28T21:15:05","guid":{"rendered":"https:\/\/wild-palms.com\/?page_id=10163"},"modified":"2026-03-13T23:28:39","modified_gmt":"2026-03-13T22:28:39","slug":"art-rotterdam-2026","status":"publish","type":"page","link":"https:\/\/wild-palms.com\/es\/art-rotterdam-2026\/","title":{"rendered":"Art Rotterdam 2026"},"content":{"rendered":"\n<p class=\"has-text-align-center\"><strong>Art Rotterdam 2026 Booth K6<\/strong><\/p>\n\n\n\n<div class=\"wp-block-media-text is-stacked-on-mobile\"><figure class=\"wp-block-media-text__media\"><a href=\"https:\/\/www.artrotterdam.com\"><img decoding=\"async\" src=\"https:\/\/wild-palms.com\/es\/wp-content\/uploads\/2026\/02\/Art-R-2026-logo-03-grijs.webp\" alt=\"Andreas Steinbrecher Art Rotterdam\" class=\"wp-image-10164 size-full\"\/><\/a><\/figure><div class=\"wp-block-media-text__content\">\n<p>Marzo 27 a  Marzo 29<\/p>\n\n\n\n<p><strong>D\u00eda VIP. Marzo 26<\/strong><\/p>\n\n\n\n<p>Ahoyweg 10, 3084 BA Rotterdam, Paises Bajos<\/p>\n<\/div><\/div>\n\n\n\n<p style=\"font-size:14px\">Para esta edici\u00f3n de Art Rotterdam, presentamos nuevas obras de <a href=\"https:\/\/wild-palms.com\/es\/andreas-steinbrecher\/\">Andreas Steinbrecher <\/a>(nacido en Kazajist\u00e1n), todas producidas en 2025. Este conjunto de trabajos marca un desplazamiento desde el antiguo trazo continuo hacia un nuevo trazo que opera expl\u00edcitamente en el nivel h\u00e1ptico.<\/p>\n\n\n\n<p style=\"font-size:14px\">Steinbrecher examina c\u00f3mo se comporta la pintura cuando el movimiento modifica la presi\u00f3n, el arrastre y la resistencia sobre la superficie. El trazo deja de ser una secuencia regida por una norma; se convierte en una acci\u00f3n sentida \u2014 una negociaci\u00f3n entre herramienta, mano y soporte. En este campo t\u00e1ctil, oposiciones como m\u00e1quina y cuerpo, metal duro y carne blanda, aparecen no como s\u00edmbolos, sino como texturas, fricciones y pesos.<\/p>\n\n\n\n<p style=\"font-size:14px\">Las obras se despliegan como una indagaci\u00f3n sobre lo que la pintura todav\u00eda puede hacer a trav\u00e9s del tacto: registrar fuerza, ritmo y contacto material \u2014 manteniendo al mismo tiempo un sentido del humor preciso y sutil.<\/p>\n\n\n\n<p class=\"has-text-align-center\"><a href=\"https:\/\/wild-palms.com\/wp-content\/uploads\/2026\/03\/ArtRotterdam_compressed.pdf\">Obra Disponible<\/a><\/p>\n\n\n\n<figure class=\"wp-block-image size-large\"><a href=\"https:\/\/wild-palms.com\/es\/wp-content\/uploads\/2026\/02\/250829_Andreas_Steinbrecher_Tremur_200x140cm_2-scaled.webp\" data-rel=\"lightbox-image-0\" data-rl_title=\"\" data-rl_caption=\"\" title=\"\"><img decoding=\"async\" src=\"https:\/\/wild-palms.com\/es\/wp-content\/uploads\/2026\/02\/250829_Andreas_Steinbrecher_Tremur_200x140cm_2-744x1024.webp\" alt=\"wildpalms Art Rotterdam. German Painting, D\u00fcsseldorf Art Academy\" class=\"wp-image-10165\"\/><\/a><figcaption class=\"wp-element-caption\">Femur. Oleo en lienzo. 200 x 140 cm. 2025<\/figcaption><\/figure>\n","protected":false},"excerpt":{"rendered":"<p>Art Rotterdam 2026 Booth K6 Marzo 27 a Marzo 29 D\u00eda VIP. Marzo 26 Ahoyweg 10, 3084 BA Rotterdam, Paises Bajos Para esta edici\u00f3n de Art Rotterdam, presentamos nuevas obras de Andreas Steinbrecher (nacido en Kazajist\u00e1n), todas producidas en 2025. Este conjunto de trabajos marca un desplazamiento desde el antiguo trazo continuo hacia un nuevo [&hellip;]<\/p>\n","protected":false},"author":1,"featured_media":0,"parent":0,"menu_order":0,"comment_status":"closed","ping_status":"closed","template":"","meta":{"_coblocks_attr":"","_coblocks_dimensions":"","_coblocks_responsive_height":"","_coblocks_accordion_ie_support":"","hide_page_title":"","footnotes":""},"class_list":["post-10163","page","type-page","status-publish","hentry"],"yoast_head":"<!-- This site is optimized with the Yoast SEO plugin v27.0 - https:\/\/yoast.com\/product\/yoast-seo-wordpress\/ -->\n<title>Art Rotterdam 2026 - wildpalms ES<\/title>\n<meta name=\"description\" content=\"Art Rotterdam 2026. Marzo 26 a 29. Presentaci\u00f3n monogr\u00e1fica de Andreas Steinbrecher curada por Alexandra Meffert y Jorge Sanguino\" \/>\n<meta name=\"robots\" content=\"index, follow, max-snippet:-1, max-image-preview:large, max-video-preview:-1\" \/>\n<link rel=\"canonical\" href=\"https:\/\/wild-palms.com\/es\/art-rotterdam-2026\/\" \/>\n<meta property=\"og:locale\" content=\"es_ES\" \/>\n<meta property=\"og:type\" content=\"article\" \/>\n<meta property=\"og:title\" content=\"Art Rotterdam 2026 - wildpalms ES\" \/>\n<meta property=\"og:description\" content=\"Art Rotterdam 2026. Marzo 26 a 29. Presentaci\u00f3n monogr\u00e1fica de Andreas Steinbrecher curada por Alexandra Meffert y Jorge Sanguino\" \/>\n<meta property=\"og:url\" content=\"https:\/\/wild-palms.com\/es\/art-rotterdam-2026\/\" \/>\n<meta property=\"og:site_name\" content=\"wildpalms ES\" \/>\n<meta property=\"article:modified_time\" content=\"2026-03-13T22:28:39+00:00\" \/>\n<meta property=\"og:image\" content=\"https:\/\/wild-palms.com\/es\/wp-content\/uploads\/2026\/02\/Art-R-2026-logo-03-grijs.webp\" \/>\n<meta name=\"twitter:card\" content=\"summary_large_image\" \/>\n<meta name=\"twitter:label1\" content=\"Est. reading time\" \/>\n\t<meta name=\"twitter:data1\" content=\"2 minutes\" \/>\n<script type=\"application\/ld+json\" class=\"yoast-schema-graph\">{\"@context\":\"https:\/\/schema.org\",\"@graph\":[{\"@type\":\"WebPage\",\"@id\":\"https:\/\/wild-palms.com\/es\/art-rotterdam-2026\/\",\"url\":\"https:\/\/wild-palms.com\/es\/art-rotterdam-2026\/\",\"name\":\"Art Rotterdam 2026 - wildpalms ES\",\"isPartOf\":{\"@id\":\"https:\/\/wild-palms.com\/es\/#website\"},\"primaryImageOfPage\":{\"@id\":\"https:\/\/wild-palms.com\/es\/art-rotterdam-2026\/#primaryimage\"},\"image\":{\"@id\":\"https:\/\/wild-palms.com\/es\/art-rotterdam-2026\/#primaryimage\"},\"thumbnailUrl\":\"https:\/\/wild-palms.com\/es\/wp-content\/uploads\/2026\/02\/Art-R-2026-logo-03-grijs.webp\",\"datePublished\":\"2026-02-28T21:15:05+00:00\",\"dateModified\":\"2026-03-13T22:28:39+00:00\",\"description\":\"Art Rotterdam 2026. Marzo 26 a 29. Presentaci\u00f3n monogr\u00e1fica de Andreas Steinbrecher curada por Alexandra Meffert y Jorge Sanguino\",\"breadcrumb\":{\"@id\":\"https:\/\/wild-palms.com\/es\/art-rotterdam-2026\/#breadcrumb\"},\"inLanguage\":\"es\",\"potentialAction\":[{\"@type\":\"ReadAction\",\"target\":[\"https:\/\/wild-palms.com\/es\/art-rotterdam-2026\/\"]}]},{\"@type\":\"ImageObject\",\"inLanguage\":\"es\",\"@id\":\"https:\/\/wild-palms.com\/es\/art-rotterdam-2026\/#primaryimage\",\"url\":\"\",\"contentUrl\":\"\"},{\"@type\":\"BreadcrumbList\",\"@id\":\"https:\/\/wild-palms.com\/es\/art-rotterdam-2026\/#breadcrumb\",\"itemListElement\":[{\"@type\":\"ListItem\",\"position\":1,\"name\":\"Home\",\"item\":\"https:\/\/wild-palms.com\/es\/\"},{\"@type\":\"ListItem\",\"position\":2,\"name\":\"Art Rotterdam 2026\"}]},{\"@type\":\"WebSite\",\"@id\":\"https:\/\/wild-palms.com\/es\/#website\",\"url\":\"https:\/\/wild-palms.com\/es\/\",\"name\":\"wildpalms ES\",\"description\":\"\",\"publisher\":{\"@id\":\"https:\/\/wild-palms.com\/es\/#organization\"},\"potentialAction\":[{\"@type\":\"SearchAction\",\"target\":{\"@type\":\"EntryPoint\",\"urlTemplate\":\"https:\/\/wild-palms.com\/es\/?s={search_term_string}\"},\"query-input\":{\"@type\":\"PropertyValueSpecification\",\"valueRequired\":true,\"valueName\":\"search_term_string\"}}],\"inLanguage\":\"es\"},{\"@type\":\"Organization\",\"@id\":\"https:\/\/wild-palms.com\/es\/#organization\",\"name\":\"wildpalms ES\",\"url\":\"https:\/\/wild-palms.com\/es\/\",\"logo\":{\"@type\":\"ImageObject\",\"inLanguage\":\"es\",\"@id\":\"https:\/\/wild-palms.com\/es\/#\/schema\/logo\/image\/\",\"url\":\"https:\/\/wild-palms.com\/es\/wp-content\/uploads\/sites\/3\/2023\/03\/cropped-wildpalms_logo_ths.png\",\"contentUrl\":\"https:\/\/wild-palms.com\/es\/wp-content\/uploads\/sites\/3\/2023\/03\/cropped-wildpalms_logo_ths.png\",\"width\":1200,\"height\":197,\"caption\":\"wildpalms ES\"},\"image\":{\"@id\":\"https:\/\/wild-palms.com\/es\/#\/schema\/logo\/image\/\"}}]}<\/script>\n<!-- \/ Yoast SEO plugin. -->","yoast_head_json":{"title":"Art Rotterdam 2026 - wildpalms ES","description":"Art Rotterdam 2026. Marzo 26 a 29. Presentaci\u00f3n monogr\u00e1fica de Andreas Steinbrecher curada por Alexandra Meffert y Jorge Sanguino","robots":{"index":"index","follow":"follow","max-snippet":"max-snippet:-1","max-image-preview":"max-image-preview:large","max-video-preview":"max-video-preview:-1"},"canonical":"https:\/\/wild-palms.com\/es\/art-rotterdam-2026\/","og_locale":"es_ES","og_type":"article","og_title":"Art Rotterdam 2026 - wildpalms ES","og_description":"Art Rotterdam 2026. Marzo 26 a 29. Presentaci\u00f3n monogr\u00e1fica de Andreas Steinbrecher curada por Alexandra Meffert y Jorge Sanguino","og_url":"https:\/\/wild-palms.com\/es\/art-rotterdam-2026\/","og_site_name":"wildpalms ES","article_modified_time":"2026-03-13T22:28:39+00:00","og_image":[{"url":"https:\/\/wild-palms.com\/es\/wp-content\/uploads\/2026\/02\/Art-R-2026-logo-03-grijs.webp","type":"","width":"","height":""}],"twitter_card":"summary_large_image","twitter_misc":{"Est. reading time":"2 minutes"},"schema":{"@context":"https:\/\/schema.org","@graph":[{"@type":"WebPage","@id":"https:\/\/wild-palms.com\/es\/art-rotterdam-2026\/","url":"https:\/\/wild-palms.com\/es\/art-rotterdam-2026\/","name":"Art Rotterdam 2026 - wildpalms ES","isPartOf":{"@id":"https:\/\/wild-palms.com\/es\/#website"},"primaryImageOfPage":{"@id":"https:\/\/wild-palms.com\/es\/art-rotterdam-2026\/#primaryimage"},"image":{"@id":"https:\/\/wild-palms.com\/es\/art-rotterdam-2026\/#primaryimage"},"thumbnailUrl":"https:\/\/wild-palms.com\/es\/wp-content\/uploads\/2026\/02\/Art-R-2026-logo-03-grijs.webp","datePublished":"2026-02-28T21:15:05+00:00","dateModified":"2026-03-13T22:28:39+00:00","description":"Art Rotterdam 2026. Marzo 26 a 29. Presentaci\u00f3n monogr\u00e1fica de Andreas Steinbrecher curada por Alexandra Meffert y Jorge Sanguino","breadcrumb":{"@id":"https:\/\/wild-palms.com\/es\/art-rotterdam-2026\/#breadcrumb"},"inLanguage":"es","potentialAction":[{"@type":"ReadAction","target":["https:\/\/wild-palms.com\/es\/art-rotterdam-2026\/"]}]},{"@type":"ImageObject","inLanguage":"es","@id":"https:\/\/wild-palms.com\/es\/art-rotterdam-2026\/#primaryimage","url":"","contentUrl":""},{"@type":"BreadcrumbList","@id":"https:\/\/wild-palms.com\/es\/art-rotterdam-2026\/#breadcrumb","itemListElement":[{"@type":"ListItem","position":1,"name":"Home","item":"https:\/\/wild-palms.com\/es\/"},{"@type":"ListItem","position":2,"name":"Art Rotterdam 2026"}]},{"@type":"WebSite","@id":"https:\/\/wild-palms.com\/es\/#website","url":"https:\/\/wild-palms.com\/es\/","name":"wildpalms ES","description":"","publisher":{"@id":"https:\/\/wild-palms.com\/es\/#organization"},"potentialAction":[{"@type":"SearchAction","target":{"@type":"EntryPoint","urlTemplate":"https:\/\/wild-palms.com\/es\/?s={search_term_string}"},"query-input":{"@type":"PropertyValueSpecification","valueRequired":true,"valueName":"search_term_string"}}],"inLanguage":"es"},{"@type":"Organization","@id":"https:\/\/wild-palms.com\/es\/#organization","name":"wildpalms ES","url":"https:\/\/wild-palms.com\/es\/","logo":{"@type":"ImageObject","inLanguage":"es","@id":"https:\/\/wild-palms.com\/es\/#\/schema\/logo\/image\/","url":"https:\/\/wild-palms.com\/es\/wp-content\/uploads\/sites\/3\/2023\/03\/cropped-wildpalms_logo_ths.png","contentUrl":"https:\/\/wild-palms.com\/es\/wp-content\/uploads\/sites\/3\/2023\/03\/cropped-wildpalms_logo_ths.png","width":1200,"height":197,"caption":"wildpalms ES"},"image":{"@id":"https:\/\/wild-palms.com\/es\/#\/schema\/logo\/image\/"}}]}},"_links":{"self":[{"href":"https:\/\/wild-palms.com\/es\/wp-json\/wp\/v2\/pages\/10163","targetHints":{"allow":["GET"]}}],"collection":[{"href":"https:\/\/wild-palms.com\/es\/wp-json\/wp\/v2\/pages"}],"about":[{"href":"https:\/\/wild-palms.com\/es\/wp-json\/wp\/v2\/types\/page"}],"author":[{"embeddable":true,"href":"https:\/\/wild-palms.com\/es\/wp-json\/wp\/v2\/users\/1"}],"replies":[{"embeddable":true,"href":"https:\/\/wild-palms.com\/es\/wp-json\/wp\/v2\/comments?post=10163"}],"version-history":[{"count":4,"href":"https:\/\/wild-palms.com\/es\/wp-json\/wp\/v2\/pages\/10163\/revisions"}],"predecessor-version":[{"id":10198,"href":"https:\/\/wild-palms.com\/es\/wp-json\/wp\/v2\/pages\/10163\/revisions\/10198"}],"wp:attachment":[{"href":"https:\/\/wild-palms.com\/es\/wp-json\/wp\/v2\/media?parent=10163"}],"curies":[{"name":"wp","href":"https:\/\/api.w.org\/{rel}","templated":true}]}}