{"id":10100,"date":"2025-12-07T17:24:02","date_gmt":"2025-12-07T16:24:02","guid":{"rendered":"https:\/\/wild-palms.com\/?page_id=10100"},"modified":"2026-02-19T11:52:39","modified_gmt":"2026-02-19T10:52:39","slug":"asef-burckahrdt-mother-burn","status":"publish","type":"page","link":"https:\/\/wild-palms.com\/es\/asef-burckahrdt-mother-burn\/","title":{"rendered":"Asef\/Burckahrdt: MOTHER-BURN"},"content":{"rendered":"\n<h3 class=\"wp-block-heading\">Asef\/Burckhardt: MOTHER-BURN<\/h3>\n\n\n\n<div class=\"wp-block-media-text is-stacked-on-mobile\"><figure class=\"wp-block-media-text__media\"><img decoding=\"async\" src=\"https:\/\/wild-palms.com\/es\/wp-content\/uploads\/2025\/12\/mother_burn_plakatt-819x1024.webp\" alt=\"Asef\/Burckhardt exhibition in wildpalms\" class=\"wp-image-10102 size-full\"\/><\/figure><div class=\"wp-block-media-text__content\">\n<p>Asef\/Burckhardt<\/p>\n\n\n\n<p>MOTHER BURN<\/p>\n\n\n\n<p>Dic. 11 al 21 de Feb.<\/p>\n<\/div><\/div>\n\n\n\n<p style=\"font-size:14px\">\u00abMOTHER-BURN\u00bb es el segundo v\u00eddeo de una trilog\u00eda de la pareja de artistas&nbsp;<a href=\"https:\/\/wild-palms.com\/es\/mario-asef\/\">Asef<\/a>\u2011Burckhardt. Se rod\u00f3 in situ, en los restos quemados de un bosque de secuoyas del proyecto arquitect\u00f3nico ecol\u00f3gico vanguardista \u00abThe Sea Ranch\u00bb, en el norte de California. Bas\u00e1ndose en largos periodos de investigaci\u00f3n en ese lugar, Asef-Burckhardt presenta sus v\u00eddeos, dibujos, pinturas, performances, piezas sonoras, fotograf\u00edas y poemas creados in situ y en Berl\u00edn. Su proyecto, compuesto por obras multimedia, est\u00e1 en continua expansi\u00f3n y se muestra en diferentes escenarios en salas de exposici\u00f3n internacionales.<\/p>\n\n\n\n<p style=\"font-size:14px\">En el agudo contexto de la crisis medioambiental global, se plantean nuevas cuestiones antropol\u00f3gicas como \u00ab\u00bfQu\u00e9 debe conectar la arquitectura hoy en d\u00eda?\u00bb y \u00ab\u00bfQu\u00e9 debe lograr el amor hoy en d\u00eda?\u00bb, que se exploran art\u00edsticamente en estrecha relaci\u00f3n con la topograf\u00eda real de The Sea Ranch. Situado al norte de San Francisco, The Sea Ranch es una franja costera de aproximadamente 16 kil\u00f3metros con edificios residenciales agrupados e integrados en los escarpados acantilados del Pac\u00edfico. Los fuertes vientos salinos del mar, las rocas escarpadas de arena fina y los antiguos bosques de secuoyas caracterizan el paisaje de este lugar. El plan maestro de Sea Ranch fue desarrollado en la d\u00e9cada de 1960 por el arquitecto paisajista Lawrence Halprin para Oceanic Properties, una filial del grupo Dole\/Castle &amp; Cooke, despu\u00e9s de que su vicepresidente, Al Boeke, descubriera y adquiriera el antiguo rancho y encargara el proyecto a Halprin junto con el equipo de arquitectos MLTW (Richard Whitaker, Donlyn Lyndon, Charles Moore y William Turnbull).<\/p>\n\n\n\n<figure class=\"wp-block-image size-large\"><a href=\"https:\/\/wild-palms.com\/es\/wp-content\/uploads\/sites\/3\/2026\/02\/DSC06556-sm.webp\" data-rel=\"lightbox-image-0\" data-rl_title=\"\" data-rl_caption=\"\" title=\"\"><img loading=\"lazy\" decoding=\"async\" width=\"1024\" height=\"538\" src=\"https:\/\/wild-palms.com\/es\/wp-content\/uploads\/sites\/3\/2026\/02\/DSC06556-sm-1024x538.webp\" alt=\"\" class=\"wp-image-10130\" srcset=\"https:\/\/wild-palms.com\/es\/wp-content\/uploads\/sites\/3\/2026\/02\/DSC06556-sm-1024x538.webp 1024w, https:\/\/wild-palms.com\/es\/wp-content\/uploads\/sites\/3\/2026\/02\/DSC06556-sm-300x158.webp 300w, https:\/\/wild-palms.com\/es\/wp-content\/uploads\/sites\/3\/2026\/02\/DSC06556-sm-768x403.webp 768w, https:\/\/wild-palms.com\/es\/wp-content\/uploads\/sites\/3\/2026\/02\/DSC06556-sm-1536x806.webp 1536w, https:\/\/wild-palms.com\/es\/wp-content\/uploads\/sites\/3\/2026\/02\/DSC06556-sm.webp 1920w\" sizes=\"auto, (max-width: 1024px) 100vw, 1024px\" \/><\/a><\/figure>\n\n\n\n<p style=\"font-size:14px\">A finales de la d\u00e9cada de 1960, Lawrence y Anna Halprin organizaron \u00abExperiments in Environment\u00bb (Experimentos en el medio ambiente), una serie de talleres interdisciplinarios celebrados en San Francisco, el condado de Marin y, en parte, en su caba\u00f1a de Sea Ranch, que reunieron a bailarines, arquitectos y dise\u00f1adores medioambientales para explorar la creatividad colectiva y la conciencia medioambiental, en lugar de centrarse \u00fanicamente en la comunidad local de Sea Ranch. Desde entonces, la finca ha seguido creciendo, pero su importancia internacional radica, en primer lugar, en su experimento pionero de integraci\u00f3n de la arquitectura y el paisaje y, en segundo lugar, en las intensas batallas legales y pol\u00edticas sobre el acceso p\u00fablico y la protecci\u00f3n del medio ambiente que contribuyeron a dar forma a la Ley de Conservaci\u00f3n de la Zona Costera de California de 1972 y al trabajo de la Comisi\u00f3n Costera de California.<\/p>\n\n\n\n<figure class=\"wp-block-gallery has-nested-images columns-default is-cropped wp-block-gallery-1 is-layout-flex wp-block-gallery-is-layout-flex\">\n<figure class=\"wp-block-image size-large\"><a href=\"https:\/\/wild-palms.com\/es\/wp-content\/uploads\/sites\/3\/2026\/02\/Asef_Burckhardt_Mother_Burn_Artist_Duo_1.webp\" data-rel=\"lightbox-image-1\" data-rl_title=\"\" data-rl_caption=\"\" title=\"\"><img loading=\"lazy\" decoding=\"async\" width=\"1024\" height=\"576\" data-id=\"10134\" src=\"https:\/\/wild-palms.com\/es\/wp-content\/uploads\/sites\/3\/2026\/02\/Asef_Burckhardt_Mother_Burn_Artist_Duo_1-1024x576.webp\" alt=\"\" class=\"wp-image-10134\" srcset=\"https:\/\/wild-palms.com\/es\/wp-content\/uploads\/sites\/3\/2026\/02\/Asef_Burckhardt_Mother_Burn_Artist_Duo_1-1024x576.webp 1024w, https:\/\/wild-palms.com\/es\/wp-content\/uploads\/sites\/3\/2026\/02\/Asef_Burckhardt_Mother_Burn_Artist_Duo_1-300x169.webp 300w, https:\/\/wild-palms.com\/es\/wp-content\/uploads\/sites\/3\/2026\/02\/Asef_Burckhardt_Mother_Burn_Artist_Duo_1-768x432.webp 768w, https:\/\/wild-palms.com\/es\/wp-content\/uploads\/sites\/3\/2026\/02\/Asef_Burckhardt_Mother_Burn_Artist_Duo_1-1536x864.webp 1536w, https:\/\/wild-palms.com\/es\/wp-content\/uploads\/sites\/3\/2026\/02\/Asef_Burckhardt_Mother_Burn_Artist_Duo_1.webp 1919w\" sizes=\"auto, (max-width: 1024px) 100vw, 1024px\" \/><\/a><\/figure>\n\n\n\n<figure class=\"wp-block-image size-large\"><a href=\"https:\/\/wild-palms.com\/es\/wp-content\/uploads\/sites\/3\/2026\/02\/Asef_Burckhardt_Mother_Burn_Artist_Duo_2.webp\" data-rel=\"lightbox-image-2\" data-rl_title=\"\" data-rl_caption=\"\" title=\"\"><img loading=\"lazy\" decoding=\"async\" width=\"1024\" height=\"576\" data-id=\"10135\" src=\"https:\/\/wild-palms.com\/es\/wp-content\/uploads\/sites\/3\/2026\/02\/Asef_Burckhardt_Mother_Burn_Artist_Duo_2-1024x576.webp\" alt=\"\" class=\"wp-image-10135\" srcset=\"https:\/\/wild-palms.com\/es\/wp-content\/uploads\/sites\/3\/2026\/02\/Asef_Burckhardt_Mother_Burn_Artist_Duo_2-1024x576.webp 1024w, https:\/\/wild-palms.com\/es\/wp-content\/uploads\/sites\/3\/2026\/02\/Asef_Burckhardt_Mother_Burn_Artist_Duo_2-300x169.webp 300w, https:\/\/wild-palms.com\/es\/wp-content\/uploads\/sites\/3\/2026\/02\/Asef_Burckhardt_Mother_Burn_Artist_Duo_2-768x432.webp 768w, https:\/\/wild-palms.com\/es\/wp-content\/uploads\/sites\/3\/2026\/02\/Asef_Burckhardt_Mother_Burn_Artist_Duo_2-1536x864.webp 1536w, https:\/\/wild-palms.com\/es\/wp-content\/uploads\/sites\/3\/2026\/02\/Asef_Burckhardt_Mother_Burn_Artist_Duo_2.webp 1919w\" sizes=\"auto, (max-width: 1024px) 100vw, 1024px\" \/><\/a><\/figure>\n\n\n\n<figure class=\"wp-block-image size-large\"><a href=\"https:\/\/wild-palms.com\/es\/wp-content\/uploads\/sites\/3\/2026\/02\/Asef_Burckhardt_Mother_Burn_Artist_Duo_3.webp\" data-rel=\"lightbox-image-3\" data-rl_title=\"\" data-rl_caption=\"\" title=\"\"><img loading=\"lazy\" decoding=\"async\" width=\"1024\" height=\"597\" data-id=\"10133\" src=\"https:\/\/wild-palms.com\/es\/wp-content\/uploads\/sites\/3\/2026\/02\/Asef_Burckhardt_Mother_Burn_Artist_Duo_3-1024x597.webp\" alt=\"\" class=\"wp-image-10133\" srcset=\"https:\/\/wild-palms.com\/es\/wp-content\/uploads\/sites\/3\/2026\/02\/Asef_Burckhardt_Mother_Burn_Artist_Duo_3-1024x597.webp 1024w, https:\/\/wild-palms.com\/es\/wp-content\/uploads\/sites\/3\/2026\/02\/Asef_Burckhardt_Mother_Burn_Artist_Duo_3-300x175.webp 300w, https:\/\/wild-palms.com\/es\/wp-content\/uploads\/sites\/3\/2026\/02\/Asef_Burckhardt_Mother_Burn_Artist_Duo_3-768x448.webp 768w, https:\/\/wild-palms.com\/es\/wp-content\/uploads\/sites\/3\/2026\/02\/Asef_Burckhardt_Mother_Burn_Artist_Duo_3-1536x896.webp 1536w, https:\/\/wild-palms.com\/es\/wp-content\/uploads\/sites\/3\/2026\/02\/Asef_Burckhardt_Mother_Burn_Artist_Duo_3.webp 1852w\" sizes=\"auto, (max-width: 1024px) 100vw, 1024px\" \/><\/a><\/figure>\n\n\n\n<figure class=\"wp-block-image size-large\"><a href=\"https:\/\/wild-palms.com\/es\/wp-content\/uploads\/sites\/3\/2026\/02\/Asef_Burckhardt_Mother_Burn_Artist_Duo_6.webp\" data-rel=\"lightbox-image-4\" data-rl_title=\"\" data-rl_caption=\"\" title=\"\"><img loading=\"lazy\" decoding=\"async\" width=\"1024\" height=\"769\" data-id=\"10136\" src=\"https:\/\/wild-palms.com\/es\/wp-content\/uploads\/sites\/3\/2026\/02\/Asef_Burckhardt_Mother_Burn_Artist_Duo_6-1024x769.webp\" alt=\"\" class=\"wp-image-10136\" srcset=\"https:\/\/wild-palms.com\/es\/wp-content\/uploads\/sites\/3\/2026\/02\/Asef_Burckhardt_Mother_Burn_Artist_Duo_6-1024x769.webp 1024w, https:\/\/wild-palms.com\/es\/wp-content\/uploads\/sites\/3\/2026\/02\/Asef_Burckhardt_Mother_Burn_Artist_Duo_6-300x225.webp 300w, https:\/\/wild-palms.com\/es\/wp-content\/uploads\/sites\/3\/2026\/02\/Asef_Burckhardt_Mother_Burn_Artist_Duo_6-768x577.webp 768w, https:\/\/wild-palms.com\/es\/wp-content\/uploads\/sites\/3\/2026\/02\/Asef_Burckhardt_Mother_Burn_Artist_Duo_6.webp 1438w\" sizes=\"auto, (max-width: 1024px) 100vw, 1024px\" \/><\/a><\/figure>\n\n\n\n<figure class=\"wp-block-image size-large\"><a href=\"https:\/\/wild-palms.com\/es\/wp-content\/uploads\/sites\/3\/2026\/02\/Asef_Burckhardt_Mother_Burn_Artist_Duo_5.webp\" data-rel=\"lightbox-image-5\" data-rl_title=\"\" data-rl_caption=\"\" title=\"\"><img loading=\"lazy\" decoding=\"async\" width=\"1024\" height=\"769\" data-id=\"10131\" src=\"https:\/\/wild-palms.com\/es\/wp-content\/uploads\/sites\/3\/2026\/02\/Asef_Burckhardt_Mother_Burn_Artist_Duo_5-1024x769.webp\" alt=\"\" class=\"wp-image-10131\" srcset=\"https:\/\/wild-palms.com\/es\/wp-content\/uploads\/sites\/3\/2026\/02\/Asef_Burckhardt_Mother_Burn_Artist_Duo_5-1024x769.webp 1024w, https:\/\/wild-palms.com\/es\/wp-content\/uploads\/sites\/3\/2026\/02\/Asef_Burckhardt_Mother_Burn_Artist_Duo_5-300x225.webp 300w, https:\/\/wild-palms.com\/es\/wp-content\/uploads\/sites\/3\/2026\/02\/Asef_Burckhardt_Mother_Burn_Artist_Duo_5-768x577.webp 768w, https:\/\/wild-palms.com\/es\/wp-content\/uploads\/sites\/3\/2026\/02\/Asef_Burckhardt_Mother_Burn_Artist_Duo_5.webp 1438w\" sizes=\"auto, (max-width: 1024px) 100vw, 1024px\" \/><\/a><\/figure>\n<\/figure>\n","protected":false},"excerpt":{"rendered":"<p>Asef\/Burckhardt: MOTHER-BURN Asef\/Burckhardt MOTHER BURN Dic. 11 al 21 de Feb. \u00abMOTHER-BURN\u00bb es el segundo v\u00eddeo de una trilog\u00eda de la pareja de artistas&nbsp;Asef\u2011Burckhardt. Se rod\u00f3 in situ, en los restos quemados de un bosque de secuoyas del proyecto arquitect\u00f3nico ecol\u00f3gico vanguardista \u00abThe Sea Ranch\u00bb, en el norte de California. Bas\u00e1ndose en largos periodos de [&hellip;]<\/p>\n","protected":false},"author":1,"featured_media":0,"parent":0,"menu_order":0,"comment_status":"closed","ping_status":"closed","template":"","meta":{"_coblocks_attr":"","_coblocks_dimensions":"","_coblocks_responsive_height":"","_coblocks_accordion_ie_support":"","hide_page_title":"","footnotes":""},"class_list":["post-10100","page","type-page","status-publish","hentry"],"yoast_head":"<!-- This site is optimized with the Yoast SEO plugin v27.0 - https:\/\/yoast.com\/product\/yoast-seo-wordpress\/ -->\n<title>Asef\/Burckahrdt: MOTHER-BURN - wildpalms ES<\/title>\n<meta name=\"description\" content=\"Asef\/Burckhardt Mother-Burn opening Dec. 11. The second video of the trilogy at wildpalms. Gerresheimerstarsse 33\" \/>\n<meta name=\"robots\" content=\"index, follow, max-snippet:-1, max-image-preview:large, max-video-preview:-1\" \/>\n<link rel=\"canonical\" href=\"http:\/\/wild-palms.com\/es\/asef-burckahrdt-mother-burn\/\" \/>\n<meta property=\"og:locale\" content=\"es_ES\" \/>\n<meta property=\"og:type\" content=\"article\" \/>\n<meta property=\"og:title\" content=\"Asef\/Burckahrdt: MOTHER-BURN - wildpalms ES\" \/>\n<meta property=\"og:description\" content=\"Asef\/Burckhardt Mother-Burn opening Dec. 11. The second video of the trilogy at wildpalms. Gerresheimerstarsse 33\" \/>\n<meta property=\"og:url\" content=\"http:\/\/wild-palms.com\/es\/asef-burckahrdt-mother-burn\/\" \/>\n<meta property=\"og:site_name\" content=\"wildpalms ES\" \/>\n<meta property=\"article:modified_time\" content=\"2026-02-19T10:52:39+00:00\" \/>\n<meta property=\"og:image\" content=\"https:\/\/wild-palms.com\/es\/wp-content\/uploads\/2025\/12\/mother_burn_plakatt-819x1024.webp\" \/>\n<meta name=\"twitter:card\" content=\"summary_large_image\" \/>\n<meta name=\"twitter:label1\" content=\"Est. reading time\" \/>\n\t<meta name=\"twitter:data1\" content=\"4 minutes\" \/>\n<script type=\"application\/ld+json\" class=\"yoast-schema-graph\">{\"@context\":\"https:\/\/schema.org\",\"@graph\":[{\"@type\":\"WebPage\",\"@id\":\"http:\/\/wild-palms.com\/es\/asef-burckahrdt-mother-burn\/\",\"url\":\"http:\/\/wild-palms.com\/es\/asef-burckahrdt-mother-burn\/\",\"name\":\"Asef\/Burckahrdt: MOTHER-BURN - wildpalms ES\",\"isPartOf\":{\"@id\":\"https:\/\/wild-palms.com\/es\/#website\"},\"primaryImageOfPage\":{\"@id\":\"http:\/\/wild-palms.com\/es\/asef-burckahrdt-mother-burn\/#primaryimage\"},\"image\":{\"@id\":\"http:\/\/wild-palms.com\/es\/asef-burckahrdt-mother-burn\/#primaryimage\"},\"thumbnailUrl\":\"https:\/\/wild-palms.com\/es\/wp-content\/uploads\/2025\/12\/mother_burn_plakatt-819x1024.webp\",\"datePublished\":\"2025-12-07T16:24:02+00:00\",\"dateModified\":\"2026-02-19T10:52:39+00:00\",\"description\":\"Asef\/Burckhardt Mother-Burn opening Dec. 11. The second video of the trilogy at wildpalms. Gerresheimerstarsse 33\",\"breadcrumb\":{\"@id\":\"http:\/\/wild-palms.com\/es\/asef-burckahrdt-mother-burn\/#breadcrumb\"},\"inLanguage\":\"es\",\"potentialAction\":[{\"@type\":\"ReadAction\",\"target\":[\"http:\/\/wild-palms.com\/es\/asef-burckahrdt-mother-burn\/\"]}]},{\"@type\":\"ImageObject\",\"inLanguage\":\"es\",\"@id\":\"http:\/\/wild-palms.com\/es\/asef-burckahrdt-mother-burn\/#primaryimage\",\"url\":\"\",\"contentUrl\":\"\"},{\"@type\":\"BreadcrumbList\",\"@id\":\"http:\/\/wild-palms.com\/es\/asef-burckahrdt-mother-burn\/#breadcrumb\",\"itemListElement\":[{\"@type\":\"ListItem\",\"position\":1,\"name\":\"Home\",\"item\":\"https:\/\/wild-palms.com\/es\/\"},{\"@type\":\"ListItem\",\"position\":2,\"name\":\"Asef\/Burckahrdt: MOTHER-BURN\"}]},{\"@type\":\"WebSite\",\"@id\":\"https:\/\/wild-palms.com\/es\/#website\",\"url\":\"https:\/\/wild-palms.com\/es\/\",\"name\":\"wildpalms ES\",\"description\":\"\",\"publisher\":{\"@id\":\"https:\/\/wild-palms.com\/es\/#organization\"},\"potentialAction\":[{\"@type\":\"SearchAction\",\"target\":{\"@type\":\"EntryPoint\",\"urlTemplate\":\"https:\/\/wild-palms.com\/es\/?s={search_term_string}\"},\"query-input\":{\"@type\":\"PropertyValueSpecification\",\"valueRequired\":true,\"valueName\":\"search_term_string\"}}],\"inLanguage\":\"es\"},{\"@type\":\"Organization\",\"@id\":\"https:\/\/wild-palms.com\/es\/#organization\",\"name\":\"wildpalms ES\",\"url\":\"https:\/\/wild-palms.com\/es\/\",\"logo\":{\"@type\":\"ImageObject\",\"inLanguage\":\"es\",\"@id\":\"https:\/\/wild-palms.com\/es\/#\/schema\/logo\/image\/\",\"url\":\"https:\/\/wild-palms.com\/es\/wp-content\/uploads\/sites\/3\/2023\/03\/cropped-wildpalms_logo_ths.png\",\"contentUrl\":\"https:\/\/wild-palms.com\/es\/wp-content\/uploads\/sites\/3\/2023\/03\/cropped-wildpalms_logo_ths.png\",\"width\":1200,\"height\":197,\"caption\":\"wildpalms ES\"},\"image\":{\"@id\":\"https:\/\/wild-palms.com\/es\/#\/schema\/logo\/image\/\"}}]}<\/script>\n<!-- \/ Yoast SEO plugin. -->","yoast_head_json":{"title":"Asef\/Burckahrdt: MOTHER-BURN - wildpalms ES","description":"Asef\/Burckhardt Mother-Burn opening Dec. 11. The second video of the trilogy at wildpalms. Gerresheimerstarsse 33","robots":{"index":"index","follow":"follow","max-snippet":"max-snippet:-1","max-image-preview":"max-image-preview:large","max-video-preview":"max-video-preview:-1"},"canonical":"http:\/\/wild-palms.com\/es\/asef-burckahrdt-mother-burn\/","og_locale":"es_ES","og_type":"article","og_title":"Asef\/Burckahrdt: MOTHER-BURN - wildpalms ES","og_description":"Asef\/Burckhardt Mother-Burn opening Dec. 11. The second video of the trilogy at wildpalms. Gerresheimerstarsse 33","og_url":"http:\/\/wild-palms.com\/es\/asef-burckahrdt-mother-burn\/","og_site_name":"wildpalms ES","article_modified_time":"2026-02-19T10:52:39+00:00","og_image":[{"url":"https:\/\/wild-palms.com\/es\/wp-content\/uploads\/2025\/12\/mother_burn_plakatt-819x1024.webp","type":"","width":"","height":""}],"twitter_card":"summary_large_image","twitter_misc":{"Est. reading time":"4 minutes"},"schema":{"@context":"https:\/\/schema.org","@graph":[{"@type":"WebPage","@id":"http:\/\/wild-palms.com\/es\/asef-burckahrdt-mother-burn\/","url":"http:\/\/wild-palms.com\/es\/asef-burckahrdt-mother-burn\/","name":"Asef\/Burckahrdt: MOTHER-BURN - wildpalms ES","isPartOf":{"@id":"https:\/\/wild-palms.com\/es\/#website"},"primaryImageOfPage":{"@id":"http:\/\/wild-palms.com\/es\/asef-burckahrdt-mother-burn\/#primaryimage"},"image":{"@id":"http:\/\/wild-palms.com\/es\/asef-burckahrdt-mother-burn\/#primaryimage"},"thumbnailUrl":"https:\/\/wild-palms.com\/es\/wp-content\/uploads\/2025\/12\/mother_burn_plakatt-819x1024.webp","datePublished":"2025-12-07T16:24:02+00:00","dateModified":"2026-02-19T10:52:39+00:00","description":"Asef\/Burckhardt Mother-Burn opening Dec. 11. The second video of the trilogy at wildpalms. Gerresheimerstarsse 33","breadcrumb":{"@id":"http:\/\/wild-palms.com\/es\/asef-burckahrdt-mother-burn\/#breadcrumb"},"inLanguage":"es","potentialAction":[{"@type":"ReadAction","target":["http:\/\/wild-palms.com\/es\/asef-burckahrdt-mother-burn\/"]}]},{"@type":"ImageObject","inLanguage":"es","@id":"http:\/\/wild-palms.com\/es\/asef-burckahrdt-mother-burn\/#primaryimage","url":"","contentUrl":""},{"@type":"BreadcrumbList","@id":"http:\/\/wild-palms.com\/es\/asef-burckahrdt-mother-burn\/#breadcrumb","itemListElement":[{"@type":"ListItem","position":1,"name":"Home","item":"https:\/\/wild-palms.com\/es\/"},{"@type":"ListItem","position":2,"name":"Asef\/Burckahrdt: MOTHER-BURN"}]},{"@type":"WebSite","@id":"https:\/\/wild-palms.com\/es\/#website","url":"https:\/\/wild-palms.com\/es\/","name":"wildpalms ES","description":"","publisher":{"@id":"https:\/\/wild-palms.com\/es\/#organization"},"potentialAction":[{"@type":"SearchAction","target":{"@type":"EntryPoint","urlTemplate":"https:\/\/wild-palms.com\/es\/?s={search_term_string}"},"query-input":{"@type":"PropertyValueSpecification","valueRequired":true,"valueName":"search_term_string"}}],"inLanguage":"es"},{"@type":"Organization","@id":"https:\/\/wild-palms.com\/es\/#organization","name":"wildpalms ES","url":"https:\/\/wild-palms.com\/es\/","logo":{"@type":"ImageObject","inLanguage":"es","@id":"https:\/\/wild-palms.com\/es\/#\/schema\/logo\/image\/","url":"https:\/\/wild-palms.com\/es\/wp-content\/uploads\/sites\/3\/2023\/03\/cropped-wildpalms_logo_ths.png","contentUrl":"https:\/\/wild-palms.com\/es\/wp-content\/uploads\/sites\/3\/2023\/03\/cropped-wildpalms_logo_ths.png","width":1200,"height":197,"caption":"wildpalms ES"},"image":{"@id":"https:\/\/wild-palms.com\/es\/#\/schema\/logo\/image\/"}}]}},"_links":{"self":[{"href":"https:\/\/wild-palms.com\/es\/wp-json\/wp\/v2\/pages\/10100","targetHints":{"allow":["GET"]}}],"collection":[{"href":"https:\/\/wild-palms.com\/es\/wp-json\/wp\/v2\/pages"}],"about":[{"href":"https:\/\/wild-palms.com\/es\/wp-json\/wp\/v2\/types\/page"}],"author":[{"embeddable":true,"href":"https:\/\/wild-palms.com\/es\/wp-json\/wp\/v2\/users\/1"}],"replies":[{"embeddable":true,"href":"https:\/\/wild-palms.com\/es\/wp-json\/wp\/v2\/comments?post=10100"}],"version-history":[{"count":2,"href":"https:\/\/wild-palms.com\/es\/wp-json\/wp\/v2\/pages\/10100\/revisions"}],"predecessor-version":[{"id":10138,"href":"https:\/\/wild-palms.com\/es\/wp-json\/wp\/v2\/pages\/10100\/revisions\/10138"}],"wp:attachment":[{"href":"https:\/\/wild-palms.com\/es\/wp-json\/wp\/v2\/media?parent=10100"}],"curies":[{"name":"wp","href":"https:\/\/api.w.org\/{rel}","templated":true}]}}