{"id":10089,"date":"2025-12-02T18:56:04","date_gmt":"2025-12-02T17:56:04","guid":{"rendered":"https:\/\/wild-palms.com\/?page_id=10089"},"modified":"2026-01-24T22:02:00","modified_gmt":"2026-01-24T21:02:00","slug":"practices-of-moving","status":"publish","type":"page","link":"https:\/\/wild-palms.com\/es\/practices-of-moving\/","title":{"rendered":"Practices of Moving."},"content":{"rendered":"\n<h2 class=\"wp-block-heading has-small-font-size\">Comisariada por Alexandra Meffert y Jorge Sanguino:<\/h2>\n\n\n\n<p>Exposici\u00f3n colectiva en Chemnitz tras una invitaci\u00f3n de <a href=\"https:\/\/www.klub-solitaer.de\/en\/event\/urbane-wirtlichkeit-practices-of-moving\/\">Klub Solitaer<\/a><br><\/p>\n\n\n\n<p class=\"has-text-align-right\">Charles Cohen,<a href=\"https:\/\/wild-palms.com\/es\/beatriz-eugenia-diaz\/\">Beatriz Eugenia Diaz<\/a>, Mauricio Lim\u00f3n de Le\u00f3n, Angelika Kammann, Christian Seybold.<br> <strong>Inauguraci\u00f3n Dic. 5. 7 pm.<\/strong><\/p>\n\n\n\n<hr class=\"wp-block-separator has-alpha-channel-opacity\"\/>\n\n\n\n<figure class=\"wp-block-image alignwide size-full mb-0 mt-0\"><a href=\"http:\/\/wild-palms.com\/es\/wp-content\/uploads\/sites\/3\/2025\/12\/Kittens_Puppies_upres_USM_19in.webp\" data-rel=\"lightbox-image-0\" data-rl_title=\"\" data-rl_caption=\"\" title=\"\"><img loading=\"lazy\" decoding=\"async\" width=\"1600\" height=\"503\" src=\"http:\/\/wild-palms.com\/es\/wp-content\/uploads\/sites\/3\/2025\/12\/Kittens_Puppies_upres_USM_19in.webp\" alt=\"Charles Cohen. Window with Puppies and small cats\" class=\"wp-image-10090\" srcset=\"https:\/\/wild-palms.com\/es\/wp-content\/uploads\/sites\/3\/2025\/12\/Kittens_Puppies_upres_USM_19in.webp 1600w, https:\/\/wild-palms.com\/es\/wp-content\/uploads\/sites\/3\/2025\/12\/Kittens_Puppies_upres_USM_19in-300x94.webp 300w, https:\/\/wild-palms.com\/es\/wp-content\/uploads\/sites\/3\/2025\/12\/Kittens_Puppies_upres_USM_19in-1024x322.webp 1024w, https:\/\/wild-palms.com\/es\/wp-content\/uploads\/sites\/3\/2025\/12\/Kittens_Puppies_upres_USM_19in-768x241.webp 768w, https:\/\/wild-palms.com\/es\/wp-content\/uploads\/sites\/3\/2025\/12\/Kittens_Puppies_upres_USM_19in-1536x483.webp 1536w\" sizes=\"auto, (max-width: 1600px) 100vw, 1600px\" \/><\/a><figcaption class=\"wp-element-caption\">Charles Cohen. Kittens &amp; Puppies. 2019.<\/figcaption><\/figure>\n\n\n\n<div style=\"height:38px\" aria-hidden=\"true\" class=\"wp-block-spacer\"><\/div>\n\n\n\n<p style=\"font-size:14px\">Uno de los temas m\u00e1s recurrentes en la literatura del siglo XIX es el traslado a centros urbanos como Par\u00eds, Londres y San Petersburgo. Personajes llenos de ambici\u00f3n y curiosidad se adentran en un panorama dif\u00edcil de relaciones sociales intrincadas e indescifrables, plagadas de hipocres\u00eda, superficialidad y corrupci\u00f3n. A trav\u00e9s de esta lente, autores como Flaubert, Balzac, Dickens y Dostoievski diseccionaron la sociedad burguesa de su \u00e9poca. Como observ\u00f3 Stendhal en Rojo y negro (1830): \u00abEstoy aqu\u00ed por mi nombre, pero el pensamiento es odiado en tus salones\u00bb. Esta mordaz observaci\u00f3n captura la vanidad del entorno parisino, una sociedad gobernada por las apariencias y la ambici\u00f3n.<\/p>\n\n\n\n<p style=\"font-size:14px\">La inversi\u00f3n de este t\u00f3pico \u2014el retiro de la ciudad a la provincia o a un pueblo peque\u00f1o\u2014 se\u00f1ala un exilio moral en busca de autenticidad y simplicidad. El patr\u00f3n persiste hoy en d\u00eda de forma m\u00e1s suave: los recientes desplazamientos de los grandes centros a regiones menos densamente pobladas (por ejemplo, de Berl\u00edn a Brandeburgo) sugieren la continua relevancia de la narrativa. Sin embargo, lo que destaca ahora es que la \u00abmudanza\u00bb se planifica a menudo desde la perspectiva del beneficio individual, en lugar de en t\u00e9rminos de relaciones con las nuevas comunidades y colectivos que ya habitan estos lugares.<\/p>\n\n\n\n<p style=\"font-size:14px\">Teniendo esto en cuenta, nuestra propuesta D\u00fcsseldorf-Chemnitz investiga los significados contempor\u00e1neos de \u00abmudarse\u00bb: trasladarse de densas capitales culturales y financieras \u2014espejos de muchas representaciones\u2014 a otras ciudades, y preguntarse c\u00f3mo se pueden reimaginar esos traslados no como optimizaciones privadas, sino como pr\u00e1cticas de relaci\u00f3n, reciprocidad y vida compartida.<br><br><\/p>\n\n\n\n<p>Klub Solitaer e.V.<br>Augustusburger Str. 102<br>09126 Chemnitz<\/p>\n\n\n\n<p><\/p>\n","protected":false},"excerpt":{"rendered":"<p>Comisariada por Alexandra Meffert y Jorge Sanguino: Exposici\u00f3n colectiva en Chemnitz tras una invitaci\u00f3n de Klub Solitaer Charles Cohen,Beatriz Eugenia Diaz, Mauricio Lim\u00f3n de Le\u00f3n, Angelika Kammann, Christian Seybold. Inauguraci\u00f3n Dic. 5. 7 pm. Uno de los temas m\u00e1s recurrentes en la literatura del siglo XIX es el traslado a centros urbanos como Par\u00eds, Londres [&hellip;]<\/p>\n","protected":false},"author":1,"featured_media":0,"parent":0,"menu_order":0,"comment_status":"closed","ping_status":"closed","template":"","meta":{"_coblocks_attr":"","_coblocks_dimensions":"","_coblocks_responsive_height":"","_coblocks_accordion_ie_support":"","hide_page_title":"","footnotes":""},"class_list":["post-10089","page","type-page","status-publish","hentry"],"yoast_head":"<!-- This site is optimized with the Yoast SEO plugin v27.0 - https:\/\/yoast.com\/product\/yoast-seo-wordpress\/ -->\n<title>Practices of Moving. - wildpalms ES<\/title>\n<meta name=\"description\" content=\"Practices of Moving. Curated by Alexandra Meffert &amp; Jorge Sanguino in Chemnitz, following an invitation by Klub Solitaer\" \/>\n<meta name=\"robots\" content=\"index, follow, max-snippet:-1, max-image-preview:large, max-video-preview:-1\" \/>\n<link rel=\"canonical\" href=\"https:\/\/wild-palms.com\/es\/practices-of-moving\/\" \/>\n<meta property=\"og:locale\" content=\"es_ES\" \/>\n<meta property=\"og:type\" content=\"article\" \/>\n<meta property=\"og:title\" content=\"Practices of Moving. - wildpalms ES\" \/>\n<meta property=\"og:description\" content=\"Practices of Moving. Curated by Alexandra Meffert &amp; Jorge Sanguino in Chemnitz, following an invitation by Klub Solitaer\" \/>\n<meta property=\"og:url\" content=\"https:\/\/wild-palms.com\/es\/practices-of-moving\/\" \/>\n<meta property=\"og:site_name\" content=\"wildpalms ES\" \/>\n<meta property=\"article:modified_time\" content=\"2026-01-24T21:02:00+00:00\" \/>\n<meta property=\"og:image\" content=\"http:\/\/wild-palms.com\/es\/wp-content\/uploads\/sites\/3\/2025\/12\/Kittens_Puppies_upres_USM_19in.webp\" \/>\n<meta name=\"twitter:card\" content=\"summary_large_image\" \/>\n<meta name=\"twitter:label1\" content=\"Est. reading time\" \/>\n\t<meta name=\"twitter:data1\" content=\"2 minutes\" \/>\n<script type=\"application\/ld+json\" class=\"yoast-schema-graph\">{\"@context\":\"https:\/\/schema.org\",\"@graph\":[{\"@type\":\"WebPage\",\"@id\":\"https:\/\/wild-palms.com\/es\/practices-of-moving\/\",\"url\":\"https:\/\/wild-palms.com\/es\/practices-of-moving\/\",\"name\":\"Practices of Moving. - wildpalms ES\",\"isPartOf\":{\"@id\":\"https:\/\/wild-palms.com\/es\/#website\"},\"primaryImageOfPage\":{\"@id\":\"https:\/\/wild-palms.com\/es\/practices-of-moving\/#primaryimage\"},\"image\":{\"@id\":\"https:\/\/wild-palms.com\/es\/practices-of-moving\/#primaryimage\"},\"thumbnailUrl\":\"http:\/\/wild-palms.com\/es\/wp-content\/uploads\/sites\/3\/2025\/12\/Kittens_Puppies_upres_USM_19in.webp\",\"datePublished\":\"2025-12-02T17:56:04+00:00\",\"dateModified\":\"2026-01-24T21:02:00+00:00\",\"description\":\"Practices of Moving. Curated by Alexandra Meffert & Jorge Sanguino in Chemnitz, following an invitation by Klub Solitaer\",\"breadcrumb\":{\"@id\":\"https:\/\/wild-palms.com\/es\/practices-of-moving\/#breadcrumb\"},\"inLanguage\":\"es\",\"potentialAction\":[{\"@type\":\"ReadAction\",\"target\":[\"https:\/\/wild-palms.com\/es\/practices-of-moving\/\"]}]},{\"@type\":\"ImageObject\",\"inLanguage\":\"es\",\"@id\":\"https:\/\/wild-palms.com\/es\/practices-of-moving\/#primaryimage\",\"url\":\"http:\/\/wild-palms.com\/es\/wp-content\/uploads\/sites\/3\/2025\/12\/Kittens_Puppies_upres_USM_19in.webp\",\"contentUrl\":\"http:\/\/wild-palms.com\/es\/wp-content\/uploads\/sites\/3\/2025\/12\/Kittens_Puppies_upres_USM_19in.webp\"},{\"@type\":\"BreadcrumbList\",\"@id\":\"https:\/\/wild-palms.com\/es\/practices-of-moving\/#breadcrumb\",\"itemListElement\":[{\"@type\":\"ListItem\",\"position\":1,\"name\":\"Home\",\"item\":\"https:\/\/wild-palms.com\/es\/\"},{\"@type\":\"ListItem\",\"position\":2,\"name\":\"Practices of Moving.\"}]},{\"@type\":\"WebSite\",\"@id\":\"https:\/\/wild-palms.com\/es\/#website\",\"url\":\"https:\/\/wild-palms.com\/es\/\",\"name\":\"wildpalms ES\",\"description\":\"\",\"publisher\":{\"@id\":\"https:\/\/wild-palms.com\/es\/#organization\"},\"potentialAction\":[{\"@type\":\"SearchAction\",\"target\":{\"@type\":\"EntryPoint\",\"urlTemplate\":\"https:\/\/wild-palms.com\/es\/?s={search_term_string}\"},\"query-input\":{\"@type\":\"PropertyValueSpecification\",\"valueRequired\":true,\"valueName\":\"search_term_string\"}}],\"inLanguage\":\"es\"},{\"@type\":\"Organization\",\"@id\":\"https:\/\/wild-palms.com\/es\/#organization\",\"name\":\"wildpalms ES\",\"url\":\"https:\/\/wild-palms.com\/es\/\",\"logo\":{\"@type\":\"ImageObject\",\"inLanguage\":\"es\",\"@id\":\"https:\/\/wild-palms.com\/es\/#\/schema\/logo\/image\/\",\"url\":\"https:\/\/wild-palms.com\/es\/wp-content\/uploads\/sites\/3\/2023\/03\/cropped-wildpalms_logo_ths.png\",\"contentUrl\":\"https:\/\/wild-palms.com\/es\/wp-content\/uploads\/sites\/3\/2023\/03\/cropped-wildpalms_logo_ths.png\",\"width\":1200,\"height\":197,\"caption\":\"wildpalms ES\"},\"image\":{\"@id\":\"https:\/\/wild-palms.com\/es\/#\/schema\/logo\/image\/\"}}]}<\/script>\n<!-- \/ Yoast SEO plugin. -->","yoast_head_json":{"title":"Practices of Moving. - wildpalms ES","description":"Practices of Moving. Curated by Alexandra Meffert & Jorge Sanguino in Chemnitz, following an invitation by Klub Solitaer","robots":{"index":"index","follow":"follow","max-snippet":"max-snippet:-1","max-image-preview":"max-image-preview:large","max-video-preview":"max-video-preview:-1"},"canonical":"https:\/\/wild-palms.com\/es\/practices-of-moving\/","og_locale":"es_ES","og_type":"article","og_title":"Practices of Moving. - wildpalms ES","og_description":"Practices of Moving. Curated by Alexandra Meffert & Jorge Sanguino in Chemnitz, following an invitation by Klub Solitaer","og_url":"https:\/\/wild-palms.com\/es\/practices-of-moving\/","og_site_name":"wildpalms ES","article_modified_time":"2026-01-24T21:02:00+00:00","og_image":[{"url":"http:\/\/wild-palms.com\/es\/wp-content\/uploads\/sites\/3\/2025\/12\/Kittens_Puppies_upres_USM_19in.webp","type":"","width":"","height":""}],"twitter_card":"summary_large_image","twitter_misc":{"Est. reading time":"2 minutes"},"schema":{"@context":"https:\/\/schema.org","@graph":[{"@type":"WebPage","@id":"https:\/\/wild-palms.com\/es\/practices-of-moving\/","url":"https:\/\/wild-palms.com\/es\/practices-of-moving\/","name":"Practices of Moving. - wildpalms ES","isPartOf":{"@id":"https:\/\/wild-palms.com\/es\/#website"},"primaryImageOfPage":{"@id":"https:\/\/wild-palms.com\/es\/practices-of-moving\/#primaryimage"},"image":{"@id":"https:\/\/wild-palms.com\/es\/practices-of-moving\/#primaryimage"},"thumbnailUrl":"http:\/\/wild-palms.com\/es\/wp-content\/uploads\/sites\/3\/2025\/12\/Kittens_Puppies_upres_USM_19in.webp","datePublished":"2025-12-02T17:56:04+00:00","dateModified":"2026-01-24T21:02:00+00:00","description":"Practices of Moving. Curated by Alexandra Meffert & Jorge Sanguino in Chemnitz, following an invitation by Klub Solitaer","breadcrumb":{"@id":"https:\/\/wild-palms.com\/es\/practices-of-moving\/#breadcrumb"},"inLanguage":"es","potentialAction":[{"@type":"ReadAction","target":["https:\/\/wild-palms.com\/es\/practices-of-moving\/"]}]},{"@type":"ImageObject","inLanguage":"es","@id":"https:\/\/wild-palms.com\/es\/practices-of-moving\/#primaryimage","url":"http:\/\/wild-palms.com\/es\/wp-content\/uploads\/sites\/3\/2025\/12\/Kittens_Puppies_upres_USM_19in.webp","contentUrl":"http:\/\/wild-palms.com\/es\/wp-content\/uploads\/sites\/3\/2025\/12\/Kittens_Puppies_upres_USM_19in.webp"},{"@type":"BreadcrumbList","@id":"https:\/\/wild-palms.com\/es\/practices-of-moving\/#breadcrumb","itemListElement":[{"@type":"ListItem","position":1,"name":"Home","item":"https:\/\/wild-palms.com\/es\/"},{"@type":"ListItem","position":2,"name":"Practices of Moving."}]},{"@type":"WebSite","@id":"https:\/\/wild-palms.com\/es\/#website","url":"https:\/\/wild-palms.com\/es\/","name":"wildpalms ES","description":"","publisher":{"@id":"https:\/\/wild-palms.com\/es\/#organization"},"potentialAction":[{"@type":"SearchAction","target":{"@type":"EntryPoint","urlTemplate":"https:\/\/wild-palms.com\/es\/?s={search_term_string}"},"query-input":{"@type":"PropertyValueSpecification","valueRequired":true,"valueName":"search_term_string"}}],"inLanguage":"es"},{"@type":"Organization","@id":"https:\/\/wild-palms.com\/es\/#organization","name":"wildpalms ES","url":"https:\/\/wild-palms.com\/es\/","logo":{"@type":"ImageObject","inLanguage":"es","@id":"https:\/\/wild-palms.com\/es\/#\/schema\/logo\/image\/","url":"https:\/\/wild-palms.com\/es\/wp-content\/uploads\/sites\/3\/2023\/03\/cropped-wildpalms_logo_ths.png","contentUrl":"https:\/\/wild-palms.com\/es\/wp-content\/uploads\/sites\/3\/2023\/03\/cropped-wildpalms_logo_ths.png","width":1200,"height":197,"caption":"wildpalms ES"},"image":{"@id":"https:\/\/wild-palms.com\/es\/#\/schema\/logo\/image\/"}}]}},"_links":{"self":[{"href":"https:\/\/wild-palms.com\/es\/wp-json\/wp\/v2\/pages\/10089","targetHints":{"allow":["GET"]}}],"collection":[{"href":"https:\/\/wild-palms.com\/es\/wp-json\/wp\/v2\/pages"}],"about":[{"href":"https:\/\/wild-palms.com\/es\/wp-json\/wp\/v2\/types\/page"}],"author":[{"embeddable":true,"href":"https:\/\/wild-palms.com\/es\/wp-json\/wp\/v2\/users\/1"}],"replies":[{"embeddable":true,"href":"https:\/\/wild-palms.com\/es\/wp-json\/wp\/v2\/comments?post=10089"}],"version-history":[{"count":1,"href":"https:\/\/wild-palms.com\/es\/wp-json\/wp\/v2\/pages\/10089\/revisions"}],"predecessor-version":[{"id":10127,"href":"https:\/\/wild-palms.com\/es\/wp-json\/wp\/v2\/pages\/10089\/revisions\/10127"}],"wp:attachment":[{"href":"https:\/\/wild-palms.com\/es\/wp-json\/wp\/v2\/media?parent=10089"}],"curies":[{"name":"wp","href":"https:\/\/api.w.org\/{rel}","templated":true}]}}